{"id":4875,"date":"2025-09-27T15:36:19","date_gmt":"2025-09-27T14:36:19","guid":{"rendered":"https:\/\/medicaltravel.at\/bodrum-dis-klinigi-dis-hekimi-dis-klinigi-dis-tedavisi\/"},"modified":"2026-01-02T16:37:40","modified_gmt":"2026-01-02T15:37:40","slug":"bodrum-dis-klinigi-dis-hekimi-dis-klinigi-dis-tedavisi","status":"publish","type":"page","link":"https:\/\/medicaltravel.at\/tr\/dis-seyahati\/dis-klinikleri\/bodrum-dis-klinigi-dis-hekimi-dis-klinigi-dis-tedavisi\/","title":{"rendered":"Bodrum Di\u015f Klini\u011fi, Di\u015f Hekimi, Di\u015f Klini\u011fi, Di\u015f Tedavisi."},"content":{"rendered":"\t\t<div data-elementor-type=\"wp-page\" data-elementor-id=\"4875\" class=\"elementor elementor-4875 elementor-899\" data-elementor-post-type=\"page\">\n\t\t\t\t<div class=\"elementor-element elementor-element-5cd73e97 e-flex e-con-boxed wpr-particle-no wpr-jarallax-no wpr-parallax-no wpr-sticky-section-no e-con e-parent\" data-id=\"5cd73e97\" data-element_type=\"container\" data-e-type=\"container\">\n\t\t\t\t\t<div class=\"e-con-inner\">\n\t\t<div class=\"elementor-element elementor-element-50e74af e-con-full e-flex wpr-particle-no wpr-jarallax-no wpr-parallax-no wpr-sticky-section-no e-con e-child\" data-id=\"50e74af\" data-element_type=\"container\" data-e-type=\"container\">\n\t\t\t\t<div class=\"elementor-element elementor-element-47aaede elementor-widget elementor-widget-button\" data-id=\"47aaede\" data-element_type=\"widget\" data-e-type=\"widget\" data-widget_type=\"button.default\">\n\t\t\t\t\t\t\t\t\t\t<a class=\"elementor-button elementor-button-link elementor-size-sm\" href=\"https:\/\/medicaltravel.at\/zahnimplantate\/zahnkliniken\/hospitadent-zahnklinik\/\">\n\t\t\t\t\t\t<span class=\"elementor-button-content-wrapper\">\n\t\t\t\t\t\t\t\t\t<span class=\"elementor-button-text\">\u0130stanbul<\/span>\n\t\t\t\t\t<\/span>\n\t\t\t\t\t<\/a>\n\t\t\t\t\t\t\t\t<\/div>\n\t\t\t\t<div class=\"elementor-element elementor-element-a4d83b6 elementor-widget elementor-widget-button\" data-id=\"a4d83b6\" data-element_type=\"widget\" data-e-type=\"widget\" data-widget_type=\"button.default\">\n\t\t\t\t\t\t\t\t\t\t<a class=\"elementor-button elementor-button-link elementor-size-sm\" href=\"https:\/\/medicaltravel.at\/zahnimplantate\/zahnkliniken\/zahnklinik-in-antalya\/\">\n\t\t\t\t\t\t<span class=\"elementor-button-content-wrapper\">\n\t\t\t\t\t\t\t\t\t<span class=\"elementor-button-text\">Antalya<\/span>\n\t\t\t\t\t<\/span>\n\t\t\t\t\t<\/a>\n\t\t\t\t\t\t\t\t<\/div>\n\t\t\t\t<div class=\"elementor-element elementor-element-eb48fa1 elementor-widget elementor-widget-button\" data-id=\"eb48fa1\" data-element_type=\"widget\" data-e-type=\"widget\" data-widget_type=\"button.default\">\n\t\t\t\t\t\t\t\t\t\t<a class=\"elementor-button elementor-button-link elementor-size-sm\" href=\"https:\/\/medicaltravel.at\/zahnimplantate\/zahnkliniken\/zahnklinik-in-kusadasi\/\">\n\t\t\t\t\t\t<span class=\"elementor-button-content-wrapper\">\n\t\t\t\t\t\t\t\t\t<span class=\"elementor-button-text\">Ku\u015fadas\u0131<\/span>\n\t\t\t\t\t<\/span>\n\t\t\t\t\t<\/a>\n\t\t\t\t\t\t\t\t<\/div>\n\t\t\t\t<div class=\"elementor-element elementor-element-72bf527 elementor-widget elementor-widget-button\" data-id=\"72bf527\" data-element_type=\"widget\" data-e-type=\"widget\" data-widget_type=\"button.default\">\n\t\t\t\t\t\t\t\t\t\t<a class=\"elementor-button elementor-button-link elementor-size-sm\" href=\"https:\/\/medicaltravel.at\/zahnimplantate\/zahnkliniken\/zahnarzt-in-izmir\/\">\n\t\t\t\t\t\t<span class=\"elementor-button-content-wrapper\">\n\t\t\t\t\t\t\t\t\t<span class=\"elementor-button-text\">\u0130zmir<\/span>\n\t\t\t\t\t<\/span>\n\t\t\t\t\t<\/a>\n\t\t\t\t\t\t\t\t<\/div>\n\t\t\t\t<div class=\"elementor-element elementor-element-aa8b446 elementor-widget elementor-widget-button\" data-id=\"aa8b446\" data-element_type=\"widget\" data-e-type=\"widget\" data-widget_type=\"button.default\">\n\t\t\t\t\t\t\t\t\t\t<a class=\"elementor-button elementor-button-link elementor-size-sm\" href=\"https:\/\/medicaltravel.at\/zahnimplantate\/zahnkliniken\/zahnarzt-in-manavgat-side\/\">\n\t\t\t\t\t\t<span class=\"elementor-button-content-wrapper\">\n\t\t\t\t\t\t\t\t\t<span class=\"elementor-button-text\">Manavgat<\/span>\n\t\t\t\t\t<\/span>\n\t\t\t\t\t<\/a>\n\t\t\t\t\t\t\t\t<\/div>\n\t\t\t\t<div class=\"elementor-element elementor-element-056d8db elementor-widget elementor-widget-button\" data-id=\"056d8db\" data-element_type=\"widget\" data-e-type=\"widget\" data-widget_type=\"button.default\">\n\t\t\t\t\t\t\t\t\t\t<a class=\"elementor-button elementor-button-link elementor-size-sm\" href=\"https:\/\/medicaltravel.at\/zahnimplantate\/zahnkliniken\/zahnkliniken-kayseri-kappadokien\/\">\n\t\t\t\t\t\t<span class=\"elementor-button-content-wrapper\">\n\t\t\t\t\t\t\t\t\t<span class=\"elementor-button-text\">Kayseri<\/span>\n\t\t\t\t\t<\/span>\n\t\t\t\t\t<\/a>\n\t\t\t\t\t\t\t\t<\/div>\n\t\t\t\t<div class=\"elementor-element elementor-element-163b337 elementor-widget elementor-widget-button\" data-id=\"163b337\" data-element_type=\"widget\" data-e-type=\"widget\" data-widget_type=\"button.default\">\n\t\t\t\t\t\t\t\t\t\t<a class=\"elementor-button elementor-button-link elementor-size-sm\" href=\"https:\/\/medicaltravel.at\/tr\/dis-seyahati\/dis-klinikleri\/dentalklinik-alanya-dis-hekimi-dis-klinigi-dis-tedavisi\/\">\n\t\t\t\t\t\t<span class=\"elementor-button-content-wrapper\">\n\t\t\t\t\t\t\t\t\t<span class=\"elementor-button-text\">Alanya<\/span>\n\t\t\t\t\t<\/span>\n\t\t\t\t\t<\/a>\n\t\t\t\t\t\t\t\t<\/div>\n\t\t\t\t<div class=\"elementor-element elementor-element-098d523 elementor-widget elementor-widget-button\" data-id=\"098d523\" data-element_type=\"widget\" data-e-type=\"widget\" data-widget_type=\"button.default\">\n\t\t\t\t\t\t\t\t\t\t<a class=\"elementor-button elementor-button-link elementor-size-sm\" href=\"https:\/\/medicaltravel.at\/tr\/dis-seyahati\/dis-klinikleri\/bodrum-dis-klinigi-dis-hekimi-dis-klinigi-dis-tedavisi\/\">\n\t\t\t\t\t\t<span class=\"elementor-button-content-wrapper\">\n\t\t\t\t\t\t\t\t\t<span class=\"elementor-button-text\">Bodrum<\/span>\n\t\t\t\t\t<\/span>\n\t\t\t\t\t<\/a>\n\t\t\t\t\t\t\t\t<\/div>\n\t\t\t\t<\/div>\n\t\t\t\t<div class=\"elementor-element elementor-element-757cd74b elementor-widget elementor-widget-text-editor\" data-id=\"757cd74b\" data-element_type=\"widget\" data-e-type=\"widget\" data-widget_type=\"text-editor.default\">\n\t\t\t\t\t\t\t\t\t\n<h2 class=\"wp-block-heading\"><strong>Bodrum\u2019daki Di\u015f Klini\u011fi<\/strong><\/h2>\n\n<p><strong>Bodrum\u2019daki Hospitadent Di\u015f Klini\u011fi<\/strong>, en yeni cihazlar ve teknolojiye sahiptir. Klini\u011fin geni\u015f hizmet yelpazesi, hastalara \u00e7e\u015fitli tedavi se\u00e7enekleri sunmay\u0131 m\u00fcmk\u00fcn k\u0131lar. A\u011f\u0131z cerrahisi, <strong>implantlar, di\u015f kronlar\u0131<\/strong> ve g\u00fcl\u00fc\u015f tasar\u0131m\u0131 (Hollywood G\u00fcl\u00fc\u015f\u00fc) konular\u0131nda deneyimi olan klinik, y\u00fcksek standartlarda ve kaliteli hizmet sunmak i\u00e7in hizmetinizdedir. <strong>Bodrum\u2019daki di\u015f klini\u011fi<\/strong>, di\u015f tedavilerini uygun fiyatlarla sunmaktad\u0131r.   <\/p>\n\n<figure class=\"wp-block-image size-full\"><img fetchpriority=\"high\" decoding=\"async\" width=\"768\" height=\"432\" class=\"wp-image-1602\" src=\"https:\/\/medicaltravel.at\/wp-content\/uploads\/2025\/09\/Bodrum1_klein-768x432-1.jpg\" alt=\"\" srcset=\"https:\/\/medicaltravel.at\/wp-content\/uploads\/2025\/09\/Bodrum1_klein-768x432-1.jpg 768w, https:\/\/medicaltravel.at\/wp-content\/uploads\/2025\/09\/Bodrum1_klein-768x432-1-300x169.jpg 300w\" sizes=\"(max-width: 768px) 100vw, 768px\" \/><\/figure>\n\n<p id=\"caption-attachment-8026\">Bodrum\u2019daki di\u015f klini\u011fi<\/p>\n\n<figure class=\"wp-block-image size-large\"><img decoding=\"async\" width=\"1024\" height=\"538\" class=\"wp-image-1603\" src=\"https:\/\/medicaltravel.at\/wp-content\/uploads\/2025\/09\/bodrum-1024x538.jpg\" alt=\"\" srcset=\"https:\/\/medicaltravel.at\/wp-content\/uploads\/2025\/09\/bodrum-1024x538.jpg 1024w, https:\/\/medicaltravel.at\/wp-content\/uploads\/2025\/09\/bodrum-300x158.jpg 300w, https:\/\/medicaltravel.at\/wp-content\/uploads\/2025\/09\/bodrum-768x403.jpg 768w, https:\/\/medicaltravel.at\/wp-content\/uploads\/2025\/09\/bodrum.jpg 1200w\" sizes=\"(max-width: 1024px) 100vw, 1024px\" \/><\/figure>\n\n<p id=\"caption-attachment-8025\">Bodrum\u2019da Di\u015f Tedavisi<\/p>\n\n<p>Klinik, Bodrum \u015fehir merkezinde, \u00e7e\u015fitli otellere ve limana \u00e7ok yak\u0131n konumda bulunmaktad\u0131r.<\/p>\n\n<p>Hospitadent, hastalar\u0131 i\u00e7in \u00f6zel olarak uluslararas\u0131 hasta b\u00f6l\u00fcm\u00fc olu\u015fturmu\u015ftur. Bu yeni b\u00f6l\u00fcm sayesinde t\u00fcm hastalar, dil sorunu veya ba\u015fka zorluklar ya\u015famadan istedikleri di\u015f tedavilerini alabilir. Ayr\u0131ca bu hizmeti, dil deste\u011fi de dahil olmak \u00fczere, di\u011fer Avrupa \u00fclkelerine k\u0131yasla daha uygun fiyatlarla alabilirler.   <\/p>\n\n<p>Uluslararas\u0131 Hasta B\u00f6l\u00fcm\u00fc, hastalar i\u00e7in \u00f6zel bir veri a\u011f\u0131 sistemi olu\u015fturmu\u015ftur. Bu sistem sayesinde hastalar, Hospitadent\u2019e gelmeden \u00f6nce olas\u0131 muayeneler, tedaviler, tedavi s\u00fcresi ve di\u011fer bir\u00e7ok konu hakk\u0131nda bilgi alabilirler. <\/p>\n\n<figure class=\"wp-block-image size-full\"><img decoding=\"async\" width=\"768\" height=\"432\" class=\"wp-image-1604\" src=\"https:\/\/medicaltravel.at\/wp-content\/uploads\/2025\/09\/Bodrum3_klein-768x432-1.jpg\" alt=\"\" srcset=\"https:\/\/medicaltravel.at\/wp-content\/uploads\/2025\/09\/Bodrum3_klein-768x432-1.jpg 768w, https:\/\/medicaltravel.at\/wp-content\/uploads\/2025\/09\/Bodrum3_klein-768x432-1-300x169.jpg 300w\" sizes=\"(max-width: 768px) 100vw, 768px\" \/><\/figure>\n\n<p id=\"caption-attachment-8028\">Bodrum Dentalklini\u011fi Hospitadent<\/p>\n\n<p><strong>HEMEN \u00dcCRETS\u0130Z DANI\u015eMANLIK ALIN!<\/strong><br>Klinik, her t\u00fcrl\u00fc di\u015f tedavisini en y\u00fcksek kalitede ve uygun fiyatlarla sunmaktad\u0131r.<br><a href=\"https:\/\/medicaltravel.at\/kontakt\/\" data-type=\"page\" data-id=\"976\">Daha fazla bilgi i\u00e7in l\u00fctfen \u015fimdi bizimle buradan<\/a> veya <a href=\"https:\/\/wa.me\/41787373541\" target=\"_blank\" rel=\"noreferrer noopener\">WhatsApp \u00fczerinden ileti\u015fime ge\u00e7in.<\/a><\/p>\n\n<p><img loading=\"lazy\" decoding=\"async\" src=\"https:\/\/www.medicaltravel.at\/wp-content\/uploads\/sites\/20\/2023\/07\/zahn_cover_foto-300x297.jpg\" srcset=\"https:\/\/www.medicaltravel.at\/wp-content\/uploads\/sites\/20\/2023\/07\/zahn_cover_foto-300x297.jpg 300w, https:\/\/www.medicaltravel.at\/wp-content\/uploads\/sites\/20\/2023\/07\/zahn_cover_foto-1024x1013.jpg 1024w, https:\/\/www.medicaltravel.at\/wp-content\/uploads\/sites\/20\/2023\/07\/zahn_cover_foto-150x150.jpg 150w, https:\/\/www.medicaltravel.at\/wp-content\/uploads\/sites\/20\/2023\/07\/zahn_cover_foto-768x760.jpg 768w, https:\/\/www.medicaltravel.at\/wp-content\/uploads\/sites\/20\/2023\/07\/zahn_cover_foto-120x120.jpg 120w, https:\/\/www.medicaltravel.at\/wp-content\/uploads\/sites\/20\/2023\/07\/zahn_cover_foto-1536x1519.jpg 1536w, https:\/\/www.medicaltravel.at\/wp-content\/uploads\/sites\/20\/2023\/07\/zahn_cover_foto.jpg 1934w\" alt=\"Bodrum sizi g\u00fcl\u00fcmsetir\" width=\"300\" height=\"297\"><\/p>\n\n<p id=\"caption-attachment-7996\">Bodrum sizi g\u00fcl\u00fcmsetir<\/p>\n\t\t\t\t\t\t\t\t<\/div>\n\t\t\t\t\t<\/div>\n\t\t\t\t<\/div>\n\t\t\t\t<\/div>\n\t\t","protected":false},"excerpt":{"rendered":"<p>\u0130stanbul Antalya Ku\u015fadas\u0131 \u0130zmir Manavgat Kayseri Alanya Bodrum Bodrum\u2019daki Di\u015f Klini\u011fi Bodrum\u2019daki Hospitadent Di\u015f Klini\u011fi, en yeni cihazlar ve teknolojiye sahiptir. Klini\u011fin geni\u015f hizmet yelpazesi, hastalara \u00e7e\u015fitli tedavi se\u00e7enekleri sunmay\u0131 m\u00fcmk\u00fcn k\u0131lar. A\u011f\u0131z cerrahisi, implantlar, di\u015f kronlar\u0131 ve g\u00fcl\u00fc\u015f tasar\u0131m\u0131 (Hollywood G\u00fcl\u00fc\u015f\u00fc) konular\u0131nda deneyimi olan klinik, y\u00fcksek standartlarda ve kaliteli hizmet sunmak i\u00e7in hizmetinizdedir. Bodrum\u2019daki di\u015f klini\u011fi, di\u015f tedavilerini uygun fiyatlarla sunmaktad\u0131r. Bodrum\u2019daki di\u015f klini\u011fi Bodrum\u2019da Di\u015f Tedavisi Klinik, Bodrum \u015fehir merkezinde, \u00e7e\u015fitli otellere ve limana \u00e7ok yak\u0131n konumda bulunmaktad\u0131r. Hospitadent, hastalar\u0131 i\u00e7in \u00f6zel olarak uluslararas\u0131 hasta b\u00f6l\u00fcm\u00fc olu\u015fturmu\u015ftur. Bu yeni b\u00f6l\u00fcm sayesinde t\u00fcm hastalar, dil sorunu veya ba\u015fka zorluklar ya\u015famadan istedikleri di\u015f tedavilerini alabilir. Ayr\u0131ca bu hizmeti, dil deste\u011fi de dahil olmak \u00fczere, di\u011fer Avrupa \u00fclkelerine k\u0131yasla daha uygun fiyatlarla alabilirler. Uluslararas\u0131 Hasta B\u00f6l\u00fcm\u00fc, hastalar i\u00e7in \u00f6zel bir veri a\u011f\u0131 sistemi olu\u015fturmu\u015ftur. Bu sistem sayesinde hastalar, Hospitadent\u2019e gelmeden \u00f6nce olas\u0131 muayeneler, tedaviler, tedavi s\u00fcresi ve di\u011fer bir\u00e7ok konu hakk\u0131nda bilgi alabilirler. Bodrum Dentalklini\u011fi Hospitadent HEMEN \u00dcCRETS\u0130Z DANI\u015eMANLIK ALIN!Klinik, her t\u00fcrl\u00fc di\u015f tedavisini en y\u00fcksek kalitede ve uygun fiyatlarla sunmaktad\u0131r.Daha fazla bilgi i\u00e7in l\u00fctfen \u015fimdi bizimle buradan veya WhatsApp \u00fczerinden ileti\u015fime ge\u00e7in. Bodrum sizi g\u00fcl\u00fcmsetir<\/p>\n","protected":false},"author":4,"featured_media":0,"parent":4883,"menu_order":0,"comment_status":"closed","ping_status":"closed","template":"","meta":{"_joinchat":[],"footnotes":""},"class_list":["post-4875","page","type-page","status-publish","hentry"],"acf":[],"_links":{"self":[{"href":"https:\/\/medicaltravel.at\/tr\/wp-json\/wp\/v2\/pages\/4875","targetHints":{"allow":["GET"]}}],"collection":[{"href":"https:\/\/medicaltravel.at\/tr\/wp-json\/wp\/v2\/pages"}],"about":[{"href":"https:\/\/medicaltravel.at\/tr\/wp-json\/wp\/v2\/types\/page"}],"author":[{"embeddable":true,"href":"https:\/\/medicaltravel.at\/tr\/wp-json\/wp\/v2\/users\/4"}],"replies":[{"embeddable":true,"href":"https:\/\/medicaltravel.at\/tr\/wp-json\/wp\/v2\/comments?post=4875"}],"version-history":[{"count":7,"href":"https:\/\/medicaltravel.at\/tr\/wp-json\/wp\/v2\/pages\/4875\/revisions"}],"predecessor-version":[{"id":4885,"href":"https:\/\/medicaltravel.at\/tr\/wp-json\/wp\/v2\/pages\/4875\/revisions\/4885"}],"up":[{"embeddable":true,"href":"https:\/\/medicaltravel.at\/tr\/wp-json\/wp\/v2\/pages\/4883"}],"wp:attachment":[{"href":"https:\/\/medicaltravel.at\/tr\/wp-json\/wp\/v2\/media?parent=4875"}],"curies":[{"name":"wp","href":"https:\/\/api.w.org\/{rel}","templated":true}]}}