{"id":4865,"date":"2025-09-27T15:35:05","date_gmt":"2025-09-27T14:35:05","guid":{"rendered":"https:\/\/medicaltravel.at\/dentalklinik-alanya-dis-hekimi-dis-klinigi-dis-tedavisi\/"},"modified":"2026-01-02T16:37:40","modified_gmt":"2026-01-02T15:37:40","slug":"dentalklinik-alanya-dis-hekimi-dis-klinigi-dis-tedavisi","status":"publish","type":"page","link":"https:\/\/medicaltravel.at\/tr\/dis-seyahati\/dis-klinikleri\/dentalklinik-alanya-dis-hekimi-dis-klinigi-dis-tedavisi\/","title":{"rendered":"Dentalklinik\u202fAlanya Di\u015f Hekimi Di\u015f Klini\u011fi Di\u015f Tedavisi"},"content":{"rendered":"\t\t<div data-elementor-type=\"wp-page\" data-elementor-id=\"4865\" class=\"elementor elementor-4865 elementor-897\" data-elementor-post-type=\"page\">\n\t\t\t\t<div class=\"elementor-element elementor-element-49d36082 e-flex e-con-boxed wpr-particle-no wpr-jarallax-no wpr-parallax-no wpr-sticky-section-no e-con e-parent\" data-id=\"49d36082\" data-element_type=\"container\" data-e-type=\"container\">\n\t\t\t\t\t<div class=\"e-con-inner\">\n\t\t<div class=\"elementor-element elementor-element-9c7b554 e-con-full e-flex wpr-particle-no wpr-jarallax-no wpr-parallax-no wpr-sticky-section-no e-con e-child\" data-id=\"9c7b554\" data-element_type=\"container\" data-e-type=\"container\">\n\t\t\t\t<div class=\"elementor-element elementor-element-a0998a2 elementor-widget elementor-widget-button\" data-id=\"a0998a2\" data-element_type=\"widget\" data-e-type=\"widget\" data-widget_type=\"button.default\">\n\t\t\t\t\t\t\t\t\t\t<a class=\"elementor-button elementor-button-link elementor-size-sm\" href=\"https:\/\/medicaltravel.at\/zahnimplantate\/zahnkliniken\/hospitadent-zahnklinik\/\">\n\t\t\t\t\t\t<span class=\"elementor-button-content-wrapper\">\n\t\t\t\t\t\t\t\t\t<span class=\"elementor-button-text\">istanbul<\/span>\n\t\t\t\t\t<\/span>\n\t\t\t\t\t<\/a>\n\t\t\t\t\t\t\t\t<\/div>\n\t\t\t\t<div class=\"elementor-element elementor-element-52ea5ad elementor-widget elementor-widget-button\" data-id=\"52ea5ad\" data-element_type=\"widget\" data-e-type=\"widget\" data-widget_type=\"button.default\">\n\t\t\t\t\t\t\t\t\t\t<a class=\"elementor-button elementor-button-link elementor-size-sm\" href=\"https:\/\/medicaltravel.at\/zahnimplantate\/zahnkliniken\/zahnklinik-in-antalya\/\">\n\t\t\t\t\t\t<span class=\"elementor-button-content-wrapper\">\n\t\t\t\t\t\t\t\t\t<span class=\"elementor-button-text\">Antalya<\/span>\n\t\t\t\t\t<\/span>\n\t\t\t\t\t<\/a>\n\t\t\t\t\t\t\t\t<\/div>\n\t\t\t\t<div class=\"elementor-element elementor-element-9c5d1ad elementor-widget elementor-widget-button\" data-id=\"9c5d1ad\" data-element_type=\"widget\" data-e-type=\"widget\" data-widget_type=\"button.default\">\n\t\t\t\t\t\t\t\t\t\t<a class=\"elementor-button elementor-button-link elementor-size-sm\" href=\"https:\/\/medicaltravel.at\/zahnimplantate\/zahnkliniken\/zahnklinik-in-kusadasi\/\">\n\t\t\t\t\t\t<span class=\"elementor-button-content-wrapper\">\n\t\t\t\t\t\t\t\t\t<span class=\"elementor-button-text\">Ku\u015fadas\u0131<\/span>\n\t\t\t\t\t<\/span>\n\t\t\t\t\t<\/a>\n\t\t\t\t\t\t\t\t<\/div>\n\t\t\t\t<div class=\"elementor-element elementor-element-302a73f elementor-widget elementor-widget-button\" data-id=\"302a73f\" data-element_type=\"widget\" data-e-type=\"widget\" data-widget_type=\"button.default\">\n\t\t\t\t\t\t\t\t\t\t<a class=\"elementor-button elementor-button-link elementor-size-sm\" href=\"https:\/\/medicaltravel.at\/zahnimplantate\/zahnkliniken\/zahnarzt-in-izmir\/\">\n\t\t\t\t\t\t<span class=\"elementor-button-content-wrapper\">\n\t\t\t\t\t\t\t\t\t<span class=\"elementor-button-text\">\u0130zmir<\/span>\n\t\t\t\t\t<\/span>\n\t\t\t\t\t<\/a>\n\t\t\t\t\t\t\t\t<\/div>\n\t\t\t\t<div class=\"elementor-element elementor-element-06dd535 elementor-widget elementor-widget-button\" data-id=\"06dd535\" data-element_type=\"widget\" data-e-type=\"widget\" data-widget_type=\"button.default\">\n\t\t\t\t\t\t\t\t\t\t<a class=\"elementor-button elementor-button-link elementor-size-sm\" href=\"https:\/\/medicaltravel.at\/zahnimplantate\/zahnkliniken\/zahnarzt-in-manavgat-side\/\">\n\t\t\t\t\t\t<span class=\"elementor-button-content-wrapper\">\n\t\t\t\t\t\t\t\t\t<span class=\"elementor-button-text\">Manavgat<\/span>\n\t\t\t\t\t<\/span>\n\t\t\t\t\t<\/a>\n\t\t\t\t\t\t\t\t<\/div>\n\t\t\t\t<div class=\"elementor-element elementor-element-c3339de elementor-widget elementor-widget-button\" data-id=\"c3339de\" data-element_type=\"widget\" data-e-type=\"widget\" data-widget_type=\"button.default\">\n\t\t\t\t\t\t\t\t\t\t<a class=\"elementor-button elementor-button-link elementor-size-sm\" href=\"https:\/\/medicaltravel.at\/zahnimplantate\/zahnkliniken\/zahnkliniken-kayseri-kappadokien\/\">\n\t\t\t\t\t\t<span class=\"elementor-button-content-wrapper\">\n\t\t\t\t\t\t\t\t\t<span class=\"elementor-button-text\">Kayseri<\/span>\n\t\t\t\t\t<\/span>\n\t\t\t\t\t<\/a>\n\t\t\t\t\t\t\t\t<\/div>\n\t\t\t\t<div class=\"elementor-element elementor-element-32298be elementor-widget elementor-widget-button\" data-id=\"32298be\" data-element_type=\"widget\" data-e-type=\"widget\" data-widget_type=\"button.default\">\n\t\t\t\t\t\t\t\t\t\t<a class=\"elementor-button elementor-button-link elementor-size-sm\" href=\"https:\/\/medicaltravel.at\/tr\/dis-seyahati\/dis-klinikleri\/dentalklinik-alanya-dis-hekimi-dis-klinigi-dis-tedavisi\/\">\n\t\t\t\t\t\t<span class=\"elementor-button-content-wrapper\">\n\t\t\t\t\t\t\t\t\t<span class=\"elementor-button-text\">Alanya<\/span>\n\t\t\t\t\t<\/span>\n\t\t\t\t\t<\/a>\n\t\t\t\t\t\t\t\t<\/div>\n\t\t\t\t<div class=\"elementor-element elementor-element-6df9bf3 elementor-widget elementor-widget-button\" data-id=\"6df9bf3\" data-element_type=\"widget\" data-e-type=\"widget\" data-widget_type=\"button.default\">\n\t\t\t\t\t\t\t\t\t\t<a class=\"elementor-button elementor-button-link elementor-size-sm\" href=\"https:\/\/medicaltravel.at\/tr\/dis-seyahati\/dis-klinikleri\/bodrum-dis-klinigi-dis-hekimi-dis-klinigi-dis-tedavisi\/\">\n\t\t\t\t\t\t<span class=\"elementor-button-content-wrapper\">\n\t\t\t\t\t\t\t\t\t<span class=\"elementor-button-text\">Bodrum<\/span>\n\t\t\t\t\t<\/span>\n\t\t\t\t\t<\/a>\n\t\t\t\t\t\t\t\t<\/div>\n\t\t\t\t<\/div>\n\t\t\t\t<div class=\"elementor-element elementor-element-4923c970 elementor-widget elementor-widget-text-editor\" data-id=\"4923c970\" data-element_type=\"widget\" data-e-type=\"widget\" data-widget_type=\"text-editor.default\">\n\t\t\t\t\t\t\t\t\t\n<h2 class=\"wp-block-heading\"><strong>Alanya\u2019daki Di\u015f Klini\u011fi<\/strong><\/h2>\n\n<p><strong>Alanya\u2019daki Hospitadent Di\u015f Klini\u011fi<\/strong>, en yeni cihazlar ve teknolojiye sahiptir. Klini\u011fin geni\u015f hizmet yelpazesi, hastalara \u00e7e\u015fitli tedavi se\u00e7enekleri sunmay\u0131 m\u00fcmk\u00fcn k\u0131lar. A\u011f\u0131z cerrahisi, implantlar, di\u015f kronlar\u0131 ve g\u00fcl\u00fc\u015f tasar\u0131m\u0131 konular\u0131nda deneyimi olan klinik, y\u00fcksek standartlarda ve kaliteli hizmet sunmak i\u00e7in hizmetinizdedir. <strong>Alanya\u2019daki bu di\u015f klini\u011finde<\/strong>, t\u00fcm di\u015f hekimli\u011fi alanlar\u0131nda uzmanla\u015fm\u0131\u015f \u00e7ok iyi e\u011fitimli di\u015f hekimleri g\u00f6rev yapmaktad\u0131r ve bilimsel ile teknolojik geli\u015fmeleri yak\u0131ndan takip ederler.   <\/p>\n\n<figure class=\"wp-block-image size-full\"><img fetchpriority=\"high\" decoding=\"async\" width=\"768\" height=\"432\" class=\"wp-image-1595\" src=\"https:\/\/medicaltravel.at\/wp-content\/uploads\/2025\/09\/Alanya2_klein-768x432-1.png\" alt=\"\" srcset=\"https:\/\/medicaltravel.at\/wp-content\/uploads\/2025\/09\/Alanya2_klein-768x432-1.png 768w, https:\/\/medicaltravel.at\/wp-content\/uploads\/2025\/09\/Alanya2_klein-768x432-1-300x169.png 300w\" sizes=\"(max-width: 768px) 100vw, 768px\" \/><\/figure>\n\n<p id=\"caption-attachment-7991\">Alanya\u2019daki Di\u015f Klini\u011fi<\/p>\n\n<figure class=\"wp-block-image size-full\"><img decoding=\"async\" width=\"1000\" height=\"667\" class=\"wp-image-1596\" src=\"https:\/\/medicaltravel.at\/wp-content\/uploads\/2025\/09\/Alanya_ferien.jpg\" alt=\"\" srcset=\"https:\/\/medicaltravel.at\/wp-content\/uploads\/2025\/09\/Alanya_ferien.jpg 1000w, https:\/\/medicaltravel.at\/wp-content\/uploads\/2025\/09\/Alanya_ferien-300x200.jpg 300w, https:\/\/medicaltravel.at\/wp-content\/uploads\/2025\/09\/Alanya_ferien-768x512.jpg 768w\" sizes=\"(max-width: 1000px) 100vw, 1000px\" \/><\/figure>\n\n<p id=\"caption-attachment-7989\">Alanya\u2019da di\u015f tedavisini tatil ile birle\u015ftirin.<\/p>\n\n<p>Klinik, Alanya \u015fehir merkezinde, \u00e7e\u015fitli otellere ve havaliman\u0131na \u00e7ok yak\u0131n konumda bulunmaktad\u0131r.<\/p>\n\n<p>Hospitadent, hastalar\u0131 i\u00e7in \u00f6zel olarak uluslararas\u0131 hasta b\u00f6l\u00fcm\u00fc olu\u015fturmu\u015ftur. Bu yeni b\u00f6l\u00fcm sayesinde t\u00fcm hastalar, dil sorunu veya ba\u015fka zorluklar ya\u015famadan istedikleri di\u015f tedavilerini alabilir. Ayr\u0131ca bu hizmeti, dil deste\u011fi de dahil olmak \u00fczere, di\u011fer Avrupa \u00fclkelerine k\u0131yasla daha uygun fiyatlarla alabilirler.   <\/p>\n\n<p>Uluslararas\u0131 Hasta B\u00f6l\u00fcm\u00fc, hastalar i\u00e7in \u00f6zel bir veri a\u011f\u0131 sistemi olu\u015fturmu\u015ftur. Bu sistem sayesinde hastalar, Hospitadent\u2019e gelmeden \u00f6nce olas\u0131 muayeneler, tedaviler, tedavi s\u00fcresi ve di\u011fer bir\u00e7ok konu hakk\u0131nda bilgi alabilirler. <\/p>\n\n<figure class=\"wp-block-image size-full\"><img decoding=\"async\" width=\"768\" height=\"432\" class=\"wp-image-1597\" src=\"https:\/\/medicaltravel.at\/wp-content\/uploads\/2025\/09\/Alanya4_klein-768x432-1.jpg\" alt=\"\" srcset=\"https:\/\/medicaltravel.at\/wp-content\/uploads\/2025\/09\/Alanya4_klein-768x432-1.jpg 768w, https:\/\/medicaltravel.at\/wp-content\/uploads\/2025\/09\/Alanya4_klein-768x432-1-300x169.jpg 300w\" sizes=\"(max-width: 768px) 100vw, 768px\" \/><\/figure>\n\n<p id=\"caption-attachment-7993\">Alanya\u2019daki Di\u015f Klini\u011fi<\/p>\n\n<p><strong>HEMEN \u00dcCRETS\u0130Z DANI\u015eMANLIK ALIN!<\/strong><br>Klinik, her t\u00fcrl\u00fc di\u015f tedavisini en y\u00fcksek kalitede ve uygun fiyatlarla sunmaktad\u0131r.<br><a href=\"https:\/\/medicaltravel.at\/kontakt\/\" data-type=\"page\" data-id=\"976\">Daha fazla bilgi i\u00e7in l\u00fctfen \u015fimdi bizimle buradan<\/a> veya <a href=\"https:\/\/wa.me\/41787373541\" target=\"_blank\" rel=\"noreferrer noopener\">WhatsApp \u00fczerinden ileti\u015fime ge\u00e7in.<\/a><\/p>\n\n<figure class=\"wp-block-image size-full\"><img loading=\"lazy\" decoding=\"async\" width=\"768\" height=\"760\" class=\"wp-image-1598\" src=\"https:\/\/medicaltravel.at\/wp-content\/uploads\/2025\/09\/zahn_cover_foto-768x760-1.jpg\" alt=\"\" srcset=\"https:\/\/medicaltravel.at\/wp-content\/uploads\/2025\/09\/zahn_cover_foto-768x760-1.jpg 768w, https:\/\/medicaltravel.at\/wp-content\/uploads\/2025\/09\/zahn_cover_foto-768x760-1-300x297.jpg 300w\" sizes=\"(max-width: 768px) 100vw, 768px\" \/><\/figure>\n\n<p id=\"caption-attachment-7996\">Alanya size g\u00fcl\u00fcmsetir<\/p>\n\t\t\t\t\t\t\t\t<\/div>\n\t\t\t\t\t<\/div>\n\t\t\t\t<\/div>\n\t\t\t\t<\/div>\n\t\t","protected":false},"excerpt":{"rendered":"<p>istanbul Antalya Ku\u015fadas\u0131 \u0130zmir Manavgat Kayseri Alanya Bodrum Alanya\u2019daki Di\u015f Klini\u011fi Alanya\u2019daki Hospitadent Di\u015f Klini\u011fi, en yeni cihazlar ve teknolojiye sahiptir. Klini\u011fin geni\u015f hizmet yelpazesi, hastalara \u00e7e\u015fitli tedavi se\u00e7enekleri sunmay\u0131 m\u00fcmk\u00fcn k\u0131lar. A\u011f\u0131z cerrahisi, implantlar, di\u015f kronlar\u0131 ve g\u00fcl\u00fc\u015f tasar\u0131m\u0131 konular\u0131nda deneyimi olan klinik, y\u00fcksek standartlarda ve kaliteli hizmet sunmak i\u00e7in hizmetinizdedir. Alanya\u2019daki bu di\u015f klini\u011finde, t\u00fcm di\u015f hekimli\u011fi alanlar\u0131nda uzmanla\u015fm\u0131\u015f \u00e7ok iyi e\u011fitimli di\u015f hekimleri g\u00f6rev yapmaktad\u0131r ve bilimsel ile teknolojik geli\u015fmeleri yak\u0131ndan takip ederler. Alanya\u2019daki Di\u015f Klini\u011fi Alanya\u2019da di\u015f tedavisini tatil ile birle\u015ftirin. Klinik, Alanya \u015fehir merkezinde, \u00e7e\u015fitli otellere ve havaliman\u0131na \u00e7ok yak\u0131n konumda bulunmaktad\u0131r. Hospitadent, hastalar\u0131 i\u00e7in \u00f6zel olarak uluslararas\u0131 hasta b\u00f6l\u00fcm\u00fc olu\u015fturmu\u015ftur. Bu yeni b\u00f6l\u00fcm sayesinde t\u00fcm hastalar, dil sorunu veya ba\u015fka zorluklar ya\u015famadan istedikleri di\u015f tedavilerini alabilir. Ayr\u0131ca bu hizmeti, dil deste\u011fi de dahil olmak \u00fczere, di\u011fer Avrupa \u00fclkelerine k\u0131yasla daha uygun fiyatlarla alabilirler. Uluslararas\u0131 Hasta B\u00f6l\u00fcm\u00fc, hastalar i\u00e7in \u00f6zel bir veri a\u011f\u0131 sistemi olu\u015fturmu\u015ftur. Bu sistem sayesinde hastalar, Hospitadent\u2019e gelmeden \u00f6nce olas\u0131 muayeneler, tedaviler, tedavi s\u00fcresi ve di\u011fer bir\u00e7ok konu hakk\u0131nda bilgi alabilirler. Alanya\u2019daki Di\u015f Klini\u011fi HEMEN \u00dcCRETS\u0130Z DANI\u015eMANLIK ALIN!Klinik, her t\u00fcrl\u00fc di\u015f tedavisini en y\u00fcksek kalitede ve uygun fiyatlarla sunmaktad\u0131r.Daha fazla bilgi i\u00e7in l\u00fctfen \u015fimdi bizimle buradan veya WhatsApp \u00fczerinden ileti\u015fime ge\u00e7in. Alanya size g\u00fcl\u00fcmsetir<\/p>\n","protected":false},"author":4,"featured_media":0,"parent":4883,"menu_order":0,"comment_status":"closed","ping_status":"closed","template":"","meta":{"_joinchat":[],"footnotes":""},"class_list":["post-4865","page","type-page","status-publish","hentry"],"acf":[],"_links":{"self":[{"href":"https:\/\/medicaltravel.at\/tr\/wp-json\/wp\/v2\/pages\/4865","targetHints":{"allow":["GET"]}}],"collection":[{"href":"https:\/\/medicaltravel.at\/tr\/wp-json\/wp\/v2\/pages"}],"about":[{"href":"https:\/\/medicaltravel.at\/tr\/wp-json\/wp\/v2\/types\/page"}],"author":[{"embeddable":true,"href":"https:\/\/medicaltravel.at\/tr\/wp-json\/wp\/v2\/users\/4"}],"replies":[{"embeddable":true,"href":"https:\/\/medicaltravel.at\/tr\/wp-json\/wp\/v2\/comments?post=4865"}],"version-history":[{"count":6,"href":"https:\/\/medicaltravel.at\/tr\/wp-json\/wp\/v2\/pages\/4865\/revisions"}],"predecessor-version":[{"id":4884,"href":"https:\/\/medicaltravel.at\/tr\/wp-json\/wp\/v2\/pages\/4865\/revisions\/4884"}],"up":[{"embeddable":true,"href":"https:\/\/medicaltravel.at\/tr\/wp-json\/wp\/v2\/pages\/4883"}],"wp:attachment":[{"href":"https:\/\/medicaltravel.at\/tr\/wp-json\/wp\/v2\/media?parent=4865"}],"curies":[{"name":"wp","href":"https:\/\/api.w.org\/{rel}","templated":true}]}}