{"id":4852,"date":"2025-09-27T15:22:57","date_gmt":"2025-09-27T14:22:57","guid":{"rendered":"https:\/\/medicaltravel.at\/dis-seyahati\/tuerkiyede-dis-duezeltme\/tuerkiyede-dis-protezleri-istanbul-antalya-izmir-kusadasi\/"},"modified":"2026-01-02T16:21:42","modified_gmt":"2026-01-02T15:21:42","slug":"tuerkiyede-dis-protezleri-istanbul-antalya-izmir-kusadasi","status":"publish","type":"page","link":"https:\/\/medicaltravel.at\/tr\/dis-seyahati\/tuerkiyede-dis-duezeltme\/tuerkiyede-dis-protezleri-istanbul-antalya-izmir-kusadasi\/","title":{"rendered":"T\u00fcrkiye\u2019de Di\u015f Protezleri \u0130stanbul, Antalya, \u0130zmir, Ku\u015fadas\u0131"},"content":{"rendered":"\t\t<div data-elementor-type=\"wp-page\" data-elementor-id=\"4852\" class=\"elementor elementor-4852 elementor-879\" data-elementor-post-type=\"page\">\n\t\t\t\t<div class=\"elementor-element elementor-element-37c0057 e-flex e-con-boxed wpr-particle-no wpr-jarallax-no wpr-parallax-no wpr-sticky-section-no e-con e-parent\" data-id=\"37c0057\" data-element_type=\"container\" data-e-type=\"container\">\n\t\t\t\t\t<div class=\"e-con-inner\">\n\t\t<div class=\"elementor-element elementor-element-5087f35 e-con-full e-flex wpr-particle-no wpr-jarallax-no wpr-parallax-no wpr-sticky-section-no e-con e-child\" data-id=\"5087f35\" data-element_type=\"container\" data-e-type=\"container\">\n\t\t\t\t<div class=\"elementor-element elementor-element-8dd1e86 elementor-widget elementor-widget-button\" data-id=\"8dd1e86\" data-element_type=\"widget\" data-e-type=\"widget\" data-widget_type=\"button.default\">\n\t\t\t\t\t\t\t\t\t\t<a class=\"elementor-button elementor-button-link elementor-size-sm\" href=\"https:\/\/medicaltravel.at\/tr\/dis-seyahati\/tuerkiyede-dis-duezeltme\/tuerkiyede-dis-implantlari-istanbul-antalya-izmir-kusadasi\/\">\n\t\t\t\t\t\t<span class=\"elementor-button-content-wrapper\">\n\t\t\t\t\t\t\t\t\t<span class=\"elementor-button-text\">\u0130mplantlar<\/span>\n\t\t\t\t\t<\/span>\n\t\t\t\t\t<\/a>\n\t\t\t\t\t\t\t\t<\/div>\n\t\t\t\t<div class=\"elementor-element elementor-element-da81cc0 elementor-widget elementor-widget-button\" data-id=\"da81cc0\" data-element_type=\"widget\" data-e-type=\"widget\" data-widget_type=\"button.default\">\n\t\t\t\t\t\t\t\t\t\t<a class=\"elementor-button elementor-button-link elementor-size-sm\" href=\"https:\/\/medicaltravel.at\/tr\/dis-seyahati\/tuerkiyede-dis-duezeltme\/tuerkiyede-dis-protezleri-istanbul-antalya-izmir-kusadasi\/\">\n\t\t\t\t\t\t<span class=\"elementor-button-content-wrapper\">\n\t\t\t\t\t\t\t\t\t<span class=\"elementor-button-text\">Protezler<\/span>\n\t\t\t\t\t<\/span>\n\t\t\t\t\t<\/a>\n\t\t\t\t\t\t\t\t<\/div>\n\t\t\t\t<div class=\"elementor-element elementor-element-4005d42 elementor-widget elementor-widget-button\" data-id=\"4005d42\" data-element_type=\"widget\" data-e-type=\"widget\" data-widget_type=\"button.default\">\n\t\t\t\t\t\t\t\t\t\t<a class=\"elementor-button elementor-button-link elementor-size-sm\" href=\"https:\/\/medicaltravel.at\/tr\/dis-seyahati\/tuerkiyede-dis-duezeltme\/dis-kaplamalari-ve-dis-beyazlatma-tuerkiye-istanbul-antalya-izmir-kusadasi\/\">\n\t\t\t\t\t\t<span class=\"elementor-button-content-wrapper\">\n\t\t\t\t\t\t\t\t\t<span class=\"elementor-button-text\">Di\u015f Kaplamalar\u0131<\/span>\n\t\t\t\t\t<\/span>\n\t\t\t\t\t<\/a>\n\t\t\t\t\t\t\t\t<\/div>\n\t\t\t\t<div class=\"elementor-element elementor-element-3768d15 elementor-widget elementor-widget-button\" data-id=\"3768d15\" data-element_type=\"widget\" data-e-type=\"widget\" data-widget_type=\"button.default\">\n\t\t\t\t\t\t\t\t\t\t<a class=\"elementor-button elementor-button-link elementor-size-sm\" href=\"https:\/\/medicaltravel.at\/tr\/dis-seyahati\/tuerkiyede-dis-duezeltme\/tuerkiyede-dis-kaplamalari-ve-koeprueler-istanbul-antalya-izmir-kusadasi\/\">\n\t\t\t\t\t\t<span class=\"elementor-button-content-wrapper\">\n\t\t\t\t\t\t\t\t\t<span class=\"elementor-button-text\">Kron Kaplamalar ve K\u00f6pr\u00fcler<\/span>\n\t\t\t\t\t<\/span>\n\t\t\t\t\t<\/a>\n\t\t\t\t\t\t\t\t<\/div>\n\t\t\t\t<\/div>\n\t\t\t\t<div class=\"elementor-element elementor-element-71476bc6 elementor-widget elementor-widget-text-editor\" data-id=\"71476bc6\" data-element_type=\"widget\" data-e-type=\"widget\" data-widget_type=\"text-editor.default\">\n\t\t\t\t\t\t\t\t\t\n<h2 class=\"wp-block-heading\">T\u00fcrkiye\u2019de uygun fiyatl\u0131 di\u015f protezleri \u2013 \u0130stanbul \u2013 Antalya \u2013 \u0130zmir<\/h2>\n\n<p>Burada, T\u00fcrkiye\u2019deki <strong>di\u015f kliniklerinde<\/strong> her zaman oldu\u011fu gibi y\u00fcksek kalitede yap\u0131lan <strong>di\u015f protezi<\/strong> tedavileri hakk\u0131nda bilgiler bulabilirsiniz.<\/p>\n\n<p><strong>K\u0131smi Protezler<\/strong><\/p>\n\n<p>K\u0131smi protez, metal klipsler yard\u0131m\u0131yla kendi di\u015flerinize tutturulur.<\/p>\n\n<p>En basit k\u0131smi protezler, di\u011fer di\u015flere tutunan klipslerle sabitlenir. Bu klipsler di\u015fi genellikle d\u00fc\u015f\u00fcn\u00fcld\u00fc\u011f\u00fc kadar a\u015f\u0131nd\u0131rmaz, ancak di\u015fe uygunsuz bir \u015fekilde y\u00fck bindirir ve sadece nispeten s\u0131n\u0131rl\u0131 bir tutuculuk sa\u011flar. <\/p>\n\n<p>Estetik olarak istenmeyen klipsler rahats\u0131z ediyorsa, yan\u0131ndaki kron kaplamalara tutturulan <strong>hassas tutucular<\/strong> kullan\u0131labilir.<\/p>\n\n<figure class=\"wp-block-image size-full\"><img decoding=\"async\" width=\"140\" height=\"122\" class=\"wp-image-1540\" src=\"https:\/\/medicaltravel.at\/wp-content\/uploads\/2025\/09\/praezisionsanker.jpg\" alt=\"\"><\/figure>\n\n<p id=\"caption-attachment-237\">Tam di\u015f protezi, do\u011fal di\u015flerin tamamen yerine ge\u00e7en en kapsaml\u0131 di\u015f protezi t\u00fcr\u00fc olarak kabul edilir. Protezin yap\u0131s\u0131 ve estetik tasar\u0131m\u0131 bir\u00e7ok se\u00e7ene\u011fe olanak tan\u0131r ve fonksiyonel ve estetik a\u00e7\u0131dan tatmin edici bir protez haz\u0131rlanana kadar bir\u00e7ok i\u015f ad\u0131m\u0131 gerekir.<br>T\u00fcrkiye\u2019de uygun fiyatl\u0131 di\u015f protezi<\/p>\n\n<p><strong>Tam Protezler<\/strong><\/p>\n\n<p>Tam protez, <strong>tamamen di\u015fsiz bir \u00e7enenin \u00e7\u0131kar\u0131labilir di\u015f protezi<\/strong> ile tedavi edilmesi anlam\u0131na gelir. Di\u015f bo\u015fluklar\u0131 sabit protezle kapatamayacak kadar b\u00fcy\u00fckse veya hi\u00e7 di\u015f kalmam\u0131\u015fsa, \u00e7\u0131kar\u0131labilir protez genellikle ka\u00e7\u0131n\u0131lmaz olur. T\u00fcm di\u015f dokusu kaybedildi\u011finde tam protez gerekir. <\/p>\n\n<p>Tam di\u015f protezi, do\u011fal di\u015flerin tamamen yerine ge\u00e7en <strong>en kapsaml\u0131 di\u015f protezi<\/strong> t\u00fcr\u00fc olarak kabul edilir. Protezin yap\u0131s\u0131 ve estetik tasar\u0131m\u0131 bir\u00e7ok se\u00e7ene\u011fe olanak tan\u0131r ve fonksiyonel ve estetik a\u00e7\u0131dan tatmin edici bir protez haz\u0131rlanana kadar bir\u00e7ok i\u015f ad\u0131m\u0131 gerekir.<\/p>\n\n<figure class=\"wp-block-image size-full\"><img decoding=\"async\" width=\"140\" height=\"122\" class=\"wp-image-1541\" src=\"https:\/\/medicaltravel.at\/wp-content\/uploads\/2025\/09\/Prothesen.jpg\" alt=\"\"><\/figure>\n\n<p id=\"caption-attachment-238\">T\u00fcrkiye\u2019de en iyi di\u015f protezi\u202f\u2013\u202f\u0130stanbul<\/p>\n\n<p><a href=\"https:\/\/medicaltravel.at\/zahnimplantate-2\/preise\/kosten-zahnkorrektur-istanbul-antalya-izmir\/\" data-type=\"page\" data-id=\"907\">Maliyetlerle ilgili bilgileri burada bulabilirsiniz.<\/a><\/p>\n\t\t\t\t\t\t\t\t<\/div>\n\t\t\t\t\t<\/div>\n\t\t\t\t<\/div>\n\t\t\t\t<\/div>\n\t\t","protected":false},"excerpt":{"rendered":"<p>\u0130mplantlar Protezler Di\u015f Kaplamalar\u0131 Kron Kaplamalar ve K\u00f6pr\u00fcler T\u00fcrkiye\u2019de uygun fiyatl\u0131 di\u015f protezleri \u2013 \u0130stanbul \u2013 Antalya \u2013 \u0130zmir Burada, T\u00fcrkiye\u2019deki di\u015f kliniklerinde her zaman oldu\u011fu gibi y\u00fcksek kalitede yap\u0131lan di\u015f protezi tedavileri hakk\u0131nda bilgiler bulabilirsiniz. K\u0131smi Protezler K\u0131smi protez, metal klipsler yard\u0131m\u0131yla kendi di\u015flerinize tutturulur. En basit k\u0131smi protezler, di\u011fer di\u015flere tutunan klipslerle sabitlenir. Bu klipsler di\u015fi genellikle d\u00fc\u015f\u00fcn\u00fcld\u00fc\u011f\u00fc kadar a\u015f\u0131nd\u0131rmaz, ancak di\u015fe uygunsuz bir \u015fekilde y\u00fck bindirir ve sadece nispeten s\u0131n\u0131rl\u0131 bir tutuculuk sa\u011flar. Estetik olarak istenmeyen klipsler rahats\u0131z ediyorsa, yan\u0131ndaki kron kaplamalara tutturulan hassas tutucular kullan\u0131labilir. Tam di\u015f protezi, do\u011fal di\u015flerin tamamen yerine ge\u00e7en en kapsaml\u0131 di\u015f protezi t\u00fcr\u00fc olarak kabul edilir. Protezin yap\u0131s\u0131 ve estetik tasar\u0131m\u0131 bir\u00e7ok se\u00e7ene\u011fe olanak tan\u0131r ve fonksiyonel ve estetik a\u00e7\u0131dan tatmin edici bir protez haz\u0131rlanana kadar bir\u00e7ok i\u015f ad\u0131m\u0131 gerekir.T\u00fcrkiye\u2019de uygun fiyatl\u0131 di\u015f protezi Tam Protezler Tam protez, tamamen di\u015fsiz bir \u00e7enenin \u00e7\u0131kar\u0131labilir di\u015f protezi ile tedavi edilmesi anlam\u0131na gelir. Di\u015f bo\u015fluklar\u0131 sabit protezle kapatamayacak kadar b\u00fcy\u00fckse veya hi\u00e7 di\u015f kalmam\u0131\u015fsa, \u00e7\u0131kar\u0131labilir protez genellikle ka\u00e7\u0131n\u0131lmaz olur. T\u00fcm di\u015f dokusu kaybedildi\u011finde tam protez gerekir. Tam di\u015f protezi, do\u011fal di\u015flerin tamamen yerine ge\u00e7en en kapsaml\u0131 di\u015f protezi t\u00fcr\u00fc olarak kabul edilir. Protezin yap\u0131s\u0131 ve estetik tasar\u0131m\u0131 bir\u00e7ok se\u00e7ene\u011fe olanak tan\u0131r ve fonksiyonel ve estetik a\u00e7\u0131dan tatmin edici bir protez haz\u0131rlanana kadar bir\u00e7ok i\u015f ad\u0131m\u0131 gerekir. T\u00fcrkiye\u2019de en iyi di\u015f protezi\u202f\u2013\u202f\u0130stanbul Maliyetlerle ilgili bilgileri burada bulabilirsiniz.<\/p>\n","protected":false},"author":4,"featured_media":0,"parent":4819,"menu_order":0,"comment_status":"closed","ping_status":"closed","template":"","meta":{"_joinchat":[],"footnotes":""},"class_list":["post-4852","page","type-page","status-publish","hentry"],"acf":[],"_links":{"self":[{"href":"https:\/\/medicaltravel.at\/tr\/wp-json\/wp\/v2\/pages\/4852","targetHints":{"allow":["GET"]}}],"collection":[{"href":"https:\/\/medicaltravel.at\/tr\/wp-json\/wp\/v2\/pages"}],"about":[{"href":"https:\/\/medicaltravel.at\/tr\/wp-json\/wp\/v2\/types\/page"}],"author":[{"embeddable":true,"href":"https:\/\/medicaltravel.at\/tr\/wp-json\/wp\/v2\/users\/4"}],"replies":[{"embeddable":true,"href":"https:\/\/medicaltravel.at\/tr\/wp-json\/wp\/v2\/comments?post=4852"}],"version-history":[{"count":5,"href":"https:\/\/medicaltravel.at\/tr\/wp-json\/wp\/v2\/pages\/4852\/revisions"}],"predecessor-version":[{"id":4858,"href":"https:\/\/medicaltravel.at\/tr\/wp-json\/wp\/v2\/pages\/4852\/revisions\/4858"}],"up":[{"embeddable":true,"href":"https:\/\/medicaltravel.at\/tr\/wp-json\/wp\/v2\/pages\/4819"}],"wp:attachment":[{"href":"https:\/\/medicaltravel.at\/tr\/wp-json\/wp\/v2\/media?parent=4852"}],"curies":[{"name":"wp","href":"https:\/\/api.w.org\/{rel}","templated":true}]}}