{"id":4843,"date":"2025-09-27T15:24:31","date_gmt":"2025-09-27T14:24:31","guid":{"rendered":"https:\/\/medicaltravel.at\/dis-seyahati\/tuerkiyede-dis-duezeltme\/tuerkiyede-dis-kaplamalari-ve-koeprueler-istanbul-antalya-izmir-kusadasi\/"},"modified":"2026-01-04T18:40:16","modified_gmt":"2026-01-04T17:40:16","slug":"tuerkiyede-dis-kaplamalari-ve-koeprueler-istanbul-antalya-izmir-kusadasi","status":"publish","type":"page","link":"https:\/\/medicaltravel.at\/tr\/dis-seyahati\/tuerkiyede-dis-duezeltme\/tuerkiyede-dis-kaplamalari-ve-koeprueler-istanbul-antalya-izmir-kusadasi\/","title":{"rendered":"T\u00fcrkiye\u2019de Di\u015f Kaplamalar\u0131 ve K\u00f6pr\u00fcler \u0130stanbul, Antalya, \u0130zmir, Ku\u015fadas\u0131"},"content":{"rendered":"\t\t<div data-elementor-type=\"wp-page\" data-elementor-id=\"4843\" class=\"elementor elementor-4843 elementor-883\" data-elementor-post-type=\"page\">\n\t\t\t\t<div class=\"elementor-element elementor-element-501692f0 e-flex e-con-boxed wpr-particle-no wpr-jarallax-no wpr-parallax-no wpr-sticky-section-no e-con e-parent\" data-id=\"501692f0\" data-element_type=\"container\" data-e-type=\"container\">\n\t\t\t\t\t<div class=\"e-con-inner\">\n\t\t<div class=\"elementor-element elementor-element-77e3c0b e-con-full e-flex wpr-particle-no wpr-jarallax-no wpr-parallax-no wpr-sticky-section-no e-con e-child\" data-id=\"77e3c0b\" data-element_type=\"container\" data-e-type=\"container\">\n\t\t\t\t<div class=\"elementor-element elementor-element-963888f elementor-widget elementor-widget-button\" data-id=\"963888f\" data-element_type=\"widget\" data-e-type=\"widget\" data-widget_type=\"button.default\">\n\t\t\t\t\t\t\t\t\t\t<a class=\"elementor-button elementor-button-link elementor-size-sm\" href=\"https:\/\/medicaltravel.at\/tr\/dis-seyahati\/tuerkiyede-dis-duezeltme\/tuerkiyede-dis-implantlari-istanbul-antalya-izmir-kusadasi\/\">\n\t\t\t\t\t\t<span class=\"elementor-button-content-wrapper\">\n\t\t\t\t\t\t\t\t\t<span class=\"elementor-button-text\">\u0130mplantlar<\/span>\n\t\t\t\t\t<\/span>\n\t\t\t\t\t<\/a>\n\t\t\t\t\t\t\t\t<\/div>\n\t\t\t\t<div class=\"elementor-element elementor-element-027bcbc elementor-widget elementor-widget-button\" data-id=\"027bcbc\" data-element_type=\"widget\" data-e-type=\"widget\" data-widget_type=\"button.default\">\n\t\t\t\t\t\t\t\t\t\t<a class=\"elementor-button elementor-button-link elementor-size-sm\" href=\"https:\/\/medicaltravel.at\/tr\/dis-seyahati\/tuerkiyede-dis-duezeltme\/tuerkiyede-dis-protezleri-istanbul-antalya-izmir-kusadasi\/\">\n\t\t\t\t\t\t<span class=\"elementor-button-content-wrapper\">\n\t\t\t\t\t\t\t\t\t<span class=\"elementor-button-text\">Protezler<\/span>\n\t\t\t\t\t<\/span>\n\t\t\t\t\t<\/a>\n\t\t\t\t\t\t\t\t<\/div>\n\t\t\t\t<div class=\"elementor-element elementor-element-0d2a893 elementor-widget elementor-widget-button\" data-id=\"0d2a893\" data-element_type=\"widget\" data-e-type=\"widget\" data-widget_type=\"button.default\">\n\t\t\t\t\t\t\t\t\t\t<a class=\"elementor-button elementor-button-link elementor-size-sm\" href=\"https:\/\/medicaltravel.at\/tr\/dis-seyahati\/tuerkiyede-dis-duezeltme\/dis-kaplamalari-ve-dis-beyazlatma-tuerkiye-istanbul-antalya-izmir-kusadasi\/\">\n\t\t\t\t\t\t<span class=\"elementor-button-content-wrapper\">\n\t\t\t\t\t\t\t\t\t<span class=\"elementor-button-text\">Di\u015f Kaplamalar\u0131<\/span>\n\t\t\t\t\t<\/span>\n\t\t\t\t\t<\/a>\n\t\t\t\t\t\t\t\t<\/div>\n\t\t\t\t<div class=\"elementor-element elementor-element-4e75708 elementor-widget elementor-widget-button\" data-id=\"4e75708\" data-element_type=\"widget\" data-e-type=\"widget\" data-widget_type=\"button.default\">\n\t\t\t\t\t\t\t\t\t\t<a class=\"elementor-button elementor-button-link elementor-size-sm\" href=\"https:\/\/medicaltravel.at\/tr\/dis-seyahati\/tuerkiyede-dis-duezeltme\/tuerkiyede-dis-kaplamalari-ve-koeprueler-istanbul-antalya-izmir-kusadasi\/\">\n\t\t\t\t\t\t<span class=\"elementor-button-content-wrapper\">\n\t\t\t\t\t\t\t\t\t<span class=\"elementor-button-text\">Kron Kaplamalar ve K\u00f6pr\u00fcler<\/span>\n\t\t\t\t\t<\/span>\n\t\t\t\t\t<\/a>\n\t\t\t\t\t\t\t\t<\/div>\n\t\t\t\t<\/div>\n\t\t\t\t<div class=\"elementor-element elementor-element-1fc0efd3 elementor-widget elementor-widget-text-editor\" data-id=\"1fc0efd3\" data-element_type=\"widget\" data-e-type=\"widget\" data-widget_type=\"text-editor.default\">\n\t\t\t\t\t\t\t\t\t\n<h2 class=\"wp-block-heading\">T\u00fcrkiye\u2019de Di\u015f Kron ve K\u00f6pr\u00fcleri \u2013 \u0130stanbul \u2013 Antalya \u2013 \u0130zmir \u2013 Ku\u015fadas\u0131<\/h2>\n\n<p><strong>T\u00fcrkiye\u2019de Di\u015f Kronlar\u0131<\/strong><\/p>\n\n<p>Bir di\u015f derin \u00e7\u00fcr\u00fck nedeniyle tahrip olmu\u015fsa veya kaza sonucu hasar g\u00f6rm\u00fc\u015fse, di\u015fi dolgu ile onarmak genellikle m\u00fcmk\u00fcn olmaz. Dolgu di\u015fin i\u00e7ine yerle\u015ftirilip sabitlenirken, kron di\u015fin a\u011f\u0131zda g\u00f6r\u00fcnen k\u0131sm\u0131n\u0131n bir b\u00f6l\u00fcm\u00fcn\u00fc veya tamam\u0131n\u0131 kaplar, di\u015fe tekrar \u015fekil ve yeterli dayan\u0131kl\u0131l\u0131k kazand\u0131r\u0131r; g\u00f6r\u00fcn\u00fcr b\u00f6lgede ise <strong>neredeyse do\u011fal bir g\u00f6r\u00fcn\u00fcm<\/strong> sa\u011flar. <\/p>\n\n<p><strong>Di\u015f kronlar\u0131, kullan\u0131lma amac\u0131na g\u00f6re \u00e7e\u015fitli t\u00fcrlerde olur.<\/strong> En \u00e7ok tercih edilenler <strong>metal-porselen kronlar<\/strong> veya <strong>zirkonyum-porselen kronlard\u0131r<\/strong>. <strong>Cerec teknolojisi <\/strong>de kullan\u0131lmaktad\u0131r. Ortak \u00f6zellikleri, di\u015f haz\u0131rlan\u0131p di\u015f g\u00f6vdesi ve \u00e7evresindeki a\u011f\u0131z yap\u0131s\u0131n\u0131n tam \u00f6l\u00e7\u00fcs\u00fc al\u0131nd\u0131ktan sonra kronun bir di\u015f laboratuvar\u0131nda \u00fcretilmesidir. Daha az yayg\u0131n y\u00f6ntemlerde kron, klinikte do\u011frudan bir seramik bloktan \u015fekillendirilir. S\u00fct di\u015flerinde ise bazen haz\u0131r kronlar kullan\u0131labilir.     <\/p>\n\n<p><strong>T\u00fcrkiye\u2019de Di\u015f K\u00f6pr\u00fcleri<\/strong><\/p>\n\n<p>Di\u015flerde bo\u015fluklar varsa, bunlar m\u00fcmk\u00fcnse kapat\u0131lmal\u0131d\u0131r; b\u00f6ylece <strong>\u00e7i\u011fneme fonksiyonu<\/strong> yeniden sa\u011flan\u0131r, g\u00f6r\u00fcn\u00fcr b\u00f6lgede estetik bir g\u00f6r\u00fcn\u00fcm elde edilir ve konu\u015fma fonksiyonu d\u00fczg\u00fcn \u015fekilde ger\u00e7ekle\u015ftirilebilir.<\/p>\n\n<p>Temel olarak di\u015f bo\u015fluklar\u0131 \u00fc\u00e7 y\u00f6ntemle kapat\u0131labilir:<\/p>\n\n<ul class=\"wp-block-list\">\n<li>K\u00f6pr\u00fclerle<\/li>\n\n<li>implantlarla (yapay di\u015f k\u00f6kleri)<\/li>\n\n<li>\u00e7\u0131kar\u0131labilir di\u015f protezleriyle<\/li>\n<\/ul>\n\n<p>Bu y\u00f6ntemlerden hangisinin se\u00e7ilece\u011fine, bir yandan \u00f6zel durumda hangi y\u00f6ntemin uygulanabilece\u011fine, di\u011fer yandan da mali durumun hangi se\u00e7ene\u011fe izin verdi\u011fine ba\u011fl\u0131d\u0131r.<\/p>\n\n<p>Sabit di\u015f protezleri (k\u00f6pr\u00fcler, implantlar) genellikle \u00e7\u0131kar\u0131labilir alternatife g\u00f6re daha pahal\u0131d\u0131r, ancak \u00e7i\u011fneme hissi ve konfor \u00e7ok daha iyidir. \u00d6te yandan \u00e7\u0131kar\u0131labilir di\u015f protezleri, kendi di\u015flerden birinde onar\u0131lamaz hasar olu\u015fursa genellikle geni\u015fletilebilir. Estetik a\u00e7\u0131dan ise t\u00fcm y\u00f6ntemlerle tatmin edici sonu\u00e7lar elde edilebilir.  <\/p>\n\n<p>Bilimsel <strong>uzun s\u00fcreli ara\u015ft\u0131rmalar<\/strong>, a\u011f\u0131z sa\u011fl\u0131\u011f\u0131 iyi olan ki\u015filerde, uzun vadeli ba\u015far\u0131 \u015fans\u0131 daha y\u00fcksek oldu\u011fu i\u00e7in k\u00f6pr\u00fc ile tedavinin \u00e7\u0131kar\u0131labilir di\u015f protezine tercih edilmesi gerekti\u011fini g\u00f6stermektedir.<\/p>\n\n<p><a href=\"https:\/\/medicaltravel.at\/tr\/dis-seyahati-2\/fiyatlar\/dis-tedavisi-fiyatlari-ve-maliyetleri-tuerkiye-istanbul-antalya-izmir\/\" data-type=\"page\" data-id=\"907\">Maliyetler burada listelenmi\u015ftir<\/a><\/p>\n\n<figure class=\"wp-block-image size-full\"><img fetchpriority=\"high\" decoding=\"async\" width=\"248\" height=\"204\" class=\"wp-image-1547\" src=\"https:\/\/medicaltravel.at\/wp-content\/uploads\/2025\/09\/schone_zahne_frau_2.jpg\" alt=\"\"><\/figure>\n\n<p id=\"caption-attachment-7237\">T\u00fcrkiye\u2019de uygun fiyatl\u0131 di\u015f kronu<\/p>\n\n<figure class=\"wp-block-image size-full\"><img decoding=\"async\" width=\"200\" height=\"158\" class=\"wp-image-1548\" src=\"https:\/\/medicaltravel.at\/wp-content\/uploads\/2025\/09\/Metallkeramikkrone.jpg\" alt=\"\"><\/figure>\n\n<p id=\"caption-attachment-253\">Metal seramik kron<\/p>\n\n<figure class=\"wp-block-image size-full\"><img decoding=\"async\" width=\"200\" height=\"158\" class=\"wp-image-1549\" src=\"https:\/\/medicaltravel.at\/wp-content\/uploads\/2025\/09\/Goldbrucke.jpg\" alt=\"\"><\/figure>\n\n<p id=\"caption-attachment-254\">Alt\u0131n K\u00f6pr\u00fc<\/p>\n\n<figure class=\"wp-block-image size-full\"><img loading=\"lazy\" decoding=\"async\" width=\"200\" height=\"158\" class=\"wp-image-1550\" src=\"https:\/\/medicaltravel.at\/wp-content\/uploads\/2025\/09\/Biokompatibel-Zirkonoxid.jpg\" alt=\"\"><\/figure>\n\n<p id=\"caption-attachment-255\">Biyouyumlu Zirkonyum Oksit<\/p>\n\t\t\t\t\t\t\t\t<\/div>\n\t\t\t\t\t<\/div>\n\t\t\t\t<\/div>\n\t\t\t\t<\/div>\n\t\t","protected":false},"excerpt":{"rendered":"<p>\u0130mplantlar Protezler Di\u015f Kaplamalar\u0131 Kron Kaplamalar ve K\u00f6pr\u00fcler T\u00fcrkiye\u2019de Di\u015f Kron ve K\u00f6pr\u00fcleri \u2013 \u0130stanbul \u2013 Antalya \u2013 \u0130zmir \u2013 Ku\u015fadas\u0131 T\u00fcrkiye\u2019de Di\u015f Kronlar\u0131 Bir di\u015f derin \u00e7\u00fcr\u00fck nedeniyle tahrip olmu\u015fsa veya kaza sonucu hasar g\u00f6rm\u00fc\u015fse, di\u015fi dolgu ile onarmak genellikle m\u00fcmk\u00fcn olmaz. Dolgu di\u015fin i\u00e7ine yerle\u015ftirilip sabitlenirken, kron di\u015fin a\u011f\u0131zda g\u00f6r\u00fcnen k\u0131sm\u0131n\u0131n bir b\u00f6l\u00fcm\u00fcn\u00fc veya tamam\u0131n\u0131 kaplar, di\u015fe tekrar \u015fekil ve yeterli dayan\u0131kl\u0131l\u0131k kazand\u0131r\u0131r; g\u00f6r\u00fcn\u00fcr b\u00f6lgede ise neredeyse do\u011fal bir g\u00f6r\u00fcn\u00fcm sa\u011flar. Di\u015f kronlar\u0131, kullan\u0131lma amac\u0131na g\u00f6re \u00e7e\u015fitli t\u00fcrlerde olur. En \u00e7ok tercih edilenler metal-porselen kronlar veya zirkonyum-porselen kronlard\u0131r. Cerec teknolojisi de kullan\u0131lmaktad\u0131r. Ortak \u00f6zellikleri, di\u015f haz\u0131rlan\u0131p di\u015f g\u00f6vdesi ve \u00e7evresindeki a\u011f\u0131z yap\u0131s\u0131n\u0131n tam \u00f6l\u00e7\u00fcs\u00fc al\u0131nd\u0131ktan sonra kronun bir di\u015f laboratuvar\u0131nda \u00fcretilmesidir. Daha az yayg\u0131n y\u00f6ntemlerde kron, klinikte do\u011frudan bir seramik bloktan \u015fekillendirilir. S\u00fct di\u015flerinde ise bazen haz\u0131r kronlar kullan\u0131labilir. T\u00fcrkiye\u2019de Di\u015f K\u00f6pr\u00fcleri Di\u015flerde bo\u015fluklar varsa, bunlar m\u00fcmk\u00fcnse kapat\u0131lmal\u0131d\u0131r; b\u00f6ylece \u00e7i\u011fneme fonksiyonu yeniden sa\u011flan\u0131r, g\u00f6r\u00fcn\u00fcr b\u00f6lgede estetik bir g\u00f6r\u00fcn\u00fcm elde edilir ve konu\u015fma fonksiyonu d\u00fczg\u00fcn \u015fekilde ger\u00e7ekle\u015ftirilebilir. Temel olarak di\u015f bo\u015fluklar\u0131 \u00fc\u00e7 y\u00f6ntemle kapat\u0131labilir: K\u00f6pr\u00fclerle implantlarla (yapay di\u015f k\u00f6kleri) \u00e7\u0131kar\u0131labilir di\u015f protezleriyle Bu y\u00f6ntemlerden hangisinin se\u00e7ilece\u011fine, bir yandan \u00f6zel durumda hangi y\u00f6ntemin uygulanabilece\u011fine, di\u011fer yandan da mali durumun hangi se\u00e7ene\u011fe izin verdi\u011fine ba\u011fl\u0131d\u0131r. Sabit di\u015f protezleri (k\u00f6pr\u00fcler, implantlar) genellikle \u00e7\u0131kar\u0131labilir alternatife g\u00f6re daha pahal\u0131d\u0131r, ancak \u00e7i\u011fneme hissi ve konfor \u00e7ok daha iyidir. \u00d6te yandan \u00e7\u0131kar\u0131labilir di\u015f protezleri, kendi di\u015flerden birinde onar\u0131lamaz hasar olu\u015fursa genellikle geni\u015fletilebilir. Estetik a\u00e7\u0131dan ise t\u00fcm y\u00f6ntemlerle tatmin edici sonu\u00e7lar elde edilebilir. Bilimsel uzun s\u00fcreli ara\u015ft\u0131rmalar, a\u011f\u0131z sa\u011fl\u0131\u011f\u0131 iyi olan ki\u015filerde, uzun vadeli ba\u015far\u0131 \u015fans\u0131 daha y\u00fcksek oldu\u011fu i\u00e7in k\u00f6pr\u00fc ile tedavinin \u00e7\u0131kar\u0131labilir di\u015f protezine tercih edilmesi gerekti\u011fini g\u00f6stermektedir. Maliyetler burada listelenmi\u015ftir T\u00fcrkiye\u2019de uygun fiyatl\u0131 di\u015f kronu Metal seramik kron Alt\u0131n K\u00f6pr\u00fc Biyouyumlu Zirkonyum Oksit<\/p>\n","protected":false},"author":4,"featured_media":0,"parent":4819,"menu_order":0,"comment_status":"closed","ping_status":"closed","template":"","meta":{"_joinchat":[],"footnotes":""},"class_list":["post-4843","page","type-page","status-publish","hentry"],"acf":[],"_links":{"self":[{"href":"https:\/\/medicaltravel.at\/tr\/wp-json\/wp\/v2\/pages\/4843","targetHints":{"allow":["GET"]}}],"collection":[{"href":"https:\/\/medicaltravel.at\/tr\/wp-json\/wp\/v2\/pages"}],"about":[{"href":"https:\/\/medicaltravel.at\/tr\/wp-json\/wp\/v2\/types\/page"}],"author":[{"embeddable":true,"href":"https:\/\/medicaltravel.at\/tr\/wp-json\/wp\/v2\/users\/4"}],"replies":[{"embeddable":true,"href":"https:\/\/medicaltravel.at\/tr\/wp-json\/wp\/v2\/comments?post=4843"}],"version-history":[{"count":13,"href":"https:\/\/medicaltravel.at\/tr\/wp-json\/wp\/v2\/pages\/4843\/revisions"}],"predecessor-version":[{"id":5454,"href":"https:\/\/medicaltravel.at\/tr\/wp-json\/wp\/v2\/pages\/4843\/revisions\/5454"}],"up":[{"embeddable":true,"href":"https:\/\/medicaltravel.at\/tr\/wp-json\/wp\/v2\/pages\/4819"}],"wp:attachment":[{"href":"https:\/\/medicaltravel.at\/tr\/wp-json\/wp\/v2\/media?parent=4843"}],"curies":[{"name":"wp","href":"https:\/\/api.w.org\/{rel}","templated":true}]}}