{"id":4837,"date":"2025-09-27T15:22:15","date_gmt":"2025-09-27T14:22:15","guid":{"rendered":"https:\/\/medicaltravel.at\/dis-seyahati\/tuerkiyede-dis-duezeltme\/tuerkiyede-dis-implantlari-istanbul-antalya-izmir-kusadasi\/"},"modified":"2026-01-02T16:21:51","modified_gmt":"2026-01-02T15:21:51","slug":"tuerkiyede-dis-implantlari-istanbul-antalya-izmir-kusadasi","status":"publish","type":"page","link":"https:\/\/medicaltravel.at\/tr\/dis-seyahati\/tuerkiyede-dis-duezeltme\/tuerkiyede-dis-implantlari-istanbul-antalya-izmir-kusadasi\/","title":{"rendered":"T\u00fcrkiye\u2019de Di\u015f \u0130mplantlar\u0131 \u0130stanbul, Antalya, \u0130zmir, Ku\u015fadas\u0131"},"content":{"rendered":"\n<h2 class=\"wp-block-heading\">T\u00fcrkiye\u2019de Di\u015f \u0130mplantlar\u0131 \u0130stanbul, Antalya, \u0130zmir, Ku\u015fadas\u0131<\/h2>\n\n<ul class=\"wp-block-list\">\n<li><a href=\"https:\/\/medicaltravel.at\/home\/zahnimplantate\/leistungsspektrum\/implantate-tuerkei-istanbul-antalya-izmir\/\" data-type=\"page\" data-id=\"877\">\u0130mplantlar<\/a><\/li>\n\n\n\n<li><a href=\"https:\/\/medicaltravel.at\/home\/zahnimplantate\/leistungsspektrum\/prothesen-tuerkei-istanbul-antalya-izmir\/\" data-type=\"page\" data-id=\"879\">Protezler<\/a><\/li>\n\n\n\n<li><a href=\"https:\/\/medicaltravel.at\/home\/zahnimplantate\/leistungsspektrum\/veneers-tuerkei-istanbul-antalya-izmir\/\" data-type=\"page\" data-id=\"881\">Di\u015f Kaplamalar\u0131<\/a><\/li>\n\n\n\n<li><a href=\"https:\/\/medicaltravel.at\/home\/zahnimplantate\/leistungsspektrum\/zahnkronen-und-zahnbruecken-tuerkei-istanbul-antalya-izmir\/\" data-type=\"page\" data-id=\"883\">Kron Kaplamalar ve K\u00f6pr\u00fcler<\/a><\/li>\n<\/ul>\n\n<p><strong>T\u00fcrkiye\u2019de di\u015f implantlar\u0131 (di\u015f protezi) &#8211; \u0130stanbul, Antalya, \u0130zmir, Ku\u015fadas\u0131<\/strong><\/p>\n\n<p>Burada, T\u00fcrkiye\u2019deki kliniklerde al\u0131\u015f\u0131lm\u0131\u015f y\u00fcksek kalitede yap\u0131lan di\u015f implantlar\u0131 hakk\u0131nda kapsaml\u0131 bilgiler bulabilirsiniz.<\/p>\n\n<p><strong>Di\u015f implantlar\u0131<\/strong><\/p>\n\n<p>A\u011f\u0131z i\u00e7i implantasyon, yapay di\u015f k\u00f6klerinin \u00e7ene kemi\u011fine yerle\u015ftirilmesi anlam\u0131na gelir. \u0130yile\u015ftikten sonra bunlar, yapay di\u015flerin (kronlar, k\u00f6pr\u00fcler veya protezler) sabitlenmesi i\u00e7in kullan\u0131l\u0131r. <\/p>\n\n<figure class=\"wp-block-image size-full\"><img fetchpriority=\"high\" decoding=\"async\" width=\"638\" height=\"107\" src=\"https:\/\/medicaltravel.at\/wp-content\/uploads\/2025\/09\/Implantate.jpg\" alt=\"\" class=\"wp-image-1535\" srcset=\"https:\/\/medicaltravel.at\/wp-content\/uploads\/2025\/09\/Implantate.jpg 638w, https:\/\/medicaltravel.at\/wp-content\/uploads\/2025\/09\/Implantate-300x50.jpg 300w\" sizes=\"(max-width: 638px) 100vw, 638px\" \/><\/figure>\n\n<p id=\"caption-attachment-218\">T\u00fcrkiye\u2019de en iyi ve uygun fiyatl\u0131 di\u015f protezi<\/p>\n\n<p>\u0130mplantlar, \u00e7ene kemi\u011fi taraf\u0131ndan sorunsuz \u015fekilde kabul edilen, doku dostu malzemelerden (titanyum) \u00fcretilir. \u00c7ene kemi\u011fi i\u00e7inde 10 y\u0131l ve daha uzun s\u00fcre kal\u0131c\u0131l\u0131k g\u00f6sterebilirler. <\/p>\n\n<figure class=\"wp-block-image size-full\"><img decoding=\"async\" width=\"638\" height=\"107\" src=\"https:\/\/medicaltravel.at\/wp-content\/uploads\/2025\/09\/implantate2.jpg\" alt=\"\" class=\"wp-image-1536\" srcset=\"https:\/\/medicaltravel.at\/wp-content\/uploads\/2025\/09\/implantate2.jpg 638w, https:\/\/medicaltravel.at\/wp-content\/uploads\/2025\/09\/implantate2-300x50.jpg 300w\" sizes=\"(max-width: 638px) 100vw, 638px\" \/><\/figure>\n\n<p id=\"caption-attachment-219\">T\u00fcrkiye\u2019de en iyi ve uygun fiyatl\u0131 di\u015f implantlar\u0131<\/p>\n\n<p>Ancak tek tek her vaka i\u00e7in garanti verilemez. Genellikle implantlara y\u00fck bindirilebilmesi i\u00e7in birka\u00e7 ayl\u0131k bir kaynama s\u00fcresi gereklidir. \u0130mplant tipi, sizin \u00f6zel durumunuza ve mevcut \u00e7ene yap\u0131n\u0131za g\u00f6re (\u00f6l\u00e7\u00fcmler vb.) belirlenir.  <\/p>\n\n<p><strong>Hangi implantlar kullan\u0131l\u0131yor?<\/strong><\/p>\n\n<p>\u0130lk muayene sonucuna ba\u011fl\u0131 olarak a\u015fa\u011f\u0131daki implantlardan biri kullan\u0131l\u0131r:<\/p>\n\n<ul class=\"wp-block-list\">\n<li>Straumann, \u0130svi\u00e7reli \u00dcretici<\/li>\n\n\n\n<li>ITI, \u0130svi\u00e7reli \u00dcretici<\/li>\n\n\n\n<li>Astra, \u0130sve\u00e7li \u00dcretici<\/li>\n\n\n\n<li>Bego, Alman \u00dcretici<\/li>\n<\/ul>\n\n<p><strong>Planlama<\/strong><\/p>\n\n<p>E\u011fer ilk de\u011ferlendirme, sizin i\u00e7in implant yap\u0131lmas\u0131n\u0131n m\u00fcmk\u00fcn ve uygun oldu\u011funu g\u00f6sterdiyse, sonraki ad\u0131mlar\u0131n kesin planlamas\u0131 yap\u0131lmal\u0131d\u0131r. Bunun i\u00e7in \u00e7e\u015fitli incelemeler gereklidir: r\u00f6ntgen g\u00f6r\u00fcnt\u00fcleri, model planlamalar\u0131 ve gerekirse t\u0131bbi muayeneler. Hasta olarak bilmeniz gereken \u00f6nemli bir nokta, implant yap\u0131ld\u0131ktan sonra da i\u015f birli\u011finizin gerekli oldu\u011fudur. A\u011f\u0131z i\u00e7indeki hijyenin, \u00f6zellikle implant dikmelerinde, s\u00fcrekli olarak m\u00fckemmel \u015fekilde korunmas\u0131 gerekir. Bu konuda size ayr\u0131nt\u0131l\u0131 bilgi verilecektir.    <\/p>\n\n<p><strong>M\u00fcdahale (Ameliyat)<\/strong><\/p>\n\n<p>\u00c7o\u011fu zaman implant uygulamas\u0131, lokal anestezi alt\u0131nda ayakta tedavi olarak yap\u0131labilir. Her a\u011f\u0131z ameliyat\u0131nda olabilece\u011fi gibi, yanakta ve dudakta ge\u00e7ici \u015fi\u015flikler g\u00f6r\u00fclebilir. Ayr\u0131ca bazen morarma da olu\u015fabilir. A\u011fr\u0131 genellikle nadir ve hafiftir. Bazen, \u00f6nceden yap\u0131lan detayl\u0131 incelemelere ra\u011fmen i\u015flem s\u0131ras\u0131nda bir implant\u0131n yerle\u015ftirilemeyece\u011fi anla\u015f\u0131labilir. Bu durumda i\u015flem iptal edilmek zorunda kal\u0131r.     <\/p>\n\n<p><strong>Kaynama S\u00fcreci<\/strong><\/p>\n\n<p>\u0130mplantlar\u0131n hemen y\u00fck bindirilmesine izin verilmeyen durumlarda kaynama s\u00fcreci \u00fc\u00e7 ila alt\u0131 ay s\u00fcrer. Bu s\u00fcre boyunca implantlara \u00e7i\u011fnerken y\u00fck bindirilmemeli, kaynamay\u0131 riske atmamak gerekir. <\/p>\n\n<p><strong>Komplikasyonlar<\/strong><\/p>\n\n<p>Hi\u00e7bir tedavi tamamen risksiz de\u011fildir: Her zaman enfeksiyon riski vard\u0131r ve nadiren de olsa ciddi sorunlar olu\u015fabilir. \u00dcst \u00e7enede \u00e7ene sin\u00fcs\u00fc veya burun taban\u0131n\u0131n a\u00e7\u0131lmas\u0131 s\u00f6z konusu olabilir. Ancak bu her zaman ba\u015far\u0131s\u0131zl\u0131kla sonu\u00e7lanmaz.  <\/p>\n\n<p>Alt \u00e7enede, alt dudaktaki hisleri ileten (hareketi de\u011fil) bir sinir zarar g\u00f6rebilir. Bu durumda implant\u0131n b\u0131rak\u0131l\u0131p b\u0131rak\u0131lmayaca\u011f\u0131 veya \u00e7\u0131kar\u0131lmas\u0131 gerekti\u011fine karar verilir. Neyse ki bu t\u00fcr sorunlar \u00e7o\u011funlukla ge\u00e7icidir. Nadiren alt dudakta uyu\u015fukluk kal\u0131c\u0131 olabilir.   <\/p>\n\n<p>Bazen bir implant kaynamayabilir ve birka\u00e7 ay sonra, ya hemen ya da a\u00e7ma i\u015flemi s\u0131ras\u0131nda gev\u015feme nedeniyle \u00e7\u0131kar\u0131lmas\u0131 gerekebilir. Her vaka i\u00e7in yeniden implant yap\u0131lmas\u0131n\u0131n m\u00fcmk\u00fcn olup olmad\u0131\u011f\u0131 ayr\u0131 ayr\u0131 de\u011ferlendirilmelidir. <\/p>\n\n<p><strong>Sonras\u0131 Bak\u0131m\u0131<\/strong><\/p>\n\n<p>Yetersiz bak\u0131m (a\u011f\u0131z hijyeninin eksikli\u011fi) durumunda enfeksiyon riski vard\u0131r. Bu, implant\u0131n \u00f6mr\u00fcn\u00fc ciddi \u015fekilde k\u0131saltabilir. Bu nedenle bak\u0131m talimatlar\u0131na hastan\u0131n kesin olarak uymas\u0131 gerekir. Olas\u0131 zararlar\u0131 erken tespit edip tedavi edebilmek i\u00e7in di\u015f hekimi ve\/veya di\u015f hijyenisti taraf\u0131ndan d\u00fczenli kontroller \u00e7ok \u00f6nemlidir.   <\/p>\n\n<p><strong>T\u00fcrkiye\u2019de Di\u015f \u0130mplant\u0131 Maliyetleri<\/strong><\/p>\n\n<p>\u0130mplant \u00e7\u00f6z\u00fcmleri s\u0131rad\u0131\u015f\u0131 ve \u00e7ok ki\u015fiye \u00f6zel uygulamalard\u0131r. Bu nedenle maliyetler her zaman kesin olarak \u00f6ng\u00f6r\u00fclemez. Ancak her durumda beklenen tedavi kapsam\u0131 i\u00e7in bir maliyet tahmini alman\u0131z gerekir. <a href=\"https:\/\/medicaltravel.at\/home\/zahnimplantate-2\/preise\/kosten-zahnkorrektur-istanbul-antalya-izmir\/\" data-type=\"page\" data-id=\"907\">Burada bir maliyet genel g\u00f6r\u00fcn\u00fcm\u00fc bulabilirsiniz.<\/a>  <\/p>\n\n<p>Bu bilgilendirme formu size sadece implant tedavisi hakk\u0131nda genel bir fikir verir. Durumunuzu ve tedavi plan\u0131n\u0131z\u0131 bizden a\u00e7\u0131klamam\u0131z\u0131 isteyin. Sorular\u0131n\u0131z\u0131 memnuniyetle yan\u0131tlayaca\u011f\u0131z. L\u00fctfen bizimle ileti\u015fime ge\u00e7in.   <\/p>\n\n<p>Sonu\u00e7ta, g\u00fcvenle iyi ba\u015far\u0131 \u015fans\u0131na sahip titiz bir implant tedavisi bekleyebilirsiniz. Sizin i\u015f birli\u011finiz bunun \u00f6nemli bir par\u00e7as\u0131d\u0131r. <\/p>\n","protected":false},"excerpt":{"rendered":"<p>T\u00fcrkiye\u2019de Di\u015f \u0130mplantlar\u0131 \u0130stanbul, Antalya, \u0130zmir, Ku\u015fadas\u0131 T\u00fcrkiye\u2019de di\u015f implantlar\u0131 (di\u015f protezi) &#8211; \u0130stanbul, Antalya, \u0130zmir, Ku\u015fadas\u0131 Burada, T\u00fcrkiye\u2019deki kliniklerde al\u0131\u015f\u0131lm\u0131\u015f y\u00fcksek kalitede yap\u0131lan di\u015f implantlar\u0131 hakk\u0131nda kapsaml\u0131 bilgiler bulabilirsiniz. Di\u015f implantlar\u0131 A\u011f\u0131z i\u00e7i implantasyon, yapay di\u015f k\u00f6klerinin \u00e7ene kemi\u011fine yerle\u015ftirilmesi anlam\u0131na gelir. \u0130yile\u015ftikten sonra bunlar, yapay di\u015flerin (kronlar, k\u00f6pr\u00fcler veya protezler) sabitlenmesi i\u00e7in kullan\u0131l\u0131r. T\u00fcrkiye\u2019de en iyi ve uygun fiyatl\u0131 di\u015f protezi \u0130mplantlar, \u00e7ene kemi\u011fi taraf\u0131ndan sorunsuz \u015fekilde kabul edilen, doku dostu malzemelerden (titanyum) \u00fcretilir. \u00c7ene kemi\u011fi i\u00e7inde 10 y\u0131l ve daha uzun s\u00fcre kal\u0131c\u0131l\u0131k g\u00f6sterebilirler. T\u00fcrkiye\u2019de en iyi ve uygun fiyatl\u0131 di\u015f implantlar\u0131 Ancak tek tek her vaka i\u00e7in garanti verilemez. Genellikle implantlara y\u00fck bindirilebilmesi i\u00e7in birka\u00e7 ayl\u0131k bir kaynama s\u00fcresi gereklidir. \u0130mplant tipi, sizin \u00f6zel durumunuza ve mevcut \u00e7ene yap\u0131n\u0131za g\u00f6re (\u00f6l\u00e7\u00fcmler vb.) belirlenir. Hangi implantlar kullan\u0131l\u0131yor? \u0130lk muayene sonucuna ba\u011fl\u0131 olarak a\u015fa\u011f\u0131daki implantlardan biri kullan\u0131l\u0131r: Planlama E\u011fer ilk de\u011ferlendirme, sizin i\u00e7in implant yap\u0131lmas\u0131n\u0131n m\u00fcmk\u00fcn ve uygun oldu\u011funu g\u00f6sterdiyse, sonraki ad\u0131mlar\u0131n kesin planlamas\u0131 yap\u0131lmal\u0131d\u0131r. Bunun i\u00e7in \u00e7e\u015fitli incelemeler gereklidir: r\u00f6ntgen g\u00f6r\u00fcnt\u00fcleri, model planlamalar\u0131 ve gerekirse t\u0131bbi muayeneler. Hasta olarak bilmeniz gereken \u00f6nemli bir nokta, implant yap\u0131ld\u0131ktan sonra da i\u015f birli\u011finizin gerekli oldu\u011fudur. A\u011f\u0131z i\u00e7indeki hijyenin, \u00f6zellikle implant dikmelerinde, s\u00fcrekli olarak m\u00fckemmel \u015fekilde korunmas\u0131 gerekir. Bu konuda size ayr\u0131nt\u0131l\u0131 bilgi verilecektir. M\u00fcdahale (Ameliyat) \u00c7o\u011fu zaman implant uygulamas\u0131, lokal anestezi alt\u0131nda ayakta tedavi olarak yap\u0131labilir. Her a\u011f\u0131z ameliyat\u0131nda olabilece\u011fi gibi, yanakta ve dudakta ge\u00e7ici \u015fi\u015flikler g\u00f6r\u00fclebilir. Ayr\u0131ca bazen morarma da olu\u015fabilir. A\u011fr\u0131 genellikle nadir ve hafiftir. Bazen, \u00f6nceden yap\u0131lan detayl\u0131 incelemelere ra\u011fmen i\u015flem s\u0131ras\u0131nda bir implant\u0131n yerle\u015ftirilemeyece\u011fi anla\u015f\u0131labilir. Bu durumda i\u015flem iptal edilmek zorunda kal\u0131r. Kaynama S\u00fcreci \u0130mplantlar\u0131n hemen y\u00fck bindirilmesine izin verilmeyen durumlarda kaynama s\u00fcreci \u00fc\u00e7 ila alt\u0131 ay s\u00fcrer. Bu s\u00fcre boyunca implantlara \u00e7i\u011fnerken y\u00fck bindirilmemeli, kaynamay\u0131 riske atmamak gerekir. Komplikasyonlar Hi\u00e7bir tedavi tamamen risksiz de\u011fildir: Her zaman enfeksiyon riski vard\u0131r ve nadiren de olsa ciddi sorunlar olu\u015fabilir. \u00dcst \u00e7enede \u00e7ene sin\u00fcs\u00fc veya burun taban\u0131n\u0131n a\u00e7\u0131lmas\u0131 s\u00f6z konusu olabilir. Ancak bu her zaman ba\u015far\u0131s\u0131zl\u0131kla sonu\u00e7lanmaz. Alt \u00e7enede, alt dudaktaki hisleri ileten (hareketi de\u011fil) bir sinir zarar g\u00f6rebilir. Bu durumda implant\u0131n b\u0131rak\u0131l\u0131p b\u0131rak\u0131lmayaca\u011f\u0131 veya \u00e7\u0131kar\u0131lmas\u0131 gerekti\u011fine karar verilir. Neyse ki bu t\u00fcr sorunlar \u00e7o\u011funlukla ge\u00e7icidir. Nadiren alt dudakta uyu\u015fukluk kal\u0131c\u0131 olabilir. Bazen bir implant kaynamayabilir ve birka\u00e7 ay sonra, ya hemen ya da a\u00e7ma i\u015flemi s\u0131ras\u0131nda gev\u015feme nedeniyle \u00e7\u0131kar\u0131lmas\u0131 gerekebilir. Her vaka i\u00e7in yeniden implant yap\u0131lmas\u0131n\u0131n m\u00fcmk\u00fcn olup olmad\u0131\u011f\u0131 ayr\u0131 ayr\u0131 de\u011ferlendirilmelidir. Sonras\u0131 Bak\u0131m\u0131 Yetersiz bak\u0131m (a\u011f\u0131z hijyeninin eksikli\u011fi) durumunda enfeksiyon riski vard\u0131r. Bu, implant\u0131n \u00f6mr\u00fcn\u00fc ciddi \u015fekilde k\u0131saltabilir. Bu nedenle bak\u0131m talimatlar\u0131na hastan\u0131n kesin olarak uymas\u0131 gerekir. Olas\u0131 zararlar\u0131 erken tespit edip tedavi edebilmek i\u00e7in di\u015f hekimi ve\/veya di\u015f hijyenisti taraf\u0131ndan d\u00fczenli kontroller \u00e7ok \u00f6nemlidir. T\u00fcrkiye\u2019de Di\u015f \u0130mplant\u0131 Maliyetleri \u0130mplant \u00e7\u00f6z\u00fcmleri s\u0131rad\u0131\u015f\u0131 ve \u00e7ok ki\u015fiye \u00f6zel uygulamalard\u0131r. Bu nedenle maliyetler her zaman kesin olarak \u00f6ng\u00f6r\u00fclemez. Ancak her durumda beklenen tedavi kapsam\u0131 i\u00e7in bir maliyet tahmini alman\u0131z gerekir. Burada bir maliyet genel g\u00f6r\u00fcn\u00fcm\u00fc bulabilirsiniz. Bu bilgilendirme formu size sadece implant tedavisi hakk\u0131nda genel bir fikir verir. Durumunuzu ve tedavi plan\u0131n\u0131z\u0131 bizden a\u00e7\u0131klamam\u0131z\u0131 isteyin. Sorular\u0131n\u0131z\u0131 memnuniyetle yan\u0131tlayaca\u011f\u0131z. L\u00fctfen bizimle ileti\u015fime ge\u00e7in. Sonu\u00e7ta, g\u00fcvenle iyi ba\u015far\u0131 \u015fans\u0131na sahip titiz bir implant tedavisi bekleyebilirsiniz. Sizin i\u015f birli\u011finiz bunun \u00f6nemli bir par\u00e7as\u0131d\u0131r.<\/p>\n","protected":false},"author":4,"featured_media":0,"parent":4819,"menu_order":0,"comment_status":"closed","ping_status":"closed","template":"","meta":{"_joinchat":[],"footnotes":""},"class_list":["post-4837","page","type-page","status-publish","hentry"],"acf":[],"_links":{"self":[{"href":"https:\/\/medicaltravel.at\/tr\/wp-json\/wp\/v2\/pages\/4837","targetHints":{"allow":["GET"]}}],"collection":[{"href":"https:\/\/medicaltravel.at\/tr\/wp-json\/wp\/v2\/pages"}],"about":[{"href":"https:\/\/medicaltravel.at\/tr\/wp-json\/wp\/v2\/types\/page"}],"author":[{"embeddable":true,"href":"https:\/\/medicaltravel.at\/tr\/wp-json\/wp\/v2\/users\/4"}],"replies":[{"embeddable":true,"href":"https:\/\/medicaltravel.at\/tr\/wp-json\/wp\/v2\/comments?post=4837"}],"version-history":[{"count":3,"href":"https:\/\/medicaltravel.at\/tr\/wp-json\/wp\/v2\/pages\/4837\/revisions"}],"predecessor-version":[{"id":4860,"href":"https:\/\/medicaltravel.at\/tr\/wp-json\/wp\/v2\/pages\/4837\/revisions\/4860"}],"up":[{"embeddable":true,"href":"https:\/\/medicaltravel.at\/tr\/wp-json\/wp\/v2\/pages\/4819"}],"wp:attachment":[{"href":"https:\/\/medicaltravel.at\/tr\/wp-json\/wp\/v2\/media?parent=4837"}],"curies":[{"name":"wp","href":"https:\/\/api.w.org\/{rel}","templated":true}]}}