{"id":4828,"date":"2025-09-27T15:23:46","date_gmt":"2025-09-27T14:23:46","guid":{"rendered":"https:\/\/medicaltravel.at\/dis-seyahati\/tuerkiyede-dis-duezeltme\/dis-kaplamalari-ve-dis-beyazlatma-tuerkiye-istanbul-antalya-izmir-kusadasi\/"},"modified":"2026-01-04T18:52:48","modified_gmt":"2026-01-04T17:52:48","slug":"dis-kaplamalari-ve-dis-beyazlatma-tuerkiye-istanbul-antalya-izmir-kusadasi","status":"publish","type":"page","link":"https:\/\/medicaltravel.at\/tr\/dis-seyahati\/tuerkiyede-dis-duezeltme\/dis-kaplamalari-ve-dis-beyazlatma-tuerkiye-istanbul-antalya-izmir-kusadasi\/","title":{"rendered":"Di\u015f Kaplamalar\u0131 ve Di\u015f Beyazlatma T\u00fcrkiye \u0130stanbul Antalya \u0130zmir Ku\u015fadas\u0131"},"content":{"rendered":"\t\t<div data-elementor-type=\"wp-page\" data-elementor-id=\"4828\" class=\"elementor elementor-4828 elementor-881\" data-elementor-post-type=\"page\">\n\t\t\t\t<div class=\"elementor-element elementor-element-4c82e1ab e-flex e-con-boxed wpr-particle-no wpr-jarallax-no wpr-parallax-no wpr-sticky-section-no e-con e-parent\" data-id=\"4c82e1ab\" data-element_type=\"container\" data-e-type=\"container\">\n\t\t\t\t\t<div class=\"e-con-inner\">\n\t\t<div class=\"elementor-element elementor-element-2e98d3e e-con-full e-flex wpr-particle-no wpr-jarallax-no wpr-parallax-no wpr-sticky-section-no e-con e-child\" data-id=\"2e98d3e\" data-element_type=\"container\" data-e-type=\"container\">\n\t\t\t\t<div class=\"elementor-element elementor-element-a47665b elementor-widget elementor-widget-button\" data-id=\"a47665b\" data-element_type=\"widget\" data-e-type=\"widget\" data-widget_type=\"button.default\">\n\t\t\t\t\t\t\t\t\t\t<a class=\"elementor-button elementor-button-link elementor-size-sm\" href=\"https:\/\/medicaltravel.at\/tr\/dis-seyahati\/tuerkiyede-dis-duezeltme\/tuerkiyede-dis-implantlari-istanbul-antalya-izmir-kusadasi\/\">\n\t\t\t\t\t\t<span class=\"elementor-button-content-wrapper\">\n\t\t\t\t\t\t\t\t\t<span class=\"elementor-button-text\">\u0130mplantlar<\/span>\n\t\t\t\t\t<\/span>\n\t\t\t\t\t<\/a>\n\t\t\t\t\t\t\t\t<\/div>\n\t\t\t\t<div class=\"elementor-element elementor-element-5f3a11a elementor-widget elementor-widget-button\" data-id=\"5f3a11a\" data-element_type=\"widget\" data-e-type=\"widget\" data-widget_type=\"button.default\">\n\t\t\t\t\t\t\t\t\t\t<a class=\"elementor-button elementor-button-link elementor-size-sm\" href=\"https:\/\/medicaltravel.at\/tr\/dis-seyahati\/tuerkiyede-dis-duezeltme\/tuerkiyede-dis-protezleri-istanbul-antalya-izmir-kusadasi\/\">\n\t\t\t\t\t\t<span class=\"elementor-button-content-wrapper\">\n\t\t\t\t\t\t\t\t\t<span class=\"elementor-button-text\">Protezler<\/span>\n\t\t\t\t\t<\/span>\n\t\t\t\t\t<\/a>\n\t\t\t\t\t\t\t\t<\/div>\n\t\t\t\t<div class=\"elementor-element elementor-element-0931e9e elementor-widget elementor-widget-button\" data-id=\"0931e9e\" data-element_type=\"widget\" data-e-type=\"widget\" data-widget_type=\"button.default\">\n\t\t\t\t\t\t\t\t\t\t<a class=\"elementor-button elementor-button-link elementor-size-sm\" href=\"https:\/\/medicaltravel.at\/tr\/dis-seyahati\/tuerkiyede-dis-duezeltme\/dis-kaplamalari-ve-dis-beyazlatma-tuerkiye-istanbul-antalya-izmir-kusadasi\/\">\n\t\t\t\t\t\t<span class=\"elementor-button-content-wrapper\">\n\t\t\t\t\t\t\t\t\t<span class=\"elementor-button-text\">Di\u015f Kaplamalar\u0131<\/span>\n\t\t\t\t\t<\/span>\n\t\t\t\t\t<\/a>\n\t\t\t\t\t\t\t\t<\/div>\n\t\t\t\t<div class=\"elementor-element elementor-element-0048bea elementor-widget elementor-widget-button\" data-id=\"0048bea\" data-element_type=\"widget\" data-e-type=\"widget\" data-widget_type=\"button.default\">\n\t\t\t\t\t\t\t\t\t\t<a class=\"elementor-button elementor-button-link elementor-size-sm\" href=\"https:\/\/medicaltravel.at\/tr\/dis-seyahati\/tuerkiyede-dis-duezeltme\/tuerkiyede-dis-kaplamalari-ve-koeprueler-istanbul-antalya-izmir-kusadasi\/\">\n\t\t\t\t\t\t<span class=\"elementor-button-content-wrapper\">\n\t\t\t\t\t\t\t\t\t<span class=\"elementor-button-text\">Kron Kaplamalar ve K\u00f6pr\u00fcler<\/span>\n\t\t\t\t\t<\/span>\n\t\t\t\t\t<\/a>\n\t\t\t\t\t\t\t\t<\/div>\n\t\t\t\t<\/div>\n\t\t\t\t<div class=\"elementor-element elementor-element-6d1344f7 elementor-widget elementor-widget-text-editor\" data-id=\"6d1344f7\" data-element_type=\"widget\" data-e-type=\"widget\" data-widget_type=\"text-editor.default\">\n\t\t\t\t\t\t\t\t\t\n<h2 class=\"wp-block-heading\">Di\u015f Kaplamalar\u0131 ve Di\u015f Beyazlatma T\u00fcrkiye \u0130stanbul Antalya \u0130zmir Ku\u015fadas\u0131<\/h2>\n\n<p><strong>Di\u015f Kaplamalar\u0131 ve Di\u015f Beyazlatma T\u00fcrkiye \u0130stanbul Antalya \u0130zmir Ku\u015fadas\u0131<\/strong><\/p>\n\n<p>E\u011fer di\u015flerin rengi ve \u00f6zellikle \u015fekli tatmin edici de\u011filse, Lamine Di\u015f Kaplamalar\u0131 m\u00fckemmel bir estetik \u00e7\u00f6z\u00fcm sunar. Laminate di\u015f kaplamalar, di\u015flerin y\u00fczeyine yap\u0131\u015ft\u0131r\u0131lan porselenden yap\u0131lm\u0131\u015f bir tabaka ile uygulanan bir tedavi y\u00f6ntemidir. Laminate di\u015f kaplamalar g\u00fc\u00e7l\u00fc yap\u0131s\u0131 ve kal\u0131c\u0131 renkleri sayesinde \u00e7o\u011fu durumda do\u011fal ve g\u00fczel bir g\u00f6r\u00fcn\u00fcm ile di\u015flerin fonksiyonunu sa\u011flamak i\u00e7in yeterlidir. Laminate di\u015f kaplamalar ile daha \u00f6zg\u00fcvenli bir \u015fekilde g\u00fclersiniz. Seramikten yap\u0131lan Laminate di\u015f kaplamalar ince ve serttir, k\u0131r\u0131lmalara kar\u015f\u0131 dayan\u0131kl\u0131d\u0131r.     <\/p>\n\n<p><strong>Laminate Di\u015f Kaplamalr\u0131 hangi durumlarda uygulan\u0131r?<\/strong><\/p>\n\n<p>Lamine di\u015f kaplamalar\u0131, <strong>di\u015flerdeki renk de\u011fi\u015fikliklerini gidermek ve yamuk di\u015fleri d\u00fczeltmek<\/strong> i\u00e7in kullan\u0131labilir. Ba\u015fl\u0131ca kullan\u0131m alanlar\u0131 \u015funlard\u0131r: <\/p>\n\n<ul class=\"wp-block-list\">\n<li>Di\u015f beyazlatma ile d\u00fczeltilemeyen renklenme durumlar\u0131nda.<\/li>\n\n<li>D\u00fczg\u00fcn olmayan di\u015flerin d\u00fczeltilmesinde.<\/li>\n\n<li>K\u0131r\u0131lm\u0131\u015f di\u015flerin onar\u0131lmas\u0131nda.<\/li>\n\n<li>Eski dolgular\u0131n, di\u015fin do\u011fal rengine art\u0131k uyum sa\u011flamad\u0131\u011f\u0131 durumlar\u0131n d\u00fczeltilmesinde.<\/li>\n\n<li>Di\u015flerin dizilim bozukluklar\u0131nda LV estetik bir iyile\u015fme sa\u011flar.<\/li>\n<\/ul>\n\n<p><strong>Bu tedavi y\u00f6nteminden kimler yararlanabilir?<\/strong><\/p>\n\n<p>Neredeyse herkes! Yukar\u0131da bahsedilen sorunlar\u0131 ya\u015fayan her ya\u015f grubundaki insanlar bu tedavi y\u00f6nteminden faydalanabilir. <\/p>\n\n<p><strong>Lamine Di\u015f Kaplamalar\u0131n Avantajlar\u0131<\/strong><\/p>\n\n<p>Di\u015flerinizin do\u011fal g\u00fczelli\u011fi bu y\u00f6ntemle m\u00fcmk\u00fcn, e\u011fer \u00e7\u00fcr\u00fckler, k\u0131r\u0131k di\u015fler veya dizilim bozukluklar\u0131 nedeniyle kendinden emin bir \u015fekilde g\u00fcl\u00fcmseyemiyorsan\u0131z. Eskiden bu t\u00fcr olumsuz durumlarda tek \u00e7\u00f6z\u00fcm dolgular ve tam kaplamalard\u0131. Bug\u00fcn ise Laminate di\u015f kaplama gibi yeni alternatifler mevcut.  <\/p>\n\n<figure class=\"wp-block-image size-full\"><img fetchpriority=\"high\" decoding=\"async\" width=\"638\" height=\"107\" class=\"wp-image-1543\" src=\"https:\/\/medicaltravel.at\/wp-content\/uploads\/2025\/09\/bleeching2.jpg\" alt=\"\" srcset=\"https:\/\/medicaltravel.at\/wp-content\/uploads\/2025\/09\/bleeching2.jpg 638w, https:\/\/medicaltravel.at\/wp-content\/uploads\/2025\/09\/bleeching2-300x50.jpg 300w\" sizes=\"(max-width: 638px) 100vw, 638px\" \/><\/figure>\n\n<p id=\"caption-attachment-245\">Di\u015f kaplamala, di\u015f beyazlatma T\u00fcrkiye \u0130stanbul Antalya \u0130zmir Ku\u015fadas\u0131<\/p>\n\n<p>Di\u015f laboratuvar\u0131m\u0131z taraf\u0131ndan <strong>m\u00fckemmel \u015fekilde haz\u0131rlanm\u0131\u015f<\/strong> bir kaplama \u00fcretilir ve s\u00fcrekli uyum kontrol\u00fc yap\u0131larak yerle\u015ftirilir.<\/p>\n\n<figure class=\"wp-block-image size-full\"><img decoding=\"async\" width=\"200\" height=\"130\" class=\"wp-image-1544\" src=\"https:\/\/medicaltravel.at\/wp-content\/uploads\/2025\/09\/Bleaching.jpg\" alt=\"\"><\/figure>\n\n<p id=\"caption-attachment-247\">T\u00fcrkiye\u2019de uygun ve en iyi di\u015f beyazlatma<\/p>\n\n<p><strong>Di\u015f beyazlatma: Parlayan bir g\u00fcl\u00fc\u015f i\u00e7in<\/strong><\/p>\n\n<p><strong>Di\u015f rengi<\/strong>, di\u015flerdeki protein tabakas\u0131n\u0131n yo\u011funlu\u011funa g\u00f6re ki\u015fiden ki\u015fiye de\u011fi\u015fir. G\u00fcn\u00fcm\u00fczde en s\u0131k g\u00f6r\u00fclen durum, ya\u015fla birlikte olu\u015fan di\u015f lekelenmesidir. Boya i\u00e7eren i\u00e7eceklerin t\u00fcketimi (kahve, \u00e7ay, kola vb.), sigara, di\u015flerdeki travmalar, eski protezler, di\u015f kaplamalar\u0131 (veneers) ve amalgam dolgular da <strong>di\u015f renginin de\u011fi\u015fmesine <\/strong>yol a\u00e7ar. Uzun s\u00fcreli antibiyotik kullan\u0131m\u0131 (tetrasiklin gibi) ve a\u015f\u0131r\u0131 flor al\u0131m\u0131 da di\u015flerde renk de\u011fi\u015fimine sebep olur.   <\/p>\n\n<p><strong>Kime ve ne zaman di\u015f beyazlatma uygulanabilir?<\/strong><\/p>\n\n<p>E\u011fer di\u015flerinizin rengi koyuysa (sar\u0131, gri veya kahverengi tonlar) ya da di\u015flerinizde lekeler varsa, <strong>di\u015f beyazlatmaya uygunluk<\/strong> yap\u0131lan muayene ve te\u015fhis sonras\u0131nda belirlenir. Sa\u011fl\u0131kl\u0131 bir a\u011f\u0131zda di\u015f beyazlatma sorunsuz uygulanabilir. Di\u015f beyazlatma, daha beyaz ve do\u011fal bir g\u00fcl\u00fcmseme i\u00e7in g\u00fcvenli bir \u00e7\u00f6z\u00fcmd\u00fcr.  <\/p>\n\n<p><strong>Evet, di\u015f beyazlatma g\u00fcvenilir bir y\u00f6ntemdir?<\/strong><\/p>\n\n<p>Evet! Ara\u015ft\u0131rmalara g\u00f6re, di\u015f beyazlatma bir di\u015f hekiminin kontrol\u00fcnde yap\u0131ld\u0131\u011f\u0131nda son derece etkili ve g\u00fcvenilirdir. Di\u015fler 6 tona kadar a\u00e7\u0131labilir. Di\u015flere veya di\u015f etlerine zarar vermez. Bazen di\u015flerde so\u011fu\u011fa veya s\u0131ca\u011fa kar\u015f\u0131 hassasiyet olu\u015fabilir. Bu durum, <strong>i\u015flemin aral\u0131klarla uygulanmas\u0131<\/strong> veya tedavinin ge\u00e7ici olarak durdurulmas\u0131yla azalt\u0131labilir.     <\/p>\n\n<p><strong>Di\u015f beyazlatma ne kadar s\u00fcrer?<\/strong><\/p>\n\n<p>Di\u015f beyazlatma genellikle ilk seanstan sonra bile sonu\u00e7 verir. Ancak en iyi sonu\u00e7lara klinikte 1 \u2013 2 seansta ula\u015f\u0131l\u0131r. <\/p>\n\n<p><strong>Di\u015f beyazlatmadan sonra di\u015fler zamanla tekrar koyula\u015fabilir mi?<\/strong><\/p>\n\n<p>Di\u015fleriniz eski rengine geri d\u00f6nmez ve her zaman \u00f6nceki g\u00f6r\u00fcn\u00fcmlerine g\u00f6re daha beyaz g\u00f6r\u00fcn\u00fcr. Bazen bir y\u0131l sonra (s\u00fcre, hastan\u0131n al\u0131\u015fkanl\u0131klar\u0131 ve a\u011f\u0131z bak\u0131m\u0131yla ilgilidir) sadece bir veya iki kez yap\u0131lacak destekleyici bir tedavi gerekebilir. <\/p>\n\t\t\t\t\t\t\t\t<\/div>\n\t\t\t\t\t<\/div>\n\t\t\t\t<\/div>\n\t\t\t\t<\/div>\n\t\t","protected":false},"excerpt":{"rendered":"<p>\u0130mplantlar Protezler Di\u015f Kaplamalar\u0131 Kron Kaplamalar ve K\u00f6pr\u00fcler Di\u015f Kaplamalar\u0131 ve Di\u015f Beyazlatma T\u00fcrkiye \u0130stanbul Antalya \u0130zmir Ku\u015fadas\u0131 Di\u015f Kaplamalar\u0131 ve Di\u015f Beyazlatma T\u00fcrkiye \u0130stanbul Antalya \u0130zmir Ku\u015fadas\u0131 E\u011fer di\u015flerin rengi ve \u00f6zellikle \u015fekli tatmin edici de\u011filse, Lamine Di\u015f Kaplamalar\u0131 m\u00fckemmel bir estetik \u00e7\u00f6z\u00fcm sunar. Laminate di\u015f kaplamalar, di\u015flerin y\u00fczeyine yap\u0131\u015ft\u0131r\u0131lan porselenden yap\u0131lm\u0131\u015f bir tabaka ile uygulanan bir tedavi y\u00f6ntemidir. Laminate di\u015f kaplamalar g\u00fc\u00e7l\u00fc yap\u0131s\u0131 ve kal\u0131c\u0131 renkleri sayesinde \u00e7o\u011fu durumda do\u011fal ve g\u00fczel bir g\u00f6r\u00fcn\u00fcm ile di\u015flerin fonksiyonunu sa\u011flamak i\u00e7in yeterlidir. Laminate di\u015f kaplamalar ile daha \u00f6zg\u00fcvenli bir \u015fekilde g\u00fclersiniz. Seramikten yap\u0131lan Laminate di\u015f kaplamalar ince ve serttir, k\u0131r\u0131lmalara kar\u015f\u0131 dayan\u0131kl\u0131d\u0131r. Laminate Di\u015f Kaplamalr\u0131 hangi durumlarda uygulan\u0131r? Lamine di\u015f kaplamalar\u0131, di\u015flerdeki renk de\u011fi\u015fikliklerini gidermek ve yamuk di\u015fleri d\u00fczeltmek i\u00e7in kullan\u0131labilir. Ba\u015fl\u0131ca kullan\u0131m alanlar\u0131 \u015funlard\u0131r: Di\u015f beyazlatma ile d\u00fczeltilemeyen renklenme durumlar\u0131nda. D\u00fczg\u00fcn olmayan di\u015flerin d\u00fczeltilmesinde. K\u0131r\u0131lm\u0131\u015f di\u015flerin onar\u0131lmas\u0131nda. Eski dolgular\u0131n, di\u015fin do\u011fal rengine art\u0131k uyum sa\u011flamad\u0131\u011f\u0131 durumlar\u0131n d\u00fczeltilmesinde. Di\u015flerin dizilim bozukluklar\u0131nda LV estetik bir iyile\u015fme sa\u011flar. Bu tedavi y\u00f6nteminden kimler yararlanabilir? Neredeyse herkes! Yukar\u0131da bahsedilen sorunlar\u0131 ya\u015fayan her ya\u015f grubundaki insanlar bu tedavi y\u00f6nteminden faydalanabilir. Lamine Di\u015f Kaplamalar\u0131n Avantajlar\u0131 Di\u015flerinizin do\u011fal g\u00fczelli\u011fi bu y\u00f6ntemle m\u00fcmk\u00fcn, e\u011fer \u00e7\u00fcr\u00fckler, k\u0131r\u0131k di\u015fler veya dizilim bozukluklar\u0131 nedeniyle kendinden emin bir \u015fekilde g\u00fcl\u00fcmseyemiyorsan\u0131z. Eskiden bu t\u00fcr olumsuz durumlarda tek \u00e7\u00f6z\u00fcm dolgular ve tam kaplamalard\u0131. Bug\u00fcn ise Laminate di\u015f kaplama gibi yeni alternatifler mevcut. Di\u015f kaplamala, di\u015f beyazlatma T\u00fcrkiye \u0130stanbul Antalya \u0130zmir Ku\u015fadas\u0131 Di\u015f laboratuvar\u0131m\u0131z taraf\u0131ndan m\u00fckemmel \u015fekilde haz\u0131rlanm\u0131\u015f bir kaplama \u00fcretilir ve s\u00fcrekli uyum kontrol\u00fc yap\u0131larak yerle\u015ftirilir. T\u00fcrkiye\u2019de uygun ve en iyi di\u015f beyazlatma Di\u015f beyazlatma: Parlayan bir g\u00fcl\u00fc\u015f i\u00e7in Di\u015f rengi, di\u015flerdeki protein tabakas\u0131n\u0131n yo\u011funlu\u011funa g\u00f6re ki\u015fiden ki\u015fiye de\u011fi\u015fir. G\u00fcn\u00fcm\u00fczde en s\u0131k g\u00f6r\u00fclen durum, ya\u015fla birlikte olu\u015fan di\u015f lekelenmesidir. Boya i\u00e7eren i\u00e7eceklerin t\u00fcketimi (kahve, \u00e7ay, kola vb.), sigara, di\u015flerdeki travmalar, eski protezler, di\u015f kaplamalar\u0131 (veneers) ve amalgam dolgular da di\u015f renginin de\u011fi\u015fmesine yol a\u00e7ar. Uzun s\u00fcreli antibiyotik kullan\u0131m\u0131 (tetrasiklin gibi) ve a\u015f\u0131r\u0131 flor al\u0131m\u0131 da di\u015flerde renk de\u011fi\u015fimine sebep olur. Kime ve ne zaman di\u015f beyazlatma uygulanabilir? E\u011fer di\u015flerinizin rengi koyuysa (sar\u0131, gri veya kahverengi tonlar) ya da di\u015flerinizde lekeler varsa, di\u015f beyazlatmaya uygunluk yap\u0131lan muayene ve te\u015fhis sonras\u0131nda belirlenir. Sa\u011fl\u0131kl\u0131 bir a\u011f\u0131zda di\u015f beyazlatma sorunsuz uygulanabilir. Di\u015f beyazlatma, daha beyaz ve do\u011fal bir g\u00fcl\u00fcmseme i\u00e7in g\u00fcvenli bir \u00e7\u00f6z\u00fcmd\u00fcr. Evet, di\u015f beyazlatma g\u00fcvenilir bir y\u00f6ntemdir? Evet! Ara\u015ft\u0131rmalara g\u00f6re, di\u015f beyazlatma bir di\u015f hekiminin kontrol\u00fcnde yap\u0131ld\u0131\u011f\u0131nda son derece etkili ve g\u00fcvenilirdir. Di\u015fler 6 tona kadar a\u00e7\u0131labilir. Di\u015flere veya di\u015f etlerine zarar vermez. Bazen di\u015flerde so\u011fu\u011fa veya s\u0131ca\u011fa kar\u015f\u0131 hassasiyet olu\u015fabilir. Bu durum, i\u015flemin aral\u0131klarla uygulanmas\u0131 veya tedavinin ge\u00e7ici olarak durdurulmas\u0131yla azalt\u0131labilir. Di\u015f beyazlatma ne kadar s\u00fcrer? Di\u015f beyazlatma genellikle ilk seanstan sonra bile sonu\u00e7 verir. Ancak en iyi sonu\u00e7lara klinikte 1 \u2013 2 seansta ula\u015f\u0131l\u0131r. Di\u015f beyazlatmadan sonra di\u015fler zamanla tekrar koyula\u015fabilir mi? Di\u015fleriniz eski rengine geri d\u00f6nmez ve her zaman \u00f6nceki g\u00f6r\u00fcn\u00fcmlerine g\u00f6re daha beyaz g\u00f6r\u00fcn\u00fcr. Bazen bir y\u0131l sonra (s\u00fcre, hastan\u0131n al\u0131\u015fkanl\u0131klar\u0131 ve a\u011f\u0131z bak\u0131m\u0131yla ilgilidir) sadece bir veya iki kez yap\u0131lacak destekleyici bir tedavi gerekebilir.<\/p>\n","protected":false},"author":4,"featured_media":0,"parent":4819,"menu_order":0,"comment_status":"closed","ping_status":"closed","template":"","meta":{"_joinchat":[],"footnotes":""},"class_list":["post-4828","page","type-page","status-publish","hentry"],"acf":[],"_links":{"self":[{"href":"https:\/\/medicaltravel.at\/tr\/wp-json\/wp\/v2\/pages\/4828","targetHints":{"allow":["GET"]}}],"collection":[{"href":"https:\/\/medicaltravel.at\/tr\/wp-json\/wp\/v2\/pages"}],"about":[{"href":"https:\/\/medicaltravel.at\/tr\/wp-json\/wp\/v2\/types\/page"}],"author":[{"embeddable":true,"href":"https:\/\/medicaltravel.at\/tr\/wp-json\/wp\/v2\/users\/4"}],"replies":[{"embeddable":true,"href":"https:\/\/medicaltravel.at\/tr\/wp-json\/wp\/v2\/comments?post=4828"}],"version-history":[{"count":9,"href":"https:\/\/medicaltravel.at\/tr\/wp-json\/wp\/v2\/pages\/4828\/revisions"}],"predecessor-version":[{"id":5458,"href":"https:\/\/medicaltravel.at\/tr\/wp-json\/wp\/v2\/pages\/4828\/revisions\/5458"}],"up":[{"embeddable":true,"href":"https:\/\/medicaltravel.at\/tr\/wp-json\/wp\/v2\/pages\/4819"}],"wp:attachment":[{"href":"https:\/\/medicaltravel.at\/tr\/wp-json\/wp\/v2\/media?parent=4828"}],"curies":[{"name":"wp","href":"https:\/\/api.w.org\/{rel}","templated":true}]}}