{"id":4819,"date":"2025-09-27T15:21:19","date_gmt":"2025-09-27T14:21:19","guid":{"rendered":"https:\/\/medicaltravel.at\/dis-seyahati\/tuerkiyede-dis-duezeltme\/"},"modified":"2026-01-04T18:54:31","modified_gmt":"2026-01-04T17:54:31","slug":"tuerkiyede-dis-duezeltme","status":"publish","type":"page","link":"https:\/\/medicaltravel.at\/tr\/dis-seyahati\/tuerkiyede-dis-duezeltme\/","title":{"rendered":"T\u00fcrkiye&#8217;de Di\u015f D\u00fczeltme"},"content":{"rendered":"\t\t<div data-elementor-type=\"wp-page\" data-elementor-id=\"4819\" class=\"elementor elementor-4819 elementor-875\" data-elementor-post-type=\"page\">\n\t\t\t\t<div class=\"elementor-element elementor-element-4d737165 e-flex e-con-boxed wpr-particle-no wpr-jarallax-no wpr-parallax-no wpr-sticky-section-no e-con e-parent\" data-id=\"4d737165\" data-element_type=\"container\" data-e-type=\"container\">\n\t\t\t\t\t<div class=\"e-con-inner\">\n\t\t<div class=\"elementor-element elementor-element-060af11 e-con-full e-flex wpr-particle-no wpr-jarallax-no wpr-parallax-no wpr-sticky-section-no e-con e-child\" data-id=\"060af11\" data-element_type=\"container\" data-e-type=\"container\">\n\t\t\t\t<div class=\"elementor-element elementor-element-2bf4d34 elementor-widget elementor-widget-button\" data-id=\"2bf4d34\" data-element_type=\"widget\" data-e-type=\"widget\" data-widget_type=\"button.default\">\n\t\t\t\t\t\t\t\t\t\t<a class=\"elementor-button elementor-button-link elementor-size-sm\" href=\"https:\/\/medicaltravel.at\/tr\/dis-seyahati\/tuerkiyede-dis-duezeltme\/tuerkiyede-dis-implantlari-istanbul-antalya-izmir-kusadasi\/\">\n\t\t\t\t\t\t<span class=\"elementor-button-content-wrapper\">\n\t\t\t\t\t\t\t\t\t<span class=\"elementor-button-text\">\u0130mplantlar<\/span>\n\t\t\t\t\t<\/span>\n\t\t\t\t\t<\/a>\n\t\t\t\t\t\t\t\t<\/div>\n\t\t\t\t<div class=\"elementor-element elementor-element-4ba528c elementor-widget elementor-widget-button\" data-id=\"4ba528c\" data-element_type=\"widget\" data-e-type=\"widget\" data-widget_type=\"button.default\">\n\t\t\t\t\t\t\t\t\t\t<a class=\"elementor-button elementor-button-link elementor-size-sm\" href=\"https:\/\/medicaltravel.at\/tr\/dis-seyahati\/tuerkiyede-dis-duezeltme\/tuerkiyede-dis-protezleri-istanbul-antalya-izmir-kusadasi\/\">\n\t\t\t\t\t\t<span class=\"elementor-button-content-wrapper\">\n\t\t\t\t\t\t\t\t\t<span class=\"elementor-button-text\">Protezler<\/span>\n\t\t\t\t\t<\/span>\n\t\t\t\t\t<\/a>\n\t\t\t\t\t\t\t\t<\/div>\n\t\t\t\t<div class=\"elementor-element elementor-element-f4ba092 elementor-widget elementor-widget-button\" data-id=\"f4ba092\" data-element_type=\"widget\" data-e-type=\"widget\" data-widget_type=\"button.default\">\n\t\t\t\t\t\t\t\t\t\t<a class=\"elementor-button elementor-button-link elementor-size-sm\" href=\"https:\/\/medicaltravel.at\/tr\/dis-seyahati\/tuerkiyede-dis-duezeltme\/dis-kaplamalari-ve-dis-beyazlatma-tuerkiye-istanbul-antalya-izmir-kusadasi\/\">\n\t\t\t\t\t\t<span class=\"elementor-button-content-wrapper\">\n\t\t\t\t\t\t\t\t\t<span class=\"elementor-button-text\">Di\u015f Kaplamalar\u0131<\/span>\n\t\t\t\t\t<\/span>\n\t\t\t\t\t<\/a>\n\t\t\t\t\t\t\t\t<\/div>\n\t\t\t\t<div class=\"elementor-element elementor-element-8114347 elementor-widget elementor-widget-button\" data-id=\"8114347\" data-element_type=\"widget\" data-e-type=\"widget\" data-widget_type=\"button.default\">\n\t\t\t\t\t\t\t\t\t\t<a class=\"elementor-button elementor-button-link elementor-size-sm\" href=\"https:\/\/medicaltravel.at\/tr\/dis-seyahati\/tuerkiyede-dis-duezeltme\/tuerkiyede-dis-kaplamalari-ve-koeprueler-istanbul-antalya-izmir-kusadasi\/\">\n\t\t\t\t\t\t<span class=\"elementor-button-content-wrapper\">\n\t\t\t\t\t\t\t\t\t<span class=\"elementor-button-text\">Kron Kaplamalar ve K\u00f6pr\u00fcler<\/span>\n\t\t\t\t\t<\/span>\n\t\t\t\t\t<\/a>\n\t\t\t\t\t\t\t\t<\/div>\n\t\t\t\t<\/div>\n\t\t\t\t<div class=\"elementor-element elementor-element-2cb6d5d0 elementor-widget elementor-widget-text-editor\" data-id=\"2cb6d5d0\" data-element_type=\"widget\" data-e-type=\"widget\" data-widget_type=\"text-editor.default\">\n\t\t\t\t\t\t\t\t\t\n<h2 class=\"wp-block-heading\">Hizmet Yelpazesi- Di\u015f D\u00fczeltme- Di\u015f Tedavileri T\u00fcrkiye<\/h2>\n\n<p>Burada, <strong>T\u00fcrkiye\u2019deki di\u015f kliniklerinde<\/strong> ola\u011fan\u00fcst\u00fc kaliteli bir \u015fekilde ger\u00e7ekle\u015ftirilebilen di\u015f tedavileri hakk\u0131nda kapsaml\u0131 bilgiler bulabilirsiniz.<\/p>\n\n<p><strong>Di\u015f implantlar\u0131<\/strong><\/p>\n\n<p>A\u011f\u0131z i\u00e7i implantasyon, yapay di\u015f k\u00f6klerinin \u00e7ene kemi\u011fine yerle\u015ftirilmesi anlam\u0131na gelir. \u0130yile\u015ftikten sonra bunlar, yapay di\u015flerin (kronlar, k\u00f6pr\u00fcler veya protezler) sabitlenmesi i\u00e7in kullan\u0131l\u0131r. <br>\u0130mplantlar, \u00e7ene kemi\u011fi taraf\u0131ndan sorunsuz bir \u015fekilde kabul edilen doku dostu malzemelerden (titanyum) yap\u0131l\u0131r. \u00c7ene kemi\u011finde 10 y\u0131l veya daha uzun s\u00fcre kalabilirler. Ancak her durumda garanti verilemez. \u00c7o\u011fu zaman implantlar\u0131n \u00fczerine y\u00fck bindirilebilmesi i\u00e7in birka\u00e7 ayl\u0131k bir iyile\u015fme s\u00fcresi gereklidir. \u0130mplant t\u00fcr\u00fc, sizin \u00f6zel durumunuza ve mevcut \u00e7ene yap\u0131n\u0131za g\u00f6re se\u00e7ilir (\u00f6l\u00e7\u00fcmler vb. dikkate al\u0131narak).    <\/p>\n\n<p>Di\u015f implantlar\u0131 hakk\u0131nda daha fazla bilgiyi burada bulabilirsiniz.<\/p>\n\n<figure class=\"wp-block-image size-full\"><img fetchpriority=\"high\" decoding=\"async\" width=\"768\" height=\"486\" class=\"wp-image-1532\" src=\"https:\/\/medicaltravel.at\/wp-content\/uploads\/2025\/09\/dentalimplants-768x486-1.jpg\" alt=\"\" srcset=\"https:\/\/medicaltravel.at\/wp-content\/uploads\/2025\/09\/dentalimplants-768x486-1.jpg 768w, https:\/\/medicaltravel.at\/wp-content\/uploads\/2025\/09\/dentalimplants-768x486-1-300x190.jpg 300w\" sizes=\"(max-width: 768px) 100vw, 768px\" \/><\/figure>\n\n<p id=\"caption-attachment-7225\">T\u00fcrkiye\u2019de Di\u015f \u0130mplantlar\u0131<\/p>\n\n<p><strong>Kron Kaplama<\/strong><\/p>\n\n<p>E\u011fer derin bir \u00e7\u00fcr\u00fck nedeniyle di\u015fin b\u00fcy\u00fck k\u0131sm\u0131 kaybolmu\u015fsa veya kaza sonucu hasar olu\u015fmu\u015fsa, di\u015fi dolgu ile onarmak \u00e7o\u011fu zaman m\u00fcmk\u00fcn olmaz. Dolgudan farkl\u0131 olarak, di\u015fe yerle\u015ftirilen kron, di\u015fin a\u011f\u0131zda g\u00f6r\u00fcnen k\u0131sm\u0131n\u0131n bir b\u00f6l\u00fcm\u00fcn\u00fc veya tamam\u0131n\u0131 kapsar ve di\u015fe yeniden \u015fekil ve yeterli dayan\u0131kl\u0131l\u0131k kazand\u0131r\u0131r; g\u00f6r\u00fcn\u00fcr b\u00f6lgede ise neredeyse do\u011fal bir g\u00f6r\u00fcn\u00fcm sa\u011flar. <\/p>\n\n<p>Di\u015f kaplamalar\u0131 hakk\u0131nda daha fazla bilgiyi buradan bulabilirsiniz.<\/p>\n\n<p><strong>K\u00f6pr\u00fcler<\/strong><\/p>\n\n<p>Di\u015flerde bo\u015fluklar varsa, m\u00fcmk\u00fcnse bunlar kapat\u0131lmal\u0131d\u0131r. B\u00f6ylece hem \u00e7i\u011fneme fonksiyonu tamamen geri kazan\u0131l\u0131r, hem de g\u00f6r\u00fcn\u00fcr b\u00f6lgede estetik bir g\u00f6r\u00fcn\u00fcm sa\u011flan\u0131r ve konu\u015fma fonksiyonu do\u011fru \u015fekilde yerine getirilebilir.<\/p>\n\n<p>K\u00f6pr\u00fcler hakk\u0131nda daha fazla bilgiyi buradan bulabilirsiniz.<\/p>\n\n<p><strong>Protezler<\/strong><\/p>\n\n<p>Protezlerde, k\u0131smi ve tam protezler aras\u0131nda ayr\u0131m yap\u0131l\u0131r.<\/p>\n\n<ul class=\"wp-block-list\">\n<li>K\u0131smi Protezler<\/li>\n\n<li>Tam Protezler<\/li>\n<\/ul>\n\n<p>Protezler hakk\u0131nda daha fazla bilgiyi burada bulabilirsiniz<\/p>\n\n<p><strong>Estetik M\u00fcdahaleler<\/strong><\/p>\n\n<ul class=\"wp-block-list\">\n<li>\n<ul class=\"wp-block-list\">\n<li>Di\u015f Kaplamalar<\/li>\n<\/ul>\n<\/li>\n<\/ul>\n\n<p>M\u00fckemmel, g\u00fczel, beyaz bir \u00f6n di\u015f g\u00f6r\u00fcn\u00fcm\u00fc bir\u00e7ok hastam\u0131z\u0131n iste\u011fidir. Biz bunu ger\u00e7e\u011fe d\u00f6n\u00fc\u015ft\u00fcr\u00fcyoruz. Di\u015f kaplamalar\u0131, yani kronlara nazik bir alternatif ile.  <\/p>\n\n<ul class=\"wp-block-list\">\n<li>\n<ul class=\"wp-block-list\">\n<li>Di\u015f beyazlatma: Parlayan bir g\u00fcl\u00fc\u015f i\u00e7in<\/li>\n<\/ul>\n<\/li>\n<\/ul>\n\n<p>Di\u015f rengi, di\u015flerdeki protein tabakas\u0131n\u0131n yo\u011funlu\u011funa g\u00f6re ki\u015fiden ki\u015fiye de\u011fi\u015fir. G\u00fcn\u00fcm\u00fczde en s\u0131k g\u00f6r\u00fclen durum, ya\u015fla birlikte olu\u015fan di\u015f lekelenmesidir. Boya i\u00e7eren i\u00e7eceklerin t\u00fcketimi (kahve, \u00e7ay, kola vb.), sigara, di\u015flerdeki travmalar, eski protezler, di\u015f kaplamalar\u0131 (veneers) ve amalgam dolgular da di\u015f renginin de\u011fi\u015fmesine yol a\u00e7ar. Uzun s\u00fcreli antibiyotik kullan\u0131m\u0131 (tetrasiklin gibi) ve a\u015f\u0131r\u0131 flor al\u0131m\u0131 da di\u015flerde renk de\u011fi\u015fimine sebep olur.   <\/p>\n\n<p>Estetik i\u015flemler hakk\u0131nda daha fazla bilgiyi burada bulabilirsiniz.<\/p>\n\t\t\t\t\t\t\t\t<\/div>\n\t\t\t\t\t<\/div>\n\t\t\t\t<\/div>\n\t\t\t\t<\/div>\n\t\t","protected":false},"excerpt":{"rendered":"<p>\u0130mplantlar Protezler Di\u015f Kaplamalar\u0131 Kron Kaplamalar ve K\u00f6pr\u00fcler Hizmet Yelpazesi- Di\u015f D\u00fczeltme- Di\u015f Tedavileri T\u00fcrkiye Burada, T\u00fcrkiye\u2019deki di\u015f kliniklerinde ola\u011fan\u00fcst\u00fc kaliteli bir \u015fekilde ger\u00e7ekle\u015ftirilebilen di\u015f tedavileri hakk\u0131nda kapsaml\u0131 bilgiler bulabilirsiniz. Di\u015f implantlar\u0131 A\u011f\u0131z i\u00e7i implantasyon, yapay di\u015f k\u00f6klerinin \u00e7ene kemi\u011fine yerle\u015ftirilmesi anlam\u0131na gelir. \u0130yile\u015ftikten sonra bunlar, yapay di\u015flerin (kronlar, k\u00f6pr\u00fcler veya protezler) sabitlenmesi i\u00e7in kullan\u0131l\u0131r. \u0130mplantlar, \u00e7ene kemi\u011fi taraf\u0131ndan sorunsuz bir \u015fekilde kabul edilen doku dostu malzemelerden (titanyum) yap\u0131l\u0131r. \u00c7ene kemi\u011finde 10 y\u0131l veya daha uzun s\u00fcre kalabilirler. Ancak her durumda garanti verilemez. \u00c7o\u011fu zaman implantlar\u0131n \u00fczerine y\u00fck bindirilebilmesi i\u00e7in birka\u00e7 ayl\u0131k bir iyile\u015fme s\u00fcresi gereklidir. \u0130mplant t\u00fcr\u00fc, sizin \u00f6zel durumunuza ve mevcut \u00e7ene yap\u0131n\u0131za g\u00f6re se\u00e7ilir (\u00f6l\u00e7\u00fcmler vb. dikkate al\u0131narak). Di\u015f implantlar\u0131 hakk\u0131nda daha fazla bilgiyi burada bulabilirsiniz. T\u00fcrkiye\u2019de Di\u015f \u0130mplantlar\u0131 Kron Kaplama E\u011fer derin bir \u00e7\u00fcr\u00fck nedeniyle di\u015fin b\u00fcy\u00fck k\u0131sm\u0131 kaybolmu\u015fsa veya kaza sonucu hasar olu\u015fmu\u015fsa, di\u015fi dolgu ile onarmak \u00e7o\u011fu zaman m\u00fcmk\u00fcn olmaz. Dolgudan farkl\u0131 olarak, di\u015fe yerle\u015ftirilen kron, di\u015fin a\u011f\u0131zda g\u00f6r\u00fcnen k\u0131sm\u0131n\u0131n bir b\u00f6l\u00fcm\u00fcn\u00fc veya tamam\u0131n\u0131 kapsar ve di\u015fe yeniden \u015fekil ve yeterli dayan\u0131kl\u0131l\u0131k kazand\u0131r\u0131r; g\u00f6r\u00fcn\u00fcr b\u00f6lgede ise neredeyse do\u011fal bir g\u00f6r\u00fcn\u00fcm sa\u011flar. Di\u015f kaplamalar\u0131 hakk\u0131nda daha fazla bilgiyi buradan bulabilirsiniz. K\u00f6pr\u00fcler Di\u015flerde bo\u015fluklar varsa, m\u00fcmk\u00fcnse bunlar kapat\u0131lmal\u0131d\u0131r. B\u00f6ylece hem \u00e7i\u011fneme fonksiyonu tamamen geri kazan\u0131l\u0131r, hem de g\u00f6r\u00fcn\u00fcr b\u00f6lgede estetik bir g\u00f6r\u00fcn\u00fcm sa\u011flan\u0131r ve konu\u015fma fonksiyonu do\u011fru \u015fekilde yerine getirilebilir. K\u00f6pr\u00fcler hakk\u0131nda daha fazla bilgiyi buradan bulabilirsiniz. Protezler Protezlerde, k\u0131smi ve tam protezler aras\u0131nda ayr\u0131m yap\u0131l\u0131r. K\u0131smi Protezler Tam Protezler Protezler hakk\u0131nda daha fazla bilgiyi burada bulabilirsiniz Estetik M\u00fcdahaleler Di\u015f Kaplamalar M\u00fckemmel, g\u00fczel, beyaz bir \u00f6n di\u015f g\u00f6r\u00fcn\u00fcm\u00fc bir\u00e7ok hastam\u0131z\u0131n iste\u011fidir. Biz bunu ger\u00e7e\u011fe d\u00f6n\u00fc\u015ft\u00fcr\u00fcyoruz. Di\u015f kaplamalar\u0131, yani kronlara nazik bir alternatif ile. Di\u015f beyazlatma: Parlayan bir g\u00fcl\u00fc\u015f i\u00e7in Di\u015f rengi, di\u015flerdeki protein tabakas\u0131n\u0131n yo\u011funlu\u011funa g\u00f6re ki\u015fiden ki\u015fiye de\u011fi\u015fir. G\u00fcn\u00fcm\u00fczde en s\u0131k g\u00f6r\u00fclen durum, ya\u015fla birlikte olu\u015fan di\u015f lekelenmesidir. Boya i\u00e7eren i\u00e7eceklerin t\u00fcketimi (kahve, \u00e7ay, kola vb.), sigara, di\u015flerdeki travmalar, eski protezler, di\u015f kaplamalar\u0131 (veneers) ve amalgam dolgular da di\u015f renginin de\u011fi\u015fmesine yol a\u00e7ar. Uzun s\u00fcreli antibiyotik kullan\u0131m\u0131 (tetrasiklin gibi) ve a\u015f\u0131r\u0131 flor al\u0131m\u0131 da di\u015flerde renk de\u011fi\u015fimine sebep olur. Estetik i\u015flemler hakk\u0131nda daha fazla bilgiyi burada bulabilirsiniz.<\/p>\n","protected":false},"author":4,"featured_media":0,"parent":4817,"menu_order":0,"comment_status":"closed","ping_status":"closed","template":"","meta":{"_joinchat":[],"footnotes":""},"class_list":["post-4819","page","type-page","status-publish","hentry"],"acf":[],"_links":{"self":[{"href":"https:\/\/medicaltravel.at\/tr\/wp-json\/wp\/v2\/pages\/4819","targetHints":{"allow":["GET"]}}],"collection":[{"href":"https:\/\/medicaltravel.at\/tr\/wp-json\/wp\/v2\/pages"}],"about":[{"href":"https:\/\/medicaltravel.at\/tr\/wp-json\/wp\/v2\/types\/page"}],"author":[{"embeddable":true,"href":"https:\/\/medicaltravel.at\/tr\/wp-json\/wp\/v2\/users\/4"}],"replies":[{"embeddable":true,"href":"https:\/\/medicaltravel.at\/tr\/wp-json\/wp\/v2\/comments?post=4819"}],"version-history":[{"count":9,"href":"https:\/\/medicaltravel.at\/tr\/wp-json\/wp\/v2\/pages\/4819\/revisions"}],"predecessor-version":[{"id":5462,"href":"https:\/\/medicaltravel.at\/tr\/wp-json\/wp\/v2\/pages\/4819\/revisions\/5462"}],"up":[{"embeddable":true,"href":"https:\/\/medicaltravel.at\/tr\/wp-json\/wp\/v2\/pages\/4817"}],"wp:attachment":[{"href":"https:\/\/medicaltravel.at\/tr\/wp-json\/wp\/v2\/media?parent=4819"}],"curies":[{"name":"wp","href":"https:\/\/api.w.org\/{rel}","templated":true}]}}