{"id":4815,"date":"2025-09-28T09:53:21","date_gmt":"2025-09-28T08:53:21","guid":{"rendered":"https:\/\/medicaltravel.at\/hasta-hikayeleri\/2011-yili-hasta-raporlari\/istanbuldaki-acibadem-hastanesinde-cocuk-sahibi-olma-tedavimiz-pazar-14-agustos-2011-tarihli-rapor\/"},"modified":"2026-01-13T15:47:53","modified_gmt":"2026-01-13T14:47:53","slug":"istanbuldaki-acibadem-hastanesinde-cocuk-sahibi-olma-tedavimiz-pazar-14-agustos-2011-tarihli-rapor","status":"publish","type":"page","link":"https:\/\/medicaltravel.at\/tr\/hasta-hikayeleri\/2011-yili-hasta-raporlari\/istanbuldaki-acibadem-hastanesinde-cocuk-sahibi-olma-tedavimiz-pazar-14-agustos-2011-tarihli-rapor\/","title":{"rendered":"\u0130stanbul\u2019daki Ac\u0131badem Hastanesi\u2019nde \u00c7ocuk Sahibi Olma Tedavimiz \u2013 Pazar, 14 A\u011fustos 2011 Tarihli Rapor"},"content":{"rendered":"\n<p><strong>\u0130stanbul\u2019daki Ac\u0131badem Hastanesi\u2019nde \u00c7ocuk Sahibi Olma Tedavimiz<\/strong> \u2013 Pazar, 14 A\u011fustos 2011 Tarihli Rapor<\/p>\n\n<p>Herkese Merhaba,<br\/><br\/>Hik\u00e2yemi payla\u015fmak istiyorum. Benim ad\u0131m Isejnoska Meltena, Makedonya as\u0131ll\u0131y\u0131m ama 1993\u2019ten beri \u0130svi\u00e7re\u2019de ya\u015f\u0131yorum. 10 y\u0131ld\u0131r e\u015fim Mehmet Isejnoski ile evliyim. \u00c7ok zor zamanlar ge\u00e7irdik. Ben d\u00f6rt operasyon ge\u00e7irdim (d\u0131\u015f gebelikler nedeniyle).<br\/><br\/>Bundan sonra t\u00fcp bebek tedavisine karar verdik. Ancak \u0130svi\u00e7re\u2019de hi\u00e7 \u015fans\u0131m\u0131z olmad\u0131. Alt\u0131 t\u00fcp bebek denemesinden sonra bile ba\u015far\u0131l\u0131 olamad\u0131k.<br\/><br\/>Bir g\u00fcn, May\u0131s 2011\u2019de e\u015fim internetten ara\u015ft\u0131rma yapt\u0131 ve T\u00fcrkiye\u2019den Dr. G\u00fcrkan Ar\u0131kan\u2019\u0131 buldu. O, Avusturya\u2019n\u0131n Graz \u015fehrindeydi ve biz oray\u0131 ziyaret ederek t\u00fcp bebek hakk\u0131nda bilgi ald\u0131k. Bir g\u00fcn de Z\u00fcrih\u2019te bir seminer verdi ve biz onu tekrar g\u00f6rd\u00fck. Orada Swisslasik\u2019i tan\u0131d\u0131k ve onlarla ileti\u015fime ge\u00e7tik.<br\/><br\/>Sonras\u0131nda T\u00fcrkiye\u2019de t\u00fcp bebek tedavisine karar verdik. Swisslasik her \u015feyi organize etti: u\u00e7u\u015flar\u0131, havaalan\u0131 kar\u015f\u0131lama servisini ve di\u011fer detaylar\u0131. T\u00fcrkiye\u2019ye gittik ve orada mutlulu\u011fumuzu bulduk. Ac\u0131badem Hastanesi \u00e7ok iyiydi, \u00e7ok temiz ve hijyenikti, personel \u00e7ok nazik ve yard\u0131mseverdi.<br\/><br\/>Tedavi yakla\u015f\u0131k 10-12 g\u00fcn s\u00fcrd\u00fc. Operasyon sorunsuz ge\u00e7ti. 17 Temmuz 2011\u2019de operasyonum yap\u0131ld\u0131. 22 Temmuz 2011\u2019de transfer ger\u00e7ekle\u015fti ve bu da \u00e7ok iyi ilerledi. Daha sonra tekrar \u0130svi\u00e7re\u2019ye d\u00f6nd\u00fck.<br\/><br\/>\u015eimdi 2 A\u011fustos 2011\u2019de aile hekimimde yap\u0131lacak kan testini beklememiz gerekiyordu. \u00d6\u011fleden sonra bizi arad\u0131lar ve sonu\u00e7 pozitif \u00e7\u0131kt\u0131! Bu kadar denemeden sonra \u00e7ok mutlu olduk. T\u00fcrkiye\u2019de mutlulu\u011fumuzu bulduk. Art\u0131k ba\u015fard\u0131k, hayalimiz ger\u00e7ek oldu.<br\/><br\/>Herkese bunu denemelerini tavsiye ederim \u2013 asla \u015fans\u0131n nerede sizi bekledi\u011fini bilemezsiniz \u2013 bizim i\u00e7in T\u00fcrkiye\u2019deydi.<br\/><br\/>Sayg\u0131lar\u0131mla<br\/>Isejnoska Meltena ve Isejnoski Mehmet                              <\/p>\n\n<div class=\"wp-block-group is-layout-grid wp-container-core-group-is-layout-baef362d wp-block-group-is-layout-grid\">\n<p><a href=\"https:\/\/medicaltravel.at\/home\/agb\/\" data-type=\"page\" data-id=\"2191\"><\/a><a href=\"https:\/\/medicaltravel.at\/tr\/hasta-hikayeleri\/2011-yili-hasta-raporlari\/istanbuldaki-lasik-tedavim-carsamba-17-agustos-2011-tarihli-rapor\/\" data-type=\"link\" data-id=\"https:\/\/medicaltravel.at\/berichte-von-patienten\/patientenberichte-2011\/meine-lasik-behandlung-in-istanbul-bericht-vom-mittwoch-17-august-2011\/\">\u00d6nceki Rapor<\/a><\/p>\n\n\n\n<p class=\"has-text-align-right wp-container-content-5e2576f9\"><a href=\"https:\/\/medicaltravel.at\/home\/impressum\/\" data-type=\"page\" data-id=\"2193\"><\/a><a href=\"https:\/\/medicaltravel.at\/home\/berichte-von-patienten\/erfahrungsberichte\/erfahrungsbericht-zahnbehandlung-in-istanbul\/\" data-type=\"page\" data-id=\"981\"><\/a><a href=\"https:\/\/medicaltravel.at\/tr\/hasta-hikayeleri\/2011-yili-hasta-raporlari\/istanbuldaki-acibadem-hastanesinde-yaptirdigim-liposuction-yag-aldirma-islemi-pazar-07-agustos-2011-tarihli-rapor\/\" data-type=\"link\" data-id=\"https:\/\/medicaltravel.at\/berichte-von-patienten\/patientenberichte-2011\/meine-liposuction-in-istanbul-beim-acibadem-spital-bericht-vom-sonntag-07-august-2011\/\">Sonraki Rapor<\/a><\/p>\n<\/div>\n","protected":false},"excerpt":{"rendered":"<p>\u0130stanbul\u2019daki Ac\u0131badem Hastanesi\u2019nde \u00c7ocuk Sahibi Olma Tedavimiz \u2013 Pazar, 14 A\u011fustos 2011 Tarihli Rapor Herkese Merhaba, Hik\u00e2yemi payla\u015fmak istiyorum. Benim ad\u0131m Isejnoska Meltena, Makedonya as\u0131ll\u0131y\u0131m ama 1993\u2019ten beri \u0130svi\u00e7re\u2019de ya\u015f\u0131yorum. 10 y\u0131ld\u0131r e\u015fim Mehmet Isejnoski ile evliyim. \u00c7ok zor zamanlar ge\u00e7irdik. Ben d\u00f6rt operasyon ge\u00e7irdim (d\u0131\u015f gebelikler nedeniyle). Bundan sonra t\u00fcp bebek tedavisine karar verdik. Ancak \u0130svi\u00e7re\u2019de hi\u00e7 \u015fans\u0131m\u0131z olmad\u0131. Alt\u0131 t\u00fcp bebek denemesinden sonra bile ba\u015far\u0131l\u0131 olamad\u0131k. Bir g\u00fcn, May\u0131s 2011\u2019de e\u015fim internetten ara\u015ft\u0131rma yapt\u0131 ve T\u00fcrkiye\u2019den Dr. G\u00fcrkan Ar\u0131kan\u2019\u0131 buldu. O, Avusturya\u2019n\u0131n Graz \u015fehrindeydi ve biz oray\u0131 ziyaret ederek t\u00fcp bebek hakk\u0131nda bilgi ald\u0131k. Bir g\u00fcn de Z\u00fcrih\u2019te bir seminer verdi ve biz onu tekrar g\u00f6rd\u00fck. Orada Swisslasik\u2019i tan\u0131d\u0131k ve onlarla ileti\u015fime ge\u00e7tik. Sonras\u0131nda T\u00fcrkiye\u2019de t\u00fcp bebek tedavisine karar verdik. Swisslasik her \u015feyi organize etti: u\u00e7u\u015flar\u0131, havaalan\u0131 kar\u015f\u0131lama servisini ve di\u011fer detaylar\u0131. T\u00fcrkiye\u2019ye gittik ve orada mutlulu\u011fumuzu bulduk. Ac\u0131badem Hastanesi \u00e7ok iyiydi, \u00e7ok temiz ve hijyenikti, personel \u00e7ok nazik ve yard\u0131mseverdi. Tedavi yakla\u015f\u0131k 10-12 g\u00fcn s\u00fcrd\u00fc. Operasyon sorunsuz ge\u00e7ti. 17 Temmuz 2011\u2019de operasyonum yap\u0131ld\u0131. 22 Temmuz 2011\u2019de transfer ger\u00e7ekle\u015fti ve bu da \u00e7ok iyi ilerledi. Daha sonra tekrar \u0130svi\u00e7re\u2019ye d\u00f6nd\u00fck. \u015eimdi 2 A\u011fustos 2011\u2019de aile hekimimde yap\u0131lacak kan testini beklememiz gerekiyordu. \u00d6\u011fleden sonra bizi arad\u0131lar ve sonu\u00e7 pozitif \u00e7\u0131kt\u0131! Bu kadar denemeden sonra \u00e7ok mutlu olduk. T\u00fcrkiye\u2019de mutlulu\u011fumuzu bulduk. Art\u0131k ba\u015fard\u0131k, hayalimiz ger\u00e7ek oldu. Herkese bunu denemelerini tavsiye ederim \u2013 asla \u015fans\u0131n nerede sizi bekledi\u011fini bilemezsiniz \u2013 bizim i\u00e7in T\u00fcrkiye\u2019deydi. Sayg\u0131lar\u0131mlaIsejnoska Meltena ve Isejnoski Mehmet \u00d6nceki Rapor Sonraki Rapor<\/p>\n","protected":false},"author":4,"featured_media":0,"parent":4771,"menu_order":0,"comment_status":"closed","ping_status":"closed","template":"","meta":{"_joinchat":[],"footnotes":""},"class_list":["post-4815","page","type-page","status-publish","hentry"],"acf":[],"_links":{"self":[{"href":"https:\/\/medicaltravel.at\/tr\/wp-json\/wp\/v2\/pages\/4815","targetHints":{"allow":["GET"]}}],"collection":[{"href":"https:\/\/medicaltravel.at\/tr\/wp-json\/wp\/v2\/pages"}],"about":[{"href":"https:\/\/medicaltravel.at\/tr\/wp-json\/wp\/v2\/types\/page"}],"author":[{"embeddable":true,"href":"https:\/\/medicaltravel.at\/tr\/wp-json\/wp\/v2\/users\/4"}],"replies":[{"embeddable":true,"href":"https:\/\/medicaltravel.at\/tr\/wp-json\/wp\/v2\/comments?post=4815"}],"version-history":[{"count":1,"href":"https:\/\/medicaltravel.at\/tr\/wp-json\/wp\/v2\/pages\/4815\/revisions"}],"predecessor-version":[{"id":4816,"href":"https:\/\/medicaltravel.at\/tr\/wp-json\/wp\/v2\/pages\/4815\/revisions\/4816"}],"up":[{"embeddable":true,"href":"https:\/\/medicaltravel.at\/tr\/wp-json\/wp\/v2\/pages\/4771"}],"wp:attachment":[{"href":"https:\/\/medicaltravel.at\/tr\/wp-json\/wp\/v2\/media?parent=4815"}],"curies":[{"name":"wp","href":"https:\/\/api.w.org\/{rel}","templated":true}]}}