{"id":4813,"date":"2025-09-28T10:00:02","date_gmt":"2025-09-28T09:00:02","guid":{"rendered":"https:\/\/medicaltravel.at\/hasta-hikayeleri\/2011-yili-hasta-raporlari\/yeni-kazanilmis-yasam-kalitesi-cumartesi-21-mayis-2011-tarihli-rapor\/"},"modified":"2026-01-13T15:53:14","modified_gmt":"2026-01-13T14:53:14","slug":"yeni-kazanilmis-yasam-kalitesi-cumartesi-21-mayis-2011-tarihli-rapor","status":"publish","type":"page","link":"https:\/\/medicaltravel.at\/tr\/hasta-hikayeleri\/2011-yili-hasta-raporlari\/yeni-kazanilmis-yasam-kalitesi-cumartesi-21-mayis-2011-tarihli-rapor\/","title":{"rendered":"Yeni Kazan\u0131lm\u0131\u015f Ya\u015fam Kalitesi \u2013 Cumartesi, 21 May\u0131s 2011 Tarihli Rapor"},"content":{"rendered":"\n<p><strong>Yeni Kazan\u0131lm\u0131\u015f Ya\u015fam Kalitesi <\/strong>\u2013 Cumartesi, 21 May\u0131s 2011 Tarihli Rapor<\/p>\n\n<p>Yakla\u015f\u0131k 10 ya\u015f\u0131ndayken g\u00f6rme keskinli\u011fim azalmaya ba\u015flad\u0131 ve o zamandan beri s\u00fcrekli g\u00f6zl\u00fck takmak zorunda kald\u0131m. O ya\u015fta zaten \u00e7ok spor yap\u0131yor ve olduk\u00e7a aktif biriydim, bu y\u00fczden bu \u201c\u015fey\u201d beni o zamanlar bile rahats\u0131z ediyordu. Gen\u00e7 tak\u0131mda hentbol oynuyor ve \u00e7ok yo\u011fun bir \u015fekilde atletizm yap\u0131yordum. Hentbol bir temas sporu ve bu nedenle g\u00f6zl\u00fckler i\u00e7in \u201c\u00f6l\u00fcmc\u00fcl\u201d. Bu y\u00fczden erken ya\u015fta lens takmaya ba\u015flad\u0131m. Ancak bug\u00fcne kadar kendimi rahat hissetti\u011fim bir \u00fcr\u00fcn bulamad\u0131m. Bu y\u00fczden \u00e7ok erken ya\u015fta bir g\u00fcn g\u00f6zlerimi lazerle tedavi ettirmeyi d\u00fc\u015f\u00fcnmeye ba\u015flad\u0131m.<br\/><br\/>Meslek e\u011fitimimin hemen ard\u0131ndan \u00fcniversiteye ba\u015flad\u0131m ve e\u011fitimimi tamamlayana kadar bu m\u00fcdahaleyi kar\u015f\u0131layacak maddi imk\u00e2n\u0131m yoktu. Alt\u0131 ay \u00e7al\u0131\u015ft\u0131ktan sonra bor\u00e7lar\u0131m\u0131 \u00f6dedim ve bir miktar tasarruf biriktirdim. B\u00f6ylece lazer operasyonu i\u00e7in ara\u015ft\u0131rmaya ve bilgi toplamaya ba\u015flad\u0131m.<br\/><br\/>G\u00f6z lazer merkezi VEDIS\u2019e olduk\u00e7a yak\u0131n ya\u015f\u0131yordum ve bu merkezin \u0130svi\u00e7re genelinde m\u00fckemmel bir itibar\u0131 vard\u0131. Orada bir bilgilendirme toplant\u0131s\u0131na kat\u0131ld\u0131m, \u00f6n muayene yapt\u0131rd\u0131m ve o zamana kadar fiyat\/performans teklifinden memnundum. Ne yaz\u0131k ki sonras\u0131nda sigortalar, daha iyi lazer se\u00e7ene\u011fi gibi (hasta olarak bunu se\u00e7iyorsunuz, \u00e7\u00fcnk\u00fc kendi g\u00f6z\u00fcn\u00fczle \u015faka yap\u0131lmaz) gizli ek maliyetler ortaya \u00e7\u0131kt\u0131. Bu durum bana \u00e7ok g\u00fcvenilmez geldi ve her \u015fey olduk\u00e7a pahal\u0131ya geliyordu.<br\/><br\/>Ara\u015ft\u0131rmalar\u0131m s\u0131ras\u0131nda Google sayesinde s\u00fcrekli \u0130stanbul\u2019daki lazer teklifleri ile kar\u015f\u0131la\u015ft\u0131m. Ancak bunlara kar\u015f\u0131 hep \u00e7ok \u015f\u00fcpheciydim (tipik \u0130svi\u00e7reli\u2026) ve \u0130stanbul\u2019a gidip olumlu deneyimler ya\u015fam\u0131\u015f kimseyi tan\u0131mad\u0131\u011f\u0131m i\u00e7in bu ad\u0131m kar\u015f\u0131s\u0131nda b\u00fcy\u00fck bir \u201csayg\u0131\u201d duydum.<br\/><br\/>Daha detayl\u0131 ara\u015ft\u0131rmalar sonucunda ikna edici ve ilgin\u00e7 ger\u00e7ekler ortaya \u00e7\u0131kt\u0131:<br\/><br\/>Her \u015fey \u0130svi\u00e7re\u2019ye g\u00f6re \u00e7ok daha ucuz (u\u00e7ak, otel, operasyon, \u0130svi\u00e7re\u2019deki kontroller, g\u00f6z damlalar\u0131, refakat\u00e7i vb. dahil)<br\/>\u0130svi\u00e7re\u2019den daha iyi lazer cihaz\u0131<br\/>1\u2019e 1 hasta takibi<br\/>\u0130svi\u00e7re\u2019ye g\u00f6re daha iyi hijyen standartlar\u0131<br\/>Daha deneyimli doktorlar<br\/>\u0130stanbul gezisini ayn\u0131 zamanda bir \u015fehir turu olarak kullanabilme<br\/>Daha esnek operasyon tarihleri (neredeyse her g\u00fcn)<br\/>\u00d6m\u00fcr boyu garanti<br\/>Kornea kal\u0131nl\u0131\u011f\u0131 ile ilgili daha y\u00fcksek kriterler<br\/>Hastan\u0131n kuru g\u00f6zleri varsa S-Lasik imk\u00e2n\u0131 (\u0130svi\u00e7re\u2019de hen\u00fcz yok)<br\/>vb.<br\/><br\/>Bu avantajlar beni ikna etti ve Swisslasik ile (Serdar Karaagc\u0131) ileti\u015fime ge\u00e7tim. Serdar Karaagc\u0131 ile \u0130stanbul\u2019daki operasyon hakk\u0131nda konu\u015fmak i\u00e7in bir kahve bulu\u015ftuk. Bu g\u00f6r\u00fc\u015fme benim i\u00e7in \u00e7ok \u00f6nemliydi, \u00e7\u00fcnk\u00fc \u0130stanbul\u2019a gidip lazer operasyonu yapt\u0131rm\u0131\u015f birini tan\u0131m\u0131yordum. Hollandal\u0131 birini tan\u0131yordum sadece, o Hollanda\u2019da yapt\u0131rm\u0131\u015ft\u0131.<br\/><br\/>Ayr\u0131ca b\u00f6ylece herhangi bir sorun durumunda g\u00fcvenebilece\u011fim bir ki\u015fi edinmi\u015f oldum. Bu gayriresm\u00ee ve \u00e7ok samimi g\u00f6r\u00fc\u015fme beni %99 oran\u0131nda \u0130stanbul\u2019daki operasyona ikna etti. B\u00f6ylece g\u00fczel bir g\u00fcnde, bir kez daha g\u00fcne\u015f g\u00f6zl\u00fc\u011f\u00fc takmadan d\u0131\u015far\u0131da oldu\u011fum ve g\u00f6zl\u00fck takan biri olarak hep g\u00fcne\u015f g\u00f6zl\u00fc\u011f\u00fc ta\u015f\u0131mad\u0131\u011f\u0131m i\u00e7in rahats\u0131z oldu\u011fum bir anda \u0130stanbul\u2019daki operasyon i\u00e7in karar verdim.                      Ama operasyon g\u00fcn\u00fcne kadar bu teklife kar\u015f\u0131 h\u00e2l\u00e2 \u015f\u00fcpheciydim, \u00e7\u00fcnk\u00fc bu kadar kapsaml\u0131 ve uygun fiyatl\u0131 bir paket mutlaka bir \u201cp\u00fcf noktas\u0131\u201d olmal\u0131 diye d\u00fc\u015f\u00fcn\u00fcyordum. Bug\u00fcn h\u00e2l\u00e2 o \u201cp\u00fcf noktas\u0131n\u0131\u201d bulabilmi\u015f de\u011filim, \u00e7\u00fcnk\u00fc her \u015fey m\u00fckemmel \u015fekilde ilerledi.<br\/><br\/>\u015eimdi g\u00f6rme keskinli\u011fim %100 ve bu ad\u0131m\u0131 atmay\u0131 herkese tavsiye edebilirim!! Bunu yapmayan ger\u00e7ekten kendi kendine zarar veriyor. Ueli Kramer   <\/p>\n\n<div class=\"wp-block-group is-layout-grid wp-container-core-group-is-layout-baef362d wp-block-group-is-layout-grid\">\n<p><a href=\"https:\/\/medicaltravel.at\/home\/agb\/\" data-type=\"page\" data-id=\"2191\"><\/a><a href=\"https:\/\/medicaltravel.at\/tr\/hasta-hikayeleri\/2011-yili-hasta-raporlari\/istanbuldaki-lasek-deneyimim-persembe-26-mayis-2011-tarihli-rapor\/\" data-type=\"link\" data-id=\"https:\/\/medicaltravel.at\/berichte-von-patienten\/patientenberichte-2011\/meine-augenlaser-operation-im-april-2011-bericht-vom-donnerstag-02-juni-2011\/\">\u00d6nceki Rapor<\/a><\/p>\n\n\n\n<p class=\"has-text-align-right wp-container-content-5e2576f9\"><a href=\"https:\/\/medicaltravel.at\/home\/impressum\/\" data-type=\"page\" data-id=\"2193\"><\/a><a href=\"https:\/\/medicaltravel.at\/home\/berichte-von-patienten\/erfahrungsberichte\/erfahrungsbericht-zahnbehandlung-in-istanbul\/\" data-type=\"page\" data-id=\"981\"><\/a><a href=\"https:\/\/medicaltravel.at\/tr\/hasta-hikayeleri\/2011-yili-hasta-raporlari\/goez-lazeri-ameliyati-deneyim-raporu-07-04-2011-cuma-29-nisan-2011-tarihli-rapor\/\" data-type=\"link\" data-id=\"https:\/\/medicaltravel.at\/berichte-von-patienten\/patientenberichte-2011\/erfahrungsbericht-augenlaser-op-vom-07-04-2011-bericht-vom-freitag-29-april-2011\/\">Sonraki Rapor<\/a><\/p>\n<\/div>\n","protected":false},"excerpt":{"rendered":"<p>Yeni Kazan\u0131lm\u0131\u015f Ya\u015fam Kalitesi \u2013 Cumartesi, 21 May\u0131s 2011 Tarihli Rapor Yakla\u015f\u0131k 10 ya\u015f\u0131ndayken g\u00f6rme keskinli\u011fim azalmaya ba\u015flad\u0131 ve o zamandan beri s\u00fcrekli g\u00f6zl\u00fck takmak zorunda kald\u0131m. O ya\u015fta zaten \u00e7ok spor yap\u0131yor ve olduk\u00e7a aktif biriydim, bu y\u00fczden bu \u201c\u015fey\u201d beni o zamanlar bile rahats\u0131z ediyordu. Gen\u00e7 tak\u0131mda hentbol oynuyor ve \u00e7ok yo\u011fun bir \u015fekilde atletizm yap\u0131yordum. Hentbol bir temas sporu ve bu nedenle g\u00f6zl\u00fckler i\u00e7in \u201c\u00f6l\u00fcmc\u00fcl\u201d. Bu y\u00fczden erken ya\u015fta lens takmaya ba\u015flad\u0131m. Ancak bug\u00fcne kadar kendimi rahat hissetti\u011fim bir \u00fcr\u00fcn bulamad\u0131m. Bu y\u00fczden \u00e7ok erken ya\u015fta bir g\u00fcn g\u00f6zlerimi lazerle tedavi ettirmeyi d\u00fc\u015f\u00fcnmeye ba\u015flad\u0131m. Meslek e\u011fitimimin hemen ard\u0131ndan \u00fcniversiteye ba\u015flad\u0131m ve e\u011fitimimi tamamlayana kadar bu m\u00fcdahaleyi kar\u015f\u0131layacak maddi imk\u00e2n\u0131m yoktu. Alt\u0131 ay \u00e7al\u0131\u015ft\u0131ktan sonra bor\u00e7lar\u0131m\u0131 \u00f6dedim ve bir miktar tasarruf biriktirdim. B\u00f6ylece lazer operasyonu i\u00e7in ara\u015ft\u0131rmaya ve bilgi toplamaya ba\u015flad\u0131m. G\u00f6z lazer merkezi VEDIS\u2019e olduk\u00e7a yak\u0131n ya\u015f\u0131yordum ve bu merkezin \u0130svi\u00e7re genelinde m\u00fckemmel bir itibar\u0131 vard\u0131. Orada bir bilgilendirme toplant\u0131s\u0131na kat\u0131ld\u0131m, \u00f6n muayene yapt\u0131rd\u0131m ve o zamana kadar fiyat\/performans teklifinden memnundum. Ne yaz\u0131k ki sonras\u0131nda sigortalar, daha iyi lazer se\u00e7ene\u011fi gibi (hasta olarak bunu se\u00e7iyorsunuz, \u00e7\u00fcnk\u00fc kendi g\u00f6z\u00fcn\u00fczle \u015faka yap\u0131lmaz) gizli ek maliyetler ortaya \u00e7\u0131kt\u0131. Bu durum bana \u00e7ok g\u00fcvenilmez geldi ve her \u015fey olduk\u00e7a pahal\u0131ya geliyordu. Ara\u015ft\u0131rmalar\u0131m s\u0131ras\u0131nda Google sayesinde s\u00fcrekli \u0130stanbul\u2019daki lazer teklifleri ile kar\u015f\u0131la\u015ft\u0131m. Ancak bunlara kar\u015f\u0131 hep \u00e7ok \u015f\u00fcpheciydim (tipik \u0130svi\u00e7reli\u2026) ve \u0130stanbul\u2019a gidip olumlu deneyimler ya\u015fam\u0131\u015f kimseyi tan\u0131mad\u0131\u011f\u0131m i\u00e7in bu ad\u0131m kar\u015f\u0131s\u0131nda b\u00fcy\u00fck bir \u201csayg\u0131\u201d duydum. Daha detayl\u0131 ara\u015ft\u0131rmalar sonucunda ikna edici ve ilgin\u00e7 ger\u00e7ekler ortaya \u00e7\u0131kt\u0131: Her \u015fey \u0130svi\u00e7re\u2019ye g\u00f6re \u00e7ok daha ucuz (u\u00e7ak, otel, operasyon, \u0130svi\u00e7re\u2019deki kontroller, g\u00f6z damlalar\u0131, refakat\u00e7i vb. dahil)\u0130svi\u00e7re\u2019den daha iyi lazer cihaz\u01311\u2019e 1 hasta takibi\u0130svi\u00e7re\u2019ye g\u00f6re daha iyi hijyen standartlar\u0131Daha deneyimli doktorlar\u0130stanbul gezisini ayn\u0131 zamanda bir \u015fehir turu olarak kullanabilmeDaha esnek operasyon tarihleri (neredeyse her g\u00fcn)\u00d6m\u00fcr boyu garantiKornea kal\u0131nl\u0131\u011f\u0131 ile ilgili daha y\u00fcksek kriterlerHastan\u0131n kuru g\u00f6zleri varsa S-Lasik imk\u00e2n\u0131 (\u0130svi\u00e7re\u2019de hen\u00fcz yok)vb. Bu avantajlar beni ikna etti ve Swisslasik ile (Serdar Karaagc\u0131) ileti\u015fime ge\u00e7tim. Serdar Karaagc\u0131 ile \u0130stanbul\u2019daki operasyon hakk\u0131nda konu\u015fmak i\u00e7in bir kahve bulu\u015ftuk. Bu g\u00f6r\u00fc\u015fme benim i\u00e7in \u00e7ok \u00f6nemliydi, \u00e7\u00fcnk\u00fc \u0130stanbul\u2019a gidip lazer operasyonu yapt\u0131rm\u0131\u015f birini tan\u0131m\u0131yordum. Hollandal\u0131 birini tan\u0131yordum sadece, o Hollanda\u2019da yapt\u0131rm\u0131\u015ft\u0131. Ayr\u0131ca b\u00f6ylece herhangi bir sorun durumunda g\u00fcvenebilece\u011fim bir ki\u015fi edinmi\u015f oldum. Bu gayriresm\u00ee ve \u00e7ok samimi g\u00f6r\u00fc\u015fme beni %99 oran\u0131nda \u0130stanbul\u2019daki operasyona ikna etti. B\u00f6ylece g\u00fczel bir g\u00fcnde, bir kez daha g\u00fcne\u015f g\u00f6zl\u00fc\u011f\u00fc takmadan d\u0131\u015far\u0131da oldu\u011fum ve g\u00f6zl\u00fck takan biri olarak hep g\u00fcne\u015f g\u00f6zl\u00fc\u011f\u00fc ta\u015f\u0131mad\u0131\u011f\u0131m i\u00e7in rahats\u0131z oldu\u011fum bir anda \u0130stanbul\u2019daki operasyon i\u00e7in karar verdim. Ama operasyon g\u00fcn\u00fcne kadar bu teklife kar\u015f\u0131 h\u00e2l\u00e2 \u015f\u00fcpheciydim, \u00e7\u00fcnk\u00fc bu kadar kapsaml\u0131 ve uygun fiyatl\u0131 bir paket mutlaka bir \u201cp\u00fcf noktas\u0131\u201d olmal\u0131 diye d\u00fc\u015f\u00fcn\u00fcyordum. Bug\u00fcn h\u00e2l\u00e2 o \u201cp\u00fcf noktas\u0131n\u0131\u201d bulabilmi\u015f de\u011filim, \u00e7\u00fcnk\u00fc her \u015fey m\u00fckemmel \u015fekilde ilerledi. \u015eimdi g\u00f6rme keskinli\u011fim %100 ve bu ad\u0131m\u0131 atmay\u0131 herkese tavsiye edebilirim!! Bunu yapmayan ger\u00e7ekten kendi kendine zarar veriyor. Ueli Kramer \u00d6nceki Rapor Sonraki Rapor<\/p>\n","protected":false},"author":4,"featured_media":0,"parent":4771,"menu_order":0,"comment_status":"closed","ping_status":"closed","template":"","meta":{"_joinchat":[],"footnotes":""},"class_list":["post-4813","page","type-page","status-publish","hentry"],"acf":[],"_links":{"self":[{"href":"https:\/\/medicaltravel.at\/tr\/wp-json\/wp\/v2\/pages\/4813","targetHints":{"allow":["GET"]}}],"collection":[{"href":"https:\/\/medicaltravel.at\/tr\/wp-json\/wp\/v2\/pages"}],"about":[{"href":"https:\/\/medicaltravel.at\/tr\/wp-json\/wp\/v2\/types\/page"}],"author":[{"embeddable":true,"href":"https:\/\/medicaltravel.at\/tr\/wp-json\/wp\/v2\/users\/4"}],"replies":[{"embeddable":true,"href":"https:\/\/medicaltravel.at\/tr\/wp-json\/wp\/v2\/comments?post=4813"}],"version-history":[{"count":1,"href":"https:\/\/medicaltravel.at\/tr\/wp-json\/wp\/v2\/pages\/4813\/revisions"}],"predecessor-version":[{"id":4814,"href":"https:\/\/medicaltravel.at\/tr\/wp-json\/wp\/v2\/pages\/4813\/revisions\/4814"}],"up":[{"embeddable":true,"href":"https:\/\/medicaltravel.at\/tr\/wp-json\/wp\/v2\/pages\/4771"}],"wp:attachment":[{"href":"https:\/\/medicaltravel.at\/tr\/wp-json\/wp\/v2\/media?parent=4813"}],"curies":[{"name":"wp","href":"https:\/\/api.w.org\/{rel}","templated":true}]}}