{"id":4809,"date":"2025-09-28T09:58:43","date_gmt":"2025-09-28T08:58:43","guid":{"rendered":"https:\/\/medicaltravel.at\/hasta-hikayeleri\/2011-yili-hasta-raporlari\/istanbuldaki-dis-tedavim-cumartesi-04-haziran-2011-tarihli-rapor\/"},"modified":"2026-01-13T15:52:07","modified_gmt":"2026-01-13T14:52:07","slug":"istanbuldaki-dis-tedavim-cumartesi-04-haziran-2011-tarihli-rapor","status":"publish","type":"page","link":"https:\/\/medicaltravel.at\/tr\/hasta-hikayeleri\/2011-yili-hasta-raporlari\/istanbuldaki-dis-tedavim-cumartesi-04-haziran-2011-tarihli-rapor\/","title":{"rendered":"\u0130stanbul\u2019daki Di\u015f Tedavim \u2013 Cumartesi, 04 Haziran 2011 Tarihli Rapor"},"content":{"rendered":"\n<p><strong>\u0130stanbul\u2019daki Di\u015f Tedavim <\/strong>\u2013 Cumartesi, 04 Haziran 2011 Tarihli Rapor<\/p>\n\n<p>T\u00fcrkiye\u2019deki di\u015f tedavimden \u00e7ok memnun kald\u0131m. \u0130nternette SwissLasik\u2019in \u0130stanbul\u2019daki di\u015f tedavisi hizmetini g\u00f6rd\u00fcm. Ben ve k\u0131z\u0131m SwissLasik\u2019in St. Gallen\u2019deki Tatil Fuar\u0131\u2019nda bir stand\u0131 oldu\u011funu \u00f6\u011frendik. \u00dccretsiz giri\u015f kart\u0131 ald\u0131k. Burada her \u015fey bize ayr\u0131nt\u0131l\u0131 \u015fekilde anlat\u0131l\u0131nca, di\u015flerimi \u0130stanbul\u2019daki Stomadent Klini\u011fi\u2019nde tedavi ettirmeye karar verdim. Her \u015fey \u00e7ok iyi organize edildi. U\u00e7ak, otel, havaalan\u0131nda kar\u015f\u0131lama, otelde ve di\u015f klini\u011finde her \u015fey m\u00fckemmel \u015fekilde y\u00fcr\u00fcd\u00fc. Klinik\u2019de Dr. Bilhan beni Almanca olarak \u00e7ok samimi kar\u015f\u0131lad\u0131. Bana s\u00fcreci ayr\u0131nt\u0131l\u0131 anlatt\u0131 ve tedaviye ba\u015flad\u0131k. Di\u015f \u00e7ekildi, 5 implant yap\u0131ld\u0131, sedasyon alt\u0131nda. \u0130ki di\u015fin daha bir sonraki seansta tamir edilmesi gerekiyordu. T\u00fcm hizmetlerden tamamen memnun kald\u0131m.<br\/><br\/>Kas\u0131m ay\u0131nda tekrar \u0130stanbul\u2019a gidece\u011fim, implantlar\u0131n \u00fczerine di\u015flerimi yerle\u015ftirece\u011fim ve bir k\u00f6pr\u00fc di\u015f yapt\u0131raca\u011f\u0131m. Bu sefer \u0130stanbul\u2019da di\u015f\u00e7iye korkusuz gidece\u011fim. SwissLasik\u2019i kesinlikle tavsiye edebilirim. Tabii ki fiyat-performans a\u00e7\u0131s\u0131ndan da \u0130stanbul\u2019daki tedavi \u0130svi\u00e7re\u2019ye g\u00f6re \u00e7ok daha uygundu. Burada bu tedaviyi kar\u015f\u0131layamazd\u0131m. Her \u015fey i\u00e7in \u00e7ok te\u015fekk\u00fcr ederim. Beatrice Bischof, L\u00fcchingen                 <\/p>\n\n<div class=\"wp-block-group is-layout-grid wp-container-core-group-is-layout-baef362d wp-block-group-is-layout-grid\">\n<p><a href=\"https:\/\/medicaltravel.at\/home\/agb\/\" data-type=\"page\" data-id=\"2191\"><\/a><a href=\"https:\/\/medicaltravel.at\/tr\/hasta-hikayeleri\/2011-yili-hasta-raporlari\/21-04-2011-tarihli-goez-lazeri-yolculugum-pazartesi-13-haziran-2011-tarihli-rapor\/\" data-type=\"link\" data-id=\"https:\/\/medicaltravel.at\/berichte-von-patienten\/patientenberichte-2011\/meine-augenlaserreise-vom-21-4-2011-bericht-vom-montag-13-juni-2011\/\">\u00d6nceki Rapor<\/a><\/p>\n\n\n\n<p class=\"has-text-align-right wp-container-content-5e2576f9\"><a href=\"https:\/\/medicaltravel.at\/home\/impressum\/\" data-type=\"page\" data-id=\"2193\"><\/a><a href=\"https:\/\/medicaltravel.at\/home\/berichte-von-patienten\/erfahrungsberichte\/erfahrungsbericht-zahnbehandlung-in-istanbul\/\" data-type=\"page\" data-id=\"981\"><\/a><a href=\"https:\/\/medicaltravel.at\/tr\/hasta-hikayeleri\/2011-yili-hasta-raporlari\/istanbuldaki-lasek-deneyimim-persembe-26-mayis-2011-tarihli-rapor\/\" data-type=\"link\" data-id=\"https:\/\/medicaltravel.at\/berichte-von-patienten\/patientenberichte-2011\/meine-augenlaser-operation-im-april-2011-bericht-vom-donnerstag-02-juni-2011\/\">Sonraki Rapor<\/a><\/p>\n<\/div>\n","protected":false},"excerpt":{"rendered":"<p>\u0130stanbul\u2019daki Di\u015f Tedavim \u2013 Cumartesi, 04 Haziran 2011 Tarihli Rapor T\u00fcrkiye\u2019deki di\u015f tedavimden \u00e7ok memnun kald\u0131m. \u0130nternette SwissLasik\u2019in \u0130stanbul\u2019daki di\u015f tedavisi hizmetini g\u00f6rd\u00fcm. Ben ve k\u0131z\u0131m SwissLasik\u2019in St. Gallen\u2019deki Tatil Fuar\u0131\u2019nda bir stand\u0131 oldu\u011funu \u00f6\u011frendik. \u00dccretsiz giri\u015f kart\u0131 ald\u0131k. Burada her \u015fey bize ayr\u0131nt\u0131l\u0131 \u015fekilde anlat\u0131l\u0131nca, di\u015flerimi \u0130stanbul\u2019daki Stomadent Klini\u011fi\u2019nde tedavi ettirmeye karar verdim. Her \u015fey \u00e7ok iyi organize edildi. U\u00e7ak, otel, havaalan\u0131nda kar\u015f\u0131lama, otelde ve di\u015f klini\u011finde her \u015fey m\u00fckemmel \u015fekilde y\u00fcr\u00fcd\u00fc. Klinik\u2019de Dr. Bilhan beni Almanca olarak \u00e7ok samimi kar\u015f\u0131lad\u0131. Bana s\u00fcreci ayr\u0131nt\u0131l\u0131 anlatt\u0131 ve tedaviye ba\u015flad\u0131k. Di\u015f \u00e7ekildi, 5 implant yap\u0131ld\u0131, sedasyon alt\u0131nda. \u0130ki di\u015fin daha bir sonraki seansta tamir edilmesi gerekiyordu. T\u00fcm hizmetlerden tamamen memnun kald\u0131m. Kas\u0131m ay\u0131nda tekrar \u0130stanbul\u2019a gidece\u011fim, implantlar\u0131n \u00fczerine di\u015flerimi yerle\u015ftirece\u011fim ve bir k\u00f6pr\u00fc di\u015f yapt\u0131raca\u011f\u0131m. Bu sefer \u0130stanbul\u2019da di\u015f\u00e7iye korkusuz gidece\u011fim. SwissLasik\u2019i kesinlikle tavsiye edebilirim. Tabii ki fiyat-performans a\u00e7\u0131s\u0131ndan da \u0130stanbul\u2019daki tedavi \u0130svi\u00e7re\u2019ye g\u00f6re \u00e7ok daha uygundu. Burada bu tedaviyi kar\u015f\u0131layamazd\u0131m. Her \u015fey i\u00e7in \u00e7ok te\u015fekk\u00fcr ederim. Beatrice Bischof, L\u00fcchingen \u00d6nceki Rapor Sonraki Rapor<\/p>\n","protected":false},"author":4,"featured_media":0,"parent":4771,"menu_order":0,"comment_status":"closed","ping_status":"closed","template":"","meta":{"_joinchat":[],"footnotes":""},"class_list":["post-4809","page","type-page","status-publish","hentry"],"acf":[],"_links":{"self":[{"href":"https:\/\/medicaltravel.at\/tr\/wp-json\/wp\/v2\/pages\/4809","targetHints":{"allow":["GET"]}}],"collection":[{"href":"https:\/\/medicaltravel.at\/tr\/wp-json\/wp\/v2\/pages"}],"about":[{"href":"https:\/\/medicaltravel.at\/tr\/wp-json\/wp\/v2\/types\/page"}],"author":[{"embeddable":true,"href":"https:\/\/medicaltravel.at\/tr\/wp-json\/wp\/v2\/users\/4"}],"replies":[{"embeddable":true,"href":"https:\/\/medicaltravel.at\/tr\/wp-json\/wp\/v2\/comments?post=4809"}],"version-history":[{"count":1,"href":"https:\/\/medicaltravel.at\/tr\/wp-json\/wp\/v2\/pages\/4809\/revisions"}],"predecessor-version":[{"id":4810,"href":"https:\/\/medicaltravel.at\/tr\/wp-json\/wp\/v2\/pages\/4809\/revisions\/4810"}],"up":[{"embeddable":true,"href":"https:\/\/medicaltravel.at\/tr\/wp-json\/wp\/v2\/pages\/4771"}],"wp:attachment":[{"href":"https:\/\/medicaltravel.at\/tr\/wp-json\/wp\/v2\/media?parent=4809"}],"curies":[{"name":"wp","href":"https:\/\/api.w.org\/{rel}","templated":true}]}}