{"id":4807,"date":"2025-09-28T09:53:51","date_gmt":"2025-09-28T08:53:51","guid":{"rendered":"https:\/\/medicaltravel.at\/hasta-hikayeleri\/2011-yili-hasta-raporlari\/istanbuldaki-acibadem-hastanesinde-yaptirdigim-liposuction-yag-aldirma-islemi-pazar-07-agustos-2011-tarihli-rapor\/"},"modified":"2026-01-13T15:48:30","modified_gmt":"2026-01-13T14:48:30","slug":"istanbuldaki-acibadem-hastanesinde-yaptirdigim-liposuction-yag-aldirma-islemi-pazar-07-agustos-2011-tarihli-rapor","status":"publish","type":"page","link":"https:\/\/medicaltravel.at\/tr\/hasta-hikayeleri\/2011-yili-hasta-raporlari\/istanbuldaki-acibadem-hastanesinde-yaptirdigim-liposuction-yag-aldirma-islemi-pazar-07-agustos-2011-tarihli-rapor\/","title":{"rendered":"\u0130stanbul\u2019daki Ac\u0131badem Hastanesi\u2019nde Yapt\u0131rd\u0131\u011f\u0131m Liposuction (ya\u011f ald\u0131rma) \u0130\u015flemi \u2013 Pazar, 07 A\u011fustos 2011 tarihli rapor"},"content":{"rendered":"\n<p><strong>\u0130stanbul\u2019daki Ac\u0131badem Hastanesi\u2019nde Yapt\u0131rd\u0131\u011f\u0131m Liposuction (ya\u011f ald\u0131rma) \u0130\u015flemi <\/strong>\u2013 Pazar, 07 A\u011fustos 2011 tarihli rapor<\/p>\n\n\n\n<p>Uzun s\u00fcredir kal\u00e7a ve bacaklar\u0131mdaki ya\u011flanmalar beni rahats\u0131z ediyordu. Diyet ve \u00e7ok spor yapmama ra\u011fmen bu b\u00f6lgeler incelmiyordu. \u0130nternette operasyonlar hakk\u0131nda detayl\u0131 ara\u015ft\u0131rma yapt\u0131m. Olas\u0131 sonu\u00e7lar\u0131 ve riskleri de inceledim. \u00c7ok say\u0131da olumlu deneyim yaz\u0131s\u0131 vard\u0131 ve sonu\u00e7lar ger\u00e7ekten \u00e7ok iyiydi. Sonunda b\u00f6yle bir ya\u011f ald\u0131rma (liposuction) operasyonu yapt\u0131rmaya karar verdim.<br><br>S\u0131rada sadece bir cerrah bulmak kald\u0131. Bir i\u015f arkada\u015f\u0131m g\u00f6z ameliyat\u0131 i\u00e7in \u0130stanbul\u2019a gitti\u011fi i\u00e7in ben de operasyonu \u0130stanbul\u2019da yapt\u0131rmay\u0131 d\u00fc\u015f\u00fcnd\u00fcm. Tatildeyken operasyonu yapt\u0131r\u0131p sonra de\u011fi\u015fmi\u015f bir \u015fekilde geri d\u00f6nmek fikri de ho\u015fuma gitti. Swisslasik arac\u0131l\u0131\u011f\u0131yla cerrah hakk\u0131nda bilgi ald\u0131m ve hemen \u00f6zge\u00e7mi\u015fini g\u00f6nderdiler. Buradan anla\u015f\u0131l\u0131yordu ki Say\u0131n S\u00fckr\u00fc Yazar estetik operasyonlar i\u00e7in \u00e7ok iyi bir adres.<br><br>Ba\u015fta T\u00fcrkiye\u2019de operasyon yapt\u0131rmak bana biraz garip geldi. Ama temelde riskler her yerde ayn\u0131, her zaman bir \u015feyler olabilir. Hastaneyi internetten sanal olarak g\u00f6rebiliyorsunuz ve ilk izlenimim \u00e7ok iyiydi. B\u00f6ylece karar\u0131m\u0131 verdim ve operasyona kaydoldum.<br><br>\u0130\u015f arkada\u015f\u0131m ile birlikte Z\u00fcrih\u2019ten \u0130stanbul\u2019a u\u00e7tuk. Orada Ac\u0131badem Hastanesi \u015fof\u00f6r\u00fc taraf\u0131ndan kar\u015f\u0131land\u0131m ve cerrah\u0131n \u00f6n muayenesi i\u00e7in hastaneye g\u00f6t\u00fcr\u00fcld\u00fcm. Hastanede beni Seyma ad\u0131nda bir refakat\u00e7i kar\u015f\u0131lad\u0131. Maalesef sadece \u0130ngilizce konu\u015fuyordu ama ben \u0130ngilizce bildi\u011fim i\u00e7in sorun olmad\u0131. \u0130sterseniz Almanca konu\u015fan refakat\u00e7iler de var.<br><br>Ki\u015fisel bilgilerim al\u0131nd\u0131 ve k\u0131sa s\u00fcre sonra cerrah ile g\u00f6r\u00fc\u015fmeye gittim. Cerrah v\u00fccudumu inceledi, hangi b\u00f6lgelerden ya\u011f al\u0131naca\u011f\u0131n\u0131 g\u00f6sterdi ve riskleri tekrar anlatt\u0131. Ayn\u0131 zamanda anestezi \u015fekli de konu\u015fuldu. Ben tam narkoz istemedi\u011fim i\u00e7in bir anestezi uzman\u0131 \u00e7a\u011fr\u0131ld\u0131 ve lokal anestezi talebim kabul edildi. Ard\u0131ndan kan\u0131m al\u0131nd\u0131 ve otele g\u00f6t\u00fcr\u00fcld\u00fcm.<br><br>Gece \u00e7ok rahat ge\u00e7medi \u00e7\u00fcnk\u00fc heyecanl\u0131yd\u0131m. Ertesi g\u00fcn sabah 07.00\u2019de al\u0131narak hastaneye g\u00f6t\u00fcr\u00fcld\u00fcm. Bana odalar g\u00f6sterildi, biraz yerle\u015febildim ve sonra doktor abdest al\u0131nacak b\u00f6lgeleri i\u015faretledi. Anestezi uzman\u0131 tekrar benimle konu\u015ftu ve planlanan lokal anesteziyi onaylad\u0131. K\u0131sa s\u00fcre sonra al\u0131narak ameliyathaneye g\u00f6t\u00fcr\u00fcld\u00fcm.<br>Anestezi yap\u0131ld\u0131 ve hafif bir uyku haline ge\u00e7irildim. Operasyon s\u0131ras\u0131nda hi\u00e7bir \u015fey hissetmedim. Yakla\u015f\u0131k 2 saat sonra uyand\u0131r\u0131ld\u0131m ve operasyonun tamamland\u0131\u011f\u0131 s\u00f6ylendi.                                       K\u0131sa bir s\u00fcre uyanma odas\u0131nda kald\u0131m, ard\u0131ndan hem\u015fire beni tekrar odama g\u00f6t\u00fcrd\u00fc. Kendimi iyi hissediyordum ama h\u00e2l\u00e2 biraz sersem gibiydim. Birka\u00e7 saat sonra Say\u0131n S\u00fckr\u00fc Yazar odama gelerek durumumu ve a\u011fr\u0131m olup olmad\u0131\u011f\u0131n\u0131 sordu. Sonras\u0131nda bana serum verildi ve biraz a\u011fr\u0131 kesici uyguland\u0131. Ayr\u0131ca biraz yemek de verdiler.<br><br>Ameliyattan sonra k\u0131sa s\u00fcrede aya\u011fa kalkman\u0131n \u00f6nemli oldu\u011funu s\u00f6ylediler, bu y\u00fczden bir hem\u015fire bana kalkmada yard\u0131mc\u0131 oldu. Tuvalete y\u00fcr\u00fcmek h\u00e2l\u00e2 biraz zor olsa da y\u00fcr\u00fcyebiliyordum. Hem\u015fireler ger\u00e7ekten \u00e7ok nazikti ve b\u00fcy\u00fck bir \u00f6zen g\u00f6sterdiler. Her zaman \u015fefkatle ilgilendiler. Bazen ileti\u015fim biraz zor oluyordu ama el ve jestlerle gayet iyi anla\u015fabiliyorduk. Ak\u015fam oldu\u011funda art\u0131k kendi ba\u015f\u0131ma y\u00fcr\u00fcyebiliyordum.<br><br>Bir gece hastanede kalmam gerekiyordu. Ertesi sabah cerrah geldi ve ilk kez kal\u00e7alar\u0131m\u0131 ve bacaklar\u0131m\u0131 g\u00f6rebildim. Tabii ki ho\u015f bir g\u00f6r\u00fcnt\u00fc de\u011fildi, her yer mor, mavi ve ye\u015fil tonlardayd\u0131. Ama kal\u00e7alarda belirgin bir de\u011fi\u015fiklik g\u00f6rebiliyordum ve bundan \u00e7ok memnun kald\u0131m. Cerrah bana ayr\u0131ca ila\u00e7 re\u00e7etesi verdi ve dozlar\u0131 a\u00e7\u0131klad\u0131. Daha sonra gen\u00e7 bir hem\u015fire ila\u00e7lar\u0131 getirdi ve taburcu edildim. \u015eof\u00f6r beni otele g\u00f6t\u00fcrd\u00fc.<br><br>Hastanedeki konaklamay\u0131 genel olarak rahat buldum. Hizmet harikayd\u0131 ve tek ki\u015filik oda bir otel odas\u0131 gibi konforluydu. Ger\u00e7ekten m\u00fckemmeldi. T\u00fcm g\u00fcn biraz yorgundum ama y\u00fcr\u00fcyebiliyordum. A\u011fr\u0131lar yava\u015f yava\u015f kendini g\u00f6stermeye ba\u015flad\u0131; yo\u011fun bir kas a\u011fr\u0131s\u0131 gibiydi. Gece ila\u00e7lar sayesinde iyi uyudum.<br><br>Ertesi sabah ilk kez du\u015f ald\u0131m. Olduk\u00e7a iyi ge\u00e7ti ama hareketler h\u00e2l\u00e2 sertti. A\u011fr\u0131lar devam ediyordu ve operasyon yap\u0131lan b\u00f6lgeler korkun\u00e7 g\u00f6r\u00fcn\u00fcyordu. Ama iyi ara\u015ft\u0131rm\u0131\u015ft\u0131m, bunun normal oldu\u011funu biliyordum. O g\u00fcn b\u00fcy\u00fck \u00e7ar\u015f\u0131ya bile gittik, ancak \u00e7abuk yoruldum ve otele d\u00f6nmekten memnun oldum.<br><br>Ertesi g\u00fcn tekrar \u0130svi\u00e7re\u2019ye d\u00f6nd\u00fck. U\u00e7u\u015f sorunsuz ge\u00e7ti ve evime d\u00f6nmekten mutluydum. \u00d6zel ameliyat k\u0131yafetini \u00e7\u0131kar\u0131p y\u0131kayabildim. A\u011fr\u0131lar belirgin \u015fekilde azalm\u0131\u015ft\u0131 ve hareket etmek daha kolayd\u0131. Seyahatten sonra \u00e7ok iyi uyudum.<br><br>Bug\u00fcn, operasyonun \u00fczerinden yakla\u015f\u0131k 4 hafta ge\u00e7ti, art\u0131k hi\u00e7 a\u011fr\u0131m yok ve morluklar kayboldu. \u0130zler o kadar k\u00fc\u00e7\u00fck ki neredeyse g\u00f6r\u00fcnm\u00fcyor. Kesin sonu\u00e7 h\u00e2l\u00e2 tam olarak belli de\u011fil ama g\u00f6rd\u00fc\u011f\u00fcm \u015feyden memnunum.                                         <\/p>\n\n\n\n<div class=\"wp-block-group is-layout-grid wp-container-core-group-is-layout-baef362d wp-block-group-is-layout-grid\">\n<p><a href=\"https:\/\/medicaltravel.at\/home\/agb\/\" data-type=\"page\" data-id=\"2191\"><\/a><a href=\"https:\/\/medicaltravel.at\/tr\/hasta-hikayeleri\/2011-yili-hasta-raporlari\/istanbuldaki-acibadem-hastanesinde-cocuk-sahibi-olma-tedavimiz-pazar-14-agustos-2011-tarihli-rapor\/\" data-type=\"link\" data-id=\"https:\/\/medicaltravel.at\/tr\/hasta-hikayeleri\/2011-yili-hasta-raporlari\/istanbuldaki-acibadem-hastanesinde-cocuk-sahibi-olma-tedavimiz-pazar-14-agustos-2011-tarihli-rapor\/\">\u00d6nceki Rapor<\/a><\/p>\n\n\n\n<p class=\"has-text-align-right wp-container-content-5e2576f9\"><a href=\"https:\/\/medicaltravel.at\/home\/impressum\/\" data-type=\"page\" data-id=\"2193\"><\/a><a href=\"https:\/\/medicaltravel.at\/home\/berichte-von-patienten\/erfahrungsberichte\/erfahrungsbericht-zahnbehandlung-in-istanbul\/\" data-type=\"page\" data-id=\"981\"><\/a><a href=\"https:\/\/medicaltravel.at\/tr\/hasta-hikayeleri\/2011-yili-hasta-raporlari\/istanbuldaki-dis-tedavim-cumartesi-06-agustos-2011-tarihli-rapor\/\" data-type=\"link\" data-id=\"https:\/\/medicaltravel.at\/tr\/hasta-hikayeleri\/2011-yili-hasta-raporlari\/istanbuldaki-dis-tedavim-cumartesi-06-agustos-2011-tarihli-rapor\/\">Sonraki Rapor<\/a><\/p>\n<\/div>\n","protected":false},"excerpt":{"rendered":"<p>\u0130stanbul\u2019daki Ac\u0131badem Hastanesi\u2019nde Yapt\u0131rd\u0131\u011f\u0131m Liposuction (ya\u011f ald\u0131rma) \u0130\u015flemi \u2013 Pazar, 07 A\u011fustos 2011 tarihli rapor Uzun s\u00fcredir kal\u00e7a ve bacaklar\u0131mdaki ya\u011flanmalar beni rahats\u0131z ediyordu. Diyet ve \u00e7ok spor yapmama ra\u011fmen bu b\u00f6lgeler incelmiyordu. \u0130nternette operasyonlar hakk\u0131nda detayl\u0131 ara\u015ft\u0131rma yapt\u0131m. Olas\u0131 sonu\u00e7lar\u0131 ve riskleri de inceledim. \u00c7ok say\u0131da olumlu deneyim yaz\u0131s\u0131 vard\u0131 ve sonu\u00e7lar ger\u00e7ekten \u00e7ok iyiydi. Sonunda b\u00f6yle bir ya\u011f ald\u0131rma (liposuction) operasyonu yapt\u0131rmaya karar verdim. S\u0131rada sadece bir cerrah bulmak kald\u0131. Bir i\u015f arkada\u015f\u0131m g\u00f6z ameliyat\u0131 i\u00e7in \u0130stanbul\u2019a gitti\u011fi i\u00e7in ben de operasyonu \u0130stanbul\u2019da yapt\u0131rmay\u0131 d\u00fc\u015f\u00fcnd\u00fcm. Tatildeyken operasyonu yapt\u0131r\u0131p sonra de\u011fi\u015fmi\u015f bir \u015fekilde geri d\u00f6nmek fikri de ho\u015fuma gitti. Swisslasik arac\u0131l\u0131\u011f\u0131yla cerrah hakk\u0131nda bilgi ald\u0131m ve hemen \u00f6zge\u00e7mi\u015fini g\u00f6nderdiler. Buradan anla\u015f\u0131l\u0131yordu ki Say\u0131n S\u00fckr\u00fc Yazar estetik operasyonlar i\u00e7in \u00e7ok iyi bir adres. Ba\u015fta T\u00fcrkiye\u2019de operasyon yapt\u0131rmak bana biraz garip geldi. Ama temelde riskler her yerde ayn\u0131, her zaman bir \u015feyler olabilir. Hastaneyi internetten sanal olarak g\u00f6rebiliyorsunuz ve ilk izlenimim \u00e7ok iyiydi. B\u00f6ylece karar\u0131m\u0131 verdim ve operasyona kaydoldum. \u0130\u015f arkada\u015f\u0131m ile birlikte Z\u00fcrih\u2019ten \u0130stanbul\u2019a u\u00e7tuk. Orada Ac\u0131badem Hastanesi \u015fof\u00f6r\u00fc taraf\u0131ndan kar\u015f\u0131land\u0131m ve cerrah\u0131n \u00f6n muayenesi i\u00e7in hastaneye g\u00f6t\u00fcr\u00fcld\u00fcm. Hastanede beni Seyma ad\u0131nda bir refakat\u00e7i kar\u015f\u0131lad\u0131. Maalesef sadece \u0130ngilizce konu\u015fuyordu ama ben \u0130ngilizce bildi\u011fim i\u00e7in sorun olmad\u0131. \u0130sterseniz Almanca konu\u015fan refakat\u00e7iler de var. Ki\u015fisel bilgilerim al\u0131nd\u0131 ve k\u0131sa s\u00fcre sonra cerrah ile g\u00f6r\u00fc\u015fmeye gittim. Cerrah v\u00fccudumu inceledi, hangi b\u00f6lgelerden ya\u011f al\u0131naca\u011f\u0131n\u0131 g\u00f6sterdi ve riskleri tekrar anlatt\u0131. Ayn\u0131 zamanda anestezi \u015fekli de konu\u015fuldu. Ben tam narkoz istemedi\u011fim i\u00e7in bir anestezi uzman\u0131 \u00e7a\u011fr\u0131ld\u0131 ve lokal anestezi talebim kabul edildi. Ard\u0131ndan kan\u0131m al\u0131nd\u0131 ve otele g\u00f6t\u00fcr\u00fcld\u00fcm. Gece \u00e7ok rahat ge\u00e7medi \u00e7\u00fcnk\u00fc heyecanl\u0131yd\u0131m. Ertesi g\u00fcn sabah 07.00\u2019de al\u0131narak hastaneye g\u00f6t\u00fcr\u00fcld\u00fcm. Bana odalar g\u00f6sterildi, biraz yerle\u015febildim ve sonra doktor abdest al\u0131nacak b\u00f6lgeleri i\u015faretledi. Anestezi uzman\u0131 tekrar benimle konu\u015ftu ve planlanan lokal anesteziyi onaylad\u0131. K\u0131sa s\u00fcre sonra al\u0131narak ameliyathaneye g\u00f6t\u00fcr\u00fcld\u00fcm.Anestezi yap\u0131ld\u0131 ve hafif bir uyku haline ge\u00e7irildim. Operasyon s\u0131ras\u0131nda hi\u00e7bir \u015fey hissetmedim. Yakla\u015f\u0131k 2 saat sonra uyand\u0131r\u0131ld\u0131m ve operasyonun tamamland\u0131\u011f\u0131 s\u00f6ylendi. K\u0131sa bir s\u00fcre uyanma odas\u0131nda kald\u0131m, ard\u0131ndan hem\u015fire beni tekrar odama g\u00f6t\u00fcrd\u00fc. Kendimi iyi hissediyordum ama h\u00e2l\u00e2 biraz sersem gibiydim. Birka\u00e7 saat sonra Say\u0131n S\u00fckr\u00fc Yazar odama gelerek durumumu ve a\u011fr\u0131m olup olmad\u0131\u011f\u0131n\u0131 sordu. Sonras\u0131nda bana serum verildi ve biraz a\u011fr\u0131 kesici uyguland\u0131. Ayr\u0131ca biraz yemek de verdiler. Ameliyattan sonra k\u0131sa s\u00fcrede aya\u011fa kalkman\u0131n \u00f6nemli oldu\u011funu s\u00f6ylediler, bu y\u00fczden bir hem\u015fire bana kalkmada yard\u0131mc\u0131 oldu. Tuvalete y\u00fcr\u00fcmek h\u00e2l\u00e2 biraz zor olsa da y\u00fcr\u00fcyebiliyordum. Hem\u015fireler ger\u00e7ekten \u00e7ok nazikti ve b\u00fcy\u00fck bir \u00f6zen g\u00f6sterdiler. Her zaman \u015fefkatle ilgilendiler. Bazen ileti\u015fim biraz zor oluyordu ama el ve jestlerle gayet iyi anla\u015fabiliyorduk. Ak\u015fam oldu\u011funda art\u0131k kendi ba\u015f\u0131ma y\u00fcr\u00fcyebiliyordum. Bir gece hastanede kalmam gerekiyordu. Ertesi sabah cerrah geldi ve ilk kez kal\u00e7alar\u0131m\u0131 ve bacaklar\u0131m\u0131 g\u00f6rebildim. Tabii ki ho\u015f bir g\u00f6r\u00fcnt\u00fc de\u011fildi, her yer mor, mavi ve ye\u015fil tonlardayd\u0131. Ama kal\u00e7alarda belirgin bir de\u011fi\u015fiklik g\u00f6rebiliyordum ve bundan \u00e7ok memnun kald\u0131m. Cerrah bana ayr\u0131ca ila\u00e7 re\u00e7etesi verdi ve dozlar\u0131 a\u00e7\u0131klad\u0131. Daha sonra gen\u00e7 bir hem\u015fire ila\u00e7lar\u0131 getirdi ve taburcu edildim. \u015eof\u00f6r beni otele g\u00f6t\u00fcrd\u00fc. Hastanedeki konaklamay\u0131 genel olarak rahat buldum. Hizmet harikayd\u0131 ve tek ki\u015filik oda bir otel odas\u0131 gibi konforluydu. Ger\u00e7ekten m\u00fckemmeldi. T\u00fcm g\u00fcn biraz yorgundum ama y\u00fcr\u00fcyebiliyordum. A\u011fr\u0131lar yava\u015f yava\u015f kendini g\u00f6stermeye ba\u015flad\u0131; yo\u011fun bir kas a\u011fr\u0131s\u0131 gibiydi. Gece ila\u00e7lar sayesinde iyi uyudum. Ertesi sabah ilk kez du\u015f ald\u0131m. Olduk\u00e7a iyi ge\u00e7ti ama hareketler h\u00e2l\u00e2 sertti. A\u011fr\u0131lar devam ediyordu ve operasyon yap\u0131lan b\u00f6lgeler korkun\u00e7 g\u00f6r\u00fcn\u00fcyordu. Ama iyi ara\u015ft\u0131rm\u0131\u015ft\u0131m, bunun normal oldu\u011funu biliyordum. O g\u00fcn b\u00fcy\u00fck \u00e7ar\u015f\u0131ya bile gittik, ancak \u00e7abuk yoruldum ve otele d\u00f6nmekten memnun oldum. Ertesi g\u00fcn tekrar \u0130svi\u00e7re\u2019ye d\u00f6nd\u00fck. U\u00e7u\u015f sorunsuz ge\u00e7ti ve evime d\u00f6nmekten mutluydum. \u00d6zel ameliyat k\u0131yafetini \u00e7\u0131kar\u0131p y\u0131kayabildim. A\u011fr\u0131lar belirgin \u015fekilde azalm\u0131\u015ft\u0131 ve hareket etmek daha kolayd\u0131. Seyahatten sonra \u00e7ok iyi uyudum. Bug\u00fcn, operasyonun \u00fczerinden yakla\u015f\u0131k 4 hafta ge\u00e7ti, art\u0131k hi\u00e7 a\u011fr\u0131m yok ve morluklar kayboldu. \u0130zler o kadar k\u00fc\u00e7\u00fck ki neredeyse g\u00f6r\u00fcnm\u00fcyor. Kesin sonu\u00e7 h\u00e2l\u00e2 tam olarak belli de\u011fil ama g\u00f6rd\u00fc\u011f\u00fcm \u015feyden memnunum. \u00d6nceki Rapor Sonraki Rapor<\/p>\n","protected":false},"author":4,"featured_media":0,"parent":4771,"menu_order":0,"comment_status":"closed","ping_status":"closed","template":"","meta":{"_joinchat":[],"footnotes":""},"class_list":["post-4807","page","type-page","status-publish","hentry"],"acf":[],"_links":{"self":[{"href":"https:\/\/medicaltravel.at\/tr\/wp-json\/wp\/v2\/pages\/4807","targetHints":{"allow":["GET"]}}],"collection":[{"href":"https:\/\/medicaltravel.at\/tr\/wp-json\/wp\/v2\/pages"}],"about":[{"href":"https:\/\/medicaltravel.at\/tr\/wp-json\/wp\/v2\/types\/page"}],"author":[{"embeddable":true,"href":"https:\/\/medicaltravel.at\/tr\/wp-json\/wp\/v2\/users\/4"}],"replies":[{"embeddable":true,"href":"https:\/\/medicaltravel.at\/tr\/wp-json\/wp\/v2\/comments?post=4807"}],"version-history":[{"count":2,"href":"https:\/\/medicaltravel.at\/tr\/wp-json\/wp\/v2\/pages\/4807\/revisions"}],"predecessor-version":[{"id":5806,"href":"https:\/\/medicaltravel.at\/tr\/wp-json\/wp\/v2\/pages\/4807\/revisions\/5806"}],"up":[{"embeddable":true,"href":"https:\/\/medicaltravel.at\/tr\/wp-json\/wp\/v2\/pages\/4771"}],"wp:attachment":[{"href":"https:\/\/medicaltravel.at\/tr\/wp-json\/wp\/v2\/media?parent=4807"}],"curies":[{"name":"wp","href":"https:\/\/api.w.org\/{rel}","templated":true}]}}