{"id":4805,"date":"2025-09-28T09:52:50","date_gmt":"2025-09-28T08:52:50","guid":{"rendered":"https:\/\/medicaltravel.at\/hasta-hikayeleri\/2011-yili-hasta-raporlari\/istanbuldaki-lasik-tedavim-carsamba-17-agustos-2011-tarihli-rapor\/"},"modified":"2026-01-13T15:47:22","modified_gmt":"2026-01-13T14:47:22","slug":"istanbuldaki-lasik-tedavim-carsamba-17-agustos-2011-tarihli-rapor","status":"publish","type":"page","link":"https:\/\/medicaltravel.at\/tr\/hasta-hikayeleri\/2011-yili-hasta-raporlari\/istanbuldaki-lasik-tedavim-carsamba-17-agustos-2011-tarihli-rapor\/","title":{"rendered":"\u0130stanbul\u2019daki LASIK Tedavim \u2013 \u00c7ar\u015famba, 17 A\u011fustos 2011 Tarihli Rapor"},"content":{"rendered":"\n<p><strong>\u0130stanbul\u2019daki LASIK Tedavim<\/strong> \u2013 \u00c7ar\u015famba, 17 A\u011fustos 2011 Tarihli Rapor<\/p>\n\n\n\n<p>Sevgili Swisslasik Ekibi<br>3. S\u0131n\u0131ftan beri g\u00f6zl\u00fck tak\u0131yorum. Hep \u00e7ok sportif biriydim ve bu y\u00fczden g\u00f6zl\u00fck s\u00fcrekli rahats\u0131z ediyordu. Futbol oynarken g\u00f6zl\u00fck takmak zorundayd\u0131m, \u00e7\u00fcnk\u00fc g\u00f6zl\u00fcks\u00fcz o kadar k\u00f6t\u00fc g\u00f6r\u00fcyordum ki topa asla vuramazd\u0131m. Yaz\u0131n s\u0131k s\u0131k plaja gidip y\u00fcz\u00fcyorum, bu y\u00fczden g\u00f6zl\u00fc\u011f\u00fcn bir ba\u015fka dezavantaj\u0131 da bu oldu, \u00e7\u00fcnk\u00fc g\u00f6zl\u00fcks\u00fcz \u00e7evremdeki insanlar\u0131 g\u00f6remiyordum. Bu y\u00fczden kesinlikle g\u00f6zl\u00fcks\u00fcz bir hayat i\u00e7in her \u015feyi yapmak istedim. K\u0131\u015f\u0131n so\u011fuk havalarda d\u0131\u015far\u0131dan i\u00e7eri girdi\u011finde g\u00f6zl\u00fck bu\u011fu yap\u0131yor, bu da ayr\u0131 bir s\u0131k\u0131nt\u0131.<br><br>\u0130kinci s\u0131n\u0131fta ayl\u0131k kontakt lens denedim. Ba\u015flang\u0131\u00e7ta iyi gidiyordu, ta ki g\u00f6zlerim iltihaplanana kadar ve lens takmaktan vazge\u00e7tim \u00e7\u00fcnk\u00fc \u00e7ok zahmetliydi. G\u00fcn\u00fcm\u00fczde gen\u00e7ler interneti s\u0131k kullan\u0131yor ve ben de g\u00f6zlerim i\u00e7in bir \u00e7\u00f6z\u00fcm ararken Lasik y\u00f6ntemiyle kar\u015f\u0131la\u015ft\u0131m. \u0130\u015flem, yan etkiler ve prosed\u00fcr hakk\u0131nda detayl\u0131 ara\u015ft\u0131rma yapt\u0131m ve yapt\u0131rmaya karar verdim.<br><br>Do\u011fru ya\u015fa geldi\u011fimde, \u00e7\u00fcnk\u00fc \u0130svi\u00e7re\u2019de bu i\u015flemler 25 ya\u015f\u0131ndan itibaren yap\u0131labiliyor, bunu ger\u00e7ekle\u015ftirmek istedim. Tan\u0131d\u0131klar\u0131m\u0131n tavsiyesiyle bunun \u0130stanbul\u2019da da yap\u0131labilece\u011fini \u00f6\u011frendim. Hem \u00e7ok kaliteli hem de \u0130svi\u00e7re\u2019ye g\u00f6re daha uygun fiyatl\u0131. Hemen swisslasik.ch ile ileti\u015fime ge\u00e7tim ve posta ile bilgiler ald\u0131m. M\u00fc\u015fteri hizmetlerini \u00e7ok takdir ettim. Bay Karaagcli bana \u00e7ok iyi dan\u0131\u015fmanl\u0131k yapt\u0131 ve hemen kayd\u0131m\u0131 yapt\u0131rd\u0131m.<br><br>\u00d6nce Z\u00fcrih\u2019te iste\u011fe ba\u011fl\u0131 bir \u00f6n muayene yapt\u0131m ve sonu\u00e7 olumlu \u00e7\u0131kt\u0131. Nihayet 4 Temmuz\u2019da k\u0131sa bir bekleyi\u015fin ard\u0131ndan SWISS ile Z\u00fcrih\u2019ten \u0130stanbul\u2019a u\u00e7tum. Bir hafta \u00f6ncesinde bana \u00f6zel Swisslasik pasaportu geldi. Bu pasaport, tedavi ve seyahat bilgilerini i\u00e7eriyordu.<br><br>\u0130stanbul\u2019da EyeStar Klinik\u2019in Almanca konu\u015fan personeli taraf\u0131ndan s\u0131cak bir \u015fekilde kar\u015f\u0131land\u0131m ve havaliman\u0131ndan Taksim Life Hotel\u2019e g\u00f6t\u00fcr\u00fcld\u00fcm. Otel iki ay \u00f6nce yenilenmi\u015fti, \u00e7ok modern ve hijyenikti. Otelden klini\u011fe y\u00fcr\u00fcyerek 10 dakika mesafe vard\u0131.<br><br>Ertesi g\u00fcn, 5 Temmuz sabah\u0131, yakla\u015f\u0131k bir saat s\u00fcren \u00f6n muayene yapt\u0131m, b\u00f6ylece g\u00f6z de\u011ferlerime tekrar bak\u0131ld\u0131. Operasyon \u00e7ok iyi organize edilmi\u015fti, herkes g\u00f6revini biliyordu, doktor her ad\u0131m\u0131 bana anlatt\u0131 ve b\u00f6ylece gerginli\u011fim azald\u0131. OP k\u0131yafetleri giydim ve g\u00f6zlerim lokal olarak uyu\u015fturuldu, hi\u00e7bir \u015fey hissetmedim.<br><br>Art\u0131k operasyon zaman\u0131 gelmi\u015fti. Ameliyathane masas\u0131na, lazerin tam alt\u0131na uzand\u0131m. Operasyon boyunca ger\u00e7ekten hi\u00e7 a\u011fr\u0131 hissetmedim. T\u00fcm s\u00fcre boyunca lazerdeki ye\u015fil noktaya odaklanmam gerekiyordu, bu ger\u00e7ekten zordu \u00e7\u00fcnk\u00fc doktor s\u00fcrekli bir aletle g\u00f6z bebe\u011fini oynat\u0131yordu. Operasyon s\u0131ras\u0131nda biraz yanm\u0131\u015f koku vard\u0131 ve cihaz\u0131n sesi di\u015f\u00e7ideki makineye benziyordu.                            Operasyonun sonunda her iki g\u00f6z\u00fcme koruyucu lens tak\u0131ld\u0131, bu lensler g\u00f6zleri enfeksiyondan koruyor. Sonras\u0131nda ba\u015fka bir odada rahat bir \u015fezlongda 15 dakika dinlendim. Ard\u0131ndan doktor bana her \u015feyin yolunda olup olmad\u0131\u011f\u0131n\u0131 sordu, ben de iyi oldu\u011fumu s\u00f6yledim ve b\u00f6ylece operasyonun \u00fczerinden yakla\u015f\u0131k 30 dakika sonra klini\u011fi terk edip hemen otele d\u00f6nebildim. Otelde g\u00f6zlerimi 4 saat boyunca kapal\u0131 tutmam gerekiyordu. I\u015f\u0131\u011fa kar\u015f\u0131 hassasiyet nedeniyle g\u00fcne\u015f g\u00f6zl\u00fc\u011f\u00fc takmak ve her saat ba\u015f\u0131 verilen damlalar\u0131 kullanmak zorundayd\u0131m. Klinik bana \u00fc\u00e7 farkl\u0131 damlay\u0131 \u00fccretsiz verdi ve bunlar\u0131 d\u00fczenli kullanmak \u00e7ok \u00f6nemliydi.<br><br>K\u0131sa bir uyku sonras\u0131 arkada\u015f\u0131m ile \u0130stiklal Caddesi\u2019ne gittim (yakla\u015f\u0131k 2,3 km uzunlu\u011funda al\u0131\u015fveri\u015f caddesi). Swisslasik pasaportu tavsiyesiyle g\u00fczel bir yemek yedik. Yemek \u00e7ok lezzetliydi, kesinlikle tavsiye ederim. Moda Cafe\u2019de de en iyi dondurmay\u0131 buldum!<br><br>Ertesi g\u00fcn kontrole gittim, her \u015feyin yolunda olup olmad\u0131\u011f\u0131na bak\u0131ld\u0131. \u00d6n muayenedeki gibi g\u00f6zlerim kontrol edildi ve tabii ki her \u015fey d\u00fczg\u00fcnd\u00fc. Biraz bulan\u0131k g\u00f6rsem de \u00e7ok mutluydum. G\u00f6zl\u00fcks\u00fcz hayat \u00e7ok daha g\u00fczel, ya\u015fam hissi ve kalite %100\u2019\u00fcn \u00fczerine \u00e7\u0131k\u0131yor!<br><br>7 Temmuz\u2019da \u0130svi\u00e7re\u2019ye geri d\u00f6nd\u00fck, hem \u015fof\u00f6r\u00fcm\u00fcz hem de klinik ve otel personelinin baz\u0131lar\u0131 Almanca konu\u015fabiliyordu ve bizi havaliman\u0131na g\u00f6t\u00fcrd\u00fc. \u0130svi\u00e7re\u2019ye d\u00f6nd\u00fckten sonra \u00fc\u00e7 damladan ikisini bir ay boyunca her 3 saatte bir d\u00fczenli kullanmam gerekiyordu. \u00dc\u00e7\u00fcnc\u00fc damla ise nemlendirme i\u00e7in h\u00e2l\u00e2 kullan\u0131yorum ve gece i\u00e7in g\u00f6zleri kurulu\u011fa kar\u015f\u0131 koruyan bir jel de verildi.<br><br>\u015eimdi \u0130svi\u00e7re\u2019de ikinci kontrol\u00fcm\u00fc yapt\u0131rd\u0131m, Premium paket be\u015f kontrol i\u00e7eriyor. \u0130svi\u00e7re\u2019de yapt\u0131rd\u0131\u011f\u0131m iki kontrolde de her \u015fey yolundayd\u0131. Art\u0131k her g\u00fcn\u00fc g\u00f6zl\u00fcks\u00fcz ya\u015fam\u0131n keyfiyle ge\u00e7irebiliyorum. Swisslasik ekibine, Bay Karaagcli\u2019ye ve EyeStar ekibine harika destek ve dan\u0131\u015fmanl\u0131k i\u00e7in te\u015fekk\u00fcr ederim.<br><br>Sayg\u0131lar\u0131mla<br>Marc Bless                    <\/p>\n\n\n\n<div class=\"wp-block-group is-layout-grid wp-container-core-group-is-layout-baef362d wp-block-group-is-layout-grid\">\n<p><a href=\"https:\/\/medicaltravel.at\/home\/agb\/\" data-type=\"page\" data-id=\"2191\"><\/a><a href=\"https:\/\/medicaltravel.at\/tr\/hasta-hikayeleri\/2011-yili-hasta-raporlari\/18-ekim-2011de-acibadem-hastanesinde-istanbulda-yaptirdigim-goez-lazeri-ameliyatim-sali-29-kasim-2011-tarihli-rapor\/\" data-type=\"link\" data-id=\"https:\/\/medicaltravel.at\/tr\/hasta-hikayeleri\/2011-yili-hasta-raporlari\/18-ekim-2011de-acibadem-hastanesinde-istanbulda-yaptirdigim-goez-lazeri-ameliyatim-sali-29-kasim-2011-tarihli-rapor\/\">\u00d6nceki Rapor<\/a><\/p>\n\n\n\n<p class=\"has-text-align-right wp-container-content-5e2576f9\"><a href=\"https:\/\/medicaltravel.at\/home\/impressum\/\" data-type=\"page\" data-id=\"2193\"><\/a><a href=\"https:\/\/medicaltravel.at\/home\/berichte-von-patienten\/erfahrungsberichte\/erfahrungsbericht-zahnbehandlung-in-istanbul\/\" data-type=\"page\" data-id=\"981\"><\/a><a href=\"https:\/\/medicaltravel.at\/tr\/hasta-hikayeleri\/2011-yili-hasta-raporlari\/istanbuldaki-acibadem-hastanesinde-cocuk-sahibi-olma-tedavimiz-pazar-14-agustos-2011-tarihli-rapor\/\" data-type=\"link\" data-id=\"https:\/\/medicaltravel.at\/tr\/hasta-hikayeleri\/2011-yili-hasta-raporlari\/istanbuldaki-acibadem-hastanesinde-cocuk-sahibi-olma-tedavimiz-pazar-14-agustos-2011-tarihli-rapor\/\">Sonraki Rapor<\/a><\/p>\n<\/div>\n","protected":false},"excerpt":{"rendered":"<p>\u0130stanbul\u2019daki LASIK Tedavim \u2013 \u00c7ar\u015famba, 17 A\u011fustos 2011 Tarihli Rapor Sevgili Swisslasik Ekibi3. S\u0131n\u0131ftan beri g\u00f6zl\u00fck tak\u0131yorum. Hep \u00e7ok sportif biriydim ve bu y\u00fczden g\u00f6zl\u00fck s\u00fcrekli rahats\u0131z ediyordu. Futbol oynarken g\u00f6zl\u00fck takmak zorundayd\u0131m, \u00e7\u00fcnk\u00fc g\u00f6zl\u00fcks\u00fcz o kadar k\u00f6t\u00fc g\u00f6r\u00fcyordum ki topa asla vuramazd\u0131m. Yaz\u0131n s\u0131k s\u0131k plaja gidip y\u00fcz\u00fcyorum, bu y\u00fczden g\u00f6zl\u00fc\u011f\u00fcn bir ba\u015fka dezavantaj\u0131 da bu oldu, \u00e7\u00fcnk\u00fc g\u00f6zl\u00fcks\u00fcz \u00e7evremdeki insanlar\u0131 g\u00f6remiyordum. Bu y\u00fczden kesinlikle g\u00f6zl\u00fcks\u00fcz bir hayat i\u00e7in her \u015feyi yapmak istedim. K\u0131\u015f\u0131n so\u011fuk havalarda d\u0131\u015far\u0131dan i\u00e7eri girdi\u011finde g\u00f6zl\u00fck bu\u011fu yap\u0131yor, bu da ayr\u0131 bir s\u0131k\u0131nt\u0131. \u0130kinci s\u0131n\u0131fta ayl\u0131k kontakt lens denedim. Ba\u015flang\u0131\u00e7ta iyi gidiyordu, ta ki g\u00f6zlerim iltihaplanana kadar ve lens takmaktan vazge\u00e7tim \u00e7\u00fcnk\u00fc \u00e7ok zahmetliydi. G\u00fcn\u00fcm\u00fczde gen\u00e7ler interneti s\u0131k kullan\u0131yor ve ben de g\u00f6zlerim i\u00e7in bir \u00e7\u00f6z\u00fcm ararken Lasik y\u00f6ntemiyle kar\u015f\u0131la\u015ft\u0131m. \u0130\u015flem, yan etkiler ve prosed\u00fcr hakk\u0131nda detayl\u0131 ara\u015ft\u0131rma yapt\u0131m ve yapt\u0131rmaya karar verdim. Do\u011fru ya\u015fa geldi\u011fimde, \u00e7\u00fcnk\u00fc \u0130svi\u00e7re\u2019de bu i\u015flemler 25 ya\u015f\u0131ndan itibaren yap\u0131labiliyor, bunu ger\u00e7ekle\u015ftirmek istedim. Tan\u0131d\u0131klar\u0131m\u0131n tavsiyesiyle bunun \u0130stanbul\u2019da da yap\u0131labilece\u011fini \u00f6\u011frendim. Hem \u00e7ok kaliteli hem de \u0130svi\u00e7re\u2019ye g\u00f6re daha uygun fiyatl\u0131. Hemen swisslasik.ch ile ileti\u015fime ge\u00e7tim ve posta ile bilgiler ald\u0131m. M\u00fc\u015fteri hizmetlerini \u00e7ok takdir ettim. Bay Karaagcli bana \u00e7ok iyi dan\u0131\u015fmanl\u0131k yapt\u0131 ve hemen kayd\u0131m\u0131 yapt\u0131rd\u0131m. \u00d6nce Z\u00fcrih\u2019te iste\u011fe ba\u011fl\u0131 bir \u00f6n muayene yapt\u0131m ve sonu\u00e7 olumlu \u00e7\u0131kt\u0131. Nihayet 4 Temmuz\u2019da k\u0131sa bir bekleyi\u015fin ard\u0131ndan SWISS ile Z\u00fcrih\u2019ten \u0130stanbul\u2019a u\u00e7tum. Bir hafta \u00f6ncesinde bana \u00f6zel Swisslasik pasaportu geldi. Bu pasaport, tedavi ve seyahat bilgilerini i\u00e7eriyordu. \u0130stanbul\u2019da EyeStar Klinik\u2019in Almanca konu\u015fan personeli taraf\u0131ndan s\u0131cak bir \u015fekilde kar\u015f\u0131land\u0131m ve havaliman\u0131ndan Taksim Life Hotel\u2019e g\u00f6t\u00fcr\u00fcld\u00fcm. Otel iki ay \u00f6nce yenilenmi\u015fti, \u00e7ok modern ve hijyenikti. Otelden klini\u011fe y\u00fcr\u00fcyerek 10 dakika mesafe vard\u0131. Ertesi g\u00fcn, 5 Temmuz sabah\u0131, yakla\u015f\u0131k bir saat s\u00fcren \u00f6n muayene yapt\u0131m, b\u00f6ylece g\u00f6z de\u011ferlerime tekrar bak\u0131ld\u0131. Operasyon \u00e7ok iyi organize edilmi\u015fti, herkes g\u00f6revini biliyordu, doktor her ad\u0131m\u0131 bana anlatt\u0131 ve b\u00f6ylece gerginli\u011fim azald\u0131. OP k\u0131yafetleri giydim ve g\u00f6zlerim lokal olarak uyu\u015fturuldu, hi\u00e7bir \u015fey hissetmedim. Art\u0131k operasyon zaman\u0131 gelmi\u015fti. Ameliyathane masas\u0131na, lazerin tam alt\u0131na uzand\u0131m. Operasyon boyunca ger\u00e7ekten hi\u00e7 a\u011fr\u0131 hissetmedim. T\u00fcm s\u00fcre boyunca lazerdeki ye\u015fil noktaya odaklanmam gerekiyordu, bu ger\u00e7ekten zordu \u00e7\u00fcnk\u00fc doktor s\u00fcrekli bir aletle g\u00f6z bebe\u011fini oynat\u0131yordu. Operasyon s\u0131ras\u0131nda biraz yanm\u0131\u015f koku vard\u0131 ve cihaz\u0131n sesi di\u015f\u00e7ideki makineye benziyordu. Operasyonun sonunda her iki g\u00f6z\u00fcme koruyucu lens tak\u0131ld\u0131, bu lensler g\u00f6zleri enfeksiyondan koruyor. Sonras\u0131nda ba\u015fka bir odada rahat bir \u015fezlongda 15 dakika dinlendim. Ard\u0131ndan doktor bana her \u015feyin yolunda olup olmad\u0131\u011f\u0131n\u0131 sordu, ben de iyi oldu\u011fumu s\u00f6yledim ve b\u00f6ylece operasyonun \u00fczerinden yakla\u015f\u0131k 30 dakika sonra klini\u011fi terk edip hemen otele d\u00f6nebildim. Otelde g\u00f6zlerimi 4 saat boyunca kapal\u0131 tutmam gerekiyordu. I\u015f\u0131\u011fa kar\u015f\u0131 hassasiyet nedeniyle g\u00fcne\u015f g\u00f6zl\u00fc\u011f\u00fc takmak ve her saat ba\u015f\u0131 verilen damlalar\u0131 kullanmak zorundayd\u0131m. Klinik bana \u00fc\u00e7 farkl\u0131 damlay\u0131 \u00fccretsiz verdi ve bunlar\u0131 d\u00fczenli kullanmak \u00e7ok \u00f6nemliydi. K\u0131sa bir uyku sonras\u0131 arkada\u015f\u0131m ile \u0130stiklal Caddesi\u2019ne gittim (yakla\u015f\u0131k 2,3 km uzunlu\u011funda al\u0131\u015fveri\u015f caddesi). Swisslasik pasaportu tavsiyesiyle g\u00fczel bir yemek yedik. Yemek \u00e7ok lezzetliydi, kesinlikle tavsiye ederim. Moda Cafe\u2019de de en iyi dondurmay\u0131 buldum! Ertesi g\u00fcn kontrole gittim, her \u015feyin yolunda olup olmad\u0131\u011f\u0131na bak\u0131ld\u0131. \u00d6n muayenedeki gibi g\u00f6zlerim kontrol edildi ve tabii ki her \u015fey d\u00fczg\u00fcnd\u00fc. Biraz bulan\u0131k g\u00f6rsem de \u00e7ok mutluydum. G\u00f6zl\u00fcks\u00fcz hayat \u00e7ok daha g\u00fczel, ya\u015fam hissi ve kalite %100\u2019\u00fcn \u00fczerine \u00e7\u0131k\u0131yor! 7 Temmuz\u2019da \u0130svi\u00e7re\u2019ye geri d\u00f6nd\u00fck, hem \u015fof\u00f6r\u00fcm\u00fcz hem de klinik ve otel personelinin baz\u0131lar\u0131 Almanca konu\u015fabiliyordu ve bizi havaliman\u0131na g\u00f6t\u00fcrd\u00fc. \u0130svi\u00e7re\u2019ye d\u00f6nd\u00fckten sonra \u00fc\u00e7 damladan ikisini bir ay boyunca her 3 saatte bir d\u00fczenli kullanmam gerekiyordu. \u00dc\u00e7\u00fcnc\u00fc damla ise nemlendirme i\u00e7in h\u00e2l\u00e2 kullan\u0131yorum ve gece i\u00e7in g\u00f6zleri kurulu\u011fa kar\u015f\u0131 koruyan bir jel de verildi. \u015eimdi \u0130svi\u00e7re\u2019de ikinci kontrol\u00fcm\u00fc yapt\u0131rd\u0131m, Premium paket be\u015f kontrol i\u00e7eriyor. \u0130svi\u00e7re\u2019de yapt\u0131rd\u0131\u011f\u0131m iki kontrolde de her \u015fey yolundayd\u0131. Art\u0131k her g\u00fcn\u00fc g\u00f6zl\u00fcks\u00fcz ya\u015fam\u0131n keyfiyle ge\u00e7irebiliyorum. Swisslasik ekibine, Bay Karaagcli\u2019ye ve EyeStar ekibine harika destek ve dan\u0131\u015fmanl\u0131k i\u00e7in te\u015fekk\u00fcr ederim. Sayg\u0131lar\u0131mlaMarc Bless \u00d6nceki Rapor Sonraki Rapor<\/p>\n","protected":false},"author":4,"featured_media":0,"parent":4771,"menu_order":0,"comment_status":"closed","ping_status":"closed","template":"","meta":{"_joinchat":[],"footnotes":""},"class_list":["post-4805","page","type-page","status-publish","hentry"],"acf":[],"_links":{"self":[{"href":"https:\/\/medicaltravel.at\/tr\/wp-json\/wp\/v2\/pages\/4805","targetHints":{"allow":["GET"]}}],"collection":[{"href":"https:\/\/medicaltravel.at\/tr\/wp-json\/wp\/v2\/pages"}],"about":[{"href":"https:\/\/medicaltravel.at\/tr\/wp-json\/wp\/v2\/types\/page"}],"author":[{"embeddable":true,"href":"https:\/\/medicaltravel.at\/tr\/wp-json\/wp\/v2\/users\/4"}],"replies":[{"embeddable":true,"href":"https:\/\/medicaltravel.at\/tr\/wp-json\/wp\/v2\/comments?post=4805"}],"version-history":[{"count":2,"href":"https:\/\/medicaltravel.at\/tr\/wp-json\/wp\/v2\/pages\/4805\/revisions"}],"predecessor-version":[{"id":5805,"href":"https:\/\/medicaltravel.at\/tr\/wp-json\/wp\/v2\/pages\/4805\/revisions\/5805"}],"up":[{"embeddable":true,"href":"https:\/\/medicaltravel.at\/tr\/wp-json\/wp\/v2\/pages\/4771"}],"wp:attachment":[{"href":"https:\/\/medicaltravel.at\/tr\/wp-json\/wp\/v2\/media?parent=4805"}],"curies":[{"name":"wp","href":"https:\/\/api.w.org\/{rel}","templated":true}]}}