{"id":4801,"date":"2025-09-28T09:58:17","date_gmt":"2025-09-28T08:58:17","guid":{"rendered":"https:\/\/medicaltravel.at\/hasta-hikayeleri\/2011-yili-hasta-raporlari\/21-04-2011-tarihli-goez-lazeri-yolculugum-pazartesi-13-haziran-2011-tarihli-rapor\/"},"modified":"2026-01-13T15:51:35","modified_gmt":"2026-01-13T14:51:35","slug":"21-04-2011-tarihli-goez-lazeri-yolculugum-pazartesi-13-haziran-2011-tarihli-rapor","status":"publish","type":"page","link":"https:\/\/medicaltravel.at\/tr\/hasta-hikayeleri\/2011-yili-hasta-raporlari\/21-04-2011-tarihli-goez-lazeri-yolculugum-pazartesi-13-haziran-2011-tarihli-rapor\/","title":{"rendered":"21.04.2011 Tarihli G\u00f6z Lazeri Yolculu\u011fum \u2013 Pazartesi, 13 Haziran 2011 Tarihli Rapor"},"content":{"rendered":"\n<p><strong>21.04.2011 Tarihli G\u00f6z Lazeri Yolculu\u011fum <\/strong>\u2013 Pazartesi, 13 Haziran 2011 Tarihli Rapor<\/p>\n\n\n\n<p>Uzun zamand\u0131r g\u00f6z lazer operasyonuna ilgi duyuyordum, fakat y\u00fcksek fiyat nedeniyle bu planlar ba\u015ftan ba\u015far\u0131s\u0131zl\u0131\u011fa mahk\u00fbmdu. Yakla\u015f\u0131k \u00fc\u00e7 y\u0131l sonra T\u00fcrkiye\u2019deki g\u00f6z lazer operasyonlar\u0131yla ilgili bir makale g\u00f6rd\u00fc\u011f\u00fcmde, g\u00f6zl\u00fcks\u00fcz bir ya\u015fam iste\u011fi tekrar hemen akl\u0131ma geldi. \u0130nternette ara\u015ft\u0131rma yapt\u0131m ve Swisslasik ile kar\u015f\u0131la\u015ft\u0131m. Kullan\u0131c\u0131 deneyimlerini defalarca okudum ve bu beni giderek daha \u00e7ok ikna etti. O d\u00f6nemde yo\u011fun bir e\u011fitim s\u00fcrecindeydim, bu y\u00fczden planlar\u0131m\u0131 2011 ba\u015f\u0131na erteledim. Tabii ki h\u00e2l\u00e2 baz\u0131 sorular\u0131m vard\u0131, \u00e7\u00fcnk\u00fc benim i\u00e7in kusursuz bir sonu\u00e7 \u015fartt\u0131. Swisslasik\u2019e bir e-posta g\u00f6nderdim ve \u00e7ok h\u0131zl\u0131 ve detayl\u0131 bir \u015fekilde yan\u0131t ald\u0131m. Ard\u0131ndan, bo\u015funa \u0130stanbul\u2019a gitmemek i\u00e7in hemen Z\u00fcrih\u2019te \u00f6n muayene i\u00e7in kaydoldum.<br><br>Z\u00fcrih\u2019teki \u00f6n muayene, istedi\u011fim \u015fekilde organize edilmi\u015fti ve sorunsuz ge\u00e7ti. G\u00f6z doktoru muayenehanesi (\u00e7ok modern) Swisslasik\u2019e ba\u011fl\u0131 de\u011fildi, sadece Swisslasik i\u00e7in hastalar\u0131 muayene eden normal bir g\u00f6z doktoruydu. Muayene sonucu olumlu \u00e7\u0131kt\u0131 ve seyahat tarihi belirleme a\u015famas\u0131na ge\u00e7ildi. Herr Karaagacli bana teklifini g\u00f6nderdi, ben e-posta ile onaylad\u0131m ve seyahat rezervasyonu yap\u0131lm\u0131\u015f oldu.<br><br>21 Nisan 2011\u2019de u\u00e7aktayd\u0131m ve \u0130stanbul\u2019a gidiyordum. Havaliman\u0131nda Almanca konu\u015fan bir \u015fof\u00f6r taraf\u0131ndan kar\u015f\u0131land\u0131m ve otele g\u00f6t\u00fcr\u00fcld\u00fcm. Otel g\u00f6z klini\u011fine yakla\u015f\u0131k 5 dakika mesafedeydi, \u00e7ok konforlu ve modern d\u00f6\u015fenmi\u015fti. Ertesi sabah \u00f6n muayene i\u00e7in al\u0131nd\u0131m. \u0130\u015flem prosed\u00fcr\u00fc \u0130svi\u00e7re ile benzerdi, ama biraz daha detayl\u0131yd\u0131. G\u00f6z de\u011ferlerim uygundu ve operasyon ayn\u0131 g\u00fcn saat 15:00\u2019te yap\u0131ld\u0131. Di\u011fer hastalara ve bana operasyon s\u00fcreci tekrar detayl\u0131 olarak anlat\u0131ld\u0131, ard\u0131ndan bir kat yukar\u0131 \u201coperasyon alan\u0131na\u201d ge\u00e7ildi.<br><br>Art\u0131k s\u0131ra operasyondayd\u0131, hasta hasta al\u0131n\u0131yordu. \u00d6n odada g\u00f6zler damlalarla uyu\u015fturuldu, b\u00f6ylece operasyon s\u0131ras\u0131nda hi\u00e7bir \u015fey hissetmedim. Sonra operasyon odas\u0131na g\u00f6t\u00fcr\u00fcld\u00fcm ve lazerin alt\u0131na yatmam istendi. \u0130\u015flem ba\u015flad\u0131, \u00f6nce bir g\u00f6z kapat\u0131ld\u0131 ve operasyon ger\u00e7ekle\u015fti. Tam olarak neler oldu\u011funu tarif edemem ama olduk\u00e7a h\u0131zl\u0131 ge\u00e7ti ve hi\u00e7 a\u011fr\u0131mad\u0131, sadece al\u0131\u015f\u0131lmad\u0131k bir his vard\u0131. \u0130kinci g\u00f6z de ayn\u0131 \u015fekilde yap\u0131ld\u0131 ve t\u00fcm i\u015flem tamamland\u0131.<br>Biraz bulan\u0131k g\u00f6r\u00fcyordum ve k\u0131sa bir s\u00fcre dinlenmek i\u00e7in karanl\u0131k bir odaya g\u00f6t\u00fcr\u00fcld\u00fcm. Sonra tekrar bekleme odas\u0131na geri getirildim. Herkes biraz g\u00f6zleri suland\u0131\u011f\u0131 ve yanma hissi oldu\u011fu i\u00e7in olduk\u00e7a yorgun g\u00f6r\u00fcn\u00fcyordu.<br><br>Tekrar a\u015fa\u011f\u0131 indirilip damla uygulamas\u0131 anlat\u0131ld\u0131 ve otele geri d\u00f6nd\u00fck. G\u00f6r\u00fc\u015f h\u00e2l\u00e2 biraz bulan\u0131kt\u0131 ve g\u00f6zler \u00e7ok kuru hissediyordu ama a\u011fr\u0131m yoktu. Otelde uzand\u0131m ve uyudum. Normal ve sessiz bir gece ge\u00e7irdim ve ertesi sabah g\u00f6zlerim net g\u00f6r\u00fcyordu; ne kadar harika bir hismi\u015f!                               Son kontrol muayenesi sorunsuz ge\u00e7ti, ard\u0131ndan g\u00f6zl\u00fcks\u00fcz ama g\u00fcne\u015f g\u00f6zl\u00fc\u011f\u00fc takarak \u015fehir turu yapt\u0131m. Harika bir histi. Ertesi g\u00fcn u\u00e7akla eve d\u00f6nd\u00fck. Operasyondan bu yana 7 hafta ge\u00e7ti ve iyile\u015fme s\u00fcreci iyi gidiyor. \u015eimdiye kadar \u0130svi\u00e7re\u2019de iki kez kontrole gittim ve g\u00f6z doktoru sonu\u00e7tan \u00e7ok memnun kald\u0131. G\u00f6rme keskinli\u011fimde h\u00e2l\u00e2 k\u00fc\u00e7\u00fck dalgalanmalar var, ama \u00e7ok az. Genel olarak \u00e7ok memnunum ve g\u00f6zl\u00fck veya kontakt lens kullan\u0131m\u0131ndan rahats\u0131z olan herkese bu ad\u0131m\u0131 atmalar\u0131n\u0131 tavsiye ederim. \u0130svi\u00e7re\u2019de bunun daha iyi yap\u0131labilece\u011fini de hayal edemiyorum, \u00e7\u00fcnk\u00fc neredeyse daha iyi olamazd\u0131!        <\/p>\n\n\n\n<div class=\"wp-block-group is-layout-grid wp-container-core-group-is-layout-baef362d wp-block-group-is-layout-grid\">\n<p><a href=\"https:\/\/medicaltravel.at\/home\/agb\/\" data-type=\"page\" data-id=\"2191\"><\/a><a href=\"https:\/\/medicaltravel.at\/tr\/hasta-hikayeleri\/2011-yili-hasta-raporlari\/goez-lasik-max-muellerin-22-martta-istanbulda-yapilan-ameliyat-deneyimi-carsamba-29-haziran-2011-tarihli-rapor\/\" data-type=\"link\" data-id=\"https:\/\/medicaltravel.at\/berichte-von-patienten\/patientenberichte-2011\/augenlasik-erfahrungsbericht-von-max-mueller-ueber-op-vom-22-maerz-in-istanbul-bericht-vom-mittwoch-29-juni-2011\/\">\u00d6nceki Rapor<\/a><\/p>\n\n\n\n<p class=\"has-text-align-right wp-container-content-5e2576f9\"><a href=\"https:\/\/medicaltravel.at\/home\/impressum\/\" data-type=\"page\" data-id=\"2193\"><\/a><a href=\"https:\/\/medicaltravel.at\/home\/berichte-von-patienten\/erfahrungsberichte\/erfahrungsbericht-zahnbehandlung-in-istanbul\/\" data-type=\"page\" data-id=\"981\"><\/a><a href=\"https:\/\/medicaltravel.at\/tr\/hasta-hikayeleri\/2011-yili-hasta-raporlari\/istanbuldaki-dis-tedavim-cumartesi-04-haziran-2011-tarihli-rapor\/\" data-type=\"link\" data-id=\"https:\/\/medicaltravel.at\/tr\/hasta-hikayeleri\/2011-yili-hasta-raporlari\/istanbuldaki-dis-tedavim-cumartesi-04-haziran-2011-tarihli-rapor\/\">Sonraki Rapor<\/a><\/p>\n<\/div>\n","protected":false},"excerpt":{"rendered":"<p>21.04.2011 Tarihli G\u00f6z Lazeri Yolculu\u011fum \u2013 Pazartesi, 13 Haziran 2011 Tarihli Rapor Uzun zamand\u0131r g\u00f6z lazer operasyonuna ilgi duyuyordum, fakat y\u00fcksek fiyat nedeniyle bu planlar ba\u015ftan ba\u015far\u0131s\u0131zl\u0131\u011fa mahk\u00fbmdu. Yakla\u015f\u0131k \u00fc\u00e7 y\u0131l sonra T\u00fcrkiye\u2019deki g\u00f6z lazer operasyonlar\u0131yla ilgili bir makale g\u00f6rd\u00fc\u011f\u00fcmde, g\u00f6zl\u00fcks\u00fcz bir ya\u015fam iste\u011fi tekrar hemen akl\u0131ma geldi. \u0130nternette ara\u015ft\u0131rma yapt\u0131m ve Swisslasik ile kar\u015f\u0131la\u015ft\u0131m. Kullan\u0131c\u0131 deneyimlerini defalarca okudum ve bu beni giderek daha \u00e7ok ikna etti. O d\u00f6nemde yo\u011fun bir e\u011fitim s\u00fcrecindeydim, bu y\u00fczden planlar\u0131m\u0131 2011 ba\u015f\u0131na erteledim. Tabii ki h\u00e2l\u00e2 baz\u0131 sorular\u0131m vard\u0131, \u00e7\u00fcnk\u00fc benim i\u00e7in kusursuz bir sonu\u00e7 \u015fartt\u0131. Swisslasik\u2019e bir e-posta g\u00f6nderdim ve \u00e7ok h\u0131zl\u0131 ve detayl\u0131 bir \u015fekilde yan\u0131t ald\u0131m. Ard\u0131ndan, bo\u015funa \u0130stanbul\u2019a gitmemek i\u00e7in hemen Z\u00fcrih\u2019te \u00f6n muayene i\u00e7in kaydoldum. Z\u00fcrih\u2019teki \u00f6n muayene, istedi\u011fim \u015fekilde organize edilmi\u015fti ve sorunsuz ge\u00e7ti. G\u00f6z doktoru muayenehanesi (\u00e7ok modern) Swisslasik\u2019e ba\u011fl\u0131 de\u011fildi, sadece Swisslasik i\u00e7in hastalar\u0131 muayene eden normal bir g\u00f6z doktoruydu. Muayene sonucu olumlu \u00e7\u0131kt\u0131 ve seyahat tarihi belirleme a\u015famas\u0131na ge\u00e7ildi. Herr Karaagacli bana teklifini g\u00f6nderdi, ben e-posta ile onaylad\u0131m ve seyahat rezervasyonu yap\u0131lm\u0131\u015f oldu. 21 Nisan 2011\u2019de u\u00e7aktayd\u0131m ve \u0130stanbul\u2019a gidiyordum. Havaliman\u0131nda Almanca konu\u015fan bir \u015fof\u00f6r taraf\u0131ndan kar\u015f\u0131land\u0131m ve otele g\u00f6t\u00fcr\u00fcld\u00fcm. Otel g\u00f6z klini\u011fine yakla\u015f\u0131k 5 dakika mesafedeydi, \u00e7ok konforlu ve modern d\u00f6\u015fenmi\u015fti. Ertesi sabah \u00f6n muayene i\u00e7in al\u0131nd\u0131m. \u0130\u015flem prosed\u00fcr\u00fc \u0130svi\u00e7re ile benzerdi, ama biraz daha detayl\u0131yd\u0131. G\u00f6z de\u011ferlerim uygundu ve operasyon ayn\u0131 g\u00fcn saat 15:00\u2019te yap\u0131ld\u0131. Di\u011fer hastalara ve bana operasyon s\u00fcreci tekrar detayl\u0131 olarak anlat\u0131ld\u0131, ard\u0131ndan bir kat yukar\u0131 \u201coperasyon alan\u0131na\u201d ge\u00e7ildi. Art\u0131k s\u0131ra operasyondayd\u0131, hasta hasta al\u0131n\u0131yordu. \u00d6n odada g\u00f6zler damlalarla uyu\u015fturuldu, b\u00f6ylece operasyon s\u0131ras\u0131nda hi\u00e7bir \u015fey hissetmedim. Sonra operasyon odas\u0131na g\u00f6t\u00fcr\u00fcld\u00fcm ve lazerin alt\u0131na yatmam istendi. \u0130\u015flem ba\u015flad\u0131, \u00f6nce bir g\u00f6z kapat\u0131ld\u0131 ve operasyon ger\u00e7ekle\u015fti. Tam olarak neler oldu\u011funu tarif edemem ama olduk\u00e7a h\u0131zl\u0131 ge\u00e7ti ve hi\u00e7 a\u011fr\u0131mad\u0131, sadece al\u0131\u015f\u0131lmad\u0131k bir his vard\u0131. \u0130kinci g\u00f6z de ayn\u0131 \u015fekilde yap\u0131ld\u0131 ve t\u00fcm i\u015flem tamamland\u0131.Biraz bulan\u0131k g\u00f6r\u00fcyordum ve k\u0131sa bir s\u00fcre dinlenmek i\u00e7in karanl\u0131k bir odaya g\u00f6t\u00fcr\u00fcld\u00fcm. Sonra tekrar bekleme odas\u0131na geri getirildim. Herkes biraz g\u00f6zleri suland\u0131\u011f\u0131 ve yanma hissi oldu\u011fu i\u00e7in olduk\u00e7a yorgun g\u00f6r\u00fcn\u00fcyordu. Tekrar a\u015fa\u011f\u0131 indirilip damla uygulamas\u0131 anlat\u0131ld\u0131 ve otele geri d\u00f6nd\u00fck. G\u00f6r\u00fc\u015f h\u00e2l\u00e2 biraz bulan\u0131kt\u0131 ve g\u00f6zler \u00e7ok kuru hissediyordu ama a\u011fr\u0131m yoktu. Otelde uzand\u0131m ve uyudum. Normal ve sessiz bir gece ge\u00e7irdim ve ertesi sabah g\u00f6zlerim net g\u00f6r\u00fcyordu; ne kadar harika bir hismi\u015f! Son kontrol muayenesi sorunsuz ge\u00e7ti, ard\u0131ndan g\u00f6zl\u00fcks\u00fcz ama g\u00fcne\u015f g\u00f6zl\u00fc\u011f\u00fc takarak \u015fehir turu yapt\u0131m. Harika bir histi. Ertesi g\u00fcn u\u00e7akla eve d\u00f6nd\u00fck. Operasyondan bu yana 7 hafta ge\u00e7ti ve iyile\u015fme s\u00fcreci iyi gidiyor. \u015eimdiye kadar \u0130svi\u00e7re\u2019de iki kez kontrole gittim ve g\u00f6z doktoru sonu\u00e7tan \u00e7ok memnun kald\u0131. G\u00f6rme keskinli\u011fimde h\u00e2l\u00e2 k\u00fc\u00e7\u00fck dalgalanmalar var, ama \u00e7ok az. Genel olarak \u00e7ok memnunum ve g\u00f6zl\u00fck veya kontakt lens kullan\u0131m\u0131ndan rahats\u0131z olan herkese bu ad\u0131m\u0131 atmalar\u0131n\u0131 tavsiye ederim. \u0130svi\u00e7re\u2019de bunun daha iyi yap\u0131labilece\u011fini de hayal edemiyorum, \u00e7\u00fcnk\u00fc neredeyse daha iyi olamazd\u0131! \u00d6nceki Rapor Sonraki Rapor<\/p>\n","protected":false},"author":4,"featured_media":0,"parent":4771,"menu_order":0,"comment_status":"closed","ping_status":"closed","template":"","meta":{"_joinchat":[],"footnotes":""},"class_list":["post-4801","page","type-page","status-publish","hentry"],"acf":[],"_links":{"self":[{"href":"https:\/\/medicaltravel.at\/tr\/wp-json\/wp\/v2\/pages\/4801","targetHints":{"allow":["GET"]}}],"collection":[{"href":"https:\/\/medicaltravel.at\/tr\/wp-json\/wp\/v2\/pages"}],"about":[{"href":"https:\/\/medicaltravel.at\/tr\/wp-json\/wp\/v2\/types\/page"}],"author":[{"embeddable":true,"href":"https:\/\/medicaltravel.at\/tr\/wp-json\/wp\/v2\/users\/4"}],"replies":[{"embeddable":true,"href":"https:\/\/medicaltravel.at\/tr\/wp-json\/wp\/v2\/comments?post=4801"}],"version-history":[{"count":2,"href":"https:\/\/medicaltravel.at\/tr\/wp-json\/wp\/v2\/pages\/4801\/revisions"}],"predecessor-version":[{"id":5809,"href":"https:\/\/medicaltravel.at\/tr\/wp-json\/wp\/v2\/pages\/4801\/revisions\/5809"}],"up":[{"embeddable":true,"href":"https:\/\/medicaltravel.at\/tr\/wp-json\/wp\/v2\/pages\/4771"}],"wp:attachment":[{"href":"https:\/\/medicaltravel.at\/tr\/wp-json\/wp\/v2\/media?parent=4801"}],"curies":[{"name":"wp","href":"https:\/\/api.w.org\/{rel}","templated":true}]}}