{"id":4799,"date":"2025-09-28T09:52:10","date_gmt":"2025-09-28T08:52:10","guid":{"rendered":"https:\/\/medicaltravel.at\/hasta-hikayeleri\/2011-yili-hasta-raporlari\/18-ekim-2011de-acibadem-hastanesinde-istanbulda-yaptirdigim-goez-lazeri-ameliyatim-sali-29-kasim-2011-tarihli-rapor\/"},"modified":"2026-01-13T15:46:42","modified_gmt":"2026-01-13T14:46:42","slug":"18-ekim-2011de-acibadem-hastanesinde-istanbulda-yaptirdigim-goez-lazeri-ameliyatim-sali-29-kasim-2011-tarihli-rapor","status":"publish","type":"page","link":"https:\/\/medicaltravel.at\/tr\/hasta-hikayeleri\/2011-yili-hasta-raporlari\/18-ekim-2011de-acibadem-hastanesinde-istanbulda-yaptirdigim-goez-lazeri-ameliyatim-sali-29-kasim-2011-tarihli-rapor\/","title":{"rendered":"18 Ekim 2011\u2019de Ac\u0131badem Hastanesi\u2019nde \u0130stanbul\u2019da Yapt\u0131rd\u0131\u011f\u0131m G\u00f6z Lazeri Ameliyat\u0131m \u2013 Sal\u0131, 29 Kas\u0131m 2011 Tarihli Rapor"},"content":{"rendered":"\n<p><strong>18 Ekim 2011\u2019de Ac\u0131badem Hastanesi\u2019nde \u0130stanbul\u2019da Yapt\u0131rd\u0131\u011f\u0131m G\u00f6z Lazeri Ameliyat\u0131m <\/strong>\u2013 Sal\u0131, 29 Kas\u0131m 2011 Tarihli Rapor<\/p>\n\n\n\n<figure class=\"wp-block-image size-full\"><img decoding=\"async\" width=\"120\" height=\"90\" src=\"https:\/\/medicaltravel.at\/wp-content\/uploads\/2025\/09\/1-9.jpg\" alt=\"\" class=\"wp-image-1201\"\/><\/figure>\n\n\n\n<p>Ben art\u0131k 23 ya\u015f\u0131nday\u0131m ve 14 ya\u015f\u0131mdan beri g\u00f6zl\u00fck tak\u0131yorum. Ba\u015flang\u0131\u00e7ta sadece hafif bir g\u00f6rme problemi vard\u0131, ama y\u0131llar ge\u00e7tik\u00e7e giderek k\u00f6t\u00fcle\u015fti. Bir noktada g\u00f6zl\u00fck takmadan hi\u00e7bir \u015fey g\u00f6remez oldum ve s\u00fcrekli takmak zorunda kald\u0131m. Bu y\u00fczden yakla\u015f\u0131k 5 y\u0131l \u00f6nce lens takmaya ba\u015flad\u0131m. Lensleri spor, y\u00fczme ve d\u0131\u015far\u0131 \u00e7\u0131karken kulland\u0131m. Ne yaz\u0131k ki onlarla hi\u00e7 tam uyum sa\u011flayamad\u0131m. \u00c7ok uzun s\u00fcre takt\u0131\u011f\u0131mda rahats\u0131zl\u0131k veriyorlard\u0131. Bu \u00e7ok zahmetli ve u\u011fra\u015ft\u0131r\u0131c\u0131yd\u0131. Daha \u00f6nce de g\u00f6z lazeri hakk\u0131nda internette ara\u015ft\u0131rmalar yapm\u0131\u015ft\u0131m. Bu yaz ise lazer operasyonunu ciddi \u015fekilde d\u00fc\u015f\u00fcnmeye ba\u015flad\u0131m. G\u00f6zlerim art\u0131k 2 y\u0131ldan uzun s\u00fcredir bozulmad\u0131\u011f\u0131 i\u00e7in daha fazla beklemeye gerek g\u00f6rmedim. Swisslasik.ch\u2019i bir s\u00fcredir biliyordum ve teklifleri, hizmetleri ve fiyatlar beni ikna etti.<br><br>Neden \u0130svi\u00e7re\u2019deki bir operasyon i\u00e7in iki kat fazla \u00f6deyeyim ki, oysa T\u00fcrkiye\u2019de operasyonu bir \u015fehir gezisi ile birle\u015ftirebilirim?<br><br>Birka\u00e7 e-posta g\u00f6r\u00fc\u015fmesinden sonra Bay Karaaga\u00e7li ile kay\u0131t yapt\u0131rd\u0131m ve k\u0131sa s\u00fcre sonra beni annemle birlikte \u0130stanbul\u2019a g\u00f6t\u00fcren u\u00e7a\u011fa bindik. Turkish Airlines ile keyifli bir u\u00e7u\u015fun ard\u0131ndan, havaliman\u0131nda klini\u011fin bir \u00e7al\u0131\u015fan\u0131 bizi kar\u015f\u0131lad\u0131 ve otele g\u00f6t\u00fcrd\u00fc. Al\u0131\u015fveri\u015f caddesinin hemen yan\u0131nda olmas\u0131 \u00e7ok iyi bir konumdu. Oda sevimli d\u00f6\u015fenmi\u015fti ve personel \u00e7ok g\u00fcler y\u00fczl\u00fcyd\u00fc.<br><br>Ertesi sabah otelden tam zaman\u0131nda al\u0131nd\u0131k ve Ac\u0131badem Klinik\u2019e g\u00f6t\u00fcr\u00fcld\u00fck. Orada bizi m\u00fckemmel Almanca konu\u015fan bir \u00e7al\u0131\u015fan kar\u015f\u0131lad\u0131 ve g\u00fcn boyunca \u00e7evirmen olarak bize e\u015flik etti. Sabah \u00f6n muayene yap\u0131ld\u0131. \u0130svi\u00e7re\u2019deki \u00f6n muayenede bana s\u00f6ylenenler burada da do\u011fruland\u0131, g\u00f6zlerim operasyon i\u00e7in uygundu.<br><br>Yakla\u015f\u0131k 3 saatlik \u00f6\u011fle molas\u0131n\u0131n ard\u0131ndan operasyon zaman\u0131 geldi ve operasyon i\u00e7in haz\u0131rlan\u0131yorum. Operasyon odas\u0131na steril k\u0131yafet, hijyenik ayakkab\u0131lar ve birka\u00e7 damla g\u00f6z damlas\u0131 ile g\u00f6t\u00fcr\u00fcld\u00fcm. Tamamen uyan\u0131k durumday\u0131m. Doktor k\u0131sa bir a\u00e7\u0131klama yapt\u0131, sakin yatmam ve ye\u015fil noktaya bakmam gerekti\u011fini s\u00f6yledi. G\u00f6zlerimi sabitleyip k\u0131rpmam\u0131 engellediler ve i\u015flem ba\u015flad\u0131.<br><br>Sol g\u00f6z\u00fcm ye\u015fil noktaya bakmakta zorlan\u0131yor ve s\u00fcrekli hareket ediyor. Neyse ki lazer cihaz\u0131 buna g\u00f6re ayarl\u0131 oldu\u011fu i\u00e7in sorun \u00e7\u0131kmad\u0131. Yakla\u015f\u0131k 20 dakika sonra her iki g\u00f6z de lazerlendi. Operasyon biraz rahats\u0131z ediciydi. Sonras\u0131nda koruyucu g\u00f6zl\u00fckle odadan \u00e7\u0131kar\u0131ld\u0131m.<br><br>(Anneme de \u00f6n muayene yap\u0131ld\u0131 ve o da neredeyse spontan olarak operasyonu kabul etti, b\u00f6ylece ikimiz arka arkaya operasyon ge\u00e7irdik, detayl\u0131 rapor Margrit Camenzind\u2019in raporunda mevcut.)<br><br>Operasyondan hemen sonra g\u00f6zlerimi a\u00e7mama izin verildi. Ancak her \u015fey h\u00e2l\u00e2 olduk\u00e7a bulan\u0131k. G\u00f6zler yan\u0131yor ve i\u00e7inde kum taneleri varm\u0131\u015f gibi hissediliyor.                                   Sonraki yar\u0131m saat biraz zordu. Burun s\u00fcrekli ak\u0131yordu \u00e7\u00fcnk\u00fc operasyon s\u0131ras\u0131nda g\u00f6zya\u015f\u0131 kanal\u0131 etkilenmi\u015fti. K\u0131sa bir s\u00fcre sonra g\u00f6z doktoru bize damla verdi ve hemen \u00e7ok daha iyi hissettim. Daha sonra shuttle servisini beklemek i\u00e7in lobide bekledik. Bu s\u0131rada tekerlekli sandalyedeki bir beyefendi bize yakla\u015ft\u0131 ve g\u00f6zlerimizi lazerlettik mi diye sordu. Kendisi Libya\u2019dan gelmi\u015f ve orada da bir g\u00f6z lazer klini\u011fi varm\u0131\u015f. Libya\u2019da vurulmu\u015f, \u015fimdi Ac\u0131badem Klinik\u2019te rehabilitasyon g\u00f6r\u00fcyormu\u015f. Bu bize klini\u011fin ger\u00e7ekten \u00e7ok iyi oldu\u011funu bir kez daha g\u00f6sterdi.<br><br>Otele d\u00f6nd\u00fc\u011f\u00fcm\u00fczde uzand\u0131k ve g\u00f6zlerimizi a\u00e7mamaya \u00e7al\u0131\u015ft\u0131k \u00e7\u00fcnk\u00fc h\u00e2l\u00e2 olduk\u00e7a rahats\u0131z ediciydi. \u00d6n\u00fcm\u00fczdeki 6 saat boyunca her saat ba\u015f\u0131 re\u00e7ete edilen damlalar\u0131 damlatmam\u0131z gerekiyordu, sonra uyuyabilirdik.<br><br>Ertesi sabah uyand\u0131\u011f\u0131mda b\u00fct\u00fcn a\u011fr\u0131 ve rahats\u0131zl\u0131klar unutulmu\u015ftu, uyand\u0131m ve sadece g\u00f6rebiliyordum. Sadece \u00f6yle. G\u00f6zl\u00fcks\u00fcz. M\u00fcthi\u015f bir his.<br><br>Tekrar a\u015f\u0131r\u0131 dakik bir \u015fekilde kontrole g\u00f6t\u00fcr\u00fcld\u00fck. G\u00f6z doktoru g\u00f6zlerime k\u0131sa bir bak\u0131\u015f att\u0131 ve her \u015feyin iyi ge\u00e7ti\u011fini do\u011frulad\u0131, b\u00f6ylece \u015fehir turuna \u00e7\u0131kabilece\u011fimizi s\u00f6yledi \ud83d\ude42 Neyse ki geziyi ki\u015fisel olarak ayarlayabilmi\u015ftik ve toplamda 5 gece kald\u0131k. \u015eehirde g\u00f6r\u00fclecek o kadar \u00e7ok \u015fey vard\u0131 ki. Camiler b\u00fcy\u00fckl\u00fckleri ve g\u00fczellikleriyle beni etkiledi, \u00f6zellikle kad\u0131nlar i\u00e7in \u0130stanbul b\u00fcy\u00fck bir al\u0131\u015fveri\u015f cenneti. \u0130nsanlar \u00e7ok dost canl\u0131s\u0131 ve yard\u0131mseverdi.<br><br>Bug\u00fcn, operasyonun \u00fczerinden yakla\u015f\u0131k 6 hafta ge\u00e7ti ve art\u0131k g\u00f6zl\u00fcks\u00fcz ve lenssiz yeni hayat\u0131m\u0131n tad\u0131n\u0131 \u00e7\u0131kar\u0131yorum.<br><br>Art\u0131k normalmi\u015f gibi sadece g\u00f6rebilmek \u00e7ok do\u011fal ve g\u00f6zl\u00fckle hayat\u0131m\u0131 neredeyse unutmu\u015fum \ud83d\ude42 Operasyonu kesinlikle tavsiye edebilirim. Swisslasik, bu ad\u0131m\u0131 atmamda kesinlikle \u201csu\u00e7 orta\u011f\u0131\u201d ve bunun i\u00e7in \u00e7ok minnettar\u0131m.<br>Manuela Camenzind, 29 Kas\u0131m 2011                      <\/p>\n\n\n\n<div class=\"wp-block-group is-layout-grid wp-container-core-group-is-layout-baef362d wp-block-group-is-layout-grid\">\n<p><a href=\"https:\/\/medicaltravel.at\/home\/agb\/\" data-type=\"page\" data-id=\"2191\"><\/a><a href=\"https:\/\/medicaltravel.at\/tr\/hasta-hikayeleri\/2011-yili-hasta-raporlari\/istanbulda-goez-lazeri-yaptirmak-verdigim-en-iyi-kararlardan-biri-carsamba-30-kasim-2011-tarihli-rapor\/\" data-type=\"link\" data-id=\"https:\/\/medicaltravel.at\/berichte-von-patienten\/patientenberichte-2011\/augenlasern-in-istanbul-eine-meiner-besten-entscheidungen-bericht-vom-mittwoch-30-november-2011\/\">\u00d6nceki Rapor<\/a><\/p>\n\n\n\n<p class=\"has-text-align-right wp-container-content-5e2576f9\"><a href=\"https:\/\/medicaltravel.at\/home\/impressum\/\" data-type=\"page\" data-id=\"2193\"><\/a><a href=\"https:\/\/medicaltravel.at\/home\/berichte-von-patienten\/erfahrungsberichte\/erfahrungsbericht-zahnbehandlung-in-istanbul\/\" data-type=\"page\" data-id=\"981\"><\/a><a href=\"https:\/\/medicaltravel.at\/tr\/hasta-hikayeleri\/2011-yili-hasta-raporlari\/istanbuldaki-lasik-tedavim-carsamba-17-agustos-2011-tarihli-rapor\/\" data-type=\"link\" data-id=\"https:\/\/medicaltravel.at\/tr\/hasta-hikayeleri\/2011-yili-hasta-raporlari\/istanbuldaki-lasik-tedavim-carsamba-17-agustos-2011-tarihli-rapor\/\">Sonraki Rapor<\/a><\/p>\n<\/div>\n","protected":false},"excerpt":{"rendered":"<p>18 Ekim 2011\u2019de Ac\u0131badem Hastanesi\u2019nde \u0130stanbul\u2019da Yapt\u0131rd\u0131\u011f\u0131m G\u00f6z Lazeri Ameliyat\u0131m \u2013 Sal\u0131, 29 Kas\u0131m 2011 Tarihli Rapor Ben art\u0131k 23 ya\u015f\u0131nday\u0131m ve 14 ya\u015f\u0131mdan beri g\u00f6zl\u00fck tak\u0131yorum. Ba\u015flang\u0131\u00e7ta sadece hafif bir g\u00f6rme problemi vard\u0131, ama y\u0131llar ge\u00e7tik\u00e7e giderek k\u00f6t\u00fcle\u015fti. Bir noktada g\u00f6zl\u00fck takmadan hi\u00e7bir \u015fey g\u00f6remez oldum ve s\u00fcrekli takmak zorunda kald\u0131m. Bu y\u00fczden yakla\u015f\u0131k 5 y\u0131l \u00f6nce lens takmaya ba\u015flad\u0131m. Lensleri spor, y\u00fczme ve d\u0131\u015far\u0131 \u00e7\u0131karken kulland\u0131m. Ne yaz\u0131k ki onlarla hi\u00e7 tam uyum sa\u011flayamad\u0131m. \u00c7ok uzun s\u00fcre takt\u0131\u011f\u0131mda rahats\u0131zl\u0131k veriyorlard\u0131. Bu \u00e7ok zahmetli ve u\u011fra\u015ft\u0131r\u0131c\u0131yd\u0131. Daha \u00f6nce de g\u00f6z lazeri hakk\u0131nda internette ara\u015ft\u0131rmalar yapm\u0131\u015ft\u0131m. Bu yaz ise lazer operasyonunu ciddi \u015fekilde d\u00fc\u015f\u00fcnmeye ba\u015flad\u0131m. G\u00f6zlerim art\u0131k 2 y\u0131ldan uzun s\u00fcredir bozulmad\u0131\u011f\u0131 i\u00e7in daha fazla beklemeye gerek g\u00f6rmedim. Swisslasik.ch\u2019i bir s\u00fcredir biliyordum ve teklifleri, hizmetleri ve fiyatlar beni ikna etti. Neden \u0130svi\u00e7re\u2019deki bir operasyon i\u00e7in iki kat fazla \u00f6deyeyim ki, oysa T\u00fcrkiye\u2019de operasyonu bir \u015fehir gezisi ile birle\u015ftirebilirim? Birka\u00e7 e-posta g\u00f6r\u00fc\u015fmesinden sonra Bay Karaaga\u00e7li ile kay\u0131t yapt\u0131rd\u0131m ve k\u0131sa s\u00fcre sonra beni annemle birlikte \u0130stanbul\u2019a g\u00f6t\u00fcren u\u00e7a\u011fa bindik. Turkish Airlines ile keyifli bir u\u00e7u\u015fun ard\u0131ndan, havaliman\u0131nda klini\u011fin bir \u00e7al\u0131\u015fan\u0131 bizi kar\u015f\u0131lad\u0131 ve otele g\u00f6t\u00fcrd\u00fc. Al\u0131\u015fveri\u015f caddesinin hemen yan\u0131nda olmas\u0131 \u00e7ok iyi bir konumdu. Oda sevimli d\u00f6\u015fenmi\u015fti ve personel \u00e7ok g\u00fcler y\u00fczl\u00fcyd\u00fc. Ertesi sabah otelden tam zaman\u0131nda al\u0131nd\u0131k ve Ac\u0131badem Klinik\u2019e g\u00f6t\u00fcr\u00fcld\u00fck. Orada bizi m\u00fckemmel Almanca konu\u015fan bir \u00e7al\u0131\u015fan kar\u015f\u0131lad\u0131 ve g\u00fcn boyunca \u00e7evirmen olarak bize e\u015flik etti. Sabah \u00f6n muayene yap\u0131ld\u0131. \u0130svi\u00e7re\u2019deki \u00f6n muayenede bana s\u00f6ylenenler burada da do\u011fruland\u0131, g\u00f6zlerim operasyon i\u00e7in uygundu. Yakla\u015f\u0131k 3 saatlik \u00f6\u011fle molas\u0131n\u0131n ard\u0131ndan operasyon zaman\u0131 geldi ve operasyon i\u00e7in haz\u0131rlan\u0131yorum. Operasyon odas\u0131na steril k\u0131yafet, hijyenik ayakkab\u0131lar ve birka\u00e7 damla g\u00f6z damlas\u0131 ile g\u00f6t\u00fcr\u00fcld\u00fcm. Tamamen uyan\u0131k durumday\u0131m. Doktor k\u0131sa bir a\u00e7\u0131klama yapt\u0131, sakin yatmam ve ye\u015fil noktaya bakmam gerekti\u011fini s\u00f6yledi. G\u00f6zlerimi sabitleyip k\u0131rpmam\u0131 engellediler ve i\u015flem ba\u015flad\u0131. Sol g\u00f6z\u00fcm ye\u015fil noktaya bakmakta zorlan\u0131yor ve s\u00fcrekli hareket ediyor. Neyse ki lazer cihaz\u0131 buna g\u00f6re ayarl\u0131 oldu\u011fu i\u00e7in sorun \u00e7\u0131kmad\u0131. Yakla\u015f\u0131k 20 dakika sonra her iki g\u00f6z de lazerlendi. Operasyon biraz rahats\u0131z ediciydi. Sonras\u0131nda koruyucu g\u00f6zl\u00fckle odadan \u00e7\u0131kar\u0131ld\u0131m. (Anneme de \u00f6n muayene yap\u0131ld\u0131 ve o da neredeyse spontan olarak operasyonu kabul etti, b\u00f6ylece ikimiz arka arkaya operasyon ge\u00e7irdik, detayl\u0131 rapor Margrit Camenzind\u2019in raporunda mevcut.) Operasyondan hemen sonra g\u00f6zlerimi a\u00e7mama izin verildi. Ancak her \u015fey h\u00e2l\u00e2 olduk\u00e7a bulan\u0131k. G\u00f6zler yan\u0131yor ve i\u00e7inde kum taneleri varm\u0131\u015f gibi hissediliyor. Sonraki yar\u0131m saat biraz zordu. Burun s\u00fcrekli ak\u0131yordu \u00e7\u00fcnk\u00fc operasyon s\u0131ras\u0131nda g\u00f6zya\u015f\u0131 kanal\u0131 etkilenmi\u015fti. K\u0131sa bir s\u00fcre sonra g\u00f6z doktoru bize damla verdi ve hemen \u00e7ok daha iyi hissettim. Daha sonra shuttle servisini beklemek i\u00e7in lobide bekledik. Bu s\u0131rada tekerlekli sandalyedeki bir beyefendi bize yakla\u015ft\u0131 ve g\u00f6zlerimizi lazerlettik mi diye sordu. Kendisi Libya\u2019dan gelmi\u015f ve orada da bir g\u00f6z lazer klini\u011fi varm\u0131\u015f. Libya\u2019da vurulmu\u015f, \u015fimdi Ac\u0131badem Klinik\u2019te rehabilitasyon g\u00f6r\u00fcyormu\u015f. Bu bize klini\u011fin ger\u00e7ekten \u00e7ok iyi oldu\u011funu bir kez daha g\u00f6sterdi. Otele d\u00f6nd\u00fc\u011f\u00fcm\u00fczde uzand\u0131k ve g\u00f6zlerimizi a\u00e7mamaya \u00e7al\u0131\u015ft\u0131k \u00e7\u00fcnk\u00fc h\u00e2l\u00e2 olduk\u00e7a rahats\u0131z ediciydi. \u00d6n\u00fcm\u00fczdeki 6 saat boyunca her saat ba\u015f\u0131 re\u00e7ete edilen damlalar\u0131 damlatmam\u0131z gerekiyordu, sonra uyuyabilirdik. Ertesi sabah uyand\u0131\u011f\u0131mda b\u00fct\u00fcn a\u011fr\u0131 ve rahats\u0131zl\u0131klar unutulmu\u015ftu, uyand\u0131m ve sadece g\u00f6rebiliyordum. Sadece \u00f6yle. G\u00f6zl\u00fcks\u00fcz. M\u00fcthi\u015f bir his. Tekrar a\u015f\u0131r\u0131 dakik bir \u015fekilde kontrole g\u00f6t\u00fcr\u00fcld\u00fck. G\u00f6z doktoru g\u00f6zlerime k\u0131sa bir bak\u0131\u015f att\u0131 ve her \u015feyin iyi ge\u00e7ti\u011fini do\u011frulad\u0131, b\u00f6ylece \u015fehir turuna \u00e7\u0131kabilece\u011fimizi s\u00f6yledi \ud83d\ude42 Neyse ki geziyi ki\u015fisel olarak ayarlayabilmi\u015ftik ve toplamda 5 gece kald\u0131k. \u015eehirde g\u00f6r\u00fclecek o kadar \u00e7ok \u015fey vard\u0131 ki. Camiler b\u00fcy\u00fckl\u00fckleri ve g\u00fczellikleriyle beni etkiledi, \u00f6zellikle kad\u0131nlar i\u00e7in \u0130stanbul b\u00fcy\u00fck bir al\u0131\u015fveri\u015f cenneti. \u0130nsanlar \u00e7ok dost canl\u0131s\u0131 ve yard\u0131mseverdi. Bug\u00fcn, operasyonun \u00fczerinden yakla\u015f\u0131k 6 hafta ge\u00e7ti ve art\u0131k g\u00f6zl\u00fcks\u00fcz ve lenssiz yeni hayat\u0131m\u0131n tad\u0131n\u0131 \u00e7\u0131kar\u0131yorum. Art\u0131k normalmi\u015f gibi sadece g\u00f6rebilmek \u00e7ok do\u011fal ve g\u00f6zl\u00fckle hayat\u0131m\u0131 neredeyse unutmu\u015fum \ud83d\ude42 Operasyonu kesinlikle tavsiye edebilirim. Swisslasik, bu ad\u0131m\u0131 atmamda kesinlikle \u201csu\u00e7 orta\u011f\u0131\u201d ve bunun i\u00e7in \u00e7ok minnettar\u0131m.Manuela Camenzind, 29 Kas\u0131m 2011 \u00d6nceki Rapor Sonraki Rapor<\/p>\n","protected":false},"author":4,"featured_media":0,"parent":4771,"menu_order":0,"comment_status":"closed","ping_status":"closed","template":"","meta":{"_joinchat":[],"footnotes":""},"class_list":["post-4799","page","type-page","status-publish","hentry"],"acf":[],"_links":{"self":[{"href":"https:\/\/medicaltravel.at\/tr\/wp-json\/wp\/v2\/pages\/4799","targetHints":{"allow":["GET"]}}],"collection":[{"href":"https:\/\/medicaltravel.at\/tr\/wp-json\/wp\/v2\/pages"}],"about":[{"href":"https:\/\/medicaltravel.at\/tr\/wp-json\/wp\/v2\/types\/page"}],"author":[{"embeddable":true,"href":"https:\/\/medicaltravel.at\/tr\/wp-json\/wp\/v2\/users\/4"}],"replies":[{"embeddable":true,"href":"https:\/\/medicaltravel.at\/tr\/wp-json\/wp\/v2\/comments?post=4799"}],"version-history":[{"count":2,"href":"https:\/\/medicaltravel.at\/tr\/wp-json\/wp\/v2\/pages\/4799\/revisions"}],"predecessor-version":[{"id":5804,"href":"https:\/\/medicaltravel.at\/tr\/wp-json\/wp\/v2\/pages\/4799\/revisions\/5804"}],"up":[{"embeddable":true,"href":"https:\/\/medicaltravel.at\/tr\/wp-json\/wp\/v2\/pages\/4771"}],"wp:attachment":[{"href":"https:\/\/medicaltravel.at\/tr\/wp-json\/wp\/v2\/media?parent=4799"}],"curies":[{"name":"wp","href":"https:\/\/api.w.org\/{rel}","templated":true}]}}