{"id":4796,"date":"2025-09-28T09:59:23","date_gmt":"2025-09-28T08:59:23","guid":{"rendered":"https:\/\/medicaltravel.at\/hasta-hikayeleri\/2011-yili-hasta-raporlari\/istanbuldaki-lasek-deneyimim-persembe-26-mayis-2011-tarihli-rapor\/"},"modified":"2026-01-13T15:52:39","modified_gmt":"2026-01-13T14:52:39","slug":"istanbuldaki-lasek-deneyimim-persembe-26-mayis-2011-tarihli-rapor","status":"publish","type":"page","link":"https:\/\/medicaltravel.at\/tr\/hasta-hikayeleri\/2011-yili-hasta-raporlari\/istanbuldaki-lasek-deneyimim-persembe-26-mayis-2011-tarihli-rapor\/","title":{"rendered":"\u0130stanbul\u2019daki LASEK Deneyimim \u2013 Per\u015fembe, 26 May\u0131s 2011 Tarihli Rapor"},"content":{"rendered":"\n<p><strong>\u0130stanbul\u2019daki LASEK Deneyimim <\/strong>\u2013 Per\u015fembe, 26 May\u0131s 2011 Tarihli Rapor<\/p>\n\n\n\n<p>Swisslasik.ch\u2019yi internetten buldum ve sunduklar\u0131 paketi inceledim. Ayr\u0131ca ba\u015fka se\u00e7eneklere de bakt\u0131m. Ancak Swisslasik.ch\u2019in Premium paketi sonunda beni en \u00e7ok ikna etti. Kendim de bir fikir edinmek i\u00e7in Swisslasik.ch\u2019i tatil fuar\u0131nda ziyaret ettim. Giri\u015f bileti Swisslasik.ch taraf\u0131ndan sa\u011fland\u0131. Genel olarak \u00e7ok iyi bir izlenim edindikten sonra seyahati ve operasyonu rezervasyon yapt\u0131m. Fiyat-performans dengesi beni en \u00e7ok etkileyen unsurdu.<br><br>\u0130svi\u00e7re\u2019de \u00f6ncesinde g\u00f6zlerimi ba\u011f\u0131ms\u0131z bir doktora muayene ettirdim. Yani Swisslasik.ch\u2019in \u00f6nerdi\u011fi doktora gitmedim. Doktor g\u00f6zlerimin sa\u011fl\u0131kl\u0131 oldu\u011funu ve bana LASIK tedavisini \u00f6nerebilece\u011fini s\u00f6yledi.<br><br>24 Nisan 2011\u2019de Swiss havayolu ile \u0130stanbul\u2019a gittim. Havaliman\u0131nda bizi bir limuzin kar\u015f\u0131lad\u0131 ve otele g\u00f6t\u00fcr\u00fcld\u00fck. \u015eof\u00f6r ayn\u0131 zamanda Eyestar klini\u011finin asistan\u0131yd\u0131. Ertesi g\u00fcn otelden al\u0131narak klini\u011fe g\u00f6t\u00fcr\u00fcld\u00fcm. Otel, klini\u011fe be\u015f dakika y\u00fcr\u00fcme mesafesindeydi ki bu b\u00fcy\u00fck bir avantajd\u0131.<br><br>Klinikte detayl\u0131 bir muayenenin ard\u0131ndan doktor, LASIK yapamayaca\u011f\u0131n\u0131 \u00e7\u00fcnk\u00fc baz\u0131 kornea b\u00f6lgelerimin \u00e7ok ince oldu\u011funu s\u00f6yledi. Alternatif olarak ayn\u0131 fiyatla LASEK tedavisini \u00f6nerdi. Kabul ettim ve \u00f6\u011fleden sonra i\u00e7in bir randevu verildi. Operasyon sorunsuz ge\u00e7ti. \u00c7ok iyi ilgilenildim ve her \u015fey Almanca\u2019ya \u00e7evrildi.<br><br>Operasyondan sonra otele d\u00f6nd\u00fcm ve yakla\u015f\u0131k d\u00f6rt saat uyudum. Ard\u0131ndan \u015fehirde dola\u015fabildim ve g\u00fczel bir yemek yiyebildim. \u0130stanbul\u2019da iki g\u00fcn daha kald\u0131\u011f\u0131m i\u00e7in g\u00fcnl\u00fck kontrollere kat\u0131ld\u0131m. \u0130svi\u00e7re\u2019ye d\u00f6nd\u00fc\u011f\u00fcmde hemen Arbon TG\u2019de bir kontrol randevusu ald\u0131m. LASEK\u2019in iyile\u015fme s\u00fcresi daha uzun oldu\u011fundan bir ay i\u00e7inde \u00fc\u00e7 kontrol yapt\u0131rmam gerekti. Maalesef kornea y\u00fczeyi h\u00e2l\u00e2 tamamen d\u00fczg\u00fcn de\u011fil. Bu nedenle g\u00f6rme \u015fimdilik y\u00fczde 60 seviyesinde. \u0130svi\u00e7re\u2019deki doktor, \u0130stanbul\u2019daki cerrahla telefonla konu\u015ftu ve sonraki tedavi plan\u0131n\u0131 g\u00f6r\u00fc\u015ft\u00fc. Y\u00fczey tamamen d\u00fczg\u00fcn olmazsa, Premium paket sayesinde tekrar \u0130stanbul\u2019a gidebilirim.<br><br>Swisslasik.ch\u2019i tamamen tavsiye edebilirim. Memnunum, iyile\u015fme s\u00fcresi bekledi\u011fimden biraz uzun olsa da.<br><br>26 May\u0131s 2011<br>Christian Lichtensteiger                               <\/p>\n\n\n\n<div class=\"wp-block-group is-layout-grid wp-container-core-group-is-layout-baef362d wp-block-group-is-layout-grid\">\n<p><a href=\"https:\/\/medicaltravel.at\/home\/agb\/\" data-type=\"page\" data-id=\"2191\"><\/a><a href=\"https:\/\/medicaltravel.at\/tr\/hasta-hikayeleri\/2011-yili-hasta-raporlari\/istanbuldaki-dis-tedavim-cumartesi-04-haziran-2011-tarihli-rapor\/\" data-type=\"link\" data-id=\"https:\/\/medicaltravel.at\/tr\/hasta-hikayeleri\/2011-yili-hasta-raporlari\/istanbuldaki-dis-tedavim-cumartesi-04-haziran-2011-tarihli-rapor\/\">\u00d6nceki Rapor<\/a><\/p>\n\n\n\n<p class=\"has-text-align-right wp-container-content-5e2576f9\"><a href=\"https:\/\/medicaltravel.at\/home\/impressum\/\" data-type=\"page\" data-id=\"2193\"><\/a><a href=\"https:\/\/medicaltravel.at\/home\/berichte-von-patienten\/erfahrungsberichte\/erfahrungsbericht-zahnbehandlung-in-istanbul\/\" data-type=\"page\" data-id=\"981\"><\/a><a href=\"https:\/\/medicaltravel.at\/tr\/hasta-hikayeleri\/2011-yili-hasta-raporlari\/yeni-kazanilmis-yasam-kalitesi-cumartesi-21-mayis-2011-tarihli-rapor\/\" data-type=\"link\" data-id=\"https:\/\/medicaltravel.at\/tr\/hasta-hikayeleri\/2011-yili-hasta-raporlari\/yeni-kazanilmis-yasam-kalitesi-cumartesi-21-mayis-2011-tarihli-rapor\/\">Sonraki Rapor<\/a><\/p>\n<\/div>\n","protected":false},"excerpt":{"rendered":"<p>\u0130stanbul\u2019daki LASEK Deneyimim \u2013 Per\u015fembe, 26 May\u0131s 2011 Tarihli Rapor Swisslasik.ch\u2019yi internetten buldum ve sunduklar\u0131 paketi inceledim. Ayr\u0131ca ba\u015fka se\u00e7eneklere de bakt\u0131m. Ancak Swisslasik.ch\u2019in Premium paketi sonunda beni en \u00e7ok ikna etti. Kendim de bir fikir edinmek i\u00e7in Swisslasik.ch\u2019i tatil fuar\u0131nda ziyaret ettim. Giri\u015f bileti Swisslasik.ch taraf\u0131ndan sa\u011fland\u0131. Genel olarak \u00e7ok iyi bir izlenim edindikten sonra seyahati ve operasyonu rezervasyon yapt\u0131m. Fiyat-performans dengesi beni en \u00e7ok etkileyen unsurdu. \u0130svi\u00e7re\u2019de \u00f6ncesinde g\u00f6zlerimi ba\u011f\u0131ms\u0131z bir doktora muayene ettirdim. Yani Swisslasik.ch\u2019in \u00f6nerdi\u011fi doktora gitmedim. Doktor g\u00f6zlerimin sa\u011fl\u0131kl\u0131 oldu\u011funu ve bana LASIK tedavisini \u00f6nerebilece\u011fini s\u00f6yledi. 24 Nisan 2011\u2019de Swiss havayolu ile \u0130stanbul\u2019a gittim. Havaliman\u0131nda bizi bir limuzin kar\u015f\u0131lad\u0131 ve otele g\u00f6t\u00fcr\u00fcld\u00fck. \u015eof\u00f6r ayn\u0131 zamanda Eyestar klini\u011finin asistan\u0131yd\u0131. Ertesi g\u00fcn otelden al\u0131narak klini\u011fe g\u00f6t\u00fcr\u00fcld\u00fcm. Otel, klini\u011fe be\u015f dakika y\u00fcr\u00fcme mesafesindeydi ki bu b\u00fcy\u00fck bir avantajd\u0131. Klinikte detayl\u0131 bir muayenenin ard\u0131ndan doktor, LASIK yapamayaca\u011f\u0131n\u0131 \u00e7\u00fcnk\u00fc baz\u0131 kornea b\u00f6lgelerimin \u00e7ok ince oldu\u011funu s\u00f6yledi. Alternatif olarak ayn\u0131 fiyatla LASEK tedavisini \u00f6nerdi. Kabul ettim ve \u00f6\u011fleden sonra i\u00e7in bir randevu verildi. Operasyon sorunsuz ge\u00e7ti. \u00c7ok iyi ilgilenildim ve her \u015fey Almanca\u2019ya \u00e7evrildi. Operasyondan sonra otele d\u00f6nd\u00fcm ve yakla\u015f\u0131k d\u00f6rt saat uyudum. Ard\u0131ndan \u015fehirde dola\u015fabildim ve g\u00fczel bir yemek yiyebildim. \u0130stanbul\u2019da iki g\u00fcn daha kald\u0131\u011f\u0131m i\u00e7in g\u00fcnl\u00fck kontrollere kat\u0131ld\u0131m. \u0130svi\u00e7re\u2019ye d\u00f6nd\u00fc\u011f\u00fcmde hemen Arbon TG\u2019de bir kontrol randevusu ald\u0131m. LASEK\u2019in iyile\u015fme s\u00fcresi daha uzun oldu\u011fundan bir ay i\u00e7inde \u00fc\u00e7 kontrol yapt\u0131rmam gerekti. Maalesef kornea y\u00fczeyi h\u00e2l\u00e2 tamamen d\u00fczg\u00fcn de\u011fil. Bu nedenle g\u00f6rme \u015fimdilik y\u00fczde 60 seviyesinde. \u0130svi\u00e7re\u2019deki doktor, \u0130stanbul\u2019daki cerrahla telefonla konu\u015ftu ve sonraki tedavi plan\u0131n\u0131 g\u00f6r\u00fc\u015ft\u00fc. Y\u00fczey tamamen d\u00fczg\u00fcn olmazsa, Premium paket sayesinde tekrar \u0130stanbul\u2019a gidebilirim. Swisslasik.ch\u2019i tamamen tavsiye edebilirim. Memnunum, iyile\u015fme s\u00fcresi bekledi\u011fimden biraz uzun olsa da. 26 May\u0131s 2011Christian Lichtensteiger \u00d6nceki Rapor Sonraki Rapor<\/p>\n","protected":false},"author":4,"featured_media":0,"parent":4771,"menu_order":0,"comment_status":"closed","ping_status":"closed","template":"","meta":{"_joinchat":[],"footnotes":""},"class_list":["post-4796","page","type-page","status-publish","hentry"],"acf":[],"_links":{"self":[{"href":"https:\/\/medicaltravel.at\/tr\/wp-json\/wp\/v2\/pages\/4796","targetHints":{"allow":["GET"]}}],"collection":[{"href":"https:\/\/medicaltravel.at\/tr\/wp-json\/wp\/v2\/pages"}],"about":[{"href":"https:\/\/medicaltravel.at\/tr\/wp-json\/wp\/v2\/types\/page"}],"author":[{"embeddable":true,"href":"https:\/\/medicaltravel.at\/tr\/wp-json\/wp\/v2\/users\/4"}],"replies":[{"embeddable":true,"href":"https:\/\/medicaltravel.at\/tr\/wp-json\/wp\/v2\/comments?post=4796"}],"version-history":[{"count":2,"href":"https:\/\/medicaltravel.at\/tr\/wp-json\/wp\/v2\/pages\/4796\/revisions"}],"predecessor-version":[{"id":5810,"href":"https:\/\/medicaltravel.at\/tr\/wp-json\/wp\/v2\/pages\/4796\/revisions\/5810"}],"up":[{"embeddable":true,"href":"https:\/\/medicaltravel.at\/tr\/wp-json\/wp\/v2\/pages\/4771"}],"wp:attachment":[{"href":"https:\/\/medicaltravel.at\/tr\/wp-json\/wp\/v2\/media?parent=4796"}],"curies":[{"name":"wp","href":"https:\/\/api.w.org\/{rel}","templated":true}]}}