{"id":4794,"date":"2025-09-28T09:49:54","date_gmt":"2025-09-28T08:49:54","guid":{"rendered":"https:\/\/medicaltravel.at\/hasta-hikayeleri\/2011-yili-hasta-raporlari\/istanbulda-lasik-goez-ameliyati-deneyim-raporu-02-12-2011-cuma-02-aralik-2011-tarihli-rapor\/"},"modified":"2026-01-13T15:45:02","modified_gmt":"2026-01-13T14:45:02","slug":"istanbulda-lasik-goez-ameliyati-deneyim-raporu-02-12-2011-cuma-02-aralik-2011-tarihli-rapor","status":"publish","type":"page","link":"https:\/\/medicaltravel.at\/tr\/hasta-hikayeleri\/2011-yili-hasta-raporlari\/istanbulda-lasik-goez-ameliyati-deneyim-raporu-02-12-2011-cuma-02-aralik-2011-tarihli-rapor\/","title":{"rendered":"\u0130stanbul\u2019da Lasik G\u00f6z Ameliyat\u0131 Deneyim Raporu, 02.12.2011 \u2013 Cuma, 02 Aral\u0131k 2011 Tarihli Rapor"},"content":{"rendered":"\n<p><strong>\u0130stanbul\u2019da Lasik G\u00f6z Ameliyat\u0131 Deneyim Raporu, 02.12.2011<\/strong> \u2013 Cuma, 02 Aral\u0131k 2011 Tarihli Rapor<\/p>\n\n<p>Benim ad\u0131m Hasan Havayitli ve 25 ya\u015f\u0131nday\u0131m. Lasik operasyonumu 21.11.2011 tarihinde yapt\u0131rd\u0131m. Asl\u0131nda hep g\u00f6zl\u00fck takmak zorundayd\u0131m. Sorun \u015fu ki hi\u00e7 g\u00f6zl\u00fck takmay\u0131 sevmiyordum. Kontakt lens kullanam\u0131yordum \u00e7\u00fcnk\u00fc g\u00f6zlerim lensleri tolere etmiyordu. G\u00f6zl\u00fck gittik\u00e7e daha \u00e7ok can\u0131m\u0131 s\u0131k\u0131yordu ve g\u00f6zl\u00fc\u011fe ba\u011f\u0131ml\u0131 olmadan bir hayat\u0131 hayal ediyordum. Hi\u00e7 sevmedi\u011finiz bir \u015feye ba\u011fl\u0131 olma hissini biliyor musunuz? \u0130nternette ara\u015ft\u0131r\u0131nca, bu operasyonun \u0130svi\u00e7re\u2019de \u00e7ok pahal\u0131 oldu\u011funu g\u00f6rd\u00fcm ve Swisslasik ile kar\u015f\u0131la\u015ft\u0131m. Herr Karaagacli ile birka\u00e7 \u00e7ok dostane ve profesyonel telefon g\u00f6r\u00fc\u015fmesinden sonra g\u00f6zlerimi Swisslasik arac\u0131l\u0131\u011f\u0131yla \u0130stanbul\u2019da operasyon yapt\u0131rmaya karar verdim. Swisslasik olduk\u00e7a sorunsuz bir firma; bilgi almak, rezervasyon yapmak veya de\u011fi\u015fiklik yapmak i\u00e7in tek bir telefon yetiyor. Elbette \u0130stanbul\u2019un b\u00f6yle hayati bir tedavi i\u00e7in do\u011fru yer olup olmad\u0131\u011f\u0131 konusunda teredd\u00fctlerim oldu. Ama %100 memnuniyetle garanti edebilirim ki, hem \u0130svi\u00e7re\u2019de Swisslasik\u2019in sundu\u011fu destek hem de \u0130stanbul\u2019daki klinik personelinin ilgisi nedeniyle tekrar \u0130stanbul\u2019da yapt\u0131r\u0131rd\u0131m. Havaliman\u0131ndan, otelden ve klinikten nas\u0131l al\u0131naca\u011f\u0131m\u0131 d\u00fc\u015f\u00fcnmeme gerek yoktu. \u0130stanbul Havaliman\u0131\u2019na vard\u0131\u011f\u0131mda do\u011frudan bir klinik \u015fof\u00f6r\u00fc kar\u015f\u0131lad\u0131. Otele giderken ertesi g\u00fcn otel ile klinik aras\u0131ndaki ula\u015f\u0131m\u0131n nas\u0131l olaca\u011f\u0131 bana anlat\u0131ld\u0131. Ertesi g\u00fcn al\u0131nd\u0131m ve klini\u011fe g\u00f6t\u00fcr\u00fcld\u00fcm. Klinik\u2019e var\u0131r varmaz hep yan\u0131mda bir dan\u0131\u015fman vard\u0131 ve istedi\u011fim zaman ona sorular\u0131m\u0131 sorabiliyordum. Klinik personeli \u00e7ok dostane ve yetkin bir \u015fekilde ilgilendi. Basit bir \u00f6n muayenenin ard\u0131ndan nihayet operasyon olabilece\u011fimi \u00f6\u011frendim. Doktor, bana operasyon saatini verdi ve beklerken restoran\u0131n teras\u0131nda temiz hava almam\u0131 \u00f6nerdi. Bu bekleme s\u00fcresince de hep yan\u0131mda bir dan\u0131\u015fman vard\u0131 ve sinirlerimi yat\u0131\u015ft\u0131rd\u0131. Operasyon zaman\u0131 geldi\u011finde hata yap\u0131p sakinle\u015ftirici bir ila\u00e7 talep etmedim ve aniden \u00e7ok gergin oldum. Operasyonun kendisi ac\u0131s\u0131z ger\u00e7ekle\u015fti. Eminim ki gergin olmasayd\u0131m bu operasyon en fazla 10 dakika s\u00fcrerdi. Operasyondan sonra g\u00f6zlerimde hafif yanma oldu ama 4 saat i\u00e7inde a\u011fr\u0131lar ge\u00e7ti ve nihayet g\u00f6zl\u00fcks\u00fcz hayat\u0131m\u0131 ya\u015fayabildim. Ne zaman en son g\u00f6zl\u00fcks\u00fcz bu kadar net g\u00f6rd\u00fc\u011f\u00fcm\u00fc hat\u0131rlam\u0131yorum. O d\u00f6rt saat s\u00fcren hafif a\u011fr\u0131lar buna de\u011fdi ve art\u0131k g\u00f6zl\u00fckle oldu\u011fumdan daha \u00f6zg\u00fcvenliyim. Bu y\u00fczden operasyonu, g\u00f6zl\u00fcklere veya kontakt lenslere ba\u011f\u0131ml\u0131 olan herkese tavsiye ederim. Konaklad\u0131\u011f\u0131m otel \u00e7ok temiz ve bak\u0131ml\u0131yd\u0131. Odalar \u00e7ok g\u00fczel d\u00f6\u015fenmi\u015fti ve kendinizi \u00e7ok rahat ve g\u00fcvende hissediyordunuz.                               Otel personeli \u00e7ok dostane ve her \u015fey tam istedi\u011fim gibi yap\u0131ld\u0131. Kahvalt\u0131da \u00e7ok geni\u015f bir se\u00e7enek vard\u0131 ve ak\u015fam yeme\u011fi i\u00e7in de City Park Hotel\u2019i tavsiye ederim. Bu otele 5 \u00fczerinden 5 puan veririm. Gelecek \u0130stanbul tatillerimde yine City Park Hotel\u2019i tercih edece\u011fim. Bu hafta \u0130stanbul\u2019da \u00e7ok nazik, yard\u0131msever ve misafirperver insanlarla tan\u0131\u015ft\u0131m. Ayr\u0131ca benim i\u00e7in d\u00fcnyan\u0131n en g\u00fczel \u015fehri olan \u0130stanbul\u2019u art\u0131k g\u00f6zl\u00fcks\u00fcz de deneyimleyebildim. \u0130stanbul, her \u015feyi g\u00f6rebilece\u011finiz bir \u015fehir, \u00e7ok modern ile tarih\u00ee ta\u015f k\u00fclt\u00fcr\u00fc bir arada sunuyor. E\u011fer \u0130stanbul\u2019u ziyaret etmeye karar verirseniz, mutlaka Bo\u011faz\u2019da tekne turu yapmal\u0131s\u0131n\u0131z. Bu, eski ile modernin en g\u00fczel \u00f6rne\u011fidir. Swisslasik ile kar\u015f\u0131la\u015ft\u0131\u011f\u0131m i\u00e7in \u00e7ok mutluyum ve en y\u00fcksek memnuniyetle Swisslasik\u2019i tavsiye ediyorum, ayr\u0131ca Swisslasik\u2019e 5 \u00fczerinden 5 puan veriyorum. Hayat\u0131m boyunca hayalini kurdu\u011fum bir hayat\u0131 bana m\u00fcmk\u00fcn k\u0131ld\u0131\u011f\u0131 i\u00e7in Swisslasik\u2019e te\u015fekk\u00fcr ederim. Sayg\u0131lar\u0131mla Havayitli Hasan            <\/p>\n\n<div class=\"wp-block-group is-layout-grid wp-container-core-group-is-layout-baef362d wp-block-group-is-layout-grid\">\n<p><a href=\"https:\/\/medicaltravel.at\/home\/agb\/\" data-type=\"page\" data-id=\"2191\"><\/a><a href=\"https:\/\/medicaltravel.at\/tr\/hasta-hikayeleri\/2011-yili-hasta-raporlari\/swisslasik-deneyim-raporu-pazar-01-ocak-2012-tarihli-rapor\/\" data-type=\"link\" data-id=\"https:\/\/medicaltravel.at\/berichte-von-patienten\/patientenberichte-2011\/erfahrungsbericht-swisslasik-bericht-vom-sonntag-01-januar-2012\/\">\u00d6nceki Rapor<\/a><\/p>\n\n\n\n<p class=\"has-text-align-right wp-container-content-5e2576f9\"><a href=\"https:\/\/medicaltravel.at\/home\/impressum\/\" data-type=\"page\" data-id=\"2193\"><\/a><a href=\"https:\/\/medicaltravel.at\/home\/berichte-von-patienten\/erfahrungsberichte\/erfahrungsbericht-zahnbehandlung-in-istanbul\/\" data-type=\"page\" data-id=\"981\"><\/a><a href=\"https:\/\/medicaltravel.at\/tr\/hasta-hikayeleri\/2011-yili-hasta-raporlari\/istanbulda-goez-lazeri-ameliyati-deneyim-raporu-carsamba-30-kasim-2011-tarihli-rapor\/\" data-type=\"link\" data-id=\"https:\/\/medicaltravel.at\/berichte-von-patienten\/patientenberichte-2011\/erfahrungsbericht-ueber-die-augenlaseroperation-in-istanbul-bericht-vom-mittwoch-30-november-2011\/\">Sonraki Rapor<\/a><\/p>\n<\/div>\n","protected":false},"excerpt":{"rendered":"<p>\u0130stanbul\u2019da Lasik G\u00f6z Ameliyat\u0131 Deneyim Raporu, 02.12.2011 \u2013 Cuma, 02 Aral\u0131k 2011 Tarihli Rapor Benim ad\u0131m Hasan Havayitli ve 25 ya\u015f\u0131nday\u0131m. Lasik operasyonumu 21.11.2011 tarihinde yapt\u0131rd\u0131m. Asl\u0131nda hep g\u00f6zl\u00fck takmak zorundayd\u0131m. Sorun \u015fu ki hi\u00e7 g\u00f6zl\u00fck takmay\u0131 sevmiyordum. Kontakt lens kullanam\u0131yordum \u00e7\u00fcnk\u00fc g\u00f6zlerim lensleri tolere etmiyordu. G\u00f6zl\u00fck gittik\u00e7e daha \u00e7ok can\u0131m\u0131 s\u0131k\u0131yordu ve g\u00f6zl\u00fc\u011fe ba\u011f\u0131ml\u0131 olmadan bir hayat\u0131 hayal ediyordum. Hi\u00e7 sevmedi\u011finiz bir \u015feye ba\u011fl\u0131 olma hissini biliyor musunuz? \u0130nternette ara\u015ft\u0131r\u0131nca, bu operasyonun \u0130svi\u00e7re\u2019de \u00e7ok pahal\u0131 oldu\u011funu g\u00f6rd\u00fcm ve Swisslasik ile kar\u015f\u0131la\u015ft\u0131m. Herr Karaagacli ile birka\u00e7 \u00e7ok dostane ve profesyonel telefon g\u00f6r\u00fc\u015fmesinden sonra g\u00f6zlerimi Swisslasik arac\u0131l\u0131\u011f\u0131yla \u0130stanbul\u2019da operasyon yapt\u0131rmaya karar verdim. Swisslasik olduk\u00e7a sorunsuz bir firma; bilgi almak, rezervasyon yapmak veya de\u011fi\u015fiklik yapmak i\u00e7in tek bir telefon yetiyor. Elbette \u0130stanbul\u2019un b\u00f6yle hayati bir tedavi i\u00e7in do\u011fru yer olup olmad\u0131\u011f\u0131 konusunda teredd\u00fctlerim oldu. Ama %100 memnuniyetle garanti edebilirim ki, hem \u0130svi\u00e7re\u2019de Swisslasik\u2019in sundu\u011fu destek hem de \u0130stanbul\u2019daki klinik personelinin ilgisi nedeniyle tekrar \u0130stanbul\u2019da yapt\u0131r\u0131rd\u0131m. Havaliman\u0131ndan, otelden ve klinikten nas\u0131l al\u0131naca\u011f\u0131m\u0131 d\u00fc\u015f\u00fcnmeme gerek yoktu. \u0130stanbul Havaliman\u0131\u2019na vard\u0131\u011f\u0131mda do\u011frudan bir klinik \u015fof\u00f6r\u00fc kar\u015f\u0131lad\u0131. Otele giderken ertesi g\u00fcn otel ile klinik aras\u0131ndaki ula\u015f\u0131m\u0131n nas\u0131l olaca\u011f\u0131 bana anlat\u0131ld\u0131. Ertesi g\u00fcn al\u0131nd\u0131m ve klini\u011fe g\u00f6t\u00fcr\u00fcld\u00fcm. Klinik\u2019e var\u0131r varmaz hep yan\u0131mda bir dan\u0131\u015fman vard\u0131 ve istedi\u011fim zaman ona sorular\u0131m\u0131 sorabiliyordum. Klinik personeli \u00e7ok dostane ve yetkin bir \u015fekilde ilgilendi. Basit bir \u00f6n muayenenin ard\u0131ndan nihayet operasyon olabilece\u011fimi \u00f6\u011frendim. Doktor, bana operasyon saatini verdi ve beklerken restoran\u0131n teras\u0131nda temiz hava almam\u0131 \u00f6nerdi. Bu bekleme s\u00fcresince de hep yan\u0131mda bir dan\u0131\u015fman vard\u0131 ve sinirlerimi yat\u0131\u015ft\u0131rd\u0131. Operasyon zaman\u0131 geldi\u011finde hata yap\u0131p sakinle\u015ftirici bir ila\u00e7 talep etmedim ve aniden \u00e7ok gergin oldum. Operasyonun kendisi ac\u0131s\u0131z ger\u00e7ekle\u015fti. Eminim ki gergin olmasayd\u0131m bu operasyon en fazla 10 dakika s\u00fcrerdi. Operasyondan sonra g\u00f6zlerimde hafif yanma oldu ama 4 saat i\u00e7inde a\u011fr\u0131lar ge\u00e7ti ve nihayet g\u00f6zl\u00fcks\u00fcz hayat\u0131m\u0131 ya\u015fayabildim. Ne zaman en son g\u00f6zl\u00fcks\u00fcz bu kadar net g\u00f6rd\u00fc\u011f\u00fcm\u00fc hat\u0131rlam\u0131yorum. O d\u00f6rt saat s\u00fcren hafif a\u011fr\u0131lar buna de\u011fdi ve art\u0131k g\u00f6zl\u00fckle oldu\u011fumdan daha \u00f6zg\u00fcvenliyim. Bu y\u00fczden operasyonu, g\u00f6zl\u00fcklere veya kontakt lenslere ba\u011f\u0131ml\u0131 olan herkese tavsiye ederim. Konaklad\u0131\u011f\u0131m otel \u00e7ok temiz ve bak\u0131ml\u0131yd\u0131. Odalar \u00e7ok g\u00fczel d\u00f6\u015fenmi\u015fti ve kendinizi \u00e7ok rahat ve g\u00fcvende hissediyordunuz. Otel personeli \u00e7ok dostane ve her \u015fey tam istedi\u011fim gibi yap\u0131ld\u0131. Kahvalt\u0131da \u00e7ok geni\u015f bir se\u00e7enek vard\u0131 ve ak\u015fam yeme\u011fi i\u00e7in de City Park Hotel\u2019i tavsiye ederim. Bu otele 5 \u00fczerinden 5 puan veririm. Gelecek \u0130stanbul tatillerimde yine City Park Hotel\u2019i tercih edece\u011fim. Bu hafta \u0130stanbul\u2019da \u00e7ok nazik, yard\u0131msever ve misafirperver insanlarla tan\u0131\u015ft\u0131m. Ayr\u0131ca benim i\u00e7in d\u00fcnyan\u0131n en g\u00fczel \u015fehri olan \u0130stanbul\u2019u art\u0131k g\u00f6zl\u00fcks\u00fcz de deneyimleyebildim. \u0130stanbul, her \u015feyi g\u00f6rebilece\u011finiz bir \u015fehir, \u00e7ok modern ile tarih\u00ee ta\u015f k\u00fclt\u00fcr\u00fc bir arada sunuyor. E\u011fer \u0130stanbul\u2019u ziyaret etmeye karar verirseniz, mutlaka Bo\u011faz\u2019da tekne turu yapmal\u0131s\u0131n\u0131z. Bu, eski ile modernin en g\u00fczel \u00f6rne\u011fidir. Swisslasik ile kar\u015f\u0131la\u015ft\u0131\u011f\u0131m i\u00e7in \u00e7ok mutluyum ve en y\u00fcksek memnuniyetle Swisslasik\u2019i tavsiye ediyorum, ayr\u0131ca Swisslasik\u2019e 5 \u00fczerinden 5 puan veriyorum. Hayat\u0131m boyunca hayalini kurdu\u011fum bir hayat\u0131 bana m\u00fcmk\u00fcn k\u0131ld\u0131\u011f\u0131 i\u00e7in Swisslasik\u2019e te\u015fekk\u00fcr ederim. Sayg\u0131lar\u0131mla Havayitli Hasan \u00d6nceki Rapor Sonraki Rapor<\/p>\n","protected":false},"author":4,"featured_media":0,"parent":4771,"menu_order":0,"comment_status":"closed","ping_status":"closed","template":"","meta":{"_joinchat":[],"footnotes":""},"class_list":["post-4794","page","type-page","status-publish","hentry"],"acf":[],"_links":{"self":[{"href":"https:\/\/medicaltravel.at\/tr\/wp-json\/wp\/v2\/pages\/4794","targetHints":{"allow":["GET"]}}],"collection":[{"href":"https:\/\/medicaltravel.at\/tr\/wp-json\/wp\/v2\/pages"}],"about":[{"href":"https:\/\/medicaltravel.at\/tr\/wp-json\/wp\/v2\/types\/page"}],"author":[{"embeddable":true,"href":"https:\/\/medicaltravel.at\/tr\/wp-json\/wp\/v2\/users\/4"}],"replies":[{"embeddable":true,"href":"https:\/\/medicaltravel.at\/tr\/wp-json\/wp\/v2\/comments?post=4794"}],"version-history":[{"count":1,"href":"https:\/\/medicaltravel.at\/tr\/wp-json\/wp\/v2\/pages\/4794\/revisions"}],"predecessor-version":[{"id":4795,"href":"https:\/\/medicaltravel.at\/tr\/wp-json\/wp\/v2\/pages\/4794\/revisions\/4795"}],"up":[{"embeddable":true,"href":"https:\/\/medicaltravel.at\/tr\/wp-json\/wp\/v2\/pages\/4771"}],"wp:attachment":[{"href":"https:\/\/medicaltravel.at\/tr\/wp-json\/wp\/v2\/media?parent=4794"}],"curies":[{"name":"wp","href":"https:\/\/api.w.org\/{rel}","templated":true}]}}