{"id":4792,"date":"2025-09-28T09:50:28","date_gmt":"2025-09-28T08:50:28","guid":{"rendered":"https:\/\/medicaltravel.at\/hasta-hikayeleri\/2011-yili-hasta-raporlari\/istanbulda-goez-lazeri-ameliyati-deneyim-raporu-carsamba-30-kasim-2011-tarihli-rapor\/"},"modified":"2026-01-13T15:45:32","modified_gmt":"2026-01-13T14:45:32","slug":"istanbulda-goez-lazeri-ameliyati-deneyim-raporu-carsamba-30-kasim-2011-tarihli-rapor","status":"publish","type":"page","link":"https:\/\/medicaltravel.at\/tr\/hasta-hikayeleri\/2011-yili-hasta-raporlari\/istanbulda-goez-lazeri-ameliyati-deneyim-raporu-carsamba-30-kasim-2011-tarihli-rapor\/","title":{"rendered":"\u0130stanbul\u2019da G\u00f6z Lazeri Ameliyat\u0131 Deneyim Raporu \u2013 \u00c7ar\u015famba, 30 Kas\u0131m 2011 Tarihli Rapor"},"content":{"rendered":"\n<p><strong>\u0130stanbul\u2019da G\u00f6z Lazeri Ameliyat\u0131 Deneyim Raporu <\/strong>\u2013 \u00c7ar\u015famba, 30 Kas\u0131m 2011 Tarihli Rapor<\/p>\n\n\n\n<p>Ben 52 ya\u015f\u0131nday\u0131m ve 18 Ekim 2011 tarihinde g\u00f6zlerimi lazerle tedavi ettirmeye cesaret ettim. 12 ya\u015f\u0131mdan beri g\u00f6zl\u00fck tak\u0131yordum, art\u0131k g\u00f6zl\u00fc\u011f\u00fcm olmadan neredeyse hi\u00e7 bir \u015fey g\u00f6remez hale gelmi\u015ftim \u00e7\u00fcnk\u00fc g\u00f6zl\u00fck numaram olduk\u00e7a y\u00fcksekti. Son 4 y\u0131ld\u0131r progresif g\u00f6zl\u00fck (Varilux) kullan\u0131yordum. Spor yaparken ise kontakt lens tak\u0131yordum, ama lensler \u00e7o\u011fu zaman rahats\u0131z ediciydi. K\u0131z\u0131m bu yaz g\u00f6zlerini lazerle tedavi ettirmeye karar verdi ve ben de ona \u0130stanbul\u2019a e\u015flik etmeye s\u00f6z verdim. S\u00fcrekli olarak beni de g\u00f6zlerimi lazerle tedavi ettirmeye te\u015fvik etti. Uzun s\u00fcre teredd\u00fct ettim ve sonunda \u0130stanbul\u2019da sadece muayene olabilece\u011fimi, g\u00f6zlerimin uygun olup olmad\u0131\u011f\u0131n\u0131 g\u00f6rebilece\u011fimi d\u00fc\u015f\u00fcnd\u00fcm. K\u0131z\u0131m zaten Swisslasik\u2019ten Bay Karaagacli ile s\u00fcrekli ileti\u015fim h\u00e2lindeydi, ben de ona \u0130stanbul\u2019da g\u00f6zlerimin muayene edilip edilemeyece\u011fini sordum. Bana hemen ayn\u0131 g\u00fcn muayene olabilmem i\u00e7in bir randevu ayarlamay\u0131 teklif etti. Ayr\u0131ca bana operasyon i\u00e7in de bir tarih verdi, ama ben istersem operasyonu iptal edebilece\u011fimi s\u00f6yledi. Bay Karaagacli, k\u0131z\u0131m\u0131n yan\u0131nda refakat\u00e7i olarak benim u\u00e7ak ve otel rezervasyonlar\u0131m\u0131 da ayarlam\u0131\u015ft\u0131. Sadece yola \u00e7\u0131kmadan \u00f6nce u\u00e7ak ve otel \u00fccretini \u00f6demem gerekiyordu. Operasyonu ise gerekli olursa klinikte direkt \u00f6deyebilirdim. \u0130stanbul\u2019daki muayenede doktor bana operasyon sonras\u0131 da okuma ve bilgisayar \u00e7al\u0131\u015fmas\u0131 i\u00e7in g\u00f6zl\u00fck kullanmam\u0131n kesinlikle gerekece\u011fini s\u00f6yledi, bu ya\u015fa ba\u011fl\u0131 bir durumdu. Zaten spor yaparken lens kullan\u0131yordum ve onunla da okuyam\u0131yordum, bu y\u00fczden operasyon sonras\u0131 nas\u0131l olaca\u011f\u0131n\u0131 az \u00e7ok tahmin edebiliyordum. Muayene sonras\u0131 operasyon yapt\u0131rmaya karar verdim. Operasyon randevusuna \u00e7a\u011fr\u0131lana kadar yakla\u015f\u0131k \u00fc\u00e7 saat \u00f6\u011fle yeme\u011fi i\u00e7in vaktimiz vard\u0131, bu s\u00fcrede karar\u0131m\u0131 tekrar d\u00fc\u015f\u00fcnebilirdim. Operasyon \u00fccretini o anda \u00f6dedim, bu \u00f6deme kesin onay anlam\u0131na geliyordu. Operasyonun detaylar\u0131 i\u00e7in k\u0131z\u0131m Manuela Camenzind\u2019in raporuna bakabilirsiniz, ben de yakla\u015f\u0131k olarak ayn\u0131 \u015fekilde hissettim. Her ikimiz de g\u00f6zlerimizin bir s\u00fcre \u00e7ok fazla yanaca\u011f\u0131n\u0131 beklemiyorduk. Ama ertesi sabah uyanmak t\u00fcm rahats\u0131z edici ac\u0131y\u0131 unutturuyordu. Otelin 7. kat\u0131ndan \u015fehri g\u00f6zl\u00fcks\u00fcz izlemek inan\u0131lmazd\u0131. \u0130stanbul\u2019daki t\u00fcm konaklama ve i\u015flemler m\u00fckemmel organize edilmi\u015fti, bu konuda k\u0131z\u0131m\u0131n raporuyla tamamen ayn\u0131 fikirdeyim. Swisslasik\u2019in esnekli\u011fini \u00e7ok takdir ettim. T\u00fcrkiye\u2019den d\u00f6nd\u00fckten sonra ister Premium paket (\u0130svi\u00e7re\u2019de kontrol dahil) ister Standart paket se\u00e7ebilece\u011fimi karar verebildim. Ben Standart paketi se\u00e7tim ve kontrolleri g\u00f6z doktorumla yapt\u0131rd\u0131m. Doktor operasyonun \u00e7ok ba\u015far\u0131l\u0131 ge\u00e7ti\u011fini do\u011frulad\u0131. Bana g\u00f6zlerimi tekrar lazerle tedavi ettirip ettirmeyece\u011fim soruldu\u011funda hep \u015funu s\u00f6yl\u00fcyorum: G\u00f6zl\u00fck takmadan do\u011fada dola\u015fmak veya spor yapmak ger\u00e7ekten \u00e7ok g\u00fczel. Bunu \u00e7ok keyifle ya\u015f\u0131yorum.                               D\u00f6rt hafta boyunca standart bir okuma g\u00f6zl\u00fc\u011f\u00fc takt\u0131m, \u00e7\u00fcnk\u00fc bilgisayar \u00e7al\u0131\u015fmak, okumak, yemek yapmak, al\u0131\u015fveri\u015f gibi pek \u00e7ok i\u015fi yak\u0131ndan g\u00f6rmek gerekiyordu. G\u00f6zlerin \u00f6nce iyile\u015fmesi gerekti\u011fi i\u00e7in bir ay bekledikten sonra kendime \u00f6zel g\u00f6zl\u00fc\u011f\u00fcm\u00fc yapt\u0131rd\u0131m. Tekrar progresif bir g\u00f6zl\u00fck tercih ettim, \u00e7\u00fcnk\u00fc g\u00f6zl\u00fc\u011f\u00fc s\u00fcrekli tak\u0131p \u00e7\u0131karmay\u0131 sevmiyorum. Sonu\u00e7 olarak h\u00e2l\u00e2 s\u0131k s\u0131k g\u00f6zl\u00fck tak\u0131yorum. Ama avantaj\u0131, art\u0131k \u00f6nceden oldu\u011fu gibi iki g\u00f6zl\u00fc\u011fe ihtiyac\u0131m yok. \u00d6nceden progresif g\u00f6zl\u00fc\u011f\u00fcm\u00fcn yan\u0131nda bir de bilgisayar g\u00f6zl\u00fc\u011f\u00fcm vard\u0131, \u00e7\u00fcnk\u00fc d\u00fczeltme numaralar\u0131mla bilgisayarda b\u00fcy\u00fck zorluk ya\u015f\u0131yordum. Art\u0131k d\u0131\u015far\u0131da da g\u00f6zl\u00fck takmama gerek yok. \u00d6zellikle so\u011fuk mevsimde bundan \u00e7ok memnunum, \u00e7\u00fcnk\u00fc camlar buhar yapm\u0131yor. Dezavantaj\u0131 ise art\u0131k g\u00f6zl\u00fcks\u00fcz hi\u00e7bir \u015fey okuyamamak. 50 ya\u015f \u00fcst\u00fc \u00e7o\u011fu insan bunu bilir. Ama ben miyopken, g\u00f6zl\u00fcks\u00fcz de her \u015feyi okuyabiliyordum. Art\u0131k yatakta g\u00f6zl\u00fcks\u00fcz okuyam\u0131yorum. Okumak genel olarak biraz daha yorucu hale geldi. Benim ya\u015f\u0131mdaki birine tek g\u00f6zl\u00fckle her i\u015fini g\u00f6rebiliyorsa operasyon yapmas\u0131n\u0131 \u00f6nermem. Ama benim gibi iki g\u00f6zl\u00fc\u011fe ba\u011f\u0131ml\u0131ysa operasyonu ciddi olarak d\u00fc\u015f\u00fcnebilir. Ger\u00e7ekten en \u00e7ok fayday\u0131 gen\u00e7ler g\u00f6r\u00fcr, \u00e7\u00fcnk\u00fc onlar hen\u00fcz ya\u015fa ba\u011fl\u0131 g\u00f6rme kayb\u0131yla u\u011fra\u015fmak zorunda de\u011filler.                <\/p>\n\n\n\n<div class=\"wp-block-group is-layout-grid wp-container-core-group-is-layout-baef362d wp-block-group-is-layout-grid\">\n<p><a href=\"https:\/\/medicaltravel.at\/home\/agb\/\" data-type=\"page\" data-id=\"2191\"><\/a><a href=\"https:\/\/medicaltravel.at\/tr\/hasta-hikayeleri\/2011-yili-hasta-raporlari\/istanbulda-lasik-goez-ameliyati-deneyim-raporu-02-12-2011-cuma-02-aralik-2011-tarihli-rapor\/\" data-type=\"link\" data-id=\"https:\/\/medicaltravel.at\/tr\/hasta-hikayeleri\/2011-yili-hasta-raporlari\/istanbulda-lasik-goez-ameliyati-deneyim-raporu-02-12-2011-cuma-02-aralik-2011-tarihli-rapor\/\">\u00d6nceki Rapor<\/a><\/p>\n\n\n\n<p class=\"has-text-align-right wp-container-content-5e2576f9\"><a href=\"https:\/\/medicaltravel.at\/home\/impressum\/\" data-type=\"page\" data-id=\"2193\"><\/a><a href=\"https:\/\/medicaltravel.at\/home\/berichte-von-patienten\/erfahrungsberichte\/erfahrungsbericht-zahnbehandlung-in-istanbul\/\" data-type=\"page\" data-id=\"981\"><\/a><a href=\"https:\/\/medicaltravel.at\/tr\/hasta-hikayeleri\/2011-yili-hasta-raporlari\/istanbulda-goez-lazeri-yaptirmak-verdigim-en-iyi-kararlardan-biri-carsamba-30-kasim-2011-tarihli-rapor\/\" data-type=\"link\" data-id=\"https:\/\/medicaltravel.at\/berichte-von-patienten\/patientenberichte-2011\/augenlasern-in-istanbul-eine-meiner-besten-entscheidungen-bericht-vom-mittwoch-30-november-2011\/\">Sonraki Rapor<\/a><\/p>\n<\/div>\n","protected":false},"excerpt":{"rendered":"<p>\u0130stanbul\u2019da G\u00f6z Lazeri Ameliyat\u0131 Deneyim Raporu \u2013 \u00c7ar\u015famba, 30 Kas\u0131m 2011 Tarihli Rapor Ben 52 ya\u015f\u0131nday\u0131m ve 18 Ekim 2011 tarihinde g\u00f6zlerimi lazerle tedavi ettirmeye cesaret ettim. 12 ya\u015f\u0131mdan beri g\u00f6zl\u00fck tak\u0131yordum, art\u0131k g\u00f6zl\u00fc\u011f\u00fcm olmadan neredeyse hi\u00e7 bir \u015fey g\u00f6remez hale gelmi\u015ftim \u00e7\u00fcnk\u00fc g\u00f6zl\u00fck numaram olduk\u00e7a y\u00fcksekti. Son 4 y\u0131ld\u0131r progresif g\u00f6zl\u00fck (Varilux) kullan\u0131yordum. Spor yaparken ise kontakt lens tak\u0131yordum, ama lensler \u00e7o\u011fu zaman rahats\u0131z ediciydi. K\u0131z\u0131m bu yaz g\u00f6zlerini lazerle tedavi ettirmeye karar verdi ve ben de ona \u0130stanbul\u2019a e\u015flik etmeye s\u00f6z verdim. S\u00fcrekli olarak beni de g\u00f6zlerimi lazerle tedavi ettirmeye te\u015fvik etti. Uzun s\u00fcre teredd\u00fct ettim ve sonunda \u0130stanbul\u2019da sadece muayene olabilece\u011fimi, g\u00f6zlerimin uygun olup olmad\u0131\u011f\u0131n\u0131 g\u00f6rebilece\u011fimi d\u00fc\u015f\u00fcnd\u00fcm. K\u0131z\u0131m zaten Swisslasik\u2019ten Bay Karaagacli ile s\u00fcrekli ileti\u015fim h\u00e2lindeydi, ben de ona \u0130stanbul\u2019da g\u00f6zlerimin muayene edilip edilemeyece\u011fini sordum. Bana hemen ayn\u0131 g\u00fcn muayene olabilmem i\u00e7in bir randevu ayarlamay\u0131 teklif etti. Ayr\u0131ca bana operasyon i\u00e7in de bir tarih verdi, ama ben istersem operasyonu iptal edebilece\u011fimi s\u00f6yledi. Bay Karaagacli, k\u0131z\u0131m\u0131n yan\u0131nda refakat\u00e7i olarak benim u\u00e7ak ve otel rezervasyonlar\u0131m\u0131 da ayarlam\u0131\u015ft\u0131. Sadece yola \u00e7\u0131kmadan \u00f6nce u\u00e7ak ve otel \u00fccretini \u00f6demem gerekiyordu. Operasyonu ise gerekli olursa klinikte direkt \u00f6deyebilirdim. \u0130stanbul\u2019daki muayenede doktor bana operasyon sonras\u0131 da okuma ve bilgisayar \u00e7al\u0131\u015fmas\u0131 i\u00e7in g\u00f6zl\u00fck kullanmam\u0131n kesinlikle gerekece\u011fini s\u00f6yledi, bu ya\u015fa ba\u011fl\u0131 bir durumdu. Zaten spor yaparken lens kullan\u0131yordum ve onunla da okuyam\u0131yordum, bu y\u00fczden operasyon sonras\u0131 nas\u0131l olaca\u011f\u0131n\u0131 az \u00e7ok tahmin edebiliyordum. Muayene sonras\u0131 operasyon yapt\u0131rmaya karar verdim. Operasyon randevusuna \u00e7a\u011fr\u0131lana kadar yakla\u015f\u0131k \u00fc\u00e7 saat \u00f6\u011fle yeme\u011fi i\u00e7in vaktimiz vard\u0131, bu s\u00fcrede karar\u0131m\u0131 tekrar d\u00fc\u015f\u00fcnebilirdim. Operasyon \u00fccretini o anda \u00f6dedim, bu \u00f6deme kesin onay anlam\u0131na geliyordu. Operasyonun detaylar\u0131 i\u00e7in k\u0131z\u0131m Manuela Camenzind\u2019in raporuna bakabilirsiniz, ben de yakla\u015f\u0131k olarak ayn\u0131 \u015fekilde hissettim. Her ikimiz de g\u00f6zlerimizin bir s\u00fcre \u00e7ok fazla yanaca\u011f\u0131n\u0131 beklemiyorduk. Ama ertesi sabah uyanmak t\u00fcm rahats\u0131z edici ac\u0131y\u0131 unutturuyordu. Otelin 7. kat\u0131ndan \u015fehri g\u00f6zl\u00fcks\u00fcz izlemek inan\u0131lmazd\u0131. \u0130stanbul\u2019daki t\u00fcm konaklama ve i\u015flemler m\u00fckemmel organize edilmi\u015fti, bu konuda k\u0131z\u0131m\u0131n raporuyla tamamen ayn\u0131 fikirdeyim. Swisslasik\u2019in esnekli\u011fini \u00e7ok takdir ettim. T\u00fcrkiye\u2019den d\u00f6nd\u00fckten sonra ister Premium paket (\u0130svi\u00e7re\u2019de kontrol dahil) ister Standart paket se\u00e7ebilece\u011fimi karar verebildim. Ben Standart paketi se\u00e7tim ve kontrolleri g\u00f6z doktorumla yapt\u0131rd\u0131m. Doktor operasyonun \u00e7ok ba\u015far\u0131l\u0131 ge\u00e7ti\u011fini do\u011frulad\u0131. Bana g\u00f6zlerimi tekrar lazerle tedavi ettirip ettirmeyece\u011fim soruldu\u011funda hep \u015funu s\u00f6yl\u00fcyorum: G\u00f6zl\u00fck takmadan do\u011fada dola\u015fmak veya spor yapmak ger\u00e7ekten \u00e7ok g\u00fczel. Bunu \u00e7ok keyifle ya\u015f\u0131yorum. D\u00f6rt hafta boyunca standart bir okuma g\u00f6zl\u00fc\u011f\u00fc takt\u0131m, \u00e7\u00fcnk\u00fc bilgisayar \u00e7al\u0131\u015fmak, okumak, yemek yapmak, al\u0131\u015fveri\u015f gibi pek \u00e7ok i\u015fi yak\u0131ndan g\u00f6rmek gerekiyordu. G\u00f6zlerin \u00f6nce iyile\u015fmesi gerekti\u011fi i\u00e7in bir ay bekledikten sonra kendime \u00f6zel g\u00f6zl\u00fc\u011f\u00fcm\u00fc yapt\u0131rd\u0131m. Tekrar progresif bir g\u00f6zl\u00fck tercih ettim, \u00e7\u00fcnk\u00fc g\u00f6zl\u00fc\u011f\u00fc s\u00fcrekli tak\u0131p \u00e7\u0131karmay\u0131 sevmiyorum. Sonu\u00e7 olarak h\u00e2l\u00e2 s\u0131k s\u0131k g\u00f6zl\u00fck tak\u0131yorum. Ama avantaj\u0131, art\u0131k \u00f6nceden oldu\u011fu gibi iki g\u00f6zl\u00fc\u011fe ihtiyac\u0131m yok. \u00d6nceden progresif g\u00f6zl\u00fc\u011f\u00fcm\u00fcn yan\u0131nda bir de bilgisayar g\u00f6zl\u00fc\u011f\u00fcm vard\u0131, \u00e7\u00fcnk\u00fc d\u00fczeltme numaralar\u0131mla bilgisayarda b\u00fcy\u00fck zorluk ya\u015f\u0131yordum. Art\u0131k d\u0131\u015far\u0131da da g\u00f6zl\u00fck takmama gerek yok. \u00d6zellikle so\u011fuk mevsimde bundan \u00e7ok memnunum, \u00e7\u00fcnk\u00fc camlar buhar yapm\u0131yor. Dezavantaj\u0131 ise art\u0131k g\u00f6zl\u00fcks\u00fcz hi\u00e7bir \u015fey okuyamamak. 50 ya\u015f \u00fcst\u00fc \u00e7o\u011fu insan bunu bilir. Ama ben miyopken, g\u00f6zl\u00fcks\u00fcz de her \u015feyi okuyabiliyordum. Art\u0131k yatakta g\u00f6zl\u00fcks\u00fcz okuyam\u0131yorum. Okumak genel olarak biraz daha yorucu hale geldi. Benim ya\u015f\u0131mdaki birine tek g\u00f6zl\u00fckle her i\u015fini g\u00f6rebiliyorsa operasyon yapmas\u0131n\u0131 \u00f6nermem. Ama benim gibi iki g\u00f6zl\u00fc\u011fe ba\u011f\u0131ml\u0131ysa operasyonu ciddi olarak d\u00fc\u015f\u00fcnebilir. Ger\u00e7ekten en \u00e7ok fayday\u0131 gen\u00e7ler g\u00f6r\u00fcr, \u00e7\u00fcnk\u00fc onlar hen\u00fcz ya\u015fa ba\u011fl\u0131 g\u00f6rme kayb\u0131yla u\u011fra\u015fmak zorunda de\u011filler. \u00d6nceki Rapor Sonraki Rapor<\/p>\n","protected":false},"author":4,"featured_media":0,"parent":4771,"menu_order":0,"comment_status":"closed","ping_status":"closed","template":"","meta":{"_joinchat":[],"footnotes":""},"class_list":["post-4792","page","type-page","status-publish","hentry"],"acf":[],"_links":{"self":[{"href":"https:\/\/medicaltravel.at\/tr\/wp-json\/wp\/v2\/pages\/4792","targetHints":{"allow":["GET"]}}],"collection":[{"href":"https:\/\/medicaltravel.at\/tr\/wp-json\/wp\/v2\/pages"}],"about":[{"href":"https:\/\/medicaltravel.at\/tr\/wp-json\/wp\/v2\/types\/page"}],"author":[{"embeddable":true,"href":"https:\/\/medicaltravel.at\/tr\/wp-json\/wp\/v2\/users\/4"}],"replies":[{"embeddable":true,"href":"https:\/\/medicaltravel.at\/tr\/wp-json\/wp\/v2\/comments?post=4792"}],"version-history":[{"count":2,"href":"https:\/\/medicaltravel.at\/tr\/wp-json\/wp\/v2\/pages\/4792\/revisions"}],"predecessor-version":[{"id":5802,"href":"https:\/\/medicaltravel.at\/tr\/wp-json\/wp\/v2\/pages\/4792\/revisions\/5802"}],"up":[{"embeddable":true,"href":"https:\/\/medicaltravel.at\/tr\/wp-json\/wp\/v2\/pages\/4771"}],"wp:attachment":[{"href":"https:\/\/medicaltravel.at\/tr\/wp-json\/wp\/v2\/media?parent=4792"}],"curies":[{"name":"wp","href":"https:\/\/api.w.org\/{rel}","templated":true}]}}