{"id":4790,"date":"2025-09-28T09:49:24","date_gmt":"2025-09-28T08:49:24","guid":{"rendered":"https:\/\/medicaltravel.at\/hasta-hikayeleri\/2011-yili-hasta-raporlari\/swisslasik-deneyim-raporu-pazar-01-ocak-2012-tarihli-rapor\/"},"modified":"2026-01-13T15:44:35","modified_gmt":"2026-01-13T14:44:35","slug":"swisslasik-deneyim-raporu-pazar-01-ocak-2012-tarihli-rapor","status":"publish","type":"page","link":"https:\/\/medicaltravel.at\/tr\/hasta-hikayeleri\/2011-yili-hasta-raporlari\/swisslasik-deneyim-raporu-pazar-01-ocak-2012-tarihli-rapor\/","title":{"rendered":"SwissLasik Deneyim Raporu \u2013 Pazar, 01 Ocak 2012 Tarihli Rapor"},"content":{"rendered":"\n<p><strong>SwissLasik Deneyim Raporu<\/strong> \u2013 Pazar, 01 Ocak 2012 Tarihli Rapor<\/p>\n\n\n\n<p>G\u00f6zl\u00fcks\u00fcz bir ya\u015fam iste\u011fi ikimizde de uzun zamand\u0131r vard\u0131, ama bir arkada\u015f\u0131m\u0131z Swisslasik deneyimlerini anlatt\u0131\u011f\u0131nda bu konuyu daha ciddiye ald\u0131k. \u00d6nce Swisslasik\u2019in web sitesinden bilgi edindik, sonra da Z\u00fcrich\u2019teki Fespo fuar\u0131nda Bay Karaaga\u00e7li ile tan\u0131\u015ft\u0131k ve kendisinden detayl\u0131 bilgi ald\u0131k. Swisslasik\u2019e ba\u015ftan g\u00fcvenimiz vard\u0131 ve bu y\u00fczden 15 Aral\u0131k 2011 Per\u015fembe g\u00fcn\u00fc \u0130stanbul\u2019a yolculu\u011fumuzu ba\u015flatt\u0131k. U\u00e7u\u015ftan birka\u00e7 g\u00fcn \u00f6nce Swisslasik pasaportumuzu ve e-biletlerimizi ald\u0131k, b\u00f6ylece online check-in sonras\u0131 \u0130stanbul\u2019a sorunsuz u\u00e7abildik. S\u00f6z verildi\u011fi gibi, havaliman\u0131nda bir \u015fof\u00f6r bizi kar\u015f\u0131lad\u0131 ve g\u00fcvenle otele getirdi. Park City Hotel bize k\u00fc\u00e7\u00fck ama temiz bir oda verdi. Personel dost canl\u0131s\u0131 ve yard\u0131mseverdi, kahvalt\u0131 b\u00fcfesinde herkes i\u00e7in bir \u015feyler vard\u0131. Kendimizi g\u00fcvende hissettik ve Taksim\u2019in canl\u0131 semtini y\u00fcr\u00fcyerek rahat\u00e7a ke\u015ffedebildik.<br><br>Cuma sabah\u0131 \u015fof\u00f6r\u00fcm\u00fcz tam zaman\u0131nda bizi Ac\u0131badem Hastanesi\u2019ne g\u00f6t\u00fcrd\u00fc ve \u0130stanbul\u2019un trafik yo\u011funlu\u011funu ilk kez hissettik. Ac\u0131badem Hastanesi ilk bak\u0131\u015fta \u00e7ok iyi bir izlenim b\u0131rakt\u0131, g\u00fcler y\u00fczle kar\u015f\u0131land\u0131k ve k\u0131sa s\u00fcre sonra bodrum kattaki G\u00f6z B\u00f6l\u00fcm\u00fc\u2019ne y\u00f6nlendirildik. Sabah g\u00f6z lazer operasyonu i\u00e7in biz ve \u0130svi\u00e7re\u2019den bir \u00fc\u00e7\u00fcnc\u00fc ki\u015fi haz\u0131r bulunuyorduk. \u0130lk iki saat i\u00e7inde g\u00f6zlerimizin operasyona uygun olup olmad\u0131\u011f\u0131 \u00e7e\u015fitli testlerle kontrol edildi. Bu testler olduk\u00e7a tela\u015fl\u0131 ve ileti\u015fim eksikli\u011fi i\u00e7inde yap\u0131ld\u0131\u011f\u0131 i\u00e7in bazen odadan odaya biraz \u015fa\u015fk\u0131n \u015fekilde y\u00f6nlendirildik. Testleri yapan asistan olduk\u00e7a stresli g\u00f6r\u00fcn\u00fcyordu ve Almanca \u00e7evirmenimiz s\u00fcre\u00e7 hakk\u0131nda bizi ayr\u0131nt\u0131l\u0131 bilgilendirmeye zaman ay\u0131rmad\u0131. Neyse ki \u00fc\u00e7\u00fcnc\u00fc hasta testleri \u0130svi\u00e7re\u2019de yapm\u0131\u015ft\u0131 ve bize her ad\u0131m\u0131 anlatt\u0131. Bu sayede, asistan g\u00f6z damlalar\u0131n\u0131 vermeden \u00f6nce bizi uyard\u0131\u011f\u0131nda rahatlad\u0131k; damlalar birka\u00e7 saniye boyunca g\u00f6zde \u00e7ok yanma yapt\u0131.<br><br>Bu testlerden sonra ilk kez doktorumuzla g\u00f6r\u00fc\u015ft\u00fck. \u00c7ok yetkin ve sakin bir izlenim b\u0131rakt\u0131 ve operasyonu \u0130ngilizce olarak anlatt\u0131. Neyse ki ikimiz de Lasik operasyonu i\u00e7in uygunduk. Bir s\u00fcre daha bekledikten sonra, sonunda Daniel ilk olarak operasyon salonuna al\u0131nd\u0131. Ne yaz\u0131k ki sa\u011f g\u00f6z\u00fcnde ciddi komplikasyonlar oldu; burada iki kez vakum uygulanmak zorunda kald\u0131 ve operasyon sonras\u0131 g\u00f6z \u00e7ok yoruldu\u011fu i\u00e7in lens tak\u0131ld\u0131. Karin\u2019in operasyonu ise sorunsuz ge\u00e7ti. Operasyon sonras\u0131 g\u00f6zlerdeki yanma ve ka\u015f\u0131nma \u00e7ok rahats\u0131z ediciydi ve g\u00f6zler s\u00fcrekli ya\u015fard\u0131\u011f\u0131 i\u00e7in a\u00e7am\u0131yorduk. Ancak bize bunun normal bir s\u00fcre\u00e7 oldu\u011fu ve k\u0131sa s\u00fcre sonra ge\u00e7ece\u011fi s\u00f6ylendi.                        Operasyondan yakla\u015f\u0131k bir saat sonra k\u0131sa bir kontrole girdikten sonra, otelimize d\u00f6nmek i\u00e7in servisimizi bekledik. Ne yaz\u0131k ki servis ancak yar\u0131m saat sonra geldi ve o s\u0131rada ya\u015fad\u0131\u011f\u0131m\u0131z a\u011fr\u0131lar nedeniyle beklemek \u00e7ok rahats\u0131z ediciydi. Ayr\u0131ca otobanda trafik s\u0131k\u0131\u015f\u0131kl\u0131\u011f\u0131 i\u00e7inde bir \u015fof\u00f6r de\u011fi\u015fikli\u011fi oldu ve g\u00f6zlerimiz neredeyse hi\u00e7 g\u00f6remedi\u011fi i\u00e7in bu durum bizi olduk\u00e7a endi\u015felendirdi.<br><br>Nihayet otelde vard\u0131k ve yataklar\u0131m\u0131za uzan\u0131p yorgunluklar\u0131m\u0131z\u0131 atabildik. Bir saat sonra odadan sipari\u015f verdi\u011fimiz g\u00fczel bir yemek geldi ve kendimizi \u00e7ok daha iyi hissettik. Belirtiler azalm\u0131\u015f, sadece hafif a\u011fr\u0131 kalm\u0131\u015ft\u0131. Bu noktada bile g\u00f6zl\u00fcks\u00fcz \u00e7ok iyi g\u00f6rebiliyorduk ve mutluluk b\u00fcy\u00fck oldu. Ak\u015fam insanlar aras\u0131na \u00e7\u0131kt\u0131k ve sadece hayranl\u0131kla izledik.<br><br>Cumartesi g\u00fcn\u00fc Ac\u0131badem Hastanesi\u2019nde bir kontrol daha yap\u0131ld\u0131 ve doktorumuzla son bir g\u00f6r\u00fc\u015fme yapt\u0131k. Doktor, Daniel\u2019e sa\u011f g\u00f6z operasyonunda neyin yanl\u0131\u015f gitti\u011fini de a\u00e7\u0131klad\u0131. \u0130svi\u00e7re\u2019de yap\u0131lan sonraki kontroller, ikimiz i\u00e7in de operasyonun ba\u015far\u0131l\u0131 oldu\u011funu ve umar\u0131z uzun s\u00fcre g\u00f6zl\u00fck veya lens kullanmam\u0131z gerekmeyece\u011fini g\u00f6sterdi.<br><br>Sonu\u00e7 olarak Swisslasik\u2019in organizasyonundan, Bay Karaaga\u00e7li\u2019nin s\u00fcrekli telefonla ula\u015f\u0131labilir olmas\u0131ndan ve otelden \u00e7ok memnunuz. Ac\u0131badem Hastanesi\u2019ndeki ileti\u015fimin ise acilen geli\u015ftirilmesi gerekiyor; b\u00f6ylece hasta ba\u015ftan sona kendini g\u00fcvende hissedebilir. Biz zaten arkada\u015flar\u0131m\u0131za ve tan\u0131d\u0131klar\u0131m\u0131za Swisslasik\u2019i \u00f6nerdik. Bu operasyon sayesinde ya\u015fam kalitemizi b\u00fcy\u00fck \u00f6l\u00e7\u00fcde geri kazand\u0131k ve Swisslasik\u2019e destekleri i\u00e7in te\u015fekk\u00fcr ediyoruz.<br><br>20.02.2012, Karin &amp; Daniel N.               <\/p>\n\n\n\n<div class=\"wp-block-group is-layout-grid wp-container-core-group-is-layout-baef362d wp-block-group-is-layout-grid\">\n<p><\/p>\n\n\n\n<p class=\"has-text-align-right wp-container-content-5e2576f9\"><a href=\"https:\/\/medicaltravel.at\/home\/impressum\/\" data-type=\"page\" data-id=\"2193\"><\/a><a href=\"https:\/\/medicaltravel.at\/home\/berichte-von-patienten\/erfahrungsberichte\/erfahrungsbericht-zahnbehandlung-in-istanbul\/\" data-type=\"page\" data-id=\"981\"><\/a><a href=\"https:\/\/medicaltravel.at\/tr\/hasta-hikayeleri\/2011-yili-hasta-raporlari\/istanbulda-lasik-goez-ameliyati-deneyim-raporu-02-12-2011-cuma-02-aralik-2011-tarihli-rapor\/\" data-type=\"link\" data-id=\"https:\/\/medicaltravel.at\/tr\/hasta-hikayeleri\/2011-yili-hasta-raporlari\/istanbulda-lasik-goez-ameliyati-deneyim-raporu-02-12-2011-cuma-02-aralik-2011-tarihli-rapor\/\">Sonraki Rapor<\/a><\/p>\n<\/div>\n","protected":false},"excerpt":{"rendered":"<p>SwissLasik Deneyim Raporu \u2013 Pazar, 01 Ocak 2012 Tarihli Rapor G\u00f6zl\u00fcks\u00fcz bir ya\u015fam iste\u011fi ikimizde de uzun zamand\u0131r vard\u0131, ama bir arkada\u015f\u0131m\u0131z Swisslasik deneyimlerini anlatt\u0131\u011f\u0131nda bu konuyu daha ciddiye ald\u0131k. \u00d6nce Swisslasik\u2019in web sitesinden bilgi edindik, sonra da Z\u00fcrich\u2019teki Fespo fuar\u0131nda Bay Karaaga\u00e7li ile tan\u0131\u015ft\u0131k ve kendisinden detayl\u0131 bilgi ald\u0131k. Swisslasik\u2019e ba\u015ftan g\u00fcvenimiz vard\u0131 ve bu y\u00fczden 15 Aral\u0131k 2011 Per\u015fembe g\u00fcn\u00fc \u0130stanbul\u2019a yolculu\u011fumuzu ba\u015flatt\u0131k. U\u00e7u\u015ftan birka\u00e7 g\u00fcn \u00f6nce Swisslasik pasaportumuzu ve e-biletlerimizi ald\u0131k, b\u00f6ylece online check-in sonras\u0131 \u0130stanbul\u2019a sorunsuz u\u00e7abildik. S\u00f6z verildi\u011fi gibi, havaliman\u0131nda bir \u015fof\u00f6r bizi kar\u015f\u0131lad\u0131 ve g\u00fcvenle otele getirdi. Park City Hotel bize k\u00fc\u00e7\u00fck ama temiz bir oda verdi. Personel dost canl\u0131s\u0131 ve yard\u0131mseverdi, kahvalt\u0131 b\u00fcfesinde herkes i\u00e7in bir \u015feyler vard\u0131. Kendimizi g\u00fcvende hissettik ve Taksim\u2019in canl\u0131 semtini y\u00fcr\u00fcyerek rahat\u00e7a ke\u015ffedebildik. Cuma sabah\u0131 \u015fof\u00f6r\u00fcm\u00fcz tam zaman\u0131nda bizi Ac\u0131badem Hastanesi\u2019ne g\u00f6t\u00fcrd\u00fc ve \u0130stanbul\u2019un trafik yo\u011funlu\u011funu ilk kez hissettik. Ac\u0131badem Hastanesi ilk bak\u0131\u015fta \u00e7ok iyi bir izlenim b\u0131rakt\u0131, g\u00fcler y\u00fczle kar\u015f\u0131land\u0131k ve k\u0131sa s\u00fcre sonra bodrum kattaki G\u00f6z B\u00f6l\u00fcm\u00fc\u2019ne y\u00f6nlendirildik. Sabah g\u00f6z lazer operasyonu i\u00e7in biz ve \u0130svi\u00e7re\u2019den bir \u00fc\u00e7\u00fcnc\u00fc ki\u015fi haz\u0131r bulunuyorduk. \u0130lk iki saat i\u00e7inde g\u00f6zlerimizin operasyona uygun olup olmad\u0131\u011f\u0131 \u00e7e\u015fitli testlerle kontrol edildi. Bu testler olduk\u00e7a tela\u015fl\u0131 ve ileti\u015fim eksikli\u011fi i\u00e7inde yap\u0131ld\u0131\u011f\u0131 i\u00e7in bazen odadan odaya biraz \u015fa\u015fk\u0131n \u015fekilde y\u00f6nlendirildik. Testleri yapan asistan olduk\u00e7a stresli g\u00f6r\u00fcn\u00fcyordu ve Almanca \u00e7evirmenimiz s\u00fcre\u00e7 hakk\u0131nda bizi ayr\u0131nt\u0131l\u0131 bilgilendirmeye zaman ay\u0131rmad\u0131. Neyse ki \u00fc\u00e7\u00fcnc\u00fc hasta testleri \u0130svi\u00e7re\u2019de yapm\u0131\u015ft\u0131 ve bize her ad\u0131m\u0131 anlatt\u0131. Bu sayede, asistan g\u00f6z damlalar\u0131n\u0131 vermeden \u00f6nce bizi uyard\u0131\u011f\u0131nda rahatlad\u0131k; damlalar birka\u00e7 saniye boyunca g\u00f6zde \u00e7ok yanma yapt\u0131. Bu testlerden sonra ilk kez doktorumuzla g\u00f6r\u00fc\u015ft\u00fck. \u00c7ok yetkin ve sakin bir izlenim b\u0131rakt\u0131 ve operasyonu \u0130ngilizce olarak anlatt\u0131. Neyse ki ikimiz de Lasik operasyonu i\u00e7in uygunduk. Bir s\u00fcre daha bekledikten sonra, sonunda Daniel ilk olarak operasyon salonuna al\u0131nd\u0131. Ne yaz\u0131k ki sa\u011f g\u00f6z\u00fcnde ciddi komplikasyonlar oldu; burada iki kez vakum uygulanmak zorunda kald\u0131 ve operasyon sonras\u0131 g\u00f6z \u00e7ok yoruldu\u011fu i\u00e7in lens tak\u0131ld\u0131. Karin\u2019in operasyonu ise sorunsuz ge\u00e7ti. Operasyon sonras\u0131 g\u00f6zlerdeki yanma ve ka\u015f\u0131nma \u00e7ok rahats\u0131z ediciydi ve g\u00f6zler s\u00fcrekli ya\u015fard\u0131\u011f\u0131 i\u00e7in a\u00e7am\u0131yorduk. Ancak bize bunun normal bir s\u00fcre\u00e7 oldu\u011fu ve k\u0131sa s\u00fcre sonra ge\u00e7ece\u011fi s\u00f6ylendi. Operasyondan yakla\u015f\u0131k bir saat sonra k\u0131sa bir kontrole girdikten sonra, otelimize d\u00f6nmek i\u00e7in servisimizi bekledik. Ne yaz\u0131k ki servis ancak yar\u0131m saat sonra geldi ve o s\u0131rada ya\u015fad\u0131\u011f\u0131m\u0131z a\u011fr\u0131lar nedeniyle beklemek \u00e7ok rahats\u0131z ediciydi. Ayr\u0131ca otobanda trafik s\u0131k\u0131\u015f\u0131kl\u0131\u011f\u0131 i\u00e7inde bir \u015fof\u00f6r de\u011fi\u015fikli\u011fi oldu ve g\u00f6zlerimiz neredeyse hi\u00e7 g\u00f6remedi\u011fi i\u00e7in bu durum bizi olduk\u00e7a endi\u015felendirdi. Nihayet otelde vard\u0131k ve yataklar\u0131m\u0131za uzan\u0131p yorgunluklar\u0131m\u0131z\u0131 atabildik. Bir saat sonra odadan sipari\u015f verdi\u011fimiz g\u00fczel bir yemek geldi ve kendimizi \u00e7ok daha iyi hissettik. Belirtiler azalm\u0131\u015f, sadece hafif a\u011fr\u0131 kalm\u0131\u015ft\u0131. Bu noktada bile g\u00f6zl\u00fcks\u00fcz \u00e7ok iyi g\u00f6rebiliyorduk ve mutluluk b\u00fcy\u00fck oldu. Ak\u015fam insanlar aras\u0131na \u00e7\u0131kt\u0131k ve sadece hayranl\u0131kla izledik. Cumartesi g\u00fcn\u00fc Ac\u0131badem Hastanesi\u2019nde bir kontrol daha yap\u0131ld\u0131 ve doktorumuzla son bir g\u00f6r\u00fc\u015fme yapt\u0131k. Doktor, Daniel\u2019e sa\u011f g\u00f6z operasyonunda neyin yanl\u0131\u015f gitti\u011fini de a\u00e7\u0131klad\u0131. \u0130svi\u00e7re\u2019de yap\u0131lan sonraki kontroller, ikimiz i\u00e7in de operasyonun ba\u015far\u0131l\u0131 oldu\u011funu ve umar\u0131z uzun s\u00fcre g\u00f6zl\u00fck veya lens kullanmam\u0131z gerekmeyece\u011fini g\u00f6sterdi. Sonu\u00e7 olarak Swisslasik\u2019in organizasyonundan, Bay Karaaga\u00e7li\u2019nin s\u00fcrekli telefonla ula\u015f\u0131labilir olmas\u0131ndan ve otelden \u00e7ok memnunuz. Ac\u0131badem Hastanesi\u2019ndeki ileti\u015fimin ise acilen geli\u015ftirilmesi gerekiyor; b\u00f6ylece hasta ba\u015ftan sona kendini g\u00fcvende hissedebilir. Biz zaten arkada\u015flar\u0131m\u0131za ve tan\u0131d\u0131klar\u0131m\u0131za Swisslasik\u2019i \u00f6nerdik. Bu operasyon sayesinde ya\u015fam kalitemizi b\u00fcy\u00fck \u00f6l\u00e7\u00fcde geri kazand\u0131k ve Swisslasik\u2019e destekleri i\u00e7in te\u015fekk\u00fcr ediyoruz. 20.02.2012, Karin &amp; Daniel N. Sonraki Rapor<\/p>\n","protected":false},"author":4,"featured_media":0,"parent":4771,"menu_order":0,"comment_status":"closed","ping_status":"closed","template":"","meta":{"_joinchat":[],"footnotes":""},"class_list":["post-4790","page","type-page","status-publish","hentry"],"acf":[],"_links":{"self":[{"href":"https:\/\/medicaltravel.at\/tr\/wp-json\/wp\/v2\/pages\/4790","targetHints":{"allow":["GET"]}}],"collection":[{"href":"https:\/\/medicaltravel.at\/tr\/wp-json\/wp\/v2\/pages"}],"about":[{"href":"https:\/\/medicaltravel.at\/tr\/wp-json\/wp\/v2\/types\/page"}],"author":[{"embeddable":true,"href":"https:\/\/medicaltravel.at\/tr\/wp-json\/wp\/v2\/users\/4"}],"replies":[{"embeddable":true,"href":"https:\/\/medicaltravel.at\/tr\/wp-json\/wp\/v2\/comments?post=4790"}],"version-history":[{"count":2,"href":"https:\/\/medicaltravel.at\/tr\/wp-json\/wp\/v2\/pages\/4790\/revisions"}],"predecessor-version":[{"id":5801,"href":"https:\/\/medicaltravel.at\/tr\/wp-json\/wp\/v2\/pages\/4790\/revisions\/5801"}],"up":[{"embeddable":true,"href":"https:\/\/medicaltravel.at\/tr\/wp-json\/wp\/v2\/pages\/4771"}],"wp:attachment":[{"href":"https:\/\/medicaltravel.at\/tr\/wp-json\/wp\/v2\/media?parent=4790"}],"curies":[{"name":"wp","href":"https:\/\/api.w.org\/{rel}","templated":true}]}}