{"id":4788,"date":"2025-09-28T10:01:02","date_gmt":"2025-09-28T09:01:02","guid":{"rendered":"https:\/\/medicaltravel.at\/hasta-hikayeleri\/2011-yili-hasta-raporlari\/istanbulda-lasik-ameliyati-deneyim-raporu-mart-2011-pazartesi-11-nisan-2011-tarihli-rapor\/"},"modified":"2026-01-13T15:54:30","modified_gmt":"2026-01-13T14:54:30","slug":"istanbulda-lasik-ameliyati-deneyim-raporu-mart-2011-pazartesi-11-nisan-2011-tarihli-rapor","status":"publish","type":"page","link":"https:\/\/medicaltravel.at\/tr\/hasta-hikayeleri\/2011-yili-hasta-raporlari\/istanbulda-lasik-ameliyati-deneyim-raporu-mart-2011-pazartesi-11-nisan-2011-tarihli-rapor\/","title":{"rendered":"\u0130stanbul\u2019da LASIK Ameliyat\u0131 Deneyim Raporu, Mart 2011 \u2013 Pazartesi, 11 Nisan 2011 Tarihli Rapor"},"content":{"rendered":"\n<p><strong>\u0130stanbul\u2019da LASIK Ameliyat\u0131 Deneyim Raporu, Mart 2011<\/strong> \u2013 Pazartesi, 11 Nisan 2011 Tarihli Rapor<\/p>\n\n\n\n<p>Son 25 y\u0131ld\u0131r g\u00f6zl\u00fck kullan\u0131yorum ve son 20 y\u0131ld\u0131r kontakt lens tak\u0131yorum. G\u00f6zl\u00fck numaram -5 ve ayr\u0131ca astigmat\u0131m var, yani g\u00f6rme d\u00fczeltme ara\u00e7lar\u0131na ba\u011f\u0131ml\u0131y\u0131m. Son alt\u0131 ayd\u0131r lensleri eskisi kadar rahat kullanam\u0131yorum; g\u00f6zlerim s\u0131k s\u0131k kuruyor, k\u0131zar\u0131yor ve sadece g\u00f6zl\u00fckle y\u00fczmek, \u00e7ocukla oyun oynamak, spor yapmak veya saunaya gitmek olduk\u00e7a zor oluyor.<br><br>Bir i\u015f arkada\u015f\u0131m bana, EyeStar \u0130stanbul\u2019da Swisslasik arac\u0131l\u0131\u011f\u0131yla g\u00f6zlerini lazerle d\u00fczeltti\u011fini ve sonu\u00e7tan \u00e7ok memnun kald\u0131\u011f\u0131n\u0131 anlatt\u0131. Bunun \u00fczerine detayl\u0131 ara\u015ft\u0131rma yapt\u0131m, farkl\u0131 lazer tekniklerini ve \u0130svi\u00e7re\u2019deki g\u00f6z merkezlerinin \u00f6nerilerini kar\u015f\u0131la\u015ft\u0131rd\u0131m. \u0130\u015fin teknik k\u0131sm\u0131nda \u0130svi\u00e7re ile \u0130stanbul aras\u0131nda operasyon a\u00e7\u0131s\u0131ndan fark yok. EyeStar\u2019daki doktor, 20.000\u2019den fazla lazer operasyonu yapm\u0131\u015f, b\u00f6yle bir deneyimi \u0130svi\u00e7re\u2019de hi\u00e7bir g\u00f6z doktoru sunam\u0131yor.<br><br>Tabii ki benim i\u00e7in en belirleyici fakt\u00f6r maliyetti. \u0130svi\u00e7re\u2019de operasyon iki kat pahal\u0131yken, Swisslasik arac\u0131l\u0131\u011f\u0131yla u\u00e7u\u015f, transfer, otel, lazer ve sonras\u0131 kontrol dahil tam paket yar\u0131 fiyat\u0131na al\u0131nabiliyor. \u00dcstelik sa\u011fl\u0131k sigortas\u0131 da g\u00f6zl\u00fck ve lens masraflar\u0131n\u0131 art\u0131k kar\u015f\u0131lam\u0131yor, bu y\u00fczden Swisslasik ile devam etmeye kesin karar verdim.<br><br>Herr Karaaga\u00e7li ile ileti\u015fime ge\u00e7ti\u011fimde sorular\u0131ma \u00e7ok h\u0131zl\u0131 cevap ald\u0131m. Bana uygun bir tarih se\u00e7tim ve t\u00fcm rezervasyon ve haz\u0131rl\u0131k sorunsuz tamamland\u0131. Swisslasik bana \u0130stanbul\u2019daki s\u00fcreci \u00e7ok iyi anlatt\u0131. Seyahatten 10 g\u00fcn \u00f6nce Swiss-Lasik pasaportum t\u00fcm bilgilerle birlikte elime ula\u015ft\u0131.<br><br>\u0130stanbul\u2019da havaalan\u0131nda kar\u015f\u0131land\u0131m ve \u00f6zel ara\u00e7la otele g\u00f6t\u00fcr\u00fcld\u00fcm. \u015eof\u00f6r klinik personeliydi ve Almanca konu\u015fuyordu. Beni klini\u011fe g\u00f6t\u00fcrece\u011fi zaman\u0131 bildirdi. Klinik modern donan\u0131ml\u0131yd\u0131 ve \u0130svi\u00e7re Almancas\u0131 konu\u015fan bir personel taraf\u0131ndan kar\u015f\u0131land\u0131m. \u0130\u015flem ad\u0131m ad\u0131m anlat\u0131ld\u0131 ve doktorun s\u00f6yledikleri \u00e7evrildi; doktor \u00e7ok arkada\u015f canl\u0131s\u0131 ve yetenekliydi. Kendimi \u00e7ok g\u00fcvende hissettim.<br><br>Detayl\u0131 bir \u00f6n muayene yap\u0131ld\u0131 ve iki saat sonra lazer operasyonu randevum vard\u0131. Heyecanl\u0131yd\u0131m ama \u00e7ok iyi y\u00f6nlendirildim. \u0130\u015flem biraz rahats\u0131z ediciydi ama h\u0131zl\u0131 ilerledi. Sonras\u0131nda g\u00f6zlerim \u00e7ok suland\u0131 ve neredeyse a\u00e7amad\u0131m. Biraz dinlendikten sonra g\u00f6zler tekrar kontrol edildi ve g\u00f6z damlas\u0131 ile a\u011fr\u0131 kesici alarak otele d\u00f6nd\u00fcm. T\u00fcm gerginlikten dolay\u0131 ba\u015f\u0131m biraz a\u011fr\u0131yordu, ama k\u0131sa s\u00fcre sonra uyudum ve iki saat sonra uyand\u0131\u011f\u0131mda ba\u015f a\u011fr\u0131m yoktu, g\u00f6zlerim de sulanm\u0131yordu.<br><br>Zaten g\u00f6rmem netle\u015fmi\u015fti ama g\u00f6zlerimin \u00f6n\u00fcnde hala hafif bir pus vard\u0131. Bu y\u00fczden g\u00f6zlerimi bir iki saat daha kapatt\u0131m ve biraz kestirdim. Yakla\u015f\u0131k d\u00f6rt saat sonra g\u00f6zlerim neredeyse tamamen rahatt\u0131. Saat 22 civar\u0131yd\u0131 ve yeni g\u00f6rme hissini test etmek i\u00e7in hemen d\u0131\u015far\u0131 \u00e7\u0131kt\u0131m. G\u00f6zl\u00fcks\u00fcz her \u015feyi net g\u00f6rmek inan\u0131lmazd\u0131.                                Bir saat sonra tekrar yata\u011fa yatt\u0131m. Ertesi sabah her \u015feyi \u00e7ok net ve keskin g\u00f6rd\u00fcm. G\u00fcne\u015f parlad\u0131\u011f\u0131nda bile g\u00f6zlerimde rahats\u0131zl\u0131k olmad\u0131. \u201cYeni\u201d g\u00f6zlerimle zengin kahvalt\u0131n\u0131n tad\u0131n\u0131 \u00e7\u0131kard\u0131m ve ard\u0131ndan kontrole gittim. G\u00f6rmem y\u00fczde 100, her \u015fey sorunsuz ge\u00e7mi\u015fti. Sonras\u0131nda \u0130stanbul\u2019u gezdim. Operasyonu bir saniye bile pi\u015fmanl\u0131k duymadan yapt\u0131m, bu harika bir ya\u015fam hissi.       <\/p>\n\n\n\n<div class=\"wp-block-group is-layout-grid wp-container-core-group-is-layout-baef362d wp-block-group-is-layout-grid\">\n<p><a href=\"https:\/\/medicaltravel.at\/home\/agb\/\" data-type=\"page\" data-id=\"2191\"><\/a><a href=\"https:\/\/medicaltravel.at\/tr\/hasta-hikayeleri\/2011-yili-hasta-raporlari\/goez-lazeri-ameliyati-deneyim-raporu-07-04-2011-cuma-29-nisan-2011-tarihli-rapor\/\" data-type=\"link\" data-id=\"https:\/\/medicaltravel.at\/berichte-von-patienten\/patientenberichte-2011\/erfahrungsbericht-augenlaser-op-vom-07-04-2011-bericht-vom-freitag-29-april-2011\/\">\u00d6nceki Rapor<\/a><\/p>\n\n\n\n<p class=\"has-text-align-right wp-container-content-5e2576f9\"><a href=\"https:\/\/medicaltravel.at\/home\/impressum\/\" data-type=\"page\" data-id=\"2193\"><\/a><a href=\"https:\/\/medicaltravel.at\/home\/berichte-von-patienten\/erfahrungsberichte\/erfahrungsbericht-zahnbehandlung-in-istanbul\/\" data-type=\"page\" data-id=\"981\"><\/a><a href=\"https:\/\/medicaltravel.at\/tr\/hasta-hikayeleri\/2011-yili-hasta-raporlari\/istanbulda-24-subat-2011-tarihli-goez-lazeri-deneyimim-carsamba-23-mart-2011-tarihli-rapor\/\" data-type=\"link\" data-id=\"https:\/\/medicaltravel.at\/tr\/hasta-hikayeleri\/2011-yili-hasta-raporlari\/istanbulda-24-subat-2011-tarihli-goez-lazeri-deneyimim-carsamba-23-mart-2011-tarihli-rapor\/\">Sonraki Rapor<\/a><\/p>\n<\/div>\n","protected":false},"excerpt":{"rendered":"<p>\u0130stanbul\u2019da LASIK Ameliyat\u0131 Deneyim Raporu, Mart 2011 \u2013 Pazartesi, 11 Nisan 2011 Tarihli Rapor Son 25 y\u0131ld\u0131r g\u00f6zl\u00fck kullan\u0131yorum ve son 20 y\u0131ld\u0131r kontakt lens tak\u0131yorum. G\u00f6zl\u00fck numaram -5 ve ayr\u0131ca astigmat\u0131m var, yani g\u00f6rme d\u00fczeltme ara\u00e7lar\u0131na ba\u011f\u0131ml\u0131y\u0131m. Son alt\u0131 ayd\u0131r lensleri eskisi kadar rahat kullanam\u0131yorum; g\u00f6zlerim s\u0131k s\u0131k kuruyor, k\u0131zar\u0131yor ve sadece g\u00f6zl\u00fckle y\u00fczmek, \u00e7ocukla oyun oynamak, spor yapmak veya saunaya gitmek olduk\u00e7a zor oluyor. Bir i\u015f arkada\u015f\u0131m bana, EyeStar \u0130stanbul\u2019da Swisslasik arac\u0131l\u0131\u011f\u0131yla g\u00f6zlerini lazerle d\u00fczeltti\u011fini ve sonu\u00e7tan \u00e7ok memnun kald\u0131\u011f\u0131n\u0131 anlatt\u0131. Bunun \u00fczerine detayl\u0131 ara\u015ft\u0131rma yapt\u0131m, farkl\u0131 lazer tekniklerini ve \u0130svi\u00e7re\u2019deki g\u00f6z merkezlerinin \u00f6nerilerini kar\u015f\u0131la\u015ft\u0131rd\u0131m. \u0130\u015fin teknik k\u0131sm\u0131nda \u0130svi\u00e7re ile \u0130stanbul aras\u0131nda operasyon a\u00e7\u0131s\u0131ndan fark yok. EyeStar\u2019daki doktor, 20.000\u2019den fazla lazer operasyonu yapm\u0131\u015f, b\u00f6yle bir deneyimi \u0130svi\u00e7re\u2019de hi\u00e7bir g\u00f6z doktoru sunam\u0131yor. Tabii ki benim i\u00e7in en belirleyici fakt\u00f6r maliyetti. \u0130svi\u00e7re\u2019de operasyon iki kat pahal\u0131yken, Swisslasik arac\u0131l\u0131\u011f\u0131yla u\u00e7u\u015f, transfer, otel, lazer ve sonras\u0131 kontrol dahil tam paket yar\u0131 fiyat\u0131na al\u0131nabiliyor. \u00dcstelik sa\u011fl\u0131k sigortas\u0131 da g\u00f6zl\u00fck ve lens masraflar\u0131n\u0131 art\u0131k kar\u015f\u0131lam\u0131yor, bu y\u00fczden Swisslasik ile devam etmeye kesin karar verdim. Herr Karaaga\u00e7li ile ileti\u015fime ge\u00e7ti\u011fimde sorular\u0131ma \u00e7ok h\u0131zl\u0131 cevap ald\u0131m. Bana uygun bir tarih se\u00e7tim ve t\u00fcm rezervasyon ve haz\u0131rl\u0131k sorunsuz tamamland\u0131. Swisslasik bana \u0130stanbul\u2019daki s\u00fcreci \u00e7ok iyi anlatt\u0131. Seyahatten 10 g\u00fcn \u00f6nce Swiss-Lasik pasaportum t\u00fcm bilgilerle birlikte elime ula\u015ft\u0131. \u0130stanbul\u2019da havaalan\u0131nda kar\u015f\u0131land\u0131m ve \u00f6zel ara\u00e7la otele g\u00f6t\u00fcr\u00fcld\u00fcm. \u015eof\u00f6r klinik personeliydi ve Almanca konu\u015fuyordu. Beni klini\u011fe g\u00f6t\u00fcrece\u011fi zaman\u0131 bildirdi. Klinik modern donan\u0131ml\u0131yd\u0131 ve \u0130svi\u00e7re Almancas\u0131 konu\u015fan bir personel taraf\u0131ndan kar\u015f\u0131land\u0131m. \u0130\u015flem ad\u0131m ad\u0131m anlat\u0131ld\u0131 ve doktorun s\u00f6yledikleri \u00e7evrildi; doktor \u00e7ok arkada\u015f canl\u0131s\u0131 ve yetenekliydi. Kendimi \u00e7ok g\u00fcvende hissettim. Detayl\u0131 bir \u00f6n muayene yap\u0131ld\u0131 ve iki saat sonra lazer operasyonu randevum vard\u0131. Heyecanl\u0131yd\u0131m ama \u00e7ok iyi y\u00f6nlendirildim. \u0130\u015flem biraz rahats\u0131z ediciydi ama h\u0131zl\u0131 ilerledi. Sonras\u0131nda g\u00f6zlerim \u00e7ok suland\u0131 ve neredeyse a\u00e7amad\u0131m. Biraz dinlendikten sonra g\u00f6zler tekrar kontrol edildi ve g\u00f6z damlas\u0131 ile a\u011fr\u0131 kesici alarak otele d\u00f6nd\u00fcm. T\u00fcm gerginlikten dolay\u0131 ba\u015f\u0131m biraz a\u011fr\u0131yordu, ama k\u0131sa s\u00fcre sonra uyudum ve iki saat sonra uyand\u0131\u011f\u0131mda ba\u015f a\u011fr\u0131m yoktu, g\u00f6zlerim de sulanm\u0131yordu. Zaten g\u00f6rmem netle\u015fmi\u015fti ama g\u00f6zlerimin \u00f6n\u00fcnde hala hafif bir pus vard\u0131. Bu y\u00fczden g\u00f6zlerimi bir iki saat daha kapatt\u0131m ve biraz kestirdim. Yakla\u015f\u0131k d\u00f6rt saat sonra g\u00f6zlerim neredeyse tamamen rahatt\u0131. Saat 22 civar\u0131yd\u0131 ve yeni g\u00f6rme hissini test etmek i\u00e7in hemen d\u0131\u015far\u0131 \u00e7\u0131kt\u0131m. G\u00f6zl\u00fcks\u00fcz her \u015feyi net g\u00f6rmek inan\u0131lmazd\u0131. Bir saat sonra tekrar yata\u011fa yatt\u0131m. Ertesi sabah her \u015feyi \u00e7ok net ve keskin g\u00f6rd\u00fcm. G\u00fcne\u015f parlad\u0131\u011f\u0131nda bile g\u00f6zlerimde rahats\u0131zl\u0131k olmad\u0131. \u201cYeni\u201d g\u00f6zlerimle zengin kahvalt\u0131n\u0131n tad\u0131n\u0131 \u00e7\u0131kard\u0131m ve ard\u0131ndan kontrole gittim. G\u00f6rmem y\u00fczde 100, her \u015fey sorunsuz ge\u00e7mi\u015fti. Sonras\u0131nda \u0130stanbul\u2019u gezdim. Operasyonu bir saniye bile pi\u015fmanl\u0131k duymadan yapt\u0131m, bu harika bir ya\u015fam hissi. \u00d6nceki Rapor Sonraki Rapor<\/p>\n","protected":false},"author":4,"featured_media":0,"parent":4771,"menu_order":0,"comment_status":"closed","ping_status":"closed","template":"","meta":{"_joinchat":[],"footnotes":""},"class_list":["post-4788","page","type-page","status-publish","hentry"],"acf":[],"_links":{"self":[{"href":"https:\/\/medicaltravel.at\/tr\/wp-json\/wp\/v2\/pages\/4788","targetHints":{"allow":["GET"]}}],"collection":[{"href":"https:\/\/medicaltravel.at\/tr\/wp-json\/wp\/v2\/pages"}],"about":[{"href":"https:\/\/medicaltravel.at\/tr\/wp-json\/wp\/v2\/types\/page"}],"author":[{"embeddable":true,"href":"https:\/\/medicaltravel.at\/tr\/wp-json\/wp\/v2\/users\/4"}],"replies":[{"embeddable":true,"href":"https:\/\/medicaltravel.at\/tr\/wp-json\/wp\/v2\/comments?post=4788"}],"version-history":[{"count":2,"href":"https:\/\/medicaltravel.at\/tr\/wp-json\/wp\/v2\/pages\/4788\/revisions"}],"predecessor-version":[{"id":5812,"href":"https:\/\/medicaltravel.at\/tr\/wp-json\/wp\/v2\/pages\/4788\/revisions\/5812"}],"up":[{"embeddable":true,"href":"https:\/\/medicaltravel.at\/tr\/wp-json\/wp\/v2\/pages\/4771"}],"wp:attachment":[{"href":"https:\/\/medicaltravel.at\/tr\/wp-json\/wp\/v2\/media?parent=4788"}],"curies":[{"name":"wp","href":"https:\/\/api.w.org\/{rel}","templated":true}]}}