{"id":4786,"date":"2025-09-28T10:02:39","date_gmt":"2025-09-28T09:02:39","guid":{"rendered":"https:\/\/medicaltravel.at\/hasta-hikayeleri\/2011-yili-hasta-raporlari\/istanbulda-lasik-ameliyati-deneyim-raporu-28-01-2011-cuma-28-ocak-2011-tarihli-rapor\/"},"modified":"2026-01-13T15:55:44","modified_gmt":"2026-01-13T14:55:44","slug":"istanbulda-lasik-ameliyati-deneyim-raporu-28-01-2011-cuma-28-ocak-2011-tarihli-rapor","status":"publish","type":"page","link":"https:\/\/medicaltravel.at\/tr\/hasta-hikayeleri\/2011-yili-hasta-raporlari\/istanbulda-lasik-ameliyati-deneyim-raporu-28-01-2011-cuma-28-ocak-2011-tarihli-rapor\/","title":{"rendered":"\u0130stanbul\u2019da LASIK Ameliyat\u0131 Deneyim Raporu \u2013 28.01.2011 \u2013 Cuma, 28 Ocak 2011 Tarihli Rapor"},"content":{"rendered":"\n<p><strong>\u0130stanbul\u2019da LASIK Ameliyat\u0131 Deneyim Raporu \u2013 28.01.2011<\/strong> \u2013 Cuma, 28 Ocak 2011 Tarihli Rapor<\/p>\n\n<p>Sal\u0131, 15 \u015eubat 2011<br\/>Bir arkada\u015f\u0131m, Nisan 2008\u2019de Swisslasik arac\u0131l\u0131\u011f\u0131yla lazer ameliyat\u0131 olmu\u015f ve bana bundan bahsetmi\u015fti. O zamanlar ben de b\u00f6yle bir operasyonla ilgileniyordum ama kesin karar vermek i\u00e7in zamana ihtiyac\u0131m vard\u0131. 20 y\u0131l\u0131 a\u015fk\u0131n s\u00fcredir kontakt lens kullan\u0131yordum ve genel olarak memnundum. Ancak zamanla lens temizli\u011fi, gece d\u0131\u015far\u0131 \u00e7\u0131karken t\u00fcm malzemeleri yan\u0131na almak, lensleri kaybetme riski, spor yaparken veya y\u00fczme s\u0131ras\u0131nda sorun ya\u015fama ve \u00f6zellikle ak\u015famlar\u0131 kuruluk hissi beni rahats\u0131z etmeye ba\u015flad\u0131. Ayr\u0131ca zamanla okuma sorunu da eklenince g\u00f6z lazeri konusunda daha ciddi \u015fekilde ilgilenmem gerekti.<br\/><br\/>Bu y\u00fczden arkada\u015f\u0131m, internet ve Swisslasik \u00fczerinden bilgi ald\u0131m. \u0130leti\u015fime ge\u00e7tim ve her \u015feyi tekrar detayl\u0131 olarak a\u00e7\u0131klad\u0131lar. Ard\u0131ndan \u0130svi\u00e7re\u2019de ilk \u00f6n muayene yap\u0131ld\u0131 ve Lasik operasyonunun benim i\u00e7in m\u00fcmk\u00fcn oldu\u011fu onayland\u0131. 2011\u2019in ba\u015f\u0131nda Swisslasik arac\u0131l\u0131\u011f\u0131yla operasyon yapt\u0131rmaya karar verdim. Tarih se\u00e7ebildim ve \u0130svi\u00e7re\u2019deki yetkili ile bu tarihte seyahat edip edemeyece\u011fimizi konu\u015ftum.<br\/><br\/>28 Ocak\u2019ta operasyon g\u00fcn\u00fc geldi. \u0130stanbul\u2019a vard\u0131\u011f\u0131m\u0131zda, Almanca konu\u015fan bir \u015fof\u00f6r bizi kar\u015f\u0131lad\u0131 ve otele g\u00f6t\u00fcrd\u00fc. K\u0131sa s\u00fcre sonra \u00f6n muayene i\u00e7in klini\u011fe gittik. \u0130svi\u00e7re Almancas\u0131yla kar\u015f\u0131lanmak beni biraz \u015fa\u015f\u0131rtt\u0131. Bekleme odas\u0131nda \u00f6nce baz\u0131 formlar\u0131 doldurdum, ard\u0131ndan \u00e7e\u015fitli testler yapt\u0131m. Daha sonra doktora gittim ve Lasik operasyonunun benim i\u00e7in sorunsuz yap\u0131labilece\u011fini do\u011frulad\u0131. Operasyon ayn\u0131 ak\u015fam ger\u00e7ekle\u015ftirildi. \u00d6ncesinde biraz yemek yedik, b\u00f6ylece operasyon sonras\u0131 direkt otele d\u00f6nebildik. O g\u00fcn ameliyat edilen son ki\u015fi oldu\u011fum i\u00e7in her \u015fey \u00e7ok h\u0131zl\u0131 ilerledi.<br\/><br\/>\u00d6nce haz\u0131rl\u0131k odas\u0131na gidildi, bana ameliyat \u00f6nl\u00fc\u011f\u00fc ve bone giydirildi. G\u00f6zler y\u0131kand\u0131, dezenfekte edildi ve anestezi damlalar\u0131 verildi. Bir g\u00f6z kapat\u0131ld\u0131. K\u0131sa s\u00fcre sonra ameliyathane. Rahat bir \u015fekilde sedyeye uzand\u0131m, g\u00f6z tekrar dezenfekte edildi ve g\u00f6z kapa\u011f\u0131 sabitleyici yerle\u015ftirildi. Bu, g\u00f6z kapa\u011f\u0131n\u0131n hareket etmesini \u00f6nleyen jel dolu k\u00fc\u00e7\u00fck bir plastik yast\u0131k gibi.<br\/><br\/>T\u00fcm i\u015flem boyunca Almanca destek sa\u011fland\u0131 ve her ad\u0131m a\u00e7\u0131klan\u0131yordu. Doktor, tavana as\u0131l\u0131 ye\u015fil noktaya bakmam\u0131 ve g\u00f6z\u00fcm\u00fc m\u00fcmk\u00fcn oldu\u011funca bu noktada sabitlememi s\u00f6yledi. Ard\u0131ndan kornea kapa\u011f\u0131 kesildi ve a\u00e7\u0131ld\u0131. Sonra as\u0131l lazer i\u015flemi ba\u015flad\u0131. Doktor bir kez daha ye\u015fil noktaya dikkatlice bakmam\u0131 istedi. Lazer sadece birka\u00e7 saniye s\u00fcr\u00fcyor, gerekli d\u00fczeltme miktar\u0131na ba\u011fl\u0131 olarak. \u0130\u015flem s\u0131ras\u0131nda g\u00f6r\u00fc\u015f aniden bulan\u0131kla\u015f\u0131yor ve ye\u015fil \u0131\u015f\u0131k net g\u00f6r\u00fcnm\u00fcyor, ancak m\u00fcmk\u00fcn oldu\u011funca yukar\u0131 bakmaya devam etmek gerekiyor. Ayn\u0131 i\u015flem di\u011fer g\u00f6z i\u00e7in tekrarland\u0131.<br\/><br\/>Tek rahats\u0131z edici \u015fey lazer s\u0131ras\u0131nda \u00e7\u0131kan koku oldu, biraz yan\u0131k gibi kokuyordu. Bunun d\u0131\u015f\u0131nda hi\u00e7 ac\u0131 yoktu! Operasyon yakla\u015f\u0131k 15 dakika s\u00fcrd\u00fc. Ard\u0131ndan k\u0131sa s\u00fcreli dinlenmem i\u00e7in bir odaya g\u00f6t\u00fcr\u00fcld\u00fcm, g\u00f6zlerimi kapal\u0131 tuttum. Sonra tekrar bekleme odas\u0131na d\u00f6n\u00fcp ilk damlalar verildi. Biraz yanma oldu ama sadece birka\u00e7 saniye s\u00fcrd\u00fc. G\u00f6zde yabanc\u0131 cisim hissi vard\u0131, g\u00f6r\u00fc\u015f bulan\u0131kt\u0131 ve biraz \u0131\u015f\u0131\u011fa duyarl\u0131l\u0131k olu\u015ftu.<br\/><br\/>K\u0131sa bir kontrol\u00fcn ard\u0131ndan taburcu edildim ve otele d\u00f6nd\u00fcm. Birka\u00e7 damla ila\u00e7 verildi ve nas\u0131l uygulanaca\u011f\u0131 detayl\u0131 \u015fekilde anlat\u0131ld\u0131. En iyisi sonras\u0131nda g\u00f6zleri kapal\u0131 dinlenmek veya uyumak. \u0130lk iki gece i\u00e7in g\u00f6zler b\u00fcy\u00fck bantlarla kapat\u0131lacak, bu uyurken kazara g\u00f6zleri ovalamay\u0131 \u00f6nl\u00fcyor.<br\/><br\/>Ertesi sabah uyand\u0131\u011f\u0131mda her \u015feyi net g\u00f6rebiliyordum ve \u00e7ok etkilenmi\u015ftim. Kahvalt\u0131 sonras\u0131 tekrar klini\u011fe giderek kontrol yap\u0131ld\u0131. Her \u015fey m\u00fckemmeldi ve \u00f6\u011fleden sonra \u015fehri gezebildim. \u0130lk g\u00fcnler yine dikkatli olmak ve g\u00fcne\u015f g\u00f6zl\u00fc\u011f\u00fc takmak gerekiyor, g\u00f6ze bir \u015fey ka\u00e7mas\u0131n\u0131 \u00f6nlemek i\u00e7in. Ayr\u0131ca bir hafta boyunca damlalar\u0131 d\u00fczenli kullanmak gerekiyor (nemlendirici damlalar bir ay boyunca).<br\/><br\/>Sonu\u00e7 olarak, bu Lasik operasyonunu yapt\u0131rd\u0131\u011f\u0131m i\u00e7in \u00e7ok mutluyum. Her zaman tekrar yapt\u0131r\u0131rd\u0131m ve Swisslasik ile en iyi partneri se\u00e7ti\u011fime inan\u0131yorum (kalite, fiyat\/performans). Destek m\u00fckemmel ve fiyatlar rakipsiz. Ayr\u0131ca \u0130stanbul kesinlikle gezmeye de\u011fer!<\/p>\n\n<div class=\"wp-block-group is-layout-grid wp-container-core-group-is-layout-baef362d wp-block-group-is-layout-grid\">\n<p><a href=\"https:\/\/medicaltravel.at\/home\/agb\/\" data-type=\"page\" data-id=\"2191\"><\/a><a href=\"https:\/\/medicaltravel.at\/tr\/hasta-hikayeleri\/2011-yili-hasta-raporlari\/marcel-kaufmannin-14-ocak-2011-tarihli-lasik-goez-ameliyati-deneyim-raporu-carsamba-16-subat-2011-tarihli-rapor\/\" data-type=\"link\" data-id=\"https:\/\/medicaltravel.at\/berichte-von-patienten\/patientenberichte-2011\/erfahrungsbericht-der-lasik-augen-op-vom-14-januar-2011-von-marcel-kaufmann-bericht-vom-mittwoch-16-februar-2011\/\">\u00d6nceki Rapor<\/a><\/p>\n\n\n\n<p class=\"has-text-align-right wp-container-content-5e2576f9\"><\/p>\n<\/div>\n\n<p><\/p>\n","protected":false},"excerpt":{"rendered":"<p>\u0130stanbul\u2019da LASIK Ameliyat\u0131 Deneyim Raporu \u2013 28.01.2011 \u2013 Cuma, 28 Ocak 2011 Tarihli Rapor Sal\u0131, 15 \u015eubat 2011Bir arkada\u015f\u0131m, Nisan 2008\u2019de Swisslasik arac\u0131l\u0131\u011f\u0131yla lazer ameliyat\u0131 olmu\u015f ve bana bundan bahsetmi\u015fti. O zamanlar ben de b\u00f6yle bir operasyonla ilgileniyordum ama kesin karar vermek i\u00e7in zamana ihtiyac\u0131m vard\u0131. 20 y\u0131l\u0131 a\u015fk\u0131n s\u00fcredir kontakt lens kullan\u0131yordum ve genel olarak memnundum. Ancak zamanla lens temizli\u011fi, gece d\u0131\u015far\u0131 \u00e7\u0131karken t\u00fcm malzemeleri yan\u0131na almak, lensleri kaybetme riski, spor yaparken veya y\u00fczme s\u0131ras\u0131nda sorun ya\u015fama ve \u00f6zellikle ak\u015famlar\u0131 kuruluk hissi beni rahats\u0131z etmeye ba\u015flad\u0131. Ayr\u0131ca zamanla okuma sorunu da eklenince g\u00f6z lazeri konusunda daha ciddi \u015fekilde ilgilenmem gerekti. Bu y\u00fczden arkada\u015f\u0131m, internet ve Swisslasik \u00fczerinden bilgi ald\u0131m. \u0130leti\u015fime ge\u00e7tim ve her \u015feyi tekrar detayl\u0131 olarak a\u00e7\u0131klad\u0131lar. Ard\u0131ndan \u0130svi\u00e7re\u2019de ilk \u00f6n muayene yap\u0131ld\u0131 ve Lasik operasyonunun benim i\u00e7in m\u00fcmk\u00fcn oldu\u011fu onayland\u0131. 2011\u2019in ba\u015f\u0131nda Swisslasik arac\u0131l\u0131\u011f\u0131yla operasyon yapt\u0131rmaya karar verdim. Tarih se\u00e7ebildim ve \u0130svi\u00e7re\u2019deki yetkili ile bu tarihte seyahat edip edemeyece\u011fimizi konu\u015ftum. 28 Ocak\u2019ta operasyon g\u00fcn\u00fc geldi. \u0130stanbul\u2019a vard\u0131\u011f\u0131m\u0131zda, Almanca konu\u015fan bir \u015fof\u00f6r bizi kar\u015f\u0131lad\u0131 ve otele g\u00f6t\u00fcrd\u00fc. K\u0131sa s\u00fcre sonra \u00f6n muayene i\u00e7in klini\u011fe gittik. \u0130svi\u00e7re Almancas\u0131yla kar\u015f\u0131lanmak beni biraz \u015fa\u015f\u0131rtt\u0131. Bekleme odas\u0131nda \u00f6nce baz\u0131 formlar\u0131 doldurdum, ard\u0131ndan \u00e7e\u015fitli testler yapt\u0131m. Daha sonra doktora gittim ve Lasik operasyonunun benim i\u00e7in sorunsuz yap\u0131labilece\u011fini do\u011frulad\u0131. Operasyon ayn\u0131 ak\u015fam ger\u00e7ekle\u015ftirildi. \u00d6ncesinde biraz yemek yedik, b\u00f6ylece operasyon sonras\u0131 direkt otele d\u00f6nebildik. O g\u00fcn ameliyat edilen son ki\u015fi oldu\u011fum i\u00e7in her \u015fey \u00e7ok h\u0131zl\u0131 ilerledi. \u00d6nce haz\u0131rl\u0131k odas\u0131na gidildi, bana ameliyat \u00f6nl\u00fc\u011f\u00fc ve bone giydirildi. G\u00f6zler y\u0131kand\u0131, dezenfekte edildi ve anestezi damlalar\u0131 verildi. Bir g\u00f6z kapat\u0131ld\u0131. K\u0131sa s\u00fcre sonra ameliyathane. Rahat bir \u015fekilde sedyeye uzand\u0131m, g\u00f6z tekrar dezenfekte edildi ve g\u00f6z kapa\u011f\u0131 sabitleyici yerle\u015ftirildi. Bu, g\u00f6z kapa\u011f\u0131n\u0131n hareket etmesini \u00f6nleyen jel dolu k\u00fc\u00e7\u00fck bir plastik yast\u0131k gibi. T\u00fcm i\u015flem boyunca Almanca destek sa\u011fland\u0131 ve her ad\u0131m a\u00e7\u0131klan\u0131yordu. Doktor, tavana as\u0131l\u0131 ye\u015fil noktaya bakmam\u0131 ve g\u00f6z\u00fcm\u00fc m\u00fcmk\u00fcn oldu\u011funca bu noktada sabitlememi s\u00f6yledi. Ard\u0131ndan kornea kapa\u011f\u0131 kesildi ve a\u00e7\u0131ld\u0131. Sonra as\u0131l lazer i\u015flemi ba\u015flad\u0131. Doktor bir kez daha ye\u015fil noktaya dikkatlice bakmam\u0131 istedi. Lazer sadece birka\u00e7 saniye s\u00fcr\u00fcyor, gerekli d\u00fczeltme miktar\u0131na ba\u011fl\u0131 olarak. \u0130\u015flem s\u0131ras\u0131nda g\u00f6r\u00fc\u015f aniden bulan\u0131kla\u015f\u0131yor ve ye\u015fil \u0131\u015f\u0131k net g\u00f6r\u00fcnm\u00fcyor, ancak m\u00fcmk\u00fcn oldu\u011funca yukar\u0131 bakmaya devam etmek gerekiyor. Ayn\u0131 i\u015flem di\u011fer g\u00f6z i\u00e7in tekrarland\u0131. Tek rahats\u0131z edici \u015fey lazer s\u0131ras\u0131nda \u00e7\u0131kan koku oldu, biraz yan\u0131k gibi kokuyordu. Bunun d\u0131\u015f\u0131nda hi\u00e7 ac\u0131 yoktu! Operasyon yakla\u015f\u0131k 15 dakika s\u00fcrd\u00fc. Ard\u0131ndan k\u0131sa s\u00fcreli dinlenmem i\u00e7in bir odaya g\u00f6t\u00fcr\u00fcld\u00fcm, g\u00f6zlerimi kapal\u0131 tuttum. Sonra tekrar bekleme odas\u0131na d\u00f6n\u00fcp ilk damlalar verildi. Biraz yanma oldu ama sadece birka\u00e7 saniye s\u00fcrd\u00fc. G\u00f6zde yabanc\u0131 cisim hissi vard\u0131, g\u00f6r\u00fc\u015f bulan\u0131kt\u0131 ve biraz \u0131\u015f\u0131\u011fa duyarl\u0131l\u0131k olu\u015ftu. K\u0131sa bir kontrol\u00fcn ard\u0131ndan taburcu edildim ve otele d\u00f6nd\u00fcm. Birka\u00e7 damla ila\u00e7 verildi ve nas\u0131l uygulanaca\u011f\u0131 detayl\u0131 \u015fekilde anlat\u0131ld\u0131. En iyisi sonras\u0131nda g\u00f6zleri kapal\u0131 dinlenmek veya uyumak. \u0130lk iki gece i\u00e7in g\u00f6zler b\u00fcy\u00fck bantlarla kapat\u0131lacak, bu uyurken kazara g\u00f6zleri ovalamay\u0131 \u00f6nl\u00fcyor. Ertesi sabah uyand\u0131\u011f\u0131mda her \u015feyi net g\u00f6rebiliyordum ve \u00e7ok etkilenmi\u015ftim. Kahvalt\u0131 sonras\u0131 tekrar klini\u011fe giderek kontrol yap\u0131ld\u0131. Her \u015fey m\u00fckemmeldi ve \u00f6\u011fleden sonra \u015fehri gezebildim. \u0130lk g\u00fcnler yine dikkatli olmak ve g\u00fcne\u015f g\u00f6zl\u00fc\u011f\u00fc takmak gerekiyor, g\u00f6ze bir \u015fey ka\u00e7mas\u0131n\u0131 \u00f6nlemek i\u00e7in. Ayr\u0131ca bir hafta boyunca damlalar\u0131 d\u00fczenli kullanmak gerekiyor (nemlendirici damlalar bir ay boyunca). Sonu\u00e7 olarak, bu Lasik operasyonunu yapt\u0131rd\u0131\u011f\u0131m i\u00e7in \u00e7ok mutluyum. Her zaman tekrar yapt\u0131r\u0131rd\u0131m ve Swisslasik ile en iyi partneri se\u00e7ti\u011fime inan\u0131yorum (kalite, fiyat\/performans). Destek m\u00fckemmel ve fiyatlar rakipsiz. Ayr\u0131ca \u0130stanbul kesinlikle gezmeye de\u011fer! \u00d6nceki Rapor<\/p>\n","protected":false},"author":4,"featured_media":0,"parent":4771,"menu_order":0,"comment_status":"closed","ping_status":"closed","template":"","meta":{"_joinchat":[],"footnotes":""},"class_list":["post-4786","page","type-page","status-publish","hentry"],"acf":[],"_links":{"self":[{"href":"https:\/\/medicaltravel.at\/tr\/wp-json\/wp\/v2\/pages\/4786","targetHints":{"allow":["GET"]}}],"collection":[{"href":"https:\/\/medicaltravel.at\/tr\/wp-json\/wp\/v2\/pages"}],"about":[{"href":"https:\/\/medicaltravel.at\/tr\/wp-json\/wp\/v2\/types\/page"}],"author":[{"embeddable":true,"href":"https:\/\/medicaltravel.at\/tr\/wp-json\/wp\/v2\/users\/4"}],"replies":[{"embeddable":true,"href":"https:\/\/medicaltravel.at\/tr\/wp-json\/wp\/v2\/comments?post=4786"}],"version-history":[{"count":1,"href":"https:\/\/medicaltravel.at\/tr\/wp-json\/wp\/v2\/pages\/4786\/revisions"}],"predecessor-version":[{"id":4787,"href":"https:\/\/medicaltravel.at\/tr\/wp-json\/wp\/v2\/pages\/4786\/revisions\/4787"}],"up":[{"embeddable":true,"href":"https:\/\/medicaltravel.at\/tr\/wp-json\/wp\/v2\/pages\/4771"}],"wp:attachment":[{"href":"https:\/\/medicaltravel.at\/tr\/wp-json\/wp\/v2\/media?parent=4786"}],"curies":[{"name":"wp","href":"https:\/\/api.w.org\/{rel}","templated":true}]}}