{"id":4784,"date":"2025-09-28T10:02:08","date_gmt":"2025-09-28T09:02:08","guid":{"rendered":"https:\/\/medicaltravel.at\/hasta-hikayeleri\/2011-yili-hasta-raporlari\/marcel-kaufmannin-14-ocak-2011-tarihli-lasik-goez-ameliyati-deneyim-raporu-carsamba-16-subat-2011-tarihli-rapor\/"},"modified":"2026-01-13T15:55:17","modified_gmt":"2026-01-13T14:55:17","slug":"marcel-kaufmannin-14-ocak-2011-tarihli-lasik-goez-ameliyati-deneyim-raporu-carsamba-16-subat-2011-tarihli-rapor","status":"publish","type":"page","link":"https:\/\/medicaltravel.at\/tr\/hasta-hikayeleri\/2011-yili-hasta-raporlari\/marcel-kaufmannin-14-ocak-2011-tarihli-lasik-goez-ameliyati-deneyim-raporu-carsamba-16-subat-2011-tarihli-rapor\/","title":{"rendered":"Marcel Kaufmann\u2019in 14 Ocak 2011 Tarihli LASIK G\u00f6z Ameliyat\u0131 Deneyim Raporu \u2013 \u00c7ar\u015famba, 16 \u015eubat 2011 Tarihli Rapor"},"content":{"rendered":"\n<p><strong>Marcel Kaufmann\u2019in 14 Ocak 2011 Tarihli LASIK G\u00f6z Ameliyat\u0131 Deneyim Raporu <\/strong>\u2013 \u00c7ar\u015famba, 16 \u015eubat 2011 Tarihli Rapor<\/p>\n\n\n\n<p>Yakla\u015f\u0131k 7 ya\u015f\u0131ndan beri neredeyse s\u00fcrekli olarak g\u00f6rme d\u00fczeltici takmak zorundayd\u0131m, 12 ya\u015f\u0131ndan itibaren ise g\u00f6zl\u00fcks\u00fcz hi\u00e7 bir \u015fekilde olmuyordu. Camlar bu\u011fuland\u0131\u011f\u0131nda veya kirlenince s\u00fcrekli can\u0131m\u0131 s\u0131k\u0131yordu, kontakt lensler ise her zaman rahats\u0131z edici veya kullan\u0131m\u0131 zahmetliydi. Bunun d\u0131\u015f\u0131nda da miyopluk ve kornea astigmatizmim nedeniyle \u00e7e\u015fitli s\u0131k\u0131nt\u0131lar ya\u015f\u0131yordum.<br><br>Zamanla miyopluk yakla\u015f\u0131k 5 diyoptriye, kornea astigmatizmi ise 3,5 diyoptriye ula\u015fm\u0131\u015ft\u0131 ve bu hi\u00e7 az bir de\u011fer de\u011fildi. \u00d6yle bir noktaya gelmi\u015ftim ki, ak\u015fam g\u00f6zl\u00fc\u011f\u00fcm\u00fc nereye koydu\u011fumu tam hat\u0131rlamazsam sabah onu bulmak i\u00e7in aramak zorunda kal\u0131yordum.<br><br>Neyse ki son y\u0131llarda t\u0131p \u00e7ok ilerledi ve art\u0131k lazerle g\u00f6zleri d\u00fczeltmek m\u00fcmk\u00fcn hale geldi. 12 y\u0131l \u00f6nce karde\u015fim Almanya\u2019da g\u00f6zlerini lazerle tedavi ettirmi\u015fti ve h\u00e2l\u00e2 memnun. O zamandan beri benim de hep hayalim oldu g\u00f6zl\u00fck ve lensleri tamamen b\u0131rakmak, ama finansal ve ailevi sebeplerle hep ertelendi. \u0130svi\u00e7re\u2019de normal bir operasyon h\u00e2l\u00e2 6.000 \u2013 9.000 CHF civar\u0131nda ve \u00e7o\u011fu zaman sa\u011fl\u0131k sigortas\u0131 bunu kar\u015f\u0131lam\u0131yor.<br><br>Yakla\u015f\u0131k bir y\u0131l \u00f6nce k\u0131z karde\u015fim de Swisslasik arac\u0131l\u0131\u011f\u0131yla \u0130stanbul\u2019da ameliyat olmu\u015ftu ve bana sadece olumlu \u015feyler anlatt\u0131. Fiyat\u0131n\u0131 sordu\u011fumda karar vermem birka\u00e7 dakikay\u0131 ald\u0131 \u2013 sonunda ben de yapt\u0131rmaya karar verdim.<br>Birka\u00e7 g\u00fcn boyunca web sitesinde detayl\u0131 bilgiler okudum, prosed\u00fcr\u00fc iyice inceledim ve yeni bilgilerle kendimi haz\u0131r hissettim. Bir Cuma g\u00fcn\u00fc Swisslasik\u2019e ilk e-postay\u0131 g\u00f6nderip uygun tarihleri sordum ve k\u0131sa s\u00fcre sonra birka\u00e7 g\u00fcn i\u00e7inde uygun tarihler geldi. Birka\u00e7 e-posta al\u0131\u015fveri\u015finden sonra her \u015fey netle\u015fti, \u00f6demeyi online yapt\u0131m ve \u00e7\u0131k\u0131\u015f tarihim bir sonraki Per\u015fembe olarak belirlendi.<br><br>\u00d6n muayene yapt\u0131rmad\u0131m \u00e7\u00fcnk\u00fc karde\u015flerimde ba\u015far\u0131l\u0131 oldu\u011funu g\u00f6r\u00fcnce bunun da sorunsuz olaca\u011f\u0131n\u0131 d\u00fc\u015f\u00fcnd\u00fcm. Belki de bu y\u00fczden baz\u0131 zorluklar ya\u015fad\u0131m, ileride g\u00f6rece\u011fim. Sadece standart paketi tercih ettim ki bu da iyi bir karar oldu.<br><br>Belirlenen Per\u015fembe g\u00fcn\u00fc trenle havaalan\u0131na gittim (sonra g\u00f6rebilecek miyim bilinmez), kimli\u011fimle \u00f6nceden al\u0131nm\u0131\u015f biletimi ald\u0131m ve T\u00fcrkiye\u2019ye do\u011fru yola \u00e7\u0131kt\u0131m. \u0130stanbul\u2019a vard\u0131\u011f\u0131mda, beni alacak servis biraz gecikti \u00e7\u00fcnk\u00fc bir \u00f6nceki saat inen u\u00e7aktaki yolcular\u0131 al\u0131yordu. K\u0131sa s\u00fcre sonra servis geldi ve g\u00fcvenle otele ula\u015ft\u0131m.<br><br>Ak\u015fam biraz \u015fehir turu yapt\u0131m (hala g\u00f6zl\u00fckle), ak\u015fam yeme\u011fi yedim ve \u00e7e\u015fitli sat\u0131\u015f g\u00f6revlilerinin cana yak\u0131n ama biraz \u0131srarc\u0131 tav\u0131rlar\u0131na al\u0131\u015ft\u0131m.<br><br>Cuma sabah\u0131 kahvalt\u0131dan sonra klinik g\u00f6revlisi beni ald\u0131 ve t\u00fcm hastalar topland\u0131ktan k\u0131sa bir s\u00fcre sonra klini\u011fe ula\u015ft\u0131k. Sabah saatleri beklemek, muayeneler, hesaplamalar ve doktorla g\u00f6r\u00fc\u015fmelerle ge\u00e7ti.                      Sonunda, g\u00f6z doktoru bana korneam\u0131n tam d\u00fczeltme yapmak i\u00e7in biraz ince oldu\u011funu s\u00f6yledi. Tahminen 0,5 diyoptri kadar bir astigmatizma kalaca\u011f\u0131 belirtildi. Biraz \u015fa\u015f\u0131rd\u0131m ama benim i\u00e7in as\u0131l motto zaten \u015fuydu: \u00d6nemli olan \u00f6nceye g\u00f6re daha iyi g\u00f6rmek. G\u00f6zl\u00fc\u011fe daha sonra ne zaman ihtiya\u00e7 duyaca\u011f\u0131m ise birka\u00e7 ay ya da y\u0131llar sonra belli olurdu.<br>Ayr\u0131ca, standart paketi se\u00e7mi\u015f olmam\u0131n iyi bir karar oldu\u011fu da do\u011fruland\u0131; \u00e7\u00fcnk\u00fc muhtemelen ileride ba\u015fka bir operasyon yapmak pek m\u00fcmk\u00fcn olmayacakt\u0131. Bu muayenelerin ard\u0131ndan \u00f6\u011fle yeme\u011fiyle biraz enerji toplad\u0131k, \u00e7\u00fcnk\u00fc a\u00e7 karna ameliyata gitmemek gerekiyordu.<br><br>\u00d6\u011fleden sonra herkes tekrar klini\u011fe geldi. Birka\u00e7 damla yan\u0131c\u0131 g\u00f6z damlas\u0131 damlat\u0131ld\u0131 (bu arada tek ger\u00e7ekten ac\u0131 veren \u015fey buydu), ard\u0131ndan bir kat yukar\u0131 \u00e7\u0131kar\u0131ld\u0131k ve art\u0131k operasyon i\u00e7in zihinsel olarak haz\u0131rlanabildik.<br>Operasyon salonuna girdi\u011fimde, son \u201chasta\u201dy\u0131 pencereden g\u00f6rebildim; ama ba\u011f\u0131rma ya da benzeri bir ses duymad\u0131m, demek ki \u00e7ok korkulacak bir \u015fey yoktu. Y\u00fcz\u00fcm\u00fc y\u0131kad\u0131m, ba\u015fl\u0131k takt\u0131m ve operasyon i\u00e7in haz\u0131rd\u0131m.<br>Operasyon i\u00e7in \u00e7a\u011fr\u0131ld\u0131m, masaya uzand\u0131m ve bir g\u00f6z\u00fcm kapat\u0131ld\u0131, film tekrar a\u00e7\u0131ld\u0131 ve g\u00f6z\u00fcm\u00fc a\u00e7\u0131k tutacak halka yerle\u015ftirildi. Art\u0131k s\u00fcrekli yan\u0131p s\u00f6nen ye\u015fil noktaya bakmak gerekiyordu. Ayr\u0131ca hala k\u0131rm\u0131z\u0131 noktalarla \u00f6r\u00fcl\u00fc bir a\u011f g\u00f6r\u00fcn\u00fcyordu; san\u0131r\u0131m bunlar operasyon s\u0131ras\u0131nda g\u00f6z\u00fcn \u00f6l\u00e7\u00fcm\u00fc i\u00e7in gerekiyordu.<br><br>\u0130lk olarak korneada kesi yap\u0131ld\u0131, dikey ve yan bas\u0131n\u00e7 biraz rahats\u0131z ediciydi ama g\u00f6zler uyu\u015fturuldu\u011fu i\u00e7in ciddi bir ac\u0131 yoktu. Kesi a\u00e7\u0131ld\u0131ktan sonra lazer devreye girdi ve birka\u00e7 saniye i\u00e7inde nokta nokta ilerleyerek fazla korneay\u0131 yok etti. Ard\u0131ndan g\u00f6z y\u0131kand\u0131, flap tekrar kapat\u0131ld\u0131 ve hafif\u00e7e bast\u0131r\u0131ld\u0131. Art\u0131k her \u015feyi eskisinden \u00e7ok daha net g\u00f6r\u00fcyordum.<br>Ayn\u0131 i\u015flem di\u011fer g\u00f6z i\u00e7in de yap\u0131ld\u0131 ve yakla\u015f\u0131k 15 dakika sonra kendi ayaklar\u0131m \u00fczerinde dinlenme odas\u0131na gittim, g\u00f6zler biraz toparlan\u0131yordu. K\u0131sa s\u00fcre sonra klini\u011fin genel alan\u0131na ge\u00e7tik ve art\u0131k TV programlar\u0131n\u0131n altyaz\u0131lar\u0131n\u0131 okuyabiliyordum.<br><br>\u0130lk kontrol ve doktorla g\u00f6r\u00fc\u015fmenin ard\u0131ndan direkt otele gittik, odada ak\u015fam yeme\u011fi servis edildi. Sonra biraz uyumaya \u00e7al\u0131\u015ft\u0131m, g\u00f6z damlalar\u0131n\u0131 d\u00fczenli kulland\u0131m ve yakla\u015f\u0131k 6 saat sonra ac\u0131 neredeyse tamamen ge\u00e7ti.<br>Ertesi g\u00fcn bir kontrol daha yap\u0131ld\u0131, beklenmedik bir durum \u00e7\u0131kmad\u0131. B\u00f6ylece klinikten tamamen ayr\u0131ld\u0131m ve \u0130stanbul\u2019da dola\u015farak yeni g\u00f6r\u00fc\u015f\u00fcm\u00fcn tad\u0131n\u0131 \u00e7\u0131kard\u0131m. Pazar g\u00fcn\u00fc \u0130svi\u00e7re\u2019ye d\u00f6n\u00fc\u015f vard\u0131, her zamanki gibi sorunsuz ge\u00e7ti.<br><br>Art\u0131k 42 ya\u015f\u0131nda g\u00f6zl\u00fc\u011f\u00fcm\u00fc tamamen b\u0131rakm\u0131\u015f bulunuyorum ve her g\u00fcn\u00fc tad\u0131n\u0131 \u00e7\u0131kararak ya\u015f\u0131yorum, her ne kadar g\u00f6r\u00fc\u015f her zaman m\u00fckemmel olmasa da.                        Bir s\u00fcre daha \u00e7e\u015fitli g\u00f6z damlalar\u0131n\u0131 kullanmak gerekiyor ve baz\u0131 \u015feyleri hen\u00fcz yapmamak gerekiyor. Ameliyattan sonraki ilk hafta \u00e7ok yorucuydu, \u00f6zellikle bilgisayarda \u00e7al\u0131\u015fmak veya yak\u0131ndaki k\u00fc\u00e7\u00fck \u015feyleri g\u00f6rmek g\u00f6zleri \u00e7ok yordu. Cuma g\u00fcn\u00fc tamamen bitmi\u015ftim. Ama genel olarak her \u015fey iyi, ekran ba\u015f\u0131nda biraz yoruldu\u011fumda pencereye bak\u0131p g\u00f6zlerimi dinlendirebiliyorum.<br><br>Ayr\u0131ca araba ve motosiklet kullanmak da \u00e7ok rahat, gece s\u00fcr\u00fc\u015flerinde eskisi kadar g\u00f6zlerimi kama\u015ft\u0131rm\u0131yor. \u015eimdi muhtemelen ehliyetimdeki \u201cG\u00f6zl\u00fck veya kontak lens takmal\u0131\u201d kayd\u0131n\u0131 sildirmem gerekiyor ya da bunu ya\u015f gere\u011fi tekrar ihtiya\u00e7 olana kadar bekleyebilirim.<br><br>Sonu\u00e7 olarak: Bunu \u00e7ok daha \u00f6nce yapt\u0131rmal\u0131yd\u0131m, g\u00f6zl\u00fcks\u00fcz ge\u00e7en her g\u00fcn artan ya\u015fam kalitesi sayesinde daha de\u011ferli ve s\u00fcrekli olarak net g\u00f6r\u00fc\u015f\u00fcn keyfini \u00e7\u0131kar\u0131yorum. Swisslasik\u2019in deste\u011fini kesinlikle tavsiye ederim, hem uygun hem de \u00e7ok profesyonel. Ayr\u0131ca her zaman Almanca destek sa\u011flanmas\u0131na dikkat edilmi\u015fti; transferlerde, otelde veya klinikte her zaman Almanca bilen en az bir ki\u015fi vard\u0131.       <\/p>\n\n\n\n<div class=\"wp-block-group is-layout-grid wp-container-core-group-is-layout-baef362d wp-block-group-is-layout-grid\">\n<p><a href=\"https:\/\/medicaltravel.at\/home\/agb\/\" data-type=\"page\" data-id=\"2191\"><\/a><a href=\"https:\/\/medicaltravel.at\/tr\/hasta-hikayeleri\/2011-yili-hasta-raporlari\/istanbulda-24-subat-2011-tarihli-goez-lazeri-deneyimim-carsamba-23-mart-2011-tarihli-rapor\/\" data-type=\"link\" data-id=\"https:\/\/medicaltravel.at\/tr\/hasta-hikayeleri\/2011-yili-hasta-raporlari\/istanbulda-24-subat-2011-tarihli-goez-lazeri-deneyimim-carsamba-23-mart-2011-tarihli-rapor\/\">\u00d6nceki Rapor<\/a><\/p>\n\n\n\n<p class=\"has-text-align-right wp-container-content-5e2576f9\"><a href=\"https:\/\/medicaltravel.at\/home\/impressum\/\" data-type=\"page\" data-id=\"2193\"><\/a><a href=\"https:\/\/medicaltravel.at\/home\/berichte-von-patienten\/erfahrungsberichte\/erfahrungsbericht-zahnbehandlung-in-istanbul\/\" data-type=\"page\" data-id=\"981\"><\/a><a href=\"https:\/\/medicaltravel.at\/tr\/hasta-hikayeleri\/2011-yili-hasta-raporlari\/istanbulda-lasik-ameliyati-deneyim-raporu-28-01-2011-cuma-28-ocak-2011-tarihli-rapor\/\" data-type=\"link\" data-id=\"https:\/\/medicaltravel.at\/tr\/hasta-hikayeleri\/2011-yili-hasta-raporlari\/istanbulda-lasik-ameliyati-deneyim-raporu-28-01-2011-cuma-28-ocak-2011-tarihli-rapor\/\">Sonraki Rapor<\/a><\/p>\n<\/div>\n","protected":false},"excerpt":{"rendered":"<p>Marcel Kaufmann\u2019in 14 Ocak 2011 Tarihli LASIK G\u00f6z Ameliyat\u0131 Deneyim Raporu \u2013 \u00c7ar\u015famba, 16 \u015eubat 2011 Tarihli Rapor Yakla\u015f\u0131k 7 ya\u015f\u0131ndan beri neredeyse s\u00fcrekli olarak g\u00f6rme d\u00fczeltici takmak zorundayd\u0131m, 12 ya\u015f\u0131ndan itibaren ise g\u00f6zl\u00fcks\u00fcz hi\u00e7 bir \u015fekilde olmuyordu. Camlar bu\u011fuland\u0131\u011f\u0131nda veya kirlenince s\u00fcrekli can\u0131m\u0131 s\u0131k\u0131yordu, kontakt lensler ise her zaman rahats\u0131z edici veya kullan\u0131m\u0131 zahmetliydi. Bunun d\u0131\u015f\u0131nda da miyopluk ve kornea astigmatizmim nedeniyle \u00e7e\u015fitli s\u0131k\u0131nt\u0131lar ya\u015f\u0131yordum. Zamanla miyopluk yakla\u015f\u0131k 5 diyoptriye, kornea astigmatizmi ise 3,5 diyoptriye ula\u015fm\u0131\u015ft\u0131 ve bu hi\u00e7 az bir de\u011fer de\u011fildi. \u00d6yle bir noktaya gelmi\u015ftim ki, ak\u015fam g\u00f6zl\u00fc\u011f\u00fcm\u00fc nereye koydu\u011fumu tam hat\u0131rlamazsam sabah onu bulmak i\u00e7in aramak zorunda kal\u0131yordum. Neyse ki son y\u0131llarda t\u0131p \u00e7ok ilerledi ve art\u0131k lazerle g\u00f6zleri d\u00fczeltmek m\u00fcmk\u00fcn hale geldi. 12 y\u0131l \u00f6nce karde\u015fim Almanya\u2019da g\u00f6zlerini lazerle tedavi ettirmi\u015fti ve h\u00e2l\u00e2 memnun. O zamandan beri benim de hep hayalim oldu g\u00f6zl\u00fck ve lensleri tamamen b\u0131rakmak, ama finansal ve ailevi sebeplerle hep ertelendi. \u0130svi\u00e7re\u2019de normal bir operasyon h\u00e2l\u00e2 6.000 \u2013 9.000 CHF civar\u0131nda ve \u00e7o\u011fu zaman sa\u011fl\u0131k sigortas\u0131 bunu kar\u015f\u0131lam\u0131yor. Yakla\u015f\u0131k bir y\u0131l \u00f6nce k\u0131z karde\u015fim de Swisslasik arac\u0131l\u0131\u011f\u0131yla \u0130stanbul\u2019da ameliyat olmu\u015ftu ve bana sadece olumlu \u015feyler anlatt\u0131. Fiyat\u0131n\u0131 sordu\u011fumda karar vermem birka\u00e7 dakikay\u0131 ald\u0131 \u2013 sonunda ben de yapt\u0131rmaya karar verdim.Birka\u00e7 g\u00fcn boyunca web sitesinde detayl\u0131 bilgiler okudum, prosed\u00fcr\u00fc iyice inceledim ve yeni bilgilerle kendimi haz\u0131r hissettim. Bir Cuma g\u00fcn\u00fc Swisslasik\u2019e ilk e-postay\u0131 g\u00f6nderip uygun tarihleri sordum ve k\u0131sa s\u00fcre sonra birka\u00e7 g\u00fcn i\u00e7inde uygun tarihler geldi. Birka\u00e7 e-posta al\u0131\u015fveri\u015finden sonra her \u015fey netle\u015fti, \u00f6demeyi online yapt\u0131m ve \u00e7\u0131k\u0131\u015f tarihim bir sonraki Per\u015fembe olarak belirlendi. \u00d6n muayene yapt\u0131rmad\u0131m \u00e7\u00fcnk\u00fc karde\u015flerimde ba\u015far\u0131l\u0131 oldu\u011funu g\u00f6r\u00fcnce bunun da sorunsuz olaca\u011f\u0131n\u0131 d\u00fc\u015f\u00fcnd\u00fcm. Belki de bu y\u00fczden baz\u0131 zorluklar ya\u015fad\u0131m, ileride g\u00f6rece\u011fim. Sadece standart paketi tercih ettim ki bu da iyi bir karar oldu. Belirlenen Per\u015fembe g\u00fcn\u00fc trenle havaalan\u0131na gittim (sonra g\u00f6rebilecek miyim bilinmez), kimli\u011fimle \u00f6nceden al\u0131nm\u0131\u015f biletimi ald\u0131m ve T\u00fcrkiye\u2019ye do\u011fru yola \u00e7\u0131kt\u0131m. \u0130stanbul\u2019a vard\u0131\u011f\u0131mda, beni alacak servis biraz gecikti \u00e7\u00fcnk\u00fc bir \u00f6nceki saat inen u\u00e7aktaki yolcular\u0131 al\u0131yordu. K\u0131sa s\u00fcre sonra servis geldi ve g\u00fcvenle otele ula\u015ft\u0131m. Ak\u015fam biraz \u015fehir turu yapt\u0131m (hala g\u00f6zl\u00fckle), ak\u015fam yeme\u011fi yedim ve \u00e7e\u015fitli sat\u0131\u015f g\u00f6revlilerinin cana yak\u0131n ama biraz \u0131srarc\u0131 tav\u0131rlar\u0131na al\u0131\u015ft\u0131m. Cuma sabah\u0131 kahvalt\u0131dan sonra klinik g\u00f6revlisi beni ald\u0131 ve t\u00fcm hastalar topland\u0131ktan k\u0131sa bir s\u00fcre sonra klini\u011fe ula\u015ft\u0131k. Sabah saatleri beklemek, muayeneler, hesaplamalar ve doktorla g\u00f6r\u00fc\u015fmelerle ge\u00e7ti. Sonunda, g\u00f6z doktoru bana korneam\u0131n tam d\u00fczeltme yapmak i\u00e7in biraz ince oldu\u011funu s\u00f6yledi. Tahminen 0,5 diyoptri kadar bir astigmatizma kalaca\u011f\u0131 belirtildi. Biraz \u015fa\u015f\u0131rd\u0131m ama benim i\u00e7in as\u0131l motto zaten \u015fuydu: \u00d6nemli olan \u00f6nceye g\u00f6re daha iyi g\u00f6rmek. G\u00f6zl\u00fc\u011fe daha sonra ne zaman ihtiya\u00e7 duyaca\u011f\u0131m ise birka\u00e7 ay ya da y\u0131llar sonra belli olurdu.Ayr\u0131ca, standart paketi se\u00e7mi\u015f olmam\u0131n iyi bir karar oldu\u011fu da do\u011fruland\u0131; \u00e7\u00fcnk\u00fc muhtemelen ileride ba\u015fka bir operasyon yapmak pek m\u00fcmk\u00fcn olmayacakt\u0131. Bu muayenelerin ard\u0131ndan \u00f6\u011fle yeme\u011fiyle biraz enerji toplad\u0131k, \u00e7\u00fcnk\u00fc a\u00e7 karna ameliyata gitmemek gerekiyordu. \u00d6\u011fleden sonra herkes tekrar klini\u011fe geldi. Birka\u00e7 damla yan\u0131c\u0131 g\u00f6z damlas\u0131 damlat\u0131ld\u0131 (bu arada tek ger\u00e7ekten ac\u0131 veren \u015fey buydu), ard\u0131ndan bir kat yukar\u0131 \u00e7\u0131kar\u0131ld\u0131k ve art\u0131k operasyon i\u00e7in zihinsel olarak haz\u0131rlanabildik.Operasyon salonuna girdi\u011fimde, son \u201chasta\u201dy\u0131 pencereden g\u00f6rebildim; ama ba\u011f\u0131rma ya da benzeri bir ses duymad\u0131m, demek ki \u00e7ok korkulacak bir \u015fey yoktu. Y\u00fcz\u00fcm\u00fc y\u0131kad\u0131m, ba\u015fl\u0131k takt\u0131m ve operasyon i\u00e7in haz\u0131rd\u0131m.Operasyon i\u00e7in \u00e7a\u011fr\u0131ld\u0131m, masaya uzand\u0131m ve bir g\u00f6z\u00fcm kapat\u0131ld\u0131, film tekrar a\u00e7\u0131ld\u0131 ve g\u00f6z\u00fcm\u00fc a\u00e7\u0131k tutacak halka yerle\u015ftirildi. Art\u0131k s\u00fcrekli yan\u0131p s\u00f6nen ye\u015fil noktaya bakmak gerekiyordu. Ayr\u0131ca hala k\u0131rm\u0131z\u0131 noktalarla \u00f6r\u00fcl\u00fc bir a\u011f g\u00f6r\u00fcn\u00fcyordu; san\u0131r\u0131m bunlar operasyon s\u0131ras\u0131nda g\u00f6z\u00fcn \u00f6l\u00e7\u00fcm\u00fc i\u00e7in gerekiyordu. \u0130lk olarak korneada kesi yap\u0131ld\u0131, dikey ve yan bas\u0131n\u00e7 biraz rahats\u0131z ediciydi ama g\u00f6zler uyu\u015fturuldu\u011fu i\u00e7in ciddi bir ac\u0131 yoktu. Kesi a\u00e7\u0131ld\u0131ktan sonra lazer devreye girdi ve birka\u00e7 saniye i\u00e7inde nokta nokta ilerleyerek fazla korneay\u0131 yok etti. Ard\u0131ndan g\u00f6z y\u0131kand\u0131, flap tekrar kapat\u0131ld\u0131 ve hafif\u00e7e bast\u0131r\u0131ld\u0131. Art\u0131k her \u015feyi eskisinden \u00e7ok daha net g\u00f6r\u00fcyordum.Ayn\u0131 i\u015flem di\u011fer g\u00f6z i\u00e7in de yap\u0131ld\u0131 ve yakla\u015f\u0131k 15 dakika sonra kendi ayaklar\u0131m \u00fczerinde dinlenme odas\u0131na gittim, g\u00f6zler biraz toparlan\u0131yordu. K\u0131sa s\u00fcre sonra klini\u011fin genel alan\u0131na ge\u00e7tik ve art\u0131k TV programlar\u0131n\u0131n altyaz\u0131lar\u0131n\u0131 okuyabiliyordum. \u0130lk kontrol ve doktorla g\u00f6r\u00fc\u015fmenin ard\u0131ndan direkt otele gittik, odada ak\u015fam yeme\u011fi servis edildi. Sonra biraz uyumaya \u00e7al\u0131\u015ft\u0131m, g\u00f6z damlalar\u0131n\u0131 d\u00fczenli kulland\u0131m ve yakla\u015f\u0131k 6 saat sonra ac\u0131 neredeyse tamamen ge\u00e7ti.Ertesi g\u00fcn bir kontrol daha yap\u0131ld\u0131, beklenmedik bir durum \u00e7\u0131kmad\u0131. B\u00f6ylece klinikten tamamen ayr\u0131ld\u0131m ve \u0130stanbul\u2019da dola\u015farak yeni g\u00f6r\u00fc\u015f\u00fcm\u00fcn tad\u0131n\u0131 \u00e7\u0131kard\u0131m. Pazar g\u00fcn\u00fc \u0130svi\u00e7re\u2019ye d\u00f6n\u00fc\u015f vard\u0131, her zamanki gibi sorunsuz ge\u00e7ti. Art\u0131k 42 ya\u015f\u0131nda g\u00f6zl\u00fc\u011f\u00fcm\u00fc tamamen b\u0131rakm\u0131\u015f bulunuyorum ve her g\u00fcn\u00fc tad\u0131n\u0131 \u00e7\u0131kararak ya\u015f\u0131yorum, her ne kadar g\u00f6r\u00fc\u015f her zaman m\u00fckemmel olmasa da. Bir s\u00fcre daha \u00e7e\u015fitli g\u00f6z damlalar\u0131n\u0131 kullanmak gerekiyor ve baz\u0131 \u015feyleri hen\u00fcz yapmamak gerekiyor. Ameliyattan sonraki ilk hafta \u00e7ok yorucuydu, \u00f6zellikle bilgisayarda \u00e7al\u0131\u015fmak veya yak\u0131ndaki k\u00fc\u00e7\u00fck \u015feyleri g\u00f6rmek g\u00f6zleri \u00e7ok yordu. Cuma g\u00fcn\u00fc tamamen bitmi\u015ftim. Ama genel olarak her \u015fey iyi, ekran ba\u015f\u0131nda biraz yoruldu\u011fumda pencereye bak\u0131p g\u00f6zlerimi dinlendirebiliyorum. Ayr\u0131ca araba ve motosiklet kullanmak da \u00e7ok rahat, gece s\u00fcr\u00fc\u015flerinde eskisi kadar g\u00f6zlerimi kama\u015ft\u0131rm\u0131yor. \u015eimdi muhtemelen ehliyetimdeki \u201cG\u00f6zl\u00fck veya kontak lens takmal\u0131\u201d kayd\u0131n\u0131 sildirmem gerekiyor ya da bunu ya\u015f gere\u011fi tekrar ihtiya\u00e7 olana kadar bekleyebilirim. Sonu\u00e7 olarak: Bunu \u00e7ok daha \u00f6nce yapt\u0131rmal\u0131yd\u0131m, g\u00f6zl\u00fcks\u00fcz ge\u00e7en her g\u00fcn artan ya\u015fam kalitesi sayesinde daha de\u011ferli ve s\u00fcrekli olarak net g\u00f6r\u00fc\u015f\u00fcn keyfini \u00e7\u0131kar\u0131yorum. Swisslasik\u2019in deste\u011fini kesinlikle tavsiye ederim, hem uygun hem de \u00e7ok profesyonel. Ayr\u0131ca her zaman Almanca destek sa\u011flanmas\u0131na dikkat edilmi\u015fti; transferlerde, otelde veya klinikte her zaman Almanca bilen en az bir ki\u015fi vard\u0131. \u00d6nceki Rapor Sonraki Rapor<\/p>\n","protected":false},"author":4,"featured_media":0,"parent":4771,"menu_order":0,"comment_status":"closed","ping_status":"closed","template":"","meta":{"_joinchat":[],"footnotes":""},"class_list":["post-4784","page","type-page","status-publish","hentry"],"acf":[],"_links":{"self":[{"href":"https:\/\/medicaltravel.at\/tr\/wp-json\/wp\/v2\/pages\/4784","targetHints":{"allow":["GET"]}}],"collection":[{"href":"https:\/\/medicaltravel.at\/tr\/wp-json\/wp\/v2\/pages"}],"about":[{"href":"https:\/\/medicaltravel.at\/tr\/wp-json\/wp\/v2\/types\/page"}],"author":[{"embeddable":true,"href":"https:\/\/medicaltravel.at\/tr\/wp-json\/wp\/v2\/users\/4"}],"replies":[{"embeddable":true,"href":"https:\/\/medicaltravel.at\/tr\/wp-json\/wp\/v2\/comments?post=4784"}],"version-history":[{"count":2,"href":"https:\/\/medicaltravel.at\/tr\/wp-json\/wp\/v2\/pages\/4784\/revisions"}],"predecessor-version":[{"id":5813,"href":"https:\/\/medicaltravel.at\/tr\/wp-json\/wp\/v2\/pages\/4784\/revisions\/5813"}],"up":[{"embeddable":true,"href":"https:\/\/medicaltravel.at\/tr\/wp-json\/wp\/v2\/pages\/4771"}],"wp:attachment":[{"href":"https:\/\/medicaltravel.at\/tr\/wp-json\/wp\/v2\/media?parent=4784"}],"curies":[{"name":"wp","href":"https:\/\/api.w.org\/{rel}","templated":true}]}}