{"id":4782,"date":"2025-09-28T10:00:31","date_gmt":"2025-09-28T09:00:31","guid":{"rendered":"https:\/\/medicaltravel.at\/hasta-hikayeleri\/2011-yili-hasta-raporlari\/goez-lazeri-ameliyati-deneyim-raporu-07-04-2011-cuma-29-nisan-2011-tarihli-rapor\/"},"modified":"2026-01-13T15:53:48","modified_gmt":"2026-01-13T14:53:48","slug":"goez-lazeri-ameliyati-deneyim-raporu-07-04-2011-cuma-29-nisan-2011-tarihli-rapor","status":"publish","type":"page","link":"https:\/\/medicaltravel.at\/tr\/hasta-hikayeleri\/2011-yili-hasta-raporlari\/goez-lazeri-ameliyati-deneyim-raporu-07-04-2011-cuma-29-nisan-2011-tarihli-rapor\/","title":{"rendered":"G\u00f6z Lazeri Ameliyat\u0131 Deneyim Raporu, 07.04.2011 \u2013 Cuma, 29 Nisan 2011 Tarihli Rapor"},"content":{"rendered":"\n<p><strong>G\u00f6z Lazeri Ameliyat\u0131 Deneyim Raporu, 07.04.2011 <\/strong>\u2013 Cuma, 29 Nisan 2011 Tarihli Rapor<\/p>\n\n\n\n<p>Ameliyat motivasyonu: Asl\u0131nda hi\u00e7 g\u00f6z lazeri yapt\u0131rmay\u0131 d\u00fc\u015f\u00fcnmemi\u015ftim. \u00c7\u00fcnk\u00fc t\u00fcm \u00e7al\u0131\u015fma saatlerim sadece bilgisayar ba\u015f\u0131nda ge\u00e7ti\u011fi i\u00e7in g\u00f6zl\u00fc\u011f\u00fc sadece araba kullan\u0131rken ve\/veya televizyon izlerken kullan\u0131yordum.<br><br>G\u00f6zl\u00fc\u011f\u00fcmde her iki g\u00f6zde de -1,75 numara vard\u0131. G\u00f6z lazeri fikri ameliyattan yakla\u015f\u0131k 5-6 hafta \u00f6nce akl\u0131ma geldi; bir spor ziyareti s\u0131ras\u0131nda Kas\u0131m 2010\u2019da bunu yapt\u0131rm\u0131\u015f baz\u0131 tan\u0131d\u0131klarla kar\u015f\u0131la\u015ft\u0131m. Sonu\u00e7lardan \u00e7ok memnundular ve bana da tavsiye ettiler.<br><br>Birka\u00e7 g\u00fcn i\u00e7inde internette ara\u015ft\u0131rma yapmaya ba\u015flad\u0131m ve baz\u0131 videolar ile Swisslasik web sitesine rastlad\u0131m. Ba\u015flang\u0131\u00e7ta sorun, hangi lazer y\u00f6nteminin en iyi oldu\u011fu ve g\u00f6zlerime en uygun olan\u0131n hangisi oldu\u011funu belirlemekti. Birka\u00e7 g\u00fcn sonra benim i\u00e7in sadece Femto-Lasik\u2019in uygun oldu\u011funa karar verdim.<br><br>Organizasyon: \u00d6nce ameliyat\u0131 yaz tatilinden sonra yapt\u0131rmay\u0131 d\u00fc\u015f\u00fcn\u00fcyordum ama konu beni o kadar etkiledi ki art\u0131k daha fazla beklemek istemedim, belki de birka\u00e7 ay sonra bu heyecan kaybolur ve vazge\u00e7erdim. Bu y\u00fczden Bay Karaagacli ile ileti\u015fime ge\u00e7tim ve ameliyat organizasyonunun m\u00fcmk\u00fcn oldu\u011funca h\u0131zl\u0131 yap\u0131lmas\u0131n\u0131 istedim. Bana 7-10 Nisan tarihleri aras\u0131nda (yani bir hafta i\u00e7inde) her \u015feyin m\u00fcmk\u00fcn olabilece\u011fini bildirdi\u011finde \u00f6nce \u015fa\u015f\u0131rd\u0131m, sonra her \u015feyin \u00e7ok h\u0131zl\u0131 ilerleyecek olmas\u0131na sevindim.<br><br>\u00d6n muayene: \u00d6n muayene yapt\u0131rmad\u0131m, sadece \u0130svi\u00e7re\u2019deki bir lazer klini\u011finde k\u0131sa bir kontrol yapt\u0131rd\u0131m, sadece 20 frank tutuyordu ve Femto-Lasik i\u00e7in uygun olup olmad\u0131\u011f\u0131m\u0131 g\u00f6rmek i\u00e7indi.<br><br>Onay: Seyahati Bay Karaagacli\u2019ye yaz\u0131l\u0131 olarak onaylad\u0131ktan ve kararla\u015ft\u0131r\u0131lan \u00fccreti kendisine havale ettikten sonra, birka\u00e7 g\u00fcn i\u00e7inde Swisslasik pasaportumuzu ald\u0131k.<br><br>Var\u0131\u015f g\u00fcn\u00fc: U\u00e7u\u015fumuz saat 14:00\u2019te Z\u00fcrih\u2019ten \u0130stanbul\u2019a oldu\u011fu i\u00e7in o g\u00fcn uyuduk. (Ben ve karde\u015fim birlikte \u0130stanbul\u2019a gittik ve ikimizin de g\u00f6zleri lazerle d\u00fczeltildi). Yakla\u015f\u0131k saat 18:00\u2019de \u0130stanbul\u2019a vard\u0131\u011f\u0131m\u0131zda, adlar\u0131m\u0131z\u0131n yaz\u0131l\u0131 oldu\u011fu kar\u015f\u0131lama ekibi bizi havaalan\u0131nda bekliyordu. O ak\u015fam g\u00fczel bir restoranda yemek yedik ve Taksim b\u00f6lgesinde dola\u015ft\u0131k; tabii \u00e7ok ge\u00e7e kalmad\u0131k \u00e7\u00fcnk\u00fc ertesi g\u00fcn \u00f6n muayene ve ameliyat vard\u0131.<br><br>\u00d6n muayene ve ameliyat: Saat tam 9:00\u2019da otelden al\u0131nmam\u0131z i\u00e7in kararla\u015ft\u0131rd\u0131k ve Acibadem Hastanesi\u2019ne gittik. \u00d6n muayene \u00e7ok h\u0131zl\u0131 ge\u00e7ti; yakla\u015f\u0131k 1,5 saatte t\u00fcm testler yap\u0131ld\u0131 ve ameliyat doktor ile konu\u015fuldu. Her \u015fey \u00e7ok iyi organize edilmi\u015fti ve doktor t\u00fcm s\u00fcreci detayl\u0131 ve sakin bir \u015fekilde bize a\u00e7\u0131klad\u0131.<br><br>\u00d6n muayene sonras\u0131 otele d\u00f6nd\u00fck ve \u00f6\u011fle yeme\u011fi yedik. Saat 15:30\u2019da tekrar kar\u015f\u0131lama ekibi geldi ve bizi ameliyat i\u00e7in hastaneye g\u00f6t\u00fcrd\u00fc. Ameliyat saat 17:00\u2019de ba\u015flad\u0131. Ameliyat \u00e7ok iyi organize edilmi\u015fti, t\u00fcm ekip ne yapaca\u011f\u0131n\u0131 biliyordu ve doktor her ad\u0131m\u0131 bize anlatarak biraz gerginli\u011fimizi azaltt\u0131.                    Ba\u015flang\u0131\u00e7ta g\u00f6zler lokal olarak uyu\u015fturuldu; bu normal g\u00f6z damlas\u0131 i\u015flemi ile ayn\u0131yd\u0131 ve neredeyse hi\u00e7 hissetmedik. Ard\u0131ndan steril ameliyat k\u0131yafetleri giydirilerek ameliyat odas\u0131na al\u0131nd\u0131k; \u00f6nce ben, sonra karde\u015fim.<br>Femto kesimi: Ameliyat s\u0131ras\u0131nda ger\u00e7ekten a\u011fr\u0131 hissetmiyorsunuz, sadece Femto kesim s\u0131ras\u0131nda g\u00f6zde hafif bir bas\u0131n\u00e7 hissi oluyor.<br><br>D\u00fczeltme: Femto kesiminden sonra beni bir sonraki odaya ald\u0131lar; burada Excimer lazer g\u00f6zlerimi d\u00fczeltmek i\u00e7in kullan\u0131lacakt\u0131. Ben lazerin alt\u0131na yatarken, bu s\u0131rada karde\u015fimin Femto kesimi yap\u0131l\u0131yordu. Yakla\u015f\u0131k 10 dakika sonra doktor gelip g\u00f6zlerimi lazerle i\u015fledi. Ortadaki ye\u015fil noktaya odaklanmak ger\u00e7ekten zordu \u00e7\u00fcnk\u00fc doktor s\u00fcrekli bir aletle \u00f6\u011frenciyi hareket ettiriyordu.<br><br>Ameliyat sonras\u0131: Ameliyattan sonra bekleme odas\u0131na ge\u00e7ip karde\u015fimi bekledim. Operasyon hemen ard\u0131ndan her ikimize de g\u00f6zleri enfeksiyondan korumak i\u00e7in steril plastik g\u00f6zl\u00fckler verildi. Operasyonumdan 15 dakika ge\u00e7tikten sonra karde\u015fim h\u00e2l\u00e2 gelmemi\u015fti ve ameliyat odas\u0131ndan doktorun y\u00fcksek sesini duydum; hemen anlad\u0131m ki karde\u015fimde i\u015fler benim gibi yolunda gitmemi\u015fti. Yakla\u015f\u0131k 20 dakika sonra karde\u015fim de ameliyat odas\u0131ndan \u00e7\u0131kt\u0131; lazer s\u0131ras\u0131nda baz\u0131 komplikasyonlar olmu\u015ftu. Sa\u011f g\u00f6zde ye\u015fil noktaya odaklanmakta zorland\u0131\u011f\u0131 i\u00e7in doktor lazeri yapam\u0131yor veya s\u00fcrekli durdurmak zorunda kal\u0131yordu. Doktor, devam ederse ameliyat\u0131 iptal etmek zorunda kalaca\u011f\u0131n\u0131 bile s\u00f6yledi. Karde\u015fimin rahat olmad\u0131\u011f\u0131n\u0131 hemen fark ettik.<br><br>Ameliyattan 30 dakika sonra yap\u0131lan kontrol s\u0131ras\u0131nda doktordan her \u015feyin yolunda olup olmad\u0131\u011f\u0131n\u0131 sordu\u011fumuzda, ancak ertesi g\u00fcn g\u00f6rebileceklerini s\u00f6yledi. Maalesef hastane ile otel aras\u0131 bizim i\u00e7in biraz uzundu; g\u00f6zlerimiz suland\u0131 ve neredeyse hi\u00e7bir \u015fey g\u00f6remedik. Otele vard\u0131\u011f\u0131m\u0131zda ikimiz de arabadan inip h\u0131zla odaya ko\u015ftuk. Bu acele s\u0131ras\u0131nda maalesef g\u00f6zl\u00fcklerimizi arabada unuttuk ve bir daha bulunamad\u0131. Belki de bu, art\u0131k hi\u00e7 g\u00f6zl\u00fck takmamam\u0131z gerekti\u011finin bir i\u015faretiydi.<br><br>\u0130lk 4 saat \u00e7ok kritik; g\u00f6zleri kapal\u0131 tutmak ve g\u00f6z damlalar\u0131n\u0131 2 saat arayla kullanmak gerekiyor. G\u00f6zleri a\u00e7t\u0131\u011f\u0131m\u0131zda g\u00f6zlerimiz suland\u0131 ve i\u00e7inde kum tanesi varm\u0131\u015f gibi hissettik. Bu s\u0131rada karde\u015fimin de her \u015feyinin yolunda oldu\u011funa dair umut ettim. Yakla\u015f\u0131k 4 saat sonra g\u00f6zya\u015flar\u0131 azald\u0131 ve kum tanesi hissi kayboldu, \u0131\u015f\u0131\u011fa kar\u015f\u0131 a\u015f\u0131r\u0131 hassasiyet vard\u0131; bu ameliyattan sonra normal bir durum. Saat 22:00 olmu\u015ftu, bu y\u00fczden g\u00f6zlerimizi dinlendirmek i\u00e7in biraz uyumaya \u00e7al\u0131\u015ft\u0131k. Maalesef o gece s\u0131rt \u00fcst\u00fc yatmam\u0131z gerekiyordu, bu da uyumay\u0131 biraz zorla\u015ft\u0131rd\u0131; yine de birka\u00e7 saat uyumay\u0131 ba\u015fard\u0131k.<br><br>Ertesi sabah uyand\u0131\u011f\u0131m\u0131zda, g\u00f6zl\u00fcks\u00fcz g\u00f6r\u00fc\u015f\u00fcm\u00fcz art\u0131k \u00e7ok daha netti.                       Karde\u015fim, g\u00f6zlerinin ne kadar iyi g\u00f6rd\u00fc\u011f\u00fcne inanamad\u0131, \u00f6zellikle de sa\u011f g\u00f6z\u00fcnde bir sorun oldu\u011funu d\u00fc\u015f\u00fcnd\u00fc\u011f\u00fc halde. Saat 09:00\u2019da doktor kontrol\u00fcne gittik; doktor ikimize de her \u015feyin yolunda oldu\u011funu ve operasyonun ba\u015far\u0131l\u0131 ge\u00e7ti\u011fini s\u00f6yledi. San\u0131r\u0131m doktor da karde\u015fimin sa\u011f g\u00f6z\u00fcn\u00fcn iyi olmas\u0131 nedeniyle \u00e7ok memnun oldu.<br><br>O g\u00fcn \u0130stanbul g\u00fcne\u015fliydi, bu y\u00fczden g\u00fcne\u015f g\u00f6zl\u00fcklerimizi takmak zorundayd\u0131k ve neredeyse t\u00fcm g\u00fcn\u00fc \u015fehirde gezip al\u0131\u015fveri\u015f yaparak ge\u00e7irdik. G\u00f6zl\u00fcks\u00fcz g\u00f6r\u00fc\u015fe bu kadar k\u0131sa s\u00fcrede al\u0131\u015fmam\u0131z inan\u0131lmazd\u0131.<br><br>D\u00f6n\u00fc\u015f, operasyonun iki g\u00fcn sonras\u0131 yani pazar g\u00fcn\u00fc programdayd\u0131 ve saat 13:00 civar\u0131nda Z\u00fcrih\u2019e vard\u0131k.<br>Operasyon sonras\u0131 ilk g\u00fcnlerde g\u00f6zler \u00e7ok kuru oluyor, bu y\u00fczden yapay g\u00f6z damlalar\u0131n\u0131 kullanmak \u00f6nemli. \u0130lk haftalarda \u0131\u015f\u0131\u011fa kar\u015f\u0131 hassasiyet \u00e7ok fazla oldu\u011fu i\u00e7in gece araba kullanmak da m\u00fcmk\u00fcn de\u011fil. Ancak operasyonun \u00fczerinden \u00fc\u00e7 hafta ge\u00e7ti ve \u0131\u015f\u0131\u011fa kar\u015f\u0131 hassasiyet belirgin \u015fekilde azald\u0131.<br><br>Herkese, operasyon \u00f6ncesinde bir g\u00f6z doktoru bulup kontrol i\u00e7in randevu almas\u0131n\u0131 tavsiye ederim \u00e7\u00fcnk\u00fc bunu yapmak ger\u00e7ekten zor. G\u00f6zlerimi yurt d\u0131\u015f\u0131nda lazerle tedavi ettirdi\u011fimi s\u00f6yledi\u011fimde \u00e7o\u011fu g\u00f6z doktoru bana kontrol i\u00e7in randevu vermeyi reddetti. Vedis firmas\u0131yla birka\u00e7 kez sorun ya\u015fad\u0131m, \u00e7\u00fcnk\u00fc s\u00fcrekli kar\u015f\u0131 \u00e7\u0131kt\u0131lar ve her seferinde bunu rakiplerine yapt\u0131rmam\u0131 \u00f6nerdiler, hatta k\u0131sa kontrol\u00fc bile yapt\u0131rmak istemediler; onlardan uzak durman\u0131z\u0131 tavsiye ederim.<br><br>Swisslasik, Bern, Z\u00fcrih ve Arbon\u2019da g\u00f6z doktorlar\u0131yla ba\u011flant\u0131ya sahip. Ancak Bay Karaagacli\u2019ye sadece Z\u00fcrih\u2019teki g\u00f6z doktorunun ad\u0131n\u0131 ve adresini isteyip isteyemeyece\u011fimi sordu\u011fumda, bana vermeyi reddetti. Belki Swisslasik\u2019in geli\u015ftirebilece\u011fi bir nokta buras\u0131d\u0131r.<br><br>Sonu\u00e7 olarak, g\u00f6zlerimi \u0130stanbul\u2019da ameliyat ettirmek \u00e7ok do\u011fru bir karard\u0131 ve herkese tavsiye ederim. Hayat\u0131m\u0131z her ikimiz i\u00e7in de b\u00fcy\u00fck \u00f6l\u00e7\u00fcde de\u011fi\u015fti. Operasyondan sadece d\u00f6rt saat sonra ya\u015fad\u0131\u011f\u0131m\u0131z zorluklar, bunun hayat boyu s\u00fcrecek bir avantajla kar\u015f\u0131la\u015ft\u0131r\u0131ld\u0131\u011f\u0131nda \u00f6nemsiz kald\u0131.               <\/p>\n\n\n\n<div class=\"wp-block-group is-layout-grid wp-container-core-group-is-layout-baef362d wp-block-group-is-layout-grid\">\n<p><a href=\"https:\/\/medicaltravel.at\/home\/agb\/\" data-type=\"page\" data-id=\"2191\"><\/a><a href=\"https:\/\/medicaltravel.at\/tr\/hasta-hikayeleri\/2011-yili-hasta-raporlari\/yeni-kazanilmis-yasam-kalitesi-cumartesi-21-mayis-2011-tarihli-rapor\/\" data-type=\"link\" data-id=\"https:\/\/medicaltravel.at\/tr\/hasta-hikayeleri\/2011-yili-hasta-raporlari\/yeni-kazanilmis-yasam-kalitesi-cumartesi-21-mayis-2011-tarihli-rapor\/\">\u00d6nceki Rapor<\/a><\/p>\n\n\n\n<p class=\"has-text-align-right wp-container-content-5e2576f9\"><a href=\"https:\/\/medicaltravel.at\/home\/impressum\/\" data-type=\"page\" data-id=\"2193\"><\/a><a href=\"https:\/\/medicaltravel.at\/home\/berichte-von-patienten\/erfahrungsberichte\/erfahrungsbericht-zahnbehandlung-in-istanbul\/\" data-type=\"page\" data-id=\"981\"><\/a><a href=\"https:\/\/medicaltravel.at\/tr\/hasta-hikayeleri\/2011-yili-hasta-raporlari\/istanbulda-lasik-ameliyati-deneyim-raporu-mart-2011-pazartesi-11-nisan-2011-tarihli-rapor\/\" data-type=\"link\" data-id=\"https:\/\/medicaltravel.at\/tr\/hasta-hikayeleri\/2011-yili-hasta-raporlari\/istanbulda-lasik-ameliyati-deneyim-raporu-mart-2011-pazartesi-11-nisan-2011-tarihli-rapor\/\">Sonraki Rapor<\/a><\/p>\n<\/div>\n","protected":false},"excerpt":{"rendered":"<p>G\u00f6z Lazeri Ameliyat\u0131 Deneyim Raporu, 07.04.2011 \u2013 Cuma, 29 Nisan 2011 Tarihli Rapor Ameliyat motivasyonu: Asl\u0131nda hi\u00e7 g\u00f6z lazeri yapt\u0131rmay\u0131 d\u00fc\u015f\u00fcnmemi\u015ftim. \u00c7\u00fcnk\u00fc t\u00fcm \u00e7al\u0131\u015fma saatlerim sadece bilgisayar ba\u015f\u0131nda ge\u00e7ti\u011fi i\u00e7in g\u00f6zl\u00fc\u011f\u00fc sadece araba kullan\u0131rken ve\/veya televizyon izlerken kullan\u0131yordum. G\u00f6zl\u00fc\u011f\u00fcmde her iki g\u00f6zde de -1,75 numara vard\u0131. G\u00f6z lazeri fikri ameliyattan yakla\u015f\u0131k 5-6 hafta \u00f6nce akl\u0131ma geldi; bir spor ziyareti s\u0131ras\u0131nda Kas\u0131m 2010\u2019da bunu yapt\u0131rm\u0131\u015f baz\u0131 tan\u0131d\u0131klarla kar\u015f\u0131la\u015ft\u0131m. Sonu\u00e7lardan \u00e7ok memnundular ve bana da tavsiye ettiler. Birka\u00e7 g\u00fcn i\u00e7inde internette ara\u015ft\u0131rma yapmaya ba\u015flad\u0131m ve baz\u0131 videolar ile Swisslasik web sitesine rastlad\u0131m. Ba\u015flang\u0131\u00e7ta sorun, hangi lazer y\u00f6nteminin en iyi oldu\u011fu ve g\u00f6zlerime en uygun olan\u0131n hangisi oldu\u011funu belirlemekti. Birka\u00e7 g\u00fcn sonra benim i\u00e7in sadece Femto-Lasik\u2019in uygun oldu\u011funa karar verdim. Organizasyon: \u00d6nce ameliyat\u0131 yaz tatilinden sonra yapt\u0131rmay\u0131 d\u00fc\u015f\u00fcn\u00fcyordum ama konu beni o kadar etkiledi ki art\u0131k daha fazla beklemek istemedim, belki de birka\u00e7 ay sonra bu heyecan kaybolur ve vazge\u00e7erdim. Bu y\u00fczden Bay Karaagacli ile ileti\u015fime ge\u00e7tim ve ameliyat organizasyonunun m\u00fcmk\u00fcn oldu\u011funca h\u0131zl\u0131 yap\u0131lmas\u0131n\u0131 istedim. Bana 7-10 Nisan tarihleri aras\u0131nda (yani bir hafta i\u00e7inde) her \u015feyin m\u00fcmk\u00fcn olabilece\u011fini bildirdi\u011finde \u00f6nce \u015fa\u015f\u0131rd\u0131m, sonra her \u015feyin \u00e7ok h\u0131zl\u0131 ilerleyecek olmas\u0131na sevindim. \u00d6n muayene: \u00d6n muayene yapt\u0131rmad\u0131m, sadece \u0130svi\u00e7re\u2019deki bir lazer klini\u011finde k\u0131sa bir kontrol yapt\u0131rd\u0131m, sadece 20 frank tutuyordu ve Femto-Lasik i\u00e7in uygun olup olmad\u0131\u011f\u0131m\u0131 g\u00f6rmek i\u00e7indi. Onay: Seyahati Bay Karaagacli\u2019ye yaz\u0131l\u0131 olarak onaylad\u0131ktan ve kararla\u015ft\u0131r\u0131lan \u00fccreti kendisine havale ettikten sonra, birka\u00e7 g\u00fcn i\u00e7inde Swisslasik pasaportumuzu ald\u0131k. Var\u0131\u015f g\u00fcn\u00fc: U\u00e7u\u015fumuz saat 14:00\u2019te Z\u00fcrih\u2019ten \u0130stanbul\u2019a oldu\u011fu i\u00e7in o g\u00fcn uyuduk. (Ben ve karde\u015fim birlikte \u0130stanbul\u2019a gittik ve ikimizin de g\u00f6zleri lazerle d\u00fczeltildi). Yakla\u015f\u0131k saat 18:00\u2019de \u0130stanbul\u2019a vard\u0131\u011f\u0131m\u0131zda, adlar\u0131m\u0131z\u0131n yaz\u0131l\u0131 oldu\u011fu kar\u015f\u0131lama ekibi bizi havaalan\u0131nda bekliyordu. O ak\u015fam g\u00fczel bir restoranda yemek yedik ve Taksim b\u00f6lgesinde dola\u015ft\u0131k; tabii \u00e7ok ge\u00e7e kalmad\u0131k \u00e7\u00fcnk\u00fc ertesi g\u00fcn \u00f6n muayene ve ameliyat vard\u0131. \u00d6n muayene ve ameliyat: Saat tam 9:00\u2019da otelden al\u0131nmam\u0131z i\u00e7in kararla\u015ft\u0131rd\u0131k ve Acibadem Hastanesi\u2019ne gittik. \u00d6n muayene \u00e7ok h\u0131zl\u0131 ge\u00e7ti; yakla\u015f\u0131k 1,5 saatte t\u00fcm testler yap\u0131ld\u0131 ve ameliyat doktor ile konu\u015fuldu. Her \u015fey \u00e7ok iyi organize edilmi\u015fti ve doktor t\u00fcm s\u00fcreci detayl\u0131 ve sakin bir \u015fekilde bize a\u00e7\u0131klad\u0131. \u00d6n muayene sonras\u0131 otele d\u00f6nd\u00fck ve \u00f6\u011fle yeme\u011fi yedik. Saat 15:30\u2019da tekrar kar\u015f\u0131lama ekibi geldi ve bizi ameliyat i\u00e7in hastaneye g\u00f6t\u00fcrd\u00fc. Ameliyat saat 17:00\u2019de ba\u015flad\u0131. Ameliyat \u00e7ok iyi organize edilmi\u015fti, t\u00fcm ekip ne yapaca\u011f\u0131n\u0131 biliyordu ve doktor her ad\u0131m\u0131 bize anlatarak biraz gerginli\u011fimizi azaltt\u0131. Ba\u015flang\u0131\u00e7ta g\u00f6zler lokal olarak uyu\u015fturuldu; bu normal g\u00f6z damlas\u0131 i\u015flemi ile ayn\u0131yd\u0131 ve neredeyse hi\u00e7 hissetmedik. Ard\u0131ndan steril ameliyat k\u0131yafetleri giydirilerek ameliyat odas\u0131na al\u0131nd\u0131k; \u00f6nce ben, sonra karde\u015fim.Femto kesimi: Ameliyat s\u0131ras\u0131nda ger\u00e7ekten a\u011fr\u0131 hissetmiyorsunuz, sadece Femto kesim s\u0131ras\u0131nda g\u00f6zde hafif bir bas\u0131n\u00e7 hissi oluyor. D\u00fczeltme: Femto kesiminden sonra beni bir sonraki odaya ald\u0131lar; burada Excimer lazer g\u00f6zlerimi d\u00fczeltmek i\u00e7in kullan\u0131lacakt\u0131. Ben lazerin alt\u0131na yatarken, bu s\u0131rada karde\u015fimin Femto kesimi yap\u0131l\u0131yordu. Yakla\u015f\u0131k 10 dakika sonra doktor gelip g\u00f6zlerimi lazerle i\u015fledi. Ortadaki ye\u015fil noktaya odaklanmak ger\u00e7ekten zordu \u00e7\u00fcnk\u00fc doktor s\u00fcrekli bir aletle \u00f6\u011frenciyi hareket ettiriyordu. Ameliyat sonras\u0131: Ameliyattan sonra bekleme odas\u0131na ge\u00e7ip karde\u015fimi bekledim. Operasyon hemen ard\u0131ndan her ikimize de g\u00f6zleri enfeksiyondan korumak i\u00e7in steril plastik g\u00f6zl\u00fckler verildi. Operasyonumdan 15 dakika ge\u00e7tikten sonra karde\u015fim h\u00e2l\u00e2 gelmemi\u015fti ve ameliyat odas\u0131ndan doktorun y\u00fcksek sesini duydum; hemen anlad\u0131m ki karde\u015fimde i\u015fler benim gibi yolunda gitmemi\u015fti. Yakla\u015f\u0131k 20 dakika sonra karde\u015fim de ameliyat odas\u0131ndan \u00e7\u0131kt\u0131; lazer s\u0131ras\u0131nda baz\u0131 komplikasyonlar olmu\u015ftu. Sa\u011f g\u00f6zde ye\u015fil noktaya odaklanmakta zorland\u0131\u011f\u0131 i\u00e7in doktor lazeri yapam\u0131yor veya s\u00fcrekli durdurmak zorunda kal\u0131yordu. Doktor, devam ederse ameliyat\u0131 iptal etmek zorunda kalaca\u011f\u0131n\u0131 bile s\u00f6yledi. Karde\u015fimin rahat olmad\u0131\u011f\u0131n\u0131 hemen fark ettik. Ameliyattan 30 dakika sonra yap\u0131lan kontrol s\u0131ras\u0131nda doktordan her \u015feyin yolunda olup olmad\u0131\u011f\u0131n\u0131 sordu\u011fumuzda, ancak ertesi g\u00fcn g\u00f6rebileceklerini s\u00f6yledi. Maalesef hastane ile otel aras\u0131 bizim i\u00e7in biraz uzundu; g\u00f6zlerimiz suland\u0131 ve neredeyse hi\u00e7bir \u015fey g\u00f6remedik. Otele vard\u0131\u011f\u0131m\u0131zda ikimiz de arabadan inip h\u0131zla odaya ko\u015ftuk. Bu acele s\u0131ras\u0131nda maalesef g\u00f6zl\u00fcklerimizi arabada unuttuk ve bir daha bulunamad\u0131. Belki de bu, art\u0131k hi\u00e7 g\u00f6zl\u00fck takmamam\u0131z gerekti\u011finin bir i\u015faretiydi. \u0130lk 4 saat \u00e7ok kritik; g\u00f6zleri kapal\u0131 tutmak ve g\u00f6z damlalar\u0131n\u0131 2 saat arayla kullanmak gerekiyor. G\u00f6zleri a\u00e7t\u0131\u011f\u0131m\u0131zda g\u00f6zlerimiz suland\u0131 ve i\u00e7inde kum tanesi varm\u0131\u015f gibi hissettik. Bu s\u0131rada karde\u015fimin de her \u015feyinin yolunda oldu\u011funa dair umut ettim. Yakla\u015f\u0131k 4 saat sonra g\u00f6zya\u015flar\u0131 azald\u0131 ve kum tanesi hissi kayboldu, \u0131\u015f\u0131\u011fa kar\u015f\u0131 a\u015f\u0131r\u0131 hassasiyet vard\u0131; bu ameliyattan sonra normal bir durum. Saat 22:00 olmu\u015ftu, bu y\u00fczden g\u00f6zlerimizi dinlendirmek i\u00e7in biraz uyumaya \u00e7al\u0131\u015ft\u0131k. Maalesef o gece s\u0131rt \u00fcst\u00fc yatmam\u0131z gerekiyordu, bu da uyumay\u0131 biraz zorla\u015ft\u0131rd\u0131; yine de birka\u00e7 saat uyumay\u0131 ba\u015fard\u0131k. Ertesi sabah uyand\u0131\u011f\u0131m\u0131zda, g\u00f6zl\u00fcks\u00fcz g\u00f6r\u00fc\u015f\u00fcm\u00fcz art\u0131k \u00e7ok daha netti. Karde\u015fim, g\u00f6zlerinin ne kadar iyi g\u00f6rd\u00fc\u011f\u00fcne inanamad\u0131, \u00f6zellikle de sa\u011f g\u00f6z\u00fcnde bir sorun oldu\u011funu d\u00fc\u015f\u00fcnd\u00fc\u011f\u00fc halde. Saat 09:00\u2019da doktor kontrol\u00fcne gittik; doktor ikimize de her \u015feyin yolunda oldu\u011funu ve operasyonun ba\u015far\u0131l\u0131 ge\u00e7ti\u011fini s\u00f6yledi. San\u0131r\u0131m doktor da karde\u015fimin sa\u011f g\u00f6z\u00fcn\u00fcn iyi olmas\u0131 nedeniyle \u00e7ok memnun oldu. O g\u00fcn \u0130stanbul g\u00fcne\u015fliydi, bu y\u00fczden g\u00fcne\u015f g\u00f6zl\u00fcklerimizi takmak zorundayd\u0131k ve neredeyse t\u00fcm g\u00fcn\u00fc \u015fehirde gezip al\u0131\u015fveri\u015f yaparak ge\u00e7irdik. G\u00f6zl\u00fcks\u00fcz g\u00f6r\u00fc\u015fe bu kadar k\u0131sa s\u00fcrede al\u0131\u015fmam\u0131z inan\u0131lmazd\u0131. D\u00f6n\u00fc\u015f, operasyonun iki g\u00fcn sonras\u0131 yani pazar g\u00fcn\u00fc programdayd\u0131 ve saat 13:00 civar\u0131nda Z\u00fcrih\u2019e vard\u0131k.Operasyon sonras\u0131 ilk g\u00fcnlerde g\u00f6zler \u00e7ok kuru oluyor, bu y\u00fczden yapay g\u00f6z damlalar\u0131n\u0131 kullanmak \u00f6nemli. \u0130lk haftalarda \u0131\u015f\u0131\u011fa kar\u015f\u0131 hassasiyet \u00e7ok fazla oldu\u011fu i\u00e7in gece araba kullanmak da m\u00fcmk\u00fcn de\u011fil. Ancak operasyonun \u00fczerinden \u00fc\u00e7 hafta ge\u00e7ti ve \u0131\u015f\u0131\u011fa kar\u015f\u0131 hassasiyet belirgin \u015fekilde azald\u0131. Herkese, operasyon \u00f6ncesinde bir g\u00f6z doktoru bulup kontrol i\u00e7in randevu almas\u0131n\u0131 tavsiye ederim \u00e7\u00fcnk\u00fc bunu yapmak ger\u00e7ekten zor. G\u00f6zlerimi yurt d\u0131\u015f\u0131nda lazerle tedavi ettirdi\u011fimi s\u00f6yledi\u011fimde \u00e7o\u011fu g\u00f6z doktoru bana kontrol i\u00e7in randevu vermeyi reddetti. Vedis firmas\u0131yla birka\u00e7 kez sorun ya\u015fad\u0131m, \u00e7\u00fcnk\u00fc s\u00fcrekli kar\u015f\u0131 \u00e7\u0131kt\u0131lar ve her seferinde bunu rakiplerine yapt\u0131rmam\u0131 \u00f6nerdiler, hatta k\u0131sa kontrol\u00fc bile yapt\u0131rmak istemediler; onlardan uzak durman\u0131z\u0131 tavsiye ederim. Swisslasik, Bern, Z\u00fcrih ve Arbon\u2019da g\u00f6z doktorlar\u0131yla ba\u011flant\u0131ya sahip. Ancak Bay Karaagacli\u2019ye sadece Z\u00fcrih\u2019teki g\u00f6z doktorunun ad\u0131n\u0131 ve adresini isteyip isteyemeyece\u011fimi sordu\u011fumda, bana vermeyi reddetti. Belki Swisslasik\u2019in geli\u015ftirebilece\u011fi bir nokta buras\u0131d\u0131r. Sonu\u00e7 olarak, g\u00f6zlerimi \u0130stanbul\u2019da ameliyat ettirmek \u00e7ok do\u011fru bir karard\u0131 ve herkese tavsiye ederim. Hayat\u0131m\u0131z her ikimiz i\u00e7in de b\u00fcy\u00fck \u00f6l\u00e7\u00fcde de\u011fi\u015fti. Operasyondan sadece d\u00f6rt saat sonra ya\u015fad\u0131\u011f\u0131m\u0131z zorluklar, bunun hayat boyu s\u00fcrecek bir avantajla kar\u015f\u0131la\u015ft\u0131r\u0131ld\u0131\u011f\u0131nda \u00f6nemsiz kald\u0131. \u00d6nceki Rapor Sonraki Rapor<\/p>\n","protected":false},"author":4,"featured_media":0,"parent":4771,"menu_order":0,"comment_status":"closed","ping_status":"closed","template":"","meta":{"_joinchat":[],"footnotes":""},"class_list":["post-4782","page","type-page","status-publish","hentry"],"acf":[],"_links":{"self":[{"href":"https:\/\/medicaltravel.at\/tr\/wp-json\/wp\/v2\/pages\/4782","targetHints":{"allow":["GET"]}}],"collection":[{"href":"https:\/\/medicaltravel.at\/tr\/wp-json\/wp\/v2\/pages"}],"about":[{"href":"https:\/\/medicaltravel.at\/tr\/wp-json\/wp\/v2\/types\/page"}],"author":[{"embeddable":true,"href":"https:\/\/medicaltravel.at\/tr\/wp-json\/wp\/v2\/users\/4"}],"replies":[{"embeddable":true,"href":"https:\/\/medicaltravel.at\/tr\/wp-json\/wp\/v2\/comments?post=4782"}],"version-history":[{"count":2,"href":"https:\/\/medicaltravel.at\/tr\/wp-json\/wp\/v2\/pages\/4782\/revisions"}],"predecessor-version":[{"id":5811,"href":"https:\/\/medicaltravel.at\/tr\/wp-json\/wp\/v2\/pages\/4782\/revisions\/5811"}],"up":[{"embeddable":true,"href":"https:\/\/medicaltravel.at\/tr\/wp-json\/wp\/v2\/pages\/4771"}],"wp:attachment":[{"href":"https:\/\/medicaltravel.at\/tr\/wp-json\/wp\/v2\/media?parent=4782"}],"curies":[{"name":"wp","href":"https:\/\/api.w.org\/{rel}","templated":true}]}}