{"id":4778,"date":"2025-09-28T09:57:17","date_gmt":"2025-09-28T08:57:17","guid":{"rendered":"https:\/\/medicaltravel.at\/hasta-hikayeleri\/2011-yili-hasta-raporlari\/istanbulda-goez-ameliyati-yasam-kalitesinde-bueyuek-bir-artis-carsamba-03-agustos-2011-tarihli-rapor\/"},"modified":"2026-01-13T15:49:54","modified_gmt":"2026-01-13T14:49:54","slug":"istanbulda-goez-ameliyati-yasam-kalitesinde-bueyuek-bir-artis-carsamba-03-agustos-2011-tarihli-rapor","status":"publish","type":"page","link":"https:\/\/medicaltravel.at\/tr\/hasta-hikayeleri\/2011-yili-hasta-raporlari\/istanbulda-goez-ameliyati-yasam-kalitesinde-bueyuek-bir-artis-carsamba-03-agustos-2011-tarihli-rapor\/","title":{"rendered":"\u0130stanbul\u2019da G\u00f6z Ameliyat\u0131 \u2013 Ya\u015fam Kalitesinde B\u00fcy\u00fck Bir Art\u0131\u015f \u2013 \u00c7ar\u015famba, 03 A\u011fustos 2011 Tarihli Rapor"},"content":{"rendered":"\n<p><strong>\u0130stanbul\u2019da G\u00f6z Ameliyat\u0131 \u2013 Ya\u015fam Kalitesinde B\u00fcy\u00fck Bir Art\u0131\u015f <\/strong>\u2013 \u00c7ar\u015famba, 03 A\u011fustos 2011 Tarihli Rapor<\/p>\n\n\n\n<p>Merhaba Swisslasik<br>Bu y\u0131l g\u00f6z doktorum bana kontakt lens kullanmamam\u0131 s\u00f6yledi ve g\u00f6zl\u00fc\u011f\u00fcm hem spor yaparken hem de g\u00fcnl\u00fck hayatta beni s\u0131k s\u0131k rahats\u0131z ediyordu, bu y\u00fczden bu bahar g\u00f6z lazeri konusunu ciddi \u015fekilde ara\u015ft\u0131rmaya ba\u015flad\u0131m. Migros dergisinde \u0130stanbul\u2019da g\u00f6z lazeri hakk\u0131nda kapsaml\u0131 bir yaz\u0131 okudum ve internette de sadece olumlu yorumlar g\u00f6rd\u00fcm, bu y\u00fczden bu operasyonu Swisslasik arac\u0131l\u0131\u011f\u0131yla yapt\u0131rmaya karar verdim.<br><br>Bayram haftasonunda iki arkada\u015f\u0131mla birlikte \u0130stanbul\u2019a u\u00e7tuk ve kendimize net bir g\u00f6r\u00fc\u015f hediye ettik \ud83d\ude42 U\u00e7a\u011f\u0131n ard\u0131ndan ekip taraf\u0131ndan kusursuz Almanca ile kar\u015f\u0131land\u0131k ve k\u0131sa s\u00fcre sonra vapurla \u0130stanbul merkezine do\u011fru yol ald\u0131k.<br><br>Bizi merkezden sadece 5 dakika y\u00fcr\u00fcme mesafesinde, k\u00fc\u00e7\u00fck ama g\u00fczel bir otelde yerle\u015ftirdiler. Resepsiyon \u00e7ok arkada\u015f canl\u0131s\u0131yd\u0131, odalar modern ve kullan\u0131\u015fl\u0131yd\u0131, kablosuz internet sorunsuz \u00e7al\u0131\u015f\u0131yordu :-). Sonra bize 24 saat i\u00e7inde g\u00f6zl\u00fc\u011fe ihtiyac\u0131m\u0131z kalmayaca\u011f\u0131 s\u00f6ylendi, ama her \u015fey s\u0131rayla\u2026<br><br>Ertesi sabah saat 10\u2019da al\u0131nd\u0131k ve birka\u00e7 sakin sokaktan ge\u00e7tikten sonra Eyestar Klinik kar\u015f\u0131m\u0131za \u00e7\u0131kt\u0131. D\u0131\u015far\u0131dan \u00e7ok dikkat \u00e7ekici de\u011fildi ama i\u00e7erisi modern ve y\u00fcksek teknolojili bir klinikti. K\u0131sa bir beklemenin ard\u0131ndan Almanca konu\u015fan bir doktor ekibi taraf\u0131ndan detayl\u0131 muayene yap\u0131ld\u0131. \u0130svi\u00e7re\u2019deki muayenelerde yap\u0131lan testler burada da tekrarland\u0131.<br><br>Kesin g\u00f6r\u00fc\u015fme i\u00e7in ba\u015f doktorun odas\u0131na \u00e7a\u011fr\u0131ld\u0131k. Nazik doktor bana \u0130ngilizce olarak g\u00f6rme bozuklu\u011fumu detayl\u0131 \u015fekilde anlatt\u0131 ve Lasek operasyonunun benim i\u00e7in en etkili y\u00f6ntem olaca\u011f\u0131n\u0131 s\u00f6yledi. Operasyonun nas\u0131l yap\u0131laca\u011f\u0131 ayr\u0131nt\u0131l\u0131 \u015fekilde anlat\u0131ld\u0131 ve hi\u00e7bir \u015feyden endi\u015fe etmemem gerekti\u011fi s\u00f6ylendi. Klinik her g\u00fcn 10 ki\u015fiyi ameliyat ediyor, \u00e7o\u011fu \u0130svi\u00e7re, Almanya veya Avusturya\u2019dan geliyor ve \u015fimdiye kadar hi\u00e7 \u015fikayet olmam\u0131\u015f.<br><br>Biraz sayg\u0131 ve biraz da iyi bir moral ile \u00f6\u011fleden sonra ikinci kez klini\u011fe gittik. Mavi ameliyat \u00e7oraplar\u0131 ve steril \u00f6nl\u00fckle beklemeye ba\u015flad\u0131m. Ben ilk s\u0131radayd\u0131m ve bir bak\u0131\u015fta operasyon tamamlanm\u0131\u015ft\u0131, tekrar bekleme odas\u0131na d\u00f6nd\u00fcm \u2013 ameliyat ba\u015far\u0131l\u0131yd\u0131. G\u00f6zlere birka\u00e7 damla uyu\u015fturucu, birka\u00e7 pratik hareket ve her g\u00f6z i\u00e7in sadece 10 saniyelik k\u0131rm\u0131z\u0131 \u0131\u015f\u0131kl\u0131 lazer i\u015flem ve i\u015f tamam :-).<br><br>Ard\u0131ndan iki g\u00fcn boyunca y\u00fcksek \u0131\u015f\u0131k hassasiyetine, gece g\u00f6zya\u015f\u0131na ve hafif ka\u015f\u0131nt\u0131ya ra\u011fmen \u0130stanbul\u2019daki \u00e7e\u015fitli turistik yerleri gezdik. Farkl\u0131 g\u00f6z damlalar\u0131na \u00e7abuk al\u0131\u015ft\u0131m. Her g\u00fcn k\u0131sa kontroller yap\u0131ld\u0131 ve iyile\u015fme s\u00fcreciyle ilgili t\u00fcm sorular cevapland\u0131. G\u00f6zlerim h\u0131zl\u0131 iyile\u015fmese de s\u00fcrekli d\u00fczeldi ve b\u00fcy\u00fck bir mutlulukla \u00e7evremdeki d\u00fcnya giderek daha net ve keskin g\u00f6r\u00fcnd\u00fc.<br><br>\u0130svi\u00e7re\u2019ye d\u00f6nd\u00fc\u011f\u00fcmde ise bir hafta boyunca okuma veya bilgisayar ekran\u0131nda \u00e7al\u0131\u015fma konusunda biraz zorland\u0131m, bu beni biraz \u015fa\u015f\u0131rtt\u0131.                      G\u00f6zlerimi kullanmak m\u00fcmk\u00fcn olsa da \u00e7abuk yoruluyordu ve ara s\u0131ra k\u00fc\u00e7\u00fck bir mola gerekiyordu\u2026 \u015eimdi \u2013 yakla\u015f\u0131k 4 hafta sonra \u2013 g\u00f6z damlalar\u0131, kontakt lensler ve g\u00f6zl\u00fck camlar\u0131 kesinlikle ge\u00e7mi\u015fte kald\u0131. G\u00f6zler biraz daha \u0131\u015f\u0131\u011fa hassas olsa da bu sadece k\u00fc\u00e7\u00fck bir yan etki. Art\u0131k g\u00f6zl\u00fc\u011fe ihtiya\u00e7 duymamak ger\u00e7ekten inan\u0131lmaz ve bazen neden bu ad\u0131m\u0131 daha \u00f6nce atmad\u0131\u011f\u0131m\u0131 kendime soruyorum. G\u00fcnl\u00fck ya\u015fam kalitesi ger\u00e7ekten \u00e7ok artt\u0131 ve squash, ko\u015fu veya dal\u0131\u015f yapmak art\u0131k \u00e7ok daha keyifli, eski tozlu g\u00f6zl\u00fck \u00e7er\u00e7evesi olmadan \ud83d\ude42 David Tilge    <\/p>\n\n\n\n<div class=\"wp-block-group is-layout-grid wp-container-core-group-is-layout-baef362d wp-block-group-is-layout-grid\">\n<p><a href=\"https:\/\/medicaltravel.at\/home\/agb\/\" data-type=\"page\" data-id=\"2191\"><\/a><a href=\"https:\/\/medicaltravel.at\/tr\/hasta-hikayeleri\/2011-yili-hasta-raporlari\/istanbuldaki-dis-tedavim-cumartesi-06-agustos-2011-tarihli-rapor\/\" data-type=\"link\" data-id=\"https:\/\/medicaltravel.at\/tr\/hasta-hikayeleri\/2011-yili-hasta-raporlari\/istanbuldaki-dis-tedavim-cumartesi-06-agustos-2011-tarihli-rapor\/\">\u00d6nceki Rapor<\/a><\/p>\n\n\n\n<p class=\"has-text-align-right wp-container-content-5e2576f9\"><a href=\"https:\/\/medicaltravel.at\/home\/impressum\/\" data-type=\"page\" data-id=\"2193\"><\/a><a href=\"https:\/\/medicaltravel.at\/home\/berichte-von-patienten\/erfahrungsberichte\/erfahrungsbericht-zahnbehandlung-in-istanbul\/\" data-type=\"page\" data-id=\"981\"><\/a><a href=\"https:\/\/medicaltravel.at\/tr\/hasta-hikayeleri\/2011-yili-hasta-raporlari\/goez-lasik-max-muellerin-22-martta-istanbulda-yapilan-ameliyat-deneyimi-carsamba-29-haziran-2011-tarihli-rapor\/\" data-type=\"link\" data-id=\"https:\/\/medicaltravel.at\/berichte-von-patienten\/patientenberichte-2011\/augenlasik-erfahrungsbericht-von-max-mueller-ueber-op-vom-22-maerz-in-istanbul-bericht-vom-mittwoch-29-juni-2011\/\">Sonraki Rapor<\/a><\/p>\n<\/div>\n","protected":false},"excerpt":{"rendered":"<p>\u0130stanbul\u2019da G\u00f6z Ameliyat\u0131 \u2013 Ya\u015fam Kalitesinde B\u00fcy\u00fck Bir Art\u0131\u015f \u2013 \u00c7ar\u015famba, 03 A\u011fustos 2011 Tarihli Rapor Merhaba SwisslasikBu y\u0131l g\u00f6z doktorum bana kontakt lens kullanmamam\u0131 s\u00f6yledi ve g\u00f6zl\u00fc\u011f\u00fcm hem spor yaparken hem de g\u00fcnl\u00fck hayatta beni s\u0131k s\u0131k rahats\u0131z ediyordu, bu y\u00fczden bu bahar g\u00f6z lazeri konusunu ciddi \u015fekilde ara\u015ft\u0131rmaya ba\u015flad\u0131m. Migros dergisinde \u0130stanbul\u2019da g\u00f6z lazeri hakk\u0131nda kapsaml\u0131 bir yaz\u0131 okudum ve internette de sadece olumlu yorumlar g\u00f6rd\u00fcm, bu y\u00fczden bu operasyonu Swisslasik arac\u0131l\u0131\u011f\u0131yla yapt\u0131rmaya karar verdim. Bayram haftasonunda iki arkada\u015f\u0131mla birlikte \u0130stanbul\u2019a u\u00e7tuk ve kendimize net bir g\u00f6r\u00fc\u015f hediye ettik \ud83d\ude42 U\u00e7a\u011f\u0131n ard\u0131ndan ekip taraf\u0131ndan kusursuz Almanca ile kar\u015f\u0131land\u0131k ve k\u0131sa s\u00fcre sonra vapurla \u0130stanbul merkezine do\u011fru yol ald\u0131k. Bizi merkezden sadece 5 dakika y\u00fcr\u00fcme mesafesinde, k\u00fc\u00e7\u00fck ama g\u00fczel bir otelde yerle\u015ftirdiler. Resepsiyon \u00e7ok arkada\u015f canl\u0131s\u0131yd\u0131, odalar modern ve kullan\u0131\u015fl\u0131yd\u0131, kablosuz internet sorunsuz \u00e7al\u0131\u015f\u0131yordu :-). Sonra bize 24 saat i\u00e7inde g\u00f6zl\u00fc\u011fe ihtiyac\u0131m\u0131z kalmayaca\u011f\u0131 s\u00f6ylendi, ama her \u015fey s\u0131rayla\u2026 Ertesi sabah saat 10\u2019da al\u0131nd\u0131k ve birka\u00e7 sakin sokaktan ge\u00e7tikten sonra Eyestar Klinik kar\u015f\u0131m\u0131za \u00e7\u0131kt\u0131. D\u0131\u015far\u0131dan \u00e7ok dikkat \u00e7ekici de\u011fildi ama i\u00e7erisi modern ve y\u00fcksek teknolojili bir klinikti. K\u0131sa bir beklemenin ard\u0131ndan Almanca konu\u015fan bir doktor ekibi taraf\u0131ndan detayl\u0131 muayene yap\u0131ld\u0131. \u0130svi\u00e7re\u2019deki muayenelerde yap\u0131lan testler burada da tekrarland\u0131. Kesin g\u00f6r\u00fc\u015fme i\u00e7in ba\u015f doktorun odas\u0131na \u00e7a\u011fr\u0131ld\u0131k. Nazik doktor bana \u0130ngilizce olarak g\u00f6rme bozuklu\u011fumu detayl\u0131 \u015fekilde anlatt\u0131 ve Lasek operasyonunun benim i\u00e7in en etkili y\u00f6ntem olaca\u011f\u0131n\u0131 s\u00f6yledi. Operasyonun nas\u0131l yap\u0131laca\u011f\u0131 ayr\u0131nt\u0131l\u0131 \u015fekilde anlat\u0131ld\u0131 ve hi\u00e7bir \u015feyden endi\u015fe etmemem gerekti\u011fi s\u00f6ylendi. Klinik her g\u00fcn 10 ki\u015fiyi ameliyat ediyor, \u00e7o\u011fu \u0130svi\u00e7re, Almanya veya Avusturya\u2019dan geliyor ve \u015fimdiye kadar hi\u00e7 \u015fikayet olmam\u0131\u015f. Biraz sayg\u0131 ve biraz da iyi bir moral ile \u00f6\u011fleden sonra ikinci kez klini\u011fe gittik. Mavi ameliyat \u00e7oraplar\u0131 ve steril \u00f6nl\u00fckle beklemeye ba\u015flad\u0131m. Ben ilk s\u0131radayd\u0131m ve bir bak\u0131\u015fta operasyon tamamlanm\u0131\u015ft\u0131, tekrar bekleme odas\u0131na d\u00f6nd\u00fcm \u2013 ameliyat ba\u015far\u0131l\u0131yd\u0131. G\u00f6zlere birka\u00e7 damla uyu\u015fturucu, birka\u00e7 pratik hareket ve her g\u00f6z i\u00e7in sadece 10 saniyelik k\u0131rm\u0131z\u0131 \u0131\u015f\u0131kl\u0131 lazer i\u015flem ve i\u015f tamam :-). Ard\u0131ndan iki g\u00fcn boyunca y\u00fcksek \u0131\u015f\u0131k hassasiyetine, gece g\u00f6zya\u015f\u0131na ve hafif ka\u015f\u0131nt\u0131ya ra\u011fmen \u0130stanbul\u2019daki \u00e7e\u015fitli turistik yerleri gezdik. Farkl\u0131 g\u00f6z damlalar\u0131na \u00e7abuk al\u0131\u015ft\u0131m. Her g\u00fcn k\u0131sa kontroller yap\u0131ld\u0131 ve iyile\u015fme s\u00fcreciyle ilgili t\u00fcm sorular cevapland\u0131. G\u00f6zlerim h\u0131zl\u0131 iyile\u015fmese de s\u00fcrekli d\u00fczeldi ve b\u00fcy\u00fck bir mutlulukla \u00e7evremdeki d\u00fcnya giderek daha net ve keskin g\u00f6r\u00fcnd\u00fc. \u0130svi\u00e7re\u2019ye d\u00f6nd\u00fc\u011f\u00fcmde ise bir hafta boyunca okuma veya bilgisayar ekran\u0131nda \u00e7al\u0131\u015fma konusunda biraz zorland\u0131m, bu beni biraz \u015fa\u015f\u0131rtt\u0131. G\u00f6zlerimi kullanmak m\u00fcmk\u00fcn olsa da \u00e7abuk yoruluyordu ve ara s\u0131ra k\u00fc\u00e7\u00fck bir mola gerekiyordu\u2026 \u015eimdi \u2013 yakla\u015f\u0131k 4 hafta sonra \u2013 g\u00f6z damlalar\u0131, kontakt lensler ve g\u00f6zl\u00fck camlar\u0131 kesinlikle ge\u00e7mi\u015fte kald\u0131. G\u00f6zler biraz daha \u0131\u015f\u0131\u011fa hassas olsa da bu sadece k\u00fc\u00e7\u00fck bir yan etki. Art\u0131k g\u00f6zl\u00fc\u011fe ihtiya\u00e7 duymamak ger\u00e7ekten inan\u0131lmaz ve bazen neden bu ad\u0131m\u0131 daha \u00f6nce atmad\u0131\u011f\u0131m\u0131 kendime soruyorum. G\u00fcnl\u00fck ya\u015fam kalitesi ger\u00e7ekten \u00e7ok artt\u0131 ve squash, ko\u015fu veya dal\u0131\u015f yapmak art\u0131k \u00e7ok daha keyifli, eski tozlu g\u00f6zl\u00fck \u00e7er\u00e7evesi olmadan \ud83d\ude42 David Tilge \u00d6nceki Rapor Sonraki Rapor<\/p>\n","protected":false},"author":4,"featured_media":0,"parent":4771,"menu_order":0,"comment_status":"closed","ping_status":"closed","template":"","meta":{"_joinchat":[],"footnotes":""},"class_list":["post-4778","page","type-page","status-publish","hentry"],"acf":[],"_links":{"self":[{"href":"https:\/\/medicaltravel.at\/tr\/wp-json\/wp\/v2\/pages\/4778","targetHints":{"allow":["GET"]}}],"collection":[{"href":"https:\/\/medicaltravel.at\/tr\/wp-json\/wp\/v2\/pages"}],"about":[{"href":"https:\/\/medicaltravel.at\/tr\/wp-json\/wp\/v2\/types\/page"}],"author":[{"embeddable":true,"href":"https:\/\/medicaltravel.at\/tr\/wp-json\/wp\/v2\/users\/4"}],"replies":[{"embeddable":true,"href":"https:\/\/medicaltravel.at\/tr\/wp-json\/wp\/v2\/comments?post=4778"}],"version-history":[{"count":4,"href":"https:\/\/medicaltravel.at\/tr\/wp-json\/wp\/v2\/pages\/4778\/revisions"}],"predecessor-version":[{"id":5807,"href":"https:\/\/medicaltravel.at\/tr\/wp-json\/wp\/v2\/pages\/4778\/revisions\/5807"}],"up":[{"embeddable":true,"href":"https:\/\/medicaltravel.at\/tr\/wp-json\/wp\/v2\/pages\/4771"}],"wp:attachment":[{"href":"https:\/\/medicaltravel.at\/tr\/wp-json\/wp\/v2\/media?parent=4778"}],"curies":[{"name":"wp","href":"https:\/\/api.w.org\/{rel}","templated":true}]}}