{"id":4774,"date":"2025-09-28T09:50:55","date_gmt":"2025-09-28T08:50:55","guid":{"rendered":"https:\/\/medicaltravel.at\/hasta-hikayeleri\/2011-yili-hasta-raporlari\/istanbulda-goez-lazeri-yaptirmak-verdigim-en-iyi-kararlardan-biri-carsamba-30-kasim-2011-tarihli-rapor\/"},"modified":"2026-01-13T15:46:02","modified_gmt":"2026-01-13T14:46:02","slug":"istanbulda-goez-lazeri-yaptirmak-verdigim-en-iyi-kararlardan-biri-carsamba-30-kasim-2011-tarihli-rapor","status":"publish","type":"page","link":"https:\/\/medicaltravel.at\/tr\/hasta-hikayeleri\/2011-yili-hasta-raporlari\/istanbulda-goez-lazeri-yaptirmak-verdigim-en-iyi-kararlardan-biri-carsamba-30-kasim-2011-tarihli-rapor\/","title":{"rendered":"\u0130stanbul\u2019da G\u00f6z Lazeri Yapt\u0131rmak, Verdi\u011fim En \u0130yi Kararlardan Biri \u2013 \u00c7ar\u015famba, 30 Kas\u0131m 2011 Tarihli Rapor"},"content":{"rendered":"\n<p>\u0130stanbul\u2019da G\u00f6z Lazeri Yapt\u0131rmak, Verdi\u011fim En \u0130yi Kararlardan Biri \u2013 \u00c7ar\u015famba, 30 Kas\u0131m 2011 Tarihli Rapor<\/p>\n\n\n\n<p>Sevgili okuyucular, sizlere \u0130stanbul\u2019daki Ac\u0131badem Klini\u011fi\u2019nde yapt\u0131rd\u0131\u011f\u0131m g\u00f6z ameliyat\u0131 deneyimimden bahsetmek istiyorum. Aray\u0131\u015f\u0131m internette ba\u015flad\u0131. \u0130svi\u00e7re\u2019deki klinikleri ve doktorlar\u0131 inceledim, ancak g\u00f6z ameliyat\u0131 i\u00e7in istenen astronomik fiyatlar\u0131 \u00f6demek ne m\u00fcmk\u00fcn ne de istemiyordum. O s\u0131rada SwissLasik ile kar\u015f\u0131la\u015ft\u0131m ve ameliyat\u0131 2011 sonbahar\u0131nda onlarla yapt\u0131m. Ameliyat\u0131 T\u00fcrkiye\u2019de yapt\u0131rmaya karar verdi\u011fimde ve bu haberi \u00e7evremle payla\u015ft\u0131\u011f\u0131mda tepkiler hep ayn\u0131 oldu: \u201cNe, deli misin?!\u201d Ama onlar\u0131 rahatlatabilirim, verdi\u011fim en iyi kararlardan biriydi.<br><br>Sevgili ebeveynlerimin e\u015fli\u011finde heyecan verici, \u00e7ok temiz ve olumlu s\u00fcrprizlerle dolu \u0130stanbul\u2019a gittim. Daha \u00f6nce yaln\u0131zca \u0130svi\u00e7re\u2019de ya\u015fayan T\u00fcrkleri tan\u0131yordum ve dini konularda \u00e7ok emin de\u011fildim, ama s\u00f6ylemeliyim ki her \u015fey muhte\u015femdi. Havaalan\u0131nda neredeyse bir saatlik gecikmeye ra\u011fmen, Ac\u0131badem Klini\u011fi\u2019nden bir \u00e7al\u0131\u015fan isim etiketi ve g\u00fcl\u00fcmsemesiyle bizi kar\u015f\u0131lad\u0131. Bizi Elite World Prestige Hotel\u2019e g\u00f6t\u00fcrd\u00fc; buray\u0131 kesinlikle tavsiye ederim.<br><br>Ameliyat g\u00fcn\u00fcnde sabah 8:00\u2019de al\u0131nd\u0131m ve \u00f6n\u00fcm\u00fczde uzun, gergin bir g\u00fcn vard\u0131. T\u00fcm testler sorunsuz ge\u00e7ti ve lazer ameliyat\u0131 i\u00e7in m\u00fckemmel \u015fekilde haz\u0131rland\u0131m. Saat 15:00\u2019te lazer ba\u015flad\u0131 ve herkese sakinle\u015ftirici bir hap almay\u0131 tavsiye ederim. Ben g\u00fc\u00e7l\u00fc olmaya \u00e7al\u0131\u015ft\u0131m ve almad\u0131m, bu bir hatayd\u0131. Heyecandan \u00e7ene titriyordu ve kollar\u0131m uyu\u015fmu\u015ftu. \u00d6n muayene ve lazer s\u0131ras\u0131nda hi\u00e7 a\u011fr\u0131 hissetmedim. Kornea ayr\u0131m\u0131 biraz rahats\u0131z ediciydi \u00e7\u00fcnk\u00fc g\u00f6z sabitlenmek zorundayd\u0131, ama sadece 5 dakika s\u00fcr\u00fcyor. Lazer sonras\u0131 g\u00f6zlerim \u00e7ok \u0131\u015f\u0131\u011fa duyarl\u0131yd\u0131 ve sadece otel odama gitmek istedim. Mesaj yazmak imk\u00e2ns\u0131zd\u0131, ekran \u00e7ok parlakt\u0131. G\u00f6zlerim garip hissediyordu ve a\u011fr\u0131 Panadol S ile ge\u00e7miyordu. Ancak d\u00f6rt saat sonra a\u011fr\u0131lar kesin olarak azald\u0131.<br><br>Kornea iyile\u015fmesi i\u00e7in g\u00f6z damlalar\u0131 kullan\u0131ld\u0131, bu sonu\u00e7 i\u00e7in \u00e7ok \u00f6nemli, ama ben onlar\u0131 hastanede b\u0131rakm\u0131\u015ft\u0131m. G\u00f6revli Tolga \u00e7ok nazikti ve damlalar\u0131 otele getirdi. Harika bir servis! Ertesi sabah pencereye ko\u015ftum ve sonucu test ettim. \u00c7ok etkilendim! Her \u015fey tamamen netti. TV\u2019nin bekleme \u0131\u015f\u0131\u011f\u0131n\u0131 bile net bir \u015fekilde g\u00f6rebiliyordum.<br><br>Muhte\u015femdi. Saat 9:00\u2019da Ac\u0131badem\u2019de kontrol i\u00e7in gittim ve olumlu geri bildirim ald\u0131m. Art\u0131k hi\u00e7bir g\u00f6rme yard\u0131m\u0131na ihtiyac\u0131m yoktu.<br><br>\u00d6\u011fleden sonra t\u00fcm \u015fehri ke\u015ffetmek ve dola\u015fmak m\u00fcmk\u00fcnd\u00fc. Bu \u00e7\u0131lg\u0131nca de\u011fil mi? Ama ger\u00e7ek. \u0130stanbul\u2019da ameliyat olmay\u0131 herkese i\u00e7tenlikle tavsiye ediyorum. Cesaret edin; her \u015fey \u00e7ok iyi organize edilmi\u015f, hijyenik ve insanlar \u00e7ok dost canl\u0131s\u0131. \u015eehir de sizi b\u00fcy\u00fcleyecek.                                     Bu, T\u00fcrkiye\u2019ye yapt\u0131\u011f\u0131m seyahatti. Daniela Steiner <\/p>\n\n\n\n<div class=\"wp-block-group is-layout-grid wp-container-core-group-is-layout-baef362d wp-block-group-is-layout-grid\">\n<p><a href=\"https:\/\/medicaltravel.at\/home\/agb\/\" data-type=\"page\" data-id=\"2191\"><\/a><a href=\"https:\/\/medicaltravel.at\/tr\/hasta-hikayeleri\/2011-yili-hasta-raporlari\/istanbulda-goez-lazeri-ameliyati-deneyim-raporu-carsamba-30-kasim-2011-tarihli-rapor\/\" data-type=\"link\" data-id=\"https:\/\/medicaltravel.at\/tr\/hasta-hikayeleri\/2011-yili-hasta-raporlari\/istanbulda-goez-lazeri-ameliyati-deneyim-raporu-carsamba-30-kasim-2011-tarihli-rapor\/\">\u00d6nceki Rapor<\/a><\/p>\n\n\n\n<p class=\"has-text-align-right wp-container-content-5e2576f9\"><a href=\"https:\/\/medicaltravel.at\/home\/impressum\/\" data-type=\"page\" data-id=\"2193\"><\/a><a href=\"https:\/\/medicaltravel.at\/home\/berichte-von-patienten\/erfahrungsberichte\/erfahrungsbericht-zahnbehandlung-in-istanbul\/\" data-type=\"page\" data-id=\"981\"><\/a><a href=\"https:\/\/medicaltravel.at\/tr\/hasta-hikayeleri\/2011-yili-hasta-raporlari\/18-ekim-2011de-acibadem-hastanesinde-istanbulda-yaptirdigim-goez-lazeri-ameliyatim-sali-29-kasim-2011-tarihli-rapor\/\" data-type=\"link\" data-id=\"https:\/\/medicaltravel.at\/tr\/hasta-hikayeleri\/2011-yili-hasta-raporlari\/18-ekim-2011de-acibadem-hastanesinde-istanbulda-yaptirdigim-goez-lazeri-ameliyatim-sali-29-kasim-2011-tarihli-rapor\/\">Sonraki Rapor<\/a><\/p>\n<\/div>\n","protected":false},"excerpt":{"rendered":"<p>\u0130stanbul\u2019da G\u00f6z Lazeri Yapt\u0131rmak, Verdi\u011fim En \u0130yi Kararlardan Biri \u2013 \u00c7ar\u015famba, 30 Kas\u0131m 2011 Tarihli Rapor Sevgili okuyucular, sizlere \u0130stanbul\u2019daki Ac\u0131badem Klini\u011fi\u2019nde yapt\u0131rd\u0131\u011f\u0131m g\u00f6z ameliyat\u0131 deneyimimden bahsetmek istiyorum. Aray\u0131\u015f\u0131m internette ba\u015flad\u0131. \u0130svi\u00e7re\u2019deki klinikleri ve doktorlar\u0131 inceledim, ancak g\u00f6z ameliyat\u0131 i\u00e7in istenen astronomik fiyatlar\u0131 \u00f6demek ne m\u00fcmk\u00fcn ne de istemiyordum. O s\u0131rada SwissLasik ile kar\u015f\u0131la\u015ft\u0131m ve ameliyat\u0131 2011 sonbahar\u0131nda onlarla yapt\u0131m. Ameliyat\u0131 T\u00fcrkiye\u2019de yapt\u0131rmaya karar verdi\u011fimde ve bu haberi \u00e7evremle payla\u015ft\u0131\u011f\u0131mda tepkiler hep ayn\u0131 oldu: \u201cNe, deli misin?!\u201d Ama onlar\u0131 rahatlatabilirim, verdi\u011fim en iyi kararlardan biriydi. Sevgili ebeveynlerimin e\u015fli\u011finde heyecan verici, \u00e7ok temiz ve olumlu s\u00fcrprizlerle dolu \u0130stanbul\u2019a gittim. Daha \u00f6nce yaln\u0131zca \u0130svi\u00e7re\u2019de ya\u015fayan T\u00fcrkleri tan\u0131yordum ve dini konularda \u00e7ok emin de\u011fildim, ama s\u00f6ylemeliyim ki her \u015fey muhte\u015femdi. Havaalan\u0131nda neredeyse bir saatlik gecikmeye ra\u011fmen, Ac\u0131badem Klini\u011fi\u2019nden bir \u00e7al\u0131\u015fan isim etiketi ve g\u00fcl\u00fcmsemesiyle bizi kar\u015f\u0131lad\u0131. Bizi Elite World Prestige Hotel\u2019e g\u00f6t\u00fcrd\u00fc; buray\u0131 kesinlikle tavsiye ederim. Ameliyat g\u00fcn\u00fcnde sabah 8:00\u2019de al\u0131nd\u0131m ve \u00f6n\u00fcm\u00fczde uzun, gergin bir g\u00fcn vard\u0131. T\u00fcm testler sorunsuz ge\u00e7ti ve lazer ameliyat\u0131 i\u00e7in m\u00fckemmel \u015fekilde haz\u0131rland\u0131m. Saat 15:00\u2019te lazer ba\u015flad\u0131 ve herkese sakinle\u015ftirici bir hap almay\u0131 tavsiye ederim. Ben g\u00fc\u00e7l\u00fc olmaya \u00e7al\u0131\u015ft\u0131m ve almad\u0131m, bu bir hatayd\u0131. Heyecandan \u00e7ene titriyordu ve kollar\u0131m uyu\u015fmu\u015ftu. \u00d6n muayene ve lazer s\u0131ras\u0131nda hi\u00e7 a\u011fr\u0131 hissetmedim. Kornea ayr\u0131m\u0131 biraz rahats\u0131z ediciydi \u00e7\u00fcnk\u00fc g\u00f6z sabitlenmek zorundayd\u0131, ama sadece 5 dakika s\u00fcr\u00fcyor. Lazer sonras\u0131 g\u00f6zlerim \u00e7ok \u0131\u015f\u0131\u011fa duyarl\u0131yd\u0131 ve sadece otel odama gitmek istedim. Mesaj yazmak imk\u00e2ns\u0131zd\u0131, ekran \u00e7ok parlakt\u0131. G\u00f6zlerim garip hissediyordu ve a\u011fr\u0131 Panadol S ile ge\u00e7miyordu. Ancak d\u00f6rt saat sonra a\u011fr\u0131lar kesin olarak azald\u0131. Kornea iyile\u015fmesi i\u00e7in g\u00f6z damlalar\u0131 kullan\u0131ld\u0131, bu sonu\u00e7 i\u00e7in \u00e7ok \u00f6nemli, ama ben onlar\u0131 hastanede b\u0131rakm\u0131\u015ft\u0131m. G\u00f6revli Tolga \u00e7ok nazikti ve damlalar\u0131 otele getirdi. Harika bir servis! Ertesi sabah pencereye ko\u015ftum ve sonucu test ettim. \u00c7ok etkilendim! Her \u015fey tamamen netti. TV\u2019nin bekleme \u0131\u015f\u0131\u011f\u0131n\u0131 bile net bir \u015fekilde g\u00f6rebiliyordum. Muhte\u015femdi. Saat 9:00\u2019da Ac\u0131badem\u2019de kontrol i\u00e7in gittim ve olumlu geri bildirim ald\u0131m. Art\u0131k hi\u00e7bir g\u00f6rme yard\u0131m\u0131na ihtiyac\u0131m yoktu. \u00d6\u011fleden sonra t\u00fcm \u015fehri ke\u015ffetmek ve dola\u015fmak m\u00fcmk\u00fcnd\u00fc. Bu \u00e7\u0131lg\u0131nca de\u011fil mi? Ama ger\u00e7ek. \u0130stanbul\u2019da ameliyat olmay\u0131 herkese i\u00e7tenlikle tavsiye ediyorum. Cesaret edin; her \u015fey \u00e7ok iyi organize edilmi\u015f, hijyenik ve insanlar \u00e7ok dost canl\u0131s\u0131. \u015eehir de sizi b\u00fcy\u00fcleyecek. Bu, T\u00fcrkiye\u2019ye yapt\u0131\u011f\u0131m seyahatti. Daniela Steiner \u00d6nceki Rapor Sonraki Rapor<\/p>\n","protected":false},"author":4,"featured_media":0,"parent":4771,"menu_order":0,"comment_status":"closed","ping_status":"closed","template":"","meta":{"_joinchat":[],"footnotes":""},"class_list":["post-4774","page","type-page","status-publish","hentry"],"acf":[],"_links":{"self":[{"href":"https:\/\/medicaltravel.at\/tr\/wp-json\/wp\/v2\/pages\/4774","targetHints":{"allow":["GET"]}}],"collection":[{"href":"https:\/\/medicaltravel.at\/tr\/wp-json\/wp\/v2\/pages"}],"about":[{"href":"https:\/\/medicaltravel.at\/tr\/wp-json\/wp\/v2\/types\/page"}],"author":[{"embeddable":true,"href":"https:\/\/medicaltravel.at\/tr\/wp-json\/wp\/v2\/users\/4"}],"replies":[{"embeddable":true,"href":"https:\/\/medicaltravel.at\/tr\/wp-json\/wp\/v2\/comments?post=4774"}],"version-history":[{"count":2,"href":"https:\/\/medicaltravel.at\/tr\/wp-json\/wp\/v2\/pages\/4774\/revisions"}],"predecessor-version":[{"id":5803,"href":"https:\/\/medicaltravel.at\/tr\/wp-json\/wp\/v2\/pages\/4774\/revisions\/5803"}],"up":[{"embeddable":true,"href":"https:\/\/medicaltravel.at\/tr\/wp-json\/wp\/v2\/pages\/4771"}],"wp:attachment":[{"href":"https:\/\/medicaltravel.at\/tr\/wp-json\/wp\/v2\/media?parent=4774"}],"curies":[{"name":"wp","href":"https:\/\/api.w.org\/{rel}","templated":true}]}}