{"id":4771,"date":"2025-09-27T20:47:12","date_gmt":"2025-09-27T19:47:12","guid":{"rendered":"https:\/\/medicaltravel.at\/hasta-hikayeleri\/2011-yili-hasta-raporlari\/"},"modified":"2026-01-13T16:01:13","modified_gmt":"2026-01-13T15:01:13","slug":"2011-yili-hasta-raporlari","status":"publish","type":"page","link":"https:\/\/medicaltravel.at\/tr\/hasta-hikayeleri\/2011-yili-hasta-raporlari\/","title":{"rendered":"2011 Y\u0131l\u0131 Hasta Raporlar\u0131"},"content":{"rendered":"\t\t<div data-elementor-type=\"wp-page\" data-elementor-id=\"4771\" class=\"elementor elementor-4771 elementor-968\" data-elementor-post-type=\"page\">\n\t\t\t\t<div class=\"elementor-element elementor-element-5f0f5bd e-flex e-con-boxed wpr-particle-no wpr-jarallax-no wpr-parallax-no wpr-sticky-section-no e-con e-parent\" data-id=\"5f0f5bd\" data-element_type=\"container\" data-e-type=\"container\">\n\t\t\t\t\t<div class=\"e-con-inner\">\n\t\t<div class=\"elementor-element elementor-element-920f94b e-con-full e-flex wpr-particle-no wpr-jarallax-no wpr-parallax-no wpr-sticky-section-no e-con e-child\" data-id=\"920f94b\" data-element_type=\"container\" data-e-type=\"container\">\n\t\t\t\t<div class=\"elementor-element elementor-element-e66213a elementor-widget elementor-widget-button\" data-id=\"e66213a\" data-element_type=\"widget\" data-e-type=\"widget\" data-widget_type=\"button.default\">\n\t\t\t\t\t\t\t\t\t\t<a class=\"elementor-button elementor-button-link elementor-size-sm\" href=\"https:\/\/medicaltravel.at\/tr\/hasta-hikayeleri\/erfahrungsberichte-behandlungen-tuerkei\/\">\n\t\t\t\t\t\t<span class=\"elementor-button-content-wrapper\">\n\t\t\t\t\t\t\t\t\t<span class=\"elementor-button-text\">G\u00f6r\u00fc\u015f Raporlar\u0131<\/span>\n\t\t\t\t\t<\/span>\n\t\t\t\t\t<\/a>\n\t\t\t\t\t\t\t\t<\/div>\n\t\t\t\t<div class=\"elementor-element elementor-element-d73acb4 elementor-widget elementor-widget-button\" data-id=\"d73acb4\" data-element_type=\"widget\" data-e-type=\"widget\" data-widget_type=\"button.default\">\n\t\t\t\t\t\t\t\t\t\t<a class=\"elementor-button elementor-button-link elementor-size-sm\" href=\"https:\/\/medicaltravel.at\/tr\/hasta-hikayeleri\/goerues-raporlari-2012\/\">\n\t\t\t\t\t\t<span class=\"elementor-button-content-wrapper\">\n\t\t\t\t\t\t\t\t\t<span class=\"elementor-button-text\">G\u00f6r\u00fc\u015f Raporlar\u0131 2012<\/span>\n\t\t\t\t\t<\/span>\n\t\t\t\t\t<\/a>\n\t\t\t\t\t\t\t\t<\/div>\n\t\t\t\t<div class=\"elementor-element elementor-element-7dddcc9 elementor-widget elementor-widget-button\" data-id=\"7dddcc9\" data-element_type=\"widget\" data-e-type=\"widget\" data-widget_type=\"button.default\">\n\t\t\t\t\t\t\t\t\t\t<a class=\"elementor-button elementor-button-link elementor-size-sm\" href=\"https:\/\/medicaltravel.at\/tr\/hasta-hikayeleri\/2011-yili-hasta-raporlari\/\">\n\t\t\t\t\t\t<span class=\"elementor-button-content-wrapper\">\n\t\t\t\t\t\t\t\t\t<span class=\"elementor-button-text\">2011 Y\u0131l\u0131 Hasta Raporlar\u0131<\/span>\n\t\t\t\t\t<\/span>\n\t\t\t\t\t<\/a>\n\t\t\t\t\t\t\t\t<\/div>\n\t\t\t\t<div class=\"elementor-element elementor-element-0fa4fd4 elementor-widget elementor-widget-button\" data-id=\"0fa4fd4\" data-element_type=\"widget\" data-e-type=\"widget\" data-widget_type=\"button.default\">\n\t\t\t\t\t\t\t\t\t\t<a class=\"elementor-button elementor-button-link elementor-size-sm\" href=\"https:\/\/medicaltravel.at\/tr\/hasta-hikayeleri\/2009-2010-deneyim-raporlari\/\">\n\t\t\t\t\t\t<span class=\"elementor-button-content-wrapper\">\n\t\t\t\t\t\t\t\t\t<span class=\"elementor-button-text\">2009-2010 Y\u0131llar\u0131 Aras\u0131 Hasta Raporlar\u0131<\/span>\n\t\t\t\t\t<\/span>\n\t\t\t\t\t<\/a>\n\t\t\t\t\t\t\t\t<\/div>\n\t\t\t\t<div class=\"elementor-element elementor-element-c159cf6 elementor-widget elementor-widget-button\" data-id=\"c159cf6\" data-element_type=\"widget\" data-e-type=\"widget\" data-widget_type=\"button.default\">\n\t\t\t\t\t\t\t\t\t\t<a class=\"elementor-button elementor-button-link elementor-size-sm\" href=\"https:\/\/medicaltravel.at\/tr\/hasta-hikayeleri\/2007-yili-hasta-raporlari\/\">\n\t\t\t\t\t\t<span class=\"elementor-button-content-wrapper\">\n\t\t\t\t\t\t\t\t\t<span class=\"elementor-button-text\">2007 Y\u0131l\u0131 Hasta Raporlar\u0131<\/span>\n\t\t\t\t\t<\/span>\n\t\t\t\t\t<\/a>\n\t\t\t\t\t\t\t\t<\/div>\n\t\t\t\t<div class=\"elementor-element elementor-element-f7681c7 elementor-widget elementor-widget-button\" data-id=\"f7681c7\" data-element_type=\"widget\" data-e-type=\"widget\" data-widget_type=\"button.default\">\n\t\t\t\t\t\t\t\t\t\t<a class=\"elementor-button elementor-button-link elementor-size-sm\" href=\"https:\/\/medicaltravel.at\/tr\/hasta-hikayeleri\/eski-hasta-raporlari\/\">\n\t\t\t\t\t\t<span class=\"elementor-button-content-wrapper\">\n\t\t\t\t\t\t\t\t\t<span class=\"elementor-button-text\">Eski Hasta Raporlar\u0131<\/span>\n\t\t\t\t\t<\/span>\n\t\t\t\t\t<\/a>\n\t\t\t\t\t\t\t\t<\/div>\n\t\t\t\t<\/div>\n\t\t\t\t<div class=\"elementor-element elementor-element-39dfd38a elementor-widget elementor-widget-text-editor\" data-id=\"39dfd38a\" data-element_type=\"widget\" data-e-type=\"widget\" data-widget_type=\"text-editor.default\">\n\t\t\t\t\t\t\t\t\t<h2 class=\"wp-block-heading\">HASTA RAPORLARI 2011<\/h2><ul class=\"wp-block-list\"><li><a href=\"https:\/\/medicaltravel.at\/tr\/hasta-hikayeleri\/2011-yili-hasta-raporlari\/swisslasik-deneyim-raporu-pazar-01-ocak-2012-tarihli-rapor\/\" data-type=\"page\" data-id=\"1192\">SwissLasik Deneyim Raporu \u2013 Pazar, 01 Ocak 2012 tarihli rapor<\/a><\/li><li><a href=\"https:\/\/medicaltravel.at\/tr\/hasta-hikayeleri\/2011-yili-hasta-raporlari\/istanbulda-lasik-goez-ameliyati-deneyim-raporu-02-12-2011-cuma-02-aralik-2011-tarihli-rapor\/\" data-type=\"page\" data-id=\"1194\">\u0130stanbul\u2019da Lasik g\u00f6z ameliyat\u0131 deneyim raporu, 02.12.2011 \u2013 Cuma, 02 Aral\u0131k 2011 tarihli rapor<\/a><\/li><li><a href=\"https:\/\/medicaltravel.at\/tr\/hasta-hikayeleri\/2011-yili-hasta-raporlari\/istanbulda-goez-lazeri-ameliyati-deneyim-raporu-carsamba-30-kasim-2011-tarihli-rapor\/\" data-type=\"page\" data-id=\"1196\">\u0130stanbul\u2019da g\u00f6z lazeri ameliyat\u0131 deneyim raporu \u2013 \u00c7ar\u015famba, 30 Kas\u0131m 2011 tarihli rapor<\/a><\/li><li><a href=\"https:\/\/medicaltravel.at\/tr\/hasta-hikayeleri\/2011-yili-hasta-raporlari\/istanbulda-goez-lazeri-yaptirmak-verdigim-en-iyi-kararlardan-biri-carsamba-30-kasim-2011-tarihli-rapor\/\" data-type=\"page\" data-id=\"1198\">\u0130stanbul\u2019da g\u00f6z lazeri yapt\u0131rmak, verdi\u011fim en iyi kararlardan biri \u2013 \u00c7ar\u015famba, 30 Kas\u0131m 2011 tarihli rapor<\/a><\/li><li><a href=\"https:\/\/medicaltravel.at\/tr\/hasta-hikayeleri\/2011-yili-hasta-raporlari\/18-ekim-2011de-acibadem-hastanesinde-istanbulda-yaptirdigim-goez-lazeri-ameliyatim-sali-29-kasim-2011-tarihli-rapor\/\" data-type=\"page\" data-id=\"1200\">18 Ekim 2011\u2019de Ac\u0131badem Hastanesi\u2019nde \u0130stanbul\u2019da yapt\u0131rd\u0131\u011f\u0131m g\u00f6z lazeri ameliyat\u0131m \u2013 Sal\u0131, 29 Kas\u0131m 2011 tarihli rapor<\/a><\/li><li><a href=\"https:\/\/medicaltravel.at\/tr\/hasta-hikayeleri\/2011-yili-hasta-raporlari\/istanbuldaki-lasik-tedavim-carsamba-17-agustos-2011-tarihli-rapor\/\" data-type=\"page\" data-id=\"1203\">\u0130stanbul\u2019daki LASIK tedavim \u2013 \u00c7ar\u015famba, 17 A\u011fustos 2011 tarihli rapor<\/a><\/li><li><a href=\"https:\/\/medicaltravel.at\/tr\/hasta-hikayeleri\/2011-yili-hasta-raporlari\/istanbuldaki-acibadem-hastanesinde-cocuk-sahibi-olma-tedavimiz-pazar-14-agustos-2011-tarihli-rapor\/\" data-type=\"page\" data-id=\"1205\">\u0130stanbul\u2019daki Ac\u0131badem Hastanesi\u2019nde \u00e7ocuk sahibi olma tedavimiz \u2013 Pazar, 14 A\u011fustos 2011 tarihli rapor<\/a><\/li><li><a href=\"https:\/\/medicaltravel.at\/tr\/hasta-hikayeleri\/2011-yili-hasta-raporlari\/istanbuldaki-acibadem-hastanesinde-yaptirdigim-liposuction-yag-aldirma-islemi-pazar-07-agustos-2011-tarihli-rapor\/\" data-type=\"page\" data-id=\"1207\">\u0130stanbul\u2019daki Ac\u0131badem Hastanesi\u2019nde yapt\u0131rd\u0131\u011f\u0131m liposuction (ya\u011f ald\u0131rma) i\u015flemi \u2013 Pazar, 07 A\u011fustos 2011 tarihli rapor<\/a><\/li><li><a href=\"https:\/\/medicaltravel.at\/tr\/hasta-hikayeleri\/2011-yili-hasta-raporlari\/istanbuldaki-dis-tedavim-cumartesi-06-agustos-2011-tarihli-rapor\/\" data-type=\"page\" data-id=\"1209\">\u0130stanbul\u2019daki di\u015f tedavim \u2013 Cumartesi, 06 A\u011fustos 2011 tarihli rapor<\/a><\/li><li><a href=\"https:\/\/medicaltravel.at\/tr\/hasta-hikayeleri\/2011-yili-hasta-raporlari\/istanbulda-goez-ameliyati-yasam-kalitesinde-bueyuek-bir-artis-carsamba-03-agustos-2011-tarihli-rapor\/\" data-type=\"page\" data-id=\"1211\">\u0130stanbul\u2019da g\u00f6z ameliyat\u0131 \u2013 ya\u015fam kalitesinde b\u00fcy\u00fck bir art\u0131\u015f \u2013 \u00c7ar\u015famba, 03 A\u011fustos 2011 tarihli rapor<\/a><\/li><li><a href=\"https:\/\/medicaltravel.at\/tr\/hasta-hikayeleri\/2011-yili-hasta-raporlari\/goez-lasik-max-muellerin-22-martta-istanbulda-yapilan-ameliyat-deneyimi-carsamba-29-haziran-2011-tarihli-rapor\/\" data-type=\"page\" data-id=\"1213\">G\u00f6z LASIK, Max M\u00fcller\u2019in 22 Mart\u2019ta \u0130stanbul\u2019da yap\u0131lan ameliyat deneyimi \u2013 \u00c7ar\u015famba, 29 Haziran 2011 tarihli rapor<\/a><\/li><li><a href=\"https:\/\/medicaltravel.at\/tr\/hasta-hikayeleri\/2011-yili-hasta-raporlari\/21-04-2011-tarihli-goez-lazeri-yolculugum-pazartesi-13-haziran-2011-tarihli-rapor\/\" data-type=\"page\" data-id=\"1215\">21.04.2011 tarihli g\u00f6z lazeri yolculu\u011fum \u2013 Pazartesi, 13 Haziran 2011 tarihli rapor<\/a><\/li><li><a href=\"https:\/\/medicaltravel.at\/tr\/hasta-hikayeleri\/2011-yili-hasta-raporlari\/istanbuldaki-dis-tedavim-cumartesi-04-haziran-2011-tarihli-rapor\/\" data-type=\"page\" data-id=\"1217\">\u0130stanbul\u2019daki di\u015f tedavim \u2013 Cumartesi, 04 Haziran 2011 tarihli rapor<\/a><\/li><li><a href=\"https:\/\/medicaltravel.at\/tr\/hasta-hikayeleri\/2011-yili-hasta-raporlari\/istanbuldaki-lasek-deneyimim-persembe-26-mayis-2011-tarihli-rapor\/\" data-type=\"page\" data-id=\"1219\">\u0130stanbul\u2019daki LASEK deneyimim \u2013 Per\u015fembe, 26 May\u0131s 2011 tarihli rapor<\/a><\/li><li><a href=\"https:\/\/medicaltravel.at\/tr\/hasta-hikayeleri\/2011-yili-hasta-raporlari\/yeni-kazanilmis-yasam-kalitesi-cumartesi-21-mayis-2011-tarihli-rapor\/\" data-type=\"page\" data-id=\"1221\">Yeni kazan\u0131lm\u0131\u015f ya\u015fam kalitesi \u2013 Cumartesi, 21 May\u0131s 2011 tarihli rapor<\/a><\/li><li><a href=\"https:\/\/medicaltravel.at\/tr\/hasta-hikayeleri\/2011-yili-hasta-raporlari\/goez-lazeri-ameliyati-deneyim-raporu-07-04-2011-cuma-29-nisan-2011-tarihli-rapor\/\" data-type=\"page\" data-id=\"1223\">G\u00f6z lazeri ameliyat\u0131 deneyim raporu, 07.04.2011 \u2013 Cuma, 29 Nisan 2011 tarihli rapor<\/a><\/li><li><a href=\"https:\/\/medicaltravel.at\/tr\/hasta-hikayeleri\/2011-yili-hasta-raporlari\/istanbulda-lasik-ameliyati-deneyim-raporu-mart-2011-pazartesi-11-nisan-2011-tarihli-rapor\/\" data-type=\"page\" data-id=\"1225\">\u0130stanbul\u2019da LASIK ameliyat\u0131 deneyim raporu, Mart 2011 \u2013 Pazartesi, 11 Nisan 2011 tarihli rapor<\/a><\/li><li><a href=\"https:\/\/medicaltravel.at\/tr\/hasta-hikayeleri\/2011-yili-hasta-raporlari\/istanbulda-24-subat-2011-tarihli-goez-lazeri-deneyimim-carsamba-23-mart-2011-tarihli-rapor\/\" data-type=\"page\" data-id=\"1227\">\u0130stanbul\u2019da 24 \u015eubat 2011 tarihli g\u00f6z lazeri deneyimim \u2013 \u00c7ar\u015famba, 23 Mart 2011 tarihli rapor <\/a><\/li><li><a href=\"https:\/\/medicaltravel.at\/tr\/hasta-hikayeleri\/2011-yili-hasta-raporlari\/marcel-kaufmannin-14-ocak-2011-tarihli-lasik-goez-ameliyati-deneyim-raporu-carsamba-16-subat-2011-tarihli-rapor\/\" data-type=\"page\" data-id=\"1229\">Marcel Kaufmann\u2019in 14 Ocak 2011 tarihli LASIK g\u00f6z ameliyat\u0131 deneyim raporu \u2013 \u00c7ar\u015famba, 16 \u015eubat 2011 tarihli rapor<\/a><\/li><li><a href=\"https:\/\/medicaltravel.at\/tr\/hasta-hikayeleri\/2011-yili-hasta-raporlari\/istanbulda-lasik-ameliyati-deneyim-raporu-28-01-2011-cuma-28-ocak-2011-tarihli-rapor\/\" data-type=\"page\" data-id=\"1231\">\u0130stanbul\u2019da LASIK ameliyat\u0131 deneyim raporu \u2013 28.01.2011 \u2013 Cuma, 28 Ocak 2011 tarihli rapor<\/a><\/li><\/ul>\t\t\t\t\t\t\t\t<\/div>\n\t\t\t\t\t<\/div>\n\t\t\t\t<\/div>\n\t\t\t\t<\/div>\n\t\t","protected":false},"excerpt":{"rendered":"<p>G\u00f6r\u00fc\u015f Raporlar\u0131 G\u00f6r\u00fc\u015f Raporlar\u0131 2012 2011 Y\u0131l\u0131 Hasta Raporlar\u0131 2009-2010 Y\u0131llar\u0131 Aras\u0131 Hasta Raporlar\u0131 2007 Y\u0131l\u0131 Hasta Raporlar\u0131 Eski Hasta Raporlar\u0131 HASTA RAPORLARI 2011 SwissLasik Deneyim Raporu \u2013 Pazar, 01 Ocak 2012 tarihli rapor \u0130stanbul\u2019da Lasik g\u00f6z ameliyat\u0131 deneyim raporu, 02.12.2011 \u2013 Cuma, 02 Aral\u0131k 2011 tarihli rapor \u0130stanbul\u2019da g\u00f6z lazeri ameliyat\u0131 deneyim raporu \u2013 \u00c7ar\u015famba, 30 Kas\u0131m 2011 tarihli rapor \u0130stanbul\u2019da g\u00f6z lazeri yapt\u0131rmak, verdi\u011fim en iyi kararlardan biri \u2013 \u00c7ar\u015famba, 30 Kas\u0131m 2011 tarihli rapor 18 Ekim 2011\u2019de Ac\u0131badem Hastanesi\u2019nde \u0130stanbul\u2019da yapt\u0131rd\u0131\u011f\u0131m g\u00f6z lazeri ameliyat\u0131m \u2013 Sal\u0131, 29 Kas\u0131m 2011 tarihli rapor \u0130stanbul\u2019daki LASIK tedavim \u2013 \u00c7ar\u015famba, 17 A\u011fustos 2011 tarihli rapor \u0130stanbul\u2019daki Ac\u0131badem Hastanesi\u2019nde \u00e7ocuk sahibi olma tedavimiz \u2013 Pazar, 14 A\u011fustos 2011 tarihli rapor \u0130stanbul\u2019daki Ac\u0131badem Hastanesi\u2019nde yapt\u0131rd\u0131\u011f\u0131m liposuction (ya\u011f ald\u0131rma) i\u015flemi \u2013 Pazar, 07 A\u011fustos 2011 tarihli rapor \u0130stanbul\u2019daki di\u015f tedavim \u2013 Cumartesi, 06 A\u011fustos 2011 tarihli rapor \u0130stanbul\u2019da g\u00f6z ameliyat\u0131 \u2013 ya\u015fam kalitesinde b\u00fcy\u00fck bir art\u0131\u015f \u2013 \u00c7ar\u015famba, 03 A\u011fustos 2011 tarihli rapor G\u00f6z LASIK, Max M\u00fcller\u2019in 22 Mart\u2019ta \u0130stanbul\u2019da yap\u0131lan ameliyat deneyimi \u2013 \u00c7ar\u015famba, 29 Haziran 2011 tarihli rapor 21.04.2011 tarihli g\u00f6z lazeri yolculu\u011fum \u2013 Pazartesi, 13 Haziran 2011 tarihli rapor \u0130stanbul\u2019daki di\u015f tedavim \u2013 Cumartesi, 04 Haziran 2011 tarihli rapor \u0130stanbul\u2019daki LASEK deneyimim \u2013 Per\u015fembe, 26 May\u0131s 2011 tarihli rapor Yeni kazan\u0131lm\u0131\u015f ya\u015fam kalitesi \u2013 Cumartesi, 21 May\u0131s 2011 tarihli rapor G\u00f6z lazeri ameliyat\u0131 deneyim raporu, 07.04.2011 \u2013 Cuma, 29 Nisan 2011 tarihli rapor \u0130stanbul\u2019da LASIK ameliyat\u0131 deneyim raporu, Mart 2011 \u2013 Pazartesi, 11 Nisan 2011 tarihli rapor \u0130stanbul\u2019da 24 \u015eubat 2011 tarihli g\u00f6z lazeri deneyimim \u2013 \u00c7ar\u015famba, 23 Mart 2011 tarihli rapor Marcel Kaufmann\u2019in 14 Ocak 2011 tarihli LASIK g\u00f6z ameliyat\u0131 deneyim raporu \u2013 \u00c7ar\u015famba, 16 \u015eubat 2011 tarihli rapor \u0130stanbul\u2019da LASIK ameliyat\u0131 deneyim raporu \u2013 28.01.2011 \u2013 Cuma, 28 Ocak 2011 tarihli rapor<\/p>\n","protected":false},"author":4,"featured_media":0,"parent":4237,"menu_order":0,"comment_status":"closed","ping_status":"closed","template":"","meta":{"_joinchat":[],"footnotes":""},"class_list":["post-4771","page","type-page","status-publish","hentry"],"acf":[],"_links":{"self":[{"href":"https:\/\/medicaltravel.at\/tr\/wp-json\/wp\/v2\/pages\/4771","targetHints":{"allow":["GET"]}}],"collection":[{"href":"https:\/\/medicaltravel.at\/tr\/wp-json\/wp\/v2\/pages"}],"about":[{"href":"https:\/\/medicaltravel.at\/tr\/wp-json\/wp\/v2\/types\/page"}],"author":[{"embeddable":true,"href":"https:\/\/medicaltravel.at\/tr\/wp-json\/wp\/v2\/users\/4"}],"replies":[{"embeddable":true,"href":"https:\/\/medicaltravel.at\/tr\/wp-json\/wp\/v2\/comments?post=4771"}],"version-history":[{"count":4,"href":"https:\/\/medicaltravel.at\/tr\/wp-json\/wp\/v2\/pages\/4771\/revisions"}],"predecessor-version":[{"id":5816,"href":"https:\/\/medicaltravel.at\/tr\/wp-json\/wp\/v2\/pages\/4771\/revisions\/5816"}],"up":[{"embeddable":true,"href":"https:\/\/medicaltravel.at\/tr\/wp-json\/wp\/v2\/pages\/4237"}],"wp:attachment":[{"href":"https:\/\/medicaltravel.at\/tr\/wp-json\/wp\/v2\/media?parent=4771"}],"curies":[{"name":"wp","href":"https:\/\/api.w.org\/{rel}","templated":true}]}}