{"id":4763,"date":"2025-09-28T11:00:09","date_gmt":"2025-09-28T10:00:09","guid":{"rendered":"https:\/\/medicaltravel.at\/hasta-hikayeleri\/2007-yili-hasta-raporlari\/benim-lasik-istanbul-deneyimim-21-aralik-2007-cuma-tarihli-rapor\/"},"modified":"2026-01-01T23:07:29","modified_gmt":"2026-01-01T22:07:29","slug":"benim-lasik-istanbul-deneyimim-21-aralik-2007-cuma-tarihli-rapor","status":"publish","type":"page","link":"https:\/\/medicaltravel.at\/tr\/hasta-hikayeleri\/2007-yili-hasta-raporlari\/benim-lasik-istanbul-deneyimim-21-aralik-2007-cuma-tarihli-rapor\/","title":{"rendered":"Benim LASIK \u0130STANBUL Deneyimim \u2013 21 Aral\u0131k 2007 Cuma Tarihli Rapor"},"content":{"rendered":"\n<p><strong>Benim LASIK \u0130STANBUL Deneyimim<\/strong> \u2013 21 Aral\u0131k 2007 Cuma Tarihli Rapor<\/p>\n\n<p>Say\u0131n Bay Karaa\u011fa\u00e7l\u0131-Leoni<\/p>\n\n<p>Cuma g\u00fcn\u00fc h\u00e2l\u00e2 g\u00f6z doktorundayd\u0131m, her \u015feyin iyi g\u00f6r\u00fcnd\u00fc\u011f\u00fcn\u00fc s\u00f6yledi.<\/p>\n\n<p>\u0130\u015fte anketinize verdi\u011fim yan\u0131tlar.<\/p>\n\n<p>\u2013 Ameliyata y\u00f6nelik motivasyonunuz:<br\/>Lens ve g\u00f6zl\u00fckle s\u00fcrekli ya\u015fanan sorunlar.<\/p>\n\n<p>\u2013 Bizi nas\u0131l buldunuz:<br\/>\u0130nternet \u00fczerinden ve g\u00f6zl\u00fck\u00e7\u00fcm\u00fcn tavsiyesiyle.<\/p>\n\n<p>\u2013 Bizi tercih etme sebebiniz:<br\/>\u0130nternette uzun ara\u015ft\u0131rmalardan sonra.<br\/>Z\u00fcrih\u2019teki \u00f6n muayene: \u0130yi ve sorunsuz ge\u00e7ti.<\/p>\n\n<p>\u2013 swisslasik.ch\u2019in dan\u0131\u015fmanl\u0131k ve organizasyon konusundaki ba\u015far\u0131s\u0131:<br\/>\u0130yi ve sorunsuz bir dan\u0131\u015fmanl\u0131k.<\/p>\n\n<p>\u2013 swisslasikpass faydal\u0131 m\u0131?<br\/>Pasaport (swisslasikpass) \u0130stanbul\u2019da \u00e7ok faydal\u0131 oldu.<\/p>\n\n<p>\u2013 U\u00e7u\u015f, otel, kar\u015f\u0131lama hizmeti, EyeSTAR Klinik, personeli, ameliyat, ameliyat sonras\u0131 duygular\u0131n\u0131z:<br\/>Hepsi \u00e7ok iyiydi ve olduk\u00e7a memnun kald\u0131m.<\/p>\n\n<p>\u2013 Otel fiyat\u0131na g\u00f6re iyiydi, geri kalan her \u015fey m\u00fckemmeldi.<\/p>\n\n<p>Selamlar ve Te\u015fekk\u00fcrler.<\/p>\n\n<p>Hanspeter Zollinger<\/p>\n","protected":false},"excerpt":{"rendered":"<p>Benim LASIK \u0130STANBUL Deneyimim \u2013 21 Aral\u0131k 2007 Cuma Tarihli Rapor Say\u0131n Bay Karaa\u011fa\u00e7l\u0131-Leoni Cuma g\u00fcn\u00fc h\u00e2l\u00e2 g\u00f6z doktorundayd\u0131m, her \u015feyin iyi g\u00f6r\u00fcnd\u00fc\u011f\u00fcn\u00fc s\u00f6yledi. \u0130\u015fte anketinize verdi\u011fim yan\u0131tlar. \u2013 Ameliyata y\u00f6nelik motivasyonunuz:Lens ve g\u00f6zl\u00fckle s\u00fcrekli ya\u015fanan sorunlar. \u2013 Bizi nas\u0131l buldunuz:\u0130nternet \u00fczerinden ve g\u00f6zl\u00fck\u00e7\u00fcm\u00fcn tavsiyesiyle. \u2013 Bizi tercih etme sebebiniz:\u0130nternette uzun ara\u015ft\u0131rmalardan sonra.Z\u00fcrih\u2019teki \u00f6n muayene: \u0130yi ve sorunsuz ge\u00e7ti. \u2013 swisslasik.ch\u2019in dan\u0131\u015fmanl\u0131k ve organizasyon konusundaki ba\u015far\u0131s\u0131:\u0130yi ve sorunsuz bir dan\u0131\u015fmanl\u0131k. \u2013 swisslasikpass faydal\u0131 m\u0131?Pasaport (swisslasikpass) \u0130stanbul\u2019da \u00e7ok faydal\u0131 oldu. \u2013 U\u00e7u\u015f, otel, kar\u015f\u0131lama hizmeti, EyeSTAR Klinik, personeli, ameliyat, ameliyat sonras\u0131 duygular\u0131n\u0131z:Hepsi \u00e7ok iyiydi ve olduk\u00e7a memnun kald\u0131m. \u2013 Otel fiyat\u0131na g\u00f6re iyiydi, geri kalan her \u015fey m\u00fckemmeldi. Selamlar ve Te\u015fekk\u00fcrler. Hanspeter Zollinger<\/p>\n","protected":false},"author":4,"featured_media":0,"parent":4742,"menu_order":0,"comment_status":"closed","ping_status":"closed","template":"","meta":{"_joinchat":[],"footnotes":""},"class_list":["post-4763","page","type-page","status-publish","hentry"],"acf":[],"_links":{"self":[{"href":"https:\/\/medicaltravel.at\/tr\/wp-json\/wp\/v2\/pages\/4763","targetHints":{"allow":["GET"]}}],"collection":[{"href":"https:\/\/medicaltravel.at\/tr\/wp-json\/wp\/v2\/pages"}],"about":[{"href":"https:\/\/medicaltravel.at\/tr\/wp-json\/wp\/v2\/types\/page"}],"author":[{"embeddable":true,"href":"https:\/\/medicaltravel.at\/tr\/wp-json\/wp\/v2\/users\/4"}],"replies":[{"embeddable":true,"href":"https:\/\/medicaltravel.at\/tr\/wp-json\/wp\/v2\/comments?post=4763"}],"version-history":[{"count":1,"href":"https:\/\/medicaltravel.at\/tr\/wp-json\/wp\/v2\/pages\/4763\/revisions"}],"predecessor-version":[{"id":4764,"href":"https:\/\/medicaltravel.at\/tr\/wp-json\/wp\/v2\/pages\/4763\/revisions\/4764"}],"up":[{"embeddable":true,"href":"https:\/\/medicaltravel.at\/tr\/wp-json\/wp\/v2\/pages\/4742"}],"wp:attachment":[{"href":"https:\/\/medicaltravel.at\/tr\/wp-json\/wp\/v2\/media?parent=4763"}],"curies":[{"name":"wp","href":"https:\/\/api.w.org\/{rel}","templated":true}]}}