{"id":4742,"date":"2025-09-27T20:48:33","date_gmt":"2025-09-27T19:48:33","guid":{"rendered":"https:\/\/medicaltravel.at\/hasta-hikayeleri\/2007-yili-hasta-raporlari\/"},"modified":"2026-01-01T22:24:32","modified_gmt":"2026-01-01T21:24:32","slug":"2007-yili-hasta-raporlari","status":"publish","type":"page","link":"https:\/\/medicaltravel.at\/tr\/hasta-hikayeleri\/2007-yili-hasta-raporlari\/","title":{"rendered":"2007 Y\u0131l\u0131 Hasta Raporlar\u0131"},"content":{"rendered":"\t\t<div data-elementor-type=\"wp-page\" data-elementor-id=\"4742\" class=\"elementor elementor-4742 elementor-972\" data-elementor-post-type=\"page\">\n\t\t\t\t<div class=\"elementor-element elementor-element-494318cb e-flex e-con-boxed wpr-particle-no wpr-jarallax-no wpr-parallax-no wpr-sticky-section-no e-con e-parent\" data-id=\"494318cb\" data-element_type=\"container\" data-e-type=\"container\">\n\t\t\t\t\t<div class=\"e-con-inner\">\n\t\t<div class=\"elementor-element elementor-element-5dba720 e-con-full e-flex wpr-particle-no wpr-jarallax-no wpr-parallax-no wpr-sticky-section-no e-con e-child\" data-id=\"5dba720\" data-element_type=\"container\" data-e-type=\"container\">\n\t\t\t\t<div class=\"elementor-element elementor-element-7f477d3 elementor-widget elementor-widget-button\" data-id=\"7f477d3\" data-element_type=\"widget\" data-e-type=\"widget\" data-widget_type=\"button.default\">\n\t\t\t\t\t\t\t\t\t\t<a class=\"elementor-button elementor-button-link elementor-size-sm\" href=\"https:\/\/medicaltravel.at\/tr\/hasta-hikayeleri\/erfahrungsberichte-behandlungen-tuerkei\/\">\n\t\t\t\t\t\t<span class=\"elementor-button-content-wrapper\">\n\t\t\t\t\t\t\t\t\t<span class=\"elementor-button-text\">G\u00f6r\u00fc\u015f Raporlar\u0131<\/span>\n\t\t\t\t\t<\/span>\n\t\t\t\t\t<\/a>\n\t\t\t\t\t\t\t\t<\/div>\n\t\t\t\t<div class=\"elementor-element elementor-element-a6c89f0 elementor-widget elementor-widget-button\" data-id=\"a6c89f0\" data-element_type=\"widget\" data-e-type=\"widget\" data-widget_type=\"button.default\">\n\t\t\t\t\t\t\t\t\t\t<a class=\"elementor-button elementor-button-link elementor-size-sm\" href=\"https:\/\/medicaltravel.at\/tr\/hasta-hikayeleri\/goerues-raporlari-2012\/\">\n\t\t\t\t\t\t<span class=\"elementor-button-content-wrapper\">\n\t\t\t\t\t\t\t\t\t<span class=\"elementor-button-text\">G\u00f6r\u00fc\u015f Raporlar\u0131 2012<\/span>\n\t\t\t\t\t<\/span>\n\t\t\t\t\t<\/a>\n\t\t\t\t\t\t\t\t<\/div>\n\t\t\t\t<div class=\"elementor-element elementor-element-aedf62e elementor-widget elementor-widget-button\" data-id=\"aedf62e\" data-element_type=\"widget\" data-e-type=\"widget\" data-widget_type=\"button.default\">\n\t\t\t\t\t\t\t\t\t\t<a class=\"elementor-button elementor-button-link elementor-size-sm\" href=\"https:\/\/medicaltravel.at\/berichte-von-patienten\/patientenberichte-2011\/\">\n\t\t\t\t\t\t<span class=\"elementor-button-content-wrapper\">\n\t\t\t\t\t\t\t\t\t<span class=\"elementor-button-text\">2011 Y\u0131l\u0131 Hasta Raporlar\u0131<\/span>\n\t\t\t\t\t<\/span>\n\t\t\t\t\t<\/a>\n\t\t\t\t\t\t\t\t<\/div>\n\t\t\t\t<div class=\"elementor-element elementor-element-a7d0c95 elementor-widget elementor-widget-button\" data-id=\"a7d0c95\" data-element_type=\"widget\" data-e-type=\"widget\" data-widget_type=\"button.default\">\n\t\t\t\t\t\t\t\t\t\t<a class=\"elementor-button elementor-button-link elementor-size-sm\" href=\"https:\/\/medicaltravel.at\/tr\/hasta-hikayeleri\/2009-2010-deneyim-raporlari\/\">\n\t\t\t\t\t\t<span class=\"elementor-button-content-wrapper\">\n\t\t\t\t\t\t\t\t\t<span class=\"elementor-button-text\">2009-2010 Y\u0131llar\u0131 Aras\u0131 Hasta Raporlar\u0131<\/span>\n\t\t\t\t\t<\/span>\n\t\t\t\t\t<\/a>\n\t\t\t\t\t\t\t\t<\/div>\n\t\t\t\t<div class=\"elementor-element elementor-element-a5556d5 elementor-widget elementor-widget-button\" data-id=\"a5556d5\" data-element_type=\"widget\" data-e-type=\"widget\" data-widget_type=\"button.default\">\n\t\t\t\t\t\t\t\t\t\t<a class=\"elementor-button elementor-button-link elementor-size-sm\" href=\"https:\/\/medicaltravel.at\/tr\/hasta-hikayeleri\/2007-yili-hasta-raporlari\/\">\n\t\t\t\t\t\t<span class=\"elementor-button-content-wrapper\">\n\t\t\t\t\t\t\t\t\t<span class=\"elementor-button-text\">2007 Y\u0131l\u0131 Hasta Raporlar\u0131<\/span>\n\t\t\t\t\t<\/span>\n\t\t\t\t\t<\/a>\n\t\t\t\t\t\t\t\t<\/div>\n\t\t\t\t<div class=\"elementor-element elementor-element-998ae13 elementor-widget elementor-widget-button\" data-id=\"998ae13\" data-element_type=\"widget\" data-e-type=\"widget\" data-widget_type=\"button.default\">\n\t\t\t\t\t\t\t\t\t\t<a class=\"elementor-button elementor-button-link elementor-size-sm\" href=\"https:\/\/medicaltravel.at\/tr\/hasta-hikayeleri\/eski-hasta-raporlari\/\">\n\t\t\t\t\t\t<span class=\"elementor-button-content-wrapper\">\n\t\t\t\t\t\t\t\t\t<span class=\"elementor-button-text\">Eski Hasta Raporlar\u0131<\/span>\n\t\t\t\t\t<\/span>\n\t\t\t\t\t<\/a>\n\t\t\t\t\t\t\t\t<\/div>\n\t\t\t\t<\/div>\n\t\t\t\t<div class=\"elementor-element elementor-element-3854231a elementor-widget elementor-widget-text-editor\" data-id=\"3854231a\" data-element_type=\"widget\" data-e-type=\"widget\" data-widget_type=\"text-editor.default\">\n\t\t\t\t\t\t\t\t\t<h2 class=\"wp-block-heading\">HASTA YORUMLARI G\u00d6Z AMEL\u0130YATI T\u00dcRK\u0130YE<\/h2>\n<ul class=\"wp-block-list\"><li><a href=\"https:\/\/medicaltravel.at\/tr\/hasta-hikayeleri\/eski-hasta-raporlari\/benim-lasik-istanbul-deneyimim-21-aralik-2007-cuma-tarihli-rapor\/\" data-type=\"page\" data-id=\"1370\">Benim LASIK \u0130STANBUL deneyimim \u2013 21 Aral\u0131k 2007 Cuma tarihli rapor<\/a><\/li>\n<li><a href=\"https:\/\/medicaltravel.at\/tr\/hasta-hikayeleri\/eski-hasta-raporlari\/goez-lazeri-14-aralik-2007-cuma-tarihli-rapor\/\" data-type=\"page\" data-id=\"1372\">G\u00f6z lazeri \u2013 14 Aral\u0131k 2007 Cuma tarihli rapor<\/a><\/li>\n<li><a href=\"https:\/\/medicaltravel.at\/tr\/hasta-hikayeleri\/eski-hasta-raporlari\/bizim-goez-lazeri-ameliyatimiz-istanbulda-28-kasim-2007-carsamba-tarihli-rapor\/\" data-type=\"page\" data-id=\"1374\">Bizim G\u00d6Z LAZER\u0130 Ameliyat\u0131m\u0131z \u0130stanbul\u2019da \u2013 28 Kas\u0131m 2007 \u00c7ar\u015famba tarihli rapor<\/a><\/li>\n<li><a href=\"https:\/\/medicaltravel.at\/tr\/hasta-hikayeleri\/eski-hasta-raporlari\/goez-ameliyati-istanbulda-19-kasim-2007-pazartesi-tarihli-rapor\/\" data-type=\"page\" data-id=\"1376\">G\u00f6z ameliyat\u0131 \u0130stanbul\u2019da \u2013 19 Kas\u0131m 2007 Pazartesi tarihli rapor<\/a><\/li>\n<li><a href=\"https:\/\/medicaltravel.at\/tr\/hasta-hikayeleri\/eski-hasta-raporlari\/istanbuldaki-goez-lazer-ameliyatim-29-ekim-2007-pazartesi-tarihli-rapor\/\" data-type=\"page\" data-id=\"1378\">\u0130stanbul\u2019daki G\u00f6z Lazer Ameliyat\u0131m \u2013 29 Ekim 2007 Pazartesi tarihli rapor<\/a><\/li>\n<li><a href=\"https:\/\/medicaltravel.at\/tr\/hasta-hikayeleri\/eski-hasta-raporlari\/benim-istanbuldaki-lasik-ameliyati-deneyimim-28-ekim-2007-pazar-tarihli-rapor\/\" data-type=\"page\" data-id=\"1380\">Benim \u0130stanbul\u2019daki LASIK Ameliyat\u0131 Deneyimim \u2013 28 Ekim 2007 Pazar tarihli rapor<\/a><\/li>\n<li><a href=\"https:\/\/medicaltravel.at\/tr\/hasta-hikayeleri\/eski-hasta-raporlari\/goez-lazeri-deneyim-raporu-tuerkiye-02-ekim-2007-sali-tarihli-rapor\/\" data-type=\"page\" data-id=\"1382\">G\u00f6z Lazeri Deneyim Raporu T\u00fcrkiye \u2013 02 Ekim 2007 Sal\u0131 tarihli rapor<\/a><\/li>\n<li><a href=\"https:\/\/medicaltravel.at\/tr\/hasta-hikayeleri\/eski-hasta-raporlari\/goez-lazeri-deneyim-raporu-tuerkiye-27-temmuz-2007-cuma-tarihli-rapor\/\" data-type=\"page\" data-id=\"1384\">G\u00f6z Lazeri Deneyim Raporu T\u00fcrkiye \u2013 27 Temmuz 2007 Cuma tarihli rapor<\/a><\/li>\n<li><a href=\"https:\/\/medicaltravel.at\/tr\/hasta-hikayeleri\/eski-hasta-raporlari\/istanbulda-goez-lazeri-raporu-09-temmuz-2007-pazartesi-tarihli-rapor\/\" data-type=\"page\" data-id=\"1386\">\u0130stanbul\u2019da G\u00f6z Lazeri Raporu \u2013 09 Temmuz 2007 Pazartesi tarihli rapor<\/a><\/li>\n<li><a href=\"https:\/\/medicaltravel.at\/tr\/hasta-hikayeleri\/eski-hasta-raporlari\/lasik-istanbul-tuerkiye-deneyim-raporu-25-haziran-2007-pazartesi-tarihli-rapor\/\" data-type=\"page\" data-id=\"1388\">LASIK \u0130STANBUL \/ T\u00fcrkiye Deneyim Raporu \u2013 25 Haziran 2007 Pazartesi tarihli rapor<\/a><\/li>\n<li><a href=\"https:\/\/medicaltravel.at\/tr\/hasta-hikayeleri\/eski-hasta-raporlari\/benim-goez-lazeri-deneyimim-tuerkiye-15-haziran-2007-cuma-tarihli-rapor\/\" data-type=\"page\" data-id=\"1390\">Benim G\u00f6z Lazeri Deneyimim T\u00fcrkiye \u2013 15 Haziran 2007 Cuma tarihli rapor<\/a><\/li>\n<li><a href=\"https:\/\/medicaltravel.at\/tr\/hasta-hikayeleri\/eski-hasta-raporlari\/lasik-tuerkiye-hasta-raporu-20-mart-2007-sali-tarihli-rapor\/\" data-type=\"page\" data-id=\"1394\">LASIK T\u00fcrkiye Hasta Raporu \u2013 20 Mart 2007 Sal\u0131 tarihli rapor<\/a><\/li>\n<li><a href=\"https:\/\/medicaltravel.at\/tr\/hasta-hikayeleri\/eski-hasta-raporlari\/goez-lazeri-deneyim-raporu-istanbul-29-ocak-2007-pazartesi-tarihli-rapor\/\" data-type=\"page\" data-id=\"1396\">G\u00f6z Lazeri Deneyim Raporu \u0130stanbul \u2013 29 Ocak 2007 Pazartesi tarihli rapor<\/a><\/li>\n<\/ul>\t\t\t\t\t\t\t\t<\/div>\n\t\t\t\t\t<\/div>\n\t\t\t\t<\/div>\n\t\t\t\t<\/div>\n\t\t","protected":false},"excerpt":{"rendered":"<p>G\u00f6r\u00fc\u015f Raporlar\u0131 G\u00f6r\u00fc\u015f Raporlar\u0131 2012 2011 Y\u0131l\u0131 Hasta Raporlar\u0131 2009-2010 Y\u0131llar\u0131 Aras\u0131 Hasta Raporlar\u0131 2007 Y\u0131l\u0131 Hasta Raporlar\u0131 Eski Hasta Raporlar\u0131 HASTA YORUMLARI G\u00d6Z AMEL\u0130YATI T\u00dcRK\u0130YE Benim LASIK \u0130STANBUL deneyimim \u2013 21 Aral\u0131k 2007 Cuma tarihli rapor G\u00f6z lazeri \u2013 14 Aral\u0131k 2007 Cuma tarihli rapor Bizim G\u00d6Z LAZER\u0130 Ameliyat\u0131m\u0131z \u0130stanbul\u2019da \u2013 28 Kas\u0131m 2007 \u00c7ar\u015famba tarihli rapor G\u00f6z ameliyat\u0131 \u0130stanbul\u2019da \u2013 19 Kas\u0131m 2007 Pazartesi tarihli rapor \u0130stanbul\u2019daki G\u00f6z Lazer Ameliyat\u0131m \u2013 29 Ekim 2007 Pazartesi tarihli rapor Benim \u0130stanbul\u2019daki LASIK Ameliyat\u0131 Deneyimim \u2013 28 Ekim 2007 Pazar tarihli rapor G\u00f6z Lazeri Deneyim Raporu T\u00fcrkiye \u2013 02 Ekim 2007 Sal\u0131 tarihli rapor G\u00f6z Lazeri Deneyim Raporu T\u00fcrkiye \u2013 27 Temmuz 2007 Cuma tarihli rapor \u0130stanbul\u2019da G\u00f6z Lazeri Raporu \u2013 09 Temmuz 2007 Pazartesi tarihli rapor LASIK \u0130STANBUL \/ T\u00fcrkiye Deneyim Raporu \u2013 25 Haziran 2007 Pazartesi tarihli rapor Benim G\u00f6z Lazeri Deneyimim T\u00fcrkiye \u2013 15 Haziran 2007 Cuma tarihli rapor LASIK T\u00fcrkiye Hasta Raporu \u2013 20 Mart 2007 Sal\u0131 tarihli rapor G\u00f6z Lazeri Deneyim Raporu \u0130stanbul \u2013 29 Ocak 2007 Pazartesi tarihli rapor<\/p>\n","protected":false},"author":4,"featured_media":0,"parent":4237,"menu_order":0,"comment_status":"closed","ping_status":"closed","template":"","meta":{"_joinchat":[],"footnotes":""},"class_list":["post-4742","page","type-page","status-publish","hentry"],"acf":[],"_links":{"self":[{"href":"https:\/\/medicaltravel.at\/tr\/wp-json\/wp\/v2\/pages\/4742","targetHints":{"allow":["GET"]}}],"collection":[{"href":"https:\/\/medicaltravel.at\/tr\/wp-json\/wp\/v2\/pages"}],"about":[{"href":"https:\/\/medicaltravel.at\/tr\/wp-json\/wp\/v2\/types\/page"}],"author":[{"embeddable":true,"href":"https:\/\/medicaltravel.at\/tr\/wp-json\/wp\/v2\/users\/4"}],"replies":[{"embeddable":true,"href":"https:\/\/medicaltravel.at\/tr\/wp-json\/wp\/v2\/comments?post=4742"}],"version-history":[{"count":1,"href":"https:\/\/medicaltravel.at\/tr\/wp-json\/wp\/v2\/pages\/4742\/revisions"}],"predecessor-version":[{"id":4743,"href":"https:\/\/medicaltravel.at\/tr\/wp-json\/wp\/v2\/pages\/4742\/revisions\/4743"}],"up":[{"embeddable":true,"href":"https:\/\/medicaltravel.at\/tr\/wp-json\/wp\/v2\/pages\/4237"}],"wp:attachment":[{"href":"https:\/\/medicaltravel.at\/tr\/wp-json\/wp\/v2\/media?parent=4742"}],"curies":[{"name":"wp","href":"https:\/\/api.w.org\/{rel}","templated":true}]}}