{"id":4740,"date":"2025-09-27T21:17:38","date_gmt":"2025-09-27T20:17:38","guid":{"rendered":"https:\/\/medicaltravel.at\/hasta-hikayeleri\/erfahrungsberichte-behandlungen-tuerkei\/dis-korkusu-mu-istanbulda-bunu-unutun-07-kasim-2017-sali-tarihli-rapor\/"},"modified":"2026-01-13T14:25:28","modified_gmt":"2026-01-13T13:25:28","slug":"dis-korkusu-mu-istanbulda-bunu-unutun-07-kasim-2017-sali-tarihli-rapor","status":"publish","type":"page","link":"https:\/\/medicaltravel.at\/tr\/hasta-hikayeleri\/erfahrungsberichte-behandlungen-tuerkei\/dis-korkusu-mu-istanbulda-bunu-unutun-07-kasim-2017-sali-tarihli-rapor\/","title":{"rendered":"D\u0130\u015e KORKUSU MU? \u0130STANBUL\u2019DA BUNU UNUTUN &#8211; 07 Kas\u0131m 2017, Sal\u0131 Tarihli Rapor"},"content":{"rendered":"\n<p><strong>D\u0130\u015e KORKUSU MU? \u0130STANBUL\u2019DA BUNU UNUTUN <\/strong>&#8211; 07 Kas\u0131m 2017, Sal\u0131 Tarihli Rapor<\/p>\n\n<p>Evime d\u00f6nd\u00fckten sonra bile bu harika ve ba\u015far\u0131l\u0131 hafta kar\u015f\u0131s\u0131nda h\u00e2l\u00e2 \u00e7ok \u015fa\u015fk\u0131n\u0131m.<\/p>\n\n<p>E\u015fim ve ben doktor ziyaretlerini pek sevmiyoruz ve olduk\u00e7a korkuluyuz. E\u015fim daha \u00f6nce di\u015f doktorlar\u0131nda k\u00f6t\u00fc deneyimler ya\u015fam\u0131\u015f ve bu nedenle di\u015f hekimi korkusu geli\u015ftirmi\u015fti. Art\u0131k bir daha di\u015f doktoruna gitmeye cesaret edemedi\u011fi i\u00e7in a\u011fz\u0131nda b\u00fcy\u00fck sorunlar vard\u0131. Ac\u0131badem\u2019de (Frau \u00d6zt\u00fcrk) tamamen a\u011fr\u0131s\u0131z bir tedavi g\u00f6rd\u00fckten sonra, gelecekte di\u015f i\u00e7in sadece oraya gitmeye karar verdik.   <\/p>\n\n<p>Benim tedavim g\u00f6z alt\u0131 morluklar\u0131 i\u00e7in dolgu uygulamas\u0131yd\u0131. \u0130\u011fneden a\u015f\u0131r\u0131 derecede korkuyorum ve bunun \u00fcstesinden gelebilece\u011fimi hayal edemiyordum, ama g\u00f6z alt\u0131 morluklar\u0131ndan kurtulma iste\u011fim \u00e7ok b\u00fcy\u00fckt\u00fc. \u015eimdi s\u00f6yleyebilirim ki, bunu her g\u00fcn yapt\u0131r\u0131r\u0131m, hi\u00e7 teredd\u00fct etmeden. Bay Tatlidede ile yap\u0131lan tedavi \u00e7ok rahatt\u0131 ve sonu\u00e7 ger\u00e7ekten harika! \u0130\u011fneyi ne g\u00f6rmek ne de hissetmek zorunda kald\u0131m.    <\/p>\n\n<p>Hizmetten bahsetmek bile istemiyorum, \u00e7\u00fcnk\u00fc ger\u00e7ekten M\u00dcKEMMELD\u0130. Bizi al\u0131yorlar, t\u00fcm randevulara g\u00f6t\u00fcr\u00fcyorlar ve istenilen dilde kusursuz bir \u015fekilde e\u015flik ediyorlar. <\/p>\n\n<p>\u0130lk kez Turkish Airlines ile u\u00e7tuk ve \u00e7ok etkilendik. \u00c7ok seyahat ediyoruz ama b\u00f6yle rahat bir u\u00e7u\u015f, harika yemekler, tablette m\u00fckemmel e\u011flence programlar\u0131 ve m\u00fckemmel hizmeti daha \u00f6nce hi\u00e7 ya\u015famad\u0131k. Ke\u015fke Turkish Airlines d\u00fcnyan\u0131n t\u00fcm rotalar\u0131na u\u00e7sa, \u00e7\u00fcnk\u00fc bir daha asla ba\u015fka birini tercih etmem.  <\/p>\n\n<p>MedicalTravel arac\u0131l\u0131\u011f\u0131yla seyahatimi planlatmak ve organize ettirmek m\u00fckemmel bir hizmetti ve bundan sonra t\u00fcm tedavi seyahatlerimi yaln\u0131zca MedicalTravel \u00fczerinden yapt\u0131raca\u011f\u0131m.<\/p>\n\n<p>Kaltrina ve Rinor Canaj<\/p>\n\n<div class=\"wp-block-group is-layout-grid wp-container-core-group-is-layout-baef362d wp-block-group-is-layout-grid\">\n<p><a href=\"https:\/\/medicaltravel.at\/home\/agb\/\" data-type=\"page\" data-id=\"2191\"><\/a><a href=\"https:\/\/medicaltravel.at\/tr\/hasta-hikayeleri\/erfahrungsberichte-behandlungen-tuerkei\/yuez-tedavim-kendi-yagim-ve-peeling-ekim-2017-24-kasim-2017-cuma-tarihli-rapor\/\" data-type=\"link\" data-id=\"https:\/\/medicaltravel.at\/berichte-von-patienten\/erfahrungsberichte\/meine-gesichtsbehandlung-eigenfett-und-peeling-oktober-2017-bericht-vom-freitag-24-november-2017\/\">\u00d6nceki Rapor<\/a><\/p>\n\n\n\n<p class=\"has-text-align-right wp-container-content-5e2576f9\"><a href=\"https:\/\/medicaltravel.at\/home\/impressum\/\" data-type=\"page\" data-id=\"2193\"><\/a><a href=\"https:\/\/medicaltravel.at\/home\/berichte-von-patienten\/erfahrungsberichte\/erfahrungsbericht-zahnbehandlung-in-istanbul\/\" data-type=\"page\" data-id=\"981\"><\/a><a href=\"https:\/\/medicaltravel.at\/tr\/hasta-hikayeleri\/erfahrungsberichte-behandlungen-tuerkei\/istanbuldaki-dis-kaplama-tedavimden-tamamen-memnun-kaldim-12-ekim-2017-persembe-deneyimim\/\" data-type=\"link\" data-id=\"https:\/\/medicaltravel.at\/berichte-von-patienten\/erfahrungsberichte\/meine-zahnkrone-behandlung-in-istanbul-vollumfaenglich-befriedigt-bericht-vom-donnerstag-12-oktober-2017\/\">Sonraki Rapor<\/a><\/p>\n<\/div>\n","protected":false},"excerpt":{"rendered":"<p>D\u0130\u015e KORKUSU MU? \u0130STANBUL\u2019DA BUNU UNUTUN &#8211; 07 Kas\u0131m 2017, Sal\u0131 Tarihli Rapor Evime d\u00f6nd\u00fckten sonra bile bu harika ve ba\u015far\u0131l\u0131 hafta kar\u015f\u0131s\u0131nda h\u00e2l\u00e2 \u00e7ok \u015fa\u015fk\u0131n\u0131m. E\u015fim ve ben doktor ziyaretlerini pek sevmiyoruz ve olduk\u00e7a korkuluyuz. E\u015fim daha \u00f6nce di\u015f doktorlar\u0131nda k\u00f6t\u00fc deneyimler ya\u015fam\u0131\u015f ve bu nedenle di\u015f hekimi korkusu geli\u015ftirmi\u015fti. Art\u0131k bir daha di\u015f doktoruna gitmeye cesaret edemedi\u011fi i\u00e7in a\u011fz\u0131nda b\u00fcy\u00fck sorunlar vard\u0131. Ac\u0131badem\u2019de (Frau \u00d6zt\u00fcrk) tamamen a\u011fr\u0131s\u0131z bir tedavi g\u00f6rd\u00fckten sonra, gelecekte di\u015f i\u00e7in sadece oraya gitmeye karar verdik. Benim tedavim g\u00f6z alt\u0131 morluklar\u0131 i\u00e7in dolgu uygulamas\u0131yd\u0131. \u0130\u011fneden a\u015f\u0131r\u0131 derecede korkuyorum ve bunun \u00fcstesinden gelebilece\u011fimi hayal edemiyordum, ama g\u00f6z alt\u0131 morluklar\u0131ndan kurtulma iste\u011fim \u00e7ok b\u00fcy\u00fckt\u00fc. \u015eimdi s\u00f6yleyebilirim ki, bunu her g\u00fcn yapt\u0131r\u0131r\u0131m, hi\u00e7 teredd\u00fct etmeden. Bay Tatlidede ile yap\u0131lan tedavi \u00e7ok rahatt\u0131 ve sonu\u00e7 ger\u00e7ekten harika! \u0130\u011fneyi ne g\u00f6rmek ne de hissetmek zorunda kald\u0131m. Hizmetten bahsetmek bile istemiyorum, \u00e7\u00fcnk\u00fc ger\u00e7ekten M\u00dcKEMMELD\u0130. Bizi al\u0131yorlar, t\u00fcm randevulara g\u00f6t\u00fcr\u00fcyorlar ve istenilen dilde kusursuz bir \u015fekilde e\u015flik ediyorlar. \u0130lk kez Turkish Airlines ile u\u00e7tuk ve \u00e7ok etkilendik. \u00c7ok seyahat ediyoruz ama b\u00f6yle rahat bir u\u00e7u\u015f, harika yemekler, tablette m\u00fckemmel e\u011flence programlar\u0131 ve m\u00fckemmel hizmeti daha \u00f6nce hi\u00e7 ya\u015famad\u0131k. Ke\u015fke Turkish Airlines d\u00fcnyan\u0131n t\u00fcm rotalar\u0131na u\u00e7sa, \u00e7\u00fcnk\u00fc bir daha asla ba\u015fka birini tercih etmem. MedicalTravel arac\u0131l\u0131\u011f\u0131yla seyahatimi planlatmak ve organize ettirmek m\u00fckemmel bir hizmetti ve bundan sonra t\u00fcm tedavi seyahatlerimi yaln\u0131zca MedicalTravel \u00fczerinden yapt\u0131raca\u011f\u0131m. Kaltrina ve Rinor Canaj \u00d6nceki Rapor Sonraki Rapor<\/p>\n","protected":false},"author":4,"featured_media":0,"parent":4603,"menu_order":0,"comment_status":"closed","ping_status":"closed","template":"","meta":{"_joinchat":[],"footnotes":""},"class_list":["post-4740","page","type-page","status-publish","hentry"],"acf":[],"_links":{"self":[{"href":"https:\/\/medicaltravel.at\/tr\/wp-json\/wp\/v2\/pages\/4740","targetHints":{"allow":["GET"]}}],"collection":[{"href":"https:\/\/medicaltravel.at\/tr\/wp-json\/wp\/v2\/pages"}],"about":[{"href":"https:\/\/medicaltravel.at\/tr\/wp-json\/wp\/v2\/types\/page"}],"author":[{"embeddable":true,"href":"https:\/\/medicaltravel.at\/tr\/wp-json\/wp\/v2\/users\/4"}],"replies":[{"embeddable":true,"href":"https:\/\/medicaltravel.at\/tr\/wp-json\/wp\/v2\/comments?post=4740"}],"version-history":[{"count":1,"href":"https:\/\/medicaltravel.at\/tr\/wp-json\/wp\/v2\/pages\/4740\/revisions"}],"predecessor-version":[{"id":4741,"href":"https:\/\/medicaltravel.at\/tr\/wp-json\/wp\/v2\/pages\/4740\/revisions\/4741"}],"up":[{"embeddable":true,"href":"https:\/\/medicaltravel.at\/tr\/wp-json\/wp\/v2\/pages\/4603"}],"wp:attachment":[{"href":"https:\/\/medicaltravel.at\/tr\/wp-json\/wp\/v2\/media?parent=4740"}],"curies":[{"name":"wp","href":"https:\/\/api.w.org\/{rel}","templated":true}]}}