{"id":4738,"date":"2025-09-27T21:40:27","date_gmt":"2025-09-27T20:40:27","guid":{"rendered":"https:\/\/medicaltravel.at\/hasta-hikayeleri\/erfahrungsberichte-behandlungen-tuerkei\/goezlerim-ve-ben-istanbulda-kendi-sacimin-nakli-nasil-gecti-carsamba-06-ocak-2016-tarihli-rapor\/"},"modified":"2026-01-13T14:41:37","modified_gmt":"2026-01-13T13:41:37","slug":"goezlerim-ve-ben-istanbulda-kendi-sacimin-nakli-nasil-gecti-carsamba-06-ocak-2016-tarihli-rapor","status":"publish","type":"page","link":"https:\/\/medicaltravel.at\/tr\/hasta-hikayeleri\/erfahrungsberichte-behandlungen-tuerkei\/goezlerim-ve-ben-istanbulda-kendi-sacimin-nakli-nasil-gecti-carsamba-06-ocak-2016-tarihli-rapor\/","title":{"rendered":"G\u00f6zlerim ve Ben \u2013 \u0130stanbul\u2019da Kendi Sa\u00e7\u0131m\u0131n Nakli Nas\u0131l Ge\u00e7ti \u2013 \u00c7ar\u015famba, 06 Ocak 2016 tarihli rapor"},"content":{"rendered":"\n<p><strong>\u0130stanbul\u2019daki ki\u015fisel sa\u00e7 ekimim nas\u0131l ge\u00e7ti? <\/strong>\u2013 \u00c7ar\u015famba, 06 Ocak 2016 tarihli rapor<\/p>\n\n<p>Size Bern\u2019deki MedicalTravel ile ya\u015fad\u0131\u011f\u0131m deneyimi ve onlar\u0131n organize etti\u011fi T\u00fcrkiye\u2019deki sa\u00e7 ekimi s\u00fcrecini anlatmak istiyorum.<\/p>\n\n<p>38 ya\u015f\u0131nday\u0131m ve birka\u00e7 ayd\u0131r sa\u00e7 ekimi yapt\u0131rmay\u0131 d\u00fc\u015f\u00fcn\u00fcyordum. Asl\u0131nda \u00e7ok fazla sa\u00e7 kayb\u0131m yoktu, bu y\u00fczden \u00f6n tarafta ve al\u0131n b\u00f6lgesinde sadece k\u00fc\u00e7\u00fck a\u00e7\u0131kl\u0131klar, ba\u015f\u0131n arka k\u0131sm\u0131nda da birka\u00e7 bo\u015f alan vard\u0131. Buna ra\u011fmen rahats\u0131z oluyordum, ne kadar az olsa da. \u00d6zellikle yaz\u0131n sa\u00e7lar\u0131m\u0131 k\u0131sa tuttu\u011fumda, sa\u00e7s\u0131z b\u00f6lgeler daha \u00e7ok belli oluyordu ve bu beni rahats\u0131z ediyordu. \u0130\u015fte bu y\u00fczden sa\u00e7 ekimi yapt\u0131rmaya karar verdim.    <\/p>\n\n<p>T\u00fcrkiye\u2019nin bu konuda \u00e7ok iyi doktorlar ve kliniklere sahip oldu\u011funu ve bu i\u015flemi \u0130svi\u00e7re\u2019ye k\u0131yasla olduk\u00e7a uygun bir fiyata \u00e7ok iyi yapabildiklerini biliyordum ve duymu\u015ftum. Bu y\u00fczden internetten klinikler, doktorlar, deneyim payla\u015f\u0131mlar\u0131 ve yorumlar\u0131 ara\u015ft\u0131rd\u0131m. Ne yaz\u0131k ki bu pek yard\u0131mc\u0131 olmad\u0131, \u00e7\u00fcnk\u00fc farkl\u0131 klinik ve doktorlarla ilgili bir\u00e7ok farkl\u0131 g\u00f6r\u00fc\u015f vard\u0131. A\u00e7\u0131k konu\u015fmak gerekirse, \u00e7o\u011fu yorum ya \u00e7ok reklam gibi ya da kas\u0131tl\u0131 olarak k\u00f6t\u00fcleme amac\u0131 ta\u015f\u0131yormu\u015f gibi g\u00f6r\u00fcn\u00fcyordu.  <\/p>\n\n<p>Sonunda olduk\u00e7a iyi olduklar\u0131 s\u00f6ylenen 2\u20133 doktordan haberdar oldum. Ancak bu doktorlarda randevu almak i\u00e7in 2\u20133 ay \u00f6nceden rezervasyon yapmak gerekiyordu ve benim bu kadar zaman\u0131m yoktu. Biraz daha ara\u015ft\u0131rma yapt\u0131ktan sonra MedicalTravel\u2019in internet sitesine ula\u015ft\u0131m. Kendileri Bern\u2019de bulunuyor ve sa\u00e7 ekimi konusunda \u0130stanbul\u2019daki bir klinikle \u00e7al\u0131\u015f\u0131yorlar.   <\/p>\n\n<p>MedicalTravel ekibi \u00e7ok yard\u0131mc\u0131yd\u0131 ve t\u00fcm sorular\u0131m\u0131 netle\u015ftirdi. Ayr\u0131ca ilk de\u011ferlendirme i\u00e7in \u00f6ncesi foto\u011fraflar\u0131m\u0131 tedaviyi yapacak doktora g\u00f6nderdiler. Bu sayede bana sa\u00e7 ekiminin benim i\u00e7in m\u00fcmk\u00fcn olup olmad\u0131\u011f\u0131n\u0131, ka\u00e7 greft gerekti\u011fini ve bunun ne kadara mal olaca\u011f\u0131n\u0131 s\u00f6yleyebildiler. <\/p>\n\n<p>Benim i\u00e7in tahmini olarak 2500\u20132800 greft gerekiyordu ve bunun maliyeti 2500 Euro olacakt\u0131. Bu fiyata MedicalTravel taraf\u0131ndan verilen t\u00fcm dan\u0131\u015fmanl\u0131k ve organizasyon hizmetleri ile birlikte benimle \u00f6nceden kararla\u015ft\u0131r\u0131lan randevular dahildi. Ayr\u0131ca klini\u011fe \u00e7ok yak\u0131n, g\u00fczel bir otelde 2 gece konaklama da fiyata dahildi. Bunun yan\u0131nda havaalan\u0131ndan otele transfer, d\u00f6n\u00fc\u015fte tekrar havaalan\u0131na b\u0131rak\u0131lma, otelden al\u0131n\u0131p klini\u011fe g\u00f6t\u00fcr\u00fclme ve tekrar otele geri getirilme de hizmet kapsam\u0131nda yer al\u0131yordu. Ayn\u0131 zamanda her yere e\u015flik eden bir terc\u00fcman da fiyata dahildi. Ancak ben \u0130stanbul\u2019a \u00f6nceden gitmi\u015f oldu\u011fum i\u00e7in transfer hizmetinden faydalanmad\u0131m.    <\/p>\n\n<p>Dan\u0131\u015fmanl\u0131k randevusundan bir g\u00fcn \u00f6nce otele giri\u015f yapt\u0131m. Otel, Fulda \/ \u0130stanbul\u2019daki Ac\u0131badem Klini\u011fi\u2019ne 50 metre mesafedeydi. Otel g\u00fczel ve temizdi, personel ise \u00e7ok g\u00fcler y\u00fczl\u00fcyd\u00fc.  <\/p>\n\n<p>Ertesi g\u00fcn Ac\u0131badem Klini\u011fi\u2019ne gittim ve resepsiyonda terc\u00fcman beni bekliyordu. Klinik i\u00e7indeki t\u00fcm randevular\u0131m boyunca, toplam 3 g\u00fcn boyunca bana e\u015flik etti. Uzman doktor Prof. Dr. Ferit Demirkan ile dan\u0131\u015fmanl\u0131k g\u00f6r\u00fc\u015fmesini yapt\u0131m. Bana asl\u0131nda sadece 1800\u20132000 greftin yeterli olaca\u011f\u0131 s\u00f6ylendi. Sa\u00e7 ekimi s\u0131ras\u0131nda ve sonras\u0131nda s\u00fcrecin nas\u0131l ilerleyece\u011fini detayl\u0131 \u015fekilde anlatt\u0131.<br\/><br\/>A\u00e7\u0131k\u00e7as\u0131 \u0130stanbul\u2019dayken birka\u00e7 farkl\u0131 doktor ve klinikten de bilgi almay\u0131 d\u00fc\u015f\u00fcn\u00fcyordum ama doktorla yapt\u0131\u011f\u0131m g\u00f6r\u00fc\u015fme, klinikteki genel ortam ve giri\u015fteki kar\u015f\u0131lanma bana o kadar g\u00fcven verdi ki kendi kendime sa\u00e7 ekimini bu klinikte yapt\u0131rmak istedi\u011fimi s\u00f6yledim. Karar\u0131m\u0131 verdikten sonra g\u00f6r\u00fc\u015fmenin ard\u0131ndan bir PRP tedavisi yapt\u0131k, bu da fiyata dahildi. Bunun i\u00e7in bir hem\u015fire benden birka\u00e7 ml kan ald\u0131, kan santrif\u00fcj edildi ve plazma yani berrak s\u0131v\u0131 ayr\u0131\u015ft\u0131r\u0131ld\u0131. Daha sonra doktor bu plazmay\u0131 enjekt\u00f6rle sa\u00e7 derimin alt\u0131na enjekte etti. Bu \u00f6n tedavinin sa\u00e7 derisine bir\u00e7ok de\u011ferli besin maddesi sa\u011flad\u0131\u011f\u0131 ve sa\u00e7 ekiminin sonucunu olumlu y\u00f6nde etkiledi\u011fi s\u00f6ylendi. A\u00e7\u0131k\u00e7as\u0131 sa\u00e7 derisine yap\u0131lan i\u011fneler biraz ac\u0131tt\u0131 ama dayan\u0131lmayacak gibi de\u011fildi.        <\/p>\n\n<p>Sonra 2. g\u00fcn, yani ekim g\u00fcn\u00fc, doktorla tekrar k\u0131sa bir g\u00f6r\u00fc\u015fme yapt\u0131m. Ard\u0131ndan klinik i\u00e7indeki kuaf\u00f6re ge\u00e7tik ve sa\u00e7lar\u0131m tamamen kaz\u0131nd\u0131. Bu, sa\u00e7 ekiminin en iyi \u015fekilde yap\u0131labilmesi i\u00e7in gerekliydi. Daha sonra k\u00fc\u00e7\u00fck bir m\u00fcdahale odas\u0131na al\u0131nd\u0131m ve i\u015flem i\u00e7in haz\u0131rl\u0131klar yap\u0131ld\u0131. \u00d6nl\u00fck giydirildi, yata\u011fa uzand\u0131m ve lokal anestezi uygulanmas\u0131n\u0131 bekledim. Bu s\u0131rada ila\u00e7 enjekt\u00f6rle sa\u00e7 derimin alt\u0131na verildi. Ekilecek alan\u0131n b\u00fcy\u00fckl\u00fc\u011f\u00fcne g\u00f6re 20 ila 40 aras\u0131 i\u011fne yap\u0131l\u0131yor ve buna katlanmak gerekiyor. A\u00e7\u0131k\u00e7as\u0131 bu a\u015fama olduk\u00e7a a\u011fr\u0131l\u0131yd\u0131. Baz\u0131 b\u00f6lgelerde daha az ac\u0131 hissedilirken, baz\u0131 yerler ger\u00e7ekten \u00e7ok ac\u0131tt\u0131. Ama yeterli irade ile bu s\u00fcreci atlatmak m\u00fcmk\u00fcn. En az\u0131ndan bu lokal anesteziden sonra, t\u00fcm sa\u00e7 ekimi boyunca herhangi bir a\u011fr\u0131 hissetmiyorsunuz. Sa\u00e7 ekimi i\u015flemi bende t\u00fcm detaylar\u0131yla birlikte yakla\u015f\u0131k 3,5 saat s\u00fcrd\u00fc ve sonu\u00e7ta toplam 2000 greft ekildi.          <\/p>\n\n<p>Ancak sa\u00e7 ekimi i\u015flemini doktor de\u011fil, asistanlar ger\u00e7ekle\u015ftirdi. Zaten \u00e7o\u011fu klinikte planlamay\u0131 doktor yapar, uygulamay\u0131 ise e\u011fitimli asistanlar \u00fcstlenir. Elbette klini\u011fe ve i\u015flemi yapan ki\u015filerin e\u011fitim seviyesine g\u00f6re, doktorun bizzat uygulamas\u0131 daha iyi olabilir. Ancak doktor olmayan personel iyi e\u011fitimliyse ve \u00e7ok deneyimliyse, en az doktor kadar iyi, hatta bazen daha iyi sonu\u00e7lar elde edilebilir. \u00c7\u00fcnk\u00fc bu ki\u015filer doktorlara k\u0131yasla \u00e7ok daha fazla pratik yapmaktad\u0131r. Ayr\u0131ca bana \u00f6n\u00fcm\u00fczdeki g\u00fcnler ve haftalar i\u00e7in sa\u00e7 y\u0131kama, uyurken dikkat edilmesi gerekenler gibi konularda nas\u0131l hareket etmem gerekti\u011fini de anlatt\u0131lar.     <\/p>\n\n<p>Sa\u00e7 ekiminden sonraki g\u00fcn, bandaj\u0131n de\u011fi\u015ftirilmesi ve son kontrol i\u00e7in doktorla tekrar bir randevum vard\u0131.<\/p>\n\n<p>Bundan sonra tekrar geri d\u00f6nebildim. \u0130ki hafta boyunca sa\u00e7 derimi \u00f6nce 15\u201330 dakika Bepanthen ile yumu\u015fatt\u0131m, ard\u0131ndan \u00f6zel \u015fampuanla y\u0131kad\u0131m. \u015eu an sa\u00e7 ekiminin \u00fczerinden 3 hafta ge\u00e7ti ve beklendi\u011fi gibi ekilen sa\u00e7lar d\u00f6k\u00fclmeye ba\u015flad\u0131. \u00d6n\u00fcm\u00fczdeki 2\u20133 ay i\u00e7inde tekrar \u00e7\u0131kmalar\u0131 bekleniyor.  <\/p>\n\n<p>Ki\u015fisel olarak hem Bern\u2019deki MedicalTravel\u2019i hem de Ac\u0131badem Klini\u011fi\u2019ni g\u00fcvenle tavsiye edebilirim.<\/p>\n\n<p>Sevgilerimle<\/p>\n\n<p>\u00d6zcan \u00d6zalt\u0131n<\/p>\n\n<div class=\"wp-block-group is-layout-grid wp-container-core-group-is-layout-baef362d wp-block-group-is-layout-grid\">\n<p><a href=\"https:\/\/medicaltravel.at\/home\/agb\/\" data-type=\"page\" data-id=\"2191\"><\/a><a href=\"https:\/\/medicaltravel.at\/tr\/hasta-hikayeleri\/erfahrungsberichte-behandlungen-tuerkei\/hasta-deneyimi-istanbuldaki-goegues-bueyuetme-ameliyatim-carsamba-06-ocak-2016-tarihli-deneyim-yazisi\/\" data-type=\"link\" data-id=\"https:\/\/medicaltravel.at\/berichte-von-patienten\/erfahrungsberichte\/der-patientenbericht-meine-brustvergroesserung-in-istanbul-bericht-vom-mittwoch-06-januar-2016\/\">\u00d6nceki Rapor<\/a><\/p>\n\n\n\n<p class=\"has-text-align-right wp-container-content-5e2576f9\"><a href=\"https:\/\/medicaltravel.at\/home\/impressum\/\" data-type=\"page\" data-id=\"2193\"><\/a><a href=\"https:\/\/medicaltravel.at\/home\/berichte-von-patienten\/erfahrungsberichte\/erfahrungsbericht-zahnbehandlung-in-istanbul\/\" data-type=\"page\" data-id=\"981\"><\/a><a href=\"https:\/\/medicaltravel.at\/tr\/hasta-hikayeleri\/erfahrungsberichte-behandlungen-tuerkei\/istanbul-tuerkiyede-goegues-bueyuetme-hasta-deneyimi-04-aralik-2015-cuma-deneyimim\/\" data-type=\"link\" data-id=\"https:\/\/medicaltravel.at\/berichte-von-patienten\/erfahrungsberichte\/patientenbericht-brustvergroesserung-istanbul-tuerkei-bericht-vom-freitag-04-dezember-2015\/\">Sonraki Rapor<\/a><\/p>\n<\/div>\n","protected":false},"excerpt":{"rendered":"<p>\u0130stanbul\u2019daki ki\u015fisel sa\u00e7 ekimim nas\u0131l ge\u00e7ti? \u2013 \u00c7ar\u015famba, 06 Ocak 2016 tarihli rapor Size Bern\u2019deki MedicalTravel ile ya\u015fad\u0131\u011f\u0131m deneyimi ve onlar\u0131n organize etti\u011fi T\u00fcrkiye\u2019deki sa\u00e7 ekimi s\u00fcrecini anlatmak istiyorum. 38 ya\u015f\u0131nday\u0131m ve birka\u00e7 ayd\u0131r sa\u00e7 ekimi yapt\u0131rmay\u0131 d\u00fc\u015f\u00fcn\u00fcyordum. Asl\u0131nda \u00e7ok fazla sa\u00e7 kayb\u0131m yoktu, bu y\u00fczden \u00f6n tarafta ve al\u0131n b\u00f6lgesinde sadece k\u00fc\u00e7\u00fck a\u00e7\u0131kl\u0131klar, ba\u015f\u0131n arka k\u0131sm\u0131nda da birka\u00e7 bo\u015f alan vard\u0131. Buna ra\u011fmen rahats\u0131z oluyordum, ne kadar az olsa da. \u00d6zellikle yaz\u0131n sa\u00e7lar\u0131m\u0131 k\u0131sa tuttu\u011fumda, sa\u00e7s\u0131z b\u00f6lgeler daha \u00e7ok belli oluyordu ve bu beni rahats\u0131z ediyordu. \u0130\u015fte bu y\u00fczden sa\u00e7 ekimi yapt\u0131rmaya karar verdim. T\u00fcrkiye\u2019nin bu konuda \u00e7ok iyi doktorlar ve kliniklere sahip oldu\u011funu ve bu i\u015flemi \u0130svi\u00e7re\u2019ye k\u0131yasla olduk\u00e7a uygun bir fiyata \u00e7ok iyi yapabildiklerini biliyordum ve duymu\u015ftum. Bu y\u00fczden internetten klinikler, doktorlar, deneyim payla\u015f\u0131mlar\u0131 ve yorumlar\u0131 ara\u015ft\u0131rd\u0131m. Ne yaz\u0131k ki bu pek yard\u0131mc\u0131 olmad\u0131, \u00e7\u00fcnk\u00fc farkl\u0131 klinik ve doktorlarla ilgili bir\u00e7ok farkl\u0131 g\u00f6r\u00fc\u015f vard\u0131. A\u00e7\u0131k konu\u015fmak gerekirse, \u00e7o\u011fu yorum ya \u00e7ok reklam gibi ya da kas\u0131tl\u0131 olarak k\u00f6t\u00fcleme amac\u0131 ta\u015f\u0131yormu\u015f gibi g\u00f6r\u00fcn\u00fcyordu. Sonunda olduk\u00e7a iyi olduklar\u0131 s\u00f6ylenen 2\u20133 doktordan haberdar oldum. Ancak bu doktorlarda randevu almak i\u00e7in 2\u20133 ay \u00f6nceden rezervasyon yapmak gerekiyordu ve benim bu kadar zaman\u0131m yoktu. Biraz daha ara\u015ft\u0131rma yapt\u0131ktan sonra MedicalTravel\u2019in internet sitesine ula\u015ft\u0131m. Kendileri Bern\u2019de bulunuyor ve sa\u00e7 ekimi konusunda \u0130stanbul\u2019daki bir klinikle \u00e7al\u0131\u015f\u0131yorlar. MedicalTravel ekibi \u00e7ok yard\u0131mc\u0131yd\u0131 ve t\u00fcm sorular\u0131m\u0131 netle\u015ftirdi. Ayr\u0131ca ilk de\u011ferlendirme i\u00e7in \u00f6ncesi foto\u011fraflar\u0131m\u0131 tedaviyi yapacak doktora g\u00f6nderdiler. Bu sayede bana sa\u00e7 ekiminin benim i\u00e7in m\u00fcmk\u00fcn olup olmad\u0131\u011f\u0131n\u0131, ka\u00e7 greft gerekti\u011fini ve bunun ne kadara mal olaca\u011f\u0131n\u0131 s\u00f6yleyebildiler. Benim i\u00e7in tahmini olarak 2500\u20132800 greft gerekiyordu ve bunun maliyeti 2500 Euro olacakt\u0131. Bu fiyata MedicalTravel taraf\u0131ndan verilen t\u00fcm dan\u0131\u015fmanl\u0131k ve organizasyon hizmetleri ile birlikte benimle \u00f6nceden kararla\u015ft\u0131r\u0131lan randevular dahildi. Ayr\u0131ca klini\u011fe \u00e7ok yak\u0131n, g\u00fczel bir otelde 2 gece konaklama da fiyata dahildi. Bunun yan\u0131nda havaalan\u0131ndan otele transfer, d\u00f6n\u00fc\u015fte tekrar havaalan\u0131na b\u0131rak\u0131lma, otelden al\u0131n\u0131p klini\u011fe g\u00f6t\u00fcr\u00fclme ve tekrar otele geri getirilme de hizmet kapsam\u0131nda yer al\u0131yordu. Ayn\u0131 zamanda her yere e\u015flik eden bir terc\u00fcman da fiyata dahildi. Ancak ben \u0130stanbul\u2019a \u00f6nceden gitmi\u015f oldu\u011fum i\u00e7in transfer hizmetinden faydalanmad\u0131m. Dan\u0131\u015fmanl\u0131k randevusundan bir g\u00fcn \u00f6nce otele giri\u015f yapt\u0131m. Otel, Fulda \/ \u0130stanbul\u2019daki Ac\u0131badem Klini\u011fi\u2019ne 50 metre mesafedeydi. Otel g\u00fczel ve temizdi, personel ise \u00e7ok g\u00fcler y\u00fczl\u00fcyd\u00fc. Ertesi g\u00fcn Ac\u0131badem Klini\u011fi\u2019ne gittim ve resepsiyonda terc\u00fcman beni bekliyordu. Klinik i\u00e7indeki t\u00fcm randevular\u0131m boyunca, toplam 3 g\u00fcn boyunca bana e\u015flik etti. Uzman doktor Prof. Dr. Ferit Demirkan ile dan\u0131\u015fmanl\u0131k g\u00f6r\u00fc\u015fmesini yapt\u0131m. Bana asl\u0131nda sadece 1800\u20132000 greftin yeterli olaca\u011f\u0131 s\u00f6ylendi. Sa\u00e7 ekimi s\u0131ras\u0131nda ve sonras\u0131nda s\u00fcrecin nas\u0131l ilerleyece\u011fini detayl\u0131 \u015fekilde anlatt\u0131. A\u00e7\u0131k\u00e7as\u0131 \u0130stanbul\u2019dayken birka\u00e7 farkl\u0131 doktor ve klinikten de bilgi almay\u0131 d\u00fc\u015f\u00fcn\u00fcyordum ama doktorla yapt\u0131\u011f\u0131m g\u00f6r\u00fc\u015fme, klinikteki genel ortam ve giri\u015fteki kar\u015f\u0131lanma bana o kadar g\u00fcven verdi ki kendi kendime sa\u00e7 ekimini bu klinikte yapt\u0131rmak istedi\u011fimi s\u00f6yledim. Karar\u0131m\u0131 verdikten sonra g\u00f6r\u00fc\u015fmenin ard\u0131ndan bir PRP tedavisi yapt\u0131k, bu da fiyata dahildi. Bunun i\u00e7in bir hem\u015fire benden birka\u00e7 ml kan ald\u0131, kan santrif\u00fcj edildi ve plazma yani berrak s\u0131v\u0131 ayr\u0131\u015ft\u0131r\u0131ld\u0131. Daha sonra doktor bu plazmay\u0131 enjekt\u00f6rle sa\u00e7 derimin alt\u0131na enjekte etti. Bu \u00f6n tedavinin sa\u00e7 derisine bir\u00e7ok de\u011ferli besin maddesi sa\u011flad\u0131\u011f\u0131 ve sa\u00e7 ekiminin sonucunu olumlu y\u00f6nde etkiledi\u011fi s\u00f6ylendi. A\u00e7\u0131k\u00e7as\u0131 sa\u00e7 derisine yap\u0131lan i\u011fneler biraz ac\u0131tt\u0131 ama dayan\u0131lmayacak gibi de\u011fildi. Sonra 2. g\u00fcn, yani ekim g\u00fcn\u00fc, doktorla tekrar k\u0131sa bir g\u00f6r\u00fc\u015fme yapt\u0131m. Ard\u0131ndan klinik i\u00e7indeki kuaf\u00f6re ge\u00e7tik ve sa\u00e7lar\u0131m tamamen kaz\u0131nd\u0131. Bu, sa\u00e7 ekiminin en iyi \u015fekilde yap\u0131labilmesi i\u00e7in gerekliydi. Daha sonra k\u00fc\u00e7\u00fck bir m\u00fcdahale odas\u0131na al\u0131nd\u0131m ve i\u015flem i\u00e7in haz\u0131rl\u0131klar yap\u0131ld\u0131. \u00d6nl\u00fck giydirildi, yata\u011fa uzand\u0131m ve lokal anestezi uygulanmas\u0131n\u0131 bekledim. Bu s\u0131rada ila\u00e7 enjekt\u00f6rle sa\u00e7 derimin alt\u0131na verildi. Ekilecek alan\u0131n b\u00fcy\u00fckl\u00fc\u011f\u00fcne g\u00f6re 20 ila 40 aras\u0131 i\u011fne yap\u0131l\u0131yor ve buna katlanmak gerekiyor. A\u00e7\u0131k\u00e7as\u0131 bu a\u015fama olduk\u00e7a a\u011fr\u0131l\u0131yd\u0131. Baz\u0131 b\u00f6lgelerde daha az ac\u0131 hissedilirken, baz\u0131 yerler ger\u00e7ekten \u00e7ok ac\u0131tt\u0131. Ama yeterli irade ile bu s\u00fcreci atlatmak m\u00fcmk\u00fcn. En az\u0131ndan bu lokal anesteziden sonra, t\u00fcm sa\u00e7 ekimi boyunca herhangi bir a\u011fr\u0131 hissetmiyorsunuz. Sa\u00e7 ekimi i\u015flemi bende t\u00fcm detaylar\u0131yla birlikte yakla\u015f\u0131k 3,5 saat s\u00fcrd\u00fc ve sonu\u00e7ta toplam 2000 greft ekildi. Ancak sa\u00e7 ekimi i\u015flemini doktor de\u011fil, asistanlar ger\u00e7ekle\u015ftirdi. Zaten \u00e7o\u011fu klinikte planlamay\u0131 doktor yapar, uygulamay\u0131 ise e\u011fitimli asistanlar \u00fcstlenir. Elbette klini\u011fe ve i\u015flemi yapan ki\u015filerin e\u011fitim seviyesine g\u00f6re, doktorun bizzat uygulamas\u0131 daha iyi olabilir. Ancak doktor olmayan personel iyi e\u011fitimliyse ve \u00e7ok deneyimliyse, en az doktor kadar iyi, hatta bazen daha iyi sonu\u00e7lar elde edilebilir. \u00c7\u00fcnk\u00fc bu ki\u015filer doktorlara k\u0131yasla \u00e7ok daha fazla pratik yapmaktad\u0131r. Ayr\u0131ca bana \u00f6n\u00fcm\u00fczdeki g\u00fcnler ve haftalar i\u00e7in sa\u00e7 y\u0131kama, uyurken dikkat edilmesi gerekenler gibi konularda nas\u0131l hareket etmem gerekti\u011fini de anlatt\u0131lar. Sa\u00e7 ekiminden sonraki g\u00fcn, bandaj\u0131n de\u011fi\u015ftirilmesi ve son kontrol i\u00e7in doktorla tekrar bir randevum vard\u0131. Bundan sonra tekrar geri d\u00f6nebildim. \u0130ki hafta boyunca sa\u00e7 derimi \u00f6nce 15\u201330 dakika Bepanthen ile yumu\u015fatt\u0131m, ard\u0131ndan \u00f6zel \u015fampuanla y\u0131kad\u0131m. \u015eu an sa\u00e7 ekiminin \u00fczerinden 3 hafta ge\u00e7ti ve beklendi\u011fi gibi ekilen sa\u00e7lar d\u00f6k\u00fclmeye ba\u015flad\u0131. \u00d6n\u00fcm\u00fczdeki 2\u20133 ay i\u00e7inde tekrar \u00e7\u0131kmalar\u0131 bekleniyor. Ki\u015fisel olarak hem Bern\u2019deki MedicalTravel\u2019i hem de Ac\u0131badem Klini\u011fi\u2019ni g\u00fcvenle tavsiye edebilirim. Sevgilerimle \u00d6zcan \u00d6zalt\u0131n \u00d6nceki Rapor Sonraki Rapor<\/p>\n","protected":false},"author":4,"featured_media":0,"parent":4603,"menu_order":0,"comment_status":"closed","ping_status":"closed","template":"","meta":{"_joinchat":[],"footnotes":""},"class_list":["post-4738","page","type-page","status-publish","hentry"],"acf":[],"_links":{"self":[{"href":"https:\/\/medicaltravel.at\/tr\/wp-json\/wp\/v2\/pages\/4738","targetHints":{"allow":["GET"]}}],"collection":[{"href":"https:\/\/medicaltravel.at\/tr\/wp-json\/wp\/v2\/pages"}],"about":[{"href":"https:\/\/medicaltravel.at\/tr\/wp-json\/wp\/v2\/types\/page"}],"author":[{"embeddable":true,"href":"https:\/\/medicaltravel.at\/tr\/wp-json\/wp\/v2\/users\/4"}],"replies":[{"embeddable":true,"href":"https:\/\/medicaltravel.at\/tr\/wp-json\/wp\/v2\/comments?post=4738"}],"version-history":[{"count":3,"href":"https:\/\/medicaltravel.at\/tr\/wp-json\/wp\/v2\/pages\/4738\/revisions"}],"predecessor-version":[{"id":5464,"href":"https:\/\/medicaltravel.at\/tr\/wp-json\/wp\/v2\/pages\/4738\/revisions\/5464"}],"up":[{"embeddable":true,"href":"https:\/\/medicaltravel.at\/tr\/wp-json\/wp\/v2\/pages\/4603"}],"wp:attachment":[{"href":"https:\/\/medicaltravel.at\/tr\/wp-json\/wp\/v2\/media?parent=4738"}],"curies":[{"name":"wp","href":"https:\/\/api.w.org\/{rel}","templated":true}]}}