{"id":4736,"date":"2025-09-27T21:30:03","date_gmt":"2025-09-27T20:30:03","guid":{"rendered":"https:\/\/medicaltravel.at\/hasta-hikayeleri\/erfahrungsberichte-behandlungen-tuerkei\/istanbulu-son-zamanlarda-nasil-yasadim-carsamba-03-agustos-2016-tarihli-rapor\/"},"modified":"2026-01-13T14:35:11","modified_gmt":"2026-01-13T13:35:11","slug":"istanbulu-son-zamanlarda-nasil-yasadim-carsamba-03-agustos-2016-tarihli-rapor","status":"publish","type":"page","link":"https:\/\/medicaltravel.at\/tr\/hasta-hikayeleri\/erfahrungsberichte-behandlungen-tuerkei\/istanbulu-son-zamanlarda-nasil-yasadim-carsamba-03-agustos-2016-tarihli-rapor\/","title":{"rendered":"\u0130STANBUL\u2019U SON ZAMANLARDA NASIL YA\u015eADIM? \u2013 \u00c7ar\u015famba, 03 A\u011fustos 2016 tarihli rapor"},"content":{"rendered":"\n<p><strong>\u0130STANBUL\u2019U SON ZAMANLARDA NASIL YA\u015eADIM?<\/strong> \u2013 \u00c7ar\u015famba, 03 A\u011fustos 2016 tarihli rapor<\/p>\n\n<p>Ara\u015ft\u0131rmalar\u0131m s\u0131ras\u0131nda, tedaviyi (Femto Lazer) yurt d\u0131\u015f\u0131nda yapt\u0131rmam gerekti\u011fi h\u0131zl\u0131ca belli oldu; bunun en b\u00fcy\u00fck nedeni maliyetti (\u0130stanbul\u2019da fiyat, \u0130svi\u00e7re\u2019ye k\u0131yasla \u00fc\u00e7te birden az). K\u0131sa bir internet ara\u015ft\u0131rmas\u0131yla farkl\u0131 sa\u011flay\u0131c\u0131lar ortaya \u00e7\u0131kt\u0131; benim i\u00e7in SwissLasik\u2019in teklifini kabul etme sebebi, \u00f6ncelikle \u00e7ok say\u0131da olumlu deneyim payla\u015f\u0131m\u0131 ve net ileti\u015fimi oldu. Bir di\u011fer art\u0131 ise, bana yak\u0131n bir \u015fubelerinin olmas\u0131yd\u0131; b\u00f6ylece oradaki ekibi \u015fahsen g\u00f6r\u00fcp tan\u0131yabilme f\u0131rsat\u0131m oldu.  <\/p>\n\n<p>\u00c7evrem, \u0130stanbul\u2019a g\u00f6z lazeri ameliyat\u0131 i\u00e7in gidece\u011fimi s\u00f6yledi\u011fimde biraz tedirgin tepki verdi. Bir yandan t\u0131bbi standartlar\u0131n yeterince y\u00fcksek olmayabilece\u011fi endi\u015fesi vard\u0131, di\u011fer yandan da mevcut siyasi durumdan dolay\u0131 kayg\u0131 vard\u0131. Siyasi durumun nas\u0131l geli\u015fece\u011fini de\u011ferlendiremiyorum (Temmuz 2016 sonu itibar\u0131yla her \u015fey sakin g\u00f6r\u00fcn\u00fcyordu: Sokakta asker yoktu, u\u00e7u\u015flar normaldi), ama t\u0131bbi standartlar hakk\u0131nda s\u00f6yleyebilece\u011fim \u015feyler var. Hastane sadece alt\u0131 y\u0131l \u00f6nce a\u00e7\u0131lm\u0131\u015f ve di\u011fer \u00f6zel hastanelerle k\u0131yasland\u0131\u011f\u0131nda geride de\u011fil. Bununla ilgili detaylara sonra de\u011finece\u011fim.    <\/p>\n\n<p>Spora yakla\u015f\u0131k 15 dakika uzakl\u0131kta olan Levent Hotel ***\u2019i rezerve ettim. Orta fiyat segmentinde bir otel arayanlar i\u00e7in rahatl\u0131kla tavsiye edebilirim. Resepsiyon 7\/24 a\u00e7\u0131kt\u0131 ve \u0130ngilizce konu\u015fan bir g\u00f6revli vard\u0131; ayr\u0131ca \u015fehir hakk\u0131nda faydal\u0131 bilgiler verebiliyorlard\u0131. Kahvalt\u0131 b\u00fcfesi her zaman bol \u00e7e\u015fitliydi ve vejetaryen\/vegan misafirler i\u00e7in de yeterli se\u00e7enekler sunuluyordu.   <\/p>\n\n<p>Ac\u0131badem Hastanesi\u2019nden bir \u00e7al\u0131\u015fanla ilk kar\u015f\u0131la\u015fmam, \u0130stanbul Havaliman\u0131 \u00e7\u0131k\u0131\u015f\u0131ndaki Health Point\u2019te oldu. U\u00e7u\u015fum \u00fc\u00e7 saat gecikti\u011fi i\u00e7in ilk kar\u015f\u0131lama randevusunu ka\u00e7\u0131rm\u0131\u015ft\u0131m. Ancak Health Point\u2019teki gen\u00e7 g\u00f6revli, birka\u00e7 dakikal\u0131k beklemenin ard\u0131ndan hemen yeni bir transfer ayarlad\u0131. Otele gidi\u015f sorunsuz ge\u00e7ti, sonraki t\u00fcm transferler de \u00f6yleydi. Biraz \u015fa\u015f\u0131rt\u0131c\u0131 olan, \u015fof\u00f6rlerin neredeyse her zaman zaman\u0131ndan \u00f6nce, belirlenen saatin 5 dakika \u00f6ncesinde gelmeleriydi (trafik genellikle \u00e7ok yo\u011fundur). Ara\u00e7lar ayr\u0131ca tamamen temiz ve d\u00fczenliydi.     <\/p>\n\n<p>Var\u0131\u015f g\u00fcn\u00fcnden sonraki g\u00fcn, Sal\u0131 26.07 itibar\u0131yla her \u015fey ba\u015flad\u0131. Kahvalt\u0131dan sonra al\u0131nd\u0131m ve Ac\u0131badem Hastanesi\u2019ne g\u00f6t\u00fcr\u00fcld\u00fcm. Orada hemen Almanca konu\u015fan terc\u00fcman\u0131m taraf\u0131ndan kar\u015f\u0131land\u0131m. Ard\u0131ndan beni g\u00f6z merkezi olan \u201cAugenkompetenz-Zentrum\u201de y\u00f6nlendirdiler. Birka\u00e7 muayene yap\u0131ld\u0131 ve aralarda yakla\u015f\u0131k 30 dakika beklemek gerekiyordu. Yakla\u015f\u0131k iki saat sonra, i\u015flem yapacak doktorla g\u00f6r\u00fc\u015fme ger\u00e7ekle\u015fti; bana uygun oldu\u011fum m\u00fcjdesini verdi (Swiss Lasik \u0130svi\u00e7re\u2019de \u00f6n muayene yapm\u0131\u015ft\u0131, ancak kesin de\u011ferlendirmeyi sadece doktor yapabiliyor).<br\/><br\/>Burada bir ipucu: Bekleme s\u00fcrelerini de\u011ferlendirmek i\u00e7in yan\u0131n\u0131za bir kitap ve MP3 \u00e7alar alman\u0131z iyi olur.<br\/><br\/>Bundan sonra bir nevi \u201c\u00f6\u011fle aras\u0131\u201d oldu, \u00e7\u00fcnk\u00fc i\u015flem \u00f6\u011fleden sonra saat 14:00\u2019e planlanm\u0131\u015ft\u0131. Bu arada g\u00f6zlerime pupilleri geni\u015fletmek i\u00e7in damla damlat\u0131ld\u0131 (endi\u015felenmeyin, \u0131\u015f\u0131\u011fa hassasiyet ve hafif bulan\u0131k g\u00f6rme normal yan etkiler).        <\/p>\n\n<p>Saat 14:00\u2019e k\u0131sa bir s\u00fcre kala terc\u00fcman\u0131m beni al\u0131p i\u015flem alan\u0131na g\u00f6t\u00fcrd\u00fc. K\u0131sa bir s\u00fcreli\u011fine sa\u00e7 filesi ve ameliyat \u00f6nl\u00fc\u011f\u00fc giydim ve haz\u0131r oldum.<br\/><br\/>Ameliyat her iki g\u00f6z i\u00e7in yakla\u015f\u0131k 15 dakika s\u00fcrd\u00fc. \u201cFlap\u201d ad\u0131 verilen kesiyi yapmak biraz rahats\u0131z ediciydi ama a\u011fr\u0131l\u0131 de\u011fildi. G\u00f6zlerin lazerle tedavisi ise sadece yakla\u015f\u0131k 5 saniye s\u00fcrd\u00fc ve tamamen a\u011fr\u0131s\u0131zd\u0131.<br\/><br\/>Ameliyattan sonra ilk d\u00f6rt saat g\u00f6r\u00fc\u015f pek iyi olmaz; g\u00f6rme \u00fczerinde bir perde gibi hissiyat olur ve \u0131\u015f\u0131\u011fa kar\u015f\u0131 hassasiyet artar. Doktor hemen bir kontrol yapt\u0131ktan sonra bana koruyucu g\u00f6zl\u00fck ve g\u00f6z damlas\u0131 verdi. Terc\u00fcman t\u00fcm s\u00fcre boyunca yan\u0131mdayd\u0131, ne yapmam gerekti\u011fini a\u00e7\u0131klad\u0131 ve t\u00fcm sorular\u0131m\u0131 yetkin bir \u015fekilde yan\u0131tlad\u0131.      <\/p>\n\n<p>Ameliyattan sonraki ilk d\u00f6rt saatte g\u00f6zler biraz yanabilir ve odaklanmak zor olabilir, ama ameliyat\u0131n sonucunu \u00e7ok h\u0131zl\u0131 bir \u015fekilde g\u00f6rmek m\u00fcmk\u00fcn. Geri kalan g\u00fcn\u00fc otelimde ge\u00e7irdim. Ertesi sabah ise kontroller i\u00e7in al\u0131nd\u0131m; bu kontrol de sadece birka\u00e7 dakika s\u00fcrd\u00fc.  <\/p>\n\n<p>Bu kontrolden sonra tedavi tamamlanm\u0131\u015f oldu ve art\u0131k g\u00fczel \u0130stanbul \u015fehrini ke\u015ffetmekte \u00f6zg\u00fcrd\u00fcm. Bu noktada Kapal\u0131\u00e7ar\u015f\u0131\u2019y\u0131 mutlaka ziyaret etmenizi tavsiye ederim. <\/p>\n\n<p>U\u00e7u\u015fum Cuma g\u00fcn\u00fc \u0130svi\u00e7re\u2019ye geri d\u00f6n\u00fc\u015f i\u00e7inydi; transfer de \u00f6nceden ayarlanm\u0131\u015ft\u0131, bu y\u00fczden hi\u00e7bir endi\u015fe duymama gerek kalmad\u0131.<\/p>\n\n<p>Ameliyattan bu yana bir hafta ge\u00e7ti ve iyile\u015fme s\u00fcreci \u00e7ok iyi gidiyor. Art\u0131k d\u00fcnyay\u0131 t\u00fcm ayr\u0131nt\u0131lar\u0131yla g\u00f6rebilmek harika bir his. Bu nedenle SwissLasik ile g\u00f6z lazeri tedavisini g\u00f6n\u00fcl rahatl\u0131\u011f\u0131yla tavsiye edebilirim.  <\/p>\n\n<p>Ron-John Dillier 03.08.16<\/p>\n\n<div class=\"wp-block-group is-layout-grid wp-container-core-group-is-layout-baef362d wp-block-group-is-layout-grid\">\n<p><a href=\"https:\/\/medicaltravel.at\/home\/agb\/\" data-type=\"page\" data-id=\"2191\"><\/a><a href=\"https:\/\/medicaltravel.at\/tr\/hasta-hikayeleri\/erfahrungsberichte-behandlungen-tuerkei\/bir-kadin-olarak-istanbulda-sac-ekimi-deneyimi-03-eyluel-2016-cumartesi-guenue-yazilmis-deneyim-yazisi\/\" data-type=\"link\" data-id=\"https:\/\/medicaltravel.at\/berichte-von-patienten\/erfahrungsberichte\/meine-haartransplantation-als-frau-in-istanbul-bericht-vom-samstag-03-september-2016\/\">\u00d6nceki Rapor<\/a><\/p>\n\n\n\n<p class=\"has-text-align-right wp-container-content-5e2576f9\"><a href=\"https:\/\/medicaltravel.at\/home\/impressum\/\" data-type=\"page\" data-id=\"2193\"><\/a><a href=\"https:\/\/medicaltravel.at\/home\/berichte-von-patienten\/erfahrungsberichte\/erfahrungsbericht-zahnbehandlung-in-istanbul\/\" data-type=\"page\" data-id=\"981\"><\/a><a href=\"https:\/\/medicaltravel.at\/tr\/hasta-hikayeleri\/erfahrungsberichte-behandlungen-tuerkei\/istanbulda-burun-ameliyati-deneyim-raporu-30-mayis-2016-pazartesi-tarihli-rapor\/\" data-type=\"link\" data-id=\"https:\/\/medicaltravel.at\/berichte-von-patienten\/erfahrungsberichte\/erfahrungsbericht-meine-nase-op-in-istanbul-bericht-vom-montag-30-mai-2016\/\">Sonraki Rapor<\/a><\/p>\n<\/div>\n","protected":false},"excerpt":{"rendered":"<p>\u0130STANBUL\u2019U SON ZAMANLARDA NASIL YA\u015eADIM? \u2013 \u00c7ar\u015famba, 03 A\u011fustos 2016 tarihli rapor Ara\u015ft\u0131rmalar\u0131m s\u0131ras\u0131nda, tedaviyi (Femto Lazer) yurt d\u0131\u015f\u0131nda yapt\u0131rmam gerekti\u011fi h\u0131zl\u0131ca belli oldu; bunun en b\u00fcy\u00fck nedeni maliyetti (\u0130stanbul\u2019da fiyat, \u0130svi\u00e7re\u2019ye k\u0131yasla \u00fc\u00e7te birden az). K\u0131sa bir internet ara\u015ft\u0131rmas\u0131yla farkl\u0131 sa\u011flay\u0131c\u0131lar ortaya \u00e7\u0131kt\u0131; benim i\u00e7in SwissLasik\u2019in teklifini kabul etme sebebi, \u00f6ncelikle \u00e7ok say\u0131da olumlu deneyim payla\u015f\u0131m\u0131 ve net ileti\u015fimi oldu. Bir di\u011fer art\u0131 ise, bana yak\u0131n bir \u015fubelerinin olmas\u0131yd\u0131; b\u00f6ylece oradaki ekibi \u015fahsen g\u00f6r\u00fcp tan\u0131yabilme f\u0131rsat\u0131m oldu. \u00c7evrem, \u0130stanbul\u2019a g\u00f6z lazeri ameliyat\u0131 i\u00e7in gidece\u011fimi s\u00f6yledi\u011fimde biraz tedirgin tepki verdi. Bir yandan t\u0131bbi standartlar\u0131n yeterince y\u00fcksek olmayabilece\u011fi endi\u015fesi vard\u0131, di\u011fer yandan da mevcut siyasi durumdan dolay\u0131 kayg\u0131 vard\u0131. Siyasi durumun nas\u0131l geli\u015fece\u011fini de\u011ferlendiremiyorum (Temmuz 2016 sonu itibar\u0131yla her \u015fey sakin g\u00f6r\u00fcn\u00fcyordu: Sokakta asker yoktu, u\u00e7u\u015flar normaldi), ama t\u0131bbi standartlar hakk\u0131nda s\u00f6yleyebilece\u011fim \u015feyler var. Hastane sadece alt\u0131 y\u0131l \u00f6nce a\u00e7\u0131lm\u0131\u015f ve di\u011fer \u00f6zel hastanelerle k\u0131yasland\u0131\u011f\u0131nda geride de\u011fil. Bununla ilgili detaylara sonra de\u011finece\u011fim. Spora yakla\u015f\u0131k 15 dakika uzakl\u0131kta olan Levent Hotel ***\u2019i rezerve ettim. Orta fiyat segmentinde bir otel arayanlar i\u00e7in rahatl\u0131kla tavsiye edebilirim. Resepsiyon 7\/24 a\u00e7\u0131kt\u0131 ve \u0130ngilizce konu\u015fan bir g\u00f6revli vard\u0131; ayr\u0131ca \u015fehir hakk\u0131nda faydal\u0131 bilgiler verebiliyorlard\u0131. Kahvalt\u0131 b\u00fcfesi her zaman bol \u00e7e\u015fitliydi ve vejetaryen\/vegan misafirler i\u00e7in de yeterli se\u00e7enekler sunuluyordu. Ac\u0131badem Hastanesi\u2019nden bir \u00e7al\u0131\u015fanla ilk kar\u015f\u0131la\u015fmam, \u0130stanbul Havaliman\u0131 \u00e7\u0131k\u0131\u015f\u0131ndaki Health Point\u2019te oldu. U\u00e7u\u015fum \u00fc\u00e7 saat gecikti\u011fi i\u00e7in ilk kar\u015f\u0131lama randevusunu ka\u00e7\u0131rm\u0131\u015ft\u0131m. Ancak Health Point\u2019teki gen\u00e7 g\u00f6revli, birka\u00e7 dakikal\u0131k beklemenin ard\u0131ndan hemen yeni bir transfer ayarlad\u0131. Otele gidi\u015f sorunsuz ge\u00e7ti, sonraki t\u00fcm transferler de \u00f6yleydi. Biraz \u015fa\u015f\u0131rt\u0131c\u0131 olan, \u015fof\u00f6rlerin neredeyse her zaman zaman\u0131ndan \u00f6nce, belirlenen saatin 5 dakika \u00f6ncesinde gelmeleriydi (trafik genellikle \u00e7ok yo\u011fundur). Ara\u00e7lar ayr\u0131ca tamamen temiz ve d\u00fczenliydi. Var\u0131\u015f g\u00fcn\u00fcnden sonraki g\u00fcn, Sal\u0131 26.07 itibar\u0131yla her \u015fey ba\u015flad\u0131. Kahvalt\u0131dan sonra al\u0131nd\u0131m ve Ac\u0131badem Hastanesi\u2019ne g\u00f6t\u00fcr\u00fcld\u00fcm. Orada hemen Almanca konu\u015fan terc\u00fcman\u0131m taraf\u0131ndan kar\u015f\u0131land\u0131m. Ard\u0131ndan beni g\u00f6z merkezi olan \u201cAugenkompetenz-Zentrum\u201de y\u00f6nlendirdiler. Birka\u00e7 muayene yap\u0131ld\u0131 ve aralarda yakla\u015f\u0131k 30 dakika beklemek gerekiyordu. Yakla\u015f\u0131k iki saat sonra, i\u015flem yapacak doktorla g\u00f6r\u00fc\u015fme ger\u00e7ekle\u015fti; bana uygun oldu\u011fum m\u00fcjdesini verdi (Swiss Lasik \u0130svi\u00e7re\u2019de \u00f6n muayene yapm\u0131\u015ft\u0131, ancak kesin de\u011ferlendirmeyi sadece doktor yapabiliyor). Burada bir ipucu: Bekleme s\u00fcrelerini de\u011ferlendirmek i\u00e7in yan\u0131n\u0131za bir kitap ve MP3 \u00e7alar alman\u0131z iyi olur. Bundan sonra bir nevi \u201c\u00f6\u011fle aras\u0131\u201d oldu, \u00e7\u00fcnk\u00fc i\u015flem \u00f6\u011fleden sonra saat 14:00\u2019e planlanm\u0131\u015ft\u0131. Bu arada g\u00f6zlerime pupilleri geni\u015fletmek i\u00e7in damla damlat\u0131ld\u0131 (endi\u015felenmeyin, \u0131\u015f\u0131\u011fa hassasiyet ve hafif bulan\u0131k g\u00f6rme normal yan etkiler). Saat 14:00\u2019e k\u0131sa bir s\u00fcre kala terc\u00fcman\u0131m beni al\u0131p i\u015flem alan\u0131na g\u00f6t\u00fcrd\u00fc. K\u0131sa bir s\u00fcreli\u011fine sa\u00e7 filesi ve ameliyat \u00f6nl\u00fc\u011f\u00fc giydim ve haz\u0131r oldum. Ameliyat her iki g\u00f6z i\u00e7in yakla\u015f\u0131k 15 dakika s\u00fcrd\u00fc. \u201cFlap\u201d ad\u0131 verilen kesiyi yapmak biraz rahats\u0131z ediciydi ama a\u011fr\u0131l\u0131 de\u011fildi. G\u00f6zlerin lazerle tedavisi ise sadece yakla\u015f\u0131k 5 saniye s\u00fcrd\u00fc ve tamamen a\u011fr\u0131s\u0131zd\u0131. Ameliyattan sonra ilk d\u00f6rt saat g\u00f6r\u00fc\u015f pek iyi olmaz; g\u00f6rme \u00fczerinde bir perde gibi hissiyat olur ve \u0131\u015f\u0131\u011fa kar\u015f\u0131 hassasiyet artar. Doktor hemen bir kontrol yapt\u0131ktan sonra bana koruyucu g\u00f6zl\u00fck ve g\u00f6z damlas\u0131 verdi. Terc\u00fcman t\u00fcm s\u00fcre boyunca yan\u0131mdayd\u0131, ne yapmam gerekti\u011fini a\u00e7\u0131klad\u0131 ve t\u00fcm sorular\u0131m\u0131 yetkin bir \u015fekilde yan\u0131tlad\u0131. Ameliyattan sonraki ilk d\u00f6rt saatte g\u00f6zler biraz yanabilir ve odaklanmak zor olabilir, ama ameliyat\u0131n sonucunu \u00e7ok h\u0131zl\u0131 bir \u015fekilde g\u00f6rmek m\u00fcmk\u00fcn. Geri kalan g\u00fcn\u00fc otelimde ge\u00e7irdim. Ertesi sabah ise kontroller i\u00e7in al\u0131nd\u0131m; bu kontrol de sadece birka\u00e7 dakika s\u00fcrd\u00fc. Bu kontrolden sonra tedavi tamamlanm\u0131\u015f oldu ve art\u0131k g\u00fczel \u0130stanbul \u015fehrini ke\u015ffetmekte \u00f6zg\u00fcrd\u00fcm. Bu noktada Kapal\u0131\u00e7ar\u015f\u0131\u2019y\u0131 mutlaka ziyaret etmenizi tavsiye ederim. U\u00e7u\u015fum Cuma g\u00fcn\u00fc \u0130svi\u00e7re\u2019ye geri d\u00f6n\u00fc\u015f i\u00e7inydi; transfer de \u00f6nceden ayarlanm\u0131\u015ft\u0131, bu y\u00fczden hi\u00e7bir endi\u015fe duymama gerek kalmad\u0131. Ameliyattan bu yana bir hafta ge\u00e7ti ve iyile\u015fme s\u00fcreci \u00e7ok iyi gidiyor. Art\u0131k d\u00fcnyay\u0131 t\u00fcm ayr\u0131nt\u0131lar\u0131yla g\u00f6rebilmek harika bir his. Bu nedenle SwissLasik ile g\u00f6z lazeri tedavisini g\u00f6n\u00fcl rahatl\u0131\u011f\u0131yla tavsiye edebilirim. Ron-John Dillier 03.08.16 \u00d6nceki Rapor Sonraki Rapor<\/p>\n","protected":false},"author":4,"featured_media":0,"parent":4603,"menu_order":0,"comment_status":"closed","ping_status":"closed","template":"","meta":{"_joinchat":[],"footnotes":""},"class_list":["post-4736","page","type-page","status-publish","hentry"],"acf":[],"_links":{"self":[{"href":"https:\/\/medicaltravel.at\/tr\/wp-json\/wp\/v2\/pages\/4736","targetHints":{"allow":["GET"]}}],"collection":[{"href":"https:\/\/medicaltravel.at\/tr\/wp-json\/wp\/v2\/pages"}],"about":[{"href":"https:\/\/medicaltravel.at\/tr\/wp-json\/wp\/v2\/types\/page"}],"author":[{"embeddable":true,"href":"https:\/\/medicaltravel.at\/tr\/wp-json\/wp\/v2\/users\/4"}],"replies":[{"embeddable":true,"href":"https:\/\/medicaltravel.at\/tr\/wp-json\/wp\/v2\/comments?post=4736"}],"version-history":[{"count":1,"href":"https:\/\/medicaltravel.at\/tr\/wp-json\/wp\/v2\/pages\/4736\/revisions"}],"predecessor-version":[{"id":4737,"href":"https:\/\/medicaltravel.at\/tr\/wp-json\/wp\/v2\/pages\/4736\/revisions\/4737"}],"up":[{"embeddable":true,"href":"https:\/\/medicaltravel.at\/tr\/wp-json\/wp\/v2\/pages\/4603"}],"wp:attachment":[{"href":"https:\/\/medicaltravel.at\/tr\/wp-json\/wp\/v2\/media?parent=4736"}],"curies":[{"name":"wp","href":"https:\/\/api.w.org\/{rel}","templated":true}]}}