{"id":4734,"date":"2025-09-27T21:42:02","date_gmt":"2025-09-27T20:42:02","guid":{"rendered":"https:\/\/medicaltravel.at\/hasta-hikayeleri\/erfahrungsberichte-behandlungen-tuerkei\/hasta-yorumu-istanbulda-kisisel-sac-ekimi-cuma-13-kasim-2015-tarihli-rapor\/"},"modified":"2026-01-13T14:44:07","modified_gmt":"2026-01-13T13:44:07","slug":"hasta-yorumu-istanbulda-kisisel-sac-ekimi-cuma-13-kasim-2015-tarihli-rapor","status":"publish","type":"page","link":"https:\/\/medicaltravel.at\/tr\/hasta-hikayeleri\/erfahrungsberichte-behandlungen-tuerkei\/hasta-yorumu-istanbulda-kisisel-sac-ekimi-cuma-13-kasim-2015-tarihli-rapor\/","title":{"rendered":"Hasta Yorumu- \u0130stanbul\u2019da Ki\u015fisel Sa\u00e7 Ekimi \u2013 Cuma, 13 Kas\u0131m 2015 tarihli rapor"},"content":{"rendered":"\n<p><strong>Hasta Yorumu- \u0130stanbul\u2019da Ki\u015fisel Sa\u00e7 Ekimi<\/strong> \u2013 Cuma, 13 Kas\u0131m 2015 tarihli rapor<\/p>\n\n<p>Giri\u015f olarak, a\u00e7\u0131k kalan b\u00f6lgemi (sa\u00e7 seyrekli\u011fi) d\u00fczelttirmeye karar vermeme nas\u0131l vard\u0131\u011f\u0131m\u0131 k\u0131saca anlatmak istiyorum.<\/p>\n\n<p>Maalesef neredeyse tam 5 y\u0131l \u00f6nce ciddi bir enfeksiyon ge\u00e7irdim; bunun sonucu olarak t\u00fcm kan de\u011ferlerim \u00e7ok d\u00fc\u015f\u00fck seviyelere indi, demir de\u011feri de dahil. Bunun etkisi sa\u00e7 d\u00f6k\u00fclmesi oldu, ki tam olarak da bu ba\u015f\u0131ma geldi. Art\u0131k 25 ya\u015f\u0131nda olmad\u0131\u011f\u0131m i\u00e7in sa\u00e7lar\u0131m tam olarak geri \u00e7\u0131kmad\u0131 ve a\u00e7\u0131k bir alan kald\u0131. <\/p>\n\n<p>O zamandan beri rahats\u0131z oluyordum; hayati bir tehlike olmasa da yine de can\u0131m\u0131 s\u0131k\u0131yordu. Yine de bir s\u00fcre ilgilenmedim, ta ki A\u011fustos 2015\u2019teki g\u00fcne kadar. S\u0131k s\u0131k gitti\u011fim bir spor salonunda g\u00fcvenlik kameralar\u0131 var ve ge\u00e7erken kendinizi ekranda g\u00f6r\u00fcyorsunuz. \u00dcstten bir kamera sayesinde sa\u00e7lar\u0131m\u0131n seyrek oldu\u011fu bir b\u00f6lgeyi fark ettim ve o anda karar\u0131m\u0131 verdim: bunu d\u00fczeltmem gerekiyor. <\/p>\n\n<p>\u0130\u015flem olduk\u00e7a basitti; internette ara\u015ft\u0131rd\u0131m ve arama yaparken MedicalTravel ile kar\u015f\u0131la\u015ft\u0131m. \u00c7ok iyi bir izlenim b\u0131rakt\u0131lar, t\u00fcm yorumlar tamamen olumluydu. Bunun \u00fczerine hemen ileti\u015fime ge\u00e7tim ve bana uygun tarihleri s\u00f6yledim. <\/p>\n\n<p>Yan\u0131lm\u0131yorsam, ayn\u0131 g\u00fcn her \u015feyin tam olarak bana uygun \u015fekilde organize edildi\u011fine dair onay\u0131 ald\u0131m; inan\u0131lmaz bir hizmetti. Birka\u00e7 foto\u011fraf \u00e7ekildi ve yakla\u015f\u0131k olarak ka\u00e7 greftin ekilece\u011fi de belirlendi. <\/p>\n\n<p>Gidi\u015f g\u00fcn\u00fc her \u015fey kusursuz ilerledi; havaalan\u0131nda kar\u015f\u0131lama, otele transfer, otel, hepsi m\u00fckemmel organize edilmi\u015fti. Ertesi g\u00fcn Acibadem Klini\u011fi\u2019ne transfer ve kay\u0131t i\u015flemleri de sorunsuz ger\u00e7ekle\u015fti. \u0130ngilizcemi \u00e7ok iyi bilmeme ra\u011fmen, ilk g\u00fcnden itibaren yan\u0131mdan neredeyse ayr\u0131lmayan Almanca konu\u015fan bir refakat\u00e7i vard\u0131, m\u00fckemmeldi.  <\/p>\n\n<p>Ayr\u0131ca, bir sonraki g\u00fcn yap\u0131lacak sa\u00e7 ekimi i\u00e7in haz\u0131rl\u0131klar da m\u00fckemmel \u015fekilde ilerledi. \u00dc\u00e7\u00fcnc\u00fc g\u00fcn asl\u0131nda i\u015flem planlanm\u0131\u015ft\u0131, ancak doktor kendini iyi hissetmedi\u011fi i\u00e7in ameliyat Per\u015fembe g\u00fcn\u00fcne ertelendi; doktor, i\u015fi kusursuz yapma sorumlulu\u011funu b\u00f6yle hissetmeden \u00fcstlenemeyece\u011fini s\u00f6yledi \u2013 bunu son derece profesyonel buldu\u011fumu belirtmeliyim. <\/p>\n\n<p>O zaman Per\u015fembe g\u00fcn\u00fc oldu; \u0130stanbul \u00e7ok b\u00fcy\u00fck ve yap\u0131lacak, g\u00f6r\u00fclecek milyonlarca \u015fey var, bu y\u00fczden sorun de\u011fildi. Ne diyebilirim ki, sa\u00e7 ekimi ameliyat\u0131 da m\u00fckemmel ge\u00e7ti; biraz uzun s\u00fcrd\u00fc ama derler ya, g\u00fczellik biraz da sab\u0131r ister. Yanl\u0131\u015f anla\u015f\u0131lmas\u0131n, benim i\u00e7in tamamen a\u011fr\u0131s\u0131zd\u0131, \u00e7ok kolay ge\u00e7ti ve doktor ekibi \u00e7ok organizeydi, i\u015fi son derece profesyonelce yapt\u0131.<\/p>\n\n<p>\u015eu an bile sonu\u00e7tan \u00e7ok memnunum, ancak nihai sonucu yakla\u015f\u0131k bir y\u0131l sonra de\u011ferlendirebilirsiniz. Yine de doktorlar o anda bile, \u00e7ok memnun olaca\u011f\u0131m\u0131 s\u00f6ylediler.<\/p>\n\n<p>Son olarak \u015funu s\u00f6yleyebilirim: Her \u015feyin bu kadar sorunsuz ilerlemesi ger\u00e7ekten b\u00fcy\u00fck bir mutluluktu. U\u00e7u\u015f, \u0130stanbul\u2019daki konaklama, otel, Acibadem Klinik, \u201cbenim\u201d refakat\u00e7ilerim, t\u00fcm transferler ve tabii ki d\u00f6n\u00fc\u015f yolculu\u011fu\u2026 Daha iyisi yap\u0131lamazd\u0131. Ayr\u0131ca hemen sonras\u0131nda MedicalTravel benimle ileti\u015fime ge\u00e7ti, nas\u0131l hissetti\u011fimi sordular \u2013 hi\u00e7bir an yaln\u0131z b\u0131rak\u0131lm\u0131yorsunuz, ger\u00e7ekten harika bir deneyim.  <\/p>\n\n<p>Kesinlikle MedicalTravel\u2019i herkese i\u00e7tenlikle tavsiye edebilirim, \u00f6zellikle sa\u00e7 ekimi konusunda. Korkacak ya da \u015f\u00fcphe duyacak hi\u00e7bir \u015fey yok ve daha \u00f6nce de belirtti\u011fim gibi, her \u015fey tamamen a\u011fr\u0131s\u0131z ger\u00e7ekle\u015fiyor. <\/p>\n\n<p>Peter Kupper<\/p>\n\n<div class=\"wp-block-group is-layout-grid wp-container-core-group-is-layout-baef362d wp-block-group-is-layout-grid\">\n<p><a href=\"https:\/\/medicaltravel.at\/home\/agb\/\" data-type=\"page\" data-id=\"2191\"><\/a><a href=\"https:\/\/medicaltravel.at\/tr\/hasta-hikayeleri\/erfahrungsberichte-behandlungen-tuerkei\/istanbul-tuerkiyede-goegues-bueyuetme-hasta-deneyimi-04-aralik-2015-cuma-deneyimim\/\" data-type=\"link\" data-id=\"https:\/\/medicaltravel.at\/berichte-von-patienten\/erfahrungsberichte\/patientenbericht-brustvergroesserung-istanbul-tuerkei-bericht-vom-freitag-04-dezember-2015\/\">\u00d6nceki Rapor<\/a><\/p>\n\n\n\n<p class=\"has-text-align-right wp-container-content-5e2576f9\"><a href=\"https:\/\/medicaltravel.at\/home\/impressum\/\" data-type=\"page\" data-id=\"2193\"><\/a><a href=\"https:\/\/medicaltravel.at\/home\/berichte-von-patienten\/erfahrungsberichte\/erfahrungsbericht-zahnbehandlung-in-istanbul\/\" data-type=\"page\" data-id=\"981\"><\/a><a href=\"https:\/\/medicaltravel.at\/tr\/hasta-hikayeleri\/erfahrungsberichte-behandlungen-tuerkei\/istanbulda-dis-tedavisi-ve-implant-deneyim-raporu-10-kasim-2015-sali-tarihli-rapor\/\" data-type=\"link\" data-id=\"https:\/\/medicaltravel.at\/berichte-von-patienten\/erfahrungsberichte\/erfahrungsbericht-zahnbehandlung-implantat-istanbul-bericht-vom-dienstag-10-november-2015\/\">Sonraki Rapor<\/a><\/p>\n<\/div>\n","protected":false},"excerpt":{"rendered":"<p>Hasta Yorumu- \u0130stanbul\u2019da Ki\u015fisel Sa\u00e7 Ekimi \u2013 Cuma, 13 Kas\u0131m 2015 tarihli rapor Giri\u015f olarak, a\u00e7\u0131k kalan b\u00f6lgemi (sa\u00e7 seyrekli\u011fi) d\u00fczelttirmeye karar vermeme nas\u0131l vard\u0131\u011f\u0131m\u0131 k\u0131saca anlatmak istiyorum. Maalesef neredeyse tam 5 y\u0131l \u00f6nce ciddi bir enfeksiyon ge\u00e7irdim; bunun sonucu olarak t\u00fcm kan de\u011ferlerim \u00e7ok d\u00fc\u015f\u00fck seviyelere indi, demir de\u011feri de dahil. Bunun etkisi sa\u00e7 d\u00f6k\u00fclmesi oldu, ki tam olarak da bu ba\u015f\u0131ma geldi. Art\u0131k 25 ya\u015f\u0131nda olmad\u0131\u011f\u0131m i\u00e7in sa\u00e7lar\u0131m tam olarak geri \u00e7\u0131kmad\u0131 ve a\u00e7\u0131k bir alan kald\u0131. O zamandan beri rahats\u0131z oluyordum; hayati bir tehlike olmasa da yine de can\u0131m\u0131 s\u0131k\u0131yordu. Yine de bir s\u00fcre ilgilenmedim, ta ki A\u011fustos 2015\u2019teki g\u00fcne kadar. S\u0131k s\u0131k gitti\u011fim bir spor salonunda g\u00fcvenlik kameralar\u0131 var ve ge\u00e7erken kendinizi ekranda g\u00f6r\u00fcyorsunuz. \u00dcstten bir kamera sayesinde sa\u00e7lar\u0131m\u0131n seyrek oldu\u011fu bir b\u00f6lgeyi fark ettim ve o anda karar\u0131m\u0131 verdim: bunu d\u00fczeltmem gerekiyor. \u0130\u015flem olduk\u00e7a basitti; internette ara\u015ft\u0131rd\u0131m ve arama yaparken MedicalTravel ile kar\u015f\u0131la\u015ft\u0131m. \u00c7ok iyi bir izlenim b\u0131rakt\u0131lar, t\u00fcm yorumlar tamamen olumluydu. Bunun \u00fczerine hemen ileti\u015fime ge\u00e7tim ve bana uygun tarihleri s\u00f6yledim. Yan\u0131lm\u0131yorsam, ayn\u0131 g\u00fcn her \u015feyin tam olarak bana uygun \u015fekilde organize edildi\u011fine dair onay\u0131 ald\u0131m; inan\u0131lmaz bir hizmetti. Birka\u00e7 foto\u011fraf \u00e7ekildi ve yakla\u015f\u0131k olarak ka\u00e7 greftin ekilece\u011fi de belirlendi. Gidi\u015f g\u00fcn\u00fc her \u015fey kusursuz ilerledi; havaalan\u0131nda kar\u015f\u0131lama, otele transfer, otel, hepsi m\u00fckemmel organize edilmi\u015fti. Ertesi g\u00fcn Acibadem Klini\u011fi\u2019ne transfer ve kay\u0131t i\u015flemleri de sorunsuz ger\u00e7ekle\u015fti. \u0130ngilizcemi \u00e7ok iyi bilmeme ra\u011fmen, ilk g\u00fcnden itibaren yan\u0131mdan neredeyse ayr\u0131lmayan Almanca konu\u015fan bir refakat\u00e7i vard\u0131, m\u00fckemmeldi. Ayr\u0131ca, bir sonraki g\u00fcn yap\u0131lacak sa\u00e7 ekimi i\u00e7in haz\u0131rl\u0131klar da m\u00fckemmel \u015fekilde ilerledi. \u00dc\u00e7\u00fcnc\u00fc g\u00fcn asl\u0131nda i\u015flem planlanm\u0131\u015ft\u0131, ancak doktor kendini iyi hissetmedi\u011fi i\u00e7in ameliyat Per\u015fembe g\u00fcn\u00fcne ertelendi; doktor, i\u015fi kusursuz yapma sorumlulu\u011funu b\u00f6yle hissetmeden \u00fcstlenemeyece\u011fini s\u00f6yledi \u2013 bunu son derece profesyonel buldu\u011fumu belirtmeliyim. O zaman Per\u015fembe g\u00fcn\u00fc oldu; \u0130stanbul \u00e7ok b\u00fcy\u00fck ve yap\u0131lacak, g\u00f6r\u00fclecek milyonlarca \u015fey var, bu y\u00fczden sorun de\u011fildi. Ne diyebilirim ki, sa\u00e7 ekimi ameliyat\u0131 da m\u00fckemmel ge\u00e7ti; biraz uzun s\u00fcrd\u00fc ama derler ya, g\u00fczellik biraz da sab\u0131r ister. Yanl\u0131\u015f anla\u015f\u0131lmas\u0131n, benim i\u00e7in tamamen a\u011fr\u0131s\u0131zd\u0131, \u00e7ok kolay ge\u00e7ti ve doktor ekibi \u00e7ok organizeydi, i\u015fi son derece profesyonelce yapt\u0131. \u015eu an bile sonu\u00e7tan \u00e7ok memnunum, ancak nihai sonucu yakla\u015f\u0131k bir y\u0131l sonra de\u011ferlendirebilirsiniz. Yine de doktorlar o anda bile, \u00e7ok memnun olaca\u011f\u0131m\u0131 s\u00f6ylediler. Son olarak \u015funu s\u00f6yleyebilirim: Her \u015feyin bu kadar sorunsuz ilerlemesi ger\u00e7ekten b\u00fcy\u00fck bir mutluluktu. U\u00e7u\u015f, \u0130stanbul\u2019daki konaklama, otel, Acibadem Klinik, \u201cbenim\u201d refakat\u00e7ilerim, t\u00fcm transferler ve tabii ki d\u00f6n\u00fc\u015f yolculu\u011fu\u2026 Daha iyisi yap\u0131lamazd\u0131. Ayr\u0131ca hemen sonras\u0131nda MedicalTravel benimle ileti\u015fime ge\u00e7ti, nas\u0131l hissetti\u011fimi sordular \u2013 hi\u00e7bir an yaln\u0131z b\u0131rak\u0131lm\u0131yorsunuz, ger\u00e7ekten harika bir deneyim. Kesinlikle MedicalTravel\u2019i herkese i\u00e7tenlikle tavsiye edebilirim, \u00f6zellikle sa\u00e7 ekimi konusunda. Korkacak ya da \u015f\u00fcphe duyacak hi\u00e7bir \u015fey yok ve daha \u00f6nce de belirtti\u011fim gibi, her \u015fey tamamen a\u011fr\u0131s\u0131z ger\u00e7ekle\u015fiyor. Peter Kupper \u00d6nceki Rapor Sonraki Rapor<\/p>\n","protected":false},"author":4,"featured_media":0,"parent":4603,"menu_order":0,"comment_status":"closed","ping_status":"closed","template":"","meta":{"_joinchat":[],"footnotes":""},"class_list":["post-4734","page","type-page","status-publish","hentry"],"acf":[],"_links":{"self":[{"href":"https:\/\/medicaltravel.at\/tr\/wp-json\/wp\/v2\/pages\/4734","targetHints":{"allow":["GET"]}}],"collection":[{"href":"https:\/\/medicaltravel.at\/tr\/wp-json\/wp\/v2\/pages"}],"about":[{"href":"https:\/\/medicaltravel.at\/tr\/wp-json\/wp\/v2\/types\/page"}],"author":[{"embeddable":true,"href":"https:\/\/medicaltravel.at\/tr\/wp-json\/wp\/v2\/users\/4"}],"replies":[{"embeddable":true,"href":"https:\/\/medicaltravel.at\/tr\/wp-json\/wp\/v2\/comments?post=4734"}],"version-history":[{"count":1,"href":"https:\/\/medicaltravel.at\/tr\/wp-json\/wp\/v2\/pages\/4734\/revisions"}],"predecessor-version":[{"id":4735,"href":"https:\/\/medicaltravel.at\/tr\/wp-json\/wp\/v2\/pages\/4734\/revisions\/4735"}],"up":[{"embeddable":true,"href":"https:\/\/medicaltravel.at\/tr\/wp-json\/wp\/v2\/pages\/4603"}],"wp:attachment":[{"href":"https:\/\/medicaltravel.at\/tr\/wp-json\/wp\/v2\/media?parent=4734"}],"curies":[{"name":"wp","href":"https:\/\/api.w.org\/{rel}","templated":true}]}}