{"id":4732,"date":"2025-09-27T21:46:24","date_gmt":"2025-09-27T20:46:24","guid":{"rendered":"https:\/\/medicaltravel.at\/hasta-hikayeleri\/erfahrungsberichte-behandlungen-tuerkei\/hasta-raporu-tuerkiyede-meme-bueyuetme-ameliyatim-carsamba-16-eyluel-2015-tarihli-rapor\/"},"modified":"2026-01-13T14:46:54","modified_gmt":"2026-01-13T13:46:54","slug":"hasta-raporu-tuerkiyede-meme-bueyuetme-ameliyatim-carsamba-16-eyluel-2015-tarihli-rapor","status":"publish","type":"page","link":"https:\/\/medicaltravel.at\/tr\/hasta-hikayeleri\/erfahrungsberichte-behandlungen-tuerkei\/hasta-raporu-tuerkiyede-meme-bueyuetme-ameliyatim-carsamba-16-eyluel-2015-tarihli-rapor\/","title":{"rendered":"Hasta Raporu- T\u00fcrkiye\u2019de Meme B\u00fcy\u00fctme Ameliyat\u0131m \u2013 \u00c7ar\u015famba, 16 Eyl\u00fcl 2015 tarihli rapor"},"content":{"rendered":"\n<p><strong>Hasta Raporu- T\u00fcrkiye\u2019de Meme B\u00fcy\u00fctme Ameliyat\u0131m<\/strong> \u2013 \u00c7ar\u015famba, 16 Eyl\u00fcl 2015 tarihli rapor<\/p>\n\n<p>Sevgili ilgilenenler<\/p>\n\n<p>21 ya\u015f\u0131nday\u0131m ve \u0130svi\u00e7re\u2019den geliyorum.<\/p>\n\n<p>Meme ameliyat\u0131 i\u00e7in MedicalTravel\u2019i tercih ettim.<\/p>\n\n<p>Bu ameliyat\u0131 uzun zamand\u0131r istiyordum, ama uzun s\u00fcre \u00e7ok k\u00fc\u00e7\u00fckt\u00fcm ve ailem de bunu anlayam\u0131yordu. \u015eimdi b\u00fcy\u00fcd\u00fcm ve kendi param\u0131 kazan\u0131yorum, bu y\u00fczden param\u0131 bir meme ameliyat\u0131 i\u00e7in biriktirmeye karar verdim. <\/p>\n\n<p>Bu ad\u0131m\u0131 atmay\u0131 ve hislerimi uzun s\u00fcre kimseyle do\u011fru d\u00fczg\u00fcn payla\u015famad\u0131m, bu y\u00fczden kimseyle konu\u015fmad\u0131m. Uzun s\u00fcre \u0130svi\u00e7re\u2019de iyi bir doktor arad\u0131m ama sorun \u015fuydu: Ameliyat\u0131 kar\u015f\u0131layacak param yoktu. <\/p>\n\n<p>Daha sonra, iste\u011fim hakk\u0131nda konu\u015fabildi\u011fim \u00e7ok g\u00fczel bir arkada\u015fl\u0131k kurdum, \u00e7\u00fcnk\u00fc bu arkada\u015f\u0131m da uzun zamand\u0131r bir burun ameliyat\u0131 istiyordu.<\/p>\n\n<p>\u0130nternette birlikte yurt d\u0131\u015f\u0131nda estetik ameliyat yapan bir doktor arad\u0131k, \u00e7\u00fcnk\u00fc bu bizim i\u00e7in tek uygun maliyetli se\u00e7enekti. Sonra Medical Travel sitesine rastlad\u0131k; iyi yorumlar\u0131 okuduk ve Bern\u2019deki \u00fccretsiz randevu dikkatimizi \u00e7ekti, e-posta ile randevu ald\u0131k. \u0130ki saatlik araba yolculu\u011fu yap\u0131p Bern\u2019deki Medical Travel ofisine gittik ve ilk kez doktorla tan\u0131\u015ft\u0131k. \u015eunu s\u00f6ylemeliyim ki, benim i\u00e7in doktoru tan\u0131mak \u00e7ok \u00f6nemliydi; yoksa T\u00fcrkiye\u2019ye asla gitmezdim, \u00e7\u00fcnk\u00fc h\u00e2l\u00e2 korkular\u0131m ve endi\u015felerim vard\u0131.   <\/p>\n\n<p>Bizi s\u0131cak bir \u015fekilde kar\u015f\u0131lad\u0131lar ve bulmas\u0131 da zor de\u011fildi, \u00e7\u00fcnk\u00fc Bern\u2019deki Medical Travel ofisi do\u011frudan bir caddenin \u00fczerindeydi. Ofis \u00e7ok b\u00fcy\u00fck de\u011fildi ama g\u00fczel d\u00f6\u015fenmi\u015fti ve bekleme odas\u0131nda k\u00fc\u00e7\u00fck bir ikram masas\u0131 vard\u0131. <\/p>\n\n<p>Doktorla yap\u0131lan g\u00f6r\u00fc\u015fmede arkada\u015f\u0131m, ben, doktor ve iki terc\u00fcman vard\u0131. Hi\u00e7 kimse bizi bir \u015fey yapmaya zorlamad\u0131, bu \u00e7ok g\u00fczeldi; akl\u0131m\u0131za tak\u0131lan t\u00fcm sorular\u0131 sorabiliyorduk ve hemen cevap al\u0131yorduk. Burun ve meme ameliyatlar\u0131yla ilgili g\u00f6rseller de g\u00f6sterdiler. Doktor hemen benim g\u00f6\u011fs\u00fcm\u00fc ve arkada\u015f\u0131m\u0131n burnunu inceledi, bizi bilgilendirdi, neyin iyi veya k\u00f6t\u00fc oldu\u011funu anlatt\u0131 ve en \u00f6nemlisi iste\u011fimizi anlad\u0131.   <\/p>\n\n<p>Meme ameliyat\u0131ndan uzun s\u00fcre korktum \u00e7\u00fcnk\u00fc benim i\u00e7in g\u00fcnl\u00fck sporuma tekrar d\u00f6nebilmek \u00e7ok \u00f6nemliydi ve yan etkilerden korkuyordum (bunlar h\u00e2l\u00e2 bende olabilir; implant\u0131n etraf\u0131nda kaps\u00fcl olu\u015fumu gibi durumlar her zaman g\u00f6r\u00fclebilir, \u00e7\u00fcnk\u00fc hi\u00e7bir zaman %100 g\u00fcvence yoktur, her v\u00fccut farkl\u0131 tepki verir). Bern\u2019deki randevudan sonra akl\u0131ma tabii ki 1000 farkl\u0131 soru geldi ve bunlar\u0131 hep Medical Travel ekibine e-posta ile sordum; ekip her zaman doktorla g\u00f6r\u00fc\u015f\u00fcp bana m\u00fcmk\u00fcn olan en h\u0131zl\u0131 \u015fekilde cevap verdi. Bunu \u00e7ok takdir ettim; her zaman yan\u0131t ald\u0131m ve hi\u00e7 sab\u0131rs\u0131zlanmad\u0131lar. Karar verebilmem i\u00e7in bana iki hafta s\u00fcre tan\u0131nd\u0131 ve ge\u00e7ici ameliyat tarihinden \u00f6nce karar\u0131m\u0131 verdim. Sonras\u0131nda t\u00fcm belgelerim, u\u00e7u\u015f, otel ve t\u00fcm \u00f6nemli bilgilerin oldu\u011fu ki\u015fisel pasaportum, ameliyat tarihleri ve t\u00fcm kontrollerim h\u0131zl\u0131ca bana iletildi. Ayr\u0131ca \u0130stanbul gezisi i\u00e7in faydal\u0131 turist ipu\u00e7lar\u0131 ve bir \u015fehir haritas\u0131 da verildi.     <\/p>\n\n<p>Benim i\u00e7in arkada\u015f\u0131m ile ayn\u0131 otel odas\u0131nda kalmak ve birlikte \u0130svi\u00e7re\u2019ye d\u00f6nmek \u00e7ok \u00f6nemliydi. Arkada\u015f\u0131m benden 3 g\u00fcn \u00f6nce T\u00fcrkiye\u2019ye gitmi\u015fti ve ameliyat\u0131 da benden \u00f6nce olmu\u015ftu, yani benim yan\u0131mda de\u011fildi. Bana s\u00fcrekli bilgi verdi ve ameliyat\u0131 sorunsuz ge\u00e7ti. Bu sayede cesaretimi tekrar toplad\u0131m ve yaln\u0131z ba\u015f\u0131ma T\u00fcrkiye\u2019ye gittim; arkada\u015f\u0131m orada beni bekliyordu.  <\/p>\n\n<p>U\u00e7u\u015f bilgilerimi k\u00fc\u00e7\u00fck bir kitap\u00e7\u0131kta zaten alm\u0131\u015ft\u0131m, sadece gi\u015feye gidip u\u00e7ak biletimi ald\u0131m. Her \u015fey \u00e7ok h\u0131zl\u0131 ve g\u00fcvenilir bir \u015fekilde ger\u00e7ekle\u015fti; u\u00e7u\u015f tam zaman\u0131nda kalkt\u0131 ve T\u00fcrk Hava Yollar\u0131\u2019nda herkes \u00e7ok dostane ve son derece d\u00fczenliydi. T\u00fcrkiye\u2019ye indi\u011fimde, k\u00fc\u00e7\u00fck bir minib\u00fcs t\u00fcm yolcular\u0131 almak i\u00e7in geldi ve bizi havaalan\u0131na g\u00f6t\u00fcrd\u00fc. Pasaport kontrol\u00fc sorunsuz ge\u00e7ti ve bagaj\u0131m da \u00e7ok h\u0131zl\u0131 geldi. Havaalan\u0131ndan \u00e7\u0131kt\u0131\u011f\u0131mda kitap\u00e7\u0131kta yaz\u0131ld\u0131\u011f\u0131 yerde bekledim ama hen\u00fcz kimse yoktu. Ayr\u0131ca \u0130stanbul b\u00fcy\u00fck bir \u015fehir oldu\u011fu i\u00e7in 30 dakikaya kadar gecikme olabilece\u011fi s\u00f6ylendi. \u00c7ok sab\u0131rs\u0131zland\u0131m ve \u0130svi\u00e7re\u2019deki organizasyonu arad\u0131m; telefonu a\u00e7t\u0131lar ve yak\u0131nda birinin gelece\u011fini, beklememi s\u00f6ylediler, ve ger\u00e7ekten de \u00f6yle oldu. K\u0131sa s\u00fcre sonra biri geldi ve beni arkada\u015f\u0131m\u0131n bulundu\u011fu otele arabayla g\u00f6t\u00fcrd\u00fc. Otelde herkes \u00e7ok dostaneydi ve arkada\u015f\u0131m ile ayn\u0131 odada kalabilmem hi\u00e7bir sorun olmad\u0131.<br\/><br\/>Ald\u0131\u011f\u0131n kitap\u00e7\u0131kta her \u015fey \u00e7ok net a\u00e7\u0131klanm\u0131\u015ft\u0131: ak\u015fam 12\u2019den itibaren a\u00e7 kalman gerekti\u011fi ve ameliyat sabah\u0131 hi\u00e7bir \u015fey yememen gerekti\u011fi yaz\u0131yordu. Ben de tam olarak bunu uygulad\u0131m.        <\/p>\n\n<p>Sonra taksiyle hastaneye g\u00f6t\u00fcr\u00fcld\u00fcm, ama y\u00fcr\u00fcyerek gitmek \u00e7ok daha h\u0131zl\u0131 olurdu. Almanya\u2019da b\u00fcy\u00fcm\u00fc\u015f bir T\u00fcrk kad\u0131na geldim; hem \u00e7ok d\u00fczg\u00fcn Almanca hem de T\u00fcrk\u00e7e konu\u015fuyordu. \u00d6n\u00fcm\u00fczdeki g\u00fcnlerde benimle ilgilendi ve terc\u00fcman\u0131m oldu, onu \u00e7ok sevdim. O d\u00f6nemde bana hem destek hem de anne gibi oldu; cesaret verdi, korkular\u0131m\u0131 ald\u0131 ve her zaman zaman ay\u0131rd\u0131.<br\/><br\/>Her \u015fey \u00e7ok h\u0131zl\u0131 ilerledi; odam\u0131 ald\u0131m, de\u011ferli e\u015fyalar\u0131m\u0131 koyabilece\u011fim bir kasam vard\u0131, kan\u0131m al\u0131nd\u0131 ve ameliyattan \u00f6nce yap\u0131lmas\u0131 gereken t\u00fcm testler yap\u0131ld\u0131. Ayr\u0131ca soru formlar\u0131 dolduruldu ve di\u011fer i\u015flemler tamamland\u0131.    <\/p>\n\n<p>Sonra koluma bir serum i\u011fnesi tak\u0131ld\u0131 ve hastane k\u0131yafetlerimi giymem istendi, sakinle\u015ftirici verildi ve ameliyathane odas\u0131na g\u00f6t\u00fcr\u00fcld\u00fcm. Her \u015fey \u00e7ok h\u0131zl\u0131 ilerledi. Tek hat\u0131rlad\u0131\u011f\u0131m, ameliyathane odas\u0131nda uyand\u0131\u011f\u0131mda herkes benimle konu\u015fuyordu ama ben uyumak istiyordum. Daha sonra beni tekrar hastane odama g\u00f6t\u00fcrd\u00fcler; bir gece burada kald\u0131m ve s\u00fcrekli kontrol alt\u0131nda oldum.   <\/p>\n\n<p>Ameliyattan sonraki gece benim i\u00e7in \u00e7ok zor ge\u00e7ti; a\u011fr\u0131lar\u0131m vard\u0131 ve her saat ba\u015f\u0131 koldan a\u011fr\u0131 kesici al\u0131yordum. Ayr\u0131ca serum tak\u0131l\u0131 oldu\u011fu i\u00e7in \u00e7ok s\u0131k tuvalete gitmem gerekiyordu. Tek ba\u015f\u0131ma tuvalete gidemedi\u011fim i\u00e7in s\u00fcrekli hem\u015fireyi \u00e7a\u011f\u0131rmak zorunda kald\u0131m (\u00e7ok g\u00fc\u00e7s\u00fczd\u00fcm ve a\u011fr\u0131lar\u0131m \u00e7ok fazlayd\u0131). <\/p>\n\n<p>T\u00fcm kalbimle s\u00f6ylemeliyim ki, ben \u0130svi\u00e7re\u2019de bir hastanede \u00e7al\u0131\u015f\u0131yorum ve bug\u00fcne kadar hi\u00e7 bu kadar g\u00fczel, ilgili ve de\u011fer verildi\u011fimi hissetti\u011fim bir \u015fekilde tedavi edilmedim. B\u00f6yle bir ameliyat yapt\u0131rd\u0131\u011f\u0131m i\u00e7in hem\u015firelere kar\u015f\u0131 biraz utan\u00e7 duymu\u015ftum ama hi\u00e7biri bana bunun normal olmad\u0131\u011f\u0131 hissini vermedi. T\u00fcm gece benimle ilgilendiler ve tuvalette ba\u015f\u0131m d\u00f6nd\u00fc\u011f\u00fcnde hemen m\u00fcdahale ettiler; bundan daha iyi yap\u0131lamazd\u0131. Herkes bana sanki bu d\u00fcnyan\u0131n en normal \u015feyiymi\u015f gibi davrand\u0131. Orada kendimi \u00e7ok rahat hissettim ve asl\u0131nda ayr\u0131lmak da istemedim.    <\/p>\n\n<p>Ertesi sabah ise tekrar otele d\u00f6nmek zorundayd\u0131m, taksiyle geri g\u00f6t\u00fcr\u00fcld\u00fcm. Otelde \u00e7ok ba\u011f\u0131ms\u0131z de\u011fildim ve h\u00e2l\u00e2 arkada\u015f\u0131m yan\u0131mda oldu\u011fu i\u00e7in \u00e7ok \u015f\u00fck\u00fcr, onun deste\u011fiyle her \u015fey daha kolay ge\u00e7ti. <\/p>\n\n<p>\u00dc\u00e7\u00fcnc\u00fc g\u00fcn drenajlar\u0131m\u0131 \u00e7\u0131karmak i\u00e7in tekrar hastaneye gitmem gerekiyordu; bu olduk\u00e7a a\u011fr\u0131l\u0131yd\u0131 ama onlar\u0131 \u00e7\u0131kard\u0131\u011f\u0131mda \u00e7ok rahatlad\u0131m. Sonras\u0131nda g\u00fcn ge\u00e7tik\u00e7e daha iyi hissettim ve d\u00f6n\u00fc\u015f u\u00e7u\u015fuma da haz\u0131rlanabildim. Daha sonra bana \u00f6zel bir korse verildi ve bunu \u00fc\u00e7 hafta boyunca \u0130svi\u00e7re\u2019de de giymem gerekiyordu. Bol k\u0131yafet giyildi\u011finde g\u00f6r\u00fcnm\u00fcyordu ama tabii \u00e7ok rahat de\u011fildi ve \u00e7ok da avantajl\u0131 de\u011fildi, \u00e7\u00fcnk\u00fc \u00e7ok terliyordum; ama bu zorunluydu. <\/p>\n\n<p>Medical Travel ekibine ve doktora t\u00fcm kalbimle te\u015fekk\u00fcr etmek istiyorum; bu harika zaman i\u00e7in. En b\u00fcy\u00fck dileklerimden biri ger\u00e7ekle\u015fti ve Medical Travel\u2019dan daha iyisi olamazd\u0131. M\u00fckemmel organizasyon ve bana g\u00f6sterdikleri bu sevgi i\u00e7in te\u015fekk\u00fcr ederim. Uzun zamand\u0131r kendimi bu kadar rahat ve anla\u015f\u0131lm\u0131\u015f hissetmemi\u015ftim. Bug\u00fcn olsa yine g\u00f6\u011f\u00fcslerimi sizde yapt\u0131r\u0131rd\u0131m veya ba\u015fka bir i\u015flem yapt\u0131r\u0131rd\u0131m. Medical Travel\u2019i kesinlikle %100 tavsiye edebilirim.<br\/><br\/>Ayr\u0131ca belirtmek isterim ki, ameliyattan sonra arkada\u015f\u0131m ve ben \u0130stanbul\u2019u gezdik. Her \u015fey biraz \u00e7\u0131lg\u0131nca g\u00f6r\u00fcn\u00fcyor ama ger\u00e7ekten \u00f6yleydi; h\u00e2l\u00e2 a\u011fr\u0131lar\u0131m vard\u0131 ama \u0130stanbul\u2019u ka\u00e7\u0131rmak istemedim. B\u00f6ylece bir g\u00fcnde iki kez taksiyle gidip hem limana hem de al\u0131\u015fveri\u015f caddesine gittik. Olduk\u00e7a yorgundum ve bitkin ama buna de\u011fdi; \u0130stanbul \u00e7ok g\u00fczel, romantik ve e\u011flenceli bir \u015fehir. \u0130lk kez oradayd\u0131m ve \u015fimdi en sevdi\u011fim \u015fehirlerden biri oldu.    <\/p>\n\n<p>Her \u015fey i\u00e7in te\u015fekk\u00fcr ederim.<\/p>\n\n<p>E. Perella<\/p>\n\n<div class=\"wp-block-group is-layout-grid wp-container-core-group-is-layout-baef362d wp-block-group-is-layout-grid\">\n<p><a href=\"https:\/\/medicaltravel.at\/home\/agb\/\" data-type=\"page\" data-id=\"2191\"><\/a><a href=\"https:\/\/medicaltravel.at\/tr\/hasta-hikayeleri\/erfahrungsberichte-behandlungen-tuerkei\/istanbulda-medicaltravel-ile-yaptirdigim-fue-sac-ekimi-deneyimim-carsamba-28-ekim-2015-tarihli-rapor\/\" data-type=\"link\" data-id=\"https:\/\/medicaltravel.at\/berichte-von-patienten\/erfahrungsberichte\/mein-erfahrungsbericht-von-der-fue-haartransplantation-in-istanbul-mit-medicaltravel-bericht-vom-mittwoch-28-oktober-2015\/\">\u00d6nceki Rapor<\/a><\/p>\n\n\n\n<p class=\"has-text-align-right wp-container-content-5e2576f9\"><a href=\"https:\/\/medicaltravel.at\/home\/impressum\/\" data-type=\"page\" data-id=\"2193\"><\/a><a href=\"https:\/\/medicaltravel.at\/home\/berichte-von-patienten\/erfahrungsberichte\/erfahrungsbericht-zahnbehandlung-in-istanbul\/\" data-type=\"page\" data-id=\"981\"><\/a><a href=\"https:\/\/medicaltravel.at\/tr\/hasta-hikayeleri\/erfahrungsberichte-behandlungen-tuerkei\/istanbulda-meme-diklestirme-ameliyatim-nisan-2015-27-agustos-2015-persembe-tarihli-rapor\/\" data-type=\"link\" data-id=\"https:\/\/medicaltravel.at\/berichte-von-patienten\/erfahrungsberichte\/meine-bruststraffung-in-istanbul-april-2015-bericht-vom-donnerstag-27-august-2015\/\">Sonraki Rapor<\/a><\/p>\n<\/div>\n","protected":false},"excerpt":{"rendered":"<p>Hasta Raporu- T\u00fcrkiye\u2019de Meme B\u00fcy\u00fctme Ameliyat\u0131m \u2013 \u00c7ar\u015famba, 16 Eyl\u00fcl 2015 tarihli rapor Sevgili ilgilenenler 21 ya\u015f\u0131nday\u0131m ve \u0130svi\u00e7re\u2019den geliyorum. Meme ameliyat\u0131 i\u00e7in MedicalTravel\u2019i tercih ettim. Bu ameliyat\u0131 uzun zamand\u0131r istiyordum, ama uzun s\u00fcre \u00e7ok k\u00fc\u00e7\u00fckt\u00fcm ve ailem de bunu anlayam\u0131yordu. \u015eimdi b\u00fcy\u00fcd\u00fcm ve kendi param\u0131 kazan\u0131yorum, bu y\u00fczden param\u0131 bir meme ameliyat\u0131 i\u00e7in biriktirmeye karar verdim. Bu ad\u0131m\u0131 atmay\u0131 ve hislerimi uzun s\u00fcre kimseyle do\u011fru d\u00fczg\u00fcn payla\u015famad\u0131m, bu y\u00fczden kimseyle konu\u015fmad\u0131m. Uzun s\u00fcre \u0130svi\u00e7re\u2019de iyi bir doktor arad\u0131m ama sorun \u015fuydu: Ameliyat\u0131 kar\u015f\u0131layacak param yoktu. Daha sonra, iste\u011fim hakk\u0131nda konu\u015fabildi\u011fim \u00e7ok g\u00fczel bir arkada\u015fl\u0131k kurdum, \u00e7\u00fcnk\u00fc bu arkada\u015f\u0131m da uzun zamand\u0131r bir burun ameliyat\u0131 istiyordu. \u0130nternette birlikte yurt d\u0131\u015f\u0131nda estetik ameliyat yapan bir doktor arad\u0131k, \u00e7\u00fcnk\u00fc bu bizim i\u00e7in tek uygun maliyetli se\u00e7enekti. Sonra Medical Travel sitesine rastlad\u0131k; iyi yorumlar\u0131 okuduk ve Bern\u2019deki \u00fccretsiz randevu dikkatimizi \u00e7ekti, e-posta ile randevu ald\u0131k. \u0130ki saatlik araba yolculu\u011fu yap\u0131p Bern\u2019deki Medical Travel ofisine gittik ve ilk kez doktorla tan\u0131\u015ft\u0131k. \u015eunu s\u00f6ylemeliyim ki, benim i\u00e7in doktoru tan\u0131mak \u00e7ok \u00f6nemliydi; yoksa T\u00fcrkiye\u2019ye asla gitmezdim, \u00e7\u00fcnk\u00fc h\u00e2l\u00e2 korkular\u0131m ve endi\u015felerim vard\u0131. Bizi s\u0131cak bir \u015fekilde kar\u015f\u0131lad\u0131lar ve bulmas\u0131 da zor de\u011fildi, \u00e7\u00fcnk\u00fc Bern\u2019deki Medical Travel ofisi do\u011frudan bir caddenin \u00fczerindeydi. Ofis \u00e7ok b\u00fcy\u00fck de\u011fildi ama g\u00fczel d\u00f6\u015fenmi\u015fti ve bekleme odas\u0131nda k\u00fc\u00e7\u00fck bir ikram masas\u0131 vard\u0131. Doktorla yap\u0131lan g\u00f6r\u00fc\u015fmede arkada\u015f\u0131m, ben, doktor ve iki terc\u00fcman vard\u0131. Hi\u00e7 kimse bizi bir \u015fey yapmaya zorlamad\u0131, bu \u00e7ok g\u00fczeldi; akl\u0131m\u0131za tak\u0131lan t\u00fcm sorular\u0131 sorabiliyorduk ve hemen cevap al\u0131yorduk. Burun ve meme ameliyatlar\u0131yla ilgili g\u00f6rseller de g\u00f6sterdiler. Doktor hemen benim g\u00f6\u011fs\u00fcm\u00fc ve arkada\u015f\u0131m\u0131n burnunu inceledi, bizi bilgilendirdi, neyin iyi veya k\u00f6t\u00fc oldu\u011funu anlatt\u0131 ve en \u00f6nemlisi iste\u011fimizi anlad\u0131. Meme ameliyat\u0131ndan uzun s\u00fcre korktum \u00e7\u00fcnk\u00fc benim i\u00e7in g\u00fcnl\u00fck sporuma tekrar d\u00f6nebilmek \u00e7ok \u00f6nemliydi ve yan etkilerden korkuyordum (bunlar h\u00e2l\u00e2 bende olabilir; implant\u0131n etraf\u0131nda kaps\u00fcl olu\u015fumu gibi durumlar her zaman g\u00f6r\u00fclebilir, \u00e7\u00fcnk\u00fc hi\u00e7bir zaman %100 g\u00fcvence yoktur, her v\u00fccut farkl\u0131 tepki verir). Bern\u2019deki randevudan sonra akl\u0131ma tabii ki 1000 farkl\u0131 soru geldi ve bunlar\u0131 hep Medical Travel ekibine e-posta ile sordum; ekip her zaman doktorla g\u00f6r\u00fc\u015f\u00fcp bana m\u00fcmk\u00fcn olan en h\u0131zl\u0131 \u015fekilde cevap verdi. Bunu \u00e7ok takdir ettim; her zaman yan\u0131t ald\u0131m ve hi\u00e7 sab\u0131rs\u0131zlanmad\u0131lar. Karar verebilmem i\u00e7in bana iki hafta s\u00fcre tan\u0131nd\u0131 ve ge\u00e7ici ameliyat tarihinden \u00f6nce karar\u0131m\u0131 verdim. Sonras\u0131nda t\u00fcm belgelerim, u\u00e7u\u015f, otel ve t\u00fcm \u00f6nemli bilgilerin oldu\u011fu ki\u015fisel pasaportum, ameliyat tarihleri ve t\u00fcm kontrollerim h\u0131zl\u0131ca bana iletildi. Ayr\u0131ca \u0130stanbul gezisi i\u00e7in faydal\u0131 turist ipu\u00e7lar\u0131 ve bir \u015fehir haritas\u0131 da verildi. Benim i\u00e7in arkada\u015f\u0131m ile ayn\u0131 otel odas\u0131nda kalmak ve birlikte \u0130svi\u00e7re\u2019ye d\u00f6nmek \u00e7ok \u00f6nemliydi. Arkada\u015f\u0131m benden 3 g\u00fcn \u00f6nce T\u00fcrkiye\u2019ye gitmi\u015fti ve ameliyat\u0131 da benden \u00f6nce olmu\u015ftu, yani benim yan\u0131mda de\u011fildi. Bana s\u00fcrekli bilgi verdi ve ameliyat\u0131 sorunsuz ge\u00e7ti. Bu sayede cesaretimi tekrar toplad\u0131m ve yaln\u0131z ba\u015f\u0131ma T\u00fcrkiye\u2019ye gittim; arkada\u015f\u0131m orada beni bekliyordu. U\u00e7u\u015f bilgilerimi k\u00fc\u00e7\u00fck bir kitap\u00e7\u0131kta zaten alm\u0131\u015ft\u0131m, sadece gi\u015feye gidip u\u00e7ak biletimi ald\u0131m. Her \u015fey \u00e7ok h\u0131zl\u0131 ve g\u00fcvenilir bir \u015fekilde ger\u00e7ekle\u015fti; u\u00e7u\u015f tam zaman\u0131nda kalkt\u0131 ve T\u00fcrk Hava Yollar\u0131\u2019nda herkes \u00e7ok dostane ve son derece d\u00fczenliydi. T\u00fcrkiye\u2019ye indi\u011fimde, k\u00fc\u00e7\u00fck bir minib\u00fcs t\u00fcm yolcular\u0131 almak i\u00e7in geldi ve bizi havaalan\u0131na g\u00f6t\u00fcrd\u00fc. Pasaport kontrol\u00fc sorunsuz ge\u00e7ti ve bagaj\u0131m da \u00e7ok h\u0131zl\u0131 geldi. Havaalan\u0131ndan \u00e7\u0131kt\u0131\u011f\u0131mda kitap\u00e7\u0131kta yaz\u0131ld\u0131\u011f\u0131 yerde bekledim ama hen\u00fcz kimse yoktu. Ayr\u0131ca \u0130stanbul b\u00fcy\u00fck bir \u015fehir oldu\u011fu i\u00e7in 30 dakikaya kadar gecikme olabilece\u011fi s\u00f6ylendi. \u00c7ok sab\u0131rs\u0131zland\u0131m ve \u0130svi\u00e7re\u2019deki organizasyonu arad\u0131m; telefonu a\u00e7t\u0131lar ve yak\u0131nda birinin gelece\u011fini, beklememi s\u00f6ylediler, ve ger\u00e7ekten de \u00f6yle oldu. K\u0131sa s\u00fcre sonra biri geldi ve beni arkada\u015f\u0131m\u0131n bulundu\u011fu otele arabayla g\u00f6t\u00fcrd\u00fc. Otelde herkes \u00e7ok dostaneydi ve arkada\u015f\u0131m ile ayn\u0131 odada kalabilmem hi\u00e7bir sorun olmad\u0131. Ald\u0131\u011f\u0131n kitap\u00e7\u0131kta her \u015fey \u00e7ok net a\u00e7\u0131klanm\u0131\u015ft\u0131: ak\u015fam 12\u2019den itibaren a\u00e7 kalman gerekti\u011fi ve ameliyat sabah\u0131 hi\u00e7bir \u015fey yememen gerekti\u011fi yaz\u0131yordu. Ben de tam olarak bunu uygulad\u0131m. Sonra taksiyle hastaneye g\u00f6t\u00fcr\u00fcld\u00fcm, ama y\u00fcr\u00fcyerek gitmek \u00e7ok daha h\u0131zl\u0131 olurdu. Almanya\u2019da b\u00fcy\u00fcm\u00fc\u015f bir T\u00fcrk kad\u0131na geldim; hem \u00e7ok d\u00fczg\u00fcn Almanca hem de T\u00fcrk\u00e7e konu\u015fuyordu. \u00d6n\u00fcm\u00fczdeki g\u00fcnlerde benimle ilgilendi ve terc\u00fcman\u0131m oldu, onu \u00e7ok sevdim. O d\u00f6nemde bana hem destek hem de anne gibi oldu; cesaret verdi, korkular\u0131m\u0131 ald\u0131 ve her zaman zaman ay\u0131rd\u0131. Her \u015fey \u00e7ok h\u0131zl\u0131 ilerledi; odam\u0131 ald\u0131m, de\u011ferli e\u015fyalar\u0131m\u0131 koyabilece\u011fim bir kasam vard\u0131, kan\u0131m al\u0131nd\u0131 ve ameliyattan \u00f6nce yap\u0131lmas\u0131 gereken t\u00fcm testler yap\u0131ld\u0131. Ayr\u0131ca soru formlar\u0131 dolduruldu ve di\u011fer i\u015flemler tamamland\u0131. Sonra koluma bir serum i\u011fnesi tak\u0131ld\u0131 ve hastane k\u0131yafetlerimi giymem istendi, sakinle\u015ftirici verildi ve ameliyathane odas\u0131na g\u00f6t\u00fcr\u00fcld\u00fcm. Her \u015fey \u00e7ok h\u0131zl\u0131 ilerledi. Tek hat\u0131rlad\u0131\u011f\u0131m, ameliyathane odas\u0131nda uyand\u0131\u011f\u0131mda herkes benimle konu\u015fuyordu ama ben uyumak istiyordum. Daha sonra beni tekrar hastane odama g\u00f6t\u00fcrd\u00fcler; bir gece burada kald\u0131m ve s\u00fcrekli kontrol alt\u0131nda oldum. Ameliyattan sonraki gece benim i\u00e7in \u00e7ok zor ge\u00e7ti; a\u011fr\u0131lar\u0131m vard\u0131 ve her saat ba\u015f\u0131 koldan a\u011fr\u0131 kesici al\u0131yordum. Ayr\u0131ca serum tak\u0131l\u0131 oldu\u011fu i\u00e7in \u00e7ok s\u0131k tuvalete gitmem gerekiyordu. Tek ba\u015f\u0131ma tuvalete gidemedi\u011fim i\u00e7in s\u00fcrekli hem\u015fireyi \u00e7a\u011f\u0131rmak zorunda kald\u0131m (\u00e7ok g\u00fc\u00e7s\u00fczd\u00fcm ve a\u011fr\u0131lar\u0131m \u00e7ok fazlayd\u0131). T\u00fcm kalbimle s\u00f6ylemeliyim ki, ben \u0130svi\u00e7re\u2019de bir hastanede \u00e7al\u0131\u015f\u0131yorum ve bug\u00fcne kadar hi\u00e7 bu kadar g\u00fczel, ilgili ve de\u011fer verildi\u011fimi hissetti\u011fim bir \u015fekilde tedavi edilmedim. B\u00f6yle bir ameliyat yapt\u0131rd\u0131\u011f\u0131m i\u00e7in hem\u015firelere kar\u015f\u0131 biraz utan\u00e7 duymu\u015ftum ama hi\u00e7biri bana bunun normal olmad\u0131\u011f\u0131 hissini vermedi. T\u00fcm gece benimle ilgilendiler ve tuvalette ba\u015f\u0131m d\u00f6nd\u00fc\u011f\u00fcnde hemen m\u00fcdahale ettiler; bundan daha iyi yap\u0131lamazd\u0131. Herkes bana sanki bu d\u00fcnyan\u0131n en normal \u015feyiymi\u015f gibi davrand\u0131. Orada kendimi \u00e7ok rahat hissettim ve asl\u0131nda ayr\u0131lmak da istemedim. Ertesi sabah ise tekrar otele d\u00f6nmek zorundayd\u0131m, taksiyle geri g\u00f6t\u00fcr\u00fcld\u00fcm. Otelde \u00e7ok ba\u011f\u0131ms\u0131z de\u011fildim ve h\u00e2l\u00e2 arkada\u015f\u0131m yan\u0131mda oldu\u011fu i\u00e7in \u00e7ok \u015f\u00fck\u00fcr, onun deste\u011fiyle her \u015fey daha kolay ge\u00e7ti. \u00dc\u00e7\u00fcnc\u00fc g\u00fcn drenajlar\u0131m\u0131 \u00e7\u0131karmak i\u00e7in tekrar hastaneye gitmem gerekiyordu; bu olduk\u00e7a a\u011fr\u0131l\u0131yd\u0131 ama onlar\u0131 \u00e7\u0131kard\u0131\u011f\u0131mda \u00e7ok rahatlad\u0131m. Sonras\u0131nda g\u00fcn ge\u00e7tik\u00e7e daha iyi hissettim ve d\u00f6n\u00fc\u015f u\u00e7u\u015fuma da haz\u0131rlanabildim. Daha sonra bana \u00f6zel bir korse verildi ve bunu \u00fc\u00e7 hafta boyunca \u0130svi\u00e7re\u2019de de giymem gerekiyordu. Bol k\u0131yafet giyildi\u011finde g\u00f6r\u00fcnm\u00fcyordu ama tabii \u00e7ok rahat de\u011fildi ve \u00e7ok da avantajl\u0131 de\u011fildi, \u00e7\u00fcnk\u00fc \u00e7ok terliyordum; ama bu zorunluydu. Medical Travel ekibine ve doktora t\u00fcm kalbimle te\u015fekk\u00fcr etmek istiyorum; bu harika zaman i\u00e7in. En b\u00fcy\u00fck dileklerimden biri ger\u00e7ekle\u015fti ve Medical Travel\u2019dan daha iyisi olamazd\u0131. M\u00fckemmel organizasyon ve bana g\u00f6sterdikleri bu sevgi i\u00e7in te\u015fekk\u00fcr ederim. Uzun zamand\u0131r kendimi bu kadar<\/p>\n","protected":false},"author":4,"featured_media":0,"parent":4603,"menu_order":0,"comment_status":"closed","ping_status":"closed","template":"","meta":{"_joinchat":[],"footnotes":""},"class_list":["post-4732","page","type-page","status-publish","hentry"],"acf":[],"_links":{"self":[{"href":"https:\/\/medicaltravel.at\/tr\/wp-json\/wp\/v2\/pages\/4732","targetHints":{"allow":["GET"]}}],"collection":[{"href":"https:\/\/medicaltravel.at\/tr\/wp-json\/wp\/v2\/pages"}],"about":[{"href":"https:\/\/medicaltravel.at\/tr\/wp-json\/wp\/v2\/types\/page"}],"author":[{"embeddable":true,"href":"https:\/\/medicaltravel.at\/tr\/wp-json\/wp\/v2\/users\/4"}],"replies":[{"embeddable":true,"href":"https:\/\/medicaltravel.at\/tr\/wp-json\/wp\/v2\/comments?post=4732"}],"version-history":[{"count":1,"href":"https:\/\/medicaltravel.at\/tr\/wp-json\/wp\/v2\/pages\/4732\/revisions"}],"predecessor-version":[{"id":4733,"href":"https:\/\/medicaltravel.at\/tr\/wp-json\/wp\/v2\/pages\/4732\/revisions\/4733"}],"up":[{"embeddable":true,"href":"https:\/\/medicaltravel.at\/tr\/wp-json\/wp\/v2\/pages\/4603"}],"wp:attachment":[{"href":"https:\/\/medicaltravel.at\/tr\/wp-json\/wp\/v2\/media?parent=4732"}],"curies":[{"name":"wp","href":"https:\/\/api.w.org\/{rel}","templated":true}]}}