{"id":4730,"date":"2025-09-27T21:39:01","date_gmt":"2025-09-27T20:39:01","guid":{"rendered":"https:\/\/medicaltravel.at\/hasta-hikayeleri\/erfahrungsberichte-behandlungen-tuerkei\/hasta-raporu-istanbulda-fue-yoentemiyle-kisisel-sac-ekimi-cuma-08-ocak-2016-tarihli-rapor\/"},"modified":"2026-01-13T14:40:20","modified_gmt":"2026-01-13T13:40:20","slug":"hasta-raporu-istanbulda-fue-yoentemiyle-kisisel-sac-ekimi-cuma-08-ocak-2016-tarihli-rapor","status":"publish","type":"page","link":"https:\/\/medicaltravel.at\/tr\/hasta-hikayeleri\/erfahrungsberichte-behandlungen-tuerkei\/hasta-raporu-istanbulda-fue-yoentemiyle-kisisel-sac-ekimi-cuma-08-ocak-2016-tarihli-rapor\/","title":{"rendered":"HASTA RAPORU- \u0130STANBUL\u2019DA FUE Y\u00d6NTEM\u0130YLE K\u0130\u015e\u0130SEL SA\u00c7 EK\u0130M\u0130 \u2013 Cuma, 08 Ocak 2016 tarihli rapor"},"content":{"rendered":"\n<p><strong>HASTA RAPORU- \u0130STANBUL\u2019DA FUE Y\u00d6NTEM\u0130YLE K\u0130\u015e\u0130SEL SA\u00c7 EK\u0130M\u0130 <\/strong>\u2013 Cuma, 08 Ocak 2016 tarihli rapor<\/p>\n\n<p>26 ya\u015f\u0131nday\u0131m ve yak\u0131n zamanda T\u00fcrkiye\u2019de sa\u00e7 ekimi yapt\u0131rmaya karar verdim, \u00e7\u00fcnk\u00fc \u00e7ok ciddi sa\u00e7 d\u00f6k\u00fclmesi ya\u015f\u0131yordum. Ba\u015fta sa\u00e7 kayb\u0131m\u0131n beni d\u00fc\u015f\u00fcnd\u00fc\u011f\u00fcn\u00fc kabul etmek istemedim ama sonunda durumun b\u00f6yle oldu\u011funu kabul etmek zorunda kald\u0131m. G\u00fcn\u00fcm\u00fczde art\u0131k saklanmamak ve bu konuyu a\u00e7\u0131k bir \u015fekilde ele almak gerekti\u011fini d\u00fc\u015f\u00fcn\u00fcyorum, ama bunun biraz cesaret ve kesinlikle b\u00fcy\u00fck bir kararl\u0131l\u0131k gerektirdi\u011fini de biliyorum.  <\/p>\n\n<p>\u00d6ncelikle internetten olas\u0131 tedavi y\u00f6ntemlerini ara\u015ft\u0131rd\u0131m, \u00e7e\u015fitli sa\u011flay\u0131c\u0131lar\u0131 ve fiyatlar\u0131 kar\u015f\u0131la\u015ft\u0131rd\u0131m, akrabalar\u0131ma sordum ve sonunda bir arkada\u015f\u0131m\u0131n tavsiyesiyle MedicalTravel ile ileti\u015fime ge\u00e7tim. Arkada\u015f\u0131m\u0131n s\u00fcrecini birka\u00e7 ay boyunca takip edebildim ve sonu\u00e7tan \u00e7ok etkilendim. <\/p>\n\n<p>Sonras\u0131nda MedicalTravel ile kendim ileti\u015fime ge\u00e7tim ve bir teklif talep ettim. Bunun \u00fczerine s\u00fcre\u00e7le ilgili gerekli belgelerle birlikte bir \u00f6n teklif ald\u0131m. Ayr\u0131ca \u0130svi\u00e7re\u2019de yerinde bir g\u00f6r\u00fc\u015fme ve muayene i\u00e7in randevu da alabilme imk\u00e2n\u0131m oldu. Bu g\u00f6r\u00fc\u015fmede bir doktor, bir terc\u00fcman ve MedicalTravel\u2019in y\u00f6neticisi haz\u0131r bulunuyor. Akl\u0131n\u0131za tak\u0131lan her \u015feyi sorabiliyorsunuz ve net cevap al\u0131yorsunuz. \u0130\u015finizi kolayla\u015ft\u0131rmak i\u00e7in s\u00fcreci g\u00f6steren g\u00f6rseller de g\u00f6steriliyor. Bu muayeneden sonra da istedi\u011finiz zaman MedicalTravel ile ileti\u015fime ge\u00e7ebilir ve sorular\u0131n\u0131z\u0131 sorabilirsiniz.      <\/p>\n\n<p>Sonucun beni tatmin edip etmeyece\u011fini hen\u00fcz s\u00f6yleyemem, \u00e7\u00fcnk\u00fc i\u015flem sadece bir ay \u00f6nce yap\u0131ld\u0131. Ancak \u015fu ana kadar olan s\u00fcre\u00e7ten \u00e7ok memnunum ve sonucun \u00e7ok iyi olaca\u011f\u0131na kesinlikle inan\u0131yorum. MedicalTravel\u2019in organizasyonundan da memnunum; her \u015fey iyi organize edilmi\u015fti, hastane \u00e7ok y\u00fcksek standarttayd\u0131 (\u0130svi\u00e7re\u2019deki gibi), doktor yetkin ve ilgilenen ekip (\u00e7ok iyi Almanca bilgisine sahip) \u00e7ok dostane davran\u0131yordu ve nihayetinde fiyat da belirleyici oldu.  <\/p>\n\n<p>Beni ameliyat eden tedavi ekibi \u00e7ok, \u00e7ok dostaneydi. Lokal anestezi yap\u0131l\u0131rken biraz a\u011fr\u0131 hissettim, ama i\u015flem s\u0131ras\u0131nda tamamen a\u011fr\u0131 hissetmedim. \u0130\u015flem yakla\u015f\u0131k 6 saat s\u00fcrd\u00fc ve sonras\u0131nda olduk\u00e7a yorgundum, sadece otele gitmek istedim. Kendinizi aynada g\u00f6rd\u00fc\u011f\u00fcn\u00fczde korkmay\u0131n; \u00e7ok a\u011fr\u0131l\u0131 ve estetik olarak g\u00fczel g\u00f6r\u00fcnmeyebilir, bunu bilmek gerekir. \u0130nsanlar size tuhaf bakabilir, sanki uzayl\u0131 ya da engelli biriymi\u015fsiniz gibi. Bunu sayg\u0131s\u0131zl\u0131k olarak s\u00f6ylemiyorum, ama ger\u00e7ek b\u00f6yle. Bir\u00e7ok ki\u015fi b\u00f6yle bir durumu tan\u0131m\u0131yor ve merak ediyor, bu y\u00fczden bak\u0131yorlar. Ba\u015fta \u00e7ok zor gelebilir ama zamanla bak\u0131\u015flar\u0131 kabul etmeyi ve g\u00f6rmezden gelmeyi \u00f6\u011freniyorsunuz.       <\/p>\n\n<p>Genel izlenimim olumlu ve bunu her zaman tekrar yapard\u0131m. \u0130lgi, doktor, hastane, tedavi s\u00fcreci ve sonu\u00e7 hepsi tatmin ediciydi. <\/p>\n\n<p>Size bir kez daha te\u015fekk\u00fcr etmek istiyorum.<\/p>\n\n<p>Sevgilerle<br\/><br\/>Robin Zbinden<\/p>\n\n<div class=\"wp-block-group is-layout-grid wp-container-core-group-is-layout-baef362d wp-block-group-is-layout-grid\">\n<p><a href=\"https:\/\/medicaltravel.at\/home\/agb\/\" data-type=\"page\" data-id=\"2191\"><\/a><a href=\"https:\/\/medicaltravel.at\/tr\/hasta-hikayeleri\/erfahrungsberichte-behandlungen-tuerkei\/istanbulda-sac-ekimi-deneyim-raporu-17-subat-2016-carsamba-tarihli-rapor\/\" data-type=\"link\" data-id=\"https:\/\/medicaltravel.at\/berichte-von-patienten\/erfahrungsberichte\/erfahrungsbericht-eigenhaartransplantation-in-istanbul-bericht-vom-mittwoch-17-februar-2016\/\">\u00d6nceki Rapor<\/a><\/p>\n\n\n\n<p class=\"has-text-align-right wp-container-content-5e2576f9\"><a href=\"https:\/\/medicaltravel.at\/home\/impressum\/\" data-type=\"page\" data-id=\"2193\"><\/a><a href=\"https:\/\/medicaltravel.at\/home\/berichte-von-patienten\/erfahrungsberichte\/erfahrungsbericht-zahnbehandlung-in-istanbul\/\" data-type=\"page\" data-id=\"981\"><\/a><a href=\"https:\/\/medicaltravel.at\/tr\/hasta-hikayeleri\/erfahrungsberichte-behandlungen-tuerkei\/hasta-deneyimi-istanbuldaki-goegues-bueyuetme-ameliyatim-carsamba-06-ocak-2016-tarihli-deneyim-yazisi\/\" data-type=\"link\" data-id=\"https:\/\/medicaltravel.at\/berichte-von-patienten\/erfahrungsberichte\/der-patientenbericht-meine-brustvergroesserung-in-istanbul-bericht-vom-mittwoch-06-januar-2016\/\">Sonraki Rapor<\/a><\/p>\n<\/div>\n\n<p><\/p>\n","protected":false},"excerpt":{"rendered":"<p>HASTA RAPORU- \u0130STANBUL\u2019DA FUE Y\u00d6NTEM\u0130YLE K\u0130\u015e\u0130SEL SA\u00c7 EK\u0130M\u0130 \u2013 Cuma, 08 Ocak 2016 tarihli rapor 26 ya\u015f\u0131nday\u0131m ve yak\u0131n zamanda T\u00fcrkiye\u2019de sa\u00e7 ekimi yapt\u0131rmaya karar verdim, \u00e7\u00fcnk\u00fc \u00e7ok ciddi sa\u00e7 d\u00f6k\u00fclmesi ya\u015f\u0131yordum. Ba\u015fta sa\u00e7 kayb\u0131m\u0131n beni d\u00fc\u015f\u00fcnd\u00fc\u011f\u00fcn\u00fc kabul etmek istemedim ama sonunda durumun b\u00f6yle oldu\u011funu kabul etmek zorunda kald\u0131m. G\u00fcn\u00fcm\u00fczde art\u0131k saklanmamak ve bu konuyu a\u00e7\u0131k bir \u015fekilde ele almak gerekti\u011fini d\u00fc\u015f\u00fcn\u00fcyorum, ama bunun biraz cesaret ve kesinlikle b\u00fcy\u00fck bir kararl\u0131l\u0131k gerektirdi\u011fini de biliyorum. \u00d6ncelikle internetten olas\u0131 tedavi y\u00f6ntemlerini ara\u015ft\u0131rd\u0131m, \u00e7e\u015fitli sa\u011flay\u0131c\u0131lar\u0131 ve fiyatlar\u0131 kar\u015f\u0131la\u015ft\u0131rd\u0131m, akrabalar\u0131ma sordum ve sonunda bir arkada\u015f\u0131m\u0131n tavsiyesiyle MedicalTravel ile ileti\u015fime ge\u00e7tim. Arkada\u015f\u0131m\u0131n s\u00fcrecini birka\u00e7 ay boyunca takip edebildim ve sonu\u00e7tan \u00e7ok etkilendim. Sonras\u0131nda MedicalTravel ile kendim ileti\u015fime ge\u00e7tim ve bir teklif talep ettim. Bunun \u00fczerine s\u00fcre\u00e7le ilgili gerekli belgelerle birlikte bir \u00f6n teklif ald\u0131m. Ayr\u0131ca \u0130svi\u00e7re\u2019de yerinde bir g\u00f6r\u00fc\u015fme ve muayene i\u00e7in randevu da alabilme imk\u00e2n\u0131m oldu. Bu g\u00f6r\u00fc\u015fmede bir doktor, bir terc\u00fcman ve MedicalTravel\u2019in y\u00f6neticisi haz\u0131r bulunuyor. Akl\u0131n\u0131za tak\u0131lan her \u015feyi sorabiliyorsunuz ve net cevap al\u0131yorsunuz. \u0130\u015finizi kolayla\u015ft\u0131rmak i\u00e7in s\u00fcreci g\u00f6steren g\u00f6rseller de g\u00f6steriliyor. Bu muayeneden sonra da istedi\u011finiz zaman MedicalTravel ile ileti\u015fime ge\u00e7ebilir ve sorular\u0131n\u0131z\u0131 sorabilirsiniz. Sonucun beni tatmin edip etmeyece\u011fini hen\u00fcz s\u00f6yleyemem, \u00e7\u00fcnk\u00fc i\u015flem sadece bir ay \u00f6nce yap\u0131ld\u0131. Ancak \u015fu ana kadar olan s\u00fcre\u00e7ten \u00e7ok memnunum ve sonucun \u00e7ok iyi olaca\u011f\u0131na kesinlikle inan\u0131yorum. MedicalTravel\u2019in organizasyonundan da memnunum; her \u015fey iyi organize edilmi\u015fti, hastane \u00e7ok y\u00fcksek standarttayd\u0131 (\u0130svi\u00e7re\u2019deki gibi), doktor yetkin ve ilgilenen ekip (\u00e7ok iyi Almanca bilgisine sahip) \u00e7ok dostane davran\u0131yordu ve nihayetinde fiyat da belirleyici oldu. Beni ameliyat eden tedavi ekibi \u00e7ok, \u00e7ok dostaneydi. Lokal anestezi yap\u0131l\u0131rken biraz a\u011fr\u0131 hissettim, ama i\u015flem s\u0131ras\u0131nda tamamen a\u011fr\u0131 hissetmedim. \u0130\u015flem yakla\u015f\u0131k 6 saat s\u00fcrd\u00fc ve sonras\u0131nda olduk\u00e7a yorgundum, sadece otele gitmek istedim. Kendinizi aynada g\u00f6rd\u00fc\u011f\u00fcn\u00fczde korkmay\u0131n; \u00e7ok a\u011fr\u0131l\u0131 ve estetik olarak g\u00fczel g\u00f6r\u00fcnmeyebilir, bunu bilmek gerekir. \u0130nsanlar size tuhaf bakabilir, sanki uzayl\u0131 ya da engelli biriymi\u015fsiniz gibi. Bunu sayg\u0131s\u0131zl\u0131k olarak s\u00f6ylemiyorum, ama ger\u00e7ek b\u00f6yle. Bir\u00e7ok ki\u015fi b\u00f6yle bir durumu tan\u0131m\u0131yor ve merak ediyor, bu y\u00fczden bak\u0131yorlar. Ba\u015fta \u00e7ok zor gelebilir ama zamanla bak\u0131\u015flar\u0131 kabul etmeyi ve g\u00f6rmezden gelmeyi \u00f6\u011freniyorsunuz. Genel izlenimim olumlu ve bunu her zaman tekrar yapard\u0131m. \u0130lgi, doktor, hastane, tedavi s\u00fcreci ve sonu\u00e7 hepsi tatmin ediciydi. Size bir kez daha te\u015fekk\u00fcr etmek istiyorum. Sevgilerle Robin Zbinden \u00d6nceki Rapor Sonraki Rapor<\/p>\n","protected":false},"author":4,"featured_media":0,"parent":4603,"menu_order":0,"comment_status":"closed","ping_status":"closed","template":"","meta":{"_joinchat":[],"footnotes":""},"class_list":["post-4730","page","type-page","status-publish","hentry"],"acf":[],"_links":{"self":[{"href":"https:\/\/medicaltravel.at\/tr\/wp-json\/wp\/v2\/pages\/4730","targetHints":{"allow":["GET"]}}],"collection":[{"href":"https:\/\/medicaltravel.at\/tr\/wp-json\/wp\/v2\/pages"}],"about":[{"href":"https:\/\/medicaltravel.at\/tr\/wp-json\/wp\/v2\/types\/page"}],"author":[{"embeddable":true,"href":"https:\/\/medicaltravel.at\/tr\/wp-json\/wp\/v2\/users\/4"}],"replies":[{"embeddable":true,"href":"https:\/\/medicaltravel.at\/tr\/wp-json\/wp\/v2\/comments?post=4730"}],"version-history":[{"count":1,"href":"https:\/\/medicaltravel.at\/tr\/wp-json\/wp\/v2\/pages\/4730\/revisions"}],"predecessor-version":[{"id":4731,"href":"https:\/\/medicaltravel.at\/tr\/wp-json\/wp\/v2\/pages\/4730\/revisions\/4731"}],"up":[{"embeddable":true,"href":"https:\/\/medicaltravel.at\/tr\/wp-json\/wp\/v2\/pages\/4603"}],"wp:attachment":[{"href":"https:\/\/medicaltravel.at\/tr\/wp-json\/wp\/v2\/media?parent=4730"}],"curies":[{"name":"wp","href":"https:\/\/api.w.org\/{rel}","templated":true}]}}