{"id":4728,"date":"2025-09-27T21:32:00","date_gmt":"2025-09-27T20:32:00","guid":{"rendered":"https:\/\/medicaltravel.at\/hasta-hikayeleri\/erfahrungsberichte-behandlungen-tuerkei\/hasta-raporu-istanbulda-meme-bueyuetme-carsamba-18-mayis-2016-tarihli-rapor\/"},"modified":"2026-01-13T14:37:28","modified_gmt":"2026-01-13T13:37:28","slug":"hasta-raporu-istanbulda-meme-bueyuetme-carsamba-18-mayis-2016-tarihli-rapor","status":"publish","type":"page","link":"https:\/\/medicaltravel.at\/tr\/hasta-hikayeleri\/erfahrungsberichte-behandlungen-tuerkei\/hasta-raporu-istanbulda-meme-bueyuetme-carsamba-18-mayis-2016-tarihli-rapor\/","title":{"rendered":"HASTA RAPORU- \u0130STANBUL&#8217;DA MEME B\u00dcY\u00dcTME \u2013 \u00c7ar\u015famba, 18 May\u0131s 2016 tarihli rapor"},"content":{"rendered":"\n<p><strong>HASTA RAPORU- \u0130STANBUL&#8217;DA MEME B\u00dcY\u00dcTME<\/strong> \u2013 \u00c7ar\u015famba, 18 May\u0131s 2016 tarihli rapor<\/p>\n\n<p>Yani\u2026 Meme ameliyat\u0131 olmaya karar verdim \u00e7\u00fcnk\u00fc y\u0131llard\u0131r daha b\u00fcy\u00fck g\u00f6\u011f\u00fcslere sahip olmak istiyordum. Kilo verdi\u011fim i\u00e7in g\u00f6\u011f\u00fcslerim de k\u00fc\u00e7\u00fcld\u00fc ve kendimden memnun de\u011fildim. <\/p>\n\n<p>\u0130\u015f arkada\u015f\u0131m bana g\u00f6\u011f\u00fcslerini yapt\u0131rd\u0131\u011f\u0131n\u0131 ve bunun \u0130stanbul\u2019daki Ac\u0131badem Hastanesi\u2019nde oldu\u011funu anlatt\u0131. \u00c7ok merak ettim ve ona ba\u015ftan sona sorular sordum. Web sitesine bakt\u0131m ve bilgi ald\u0131m. Ama yurt d\u0131\u015f\u0131nda yapt\u0131rma fikri beni \u00e7ok korkutuyordu, \u00f6zellikle d\u00fcnyadaki bombal\u0131 sald\u0131r\u0131lar y\u00fcz\u00fcnden. Yine de iste\u011fim o kadar g\u00fc\u00e7l\u00fcyd\u00fc ki! G\u00fcnl\u00fck olarak arac\u0131yla e-posta \u00fczerinden yaz\u0131\u015ft\u0131m ve isteklerimi anlatt\u0131m. O her \u015feyi organize etti ve bana her zaman h\u0131zl\u0131 bir \u015fekilde cevap yazd\u0131.      <\/p>\n\n<p>T\u00fcrkiye&#8217;ye u\u00e7madan bir g\u00fcn \u00f6nce Ferit Demirkan ile doktor randevum vard\u0131. O g\u00f6\u011f\u00fcslerimi inceledi ve neler yap\u0131labilece\u011fini anlatt\u0131. Bana her \u015fey de terc\u00fcme edilerek a\u00e7\u0131kland\u0131.<\/p>\n\n<p>2 May\u0131s&#8217;ta sonunda en yak\u0131n arkada\u015f\u0131m ile T\u00fcrkiye&#8217;ye u\u00e7tum. Havaliman\u0131na vard\u0131\u011f\u0131m\u0131zda bizi kar\u015f\u0131layan bir stant vard\u0131. Bizi do\u011frudan ilk gece i\u00e7in ay\u0131rtt\u0131\u011f\u0131m\u0131z Orya Otel\u2019e g\u00f6t\u00fcrd\u00fcler. Otel hastaneye \u00e7ok yak\u0131nd\u0131. Vard\u0131\u011f\u0131m\u0131zda hastaneye gittik ve etrafa bakt\u0131k. \u00c7ok g\u00fczel, temiz, \u015f\u0131k ve modern bir yerdi. \u00c7ok etkilendim.<\/p>\n\n<p>Ertesi g\u00fcn, 3 May\u0131s, ameliyat g\u00fcn\u00fcmd\u00fc\u2026 Sabah hastaneye gittik. Bizi her \u015feyi anlatan ve \u00e7eviren terc\u00fcman\u0131m kar\u015f\u0131lad\u0131. Saat yakla\u015f\u0131k 10 civar\u0131nda ameliyata haz\u0131rlanmak i\u00e7in al\u0131nd\u0131m, k\u0131yafetlerimi giydim ve doktorla tekrar g\u00f6r\u00fc\u015ft\u00fcm. Bana silikonlar\u0131 g\u00f6sterdi ve her \u015feyi daha detayl\u0131 konu\u015ftuk. Saat 13:00\u2019te her \u015fey haz\u0131rd\u0131. \u00c7ok ama \u00e7ok gergindim, arkada\u015f\u0131m da \u00f6yleydi. Bana g\u00fc\u00e7 verdi ve ameliyata kadar dikkatimi da\u011f\u0131tt\u0131.<\/p>\n\n<p>Doktorlar beni almaya geldi\u2026 Asans\u00f6rle \u00e7ok a\u015fa\u011f\u0131ya indik, sanki bir korku filmindeymi\u015fim gibi geldi hahaha \u00e7\u00fcnk\u00fc \u00e7ok korkmu\u015ftum, en yak\u0131n\u0131m yan\u0131mda yokken art\u0131k yaln\u0131zd\u0131m. Alt ameliyathane odas\u0131na geldi\u011fimizde bana iki i\u011fne yapt\u0131lar ve sonra kendimi kaybettim\u2026\u2026 Saat 18:00\u2019de uyand\u0131m ve nas\u0131l uyudu\u011fumu hat\u0131rlam\u0131yordum. Sordu\u011fum ilk \u015fey \u015fuydu: Her \u015fey yolunda m\u0131 ge\u00e7ti???? Doktorlar EVET dedi, \u00e7ok rahatlad\u0131m.<\/p>\n\n<p>Sonra beni odaya g\u00f6t\u00fcrd\u00fcler ve arkada\u015f\u0131m sab\u0131rs\u0131zl\u0131kla bekliyordu. O da \u00e7ok gergindi. Ba\u015fta \u00e7ok a\u011fr\u0131m yoktu ama sonra\u2026 benim i\u00e7in tam bir kabus oldu. T\u00fcm gece a\u011fr\u0131dan uyuyamad\u0131m ve hareket edemedim. Arkada\u015f\u0131m benim i\u00e7in ba\u015ftan sona her \u015feyi yapmak zorunda kald\u0131. Kendimi bir krali\u00e7e gibi hissettim :-). Kral\u0131ma te\u015fekk\u00fcrler!     <\/p>\n\n<p>Hemen destekleyici bir s\u00fctyen takt\u0131m ve sa\u011fa sola iki dren vard\u0131. Bunlar \u00e7ok a\u011fr\u0131l\u0131yd\u0131. Drenlerden kan\u0131m \u00e7\u0131kt\u0131 ve dolunca doktorlar hemen bo\u015faltt\u0131. \u00c7ok ho\u015fuma giden bir \u015fey de \u015fuydu: \u00c7ok a\u011fr\u0131 \u00e7ekti\u011fimde d\u00fc\u011fmeye bast\u0131m ve doktorlar birka\u00e7 saniye i\u00e7inde yan\u0131mda oldu, damardan a\u011fr\u0131 kesici verdiler.   <\/p>\n\n<p>Ertesi g\u00fcn, 4 May\u0131s\u2019ta \u015fehir merkezindeki bir otele ge\u00e7ebildik. \u0130stanbul\u2019u biraz olsun gezip kafam\u0131 da\u011f\u0131tmak istiyordum\u2026 \u0130lk 3 g\u00fcn o kadar \u00e7ok a\u011fr\u0131m vard\u0131 ki a\u011flamak zorunda kald\u0131m. Art\u0131k dayanamaz hale gelmi\u015ftim. Neyse ki hastaneden bana verilen 3 farkl\u0131 a\u011fr\u0131 kesici hap vard\u0131 ve onlar\u0131 kulland\u0131m.<\/p>\n\n<p>Ertesi g\u00fcn, 4 May\u0131s\u2019ta \u015fehir merkezindeki bir otele ge\u00e7tik. \u0130stanbul\u2019da biraz dola\u015f\u0131p kafam\u0131 da\u011f\u0131tmak istiyordum. \u0130lk \u00fc\u00e7 g\u00fcn o kadar \u015fiddetli a\u011fr\u0131lar\u0131m vard\u0131 ki a\u011flad\u0131m. Art\u0131k dayanamaz hale gelmi\u015ftim. Neyse ki hastanenin bana verdi\u011fi \u00fc\u00e7 farkl\u0131 a\u011fr\u0131 kesici vard\u0131 ve onlar\u0131 kulland\u0131m.     <\/p>\n\n<p>Her \u015feyden \u00e7ok memnunum (sonu\u00e7, doktor ve organizasyon). Kesinlikle tavsiye edebilirim!<\/p>\n\n<p>\u00c7ok Te\u015fekk\u00fcrler Sarah L.<\/p>\n\n<div class=\"wp-block-group is-layout-grid wp-container-core-group-is-layout-baef362d wp-block-group-is-layout-grid\">\n<p><a href=\"https:\/\/medicaltravel.at\/home\/agb\/\" data-type=\"page\" data-id=\"2191\"><\/a><a href=\"https:\/\/medicaltravel.at\/tr\/hasta-hikayeleri\/erfahrungsberichte-behandlungen-tuerkei\/istanbulda-meme-ameliyatim-deneyimim-26-mayis-2016-persembe-tarihli-rapor\/\" data-type=\"link\" data-id=\"https:\/\/medicaltravel.at\/berichte-von-patienten\/erfahrungsberichte\/mein-erlebnis-in-istanbul-fuer-meine-brustoperation-bericht-vom-donnerstag-26-mai-2016\/\">\u00d6nceki Rapor<\/a><\/p>\n\n\n\n<p class=\"has-text-align-right wp-container-content-5e2576f9\"><a href=\"https:\/\/medicaltravel.at\/home\/impressum\/\" data-type=\"page\" data-id=\"2193\"><\/a><a href=\"https:\/\/medicaltravel.at\/home\/berichte-von-patienten\/erfahrungsberichte\/erfahrungsbericht-zahnbehandlung-in-istanbul\/\" data-type=\"page\" data-id=\"981\"><\/a><a href=\"https:\/\/medicaltravel.at\/tr\/hasta-hikayeleri\/erfahrungsberichte-behandlungen-tuerkei\/istanbulda-goegues-bueyuetme-deneyim-raporu-tuerkiye-12-mayis-2016-persembe-tarihli-rapor\/\" data-type=\"link\" data-id=\"https:\/\/medicaltravel.at\/berichte-von-patienten\/erfahrungsberichte\/erfahrungsbericht-brustvergroesserung-istanbul-tuerkei-bericht-vom-donnerstag-12-mai-2016\/\">Sonraki Rapor<\/a><\/p>\n<\/div>\n","protected":false},"excerpt":{"rendered":"<p>HASTA RAPORU- \u0130STANBUL&#8217;DA MEME B\u00dcY\u00dcTME \u2013 \u00c7ar\u015famba, 18 May\u0131s 2016 tarihli rapor Yani\u2026 Meme ameliyat\u0131 olmaya karar verdim \u00e7\u00fcnk\u00fc y\u0131llard\u0131r daha b\u00fcy\u00fck g\u00f6\u011f\u00fcslere sahip olmak istiyordum. Kilo verdi\u011fim i\u00e7in g\u00f6\u011f\u00fcslerim de k\u00fc\u00e7\u00fcld\u00fc ve kendimden memnun de\u011fildim. \u0130\u015f arkada\u015f\u0131m bana g\u00f6\u011f\u00fcslerini yapt\u0131rd\u0131\u011f\u0131n\u0131 ve bunun \u0130stanbul\u2019daki Ac\u0131badem Hastanesi\u2019nde oldu\u011funu anlatt\u0131. \u00c7ok merak ettim ve ona ba\u015ftan sona sorular sordum. Web sitesine bakt\u0131m ve bilgi ald\u0131m. Ama yurt d\u0131\u015f\u0131nda yapt\u0131rma fikri beni \u00e7ok korkutuyordu, \u00f6zellikle d\u00fcnyadaki bombal\u0131 sald\u0131r\u0131lar y\u00fcz\u00fcnden. Yine de iste\u011fim o kadar g\u00fc\u00e7l\u00fcyd\u00fc ki! G\u00fcnl\u00fck olarak arac\u0131yla e-posta \u00fczerinden yaz\u0131\u015ft\u0131m ve isteklerimi anlatt\u0131m. O her \u015feyi organize etti ve bana her zaman h\u0131zl\u0131 bir \u015fekilde cevap yazd\u0131. T\u00fcrkiye&#8217;ye u\u00e7madan bir g\u00fcn \u00f6nce Ferit Demirkan ile doktor randevum vard\u0131. O g\u00f6\u011f\u00fcslerimi inceledi ve neler yap\u0131labilece\u011fini anlatt\u0131. Bana her \u015fey de terc\u00fcme edilerek a\u00e7\u0131kland\u0131. 2 May\u0131s&#8217;ta sonunda en yak\u0131n arkada\u015f\u0131m ile T\u00fcrkiye&#8217;ye u\u00e7tum. Havaliman\u0131na vard\u0131\u011f\u0131m\u0131zda bizi kar\u015f\u0131layan bir stant vard\u0131. Bizi do\u011frudan ilk gece i\u00e7in ay\u0131rtt\u0131\u011f\u0131m\u0131z Orya Otel\u2019e g\u00f6t\u00fcrd\u00fcler. Otel hastaneye \u00e7ok yak\u0131nd\u0131. Vard\u0131\u011f\u0131m\u0131zda hastaneye gittik ve etrafa bakt\u0131k. \u00c7ok g\u00fczel, temiz, \u015f\u0131k ve modern bir yerdi. \u00c7ok etkilendim. Ertesi g\u00fcn, 3 May\u0131s, ameliyat g\u00fcn\u00fcmd\u00fc\u2026 Sabah hastaneye gittik. Bizi her \u015feyi anlatan ve \u00e7eviren terc\u00fcman\u0131m kar\u015f\u0131lad\u0131. Saat yakla\u015f\u0131k 10 civar\u0131nda ameliyata haz\u0131rlanmak i\u00e7in al\u0131nd\u0131m, k\u0131yafetlerimi giydim ve doktorla tekrar g\u00f6r\u00fc\u015ft\u00fcm. Bana silikonlar\u0131 g\u00f6sterdi ve her \u015feyi daha detayl\u0131 konu\u015ftuk. Saat 13:00\u2019te her \u015fey haz\u0131rd\u0131. \u00c7ok ama \u00e7ok gergindim, arkada\u015f\u0131m da \u00f6yleydi. Bana g\u00fc\u00e7 verdi ve ameliyata kadar dikkatimi da\u011f\u0131tt\u0131. Doktorlar beni almaya geldi\u2026 Asans\u00f6rle \u00e7ok a\u015fa\u011f\u0131ya indik, sanki bir korku filmindeymi\u015fim gibi geldi hahaha \u00e7\u00fcnk\u00fc \u00e7ok korkmu\u015ftum, en yak\u0131n\u0131m yan\u0131mda yokken art\u0131k yaln\u0131zd\u0131m. Alt ameliyathane odas\u0131na geldi\u011fimizde bana iki i\u011fne yapt\u0131lar ve sonra kendimi kaybettim\u2026\u2026 Saat 18:00\u2019de uyand\u0131m ve nas\u0131l uyudu\u011fumu hat\u0131rlam\u0131yordum. Sordu\u011fum ilk \u015fey \u015fuydu: Her \u015fey yolunda m\u0131 ge\u00e7ti???? Doktorlar EVET dedi, \u00e7ok rahatlad\u0131m. Sonra beni odaya g\u00f6t\u00fcrd\u00fcler ve arkada\u015f\u0131m sab\u0131rs\u0131zl\u0131kla bekliyordu. O da \u00e7ok gergindi. Ba\u015fta \u00e7ok a\u011fr\u0131m yoktu ama sonra\u2026 benim i\u00e7in tam bir kabus oldu. T\u00fcm gece a\u011fr\u0131dan uyuyamad\u0131m ve hareket edemedim. Arkada\u015f\u0131m benim i\u00e7in ba\u015ftan sona her \u015feyi yapmak zorunda kald\u0131. Kendimi bir krali\u00e7e gibi hissettim :-). Kral\u0131ma te\u015fekk\u00fcrler! Hemen destekleyici bir s\u00fctyen takt\u0131m ve sa\u011fa sola iki dren vard\u0131. Bunlar \u00e7ok a\u011fr\u0131l\u0131yd\u0131. Drenlerden kan\u0131m \u00e7\u0131kt\u0131 ve dolunca doktorlar hemen bo\u015faltt\u0131. \u00c7ok ho\u015fuma giden bir \u015fey de \u015fuydu: \u00c7ok a\u011fr\u0131 \u00e7ekti\u011fimde d\u00fc\u011fmeye bast\u0131m ve doktorlar birka\u00e7 saniye i\u00e7inde yan\u0131mda oldu, damardan a\u011fr\u0131 kesici verdiler. Ertesi g\u00fcn, 4 May\u0131s\u2019ta \u015fehir merkezindeki bir otele ge\u00e7ebildik. \u0130stanbul\u2019u biraz olsun gezip kafam\u0131 da\u011f\u0131tmak istiyordum\u2026 \u0130lk 3 g\u00fcn o kadar \u00e7ok a\u011fr\u0131m vard\u0131 ki a\u011flamak zorunda kald\u0131m. Art\u0131k dayanamaz hale gelmi\u015ftim. Neyse ki hastaneden bana verilen 3 farkl\u0131 a\u011fr\u0131 kesici hap vard\u0131 ve onlar\u0131 kulland\u0131m. Ertesi g\u00fcn, 4 May\u0131s\u2019ta \u015fehir merkezindeki bir otele ge\u00e7tik. \u0130stanbul\u2019da biraz dola\u015f\u0131p kafam\u0131 da\u011f\u0131tmak istiyordum. \u0130lk \u00fc\u00e7 g\u00fcn o kadar \u015fiddetli a\u011fr\u0131lar\u0131m vard\u0131 ki a\u011flad\u0131m. Art\u0131k dayanamaz hale gelmi\u015ftim. Neyse ki hastanenin bana verdi\u011fi \u00fc\u00e7 farkl\u0131 a\u011fr\u0131 kesici vard\u0131 ve onlar\u0131 kulland\u0131m. Her \u015feyden \u00e7ok memnunum (sonu\u00e7, doktor ve organizasyon). Kesinlikle tavsiye edebilirim! \u00c7ok Te\u015fekk\u00fcrler Sarah L. \u00d6nceki Rapor Sonraki Rapor<\/p>\n","protected":false},"author":4,"featured_media":0,"parent":4603,"menu_order":0,"comment_status":"closed","ping_status":"closed","template":"","meta":{"_joinchat":[],"footnotes":""},"class_list":["post-4728","page","type-page","status-publish","hentry"],"acf":[],"_links":{"self":[{"href":"https:\/\/medicaltravel.at\/tr\/wp-json\/wp\/v2\/pages\/4728","targetHints":{"allow":["GET"]}}],"collection":[{"href":"https:\/\/medicaltravel.at\/tr\/wp-json\/wp\/v2\/pages"}],"about":[{"href":"https:\/\/medicaltravel.at\/tr\/wp-json\/wp\/v2\/types\/page"}],"author":[{"embeddable":true,"href":"https:\/\/medicaltravel.at\/tr\/wp-json\/wp\/v2\/users\/4"}],"replies":[{"embeddable":true,"href":"https:\/\/medicaltravel.at\/tr\/wp-json\/wp\/v2\/comments?post=4728"}],"version-history":[{"count":1,"href":"https:\/\/medicaltravel.at\/tr\/wp-json\/wp\/v2\/pages\/4728\/revisions"}],"predecessor-version":[{"id":4729,"href":"https:\/\/medicaltravel.at\/tr\/wp-json\/wp\/v2\/pages\/4728\/revisions\/4729"}],"up":[{"embeddable":true,"href":"https:\/\/medicaltravel.at\/tr\/wp-json\/wp\/v2\/pages\/4603"}],"wp:attachment":[{"href":"https:\/\/medicaltravel.at\/tr\/wp-json\/wp\/v2\/media?parent=4728"}],"curies":[{"name":"wp","href":"https:\/\/api.w.org\/{rel}","templated":true}]}}