{"id":4724,"date":"2025-09-27T21:18:40","date_gmt":"2025-09-27T20:18:40","guid":{"rendered":"https:\/\/medicaltravel.at\/hasta-hikayeleri\/erfahrungsberichte-behandlungen-tuerkei\/hasta-raporu-dis-duezeltme-antalya-11-eyluel-2017-pazartesi-tarihli-rapor\/"},"modified":"2026-01-13T14:26:24","modified_gmt":"2026-01-13T13:26:24","slug":"hasta-raporu-dis-duezeltme-antalya-11-eyluel-2017-pazartesi-tarihli-rapor","status":"publish","type":"page","link":"https:\/\/medicaltravel.at\/tr\/hasta-hikayeleri\/erfahrungsberichte-behandlungen-tuerkei\/hasta-raporu-dis-duezeltme-antalya-11-eyluel-2017-pazartesi-tarihli-rapor\/","title":{"rendered":"Hasta Raporu Di\u015f D\u00fczeltme Antalya \u2013 11 Eyl\u00fcl 2017 Pazartesi tarihli rapor"},"content":{"rendered":"\n<p><strong>Hasta Raporu Di\u015f D\u00fczeltme Antalya<\/strong> \u2013 11 Eyl\u00fcl 2017 Pazartesi tarihli rapor<\/p>\n\n<p>Deneyim Raporu Di\u015f D\u00fczeltme Antalya<\/p>\n\n<p>Di\u015f a\u011fr\u0131s\u0131 \u00e7ekiyordum ve bunlar\u0131 tedavi ettirmek istiyordum. B\u00f6yle bir tedavinin \u0130svi\u00e7re\u2019de pahal\u0131 olaca\u011f\u0131n\u0131 biliyordum, bu y\u00fczden yurt d\u0131\u015f\u0131nda tedavi olma se\u00e7eneklerini ara\u015ft\u0131rd\u0131m. Tan\u0131d\u0131klar\u0131mdan, yurt d\u0131\u015f\u0131nda yap\u0131lan tedavilerin kalite olarak \u0130svi\u00e7re\u2019dekiyle ayn\u0131 d\u00fczeyde ve daha uygun fiyatl\u0131 oldu\u011funu biliyordum.  <\/p>\n\n<p>\u0130nternette teklifler ara\u015ft\u0131rd\u0131ktan sonra, hemen ilgimi \u00e7eken MedicalTravel teklifini ke\u015ffettim. MedicalTravel \u00e7ok g\u00fcvenilir bir izlenim veriyor ve sunduklar\u0131 hizmetler \u00e7ok iyi. <\/p>\n\n<p>MedicalTravel\u2019in genel m\u00fcd\u00fcr\u00fc Serdar Kara ile ileti\u015fime ge\u00e7tim ve k\u0131sa s\u00fcrede Antalya\u2019da tedavi olabilece\u011fim m\u00fckemmel bir teklif ald\u0131m.<br\/><br\/>Randevular hemen ayarland\u0131 ve Antalya\u2019ya bir u\u00e7ak bileti ile otel rezervasyonu yapt\u0131m.<\/p>\n\n<p>Otel personeli \u00e7ok arkada\u015f canl\u0131s\u0131yd\u0131 ve otel \u00e7ok temizdi. Kar\u015f\u0131lama servisi m\u00fckemmeldi ve di\u015f tedavisi i\u00e7in klini\u011fe sorunsuz bir \u015fekilde ula\u015ft\u0131m. Her \u015fey zaman\u0131nda ger\u00e7ekle\u015fti ve uzun s\u00fcre beklemek zorunda kalmad\u0131m.<br\/><br\/>Bana \u00e7ok say\u0131da bilgi verildi ve tedavi Almanca olarak yap\u0131ld\u0131.  <\/p>\n\n<p>Sonu\u00e7 m\u00fckemmel ve her \u015fey sorunsuz ve zaman\u0131nda ger\u00e7ekle\u015fti, bana her \u015fey \u00e7ok ayr\u0131nt\u0131l\u0131 anlat\u0131ld\u0131 ve servis \u00e7ok iyi ve sorunsuzdu.<\/p>\n\n<p>Antalya \u015fehri de \u00e7ok g\u00fczel ve k\u00fclt\u00fcrel olarak sunacak \u00e7ok \u015feyi var. \u015eehri tekrar gezmek isterim ve herkese tavsiye ederim. <\/p>\n\n<p>Yurt d\u0131\u015f\u0131nda tedavi olmak \u00e7ok iyi, sorunsuz ve uygun maliyetli, bu y\u00fczden MedicalTravel\u2019i yurt d\u0131\u015f\u0131nda tedavi olmay\u0131 d\u00fc\u015f\u00fcnen herkese tavsiye ediyorum.<\/p>\n\n<p>Ibtissam L\u00f6pfe<\/p>\n\n<div class=\"wp-block-group is-layout-grid wp-container-core-group-is-layout-baef362d wp-block-group-is-layout-grid\">\n<p><a href=\"https:\/\/medicaltravel.at\/home\/agb\/\" data-type=\"page\" data-id=\"2191\"><\/a><a href=\"https:\/\/medicaltravel.at\/tr\/hasta-hikayeleri\/erfahrungsberichte-behandlungen-tuerkei\/istanbuldaki-dis-kaplama-tedavimden-tamamen-memnun-kaldim-12-ekim-2017-persembe-deneyimim\/\" data-type=\"link\" data-id=\"https:\/\/medicaltravel.at\/berichte-von-patienten\/erfahrungsberichte\/meine-zahnkrone-behandlung-in-istanbul-vollumfaenglich-befriedigt-bericht-vom-donnerstag-12-oktober-2017\/\">\u00d6nceki Rapor<\/a><\/p>\n\n\n\n<p class=\"has-text-align-right wp-container-content-5e2576f9\"><a href=\"https:\/\/medicaltravel.at\/home\/impressum\/\" data-type=\"page\" data-id=\"2193\"><\/a><a href=\"https:\/\/medicaltravel.at\/home\/berichte-von-patienten\/erfahrungsberichte\/erfahrungsbericht-zahnbehandlung-in-istanbul\/\" data-type=\"page\" data-id=\"981\"><\/a><a href=\"https:\/\/medicaltravel.at\/tr\/hasta-hikayeleri\/erfahrungsberichte-behandlungen-tuerkei\/istanbulda-burun-duezeltme-ameliyatim-tuerkiye-04-eyluel-2017-pazartesi-guenue-yazilmis-deneyim-yazisi\/\" data-type=\"link\" data-id=\"https:\/\/medicaltravel.at\/berichte-von-patienten\/erfahrungsberichte\/meine-nasekorrektur-in-istanbul-tuerkei-bericht-vom-montag-04-september-2017\/\">Sonraki Rapor<\/a><\/p>\n<\/div>\n","protected":false},"excerpt":{"rendered":"<p>Hasta Raporu Di\u015f D\u00fczeltme Antalya \u2013 11 Eyl\u00fcl 2017 Pazartesi tarihli rapor Deneyim Raporu Di\u015f D\u00fczeltme Antalya Di\u015f a\u011fr\u0131s\u0131 \u00e7ekiyordum ve bunlar\u0131 tedavi ettirmek istiyordum. B\u00f6yle bir tedavinin \u0130svi\u00e7re\u2019de pahal\u0131 olaca\u011f\u0131n\u0131 biliyordum, bu y\u00fczden yurt d\u0131\u015f\u0131nda tedavi olma se\u00e7eneklerini ara\u015ft\u0131rd\u0131m. Tan\u0131d\u0131klar\u0131mdan, yurt d\u0131\u015f\u0131nda yap\u0131lan tedavilerin kalite olarak \u0130svi\u00e7re\u2019dekiyle ayn\u0131 d\u00fczeyde ve daha uygun fiyatl\u0131 oldu\u011funu biliyordum. \u0130nternette teklifler ara\u015ft\u0131rd\u0131ktan sonra, hemen ilgimi \u00e7eken MedicalTravel teklifini ke\u015ffettim. MedicalTravel \u00e7ok g\u00fcvenilir bir izlenim veriyor ve sunduklar\u0131 hizmetler \u00e7ok iyi. MedicalTravel\u2019in genel m\u00fcd\u00fcr\u00fc Serdar Kara ile ileti\u015fime ge\u00e7tim ve k\u0131sa s\u00fcrede Antalya\u2019da tedavi olabilece\u011fim m\u00fckemmel bir teklif ald\u0131m. Randevular hemen ayarland\u0131 ve Antalya\u2019ya bir u\u00e7ak bileti ile otel rezervasyonu yapt\u0131m. Otel personeli \u00e7ok arkada\u015f canl\u0131s\u0131yd\u0131 ve otel \u00e7ok temizdi. Kar\u015f\u0131lama servisi m\u00fckemmeldi ve di\u015f tedavisi i\u00e7in klini\u011fe sorunsuz bir \u015fekilde ula\u015ft\u0131m. Her \u015fey zaman\u0131nda ger\u00e7ekle\u015fti ve uzun s\u00fcre beklemek zorunda kalmad\u0131m. Bana \u00e7ok say\u0131da bilgi verildi ve tedavi Almanca olarak yap\u0131ld\u0131. Sonu\u00e7 m\u00fckemmel ve her \u015fey sorunsuz ve zaman\u0131nda ger\u00e7ekle\u015fti, bana her \u015fey \u00e7ok ayr\u0131nt\u0131l\u0131 anlat\u0131ld\u0131 ve servis \u00e7ok iyi ve sorunsuzdu. Antalya \u015fehri de \u00e7ok g\u00fczel ve k\u00fclt\u00fcrel olarak sunacak \u00e7ok \u015feyi var. \u015eehri tekrar gezmek isterim ve herkese tavsiye ederim. Yurt d\u0131\u015f\u0131nda tedavi olmak \u00e7ok iyi, sorunsuz ve uygun maliyetli, bu y\u00fczden MedicalTravel\u2019i yurt d\u0131\u015f\u0131nda tedavi olmay\u0131 d\u00fc\u015f\u00fcnen herkese tavsiye ediyorum. Ibtissam L\u00f6pfe \u00d6nceki Rapor Sonraki Rapor<\/p>\n","protected":false},"author":4,"featured_media":0,"parent":4603,"menu_order":0,"comment_status":"closed","ping_status":"closed","template":"","meta":{"_joinchat":[],"footnotes":""},"class_list":["post-4724","page","type-page","status-publish","hentry"],"acf":[],"_links":{"self":[{"href":"https:\/\/medicaltravel.at\/tr\/wp-json\/wp\/v2\/pages\/4724","targetHints":{"allow":["GET"]}}],"collection":[{"href":"https:\/\/medicaltravel.at\/tr\/wp-json\/wp\/v2\/pages"}],"about":[{"href":"https:\/\/medicaltravel.at\/tr\/wp-json\/wp\/v2\/types\/page"}],"author":[{"embeddable":true,"href":"https:\/\/medicaltravel.at\/tr\/wp-json\/wp\/v2\/users\/4"}],"replies":[{"embeddable":true,"href":"https:\/\/medicaltravel.at\/tr\/wp-json\/wp\/v2\/comments?post=4724"}],"version-history":[{"count":1,"href":"https:\/\/medicaltravel.at\/tr\/wp-json\/wp\/v2\/pages\/4724\/revisions"}],"predecessor-version":[{"id":4725,"href":"https:\/\/medicaltravel.at\/tr\/wp-json\/wp\/v2\/pages\/4724\/revisions\/4725"}],"up":[{"embeddable":true,"href":"https:\/\/medicaltravel.at\/tr\/wp-json\/wp\/v2\/pages\/4603"}],"wp:attachment":[{"href":"https:\/\/medicaltravel.at\/tr\/wp-json\/wp\/v2\/media?parent=4724"}],"curies":[{"name":"wp","href":"https:\/\/api.w.org\/{rel}","templated":true}]}}