{"id":4720,"date":"2025-09-27T21:10:46","date_gmt":"2025-09-27T20:10:46","guid":{"rendered":"https:\/\/medicaltravel.at\/hasta-hikayeleri\/erfahrungsberichte-behandlungen-tuerkei\/istanbuldaki-dis-tedavim-deneyim-raporu-12-kasim-2018-pazartesi-deneyimim\/"},"modified":"2026-01-13T14:18:49","modified_gmt":"2026-01-13T13:18:49","slug":"istanbuldaki-dis-tedavim-deneyim-raporu-12-kasim-2018-pazartesi-deneyimim","status":"publish","type":"page","link":"https:\/\/medicaltravel.at\/tr\/hasta-hikayeleri\/erfahrungsberichte-behandlungen-tuerkei\/istanbuldaki-dis-tedavim-deneyim-raporu-12-kasim-2018-pazartesi-deneyimim\/","title":{"rendered":"\u0130STANBUL\u2019DAK\u0130 D\u0130\u015e TEDAV\u0130M \u2013 DENEY\u0130M RAPORU \u2013 12 Kas\u0131m 2018 Pazartesi deneyimim"},"content":{"rendered":"\n<p><strong>\u0130STANBUL\u2019DAK\u0130 D\u0130\u015e TEDAV\u0130M \u2013 DENEY\u0130M RAPORU<\/strong> \u2013 12 Kas\u0131m 2018 Pazartesi deneyimim<\/p>\n\n<p>E\u015fim i\u00e7in \u0130stanbul\u2019daki Ac\u0131badem Hastanesi\u2019nde Dr. \u00d6zt\u00fcrk taraf\u0131ndan yap\u0131lan \u00e7ok tatmin edici di\u015f tedavisinden bir y\u0131l sonra, art\u0131k ya\u015flanm\u0131\u015f di\u015flerimi de yeniletmeye karar verdim.<\/p>\n\n<p>Be\u015f ay \u00f6nce \u0130stanbul\u2019daki Ac\u0131badem Hastanesi\u2019nde 6 implant yapt\u0131rd\u0131m. Her \u015fey iyile\u015ftikten sonra, Medical Travel\u2019den Bay Kara\u2019n\u0131n planlamas\u0131na g\u00f6re tekrar \u0130stanbul\u2019a gittik. M\u00fc\u015fteri odakl\u0131 bir \u015fekilde, havaalan\u0131nda Ac\u0131badem taksi servisi taraf\u0131ndan kar\u015f\u0131land\u0131k ve otele g\u00f6t\u00fcr\u00fcld\u00fck.  <\/p>\n\n<p>Ertesi sabah, Ac\u0131badem Hastanesi\u2019nin di\u015f klini\u011finde \u00e7ok nazik bir \u015fekilde kar\u015f\u0131land\u0131k. Yap\u0131lacak ilk kron i\u015flemleri i\u00e7in di\u015f\u00e7i koltu\u011funda biraz daha uzun bir s\u00fcre oturmam gerekiyordu. <\/p>\n\n<p>Dr. \u00d6zt\u00fcrk\u2019\u00fcn \u00e7ok profesyonel ve \u00f6zenli \u00e7al\u0131\u015fmas\u0131, saatlerin h\u0131zla ge\u00e7mesini sa\u011flad\u0131.<\/p>\n\n<p>Bir haftal\u0131k klinik molas\u0131ndan sonra, bu s\u00fcreyi g\u00fczel \u0130stanbul\u2019da gezerek bolca de\u011ferlendirdik, kronlar tamamland\u0131 ve yeni kronlar\u0131n mevcut di\u015flere ve implantlara tak\u0131lmas\u0131 i\u015flemine ba\u015flanabildi.<br\/><br\/>Dr. \u00d6zt\u00fcrk, beni s\u0131k s\u0131k aynaya bakmam i\u00e7in y\u00f6nlendirdi.<\/p>\n\n<p>Nihai sonu\u00e7 tamamen tatmin edici oldu.<\/p>\n\n<p>Di\u015flerini nas\u0131l yapt\u0131raca\u011f\u0131 konusunda karars\u0131z olan biri i\u00e7in Medical Travel ve \u0130stanbul\u2019daki Ac\u0131badem Klini\u011fi\u2019ni i\u00e7tenlikle tavsiye edebilirim. T\u00fcm ekibe selamlar!! <\/p>\n\n<p>Albert Bretscher, 09.11.2018<\/p>\n\n<div class=\"wp-block-group is-layout-grid wp-container-core-group-is-layout-baef362d wp-block-group-is-layout-grid\">\n<p><a href=\"https:\/\/medicaltravel.at\/home\/agb\/\" data-type=\"page\" data-id=\"2191\"><\/a><a href=\"https:\/\/medicaltravel.at\/tr\/hasta-hikayeleri\/erfahrungsberichte-behandlungen-tuerkei\/istanbulda-burun-ameliyatim-tuerkiye-hasta-deneyimi-13-kasim-2018-sali-guenue-yazilmis-rapor\/\" data-type=\"link\" data-id=\"https:\/\/medicaltravel.at\/berichte-von-patienten\/erfahrungsberichte\/meine-nasen-op-in-istanbul-tuerkei-patientenbericht-bericht-vom-dienstag-13-november-2018\/\">\u00d6nceki Rapor<\/a><\/p>\n\n\n\n<p class=\"has-text-align-right wp-container-content-5e2576f9\"><a href=\"https:\/\/medicaltravel.at\/home\/impressum\/\" data-type=\"page\" data-id=\"2193\"><\/a><a href=\"https:\/\/medicaltravel.at\/home\/berichte-von-patienten\/erfahrungsberichte\/erfahrungsbericht-zahnbehandlung-in-istanbul\/\" data-type=\"page\" data-id=\"981\"><\/a><a href=\"https:\/\/medicaltravel.at\/tr\/hasta-hikayeleri\/erfahrungsberichte-behandlungen-tuerkei\/istanbulda-goez-kapagi-germe-ve-kendi-yagimin-enjeksiyonu-13-haziran-2018-carsamba-tarihli-rapor\/\" data-type=\"link\" data-id=\"https:\/\/medicaltravel.at\/berichte-von-patienten\/erfahrungsberichte\/meine-augenlidstraffung-und-eigenfettinjektion-in-istanbul-bericht-vom-mittwoch-13-juni-2018\/\">Sonraki Rapor<\/a><\/p>\n<\/div>\n","protected":false},"excerpt":{"rendered":"<p>\u0130STANBUL\u2019DAK\u0130 D\u0130\u015e TEDAV\u0130M \u2013 DENEY\u0130M RAPORU \u2013 12 Kas\u0131m 2018 Pazartesi deneyimim E\u015fim i\u00e7in \u0130stanbul\u2019daki Ac\u0131badem Hastanesi\u2019nde Dr. \u00d6zt\u00fcrk taraf\u0131ndan yap\u0131lan \u00e7ok tatmin edici di\u015f tedavisinden bir y\u0131l sonra, art\u0131k ya\u015flanm\u0131\u015f di\u015flerimi de yeniletmeye karar verdim. Be\u015f ay \u00f6nce \u0130stanbul\u2019daki Ac\u0131badem Hastanesi\u2019nde 6 implant yapt\u0131rd\u0131m. Her \u015fey iyile\u015ftikten sonra, Medical Travel\u2019den Bay Kara\u2019n\u0131n planlamas\u0131na g\u00f6re tekrar \u0130stanbul\u2019a gittik. M\u00fc\u015fteri odakl\u0131 bir \u015fekilde, havaalan\u0131nda Ac\u0131badem taksi servisi taraf\u0131ndan kar\u015f\u0131land\u0131k ve otele g\u00f6t\u00fcr\u00fcld\u00fck. Ertesi sabah, Ac\u0131badem Hastanesi\u2019nin di\u015f klini\u011finde \u00e7ok nazik bir \u015fekilde kar\u015f\u0131land\u0131k. Yap\u0131lacak ilk kron i\u015flemleri i\u00e7in di\u015f\u00e7i koltu\u011funda biraz daha uzun bir s\u00fcre oturmam gerekiyordu. Dr. \u00d6zt\u00fcrk\u2019\u00fcn \u00e7ok profesyonel ve \u00f6zenli \u00e7al\u0131\u015fmas\u0131, saatlerin h\u0131zla ge\u00e7mesini sa\u011flad\u0131. Bir haftal\u0131k klinik molas\u0131ndan sonra, bu s\u00fcreyi g\u00fczel \u0130stanbul\u2019da gezerek bolca de\u011ferlendirdik, kronlar tamamland\u0131 ve yeni kronlar\u0131n mevcut di\u015flere ve implantlara tak\u0131lmas\u0131 i\u015flemine ba\u015flanabildi. Dr. \u00d6zt\u00fcrk, beni s\u0131k s\u0131k aynaya bakmam i\u00e7in y\u00f6nlendirdi. Nihai sonu\u00e7 tamamen tatmin edici oldu. Di\u015flerini nas\u0131l yapt\u0131raca\u011f\u0131 konusunda karars\u0131z olan biri i\u00e7in Medical Travel ve \u0130stanbul\u2019daki Ac\u0131badem Klini\u011fi\u2019ni i\u00e7tenlikle tavsiye edebilirim. T\u00fcm ekibe selamlar!! Albert Bretscher, 09.11.2018 \u00d6nceki Rapor Sonraki Rapor<\/p>\n","protected":false},"author":4,"featured_media":0,"parent":4603,"menu_order":0,"comment_status":"closed","ping_status":"closed","template":"","meta":{"_joinchat":[],"footnotes":""},"class_list":["post-4720","page","type-page","status-publish","hentry"],"acf":[],"_links":{"self":[{"href":"https:\/\/medicaltravel.at\/tr\/wp-json\/wp\/v2\/pages\/4720","targetHints":{"allow":["GET"]}}],"collection":[{"href":"https:\/\/medicaltravel.at\/tr\/wp-json\/wp\/v2\/pages"}],"about":[{"href":"https:\/\/medicaltravel.at\/tr\/wp-json\/wp\/v2\/types\/page"}],"author":[{"embeddable":true,"href":"https:\/\/medicaltravel.at\/tr\/wp-json\/wp\/v2\/users\/4"}],"replies":[{"embeddable":true,"href":"https:\/\/medicaltravel.at\/tr\/wp-json\/wp\/v2\/comments?post=4720"}],"version-history":[{"count":3,"href":"https:\/\/medicaltravel.at\/tr\/wp-json\/wp\/v2\/pages\/4720\/revisions"}],"predecessor-version":[{"id":4727,"href":"https:\/\/medicaltravel.at\/tr\/wp-json\/wp\/v2\/pages\/4720\/revisions\/4727"}],"up":[{"embeddable":true,"href":"https:\/\/medicaltravel.at\/tr\/wp-json\/wp\/v2\/pages\/4603"}],"wp:attachment":[{"href":"https:\/\/medicaltravel.at\/tr\/wp-json\/wp\/v2\/media?parent=4720"}],"curies":[{"name":"wp","href":"https:\/\/api.w.org\/{rel}","templated":true}]}}