{"id":4718,"date":"2025-09-27T21:18:10","date_gmt":"2025-09-27T20:18:10","guid":{"rendered":"https:\/\/medicaltravel.at\/hasta-hikayeleri\/erfahrungsberichte-behandlungen-tuerkei\/istanbuldaki-dis-kaplama-tedavimden-tamamen-memnun-kaldim-12-ekim-2017-persembe-deneyimim\/"},"modified":"2026-01-13T14:25:55","modified_gmt":"2026-01-13T13:25:55","slug":"istanbuldaki-dis-kaplama-tedavimden-tamamen-memnun-kaldim-12-ekim-2017-persembe-deneyimim","status":"publish","type":"page","link":"https:\/\/medicaltravel.at\/tr\/hasta-hikayeleri\/erfahrungsberichte-behandlungen-tuerkei\/istanbuldaki-dis-kaplama-tedavimden-tamamen-memnun-kaldim-12-ekim-2017-persembe-deneyimim\/","title":{"rendered":"\u0130stanbul&#8217;daki Di\u015f Kaplama Tedavimden Tamamen Memnun Kald\u0131m! \u2013 12 Ekim 2017 Per\u015fembe deneyimim"},"content":{"rendered":"\n<p><strong>\u0130stanbul\u2019daki di\u015f kronu tedavim \u2013 tamamen tatmin edici! <\/strong>\u2013 12 Ekim 2017 Per\u015fembe deneyimim<\/p>\n\n<p>Uzun s\u00fcredir di\u015flerimi tedavi ettirmeyi d\u00fc\u015f\u00fcn\u00fcyordum. Ancak \u0130svi\u00e7re\u2019deki y\u00fcksek maliyetler beni bundan al\u0131koyuyordu. <\/p>\n\n<p>Kay\u0131nbiraderim sayesinde Medical Travel\u2019i duydum. \u0130nternet sitesini inceledikten sonra Dr. O. \u00d6zt\u00fcrk arac\u0131l\u0131\u011f\u0131yla bir teklif almaya karar verdim.<\/p>\n\n<p>\u00d6n muayene s\u0131ras\u0131nda bile Dr. \u00d6zt\u00fcrk\u2019\u00fcn y\u00fcksek uzmanl\u0131\u011f\u0131 beni etkiledi.<\/p>\n\n<p>Eyl\u00fcl 2017 ba\u015f\u0131nda kay\u0131nbiraderim ve e\u015fimle birlikte \u0130stanbul\u2019a gittim. Ac\u0131badem Klini\u011fi\u2019nde \u00f6nerilen tedavi i\u00e7in Dr. \u00d6zt\u00fcrk\u2019\u00fcn koltu\u011funa oturdum.  <\/p>\n\n<p>Yeni di\u015flerimin (22 adet) sonucu beni tamamen tatmin etti. Dr. \u00d6zt\u00fcrk, \u0130svi\u00e7re\u2019deki bir ba\u015fka ziyareti s\u0131ras\u0131nda di\u015flerimi tekrar kontrol etti. <\/p>\n\n<p>Her \u015fey yolunda, bunu bir ay sonra bile s\u00f6yleyebilirim. Bu tedaviyi her zaman tekrar yapt\u0131r\u0131r\u0131m; ba\u015fka bir deyi\u015fle, tamamen mutlu ve memnunum. <\/p>\n\n<p>Ruth Bretscher<\/p>\n\n<div class=\"wp-block-group is-layout-grid wp-container-core-group-is-layout-baef362d wp-block-group-is-layout-grid\">\n<p><a href=\"https:\/\/medicaltravel.at\/home\/agb\/\" data-type=\"page\" data-id=\"2191\"><\/a><a href=\"https:\/\/medicaltravel.at\/tr\/hasta-hikayeleri\/erfahrungsberichte-behandlungen-tuerkei\/dis-korkusu-mu-istanbulda-bunu-unutun-07-kasim-2017-sali-tarihli-rapor\/\" data-type=\"link\" data-id=\"https:\/\/medicaltravel.at\/berichte-von-patienten\/erfahrungsberichte\/zahnarztangst-vergesse-es-in-istanbul-bericht-vom-dienstag-07-november-2017\/\">\u00d6nceki Rapor<\/a><\/p>\n\n\n\n<p class=\"has-text-align-right wp-container-content-5e2576f9\"><a href=\"https:\/\/medicaltravel.at\/home\/impressum\/\" data-type=\"page\" data-id=\"2193\"><\/a><a href=\"https:\/\/medicaltravel.at\/home\/berichte-von-patienten\/erfahrungsberichte\/erfahrungsbericht-zahnbehandlung-in-istanbul\/\" data-type=\"page\" data-id=\"981\"><\/a><a href=\"https:\/\/medicaltravel.at\/tr\/hasta-hikayeleri\/erfahrungsberichte-behandlungen-tuerkei\/hasta-raporu-dis-duezeltme-antalya-11-eyluel-2017-pazartesi-tarihli-rapor\/\" data-type=\"link\" data-id=\"https:\/\/medicaltravel.at\/berichte-von-patienten\/erfahrungsberichte\/patientenbericht-zahnkorrektur-antalya-bericht-vom-montag-11-september-2017\/\">Sonraki Rapor<\/a><\/p>\n<\/div>\n","protected":false},"excerpt":{"rendered":"<p>\u0130stanbul\u2019daki di\u015f kronu tedavim \u2013 tamamen tatmin edici! \u2013 12 Ekim 2017 Per\u015fembe deneyimim Uzun s\u00fcredir di\u015flerimi tedavi ettirmeyi d\u00fc\u015f\u00fcn\u00fcyordum. Ancak \u0130svi\u00e7re\u2019deki y\u00fcksek maliyetler beni bundan al\u0131koyuyordu. Kay\u0131nbiraderim sayesinde Medical Travel\u2019i duydum. \u0130nternet sitesini inceledikten sonra Dr. O. \u00d6zt\u00fcrk arac\u0131l\u0131\u011f\u0131yla bir teklif almaya karar verdim. \u00d6n muayene s\u0131ras\u0131nda bile Dr. \u00d6zt\u00fcrk\u2019\u00fcn y\u00fcksek uzmanl\u0131\u011f\u0131 beni etkiledi. Eyl\u00fcl 2017 ba\u015f\u0131nda kay\u0131nbiraderim ve e\u015fimle birlikte \u0130stanbul\u2019a gittim. Ac\u0131badem Klini\u011fi\u2019nde \u00f6nerilen tedavi i\u00e7in Dr. \u00d6zt\u00fcrk\u2019\u00fcn koltu\u011funa oturdum. Yeni di\u015flerimin (22 adet) sonucu beni tamamen tatmin etti. Dr. \u00d6zt\u00fcrk, \u0130svi\u00e7re\u2019deki bir ba\u015fka ziyareti s\u0131ras\u0131nda di\u015flerimi tekrar kontrol etti. Her \u015fey yolunda, bunu bir ay sonra bile s\u00f6yleyebilirim. Bu tedaviyi her zaman tekrar yapt\u0131r\u0131r\u0131m; ba\u015fka bir deyi\u015fle, tamamen mutlu ve memnunum. Ruth Bretscher \u00d6nceki Rapor Sonraki Rapor<\/p>\n","protected":false},"author":4,"featured_media":0,"parent":4603,"menu_order":0,"comment_status":"closed","ping_status":"closed","template":"","meta":{"_joinchat":[],"footnotes":""},"class_list":["post-4718","page","type-page","status-publish","hentry"],"acf":[],"_links":{"self":[{"href":"https:\/\/medicaltravel.at\/tr\/wp-json\/wp\/v2\/pages\/4718","targetHints":{"allow":["GET"]}}],"collection":[{"href":"https:\/\/medicaltravel.at\/tr\/wp-json\/wp\/v2\/pages"}],"about":[{"href":"https:\/\/medicaltravel.at\/tr\/wp-json\/wp\/v2\/types\/page"}],"author":[{"embeddable":true,"href":"https:\/\/medicaltravel.at\/tr\/wp-json\/wp\/v2\/users\/4"}],"replies":[{"embeddable":true,"href":"https:\/\/medicaltravel.at\/tr\/wp-json\/wp\/v2\/comments?post=4718"}],"version-history":[{"count":3,"href":"https:\/\/medicaltravel.at\/tr\/wp-json\/wp\/v2\/pages\/4718\/revisions"}],"predecessor-version":[{"id":5470,"href":"https:\/\/medicaltravel.at\/tr\/wp-json\/wp\/v2\/pages\/4718\/revisions\/5470"}],"up":[{"embeddable":true,"href":"https:\/\/medicaltravel.at\/tr\/wp-json\/wp\/v2\/pages\/4603"}],"wp:attachment":[{"href":"https:\/\/medicaltravel.at\/tr\/wp-json\/wp\/v2\/media?parent=4718"}],"curies":[{"name":"wp","href":"https:\/\/api.w.org\/{rel}","templated":true}]}}