{"id":4714,"date":"2025-09-27T21:07:52","date_gmt":"2025-09-27T20:07:52","guid":{"rendered":"https:\/\/medicaltravel.at\/hasta-hikayeleri\/erfahrungsberichte-behandlungen-tuerkei\/istanbuldaki-acibadem-hastanesi-dis-tedavim-19-mart-2019-sali-deneyimim-is-tamamlandi\/"},"modified":"2026-01-13T14:14:38","modified_gmt":"2026-01-13T13:14:38","slug":"istanbuldaki-acibadem-hastanesi-dis-tedavim-19-mart-2019-sali-deneyimim-is-tamamlandi","status":"publish","type":"page","link":"https:\/\/medicaltravel.at\/tr\/hasta-hikayeleri\/erfahrungsberichte-behandlungen-tuerkei\/istanbuldaki-acibadem-hastanesi-dis-tedavim-19-mart-2019-sali-deneyimim-is-tamamlandi\/","title":{"rendered":"\u0130STANBUL\u2019DAK\u0130 ACIBADEM HASTANES\u0130 D\u0130\u015e TEDAV\u0130M \u2013 19 MART 2019 SALI DENEY\u0130M\u0130M \u0130\u015f tamamland\u0131!!"},"content":{"rendered":"\n<p><strong>\u0130stanbul\u2019daki Ac\u0131badem Hastanesi Di\u015f Tedavim<\/strong> \u2013 19 Mart 2019 Sal\u0131 deneyimim<br\/>\u0130\u015f tamamland\u0131!!<\/p>\n\n<p>1 Mart 2019\u2019da, \u00fc\u00e7\u00fcnc\u00fc \u0130stanbul ziyaretimden sonra t\u00fcm di\u015f tedavim tamamlanm\u0131\u015f \u015fekilde geri d\u00f6nd\u00fcm.<\/p>\n\n<p>Medical Travel\u2019in organize etti\u011fi Zug\u2019daki \u00f6n muayeneden sonra, Dr. \u00d6zt\u00fcrk taraf\u0131ndan \u0130stanbul\u2019daki Ac\u0131badem Hastanesi\u2019nde, iki y\u0131l \u00f6nce ilk kez di\u015f tedavisi i\u00e7in \u0130stanbul\u2019daki di\u015f klini\u011fine gittim. Havaalan\u0131nda zaten Ac\u0131badem\u2019in kendi servis arac\u0131yla kar\u015f\u0131lan\u0131p otele g\u00f6t\u00fcr\u00fcl\u00fcyorsunuz. Her tedavi randevusu i\u00e7in de otelden al\u0131n\u0131p tekrar otele b\u0131rak\u0131l\u0131yorsunuz.  <\/p>\n\n<p>\u0130mplantlar\u0131n iyile\u015fmesinden sonra son kronlar\u0131m\u0131 yapt\u0131rabildim. Dr. \u00d6zt\u00fcrk taraf\u0131ndan yap\u0131lan tedavi her zaman a\u011fr\u0131s\u0131zd\u0131 ve hi\u00e7 \u015fik\u00e2yet gerektirmedi. Ayr\u0131ca t\u00fcm di\u015f tedavim sorunsuz bir \u015fekilde tamamland\u0131. Tedavinin her a\u015famas\u0131 hakk\u0131nda bana detayl\u0131 bilgi verildi. Sorular\u0131m oldu\u011funda di\u015f hekimi her zaman yetkin yan\u0131tlar verdi. Sonu\u00e7 beni tamamen tatmin ediyor ve g\u00f6r\u00fcn\u00fcm\u00fc de \u00e7ok g\u00fczel. \u00c7ok mutluyum ve bu tedavileri yurt d\u0131\u015f\u0131nda (\u0130stanbul) yapt\u0131rma karar\u0131m\u0131 asla pi\u015fmanl\u0131k duymuyorum.      <\/p>\n\n<p>Di\u015flerini yapt\u0131r\u0131p yapt\u0131rmamakta veya nas\u0131l yapt\u0131raca\u011f\u0131 konusunda karars\u0131z olan biri i\u00e7in Medical Travel ve \u0130stanbul\u2019daki Ac\u0131badem Klini\u011fi\u2019ni i\u00e7tenlikle tavsiye edebilirim! Y\u00fcksek uzmanl\u0131k ve samimi dostane yakla\u015f\u0131m burada g\u00fcnl\u00fck bir standart.<br\/><br\/>Ayr\u0131ca tedavi aralar\u0131nda hareketli \u015fehir, ister gezmek, ister al\u0131\u015fveri\u015f yapmak, ister k\u00fclt\u00fcrel etkinlikler i\u00e7in \u00e7ok say\u0131da imk\u00e2n sunuyor. <\/p>\n\n<p>Her \u015fey i\u00e7in \u00e7ok te\u015fekk\u00fcr ederim ve t\u00fcm ekibe i\u00e7ten selamlar!<\/p>\n\n<p>Albert Bretscher<\/p>\n\n<div class=\"wp-block-group is-layout-grid wp-container-core-group-is-layout-baef362d wp-block-group-is-layout-grid\">\n<p><a href=\"https:\/\/medicaltravel.at\/home\/agb\/\" data-type=\"page\" data-id=\"2191\"><\/a><a href=\"https:\/\/medicaltravel.at\/tr\/hasta-hikayeleri\/erfahrungsberichte-behandlungen-tuerkei\/istanbulda-dis-tedavisiyle-ilgili-deneyim-raporu\/\" data-type=\"link\" data-id=\"https:\/\/medicaltravel.at\/berichte-von-patienten\/erfahrungsberichte\/erfahrungsbericht-zahnbehandlung-in-istanbul\/\">\u00d6nceki Rapor<\/a><\/p>\n\n\n\n<p class=\"has-text-align-right wp-container-content-5e2576f9\"><a href=\"https:\/\/medicaltravel.at\/home\/impressum\/\" data-type=\"page\" data-id=\"2193\"><\/a><a href=\"https:\/\/medicaltravel.at\/home\/berichte-von-patienten\/erfahrungsberichte\/erfahrungsbericht-zahnbehandlung-in-istanbul\/\" data-type=\"page\" data-id=\"981\"><\/a><a href=\"https:\/\/medicaltravel.at\/tr\/hasta-hikayeleri\/erfahrungsberichte-behandlungen-tuerkei\/istanbulda-sac-ekimi-deneyim-raporu-15-subat-2019-cuma-tarihli-rapor-2\/\" data-type=\"link\" data-id=\"https:\/\/medicaltravel.at\/berichte-von-patienten\/erfahrungsberichte\/haartransplantation-in-istanbul-erfahrungsbericht-bericht-vom-freitag-15-februar-2019\/\">Sonraki Rapor<\/a><\/p>\n<\/div>\n\n<p><a href=\"https:\/\/medicaltravel.at\/home\/berichte-von-patienten\/erfahrungsberichte\/\" data-type=\"page\" data-id=\"803\"><br\/><\/a><\/p>\n","protected":false},"excerpt":{"rendered":"<p>\u0130stanbul\u2019daki Ac\u0131badem Hastanesi Di\u015f Tedavim \u2013 19 Mart 2019 Sal\u0131 deneyimim\u0130\u015f tamamland\u0131!! 1 Mart 2019\u2019da, \u00fc\u00e7\u00fcnc\u00fc \u0130stanbul ziyaretimden sonra t\u00fcm di\u015f tedavim tamamlanm\u0131\u015f \u015fekilde geri d\u00f6nd\u00fcm. Medical Travel\u2019in organize etti\u011fi Zug\u2019daki \u00f6n muayeneden sonra, Dr. \u00d6zt\u00fcrk taraf\u0131ndan \u0130stanbul\u2019daki Ac\u0131badem Hastanesi\u2019nde, iki y\u0131l \u00f6nce ilk kez di\u015f tedavisi i\u00e7in \u0130stanbul\u2019daki di\u015f klini\u011fine gittim. Havaalan\u0131nda zaten Ac\u0131badem\u2019in kendi servis arac\u0131yla kar\u015f\u0131lan\u0131p otele g\u00f6t\u00fcr\u00fcl\u00fcyorsunuz. Her tedavi randevusu i\u00e7in de otelden al\u0131n\u0131p tekrar otele b\u0131rak\u0131l\u0131yorsunuz. \u0130mplantlar\u0131n iyile\u015fmesinden sonra son kronlar\u0131m\u0131 yapt\u0131rabildim. Dr. \u00d6zt\u00fcrk taraf\u0131ndan yap\u0131lan tedavi her zaman a\u011fr\u0131s\u0131zd\u0131 ve hi\u00e7 \u015fik\u00e2yet gerektirmedi. Ayr\u0131ca t\u00fcm di\u015f tedavim sorunsuz bir \u015fekilde tamamland\u0131. Tedavinin her a\u015famas\u0131 hakk\u0131nda bana detayl\u0131 bilgi verildi. Sorular\u0131m oldu\u011funda di\u015f hekimi her zaman yetkin yan\u0131tlar verdi. Sonu\u00e7 beni tamamen tatmin ediyor ve g\u00f6r\u00fcn\u00fcm\u00fc de \u00e7ok g\u00fczel. \u00c7ok mutluyum ve bu tedavileri yurt d\u0131\u015f\u0131nda (\u0130stanbul) yapt\u0131rma karar\u0131m\u0131 asla pi\u015fmanl\u0131k duymuyorum. Di\u015flerini yapt\u0131r\u0131p yapt\u0131rmamakta veya nas\u0131l yapt\u0131raca\u011f\u0131 konusunda karars\u0131z olan biri i\u00e7in Medical Travel ve \u0130stanbul\u2019daki Ac\u0131badem Klini\u011fi\u2019ni i\u00e7tenlikle tavsiye edebilirim! Y\u00fcksek uzmanl\u0131k ve samimi dostane yakla\u015f\u0131m burada g\u00fcnl\u00fck bir standart. Ayr\u0131ca tedavi aralar\u0131nda hareketli \u015fehir, ister gezmek, ister al\u0131\u015fveri\u015f yapmak, ister k\u00fclt\u00fcrel etkinlikler i\u00e7in \u00e7ok say\u0131da imk\u00e2n sunuyor. Her \u015fey i\u00e7in \u00e7ok te\u015fekk\u00fcr ederim ve t\u00fcm ekibe i\u00e7ten selamlar! Albert Bretscher \u00d6nceki Rapor Sonraki Rapor<\/p>\n","protected":false},"author":4,"featured_media":0,"parent":4603,"menu_order":0,"comment_status":"closed","ping_status":"closed","template":"","meta":{"_joinchat":[],"footnotes":""},"class_list":["post-4714","page","type-page","status-publish","hentry"],"acf":[],"_links":{"self":[{"href":"https:\/\/medicaltravel.at\/tr\/wp-json\/wp\/v2\/pages\/4714","targetHints":{"allow":["GET"]}}],"collection":[{"href":"https:\/\/medicaltravel.at\/tr\/wp-json\/wp\/v2\/pages"}],"about":[{"href":"https:\/\/medicaltravel.at\/tr\/wp-json\/wp\/v2\/types\/page"}],"author":[{"embeddable":true,"href":"https:\/\/medicaltravel.at\/tr\/wp-json\/wp\/v2\/users\/4"}],"replies":[{"embeddable":true,"href":"https:\/\/medicaltravel.at\/tr\/wp-json\/wp\/v2\/comments?post=4714"}],"version-history":[{"count":1,"href":"https:\/\/medicaltravel.at\/tr\/wp-json\/wp\/v2\/pages\/4714\/revisions"}],"predecessor-version":[{"id":4715,"href":"https:\/\/medicaltravel.at\/tr\/wp-json\/wp\/v2\/pages\/4714\/revisions\/4715"}],"up":[{"embeddable":true,"href":"https:\/\/medicaltravel.at\/tr\/wp-json\/wp\/v2\/pages\/4603"}],"wp:attachment":[{"href":"https:\/\/medicaltravel.at\/tr\/wp-json\/wp\/v2\/media?parent=4714"}],"curies":[{"name":"wp","href":"https:\/\/api.w.org\/{rel}","templated":true}]}}