{"id":4712,"date":"2025-09-27T21:20:44","date_gmt":"2025-09-27T20:20:44","guid":{"rendered":"https:\/\/medicaltravel.at\/hasta-hikayeleri\/erfahrungsberichte-behandlungen-tuerkei\/istanbuldaki-dis-kaplamasi-tedavim-09-temmuz-2017-pazar-guenue-deneyimim\/"},"modified":"2026-01-13T14:30:35","modified_gmt":"2026-01-13T13:30:35","slug":"istanbuldaki-dis-kaplamasi-tedavim-09-temmuz-2017-pazar-guenue-deneyimim","status":"publish","type":"page","link":"https:\/\/medicaltravel.at\/tr\/hasta-hikayeleri\/erfahrungsberichte-behandlungen-tuerkei\/istanbuldaki-dis-kaplamasi-tedavim-09-temmuz-2017-pazar-guenue-deneyimim\/","title":{"rendered":"\u0130STANBUL\u2019DAK\u0130 D\u0130\u015e KAPLAMASI TEDAV\u0130M \u2013 09 Temmuz 2017 Pazar g\u00fcn\u00fc deneyimim"},"content":{"rendered":"\n<p><strong>\u0130STANBUL\u2019DAK\u0130 D\u0130\u015e KAPLAMASI TEDAV\u0130M<\/strong> \u2013 09 Temmuz 2017 Pazar g\u00fcn\u00fc deneyimim<\/p>\n\n<p>Ocak 2017\u2019de Zug\u2019da \u0130stanbul\u2019da yap\u0131lacak bir di\u015f tedavisi i\u00e7in Dr. \u00d6zt\u00fcrk ile bir dan\u0131\u015fma g\u00f6r\u00fc\u015fmesine kat\u0131ld\u0131m. \u00c7ok samimi ve yetkin biriydi. <\/p>\n\n<p>Dan\u0131\u015fmanl\u0131k firmas\u0131 Bay Kara ile kay\u0131t ve ileti\u015fim s\u00fcreci tamamen sorunsuz ge\u00e7ti! \u00c7ok samimi, yard\u0131mc\u0131 ve h\u0131zl\u0131yd\u0131lar. <\/p>\n\n<p>Onay verdikten k\u0131sa s\u00fcre sonra seyahatimle ilgili t\u00fcm gerekli bilgi ve belgeleri ald\u0131m.<\/p>\n\n<p>Havaalan\u0131nda beni kar\u015f\u0131lad\u0131lar. Gidi\u015f-d\u00f6n\u00fc\u015f transferi \u00e7ok rahat ve keyifliydi. <\/p>\n\n<p>Hastanede \u00e7ok s\u0131cak kar\u015f\u0131land\u0131m. T\u00fcrk\u00e7e konu\u015fabiliyorum ama \u00e7ok iyi de\u011fil, bu y\u00fczden s\u00fcrekli bir terc\u00fcman vard\u0131. Di\u015f hekimi Dr. \u00d6zt\u00fcrk de \u0130ngilizceyi \u00e7ok iyi konu\u015fuyor.  <\/p>\n\n<p>Tedavinin nas\u0131l ilerleyece\u011fini ve sonras\u0131nda neler yap\u0131laca\u011f\u0131n\u0131 bana ayr\u0131nt\u0131l\u0131 ve sab\u0131rl\u0131 bir \u015fekilde anlatt\u0131, ayr\u0131ca isteklerimi de dikkate ald\u0131.<\/p>\n\n<p>Di\u015flerim t\u00f6rp\u00fclendikten ve \u00f6l\u00e7\u00fcleri al\u0131nd\u0131ktan sonra ge\u00e7ici di\u015flerimi ald\u0131m.<br\/><br\/>\u00c7ar\u015famba ve Per\u015fembe g\u00fcnleri di\u015f kaplamalar\u0131n\u0131 tekrar denedim ve arada bir de kanal tedavisi yap\u0131ld\u0131. Hi\u00e7 a\u011fr\u0131 hissetmedim ve her \u015fey \u00e7ok sorunsuz ge\u00e7ti! <\/p>\n\n<p>Cuma g\u00fcn\u00fc nihayet i\u015flem tamamland\u0131 ve kaplamalar yap\u0131\u015ft\u0131r\u0131ld\u0131. Cumartesi g\u00fcn\u00fc ise d\u00f6n\u00fc\u015f u\u00e7u\u015fum vard\u0131. <\/p>\n\n<p>Ve sonu\u00e7 ger\u00e7ekten harika!<\/p>\n\n<p>Her zaman MedicalTravel \u00fczerinden tekrar rezervasyon yapar ve tedavimi \u0130stanbul\u2019da Dr. \u00d6zt\u00fcrk\u2019te yapt\u0131r\u0131rd\u0131m, ayr\u0131ca herkese de tavsiye edebilirim!<\/p>\n\n<p>Medical Travel\u2019in sorunsuz ve m\u00fckemmel servisi i\u00e7in \u00e7ok te\u015fekk\u00fcr ederim!<\/p>\n\n<p>Daha da iyi olurdu ki birka\u00e7 y\u0131l \u00f6nce di\u015flerimi Dr. \u00d6zt\u00fcrk\u2019e yapt\u0131rsayd\u0131m.<\/p>\n\n<p>Sevgilerimle<\/p>\n\n<p>Canan Kuk<\/p>\n\n<div class=\"wp-block-group is-layout-grid wp-container-core-group-is-layout-baef362d wp-block-group-is-layout-grid\">\n<p><a href=\"https:\/\/medicaltravel.at\/home\/agb\/\" data-type=\"page\" data-id=\"2191\"><\/a><a href=\"https:\/\/medicaltravel.at\/tr\/hasta-hikayeleri\/erfahrungsberichte-behandlungen-tuerkei\/istanbulda-dis-kaplama-tedavim-02-eyluel-2017-cumartesi-guenue-yazilmis-deneyim-yazisi\/\" data-type=\"link\" data-id=\"https:\/\/medicaltravel.at\/berichte-von-patienten\/erfahrungsberichte\/meine-krone-behandlung-in-istanbul-bericht-vom-samstag-02-september-2017\/\">\u00d6nceki Rapor<\/a><\/p>\n\n\n\n<p class=\"has-text-align-right wp-container-content-5e2576f9\"><a href=\"https:\/\/medicaltravel.at\/home\/impressum\/\" data-type=\"page\" data-id=\"2193\"><\/a><a href=\"https:\/\/medicaltravel.at\/home\/berichte-von-patienten\/erfahrungsberichte\/erfahrungsbericht-zahnbehandlung-in-istanbul\/\" data-type=\"page\" data-id=\"981\"><\/a><a href=\"https:\/\/medicaltravel.at\/tr\/hasta-hikayeleri\/erfahrungsberichte-behandlungen-tuerkei\/goez-kapagi-germe-deneyim-raporu-istanbul-nisan-2017-23-mayis-2017-sali-tarihli-rapor\/\" data-type=\"link\" data-id=\"https:\/\/medicaltravel.at\/berichte-von-patienten\/erfahrungsberichte\/erfahrungsbericht-augenlid-straffung-in-istanbul-april-2017-bericht-vom-dienstag-23-mai-2017\/\">Sonraki Rapor<\/a><\/p>\n<\/div>\n","protected":false},"excerpt":{"rendered":"<p>\u0130STANBUL\u2019DAK\u0130 D\u0130\u015e KAPLAMASI TEDAV\u0130M \u2013 09 Temmuz 2017 Pazar g\u00fcn\u00fc deneyimim Ocak 2017\u2019de Zug\u2019da \u0130stanbul\u2019da yap\u0131lacak bir di\u015f tedavisi i\u00e7in Dr. \u00d6zt\u00fcrk ile bir dan\u0131\u015fma g\u00f6r\u00fc\u015fmesine kat\u0131ld\u0131m. \u00c7ok samimi ve yetkin biriydi. Dan\u0131\u015fmanl\u0131k firmas\u0131 Bay Kara ile kay\u0131t ve ileti\u015fim s\u00fcreci tamamen sorunsuz ge\u00e7ti! \u00c7ok samimi, yard\u0131mc\u0131 ve h\u0131zl\u0131yd\u0131lar. Onay verdikten k\u0131sa s\u00fcre sonra seyahatimle ilgili t\u00fcm gerekli bilgi ve belgeleri ald\u0131m. Havaalan\u0131nda beni kar\u015f\u0131lad\u0131lar. Gidi\u015f-d\u00f6n\u00fc\u015f transferi \u00e7ok rahat ve keyifliydi. Hastanede \u00e7ok s\u0131cak kar\u015f\u0131land\u0131m. T\u00fcrk\u00e7e konu\u015fabiliyorum ama \u00e7ok iyi de\u011fil, bu y\u00fczden s\u00fcrekli bir terc\u00fcman vard\u0131. Di\u015f hekimi Dr. \u00d6zt\u00fcrk de \u0130ngilizceyi \u00e7ok iyi konu\u015fuyor. Tedavinin nas\u0131l ilerleyece\u011fini ve sonras\u0131nda neler yap\u0131laca\u011f\u0131n\u0131 bana ayr\u0131nt\u0131l\u0131 ve sab\u0131rl\u0131 bir \u015fekilde anlatt\u0131, ayr\u0131ca isteklerimi de dikkate ald\u0131. Di\u015flerim t\u00f6rp\u00fclendikten ve \u00f6l\u00e7\u00fcleri al\u0131nd\u0131ktan sonra ge\u00e7ici di\u015flerimi ald\u0131m. \u00c7ar\u015famba ve Per\u015fembe g\u00fcnleri di\u015f kaplamalar\u0131n\u0131 tekrar denedim ve arada bir de kanal tedavisi yap\u0131ld\u0131. Hi\u00e7 a\u011fr\u0131 hissetmedim ve her \u015fey \u00e7ok sorunsuz ge\u00e7ti! Cuma g\u00fcn\u00fc nihayet i\u015flem tamamland\u0131 ve kaplamalar yap\u0131\u015ft\u0131r\u0131ld\u0131. Cumartesi g\u00fcn\u00fc ise d\u00f6n\u00fc\u015f u\u00e7u\u015fum vard\u0131. Ve sonu\u00e7 ger\u00e7ekten harika! Her zaman MedicalTravel \u00fczerinden tekrar rezervasyon yapar ve tedavimi \u0130stanbul\u2019da Dr. \u00d6zt\u00fcrk\u2019te yapt\u0131r\u0131rd\u0131m, ayr\u0131ca herkese de tavsiye edebilirim! Medical Travel\u2019in sorunsuz ve m\u00fckemmel servisi i\u00e7in \u00e7ok te\u015fekk\u00fcr ederim! Daha da iyi olurdu ki birka\u00e7 y\u0131l \u00f6nce di\u015flerimi Dr. \u00d6zt\u00fcrk\u2019e yapt\u0131rsayd\u0131m. Sevgilerimle Canan Kuk \u00d6nceki Rapor Sonraki Rapor<\/p>\n","protected":false},"author":4,"featured_media":0,"parent":4603,"menu_order":0,"comment_status":"closed","ping_status":"closed","template":"","meta":{"_joinchat":[],"footnotes":""},"class_list":["post-4712","page","type-page","status-publish","hentry"],"acf":[],"_links":{"self":[{"href":"https:\/\/medicaltravel.at\/tr\/wp-json\/wp\/v2\/pages\/4712","targetHints":{"allow":["GET"]}}],"collection":[{"href":"https:\/\/medicaltravel.at\/tr\/wp-json\/wp\/v2\/pages"}],"about":[{"href":"https:\/\/medicaltravel.at\/tr\/wp-json\/wp\/v2\/types\/page"}],"author":[{"embeddable":true,"href":"https:\/\/medicaltravel.at\/tr\/wp-json\/wp\/v2\/users\/4"}],"replies":[{"embeddable":true,"href":"https:\/\/medicaltravel.at\/tr\/wp-json\/wp\/v2\/comments?post=4712"}],"version-history":[{"count":1,"href":"https:\/\/medicaltravel.at\/tr\/wp-json\/wp\/v2\/pages\/4712\/revisions"}],"predecessor-version":[{"id":4713,"href":"https:\/\/medicaltravel.at\/tr\/wp-json\/wp\/v2\/pages\/4712\/revisions\/4713"}],"up":[{"embeddable":true,"href":"https:\/\/medicaltravel.at\/tr\/wp-json\/wp\/v2\/pages\/4603"}],"wp:attachment":[{"href":"https:\/\/medicaltravel.at\/tr\/wp-json\/wp\/v2\/media?parent=4712"}],"curies":[{"name":"wp","href":"https:\/\/api.w.org\/{rel}","templated":true}]}}