{"id":4710,"date":"2025-09-27T21:14:28","date_gmt":"2025-09-27T20:14:28","guid":{"rendered":"https:\/\/medicaltravel.at\/hasta-hikayeleri\/erfahrungsberichte-behandlungen-tuerkei\/istanbuldaki-dis-kaplama-tedavim-07-subat-2018-carsamba-guenue-deneyimim\/"},"modified":"2026-01-13T14:22:25","modified_gmt":"2026-01-13T13:22:25","slug":"istanbuldaki-dis-kaplama-tedavim-07-subat-2018-carsamba-guenue-deneyimim","status":"publish","type":"page","link":"https:\/\/medicaltravel.at\/tr\/hasta-hikayeleri\/erfahrungsberichte-behandlungen-tuerkei\/istanbuldaki-dis-kaplama-tedavim-07-subat-2018-carsamba-guenue-deneyimim\/","title":{"rendered":"\u0130stanbul\u2019daki Di\u015f Kaplama Tedavim \u2013 07 \u015eubat 2018 \u00c7ar\u015famba g\u00fcn\u00fc deneyimim"},"content":{"rendered":"\n<p>\u0130stanbul\u2019daki Di\u015f Kaplama Tedavim \u2013 07 \u015eubat 2018 \u00c7ar\u015famba g\u00fcn\u00fc deneyimim<\/p>\n\n<p>Di\u015flerimden hi\u00e7 memnun olmad\u0131\u011f\u0131m ve g\u00fcl\u00fc\u015f\u00fcn bir insan\u0131n g\u00f6r\u00fcn\u00fcm\u00fcnde \u00e7ok \u015fey ifade etti\u011fini d\u00fc\u015f\u00fcnd\u00fc\u011f\u00fcm i\u00e7in birka\u00e7 y\u0131ld\u0131r bir \u00e7\u00f6z\u00fcm ara\u015ft\u0131r\u0131yordum. Benim i\u00e7in en h\u0131zl\u0131, en g\u00fczel ve en kolay \u00e7\u00f6z\u00fcm kaplamayd\u0131. \u015eimdi tek yapmam gereken en iyi fiyat-performans oran\u0131n\u0131 bulmakt\u0131. \u0130svi\u00e7re\u2019de di\u015f kaplamalar\u0131 neredeyse kar\u015f\u0131lanamaz derecede pahal\u0131 ve yurt d\u0131\u015f\u0131nda di\u015f yapt\u0131rmak riskli.   <\/p>\n\n<p>Farkl\u0131 yerlere sormu\u015ftum ama hi\u00e7bir zaman tam olarak ikna olmad\u0131m. Ta ki Medical Travel\u2019in sitesine kadar. T\u00fcrkiye hakk\u0131nda estetik operasyonlar ve di\u015f tedavileri konusunda \u015fimdiye kadar sadece iyi \u015feyler duydum ve okudum. Tedaviyi T\u00fcrkiye\u2019de yapt\u0131rmak ve \u0130svi\u00e7re\u2019den destek almak harika!   <\/p>\n\n<p>H\u0131zl\u0131ca Bay Kara ile ileti\u015fime ge\u00e7tim ve Zug\u2019da bir dan\u0131\u015fma g\u00f6r\u00fc\u015fmesi ayarlad\u0131k. Arkada\u015f\u0131m da yan\u0131mdayd\u0131 \u00e7\u00fcnk\u00fc o da fikrime ikna olmu\u015ftu. Di\u015f hekimi ve terc\u00fcman ikisi de \u00e7ok iyiydi ve her \u015feyi bize g\u00fczelce anlatt\u0131lar.  <\/p>\n\n<p>B\u00f6ylece Kas\u0131m ay\u0131nda seyahatimizi ayarlad\u0131k. T\u00fcrkiye\u2019ye vard\u0131\u011f\u0131m\u0131zda havaalan\u0131nda bizi kar\u015f\u0131lad\u0131lar ve otelimize g\u00f6t\u00fcrd\u00fcler. Ertesi sabah otelden al\u0131nd\u0131k ve Ac\u0131badem Hastanesi\u2019ne g\u00f6t\u00fcr\u00fcld\u00fck. Orada terc\u00fcman bizi kar\u015f\u0131lad\u0131 ve i\u015flemlerin nas\u0131l ilerleyece\u011fini anlatt\u0131.   <\/p>\n\n<p>Di\u015flerimiz tedavi edildi ve ard\u0131ndan laboratuvara g\u00f6nderilmek \u00fczere bir \u00f6l\u00e7\u00fc al\u0131nd\u0131. Sonras\u0131nda ge\u00e7ici di\u015flerimizi ald\u0131k. Tedavi a\u011fr\u0131s\u0131zd\u0131 \u00e7\u00fcnk\u00fc her \u015fey do\u011fal olarak uyu\u015fturuldu. Ard\u0131ndan \u0130stanbul\u2019u ke\u015ffetmek i\u00e7in birka\u00e7 g\u00fcn kendimize zaman ay\u0131rd\u0131k. Yemekler, insanlar, al\u0131\u015fveri\u015f, gezilecek yerler ve otel hepsi \u00e7ok ho\u015fumuza gitti.    <\/p>\n\n<p>Per\u015fembe g\u00fcn\u00fc tekrar gitme \u015fans\u0131m\u0131z oldu ve haz\u0131rlanan veneerleri denedik, her \u015feyin uyup uymad\u0131\u011f\u0131n\u0131 kontrol ettik. Bunlar daha sonra laboratuvara geri g\u00f6nderildi, gerekli d\u00fczeltmeler yap\u0131ld\u0131 ve parlat\u0131ld\u0131. Cuma g\u00fcn\u00fc ise i\u015flem tamamland\u0131. Kaplamalar\u0131m art\u0131k di\u015flerime yap\u0131\u015ft\u0131r\u0131labildi. Bu i\u015flem de uyu\u015fturma alt\u0131nda yap\u0131ld\u0131\u011f\u0131 i\u00e7in hi\u00e7 a\u011fr\u0131 hissetmedim.    <\/p>\n\n<p>Di\u015f kaplamalar\u0131m\u0131 ilk kez aynada g\u00f6rd\u00fc\u011f\u00fcmde \u00e7ok mutluydum. B\u00f6yle g\u00fczel bir sonu\u00e7 beklemiyordum! Di\u015f hekimimiz \u00d6zge \u00d6zt\u00fcrk harika bir i\u015f \u00e7\u0131kard\u0131. \u00c7ok samimi ve i\u015fini ger\u00e7ekten sevdi\u011fi ve s\u0131k s\u0131k kaplama yapt\u0131\u011f\u0131 belli oluyor. Sonu\u00e7 ger\u00e7ekten g\u00f6z al\u0131c\u0131. Ayr\u0131ca \u0130ngilizce de konu\u015fuyor, tabii terc\u00fcman her zaman yan\u0131m\u0131zda oluyor.      <\/p>\n\n<p>Ertesi g\u00fcn tekrar gittik, kaplamalar\u0131n nas\u0131l hissettirdi\u011fini s\u00f6yledik ve onlar\u0131 biraz daha parlat\u0131ld\u0131. Benim i\u00e7in ayr\u0131ca di\u015flerimin \u00f6l\u00e7\u00fcs\u00fc al\u0131nd\u0131, \u00e7\u00fcnk\u00fc gece pla\u011f\u0131 yap\u0131lacakt\u0131; di\u015flerimi g\u0131c\u0131rdat\u0131yorum. Pazar g\u00fcn\u00fc tekrar havaalan\u0131na g\u00f6t\u00fcr\u00fcld\u00fck ve \u0130svi\u00e7re\u2019ye d\u00f6nd\u00fck.  <\/p>\n\n<p>Ben ve arkada\u015f\u0131m, Di\u015f kaplama tedavisini Medical Travel ile yapt\u0131rmaya karar verdi\u011fimiz i\u00e7in \u00e7ok mutluyuz. Art\u0131k g\u00fcl\u00fc\u015f\u00fcm\u00fc ger\u00e7ekten keyifle g\u00f6steriyorum ve insanlar s\u0131k s\u0131k di\u015flerim hakk\u0131nda yorum yap\u0131yor, \u00e7\u00fcnk\u00fc \u00e7ok g\u00fczel ve do\u011fal g\u00f6r\u00fcn\u00fcyorlar. Medical Travel\u2019i herkese g\u00f6n\u00fcl rahatl\u0131\u011f\u0131yla tavsiye edebilirim. Kesinlikle tekrar \u0130stanbul\u2019a tatile gidece\u011fiz ve mutlaka di\u015f hekimimiz \u00d6zge \u00d6zt\u00fcrk\u2019\u00fc ziyaret edece\u011fiz!   <\/p>\n\n<p>L. Spori<\/p>\n\n<div class=\"wp-block-group is-layout-grid wp-container-core-group-is-layout-baef362d wp-block-group-is-layout-grid\">\n<p><a href=\"https:\/\/medicaltravel.at\/home\/agb\/\" data-type=\"page\" data-id=\"2191\"><\/a><a href=\"https:\/\/medicaltravel.at\/tr\/hasta-hikayeleri\/erfahrungsberichte-behandlungen-tuerkei\/istanbuldaki-kaplama-disler-sayesinde-sonunda-yeniden-gueluemsueyorum-7-subat-2018-carsamba-tarihli-rapor\/\" data-type=\"link\" data-id=\"https:\/\/medicaltravel.at\/berichte-von-patienten\/erfahrungsberichte\/endlich-wieder-laecheln-dank-veneers-in-istanbul-bericht-vom-mittwoch-07-februar-2018\/\">\u00d6nceki Rapor<\/a><\/p>\n\n\n\n<p class=\"has-text-align-right wp-container-content-5e2576f9\"><a href=\"https:\/\/medicaltravel.at\/home\/impressum\/\" data-type=\"page\" data-id=\"2193\"><\/a><a href=\"https:\/\/medicaltravel.at\/home\/berichte-von-patienten\/erfahrungsberichte\/erfahrungsbericht-zahnbehandlung-in-istanbul\/\" data-type=\"page\" data-id=\"981\"><\/a><a href=\"https:\/\/medicaltravel.at\/tr\/hasta-hikayeleri\/erfahrungsberichte-behandlungen-tuerkei\/istanbulda-liposuction-aksiyonum-05-subat-2018-pazartesi-guenue-yazilmis-deneyim-yazisi\/\" data-type=\"link\" data-id=\"https:\/\/medicaltravel.at\/berichte-von-patienten\/erfahrungsberichte\/meine-liposuction-in-istanbul-bericht-vom-montag-05-februar-2018\/\">Sonraki Rapor<\/a><\/p>\n<\/div>\n","protected":false},"excerpt":{"rendered":"<p>\u0130stanbul\u2019daki Di\u015f Kaplama Tedavim \u2013 07 \u015eubat 2018 \u00c7ar\u015famba g\u00fcn\u00fc deneyimim Di\u015flerimden hi\u00e7 memnun olmad\u0131\u011f\u0131m ve g\u00fcl\u00fc\u015f\u00fcn bir insan\u0131n g\u00f6r\u00fcn\u00fcm\u00fcnde \u00e7ok \u015fey ifade etti\u011fini d\u00fc\u015f\u00fcnd\u00fc\u011f\u00fcm i\u00e7in birka\u00e7 y\u0131ld\u0131r bir \u00e7\u00f6z\u00fcm ara\u015ft\u0131r\u0131yordum. Benim i\u00e7in en h\u0131zl\u0131, en g\u00fczel ve en kolay \u00e7\u00f6z\u00fcm kaplamayd\u0131. \u015eimdi tek yapmam gereken en iyi fiyat-performans oran\u0131n\u0131 bulmakt\u0131. \u0130svi\u00e7re\u2019de di\u015f kaplamalar\u0131 neredeyse kar\u015f\u0131lanamaz derecede pahal\u0131 ve yurt d\u0131\u015f\u0131nda di\u015f yapt\u0131rmak riskli. Farkl\u0131 yerlere sormu\u015ftum ama hi\u00e7bir zaman tam olarak ikna olmad\u0131m. Ta ki Medical Travel\u2019in sitesine kadar. T\u00fcrkiye hakk\u0131nda estetik operasyonlar ve di\u015f tedavileri konusunda \u015fimdiye kadar sadece iyi \u015feyler duydum ve okudum. Tedaviyi T\u00fcrkiye\u2019de yapt\u0131rmak ve \u0130svi\u00e7re\u2019den destek almak harika! H\u0131zl\u0131ca Bay Kara ile ileti\u015fime ge\u00e7tim ve Zug\u2019da bir dan\u0131\u015fma g\u00f6r\u00fc\u015fmesi ayarlad\u0131k. Arkada\u015f\u0131m da yan\u0131mdayd\u0131 \u00e7\u00fcnk\u00fc o da fikrime ikna olmu\u015ftu. Di\u015f hekimi ve terc\u00fcman ikisi de \u00e7ok iyiydi ve her \u015feyi bize g\u00fczelce anlatt\u0131lar. B\u00f6ylece Kas\u0131m ay\u0131nda seyahatimizi ayarlad\u0131k. T\u00fcrkiye\u2019ye vard\u0131\u011f\u0131m\u0131zda havaalan\u0131nda bizi kar\u015f\u0131lad\u0131lar ve otelimize g\u00f6t\u00fcrd\u00fcler. Ertesi sabah otelden al\u0131nd\u0131k ve Ac\u0131badem Hastanesi\u2019ne g\u00f6t\u00fcr\u00fcld\u00fck. Orada terc\u00fcman bizi kar\u015f\u0131lad\u0131 ve i\u015flemlerin nas\u0131l ilerleyece\u011fini anlatt\u0131. Di\u015flerimiz tedavi edildi ve ard\u0131ndan laboratuvara g\u00f6nderilmek \u00fczere bir \u00f6l\u00e7\u00fc al\u0131nd\u0131. Sonras\u0131nda ge\u00e7ici di\u015flerimizi ald\u0131k. Tedavi a\u011fr\u0131s\u0131zd\u0131 \u00e7\u00fcnk\u00fc her \u015fey do\u011fal olarak uyu\u015fturuldu. Ard\u0131ndan \u0130stanbul\u2019u ke\u015ffetmek i\u00e7in birka\u00e7 g\u00fcn kendimize zaman ay\u0131rd\u0131k. Yemekler, insanlar, al\u0131\u015fveri\u015f, gezilecek yerler ve otel hepsi \u00e7ok ho\u015fumuza gitti. Per\u015fembe g\u00fcn\u00fc tekrar gitme \u015fans\u0131m\u0131z oldu ve haz\u0131rlanan veneerleri denedik, her \u015feyin uyup uymad\u0131\u011f\u0131n\u0131 kontrol ettik. Bunlar daha sonra laboratuvara geri g\u00f6nderildi, gerekli d\u00fczeltmeler yap\u0131ld\u0131 ve parlat\u0131ld\u0131. Cuma g\u00fcn\u00fc ise i\u015flem tamamland\u0131. Kaplamalar\u0131m art\u0131k di\u015flerime yap\u0131\u015ft\u0131r\u0131labildi. Bu i\u015flem de uyu\u015fturma alt\u0131nda yap\u0131ld\u0131\u011f\u0131 i\u00e7in hi\u00e7 a\u011fr\u0131 hissetmedim. Di\u015f kaplamalar\u0131m\u0131 ilk kez aynada g\u00f6rd\u00fc\u011f\u00fcmde \u00e7ok mutluydum. B\u00f6yle g\u00fczel bir sonu\u00e7 beklemiyordum! Di\u015f hekimimiz \u00d6zge \u00d6zt\u00fcrk harika bir i\u015f \u00e7\u0131kard\u0131. \u00c7ok samimi ve i\u015fini ger\u00e7ekten sevdi\u011fi ve s\u0131k s\u0131k kaplama yapt\u0131\u011f\u0131 belli oluyor. Sonu\u00e7 ger\u00e7ekten g\u00f6z al\u0131c\u0131. Ayr\u0131ca \u0130ngilizce de konu\u015fuyor, tabii terc\u00fcman her zaman yan\u0131m\u0131zda oluyor. Ertesi g\u00fcn tekrar gittik, kaplamalar\u0131n nas\u0131l hissettirdi\u011fini s\u00f6yledik ve onlar\u0131 biraz daha parlat\u0131ld\u0131. Benim i\u00e7in ayr\u0131ca di\u015flerimin \u00f6l\u00e7\u00fcs\u00fc al\u0131nd\u0131, \u00e7\u00fcnk\u00fc gece pla\u011f\u0131 yap\u0131lacakt\u0131; di\u015flerimi g\u0131c\u0131rdat\u0131yorum. Pazar g\u00fcn\u00fc tekrar havaalan\u0131na g\u00f6t\u00fcr\u00fcld\u00fck ve \u0130svi\u00e7re\u2019ye d\u00f6nd\u00fck. Ben ve arkada\u015f\u0131m, Di\u015f kaplama tedavisini Medical Travel ile yapt\u0131rmaya karar verdi\u011fimiz i\u00e7in \u00e7ok mutluyuz. Art\u0131k g\u00fcl\u00fc\u015f\u00fcm\u00fc ger\u00e7ekten keyifle g\u00f6steriyorum ve insanlar s\u0131k s\u0131k di\u015flerim hakk\u0131nda yorum yap\u0131yor, \u00e7\u00fcnk\u00fc \u00e7ok g\u00fczel ve do\u011fal g\u00f6r\u00fcn\u00fcyorlar. Medical Travel\u2019i herkese g\u00f6n\u00fcl rahatl\u0131\u011f\u0131yla tavsiye edebilirim. Kesinlikle tekrar \u0130stanbul\u2019a tatile gidece\u011fiz ve mutlaka di\u015f hekimimiz \u00d6zge \u00d6zt\u00fcrk\u2019\u00fc ziyaret edece\u011fiz! L. Spori \u00d6nceki Rapor Sonraki Rapor<\/p>\n","protected":false},"author":4,"featured_media":0,"parent":4603,"menu_order":0,"comment_status":"closed","ping_status":"closed","template":"","meta":{"_joinchat":[],"footnotes":""},"class_list":["post-4710","page","type-page","status-publish","hentry"],"acf":[],"_links":{"self":[{"href":"https:\/\/medicaltravel.at\/tr\/wp-json\/wp\/v2\/pages\/4710","targetHints":{"allow":["GET"]}}],"collection":[{"href":"https:\/\/medicaltravel.at\/tr\/wp-json\/wp\/v2\/pages"}],"about":[{"href":"https:\/\/medicaltravel.at\/tr\/wp-json\/wp\/v2\/types\/page"}],"author":[{"embeddable":true,"href":"https:\/\/medicaltravel.at\/tr\/wp-json\/wp\/v2\/users\/4"}],"replies":[{"embeddable":true,"href":"https:\/\/medicaltravel.at\/tr\/wp-json\/wp\/v2\/comments?post=4710"}],"version-history":[{"count":1,"href":"https:\/\/medicaltravel.at\/tr\/wp-json\/wp\/v2\/pages\/4710\/revisions"}],"predecessor-version":[{"id":4711,"href":"https:\/\/medicaltravel.at\/tr\/wp-json\/wp\/v2\/pages\/4710\/revisions\/4711"}],"up":[{"embeddable":true,"href":"https:\/\/medicaltravel.at\/tr\/wp-json\/wp\/v2\/pages\/4603"}],"wp:attachment":[{"href":"https:\/\/medicaltravel.at\/tr\/wp-json\/wp\/v2\/media?parent=4710"}],"curies":[{"name":"wp","href":"https:\/\/api.w.org\/{rel}","templated":true}]}}