{"id":4706,"date":"2025-09-27T21:10:13","date_gmt":"2025-09-27T20:10:13","guid":{"rendered":"https:\/\/medicaltravel.at\/hasta-hikayeleri\/erfahrungsberichte-behandlungen-tuerkei\/istanbulda-burun-ameliyatim-tuerkiye-hasta-deneyimi-13-kasim-2018-sali-guenue-yazilmis-rapor\/"},"modified":"2026-01-13T14:16:51","modified_gmt":"2026-01-13T13:16:51","slug":"istanbulda-burun-ameliyatim-tuerkiye-hasta-deneyimi-13-kasim-2018-sali-guenue-yazilmis-rapor","status":"publish","type":"page","link":"https:\/\/medicaltravel.at\/tr\/hasta-hikayeleri\/erfahrungsberichte-behandlungen-tuerkei\/istanbulda-burun-ameliyatim-tuerkiye-hasta-deneyimi-13-kasim-2018-sali-guenue-yazilmis-rapor\/","title":{"rendered":"\u0130STANBUL\u2019DA BURUN AMEL\u0130YATIM \u2013 T\u00dcRK\u0130YE HASTA DENEY\u0130M\u0130 \u2013 13 Kas\u0131m 2018 Sal\u0131 g\u00fcn\u00fc yaz\u0131lm\u0131\u015f rapor"},"content":{"rendered":"\n<p>\u0130STANBUL\u2019DA BURUN AMEL\u0130YATIM \u2013 T\u00dcRK\u0130YE HASTA DENEY\u0130M\u0130 \u2013 13 Kas\u0131m 2018 Sal\u0131 g\u00fcn\u00fc yaz\u0131lm\u0131\u015f rapor<\/p>\n\n\n\n<p>\u0130nternette farkl\u0131 estetik kliniklerini ara\u015ft\u0131rd\u0131ktan sonra beni en \u00e7ok Medical Travel\u2019in internet sitesi etkiledi.<\/p>\n\n\n\n<p>Burun ucu d\u00fczeltmesi ile ilgileniyordum. Dan\u0131\u015fmanl\u0131k almak i\u00e7in, MedicalTravel\u2019den Bay Kara arac\u0131l\u0131\u011f\u0131yla \u0130svi\u00e7re, Zug\u2019da tedaviyi yapacak doktor Profes\u00f6r Ersoy ile y\u00fcz y\u00fcze g\u00f6r\u00fc\u015fme yapabildim. <\/p>\n\n\n\n<p>G\u00f6r\u00fc\u015fmeden sonra, konuyu bir kez daha d\u00fc\u015f\u00fcnmek i\u00e7in biraz zamana ihtiyac\u0131m vard\u0131.<\/p>\n\n\n\n<p>R\u0131zam\u0131 verdikten sonra Bay Kara t\u00fcm seyahati benim i\u00e7in organize etti; u\u00e7ak, otel, hastane konaklamas\u0131, terc\u00fcman.<\/p>\n\n\n\n<p>Memnundum \u00e7\u00fcnk\u00fc bu konuyla ilgili hi\u00e7bir \u015feyle u\u011fra\u015fmam gerekmedi. Ve her \u015fey m\u00fckemmel bir \u015fekilde ger\u00e7ekle\u015fti. <\/p>\n\n\n\n<p>Her zaman otelden tam zaman\u0131nda al\u0131nd\u0131m. Otel \u00e7ok kaliteliydi, odalar olduk\u00e7a geni\u015fti ve kahvalt\u0131 da \u00e7ok iyiydi. <\/p>\n\n\n\n<p>Ameliyat\u0131n kendisi hastanede sorunsuz ge\u00e7ti. Ameliyattan sonra bir gece hastanede kald\u0131m, tam narkozdan sonra bu da gerekliydi. Oda \u00e7ok g\u00fczeldi ve son derece temizdi.  <\/p>\n\n\n\n<p>\u0130lk yedi g\u00fcn boyunca burnumda al\u00e7\u0131 vard\u0131. Bir hafta sonra bu \u00e7\u0131kar\u0131ld\u0131 ve yerine \u00f6zel bir bant yap\u0131\u015ft\u0131r\u0131ld\u0131. T\u00fcm diki\u015fler al\u0131nd\u0131.  <\/p>\n\n\n\n<p>Bandaj \u00e7\u0131kar\u0131ld\u0131ktan sonra burun birka\u00e7 g\u00fcn daha olduk\u00e7a \u015fi\u015fti ve nihai sonucu g\u00f6rmek zaman ald\u0131. Benim i\u00e7in sonu\u00e7 hemen belli olmad\u0131\u011f\u0131 i\u00e7in ba\u015flang\u0131\u00e7ta biraz hayal k\u0131r\u0131kl\u0131\u011f\u0131 ya\u015fad\u0131m. <\/p>\n\n\n\n<p>Ama \u015fimdi \u0130stanbul\u2019da ge\u00e7en alt\u0131 haftadan sonra \u00e7ok memnunum ve burnun daha ince oldu\u011funu net bir \u015fekilde g\u00f6rebiliyorum.<\/p>\n\n\n\n<p>Ameliyattan sonra bana antibiyotik ve a\u011fr\u0131 kesici verildi, bunlar\u0131 ayr\u0131ca \u00f6dedim. Genel olarak her \u015fey \u00e7ok iyi organize edilmi\u015fti ve son derece profesyoneldi. <\/p>\n\n\n\n<p>Benim i\u00e7in bu ameliyat kesinlikle de\u011fdi.<\/p>\n\n\n\n<p>Sayg\u0131lar\u0131mla<\/p>\n\n\n\n<p>Claudia Rudolf<\/p>\n\n\n\n<div class=\"wp-block-group is-layout-grid wp-container-core-group-is-layout-baef362d wp-block-group-is-layout-grid\">\n<p><a href=\"https:\/\/medicaltravel.at\/home\/agb\/\" data-type=\"page\" data-id=\"2191\"><\/a><a href=\"https:\/\/medicaltravel.at\/tr\/hasta-hikayeleri\/erfahrungsberichte-behandlungen-tuerkei\/istanbulda-goegues-bueyuetme-deneyim-raporu-tuerkiye-05-subat-2019-sali-tarihli-rapor\/\" data-type=\"link\" data-id=\"https:\/\/medicaltravel.at\/berichte-von-patienten\/erfahrungsberichte\/erfahrungsbericht-brustvergroesserung-in-istanbul-tuerkei-bericht-vom-dienstag-05-februar-2019\/\">\u00d6nceki Rapor<\/a><\/p>\n\n\n\n<p class=\"has-text-align-right wp-container-content-5e2576f9\"><a href=\"https:\/\/medicaltravel.at\/home\/impressum\/\" data-type=\"page\" data-id=\"2193\"><\/a><a href=\"https:\/\/medicaltravel.at\/home\/berichte-von-patienten\/erfahrungsberichte\/erfahrungsbericht-zahnbehandlung-in-istanbul\/\" data-type=\"page\" data-id=\"981\"><\/a><a href=\"https:\/\/medicaltravel.at\/tr\/hasta-hikayeleri\/erfahrungsberichte-behandlungen-tuerkei\/istanbuldaki-dis-tedavim-deneyim-raporu-12-kasim-2018-pazartesi-deneyimim\/\" data-type=\"link\" data-id=\"https:\/\/medicaltravel.at\/tr\/hasta-hikayeleri\/erfahrungsberichte-behandlungen-tuerkei\/istanbuldaki-dis-tedavim-deneyim-raporu-12-kasim-2018-pazartesi-deneyimim\/\">Sonraki Rapor<\/a><\/p>\n<\/div>\n","protected":false},"excerpt":{"rendered":"<p>\u0130STANBUL\u2019DA BURUN AMEL\u0130YATIM \u2013 T\u00dcRK\u0130YE HASTA DENEY\u0130M\u0130 \u2013 13 Kas\u0131m 2018 Sal\u0131 g\u00fcn\u00fc yaz\u0131lm\u0131\u015f rapor \u0130nternette farkl\u0131 estetik kliniklerini ara\u015ft\u0131rd\u0131ktan sonra beni en \u00e7ok Medical Travel\u2019in internet sitesi etkiledi. Burun ucu d\u00fczeltmesi ile ilgileniyordum. Dan\u0131\u015fmanl\u0131k almak i\u00e7in, MedicalTravel\u2019den Bay Kara arac\u0131l\u0131\u011f\u0131yla \u0130svi\u00e7re, Zug\u2019da tedaviyi yapacak doktor Profes\u00f6r Ersoy ile y\u00fcz y\u00fcze g\u00f6r\u00fc\u015fme yapabildim. G\u00f6r\u00fc\u015fmeden sonra, konuyu bir kez daha d\u00fc\u015f\u00fcnmek i\u00e7in biraz zamana ihtiyac\u0131m vard\u0131. R\u0131zam\u0131 verdikten sonra Bay Kara t\u00fcm seyahati benim i\u00e7in organize etti; u\u00e7ak, otel, hastane konaklamas\u0131, terc\u00fcman. Memnundum \u00e7\u00fcnk\u00fc bu konuyla ilgili hi\u00e7bir \u015feyle u\u011fra\u015fmam gerekmedi. Ve her \u015fey m\u00fckemmel bir \u015fekilde ger\u00e7ekle\u015fti. Her zaman otelden tam zaman\u0131nda al\u0131nd\u0131m. Otel \u00e7ok kaliteliydi, odalar olduk\u00e7a geni\u015fti ve kahvalt\u0131 da \u00e7ok iyiydi. Ameliyat\u0131n kendisi hastanede sorunsuz ge\u00e7ti. Ameliyattan sonra bir gece hastanede kald\u0131m, tam narkozdan sonra bu da gerekliydi. Oda \u00e7ok g\u00fczeldi ve son derece temizdi. \u0130lk yedi g\u00fcn boyunca burnumda al\u00e7\u0131 vard\u0131. Bir hafta sonra bu \u00e7\u0131kar\u0131ld\u0131 ve yerine \u00f6zel bir bant yap\u0131\u015ft\u0131r\u0131ld\u0131. T\u00fcm diki\u015fler al\u0131nd\u0131. Bandaj \u00e7\u0131kar\u0131ld\u0131ktan sonra burun birka\u00e7 g\u00fcn daha olduk\u00e7a \u015fi\u015fti ve nihai sonucu g\u00f6rmek zaman ald\u0131. Benim i\u00e7in sonu\u00e7 hemen belli olmad\u0131\u011f\u0131 i\u00e7in ba\u015flang\u0131\u00e7ta biraz hayal k\u0131r\u0131kl\u0131\u011f\u0131 ya\u015fad\u0131m. Ama \u015fimdi \u0130stanbul\u2019da ge\u00e7en alt\u0131 haftadan sonra \u00e7ok memnunum ve burnun daha ince oldu\u011funu net bir \u015fekilde g\u00f6rebiliyorum. Ameliyattan sonra bana antibiyotik ve a\u011fr\u0131 kesici verildi, bunlar\u0131 ayr\u0131ca \u00f6dedim. Genel olarak her \u015fey \u00e7ok iyi organize edilmi\u015fti ve son derece profesyoneldi. Benim i\u00e7in bu ameliyat kesinlikle de\u011fdi. Sayg\u0131lar\u0131mla Claudia Rudolf \u00d6nceki Rapor Sonraki Rapor<\/p>\n","protected":false},"author":4,"featured_media":0,"parent":4603,"menu_order":0,"comment_status":"closed","ping_status":"closed","template":"","meta":{"_joinchat":[],"footnotes":""},"class_list":["post-4706","page","type-page","status-publish","hentry"],"acf":[],"_links":{"self":[{"href":"https:\/\/medicaltravel.at\/tr\/wp-json\/wp\/v2\/pages\/4706","targetHints":{"allow":["GET"]}}],"collection":[{"href":"https:\/\/medicaltravel.at\/tr\/wp-json\/wp\/v2\/pages"}],"about":[{"href":"https:\/\/medicaltravel.at\/tr\/wp-json\/wp\/v2\/types\/page"}],"author":[{"embeddable":true,"href":"https:\/\/medicaltravel.at\/tr\/wp-json\/wp\/v2\/users\/4"}],"replies":[{"embeddable":true,"href":"https:\/\/medicaltravel.at\/tr\/wp-json\/wp\/v2\/comments?post=4706"}],"version-history":[{"count":4,"href":"https:\/\/medicaltravel.at\/tr\/wp-json\/wp\/v2\/pages\/4706\/revisions"}],"predecessor-version":[{"id":5755,"href":"https:\/\/medicaltravel.at\/tr\/wp-json\/wp\/v2\/pages\/4706\/revisions\/5755"}],"up":[{"embeddable":true,"href":"https:\/\/medicaltravel.at\/tr\/wp-json\/wp\/v2\/pages\/4603"}],"wp:attachment":[{"href":"https:\/\/medicaltravel.at\/tr\/wp-json\/wp\/v2\/media?parent=4706"}],"curies":[{"name":"wp","href":"https:\/\/api.w.org\/{rel}","templated":true}]}}