{"id":4699,"date":"2025-09-27T21:19:41","date_gmt":"2025-09-27T20:19:41","guid":{"rendered":"https:\/\/medicaltravel.at\/hasta-hikayeleri\/erfahrungsberichte-behandlungen-tuerkei\/istanbulda-burun-duezeltme-ameliyatim-tuerkiye-04-eyluel-2017-pazartesi-guenue-yazilmis-deneyim-yazisi\/"},"modified":"2026-01-13T14:26:49","modified_gmt":"2026-01-13T13:26:49","slug":"istanbulda-burun-duezeltme-ameliyatim-tuerkiye-04-eyluel-2017-pazartesi-guenue-yazilmis-deneyim-yazisi","status":"publish","type":"page","link":"https:\/\/medicaltravel.at\/tr\/hasta-hikayeleri\/erfahrungsberichte-behandlungen-tuerkei\/istanbulda-burun-duezeltme-ameliyatim-tuerkiye-04-eyluel-2017-pazartesi-guenue-yazilmis-deneyim-yazisi\/","title":{"rendered":"\u0130STANBUL\u2019DA BURUN D\u00dcZELTME AMEL\u0130YATIM \u2013 T\u00dcRK\u0130YE \u2013 04 Eyl\u00fcl 2017 Pazartesi g\u00fcn\u00fc yaz\u0131lm\u0131\u015f deneyim yaz\u0131s\u0131"},"content":{"rendered":"\n<p><strong>\u0130STANBUL\u2019DA BURUN D\u00dcZELTME AMEL\u0130YATIM \u2013 T\u00dcRK\u0130YE <\/strong>\u2013 4 Eyl\u00fcl 2017 Pazartesi Raporu<\/p>\n\n<p>24 Temmuz 2017\u2019de Burun Ameliyat\u0131<\/p>\n\n<p>Burun ameliyat\u0131 deneyimimi burada anlat\u0131yorum.<\/p>\n\n<p>Ac\u0131badem Hastanesi servisinden her zaman zaman\u0131nda al\u0131nd\u0131m ve bundan \u00e7ok memnun kald\u0131m.<\/p>\n\n<p>\u0130nternet \u00fczerinden MedicalTravel ile tan\u0131\u015ft\u0131m, \u00f6nceden bundan hi\u00e7bir bilgim yoktu. Doktorla, ameliyat\u0131n yap\u0131laca\u011f\u0131 ki\u015fiyle \u0130svi\u00e7re\u2019de \u00f6nceden tan\u0131\u015f\u0131p her \u015feyi ayr\u0131nt\u0131l\u0131 konu\u015fabilmek bence harika; \u00e7\u00fcnk\u00fc b\u00f6ylece g\u00fcven olu\u015fuyor. Zaten insan kolay kolay ameliyat olmuyor, bu y\u00fczden \u00f6n g\u00f6r\u00fc\u015fme ve planlama randevusunu \u00e7ok faydal\u0131 buldum.  <\/p>\n\n<p>Ameliyat da sorunsuz ge\u00e7ti, sonras\u0131nda da a\u011fr\u0131 hissetmedim \u00e7\u00fcnk\u00fc a\u011fr\u0131 kesiciler vs. ile her \u015fey \u00f6nceden ayarlanm\u0131\u015ft\u0131. Hastanedeki t\u00fcm hizmetten \u00e7ok memnun kald\u0131m; hem\u015fireler her zaman yan\u0131mdayd\u0131 ve \u00e7ok iyi ilgilendiler. Maslak\u2019taki Ac\u0131badem ger\u00e7ekten \u00e7ok modern bir hastane ve \u00e7ok bak\u0131ml\u0131. <\/p>\n\n<p>Burun ameliyat\u0131 \u00f6ncesi biraz korkmu\u015ftum ve \u00e7ok gergindim ama her \u015fey \u00e7ok iyi ge\u00e7ti ve ameliyattan sonra da kendimi asl\u0131nda \u00e7ok iyi hissettim. Ameliyat \u00f6ncesi doktorum Dr. S. Yazar\u2019\u0131 g\u00f6r\u00fcp her \u015feyi tekrar konu\u015fabilmek korkumu biraz azaltm\u0131\u015ft\u0131. <\/p>\n\n<p>MedicalTravel\u2019\u0131 kesinlikle \u00e7ok tavsiye edebilirim. \u0130stanbul\u2019daki Le Meridien otelimiz Etiler\u2019deydi, yani hastaneye \u00e7ok uzak de\u011fildi. Ger\u00e7ekten \u00e7ok iyi bir oteldi.  <\/p>\n\n<p>Hastanenin servis hizmeti her zaman tam zaman\u0131nda otelimden al\u0131p ameliyattan sonra tekrar otele g\u00f6t\u00fcrd\u00fc. Yani m\u00fckemmel bir hizmetti. <\/p>\n\n<p>Yani Ac\u0131badem Hastanesi\u2019nden Tolga, beni her zaman kar\u015f\u0131layan, her \u015feyi a\u00e7\u0131klayan ve organize eden ki\u015fi, her zaman ula\u015f\u0131labilir ve \u00e7ok yard\u0131mc\u0131yd\u0131. Bu sayede hi\u00e7 uzun s\u00fcre beklemek zorunda kalmad\u0131m. Her \u015fey \u00e7ok iyi organize edilmi\u015fti.  <\/p>\n\n<p>\u0130stanbul\u2019da hava s\u0131cak oldu\u011fu i\u00e7in ameliyattan sonra biraz dikkatli olmam gerekti; \u00e7\u00fcnk\u00fc y\u00fcz\u00fcm \u00e7ok \u015fi\u015fmi\u015f ve morarm\u0131\u015ft\u0131. Ama otelden ald\u0131\u011f\u0131m so\u011fuk pedler ve buz k\u00fcpleriyle iyi \u015fekilde so\u011futma yapabildim, b\u00f6ylece \u015fi\u015flikler 4-5 g\u00fcn i\u00e7inde olduk\u00e7a azald\u0131. Yani yaz\u0131n burun ameliyat\u0131 yapt\u0131rmak gayet m\u00fcmk\u00fcn.<br\/><br\/>Bug\u00fcn burun ameliyat\u0131ndan 6 hafta ge\u00e7ti ve sonu\u00e7tan \u00e7ok memnunum. \u015ei\u015fliklerin \u00e7o\u011fu ge\u00e7ti, hala biraz s\u00fcm\u00fck olu\u015fuyor ama art\u0131k \u00e7ok daha iyi hissediliyor. Burnumdan normal \u015fekilde nefes alabiliyorum ve kabuklanma neredeyse olu\u015fmuyor. Tabii burun i\u00e7 duvar\u0131 h\u00e2l\u00e2 biraz \u015fi\u015f, ama doktoruma g\u00f6re burnun tamamen iyile\u015fmesi 6 ay hatta 1 y\u0131la kadar s\u00fcrebilir.      <\/p>\n\n<p>T\u00fcm organizasyon i\u00e7in MedicalTravel\u2019a ve t\u00fcm doktor ekibine te\u015fekk\u00fcr ediyorum.<\/p>\n\n<p>Sayg\u0131lar\u0131mla<\/p>\n\n<p>Yildiz Sinekli<\/p>\n\n<div class=\"wp-block-group is-layout-grid wp-container-core-group-is-layout-baef362d wp-block-group-is-layout-grid\">\n<p><a href=\"https:\/\/medicaltravel.at\/home\/agb\/\" data-type=\"page\" data-id=\"2191\"><\/a><a href=\"https:\/\/medicaltravel.at\/tr\/hasta-hikayeleri\/erfahrungsberichte-behandlungen-tuerkei\/hasta-raporu-dis-duezeltme-antalya-11-eyluel-2017-pazartesi-tarihli-rapor\/\" data-type=\"link\" data-id=\"https:\/\/medicaltravel.at\/berichte-von-patienten\/erfahrungsberichte\/patientenbericht-zahnkorrektur-antalya-bericht-vom-montag-11-september-2017\/\">\u00d6nceki Rapor<\/a><\/p>\n\n\n\n<p class=\"has-text-align-right wp-container-content-5e2576f9\"><a href=\"https:\/\/medicaltravel.at\/home\/impressum\/\" data-type=\"page\" data-id=\"2193\"><\/a><a href=\"https:\/\/medicaltravel.at\/home\/berichte-von-patienten\/erfahrungsberichte\/erfahrungsbericht-zahnbehandlung-in-istanbul\/\" data-type=\"page\" data-id=\"981\"><\/a><a href=\"https:\/\/medicaltravel.at\/tr\/hasta-hikayeleri\/erfahrungsberichte-behandlungen-tuerkei\/istanbulda-dis-kaplama-tedavim-02-eyluel-2017-cumartesi-guenue-yazilmis-deneyim-yazisi\/\" data-type=\"link\" data-id=\"https:\/\/medicaltravel.at\/berichte-von-patienten\/erfahrungsberichte\/meine-krone-behandlung-in-istanbul-bericht-vom-samstag-02-september-2017\/\">Sonraki Rapor<\/a><\/p>\n<\/div>\n","protected":false},"excerpt":{"rendered":"<p>\u0130STANBUL\u2019DA BURUN D\u00dcZELTME AMEL\u0130YATIM \u2013 T\u00dcRK\u0130YE \u2013 4 Eyl\u00fcl 2017 Pazartesi Raporu 24 Temmuz 2017\u2019de Burun Ameliyat\u0131 Burun ameliyat\u0131 deneyimimi burada anlat\u0131yorum. Ac\u0131badem Hastanesi servisinden her zaman zaman\u0131nda al\u0131nd\u0131m ve bundan \u00e7ok memnun kald\u0131m. \u0130nternet \u00fczerinden MedicalTravel ile tan\u0131\u015ft\u0131m, \u00f6nceden bundan hi\u00e7bir bilgim yoktu. Doktorla, ameliyat\u0131n yap\u0131laca\u011f\u0131 ki\u015fiyle \u0130svi\u00e7re\u2019de \u00f6nceden tan\u0131\u015f\u0131p her \u015feyi ayr\u0131nt\u0131l\u0131 konu\u015fabilmek bence harika; \u00e7\u00fcnk\u00fc b\u00f6ylece g\u00fcven olu\u015fuyor. Zaten insan kolay kolay ameliyat olmuyor, bu y\u00fczden \u00f6n g\u00f6r\u00fc\u015fme ve planlama randevusunu \u00e7ok faydal\u0131 buldum. Ameliyat da sorunsuz ge\u00e7ti, sonras\u0131nda da a\u011fr\u0131 hissetmedim \u00e7\u00fcnk\u00fc a\u011fr\u0131 kesiciler vs. ile her \u015fey \u00f6nceden ayarlanm\u0131\u015ft\u0131. Hastanedeki t\u00fcm hizmetten \u00e7ok memnun kald\u0131m; hem\u015fireler her zaman yan\u0131mdayd\u0131 ve \u00e7ok iyi ilgilendiler. Maslak\u2019taki Ac\u0131badem ger\u00e7ekten \u00e7ok modern bir hastane ve \u00e7ok bak\u0131ml\u0131. Burun ameliyat\u0131 \u00f6ncesi biraz korkmu\u015ftum ve \u00e7ok gergindim ama her \u015fey \u00e7ok iyi ge\u00e7ti ve ameliyattan sonra da kendimi asl\u0131nda \u00e7ok iyi hissettim. Ameliyat \u00f6ncesi doktorum Dr. S. Yazar\u2019\u0131 g\u00f6r\u00fcp her \u015feyi tekrar konu\u015fabilmek korkumu biraz azaltm\u0131\u015ft\u0131. MedicalTravel\u2019\u0131 kesinlikle \u00e7ok tavsiye edebilirim. \u0130stanbul\u2019daki Le Meridien otelimiz Etiler\u2019deydi, yani hastaneye \u00e7ok uzak de\u011fildi. Ger\u00e7ekten \u00e7ok iyi bir oteldi. Hastanenin servis hizmeti her zaman tam zaman\u0131nda otelimden al\u0131p ameliyattan sonra tekrar otele g\u00f6t\u00fcrd\u00fc. Yani m\u00fckemmel bir hizmetti. Yani Ac\u0131badem Hastanesi\u2019nden Tolga, beni her zaman kar\u015f\u0131layan, her \u015feyi a\u00e7\u0131klayan ve organize eden ki\u015fi, her zaman ula\u015f\u0131labilir ve \u00e7ok yard\u0131mc\u0131yd\u0131. Bu sayede hi\u00e7 uzun s\u00fcre beklemek zorunda kalmad\u0131m. Her \u015fey \u00e7ok iyi organize edilmi\u015fti. \u0130stanbul\u2019da hava s\u0131cak oldu\u011fu i\u00e7in ameliyattan sonra biraz dikkatli olmam gerekti; \u00e7\u00fcnk\u00fc y\u00fcz\u00fcm \u00e7ok \u015fi\u015fmi\u015f ve morarm\u0131\u015ft\u0131. Ama otelden ald\u0131\u011f\u0131m so\u011fuk pedler ve buz k\u00fcpleriyle iyi \u015fekilde so\u011futma yapabildim, b\u00f6ylece \u015fi\u015flikler 4-5 g\u00fcn i\u00e7inde olduk\u00e7a azald\u0131. Yani yaz\u0131n burun ameliyat\u0131 yapt\u0131rmak gayet m\u00fcmk\u00fcn. Bug\u00fcn burun ameliyat\u0131ndan 6 hafta ge\u00e7ti ve sonu\u00e7tan \u00e7ok memnunum. \u015ei\u015fliklerin \u00e7o\u011fu ge\u00e7ti, hala biraz s\u00fcm\u00fck olu\u015fuyor ama art\u0131k \u00e7ok daha iyi hissediliyor. Burnumdan normal \u015fekilde nefes alabiliyorum ve kabuklanma neredeyse olu\u015fmuyor. Tabii burun i\u00e7 duvar\u0131 h\u00e2l\u00e2 biraz \u015fi\u015f, ama doktoruma g\u00f6re burnun tamamen iyile\u015fmesi 6 ay hatta 1 y\u0131la kadar s\u00fcrebilir. T\u00fcm organizasyon i\u00e7in MedicalTravel\u2019a ve t\u00fcm doktor ekibine te\u015fekk\u00fcr ediyorum. Sayg\u0131lar\u0131mla Yildiz Sinekli \u00d6nceki Rapor Sonraki Rapor<\/p>\n","protected":false},"author":4,"featured_media":0,"parent":4603,"menu_order":0,"comment_status":"closed","ping_status":"closed","template":"","meta":{"_joinchat":[],"footnotes":""},"class_list":["post-4699","page","type-page","status-publish","hentry"],"acf":[],"_links":{"self":[{"href":"https:\/\/medicaltravel.at\/tr\/wp-json\/wp\/v2\/pages\/4699","targetHints":{"allow":["GET"]}}],"collection":[{"href":"https:\/\/medicaltravel.at\/tr\/wp-json\/wp\/v2\/pages"}],"about":[{"href":"https:\/\/medicaltravel.at\/tr\/wp-json\/wp\/v2\/types\/page"}],"author":[{"embeddable":true,"href":"https:\/\/medicaltravel.at\/tr\/wp-json\/wp\/v2\/users\/4"}],"replies":[{"embeddable":true,"href":"https:\/\/medicaltravel.at\/tr\/wp-json\/wp\/v2\/comments?post=4699"}],"version-history":[{"count":3,"href":"https:\/\/medicaltravel.at\/tr\/wp-json\/wp\/v2\/pages\/4699\/revisions"}],"predecessor-version":[{"id":5474,"href":"https:\/\/medicaltravel.at\/tr\/wp-json\/wp\/v2\/pages\/4699\/revisions\/5474"}],"up":[{"embeddable":true,"href":"https:\/\/medicaltravel.at\/tr\/wp-json\/wp\/v2\/pages\/4603"}],"wp:attachment":[{"href":"https:\/\/medicaltravel.at\/tr\/wp-json\/wp\/v2\/media?parent=4699"}],"curies":[{"name":"wp","href":"https:\/\/api.w.org\/{rel}","templated":true}]}}