{"id":4697,"date":"2025-09-27T21:14:58","date_gmt":"2025-09-27T20:14:58","guid":{"rendered":"https:\/\/medicaltravel.at\/hasta-hikayeleri\/erfahrungsberichte-behandlungen-tuerkei\/istanbulda-liposuction-aksiyonum-05-subat-2018-pazartesi-guenue-yazilmis-deneyim-yazisi\/"},"modified":"2026-01-13T14:23:03","modified_gmt":"2026-01-13T13:23:03","slug":"istanbulda-liposuction-aksiyonum-05-subat-2018-pazartesi-guenue-yazilmis-deneyim-yazisi","status":"publish","type":"page","link":"https:\/\/medicaltravel.at\/tr\/hasta-hikayeleri\/erfahrungsberichte-behandlungen-tuerkei\/istanbulda-liposuction-aksiyonum-05-subat-2018-pazartesi-guenue-yazilmis-deneyim-yazisi\/","title":{"rendered":"\u0130STANBUL\u2019DA LIPOSUCTION AKS\u0130YONUM \u2013 05 \u015eubat 2018 Pazartesi g\u00fcn\u00fc yaz\u0131lm\u0131\u015f deneyim yaz\u0131s\u0131"},"content":{"rendered":"\n<p><strong>\u0130STANBUL\u2019DA LIPOSUCTION AKS\u0130YONUM<\/strong> \u2013 05 \u015eubat 2018 Pazartesi g\u00fcn\u00fc yaz\u0131lm\u0131\u015f deneyim yaz\u0131s\u0131<\/p>\n\n\n\n<p>\u0130stanbul&#8217; da Liposuction G\u00fcnlerim<\/p>\n\n\n\n<p>Liposuction ile ilgili MedicalTravel\u2019den Bay Kara\u2019ya yapt\u0131\u011f\u0131m ba\u015fvurudan 4 hafta sonra her \u015fey netle\u015fmi\u015fti ve geri d\u00f6n\u00fc\u015f yoktu.<\/p>\n\n\n\n<p>Pazar, 7 Ocak 2018.<br>Z\u00fcrih Havaliman\u0131\u2019na hareket. U\u00e7a\u011f\u0131m\u0131z 11:45\u2019te kalkt\u0131. \u0130stanbul\u2019a var\u0131\u015f yakla\u015f\u0131k 17:00 (saat fark\u0131). Annem, moral destek i\u00e7in yan\u0131mda.   <\/p>\n\n\n\n<p>Havaliman\u0131na var\u0131p bagaj\u0131m\u0131z\u0131 ald\u0131ktan sonra Ac\u0131badem\u2019in helpdesk\u2019ine gittik. \u0130ki han\u0131m taraf\u0131ndan nazik\u00e7e kar\u015f\u0131land\u0131k ve bir s\u00fcre oturmam\u0131z istendi, \u015fof\u00f6r hemen gelecekti. 10 dakika sonra otob\u00fcye binmi\u015f ve Levent Otel\u2019e do\u011fru yolda idik.  <\/p>\n\n\n\n<p>Seyahatten biraz yorgun olarak odam\u0131za \u00e7\u0131kt\u0131k. G\u00f6steri\u015fli bir \u015fey yoktu ama her \u015fey temiz ve d\u00fczenliydi. Operasyon \u00f6ncesi son gece. <\/p>\n\n\n\n<p>Pazartesi, 8 Ocak 2018<br>Saat 07:15\u2019te al\u0131nmam\u0131z planlanm\u0131\u015ft\u0131, ancak 07:00\u2019de odadaki telefonumuz \u00e7ald\u0131 ve \u015fof\u00f6r\u00fcn \u00e7oktan geldi\u011fi s\u00f6ylendi. Saat 07:30 civar\u0131nda Ac\u0131badem Taksim Hastanesi\u2019ne vard\u0131k. \u0130lk izlenim: WOW. San\u0131r\u0131m \u0130svi\u00e7re\u2019de bu kadar modern bir hastane bulmak i\u00e7in uzun s\u00fcre aramak gerekir.   <\/p>\n\n\n\n<p>Heyecanla bekleyerek resepsiyon alan\u0131nda oturduk ve bu s\u0131rada terc\u00fcman\u0131m\u0131z Kati ile tan\u0131\u015ft\u0131k. Yaz\u0131l\u0131 i\u015flemleri hallettikten sonra odam\u0131za gittik. Tek ki\u015filik oda, \u00e7ok modern ve \u00e7ok g\u00fczel. Aral\u0131klarla \u00e7e\u015fitli ki\u015filer u\u011frad\u0131: biri kan almak i\u00e7in, biri ameliyat k\u0131yafetini getirmek i\u00e7in, biri anesteziyle ilgili ve en sonunda operasyonu yapacak olan Bay Tatlidede geldi.    <\/p>\n\n\n\n<p>Sonra v\u00fccudumda renkler belirdi. \u00c7\u0131karmak istenilen b\u00f6lgelerin \u00fczerine daireler ve \u00e7izgiler \u00e7izildi. Olduk\u00e7a detayl\u0131 i\u015faretlemeler yap\u0131ld\u0131; \u00e7\u00fcnk\u00fc s\u0131rt, bel, kar\u0131n ve uyluklar \u00fczerinde operasyon yap\u0131lacakt\u0131.<br><br>Ard\u0131ndan, i\u015flemin ba\u015flamas\u0131n\u0131 beklemeye ba\u015flad\u0131k.  <\/p>\n\n\n\n<p>Saat yakla\u015f\u0131k 11:30\u2019da operasyon i\u00e7in al\u0131nd\u0131m ve daha ince bir hayata yolculu\u011fum resmen ba\u015flam\u0131\u015f oldu.<br><br>17:30 civar\u0131nda her \u015fey bitmi\u015fti ve \u201canestezi sayesinde\u201d hi\u00e7bir \u015fey hissetmedim. Geceyi hastanede ge\u00e7irdik (annem odadaki yatakl\u0131 kanepede benimle kalabildi). <\/p>\n\n\n\n<p>Sal\u0131, 9 Ocak 2018<br>Gece biraz zorlu ge\u00e7ti ve yeterince uyuyamad\u0131m. Oturmak ya da kalkmak en sevdi\u011fim \u015feyler de\u011fildi. Olduk\u00e7a a\u011fr\u0131l\u0131 ve pek rahat de\u011fildi, ama g\u00fczel bir s\u00f6z vard\u0131r: G\u00dcZELL\u0130K ACIDAN GE\u00c7ER.  <\/p>\n\n\n\n<p>Saat 10\u2019daki kontrol\u00fcn ard\u0131ndan otele d\u00f6nmeme izin verildi. Sevgili Kati, 20 dakika i\u00e7inde gelen bir taksi ayarlad\u0131.  <\/p>\n\n\n\n<p>Otele geri d\u00f6nd\u00fc\u011f\u00fcm\u00fczde tek istedi\u011fim yatmak oldu. \u00c7\u00fcnk\u00fc yatmak, a\u011fr\u0131s\u0131z ve en rahat pozisyondu.<br>Kan dola\u015f\u0131m\u0131n\u0131 biraz canland\u0131rmak i\u00e7in yak\u0131ndaki al\u0131\u015fveri\u015f merkezine gidip biraz al\u0131\u015fveri\u015f yapt\u0131k.<br>Y\u00fcr\u00fcyebiliyordum, ama sadece yava\u015f yava\u015f. <\/p>\n\n\n\n<p>Kahvalt\u0131 ve ak\u015fam yeme\u011fini otelde ald\u0131k. \u00c7ar\u015famba ve Per\u015fembe g\u00fcnlerini otelde ge\u00e7irdik ve oradan baz\u0131 yerlere gezmeye \u00e7\u0131kt\u0131k. \u00d6rne\u011fin, metro ile Taksim Meydan\u0131\u2019na gittik ve ard\u0131ndan \u00e7ar\u015f\u0131ya u\u011frad\u0131k.  <\/p>\n\n\n\n<p>Cuma, 12 Ocak 2018<br>D\u00f6n\u00fc\u015f u\u00e7u\u015fu \u00f6ncesi Bay Tatlidede\u2019de son kontrol. Sonu\u00e7tan \u00e7ok memnundu ve Cumartesi g\u00fcn\u00fc d\u00f6n\u00fc\u015f u\u00e7u\u015fu i\u00e7in onay verdi. <\/p>\n\n\n\n<p>Cumartesi, 13 Ocak 2018<br>D\u00f6n\u00fc\u015f u\u00e7u\u015fumuz ancak 21:00 civar\u0131ndayd\u0131. Otelden havaalan\u0131na transferimiz 17:30\u2019du.<br>Oday\u0131 ise 12:00\u2019de bo\u015faltmam\u0131z gerekiyordu. San\u0131r\u0131m bu, bu seyahatle ilgili s\u00f6yleyebilece\u011fim tek olumsuz \u015feydi. \u00c7\u00fcnk\u00fc 12:00\u2019den 17:30\u2019a kadar lobide oturup beklemek olduk\u00e7a uzun bir s\u00fcreydi ve oturmak da pek rahat de\u011fildi. Bizce, t\u0131pk\u0131 bizim gibi ak\u015fam u\u00e7a\u011f\u0131yla d\u00f6necek olanlar i\u00e7in odan\u0131n Cumartesi g\u00fcn\u00fc t\u00fcm g\u00fcn kullan\u0131labilmesi daha iyi olurdu.     <\/p>\n\n\n\n<p>T\u00fcm seyahat tam bir ba\u015far\u0131yd\u0131 ve sonu\u00e7tan fazlas\u0131yla memnunum. Harika g\u00f6r\u00fcn\u00fcyor ve \u0130stanbul\u2019da bir estetik ameliyatla ilgili \u015f\u00fcphesi olan herkese \u015funu s\u00f6yleyebilirim: Bu \u015f\u00fcphelerin hi\u00e7bir temeli yok ve estetik ameliyat yapt\u0131rmak isteyen herkese kesinlikle tavsiye ederim. <\/p>\n\n\n\n<p>Sevgilerimle<br>Selina Zwinggi<\/p>\n\n\n\n<div class=\"wp-block-group is-layout-grid wp-container-core-group-is-layout-baef362d wp-block-group-is-layout-grid\">\n<p><a href=\"https:\/\/medicaltravel.at\/home\/agb\/\" data-type=\"page\" data-id=\"2191\"><\/a><a href=\"https:\/\/medicaltravel.at\/tr\/hasta-hikayeleri\/erfahrungsberichte-behandlungen-tuerkei\/istanbuldaki-dis-kaplama-tedavim-07-subat-2018-carsamba-guenue-deneyimim\/\" data-type=\"link\" data-id=\"https:\/\/medicaltravel.at\/tr\/hasta-hikayeleri\/erfahrungsberichte-behandlungen-tuerkei\/istanbuldaki-dis-kaplama-tedavim-07-subat-2018-carsamba-guenue-deneyimim\/\">\u00d6nceki Rapor<\/a><\/p>\n\n\n\n<p class=\"has-text-align-right wp-container-content-5e2576f9\"><a href=\"https:\/\/medicaltravel.at\/home\/impressum\/\" data-type=\"page\" data-id=\"2193\"><\/a><a href=\"https:\/\/medicaltravel.at\/home\/berichte-von-patienten\/erfahrungsberichte\/erfahrungsbericht-zahnbehandlung-in-istanbul\/\" data-type=\"page\" data-id=\"981\"><\/a><a href=\"https:\/\/medicaltravel.at\/tr\/hasta-hikayeleri\/erfahrungsberichte-behandlungen-tuerkei\/istanbulda-goez-kapagi-duezeltme-deneyimim-19-aralik-2017-sali-tarihli-rapor\/\" data-type=\"link\" data-id=\"https:\/\/medicaltravel.at\/berichte-von-patienten\/erfahrungsberichte\/meine-augenlidkorrektur-in-bodrum-bericht-vom-dienstag-19-dezember-2017\/\">Sonraki Rapor<\/a><\/p>\n<\/div>\n","protected":false},"excerpt":{"rendered":"<p>\u0130STANBUL\u2019DA LIPOSUCTION AKS\u0130YONUM \u2013 05 \u015eubat 2018 Pazartesi g\u00fcn\u00fc yaz\u0131lm\u0131\u015f deneyim yaz\u0131s\u0131 \u0130stanbul&#8217; da Liposuction G\u00fcnlerim Liposuction ile ilgili MedicalTravel\u2019den Bay Kara\u2019ya yapt\u0131\u011f\u0131m ba\u015fvurudan 4 hafta sonra her \u015fey netle\u015fmi\u015fti ve geri d\u00f6n\u00fc\u015f yoktu. Pazar, 7 Ocak 2018.Z\u00fcrih Havaliman\u0131\u2019na hareket. U\u00e7a\u011f\u0131m\u0131z 11:45\u2019te kalkt\u0131. \u0130stanbul\u2019a var\u0131\u015f yakla\u015f\u0131k 17:00 (saat fark\u0131). Annem, moral destek i\u00e7in yan\u0131mda. Havaliman\u0131na var\u0131p bagaj\u0131m\u0131z\u0131 ald\u0131ktan sonra Ac\u0131badem\u2019in helpdesk\u2019ine gittik. \u0130ki han\u0131m taraf\u0131ndan nazik\u00e7e kar\u015f\u0131land\u0131k ve bir s\u00fcre oturmam\u0131z istendi, \u015fof\u00f6r hemen gelecekti. 10 dakika sonra otob\u00fcye binmi\u015f ve Levent Otel\u2019e do\u011fru yolda idik. Seyahatten biraz yorgun olarak odam\u0131za \u00e7\u0131kt\u0131k. G\u00f6steri\u015fli bir \u015fey yoktu ama her \u015fey temiz ve d\u00fczenliydi. Operasyon \u00f6ncesi son gece. Pazartesi, 8 Ocak 2018Saat 07:15\u2019te al\u0131nmam\u0131z planlanm\u0131\u015ft\u0131, ancak 07:00\u2019de odadaki telefonumuz \u00e7ald\u0131 ve \u015fof\u00f6r\u00fcn \u00e7oktan geldi\u011fi s\u00f6ylendi. Saat 07:30 civar\u0131nda Ac\u0131badem Taksim Hastanesi\u2019ne vard\u0131k. \u0130lk izlenim: WOW. San\u0131r\u0131m \u0130svi\u00e7re\u2019de bu kadar modern bir hastane bulmak i\u00e7in uzun s\u00fcre aramak gerekir. Heyecanla bekleyerek resepsiyon alan\u0131nda oturduk ve bu s\u0131rada terc\u00fcman\u0131m\u0131z Kati ile tan\u0131\u015ft\u0131k. Yaz\u0131l\u0131 i\u015flemleri hallettikten sonra odam\u0131za gittik. Tek ki\u015filik oda, \u00e7ok modern ve \u00e7ok g\u00fczel. Aral\u0131klarla \u00e7e\u015fitli ki\u015filer u\u011frad\u0131: biri kan almak i\u00e7in, biri ameliyat k\u0131yafetini getirmek i\u00e7in, biri anesteziyle ilgili ve en sonunda operasyonu yapacak olan Bay Tatlidede geldi. Sonra v\u00fccudumda renkler belirdi. \u00c7\u0131karmak istenilen b\u00f6lgelerin \u00fczerine daireler ve \u00e7izgiler \u00e7izildi. Olduk\u00e7a detayl\u0131 i\u015faretlemeler yap\u0131ld\u0131; \u00e7\u00fcnk\u00fc s\u0131rt, bel, kar\u0131n ve uyluklar \u00fczerinde operasyon yap\u0131lacakt\u0131. Ard\u0131ndan, i\u015flemin ba\u015flamas\u0131n\u0131 beklemeye ba\u015flad\u0131k. Saat yakla\u015f\u0131k 11:30\u2019da operasyon i\u00e7in al\u0131nd\u0131m ve daha ince bir hayata yolculu\u011fum resmen ba\u015flam\u0131\u015f oldu. 17:30 civar\u0131nda her \u015fey bitmi\u015fti ve \u201canestezi sayesinde\u201d hi\u00e7bir \u015fey hissetmedim. Geceyi hastanede ge\u00e7irdik (annem odadaki yatakl\u0131 kanepede benimle kalabildi). Sal\u0131, 9 Ocak 2018Gece biraz zorlu ge\u00e7ti ve yeterince uyuyamad\u0131m. Oturmak ya da kalkmak en sevdi\u011fim \u015feyler de\u011fildi. Olduk\u00e7a a\u011fr\u0131l\u0131 ve pek rahat de\u011fildi, ama g\u00fczel bir s\u00f6z vard\u0131r: G\u00dcZELL\u0130K ACIDAN GE\u00c7ER. Saat 10\u2019daki kontrol\u00fcn ard\u0131ndan otele d\u00f6nmeme izin verildi. Sevgili Kati, 20 dakika i\u00e7inde gelen bir taksi ayarlad\u0131. Otele geri d\u00f6nd\u00fc\u011f\u00fcm\u00fczde tek istedi\u011fim yatmak oldu. \u00c7\u00fcnk\u00fc yatmak, a\u011fr\u0131s\u0131z ve en rahat pozisyondu.Kan dola\u015f\u0131m\u0131n\u0131 biraz canland\u0131rmak i\u00e7in yak\u0131ndaki al\u0131\u015fveri\u015f merkezine gidip biraz al\u0131\u015fveri\u015f yapt\u0131k.Y\u00fcr\u00fcyebiliyordum, ama sadece yava\u015f yava\u015f. Kahvalt\u0131 ve ak\u015fam yeme\u011fini otelde ald\u0131k. \u00c7ar\u015famba ve Per\u015fembe g\u00fcnlerini otelde ge\u00e7irdik ve oradan baz\u0131 yerlere gezmeye \u00e7\u0131kt\u0131k. \u00d6rne\u011fin, metro ile Taksim Meydan\u0131\u2019na gittik ve ard\u0131ndan \u00e7ar\u015f\u0131ya u\u011frad\u0131k. Cuma, 12 Ocak 2018D\u00f6n\u00fc\u015f u\u00e7u\u015fu \u00f6ncesi Bay Tatlidede\u2019de son kontrol. Sonu\u00e7tan \u00e7ok memnundu ve Cumartesi g\u00fcn\u00fc d\u00f6n\u00fc\u015f u\u00e7u\u015fu i\u00e7in onay verdi. Cumartesi, 13 Ocak 2018D\u00f6n\u00fc\u015f u\u00e7u\u015fumuz ancak 21:00 civar\u0131ndayd\u0131. Otelden havaalan\u0131na transferimiz 17:30\u2019du.Oday\u0131 ise 12:00\u2019de bo\u015faltmam\u0131z gerekiyordu. San\u0131r\u0131m bu, bu seyahatle ilgili s\u00f6yleyebilece\u011fim tek olumsuz \u015feydi. \u00c7\u00fcnk\u00fc 12:00\u2019den 17:30\u2019a kadar lobide oturup beklemek olduk\u00e7a uzun bir s\u00fcreydi ve oturmak da pek rahat de\u011fildi. Bizce, t\u0131pk\u0131 bizim gibi ak\u015fam u\u00e7a\u011f\u0131yla d\u00f6necek olanlar i\u00e7in odan\u0131n Cumartesi g\u00fcn\u00fc t\u00fcm g\u00fcn kullan\u0131labilmesi daha iyi olurdu. T\u00fcm seyahat tam bir ba\u015far\u0131yd\u0131 ve sonu\u00e7tan fazlas\u0131yla memnunum. Harika g\u00f6r\u00fcn\u00fcyor ve \u0130stanbul\u2019da bir estetik ameliyatla ilgili \u015f\u00fcphesi olan herkese \u015funu s\u00f6yleyebilirim: Bu \u015f\u00fcphelerin hi\u00e7bir temeli yok ve estetik ameliyat yapt\u0131rmak isteyen herkese kesinlikle tavsiye ederim. SevgilerimleSelina Zwinggi \u00d6nceki Rapor Sonraki Rapor<\/p>\n","protected":false},"author":4,"featured_media":0,"parent":4603,"menu_order":0,"comment_status":"closed","ping_status":"closed","template":"","meta":{"_joinchat":[],"footnotes":""},"class_list":["post-4697","page","type-page","status-publish","hentry"],"acf":[],"_links":{"self":[{"href":"https:\/\/medicaltravel.at\/tr\/wp-json\/wp\/v2\/pages\/4697","targetHints":{"allow":["GET"]}}],"collection":[{"href":"https:\/\/medicaltravel.at\/tr\/wp-json\/wp\/v2\/pages"}],"about":[{"href":"https:\/\/medicaltravel.at\/tr\/wp-json\/wp\/v2\/types\/page"}],"author":[{"embeddable":true,"href":"https:\/\/medicaltravel.at\/tr\/wp-json\/wp\/v2\/users\/4"}],"replies":[{"embeddable":true,"href":"https:\/\/medicaltravel.at\/tr\/wp-json\/wp\/v2\/comments?post=4697"}],"version-history":[{"count":2,"href":"https:\/\/medicaltravel.at\/tr\/wp-json\/wp\/v2\/pages\/4697\/revisions"}],"predecessor-version":[{"id":5757,"href":"https:\/\/medicaltravel.at\/tr\/wp-json\/wp\/v2\/pages\/4697\/revisions\/5757"}],"up":[{"embeddable":true,"href":"https:\/\/medicaltravel.at\/tr\/wp-json\/wp\/v2\/pages\/4603"}],"wp:attachment":[{"href":"https:\/\/medicaltravel.at\/tr\/wp-json\/wp\/v2\/media?parent=4697"}],"curies":[{"name":"wp","href":"https:\/\/api.w.org\/{rel}","templated":true}]}}