{"id":4695,"date":"2025-09-27T21:27:52","date_gmt":"2025-09-27T20:27:52","guid":{"rendered":"https:\/\/medicaltravel.at\/hasta-hikayeleri\/erfahrungsberichte-behandlungen-tuerkei\/istanbulda-burun-ameliyatim-tuerkiye-burun-ameliyati-deneyimi-03-kasim-2016-persembe-guenue-yazilmis-deneyim-yazisi\/"},"modified":"2026-01-13T14:33:28","modified_gmt":"2026-01-13T13:33:28","slug":"istanbulda-burun-ameliyatim-tuerkiye-burun-ameliyati-deneyimi-03-kasim-2016-persembe-guenue-yazilmis-deneyim-yazisi","status":"publish","type":"page","link":"https:\/\/medicaltravel.at\/tr\/hasta-hikayeleri\/erfahrungsberichte-behandlungen-tuerkei\/istanbulda-burun-ameliyatim-tuerkiye-burun-ameliyati-deneyimi-03-kasim-2016-persembe-guenue-yazilmis-deneyim-yazisi\/","title":{"rendered":"\u0130STANBUL\u2019DA BURUN AMEL\u0130YATIM \u2013 T\u00dcRK\u0130YE BURUN AMEL\u0130YATI DENEY\u0130M\u0130 \u2013 03 Kas\u0131m 2016 Per\u015fembe g\u00fcn\u00fc yaz\u0131lm\u0131\u015f deneyim yaz\u0131s\u0131"},"content":{"rendered":"\n<p><strong>\u0130STANBUL\u2019DA BURUN AMEL\u0130YATIM \u2013 T\u00dcRK\u0130YE BURUN AMEL\u0130YATI DENEY\u0130M\u0130 <\/strong>\u2013 03 Kas\u0131m 2016 Per\u015fembe g\u00fcn\u00fc yaz\u0131lm\u0131\u015f deneyim yaz\u0131s\u0131<\/p>\n\n<figure class=\"wp-block-image size-full\"><img decoding=\"async\" width=\"68\" height=\"90\" src=\"https:\/\/medicaltravel.at\/wp-content\/uploads\/2025\/09\/csm_Fotolia_47228584_L_Nase_6f664a7d10.jpg\" alt=\"\" class=\"wp-image-1045\"\/><\/figure>\n\n<p>Uzun s\u00fcredir burnumu bir ameliyatla g\u00fczelle\u015ftirme d\u00fc\u015f\u00fcncesi ta\u015f\u0131yordum. Ancak \u0130svi\u00e7re\u2019deki fiyatlar \u00e7ok y\u00fcksek oldu\u011fundan bu fikirden \u00e7abucak vazge\u00e7tim. <\/p>\n\n<p>T\u00fcrkiye\u2019de g\u00f6z lazeri yapt\u0131ran bir arkada\u015f\u0131m, bana T\u00fcrkiye\u2019deki f\u0131rsatlar\u0131 ara\u015ft\u0131rma fikrini verdi. Yurtd\u0131\u015f\u0131nda estetik operasyonlar organize eden birka\u00e7 ajansla ileti\u015fime ge\u00e7tikten sonra, Medical Travel ve \u0130stanbul\u2019daki sorumlu cerrah ile \u0130svi\u00e7re\u2019de \u00fccretsiz bir dan\u0131\u015fma g\u00f6r\u00fc\u015fmesi ayarlad\u0131m. Bana s\u00fcre\u00e7 ve riskler detayl\u0131 bir \u015fekilde a\u00e7\u0131kland\u0131.  <\/p>\n\n<p>Sonras\u0131nda operasyonu yapt\u0131rmaya kesin olarak karar verdim. MedicalTravel \u00fczerinden organizasyon hem kolay hem de sorunsuzdu. <\/p>\n\n<p>5 ay sonra, operasyon \u00f6ncesi bir g\u00fcn \u0130stanbul\u2019a geldim. Havaalan\u0131ndan al\u0131narak do\u011frudan otele g\u00f6t\u00fcr\u00fcld\u00fck. T\u00fcm transferler (havaalan\u0131-otel-hastane) organize edilmi\u015fti. Hastaneye vard\u0131\u011f\u0131mda hemen tek ki\u015filik odama yerle\u015ftirildim. Baz\u0131 tetkikler yap\u0131ld\u0131 ve \u00e7e\u015fitli anketler dolduruldu. Ard\u0131ndan yakla\u015f\u0131k 5 saat bekledim; sonras\u0131nda doktorumla tekrar g\u00f6r\u00fc\u015ft\u00fcm ve hemen ard\u0131ndan ameliyathane odas\u0131na al\u0131nd\u0131m.    <\/p>\n\n<p>Yakla\u015f\u0131k 4 saat sonra tekrar odama d\u00f6nd\u00fcm. Neyse ki a\u011fr\u0131m yoktu ve durumuma g\u00f6re kendimi iyi hissediyordum. Hem\u015fireler \u00e7ok iyi ilgilendiler. \u00c7ok fazla \u015fi\u015flik ya\u015fad\u0131\u011f\u0131m i\u00e7in doktorum, hastanede 2 gece kalmam\u0131 \u00f6nerdi; orada iyi bak\u0131laca\u011f\u0131m\u0131 ve \u015fi\u015fliklerin \u00fc\u00e7\u00fcnc\u00fc g\u00fcne kadar daha da artabilece\u011fini \u00f6ng\u00f6r\u00fcyordu. Maalesef \u00f6yle de oldu. Hastanede bir gece daha kalmak sorun olmad\u0131. \u0130yi bak\u0131ld\u0131m ve hatta refakat\u00e7ime de yemek verildi.      <\/p>\n\n<p>Be\u015finci g\u00fcn, tamponlar\u0131n \u00e7\u0131kar\u0131lmas\u0131 i\u00e7in doktor randevum vard\u0131 ve ayr\u0131laca\u011f\u0131m g\u00fcn al\u00e7\u0131 \u00e7\u0131kar\u0131ld\u0131, diki\u015fler al\u0131nd\u0131. Ard\u0131ndan kendimi aynada g\u00f6rebildim. Bu noktada hen\u00fcz sevinemedim, her \u015fey h\u00e2l\u00e2 \u015fi\u015fti ve morluklarla kapl\u0131yd\u0131. Doktor bana yeni bir al\u00e7\u0131 yapt\u0131; bunu bir hafta sonra evde kendim \u00e7\u0131karabildim.   <\/p>\n\n<p>Ameliyattan 2 hafta sonra, burnuma tekrar aynada bakt\u0131\u011f\u0131mda h\u00e2l\u00e2 \u015foktayd\u0131m ve tam olarak al\u0131\u015famam\u0131\u015ft\u0131m. Burun s\u0131rt\u0131 ve burun ucu h\u00e2l\u00e2 \u015fi\u015f ve sertti. G\u00f6zlerimin alt\u0131ndaki hafif morluklarla da u\u011fra\u015f\u0131yordum.  <\/p>\n\n<p>Ameliyattan bu yana art\u0131k 4 hafta ge\u00e7ti. Burnuma yava\u015f yava\u015f al\u0131\u015ft\u0131m. Burun g\u00fcnl\u00fck hayatta gayet normal g\u00f6r\u00fcn\u00fcyor. Ancak insan kendine kar\u015f\u0131 \u00e7ok daha ele\u015ftirel oldu\u011fu i\u00e7in, h\u00e2l\u00e2 beni rahats\u0131z eden baz\u0131 \u015feyler var; bunlar tabii ki en az 3 ay s\u00fcren \u015fi\u015fliklerle ilgili (ama sadece kendi ele\u015ftirel bak\u0131\u015f\u0131n\u0131z fark ediyor). Yine de burun, ameliyat \u00f6ncesine g\u00f6re \u00e7ok daha iyi g\u00f6r\u00fcn\u00fcyor.    <\/p>\n\n<p>Sorular\u0131m veya endi\u015felerim oldu\u011funda doktoruma e-posta yoluyla ula\u015fabiliyorum. \u00c7ok h\u0131zl\u0131 yan\u0131t veriyor ve her zaman cevaplarla haz\u0131r bulunuyor. <\/p>\n\n<p>\u015eimdi ise iyile\u015fme s\u00fcrecimin tamamlanmas\u0131n\u0131 ve nihai sonucu g\u00f6rebilmeyi beklemek i\u00e7in \u00e7ok sab\u0131rl\u0131 olmam gerekiyor. \ud83d\ude42<\/p>\n\n<p>Her zaman tekrar T\u00fcrkiye\u2019de bir operasyon yapt\u0131r\u0131r\u0131m; herkes \u00e7ok nazik ve ilgililerdi. Ayr\u0131ca \u0130stanbul\u2019daki zaman\u0131m boyunca MedicalTravel\u2019e her an ula\u015fabiliyordum. <\/p>\n\n<p>\u00c7ok Te\u015fekk\u00fcr Ederim. J. Heer <\/p>\n\n<div class=\"wp-block-group is-layout-grid wp-container-core-group-is-layout-baef362d wp-block-group-is-layout-grid\">\n<p><a href=\"https:\/\/medicaltravel.at\/home\/agb\/\" data-type=\"page\" data-id=\"2191\"><\/a><a href=\"https:\/\/medicaltravel.at\/tr\/hasta-hikayeleri\/erfahrungsberichte-behandlungen-tuerkei\/istanbulda-sac-ekimi-deneyim-raporu-28-aralik-2016-carsamba-tarihli-rapor\/\" data-type=\"link\" data-id=\"https:\/\/medicaltravel.at\/berichte-von-patienten\/erfahrungsberichte\/erfahrungsbericht-haartransplantation-in-istanbul-bericht-vom-mittwoch-28-dezember-2016\/\">\u00d6nceki Rapor<\/a><\/p>\n\n\n\n<p class=\"has-text-align-right wp-container-content-5e2576f9\"><a href=\"https:\/\/medicaltravel.at\/home\/impressum\/\" data-type=\"page\" data-id=\"2193\"><\/a><a href=\"https:\/\/medicaltravel.at\/home\/berichte-von-patienten\/erfahrungsberichte\/erfahrungsbericht-zahnbehandlung-in-istanbul\/\" data-type=\"page\" data-id=\"981\"><\/a><a href=\"https:\/\/medicaltravel.at\/tr\/hasta-hikayeleri\/erfahrungsberichte-behandlungen-tuerkei\/antalyada-goez-kapagi-germe-deneyim-raporu-31-ekim-2016-pazartesi-guenue-raporu\/\" data-type=\"link\" data-id=\"https:\/\/medicaltravel.at\/berichte-von-patienten\/erfahrungsberichte\/augenlidstraffung-in-antalya-erfahrungsericht-bericht-vom-montag-31-oktober-2016\/\">Sonraki Rapor<\/a><\/p>\n<\/div>\n","protected":false},"excerpt":{"rendered":"<p>\u0130STANBUL\u2019DA BURUN AMEL\u0130YATIM \u2013 T\u00dcRK\u0130YE BURUN AMEL\u0130YATI DENEY\u0130M\u0130 \u2013 03 Kas\u0131m 2016 Per\u015fembe g\u00fcn\u00fc yaz\u0131lm\u0131\u015f deneyim yaz\u0131s\u0131 Uzun s\u00fcredir burnumu bir ameliyatla g\u00fczelle\u015ftirme d\u00fc\u015f\u00fcncesi ta\u015f\u0131yordum. Ancak \u0130svi\u00e7re\u2019deki fiyatlar \u00e7ok y\u00fcksek oldu\u011fundan bu fikirden \u00e7abucak vazge\u00e7tim. T\u00fcrkiye\u2019de g\u00f6z lazeri yapt\u0131ran bir arkada\u015f\u0131m, bana T\u00fcrkiye\u2019deki f\u0131rsatlar\u0131 ara\u015ft\u0131rma fikrini verdi. Yurtd\u0131\u015f\u0131nda estetik operasyonlar organize eden birka\u00e7 ajansla ileti\u015fime ge\u00e7tikten sonra, Medical Travel ve \u0130stanbul\u2019daki sorumlu cerrah ile \u0130svi\u00e7re\u2019de \u00fccretsiz bir dan\u0131\u015fma g\u00f6r\u00fc\u015fmesi ayarlad\u0131m. Bana s\u00fcre\u00e7 ve riskler detayl\u0131 bir \u015fekilde a\u00e7\u0131kland\u0131. Sonras\u0131nda operasyonu yapt\u0131rmaya kesin olarak karar verdim. MedicalTravel \u00fczerinden organizasyon hem kolay hem de sorunsuzdu. 5 ay sonra, operasyon \u00f6ncesi bir g\u00fcn \u0130stanbul\u2019a geldim. Havaalan\u0131ndan al\u0131narak do\u011frudan otele g\u00f6t\u00fcr\u00fcld\u00fck. T\u00fcm transferler (havaalan\u0131-otel-hastane) organize edilmi\u015fti. Hastaneye vard\u0131\u011f\u0131mda hemen tek ki\u015filik odama yerle\u015ftirildim. Baz\u0131 tetkikler yap\u0131ld\u0131 ve \u00e7e\u015fitli anketler dolduruldu. Ard\u0131ndan yakla\u015f\u0131k 5 saat bekledim; sonras\u0131nda doktorumla tekrar g\u00f6r\u00fc\u015ft\u00fcm ve hemen ard\u0131ndan ameliyathane odas\u0131na al\u0131nd\u0131m. Yakla\u015f\u0131k 4 saat sonra tekrar odama d\u00f6nd\u00fcm. Neyse ki a\u011fr\u0131m yoktu ve durumuma g\u00f6re kendimi iyi hissediyordum. Hem\u015fireler \u00e7ok iyi ilgilendiler. \u00c7ok fazla \u015fi\u015flik ya\u015fad\u0131\u011f\u0131m i\u00e7in doktorum, hastanede 2 gece kalmam\u0131 \u00f6nerdi; orada iyi bak\u0131laca\u011f\u0131m\u0131 ve \u015fi\u015fliklerin \u00fc\u00e7\u00fcnc\u00fc g\u00fcne kadar daha da artabilece\u011fini \u00f6ng\u00f6r\u00fcyordu. Maalesef \u00f6yle de oldu. Hastanede bir gece daha kalmak sorun olmad\u0131. \u0130yi bak\u0131ld\u0131m ve hatta refakat\u00e7ime de yemek verildi. Be\u015finci g\u00fcn, tamponlar\u0131n \u00e7\u0131kar\u0131lmas\u0131 i\u00e7in doktor randevum vard\u0131 ve ayr\u0131laca\u011f\u0131m g\u00fcn al\u00e7\u0131 \u00e7\u0131kar\u0131ld\u0131, diki\u015fler al\u0131nd\u0131. Ard\u0131ndan kendimi aynada g\u00f6rebildim. Bu noktada hen\u00fcz sevinemedim, her \u015fey h\u00e2l\u00e2 \u015fi\u015fti ve morluklarla kapl\u0131yd\u0131. Doktor bana yeni bir al\u00e7\u0131 yapt\u0131; bunu bir hafta sonra evde kendim \u00e7\u0131karabildim. Ameliyattan 2 hafta sonra, burnuma tekrar aynada bakt\u0131\u011f\u0131mda h\u00e2l\u00e2 \u015foktayd\u0131m ve tam olarak al\u0131\u015famam\u0131\u015ft\u0131m. Burun s\u0131rt\u0131 ve burun ucu h\u00e2l\u00e2 \u015fi\u015f ve sertti. G\u00f6zlerimin alt\u0131ndaki hafif morluklarla da u\u011fra\u015f\u0131yordum. Ameliyattan bu yana art\u0131k 4 hafta ge\u00e7ti. Burnuma yava\u015f yava\u015f al\u0131\u015ft\u0131m. Burun g\u00fcnl\u00fck hayatta gayet normal g\u00f6r\u00fcn\u00fcyor. Ancak insan kendine kar\u015f\u0131 \u00e7ok daha ele\u015ftirel oldu\u011fu i\u00e7in, h\u00e2l\u00e2 beni rahats\u0131z eden baz\u0131 \u015feyler var; bunlar tabii ki en az 3 ay s\u00fcren \u015fi\u015fliklerle ilgili (ama sadece kendi ele\u015ftirel bak\u0131\u015f\u0131n\u0131z fark ediyor). Yine de burun, ameliyat \u00f6ncesine g\u00f6re \u00e7ok daha iyi g\u00f6r\u00fcn\u00fcyor. Sorular\u0131m veya endi\u015felerim oldu\u011funda doktoruma e-posta yoluyla ula\u015fabiliyorum. \u00c7ok h\u0131zl\u0131 yan\u0131t veriyor ve her zaman cevaplarla haz\u0131r bulunuyor. \u015eimdi ise iyile\u015fme s\u00fcrecimin tamamlanmas\u0131n\u0131 ve nihai sonucu g\u00f6rebilmeyi beklemek i\u00e7in \u00e7ok sab\u0131rl\u0131 olmam gerekiyor. \ud83d\ude42 Her zaman tekrar T\u00fcrkiye\u2019de bir operasyon yapt\u0131r\u0131r\u0131m; herkes \u00e7ok nazik ve ilgililerdi. Ayr\u0131ca \u0130stanbul\u2019daki zaman\u0131m boyunca MedicalTravel\u2019e her an ula\u015fabiliyordum. \u00c7ok Te\u015fekk\u00fcr Ederim. J. Heer \u00d6nceki Rapor Sonraki Rapor<\/p>\n","protected":false},"author":4,"featured_media":0,"parent":4603,"menu_order":0,"comment_status":"closed","ping_status":"closed","template":"","meta":{"_joinchat":[],"footnotes":""},"class_list":["post-4695","page","type-page","status-publish","hentry"],"acf":[],"_links":{"self":[{"href":"https:\/\/medicaltravel.at\/tr\/wp-json\/wp\/v2\/pages\/4695","targetHints":{"allow":["GET"]}}],"collection":[{"href":"https:\/\/medicaltravel.at\/tr\/wp-json\/wp\/v2\/pages"}],"about":[{"href":"https:\/\/medicaltravel.at\/tr\/wp-json\/wp\/v2\/types\/page"}],"author":[{"embeddable":true,"href":"https:\/\/medicaltravel.at\/tr\/wp-json\/wp\/v2\/users\/4"}],"replies":[{"embeddable":true,"href":"https:\/\/medicaltravel.at\/tr\/wp-json\/wp\/v2\/comments?post=4695"}],"version-history":[{"count":1,"href":"https:\/\/medicaltravel.at\/tr\/wp-json\/wp\/v2\/pages\/4695\/revisions"}],"predecessor-version":[{"id":4696,"href":"https:\/\/medicaltravel.at\/tr\/wp-json\/wp\/v2\/pages\/4695\/revisions\/4696"}],"up":[{"embeddable":true,"href":"https:\/\/medicaltravel.at\/tr\/wp-json\/wp\/v2\/pages\/4603"}],"wp:attachment":[{"href":"https:\/\/medicaltravel.at\/tr\/wp-json\/wp\/v2\/media?parent=4695"}],"curies":[{"name":"wp","href":"https:\/\/api.w.org\/{rel}","templated":true}]}}