{"id":4692,"date":"2025-09-27T21:20:17","date_gmt":"2025-09-27T20:20:17","guid":{"rendered":"https:\/\/medicaltravel.at\/hasta-hikayeleri\/erfahrungsberichte-behandlungen-tuerkei\/istanbulda-dis-kaplama-tedavim-02-eyluel-2017-cumartesi-guenue-yazilmis-deneyim-yazisi\/"},"modified":"2026-01-13T14:27:50","modified_gmt":"2026-01-13T13:27:50","slug":"istanbulda-dis-kaplama-tedavim-02-eyluel-2017-cumartesi-guenue-yazilmis-deneyim-yazisi","status":"publish","type":"page","link":"https:\/\/medicaltravel.at\/tr\/hasta-hikayeleri\/erfahrungsberichte-behandlungen-tuerkei\/istanbulda-dis-kaplama-tedavim-02-eyluel-2017-cumartesi-guenue-yazilmis-deneyim-yazisi\/","title":{"rendered":"\u0130STANBUL\u2019DA D\u0130\u015e KAPLAMA TEDAV\u0130M \u2013 02 Eyl\u00fcl 2017 Cumartesi g\u00fcn\u00fc yaz\u0131lm\u0131\u015f deneyim yaz\u0131s\u0131"},"content":{"rendered":"\n<p>\u0130<strong>STANBUL\u2019DA D\u0130\u015e KAPLAMA TEDAV\u0130M<\/strong> \u2013 02 Eyl\u00fcl 2017 Cumartesi g\u00fcn\u00fc yaz\u0131lm\u0131\u015f deneyim yaz\u0131s\u0131<\/p>\n\n\n\n<p>Y\u0131llard\u0131r bruksizm (gece di\u015f g\u0131c\u0131rdatma) sorunu ya\u015f\u0131yorum. Ne yaz\u0131k ki belirgin bir di\u015f hekimi korkum da var. Di\u015flerim k\u0131r\u0131lgand\u0131 ve di\u015f g\u0131c\u0131rdatma nedeniyle olduk\u00e7a a\u015f\u0131nm\u0131\u015ft\u0131.  <\/p>\n\n\n\n<p>Bildi\u011fim i\u00e7in, burada \u0130svi\u00e7re\u2019de bir tedaviye maddi olarak g\u00fcc\u00fcm yetmeyecekti ve ayr\u0131ca \u0130svi\u00e7re\u2019de di\u015f hekimleriyle ilgili \u00e7ok, \u00e7ok k\u00f6t\u00fc ve a\u011fr\u0131l\u0131 deneyimler ya\u015fam\u0131\u015ft\u0131m, internetten bir alternatif aramaya ba\u015flad\u0131m.<\/p>\n\n\n\n<p>Orada MedicalTravel sitesini buldum. Okuduklar\u0131mda, bunun bir klinik oldu\u011funu g\u00f6rd\u00fcm ve benim i\u00e7in bir klinik demek, bana genel anestezi veya sedasyon da uygulayabilecekleri anlam\u0131na geliyordu. B\u00f6ylece MedicalTravel Merkezi ile ileti\u015fime ge\u00e7tim. Orada Bay Kara beni \u00e7ok nazik bir \u015fekilde kar\u015f\u0131lad\u0131 ve s\u00fcre\u00e7, gerekli olanlar vs. hakk\u0131nda her \u015feyi bana anlatt\u0131.    <\/p>\n\n\n\n<p>Ayr\u0131ca benim i\u00e7in bir randevu ayarlad\u0131, b\u00f6ylece \u0130svi\u00e7re\u2019de Fr. Dr. \u00d6zt\u00fcrk (benim doktorum) ile tan\u0131\u015fma f\u0131rsat\u0131m oldu. Bu g\u00f6r\u00fc\u015fme Zug Kantonu\u2019nda ger\u00e7ekle\u015fti. O zaman bile bana \u00e7ok sempatik geldi. \u00c7ok profesyonel g\u00f6r\u00fcn\u00fcyordu ve tedavi s\u00fcrecini benimle detayl\u0131 bir \u015fekilde g\u00f6r\u00fc\u015ft\u00fc. Ayr\u0131ca \u00f6nceki di\u015f tedavilerinin foto\u011fraflar\u0131n\u0131 g\u00f6sterdi ve t\u00fcm sorular\u0131m\u0131 ve endi\u015felerimi yan\u0131tlad\u0131. Bu da g\u00fcvenimi \u00e7ok art\u0131rd\u0131.      <\/p>\n\n\n\n<p>Yakla\u015f\u0131k 1,5 ay sonra, A\u011fustos 2017\u2019de \u0130stanbul\u2019a gittim. \u0130lk randevum ertesi sabah saat 9:00\u2019dayd\u0131. Klinik taraf\u0131ndan \u00e7ok nazik bir \u015fekilde kar\u015f\u0131land\u0131m. Terc\u00fcman\u0131m Burcu, Dr. \u00d6zt\u00fcrk\u2019e bir \u015fey sormak istedi\u011fimde veya ona bir \u015fey anlatmak istedi\u011fimde hep yan\u0131mdayd\u0131.     <\/p>\n\n\n\n<p>B\u00f6ylece \u0130stanbul\u2019daki 10 g\u00fcnl\u00fck konaklamam boyunca \u00e7ok say\u0131da di\u015f hekimi randevum oldu. Hatta genel anesteziye bile ihtiya\u00e7 duymad\u0131m. Korkum h\u00e2l\u00e2 tam olarak ge\u00e7memi\u015f olsa da, her zaman Dr. \u00d6zt\u00fcrk\u2019\u00fcn ellerinde g\u00fcvende hissettim. A\u011fr\u0131lar da her zaman olduk\u00e7a tolere edilebilirdi. T\u00fcm sorular\u0131m ve endi\u015felerim her zaman dikkate al\u0131nd\u0131.     <\/p>\n\n\n\n<p>Art\u0131k a\u011fz\u0131mda 25 yeni beyaz zirkonyum kron ve iki eksik ak\u0131l di\u015fi var. Ayr\u0131ca art\u0131k gece korumas\u0131 i\u00e7in bir \u00e7ene pla\u011f\u0131 da kullan\u0131yorum. <\/p>\n\n\n\n<p>Sonu\u00e7tan son derece memnun ve \u00e7ok mutluyum. Bu klini\u011fi (Acibadem), Dr. \u00d6zt\u00fcrk\u2019\u00fc ve MedicalTravel\u2019den Bay Kara\u2019y\u0131 t\u00fcm kalbimle herkese tavsiye edebilirim. <\/p>\n\n\n\n<p>Tekrar \u00e7ok te\u015fekk\u00fcr ederim<\/p>\n\n\n\n<p>Karin Schafer<\/p>\n\n\n\n<div class=\"wp-block-group is-layout-grid wp-container-core-group-is-layout-baef362d wp-block-group-is-layout-grid\">\n<p><a href=\"https:\/\/medicaltravel.at\/home\/agb\/\" data-type=\"page\" data-id=\"2191\"><\/a><a href=\"https:\/\/medicaltravel.at\/tr\/hasta-hikayeleri\/erfahrungsberichte-behandlungen-tuerkei\/istanbulda-burun-duezeltme-ameliyatim-tuerkiye-04-eyluel-2017-pazartesi-guenue-yazilmis-deneyim-yazisi\/\" data-type=\"link\" data-id=\"https:\/\/medicaltravel.at\/tr\/hasta-hikayeleri\/erfahrungsberichte-behandlungen-tuerkei\/istanbulda-burun-duezeltme-ameliyatim-tuerkiye-04-eyluel-2017-pazartesi-guenue-yazilmis-deneyim-yazisi\/\">\u00d6nceki Rapor<\/a><\/p>\n\n\n\n<p class=\"has-text-align-right wp-container-content-5e2576f9\"><a href=\"https:\/\/medicaltravel.at\/home\/impressum\/\" data-type=\"page\" data-id=\"2193\"><\/a><a href=\"https:\/\/medicaltravel.at\/home\/berichte-von-patienten\/erfahrungsberichte\/erfahrungsbericht-zahnbehandlung-in-istanbul\/\" data-type=\"page\" data-id=\"981\"><\/a><a href=\"https:\/\/medicaltravel.at\/tr\/hasta-hikayeleri\/erfahrungsberichte-behandlungen-tuerkei\/istanbuldaki-dis-kaplamasi-tedavim-09-temmuz-2017-pazar-guenue-deneyimim\/\" data-type=\"link\" data-id=\"https:\/\/medicaltravel.at\/tr\/hasta-hikayeleri\/erfahrungsberichte-behandlungen-tuerkei\/istanbuldaki-dis-kaplamasi-tedavim-09-temmuz-2017-pazar-guenue-deneyimim\/\">Sonraki Rapor<\/a><\/p>\n<\/div>\n","protected":false},"excerpt":{"rendered":"<p>\u0130STANBUL\u2019DA D\u0130\u015e KAPLAMA TEDAV\u0130M \u2013 02 Eyl\u00fcl 2017 Cumartesi g\u00fcn\u00fc yaz\u0131lm\u0131\u015f deneyim yaz\u0131s\u0131 Y\u0131llard\u0131r bruksizm (gece di\u015f g\u0131c\u0131rdatma) sorunu ya\u015f\u0131yorum. Ne yaz\u0131k ki belirgin bir di\u015f hekimi korkum da var. Di\u015flerim k\u0131r\u0131lgand\u0131 ve di\u015f g\u0131c\u0131rdatma nedeniyle olduk\u00e7a a\u015f\u0131nm\u0131\u015ft\u0131. Bildi\u011fim i\u00e7in, burada \u0130svi\u00e7re\u2019de bir tedaviye maddi olarak g\u00fcc\u00fcm yetmeyecekti ve ayr\u0131ca \u0130svi\u00e7re\u2019de di\u015f hekimleriyle ilgili \u00e7ok, \u00e7ok k\u00f6t\u00fc ve a\u011fr\u0131l\u0131 deneyimler ya\u015fam\u0131\u015ft\u0131m, internetten bir alternatif aramaya ba\u015flad\u0131m. Orada MedicalTravel sitesini buldum. Okuduklar\u0131mda, bunun bir klinik oldu\u011funu g\u00f6rd\u00fcm ve benim i\u00e7in bir klinik demek, bana genel anestezi veya sedasyon da uygulayabilecekleri anlam\u0131na geliyordu. B\u00f6ylece MedicalTravel Merkezi ile ileti\u015fime ge\u00e7tim. Orada Bay Kara beni \u00e7ok nazik bir \u015fekilde kar\u015f\u0131lad\u0131 ve s\u00fcre\u00e7, gerekli olanlar vs. hakk\u0131nda her \u015feyi bana anlatt\u0131. Ayr\u0131ca benim i\u00e7in bir randevu ayarlad\u0131, b\u00f6ylece \u0130svi\u00e7re\u2019de Fr. Dr. \u00d6zt\u00fcrk (benim doktorum) ile tan\u0131\u015fma f\u0131rsat\u0131m oldu. Bu g\u00f6r\u00fc\u015fme Zug Kantonu\u2019nda ger\u00e7ekle\u015fti. O zaman bile bana \u00e7ok sempatik geldi. \u00c7ok profesyonel g\u00f6r\u00fcn\u00fcyordu ve tedavi s\u00fcrecini benimle detayl\u0131 bir \u015fekilde g\u00f6r\u00fc\u015ft\u00fc. Ayr\u0131ca \u00f6nceki di\u015f tedavilerinin foto\u011fraflar\u0131n\u0131 g\u00f6sterdi ve t\u00fcm sorular\u0131m\u0131 ve endi\u015felerimi yan\u0131tlad\u0131. Bu da g\u00fcvenimi \u00e7ok art\u0131rd\u0131. Yakla\u015f\u0131k 1,5 ay sonra, A\u011fustos 2017\u2019de \u0130stanbul\u2019a gittim. \u0130lk randevum ertesi sabah saat 9:00\u2019dayd\u0131. Klinik taraf\u0131ndan \u00e7ok nazik bir \u015fekilde kar\u015f\u0131land\u0131m. Terc\u00fcman\u0131m Burcu, Dr. \u00d6zt\u00fcrk\u2019e bir \u015fey sormak istedi\u011fimde veya ona bir \u015fey anlatmak istedi\u011fimde hep yan\u0131mdayd\u0131. B\u00f6ylece \u0130stanbul\u2019daki 10 g\u00fcnl\u00fck konaklamam boyunca \u00e7ok say\u0131da di\u015f hekimi randevum oldu. Hatta genel anesteziye bile ihtiya\u00e7 duymad\u0131m. Korkum h\u00e2l\u00e2 tam olarak ge\u00e7memi\u015f olsa da, her zaman Dr. \u00d6zt\u00fcrk\u2019\u00fcn ellerinde g\u00fcvende hissettim. A\u011fr\u0131lar da her zaman olduk\u00e7a tolere edilebilirdi. T\u00fcm sorular\u0131m ve endi\u015felerim her zaman dikkate al\u0131nd\u0131. Art\u0131k a\u011fz\u0131mda 25 yeni beyaz zirkonyum kron ve iki eksik ak\u0131l di\u015fi var. Ayr\u0131ca art\u0131k gece korumas\u0131 i\u00e7in bir \u00e7ene pla\u011f\u0131 da kullan\u0131yorum. Sonu\u00e7tan son derece memnun ve \u00e7ok mutluyum. Bu klini\u011fi (Acibadem), Dr. \u00d6zt\u00fcrk\u2019\u00fc ve MedicalTravel\u2019den Bay Kara\u2019y\u0131 t\u00fcm kalbimle herkese tavsiye edebilirim. Tekrar \u00e7ok te\u015fekk\u00fcr ederim Karin Schafer \u00d6nceki Rapor Sonraki Rapor<\/p>\n","protected":false},"author":4,"featured_media":0,"parent":4603,"menu_order":0,"comment_status":"closed","ping_status":"closed","template":"","meta":{"_joinchat":[],"footnotes":""},"class_list":["post-4692","page","type-page","status-publish","hentry"],"acf":[],"_links":{"self":[{"href":"https:\/\/medicaltravel.at\/tr\/wp-json\/wp\/v2\/pages\/4692","targetHints":{"allow":["GET"]}}],"collection":[{"href":"https:\/\/medicaltravel.at\/tr\/wp-json\/wp\/v2\/pages"}],"about":[{"href":"https:\/\/medicaltravel.at\/tr\/wp-json\/wp\/v2\/types\/page"}],"author":[{"embeddable":true,"href":"https:\/\/medicaltravel.at\/tr\/wp-json\/wp\/v2\/users\/4"}],"replies":[{"embeddable":true,"href":"https:\/\/medicaltravel.at\/tr\/wp-json\/wp\/v2\/comments?post=4692"}],"version-history":[{"count":2,"href":"https:\/\/medicaltravel.at\/tr\/wp-json\/wp\/v2\/pages\/4692\/revisions"}],"predecessor-version":[{"id":5760,"href":"https:\/\/medicaltravel.at\/tr\/wp-json\/wp\/v2\/pages\/4692\/revisions\/5760"}],"up":[{"embeddable":true,"href":"https:\/\/medicaltravel.at\/tr\/wp-json\/wp\/v2\/pages\/4603"}],"wp:attachment":[{"href":"https:\/\/medicaltravel.at\/tr\/wp-json\/wp\/v2\/media?parent=4692"}],"curies":[{"name":"wp","href":"https:\/\/api.w.org\/{rel}","templated":true}]}}