{"id":4690,"date":"2025-09-27T21:24:40","date_gmt":"2025-09-27T20:24:40","guid":{"rendered":"https:\/\/medicaltravel.at\/hasta-hikayeleri\/erfahrungsberichte-behandlungen-tuerkei\/istanbulda-tam-dis-tedavim-tamamen-muekemmel-07-subat-2017-sali-guenue-yazilmis-deneyim-yazisi\/"},"modified":"2026-01-13T14:32:04","modified_gmt":"2026-01-13T13:32:04","slug":"istanbulda-tam-dis-tedavim-tamamen-muekemmel-07-subat-2017-sali-guenue-yazilmis-deneyim-yazisi","status":"publish","type":"page","link":"https:\/\/medicaltravel.at\/tr\/hasta-hikayeleri\/erfahrungsberichte-behandlungen-tuerkei\/istanbulda-tam-dis-tedavim-tamamen-muekemmel-07-subat-2017-sali-guenue-yazilmis-deneyim-yazisi\/","title":{"rendered":"\u0130STANBUL\u2019DA TAM D\u0130\u015e TEDAV\u0130M, TAMAMEN M\u00dcKEMMEL \u2013 07 \u015eubat 2017 Sal\u0131 g\u00fcn\u00fc yaz\u0131lm\u0131\u015f deneyim yaz\u0131s\u0131"},"content":{"rendered":"\n<p>\u0130STANBUL\u2019DA TAM D\u0130\u015e TEDAV\u0130M, TAMAMEN M\u00dcKEMMEL \u2013 07 \u015eubat 2017 Sal\u0131 g\u00fcn\u00fc yaz\u0131lm\u0131\u015f deneyim yaz\u0131s\u0131<\/p>\n\n<p>Yolculu\u011fumdan k\u0131sa bir s\u00fcre \u00f6nce, tan\u0131d\u0131klar\u0131m endi\u015feli y\u00fczlerle ve en iyi dilekleriyle bana veda ettiler, sanki do\u011frudan kendi felaketime gidiyormu\u015fum gibi :). Bu, ne yaz\u0131k ki \u00e7ok olumsuz bas\u0131n haberleri ve maalesef bir\u00e7ok \u00f6nyarg\u0131n\u0131n etkisiyle olu\u015fan yanl\u0131\u015f bilgilendirmeye a\u00e7\u0131k bir durum. Ama uygun maliyetli, yine de kaliteli bir di\u015f tedavisi \u00e7\u00f6z\u00fcm\u00fc arayanlar i\u00e7in burada ger\u00e7ekten iyi ve g\u00fcvenli bir se\u00e7enek bulunuyor.  <\/p>\n\n<p>\u0130stanbul\u2019a iki kez gittim. Bu \u015fehir \u00e7ok g\u00fczel ve olduk\u00e7a ilgin\u00e7. T\u00fcrklerin dostlu\u011fu ger\u00e7ekten dikkat \u00e7ekici ve turist, arad\u0131\u011f\u0131n\u0131 h\u00e2l\u00e2 ger\u00e7ekten bulabiliyor gibi g\u00f6r\u00fcn\u00fcyor. Bunu her iki ziyaretimde de deneyimledim. \u0130lkinde yaz\u0131n, ikinci kez k\u0131\u015f\u0131n gitmi\u015ftim. \u015ea\u015f\u0131rt\u0131c\u0131 bir \u015fekilde \u0130stanbul\u2019da \u00e7ok kar g\u00f6rd\u00fcm. \u0130svi\u00e7re\u2019nin alt kesimlerinde y\u0131llard\u0131r bu kadar kar olmam\u0131\u015ft\u0131. Otelde en uygun fiyatl\u0131 se\u00e7ene\u011fi tercih ettim, \u00e7\u00fcnk\u00fc basit olmas\u0131n\u0131 seviyorum. Yine de otel tamamen iyiydi ve insanlar \u00e7ok kibar davrand\u0131.        <\/p>\n\n<p>Tedavim hakk\u0131nda: Y\u0131llard\u0131r bir di\u015fim di\u011ferinin ard\u0131ndan \u00e7\u00fcr\u00fcyordu ve her y\u0131l en az\u0131ndan \u00e7i\u011fneyebilmek i\u00e7in birka\u00e7 bin frank harc\u0131yordum. Di\u015f hekimim, sadece asgari \u00e7i\u011fneme i\u015flevi sa\u011flayacak \u00e7\u0131kar\u0131labilir bir k\u0131smi protez \u00f6nermi\u015fti, ama bu bile bana zaten birka\u00e7 bin franka mal olacakt\u0131. Yine de birka\u00e7 y\u0131l i\u00e7inde tam proteze ge\u00e7mek zorunda kalacakt\u0131m. Burada \u201c\u015fufle\u201d olarak adland\u0131r\u0131lan bir \u00e7\u00f6z\u00fcm de beni birka\u00e7 on bin franka s\u00fcr\u00fckleyebilirdi. Bu y\u00fczden internetten ara\u015ft\u0131rma yapt\u0131m ve MedicalTravel ile kar\u015f\u0131la\u015ft\u0131m.    <\/p>\n\n<p>Temelde, T\u00fcrkiye\u2019de \u00e7ok iyi e\u011fitimli ve bizim standartlar\u0131m\u0131za uygun doktorlar oldu\u011funu biliyordum. \u00dc\u00e7\u00fcnc\u00fc D\u00fcnya \u00fclkelerinde belki daha uygun fiyatl\u0131 se\u00e7enekler olabilirdi, ama T\u00fcrk doktorlar\u0131n\u0131n \u00e7al\u0131\u015fmalar\u0131 bana daha g\u00fcvenilir g\u00f6r\u00fcnd\u00fc. MedicalTravel taraf\u0131ndan ve orada bulunan T\u00fcrk di\u015f hekimi Dr. \u00d6. \u00d6zt\u00fcrk taraf\u0131ndan \u00e7ok iyi bilgilendirildi\u011fim bir bilgilendirme toplant\u0131s\u0131na kat\u0131ld\u0131m. Beni implantlarla kapsaml\u0131 bir \u00e7\u00f6z\u00fcm konusunda ikna ettiler ve bug\u00fcn bundan \u00e7ok memnunum. Yani, kalan t\u00fcm di\u015flerimin \u00e7ekilmesi ve toplam 16 implant temelinde yeni bir di\u015f seti olu\u015fturulmas\u0131 planland\u0131, b\u00f6ylece sonu\u00e7ta sanki kendi di\u015flerimmi\u015f gibi hissetmem sa\u011flanacakt\u0131. \u0130svi\u00e7re\u2019de bunun i\u00e7in servet \u00f6demem gerekirdi, T\u00fcrkiye\u2019de ise yakla\u015f\u0131k %70 daha az maliyetle.      <\/p>\n\n<p>Bu tedavi iki a\u015famada yap\u0131l\u0131yor. \u0130lk a\u015fama, mevcut di\u015flerin genel anestezi alt\u0131nda \u00e7ekilmesi. Ben hi\u00e7bir \u015fey hissetmedim, ger\u00e7ekten a\u011fr\u0131s\u0131z denebilir ve hastanedeki iki g\u00fcnl\u00fck konaklama da \u00e7ok rahat ge\u00e7ti. Tabii ba\u015fta a\u011fz\u0131n\u0131zda aniden di\u015f olmamas\u0131 biraz al\u0131\u015f\u0131lmas\u0131 gereken bir durum, ama bunun \u00fcstesinden gelmek gerekiyor. Sonras\u0131nda implantlar\u0131n tamamen iyile\u015fmesi i\u00e7in 6 ay beklemesi gerekti\u011finden ge\u00e7ici bir tam protez verildi. Ge\u00e7ici protez zaten olduk\u00e7a iyi g\u00f6r\u00fcn\u00fcyordu, ancak benim i\u00e7in ba\u015fta kullan\u0131m\u0131 \u00e7ok zordu; tabii bu ki\u015fiden ki\u015fiye de\u011fi\u015fiyor.     <\/p>\n\n<p>Birka\u00e7 hafta i\u00e7inde al\u0131\u015ft\u0131m ve neredeyse her \u015feyi yiyebiliyordum. Ayr\u0131ca bu durumun sadece ge\u00e7ici oldu\u011funu biliyorsunuz. Hi\u00e7bir zaman ciddi bir iltihap veya a\u011fr\u0131 sorunu ya\u015famad\u0131m. Bu y\u00fczden nihai \u00e7\u00f6z\u00fcme kavu\u015fmay\u0131 daha \u00e7ok d\u00f6rt g\u00f6zle bekledim ve bu se\u00e7imi yapt\u0131\u011f\u0131m i\u00e7in ger\u00e7ekten mutluydum.   <\/p>\n\n<p>\u0130kinci a\u015famada implantlar ortaya \u00e7\u0131kar\u0131l\u0131yor ve \u00fczerine kronlar yerle\u015ftiriliyor. Bu biraz zahmetli bir i\u015flem. Her \u015fey \u00e7ok titizlikle ayarlan\u0131yor ki bu da benim gibi hasta i\u00e7in ger\u00e7ekten avantaj sa\u011fl\u0131yor. \u0130lk ziyarette oldu\u011fu gibi, her ad\u0131m hakk\u0131nda s\u00fcrekli bilgilendirildim ve terc\u00fcman ger\u00e7ekten \u00e7ok iyi bir i\u015f \u00e7\u0131kard\u0131. Dr. \u00d6zt\u00fcrk ile de, kendinizi ger\u00e7ekten yetkin ellerde hissetti\u011finiz anla\u015f\u0131l\u0131yor.    <\/p>\n\n<p>Art\u0131k bir haftad\u0131r t\u00fcm di\u015flerim yerinde ve bundan b\u00fcy\u00fck keyif al\u0131yorum. Ger\u00e7ekten m\u00fckemmel. Herkese tavsiye edebilirim. Ke\u015fke birka\u00e7 y\u0131l \u00f6nce di\u015flerimi yapt\u0131rsayd\u0131m, \u00e7ok daha iyi olurdu.   <\/p>\n\n<p>Christian Linder<\/p>\n\n<div class=\"wp-block-group is-layout-grid wp-container-core-group-is-layout-baef362d wp-block-group-is-layout-grid\">\n<p><a href=\"https:\/\/medicaltravel.at\/home\/agb\/\" data-type=\"page\" data-id=\"2191\"><\/a><a href=\"https:\/\/medicaltravel.at\/tr\/hasta-hikayeleri\/erfahrungsberichte-behandlungen-tuerkei\/iki-kitada-bulunan-sehirdeki-meme-ameliyatim-27-nisan-2017-persembe-tarihli-rapor\/\" data-type=\"link\" data-id=\"https:\/\/medicaltravel.at\/berichte-von-patienten\/erfahrungsberichte\/meine-brust-op-in-der-stadt-auf-zwei-kontinenten-bericht-vom-donnerstag-27-april-2017\/\">\u00d6nceki Rapor<\/a><\/p>\n\n\n\n<p class=\"has-text-align-right wp-container-content-5e2576f9\"><a href=\"https:\/\/medicaltravel.at\/home\/impressum\/\" data-type=\"page\" data-id=\"2193\"><\/a><a href=\"https:\/\/medicaltravel.at\/home\/berichte-von-patienten\/erfahrungsberichte\/erfahrungsbericht-zahnbehandlung-in-istanbul\/\" data-type=\"page\" data-id=\"981\"><\/a><a href=\"https:\/\/medicaltravel.at\/tr\/hasta-hikayeleri\/erfahrungsberichte-behandlungen-tuerkei\/istanbul-tuerkiyede-meme-tedavim-25-ocak-2017-carsamba-tarihli-rapor\/\" data-type=\"link\" data-id=\"https:\/\/medicaltravel.at\/berichte-von-patienten\/erfahrungsberichte\/meine-brustbehandlung-in-istanbul-tuerkei-bericht-vom-mittwoch-25-januar-2017\/\">Sonraki Rapor<\/a><\/p>\n<\/div>\n","protected":false},"excerpt":{"rendered":"<p>\u0130STANBUL\u2019DA TAM D\u0130\u015e TEDAV\u0130M, TAMAMEN M\u00dcKEMMEL \u2013 07 \u015eubat 2017 Sal\u0131 g\u00fcn\u00fc yaz\u0131lm\u0131\u015f deneyim yaz\u0131s\u0131 Yolculu\u011fumdan k\u0131sa bir s\u00fcre \u00f6nce, tan\u0131d\u0131klar\u0131m endi\u015feli y\u00fczlerle ve en iyi dilekleriyle bana veda ettiler, sanki do\u011frudan kendi felaketime gidiyormu\u015fum gibi :). Bu, ne yaz\u0131k ki \u00e7ok olumsuz bas\u0131n haberleri ve maalesef bir\u00e7ok \u00f6nyarg\u0131n\u0131n etkisiyle olu\u015fan yanl\u0131\u015f bilgilendirmeye a\u00e7\u0131k bir durum. Ama uygun maliyetli, yine de kaliteli bir di\u015f tedavisi \u00e7\u00f6z\u00fcm\u00fc arayanlar i\u00e7in burada ger\u00e7ekten iyi ve g\u00fcvenli bir se\u00e7enek bulunuyor. \u0130stanbul\u2019a iki kez gittim. Bu \u015fehir \u00e7ok g\u00fczel ve olduk\u00e7a ilgin\u00e7. T\u00fcrklerin dostlu\u011fu ger\u00e7ekten dikkat \u00e7ekici ve turist, arad\u0131\u011f\u0131n\u0131 h\u00e2l\u00e2 ger\u00e7ekten bulabiliyor gibi g\u00f6r\u00fcn\u00fcyor. Bunu her iki ziyaretimde de deneyimledim. \u0130lkinde yaz\u0131n, ikinci kez k\u0131\u015f\u0131n gitmi\u015ftim. \u015ea\u015f\u0131rt\u0131c\u0131 bir \u015fekilde \u0130stanbul\u2019da \u00e7ok kar g\u00f6rd\u00fcm. \u0130svi\u00e7re\u2019nin alt kesimlerinde y\u0131llard\u0131r bu kadar kar olmam\u0131\u015ft\u0131. Otelde en uygun fiyatl\u0131 se\u00e7ene\u011fi tercih ettim, \u00e7\u00fcnk\u00fc basit olmas\u0131n\u0131 seviyorum. Yine de otel tamamen iyiydi ve insanlar \u00e7ok kibar davrand\u0131. Tedavim hakk\u0131nda: Y\u0131llard\u0131r bir di\u015fim di\u011ferinin ard\u0131ndan \u00e7\u00fcr\u00fcyordu ve her y\u0131l en az\u0131ndan \u00e7i\u011fneyebilmek i\u00e7in birka\u00e7 bin frank harc\u0131yordum. Di\u015f hekimim, sadece asgari \u00e7i\u011fneme i\u015flevi sa\u011flayacak \u00e7\u0131kar\u0131labilir bir k\u0131smi protez \u00f6nermi\u015fti, ama bu bile bana zaten birka\u00e7 bin franka mal olacakt\u0131. Yine de birka\u00e7 y\u0131l i\u00e7inde tam proteze ge\u00e7mek zorunda kalacakt\u0131m. Burada \u201c\u015fufle\u201d olarak adland\u0131r\u0131lan bir \u00e7\u00f6z\u00fcm de beni birka\u00e7 on bin franka s\u00fcr\u00fckleyebilirdi. Bu y\u00fczden internetten ara\u015ft\u0131rma yapt\u0131m ve MedicalTravel ile kar\u015f\u0131la\u015ft\u0131m. Temelde, T\u00fcrkiye\u2019de \u00e7ok iyi e\u011fitimli ve bizim standartlar\u0131m\u0131za uygun doktorlar oldu\u011funu biliyordum. \u00dc\u00e7\u00fcnc\u00fc D\u00fcnya \u00fclkelerinde belki daha uygun fiyatl\u0131 se\u00e7enekler olabilirdi, ama T\u00fcrk doktorlar\u0131n\u0131n \u00e7al\u0131\u015fmalar\u0131 bana daha g\u00fcvenilir g\u00f6r\u00fcnd\u00fc. MedicalTravel taraf\u0131ndan ve orada bulunan T\u00fcrk di\u015f hekimi Dr. \u00d6. \u00d6zt\u00fcrk taraf\u0131ndan \u00e7ok iyi bilgilendirildi\u011fim bir bilgilendirme toplant\u0131s\u0131na kat\u0131ld\u0131m. Beni implantlarla kapsaml\u0131 bir \u00e7\u00f6z\u00fcm konusunda ikna ettiler ve bug\u00fcn bundan \u00e7ok memnunum. Yani, kalan t\u00fcm di\u015flerimin \u00e7ekilmesi ve toplam 16 implant temelinde yeni bir di\u015f seti olu\u015fturulmas\u0131 planland\u0131, b\u00f6ylece sonu\u00e7ta sanki kendi di\u015flerimmi\u015f gibi hissetmem sa\u011flanacakt\u0131. \u0130svi\u00e7re\u2019de bunun i\u00e7in servet \u00f6demem gerekirdi, T\u00fcrkiye\u2019de ise yakla\u015f\u0131k %70 daha az maliyetle. Bu tedavi iki a\u015famada yap\u0131l\u0131yor. \u0130lk a\u015fama, mevcut di\u015flerin genel anestezi alt\u0131nda \u00e7ekilmesi. Ben hi\u00e7bir \u015fey hissetmedim, ger\u00e7ekten a\u011fr\u0131s\u0131z denebilir ve hastanedeki iki g\u00fcnl\u00fck konaklama da \u00e7ok rahat ge\u00e7ti. Tabii ba\u015fta a\u011fz\u0131n\u0131zda aniden di\u015f olmamas\u0131 biraz al\u0131\u015f\u0131lmas\u0131 gereken bir durum, ama bunun \u00fcstesinden gelmek gerekiyor. Sonras\u0131nda implantlar\u0131n tamamen iyile\u015fmesi i\u00e7in 6 ay beklemesi gerekti\u011finden ge\u00e7ici bir tam protez verildi. Ge\u00e7ici protez zaten olduk\u00e7a iyi g\u00f6r\u00fcn\u00fcyordu, ancak benim i\u00e7in ba\u015fta kullan\u0131m\u0131 \u00e7ok zordu; tabii bu ki\u015fiden ki\u015fiye de\u011fi\u015fiyor. Birka\u00e7 hafta i\u00e7inde al\u0131\u015ft\u0131m ve neredeyse her \u015feyi yiyebiliyordum. Ayr\u0131ca bu durumun sadece ge\u00e7ici oldu\u011funu biliyorsunuz. Hi\u00e7bir zaman ciddi bir iltihap veya a\u011fr\u0131 sorunu ya\u015famad\u0131m. Bu y\u00fczden nihai \u00e7\u00f6z\u00fcme kavu\u015fmay\u0131 daha \u00e7ok d\u00f6rt g\u00f6zle bekledim ve bu se\u00e7imi yapt\u0131\u011f\u0131m i\u00e7in ger\u00e7ekten mutluydum. \u0130kinci a\u015famada implantlar ortaya \u00e7\u0131kar\u0131l\u0131yor ve \u00fczerine kronlar yerle\u015ftiriliyor. Bu biraz zahmetli bir i\u015flem. Her \u015fey \u00e7ok titizlikle ayarlan\u0131yor ki bu da benim gibi hasta i\u00e7in ger\u00e7ekten avantaj sa\u011fl\u0131yor. \u0130lk ziyarette oldu\u011fu gibi, her ad\u0131m hakk\u0131nda s\u00fcrekli bilgilendirildim ve terc\u00fcman ger\u00e7ekten \u00e7ok iyi bir i\u015f \u00e7\u0131kard\u0131. Dr. \u00d6zt\u00fcrk ile de, kendinizi ger\u00e7ekten yetkin ellerde hissetti\u011finiz anla\u015f\u0131l\u0131yor. Art\u0131k bir haftad\u0131r t\u00fcm di\u015flerim yerinde ve bundan b\u00fcy\u00fck keyif al\u0131yorum. Ger\u00e7ekten m\u00fckemmel. Herkese tavsiye edebilirim. Ke\u015fke birka\u00e7 y\u0131l \u00f6nce di\u015flerimi yapt\u0131rsayd\u0131m, \u00e7ok daha iyi olurdu. Christian Linder \u00d6nceki Rapor Sonraki Rapor<\/p>\n","protected":false},"author":4,"featured_media":0,"parent":4603,"menu_order":0,"comment_status":"closed","ping_status":"closed","template":"","meta":{"_joinchat":[],"footnotes":""},"class_list":["post-4690","page","type-page","status-publish","hentry"],"acf":[],"_links":{"self":[{"href":"https:\/\/medicaltravel.at\/tr\/wp-json\/wp\/v2\/pages\/4690","targetHints":{"allow":["GET"]}}],"collection":[{"href":"https:\/\/medicaltravel.at\/tr\/wp-json\/wp\/v2\/pages"}],"about":[{"href":"https:\/\/medicaltravel.at\/tr\/wp-json\/wp\/v2\/types\/page"}],"author":[{"embeddable":true,"href":"https:\/\/medicaltravel.at\/tr\/wp-json\/wp\/v2\/users\/4"}],"replies":[{"embeddable":true,"href":"https:\/\/medicaltravel.at\/tr\/wp-json\/wp\/v2\/comments?post=4690"}],"version-history":[{"count":1,"href":"https:\/\/medicaltravel.at\/tr\/wp-json\/wp\/v2\/pages\/4690\/revisions"}],"predecessor-version":[{"id":4691,"href":"https:\/\/medicaltravel.at\/tr\/wp-json\/wp\/v2\/pages\/4690\/revisions\/4691"}],"up":[{"embeddable":true,"href":"https:\/\/medicaltravel.at\/tr\/wp-json\/wp\/v2\/pages\/4603"}],"wp:attachment":[{"href":"https:\/\/medicaltravel.at\/tr\/wp-json\/wp\/v2\/media?parent=4690"}],"curies":[{"name":"wp","href":"https:\/\/api.w.org\/{rel}","templated":true}]}}