{"id":4688,"date":"2025-09-27T21:29:26","date_gmt":"2025-09-27T20:29:26","guid":{"rendered":"https:\/\/medicaltravel.at\/hasta-hikayeleri\/erfahrungsberichte-behandlungen-tuerkei\/bir-kadin-olarak-istanbulda-sac-ekimi-deneyimi-03-eyluel-2016-cumartesi-guenue-yazilmis-deneyim-yazisi\/"},"modified":"2026-01-13T14:34:33","modified_gmt":"2026-01-13T13:34:33","slug":"bir-kadin-olarak-istanbulda-sac-ekimi-deneyimi-03-eyluel-2016-cumartesi-guenue-yazilmis-deneyim-yazisi","status":"publish","type":"page","link":"https:\/\/medicaltravel.at\/tr\/hasta-hikayeleri\/erfahrungsberichte-behandlungen-tuerkei\/bir-kadin-olarak-istanbulda-sac-ekimi-deneyimi-03-eyluel-2016-cumartesi-guenue-yazilmis-deneyim-yazisi\/","title":{"rendered":"B\u0130R KADIN OLARAK \u0130STANBUL\u2019DA SA\u00c7 EK\u0130M\u0130 DENEY\u0130M\u0130 \u2013 03 Eyl\u00fcl 2016 Cumartesi g\u00fcn\u00fc yaz\u0131lm\u0131\u015f deneyim yaz\u0131s\u0131"},"content":{"rendered":"\n<p><strong>B\u0130R KADIN OLARAK \u0130STANBUL\u2019DA SA\u00c7 EK\u0130M\u0130 DENEY\u0130M\u0130<\/strong> \u2013 03 Eyl\u00fcl 2016 Cumartesi g\u00fcn\u00fc yaz\u0131lm\u0131\u015f deneyim yaz\u0131s\u0131<\/p>\n\n<p>Y\u0131llard\u0131r, 20 y\u0131l \u00f6nce ya\u015fad\u0131\u011f\u0131m bir \u015fok nedeniyle kaybetti\u011fim sa\u00e7lar\u0131m\u0131 ekim yapt\u0131rarak veya telafi ettirerek geri kazanmay\u0131 d\u00fc\u015f\u00fcn\u00fcyordum. Bir kad\u0131n i\u00e7in bu ger\u00e7ekten zor bir durum. Z\u00fcrih\u2019te de bir dan\u0131\u015fmanl\u0131\u011fa gitmi\u015ftim ama bunu maddi olarak kar\u015f\u0131lamam imk\u00e2ns\u0131zd\u0131. Sonra internetten daha uygun bir alternatif arad\u0131m ve MedicalTravel\u2019in sitesine rastlad\u0131m. H\u0131zla karar verdim; bu y\u0131l eksikli\u011fimi telafi ettirmek istiyordum.     <\/p>\n\n<p>MedicalTravel\u2019in g\u00f6nderdi\u011fi bir e-posta \u00fczerine, seyrek olan sa\u00e7lar\u0131m\u0131n foto\u011fraflar\u0131n\u0131 g\u00f6nderdim ve \u0130stanbul\u2019daki bir hastanenin profes\u00f6r\u00fc taraf\u0131ndan yap\u0131lacak \u00f6n muayene i\u00e7in Zug\u2019a davet edildim.<\/p>\n\n<p>Sa\u00e7 d\u00f6k\u00fclmemin hormonlardan kaynaklanmad\u0131\u011f\u0131n\u0131 \u00f6\u011frenmek i\u00e7in aile hekimimde bir kan testi yapt\u0131rmam gerekti. E\u011fer hormon kaynakl\u0131 olsayd\u0131, hormon tedavisiyle sa\u00e7lar\u0131m tekrar g\u00fcrle\u015febilirdi. <\/p>\n\n<p>Ama durum \u00f6yle de\u011fildi.<\/p>\n\n<p>Kan testini \u0130stanbul\u2019daki hastaneye g\u00f6nderdikten sonra \u015fu yan\u0131t\u0131 ald\u0131m:<\/p>\n\n<p>Test sonu\u00e7lar\u0131n\u0131z doktorlar\u0131m\u0131z taraf\u0131ndan dikkatlice incelendi. Bu durumda sa\u00e7 ekimi sizin i\u00e7in faydal\u0131 olabilir. <\/p>\n\n<p>Vay, Ne \u015eans!<\/p>\n\n<p>Sa\u00e7 ekimi randevusunun benim istedi\u011fim \u015fekilde, ayr\u0131ca u\u00e7ak ve otel rezervasyonlar\u0131n\u0131n da MedicalTravel taraf\u0131ndan tamamen memnuniyetimi sa\u011flayacak \u015fekilde organize edilmesi.<\/p>\n\n<p>Sonunda, Cumartesi 13 A\u011fustos g\u00fcn\u00fc, g\u00fcn geldi \u00e7att\u0131. Saat 5\u2019te (gecenin ortas\u0131nda) o\u011flum beni havaalan\u0131na b\u0131rakt\u0131, \u00e7\u00fcnk\u00fc saat 7.40\u2019ta Turkish Airlines ile \u0130stanbul\u2019a u\u00e7uyordum. U\u00e7u\u015f 3 saat s\u00fcrd\u00fc ve pencere kenar\u0131ndan alt\u0131mdaki manzaray\u0131 izleyip lezzetli yeme\u011fin tad\u0131n\u0131 \u00e7\u0131karabildim. Televizyonu zaten evde de izleyebilirim.   <\/p>\n\n<p>\u0130stanbul\u2019daki havaalan\u0131nda, kararla\u015ft\u0131r\u0131lan noktada hastanenin \u00e7ok nazik bir hostesi taraf\u0131ndan kar\u015f\u0131land\u0131m. K\u0131sa s\u00fcre sonra beni hastanenin \u015fof\u00f6r\u00fcn\u00fcn arabas\u0131na g\u00f6t\u00fcrd\u00fc ve \u015fof\u00f6r otelime kadar e\u015flik etti. <\/p>\n\n<p>Orada da \u00e7ok s\u0131cak bir \u015fekilde kar\u015f\u0131land\u0131m. Otel odas\u0131 sade ama i\u015flevsel bir \u015fekilde d\u00f6\u015fenmi\u015fti. Personel \u00e7ok nazik ve yard\u0131mseverdi. \u00dcstelik hepsi \u0130ngilizce biliyordu.   <\/p>\n\n<p>Kalan Cumartesi ve Pazar g\u00fcn\u00fcn\u00fc, \u015fehri ve insanlar\u0131 ke\u015ffetmekle ge\u00e7irdim. \u0130lk izlenimim \u015fuydu: \u015eehir canl\u0131. \u00c7ok say\u0131da insan d\u0131\u015far\u0131da vakit ge\u00e7iriyor. \u015eehir \u00e7ok renkli, k\u00fc\u00e7\u00fck restoranlarla dolu ve insanlar \u00e7ok cana yak\u0131n. Y\u00fcr\u00fcmeyi \u00e7ok seviyorum ve saatlerce yan sokaklara dal\u0131p dola\u015ft\u0131m. Dik yoku\u015flar a\u015fa\u011f\u0131 ve yukar\u0131, bazen tamamen nefesim kesilene kadar. (\u0130stanbul\u2019daki insanlar kesin \u00e7ok fit) Sadece yerlilerin oldu\u011fu yerlerde bulundum. Hemen tek ba\u015f\u0131na gezen bir turist oldu\u011fum anla\u015f\u0131lmas\u0131n diye, reng\u00e2renk bir \u015fal\u0131 ba\u015f\u0131ma gev\u015fek\u00e7e sard\u0131m. Biz de yabanc\u0131lar\u0131n bize uyum sa\u011flamas\u0131n\u0131 seviyoruz, de\u011fil mi? Orada ben yabanc\u0131yd\u0131m. B\u00f6ylece k\u00fc\u00e7\u00fck pazarlardan, oyun oynayan \u00e7ocuklardan, piknik yapan ne\u015feli insanlardan ve yerel yiyeceklerden \u00f6zg\u00fcr ve rahat bir \u015fekilde keyif alabildim. Ben ger\u00e7ek ve otantik olan\u0131 \u00e7ok seviyorum.            <\/p>\n\n<p>Pazartesi, 15 A\u011fustos 2016: \u00c7ok heyecanl\u0131 bir \u015fekilde beni almaya gelen hastanenin \u015fof\u00f6r\u00fcn\u00fc bekledim. Hemen hastaneye g\u00f6t\u00fcr\u00fcld\u00fcm ve giri\u015fte, neredeyse t\u00fcm zaman boyunca yan\u0131mda kalan, Almanca konu\u015fan sevimli bir gen\u00e7 taraf\u0131ndan kar\u015f\u0131land\u0131m. Hastane inan\u0131lmaz g\u00fczeldi. Modern ve uyumlu bir \u015fekilde d\u00f6\u015fenmi\u015fti; hemen kendimi rahat ve g\u00fcvenli hissettim. \u00d6nce kan alma i\u015flemi yap\u0131ld\u0131, b\u00f6ylece sa\u00e7 ekiminden sonra daha h\u0131zl\u0131 yara iyile\u015fmesi ve sa\u00e7 b\u00fcy\u00fcmesini desteklemek i\u00e7in plazma (PRP, trombositten zengin plazma) haz\u0131rlanacakt\u0131.    <\/p>\n\n<p>Sonras\u0131nda yak\u0131\u015f\u0131kl\u0131 ve sempatik bir doktor taraf\u0131ndan kar\u015f\u0131land\u0131m (siyah sa\u00e7l\u0131 ve mavi g\u00f6zl\u00fc, vay be) ve sa\u00e7 ekimi hakk\u0131nda en detayl\u0131 \u015fekilde bilgilendirildim. Her \u015feyi tam olarak anlayabilmem i\u00e7in, sevimli terc\u00fcman\u0131m her \u015feyi m\u00fckemmel Almancaya \u00e7evirdi.  <\/p>\n\n<p>Tedavi odas\u0131nda ekip sa\u00e7lar\u0131m\u0131 haz\u0131rlad\u0131, ense k\u0131sm\u0131m\u0131 t\u0131ra\u015f etti ve\u2026 Aman tanr\u0131m, sa\u00e7lar\u0131m o kadar incedi ki (sa\u00e7 da\u011f\u0131l\u0131m\u0131nda sa\u00e7lar\u0131m sa\u00e7 kutusuna de\u011fil ipek kutusuna d\u00fc\u015fm\u00fc\u015ft\u00fc) doktor bu \u015fekilde sorunumda sadece %25\u2019lik bir iyile\u015fme sa\u011flayabilirdi. En iyi sonucu, t\u00fcm sa\u00e7lar t\u0131ra\u015f edildi\u011finde alabilirdim. Eh\u2026 Bunu \u00f6nce sindirmek gerekiyordu. Ama art\u0131k \u00f6zg\u00fcr olmak istiyordum, sa\u00e7lar\u0131m\u0131 gizlemek istememek, y\u00fczmeye gitmek, ya\u011fmurda y\u00fcr\u00fcy\u00fc\u015f yapmak, sa\u00e7\u0131m\u0131n t\u00fcm seyrek alanlar\u0131 kapat\u0131p kapatmad\u0131\u011f\u0131 konusunda endi\u015felenmemek ve evet, tekrar motosiklete binebilmek, kask\u0131 kamusal alanda ba\u015f\u0131ma takabilmek\u2026 Bir y\u0131l ne ki, 20 y\u0131ld\u0131r sa\u00e7lar\u0131mla hile yap\u0131yordum. Yani kesinlikle evet. Uzun sa\u00e7lar\u0131m t\u0131ra\u015f makinesinin kurban\u0131 oldu ve toplam 3500 k\u00f6k sa\u00e7 nakledildi.        <\/p>\n\n<p>Harika bir karar \ud83d\ude42<\/p>\n\n<p>\u00d6ncesinde kendi kan plazmam ba\u015f\u0131ma s\u00fcr\u00fcld\u00fc. Sonra t\u00fcm sa\u00e7l\u0131 deri b\u00f6lgesi \u00e7ok say\u0131da i\u011fne ile uyu\u015fturuldu. Bilin\u00e7li bir \u015fekilde rahatlayarak prosed\u00fcr\u00fc olduk\u00e7a iyi tolere edebildim. Zaten \u00e7abucak ge\u00e7ti. Ard\u0131ndan sa\u00e7 k\u00f6kleri ense ve yanlardan al\u0131nd\u0131 ve serumda sakland\u0131. Transplantasyon b\u00f6lgesine, ekipteki iki yorulmak bilmez gen\u00e7 kad\u0131n taraf\u0131ndan yap\u0131lan \u00e7ok say\u0131da (3500) i\u011fne ile sa\u00e7 k\u00f6kleri tek tek haz\u0131rlanan deliklere dikildi. Benim ellerim kopard\u0131 herhalde. 6 saat boyunca yorulmadan \u00e7al\u0131\u015fan bu iki gen\u00e7, \u00e7al\u0131\u015fkan peri gibiydi.       <\/p>\n\n<p>Nihayet i\u015flem bitti. Ve kendi kel kafam\u0131 hayranl\u0131kla izleyebildim. Hi\u00e7 de fena de\u011fil. Art\u0131k neden seyrek sa\u00e7l\u0131 erkeklerin t\u00fcm sa\u00e7lar\u0131n\u0131 t\u0131ra\u015f ettiklerini anlayabiliyorum. Al\u0131ndaki biraz daha geride konumlanm\u0131\u015f sa\u00e7 \u00e7izgisi \u00e7ok dengeli ve \u015f\u0131k g\u00f6r\u00fcn\u00fcyor. Belki garip gelebilir ama kendimi be\u011fendim. Bu benim.      <\/p>\n\n<p>Yine de\u2026 toplum \u2013 ve ben mesle\u011fimde olduk\u00e7a g\u00f6r\u00fcn\u00fcr biriyim. Otele d\u00f6nd\u00fc\u011f\u00fcmde hemen internetten ince k\u0131sa ger\u00e7ek sa\u00e7l\u0131 bir peruk sipari\u015f ettim. 10 g\u00fcn sonra bunu takabilece\u011fim. O zamana kadar kendimi \u00f6zenle drapelenmi\u015f \u015fallar ve k\u0131yafete uygun \u015fapkalarla g\u00f6steriyorum. Ve kimse sa\u00e7lar\u0131m\u0131n t\u0131ra\u015f edildi\u011fini fark etmiyor. Sokakta, \u015fapkamla bile tarz\u0131m nedeniyle yabanc\u0131lardan iltifat al\u0131yorum.     <\/p>\n\n<p>\u015eimdi sa\u00e7 ekiminden sonraki g\u00fcne geri d\u00f6nelim. Sabah otelden \u00e7\u0131k\u0131\u015f yapabildim ve t\u00fcm bavullar\u0131m ile birlikte hastanenin \u015fof\u00f6r\u00fc taraf\u0131ndan kar\u015f\u0131land\u0131m. Sonra kontrol muayenesine gittik; her \u015fey genel olarak iyiydi. Biraz oksijen eksikli\u011fi vard\u0131 \u2013 bu nedenle bana burun yoluyla oksijen verildi. Ayr\u0131ca ila\u00e7, \u015fampuan ve losyon verildi; bunlar\u0131 tam talimatlara g\u00f6re kullanmam ve uygulamam gerekiyordu. Davran\u0131\u015f kurallar\u0131 anlat\u0131ld\u0131 ve eve giderken g\u00f6r\u00fcn\u00fcrl\u00fc\u011f\u00fcm\u00fc azaltmak i\u00e7in mavi bir \u015fapka verildi.    <\/p>\n\n<p>Doktora ve terc\u00fcmana minnetle veda ettim ve bu kez hastanenin ba\u015fka bir \u015fof\u00f6r\u00fcyle havaalan\u0131na gittik.<\/p>\n\n<p>Eve geldim. \u0130lk g\u00fcnlerde, T\u00fcrkiye\u2019deki tedavi eden doktorla WhatsApp \u00fczerinden her g\u00fcn ileti\u015fim kurdum, kafam\u0131n foto\u011fraflar\u0131n\u0131 g\u00f6nderdim. Doktor, yetkin ve nazik bir \u015fekilde bunlar\u0131 kaydetti, bana sa\u00e7lar\u0131m\u0131 losyon ve \u015fampuan ile nas\u0131l bak\u0131m yapmam gerekti\u011fini g\u00f6steren tavsiyeler ve videolar g\u00f6nderdi. <\/p>\n\n<p>10 g\u00fcn sonra tekrar foto\u011fraflar g\u00f6ndermem gerekiyordu ve bana kabuklu b\u00f6lgeleri nas\u0131l temizlemem gerekti\u011fini g\u00f6steren bir video talimat\u0131 g\u00f6nderildi.<\/p>\n\n<p>Bug\u00fcn, neredeyse 3 hafta sonra, ekim yap\u0131lan b\u00f6lgenin foto\u011fraflar\u0131n\u0131 g\u00f6ndermem i\u00e7in bir SMS ald\u0131m. T\u00fcm sorular\u0131ma hemen yan\u0131t verildi ve sa\u00e7 derimi nas\u0131l bak\u0131m yapmam gerekti\u011fine dair ek talimatlar g\u00f6nderildi. Belirli bir s\u00fcre sonra tekrar foto\u011fraf g\u00f6ndermem istendi. Ve\u2026 doktor sonu\u00e7tan \u00e7ok memnun. Ben ise daha da\u2026    <\/p>\n\n<p>Yani tam anlam\u0131yla eksiksiz bir bak\u0131m. \u00d6rnek al\u0131nacak d\u00fczeyde, ger\u00e7ekten. Asla beklemeyece\u011fim bir \u015feydi.  <\/p>\n\n<p>T\u00fcrkiye\u2019deki profesyonel tedavi ve uyarlanm\u0131\u015f ya\u015fam tarz\u0131m sayesinde, yeni sa\u00e7 k\u00f6kleri ba\u015f\u0131m\u0131n derisinde yerlerini korudu. Al\u0131nan ve ekilen k\u00f6klerdeki kabuklar iyile\u015fti. Neredeyse 3 hafta sonra koyu, ipeksi bir t\u00fcy gibi sa\u00e7lar belirgin \u015fekilde yeniden \u00e7\u0131km\u0131\u015f durumda. Ba\u015fard\u0131m. \u00d6zg\u00fcr\u00fcm.    <\/p>\n\n<p>Sonsuz Minnettarl\u0131kla<\/p>\n\n<p>M.R. Eng<\/p>\n\n<div class=\"wp-block-group is-layout-grid wp-container-core-group-is-layout-baef362d wp-block-group-is-layout-grid\">\n<p><a href=\"https:\/\/medicaltravel.at\/home\/agb\/\" data-type=\"page\" data-id=\"2191\"><\/a><a href=\"https:\/\/medicaltravel.at\/tr\/hasta-hikayeleri\/erfahrungsberichte-behandlungen-tuerkei\/antalyada-goez-kapagi-germe-deneyim-raporu-31-ekim-2016-pazartesi-guenue-raporu\/\" data-type=\"link\" data-id=\"https:\/\/medicaltravel.at\/berichte-von-patienten\/erfahrungsberichte\/augenlidstraffung-in-antalya-erfahrungsericht-bericht-vom-montag-31-oktober-2016\/\">\u00d6nceki Rapor<\/a><\/p>\n\n\n\n<p class=\"has-text-align-right wp-container-content-5e2576f9\"><a href=\"https:\/\/medicaltravel.at\/home\/impressum\/\" data-type=\"page\" data-id=\"2193\"><\/a><a href=\"https:\/\/medicaltravel.at\/home\/berichte-von-patienten\/erfahrungsberichte\/erfahrungsbericht-zahnbehandlung-in-istanbul\/\" data-type=\"page\" data-id=\"981\"><\/a><a href=\"https:\/\/medicaltravel.at\/tr\/hasta-hikayeleri\/erfahrungsberichte-behandlungen-tuerkei\/istanbulu-son-zamanlarda-nasil-yasadim-carsamba-03-agustos-2016-tarihli-rapor\/\" data-type=\"link\" data-id=\"https:\/\/medicaltravel.at\/berichte-von-patienten\/erfahrungsberichte\/wie-habe-ich-istanbul-kuerzlich-erlebt-bericht-vom-mittwoch-03-august-2016\/\">Sonraki Rapor<\/a><\/p>\n<\/div>\n","protected":false},"excerpt":{"rendered":"<p>B\u0130R KADIN OLARAK \u0130STANBUL\u2019DA SA\u00c7 EK\u0130M\u0130 DENEY\u0130M\u0130 \u2013 03 Eyl\u00fcl 2016 Cumartesi g\u00fcn\u00fc yaz\u0131lm\u0131\u015f deneyim yaz\u0131s\u0131 Y\u0131llard\u0131r, 20 y\u0131l \u00f6nce ya\u015fad\u0131\u011f\u0131m bir \u015fok nedeniyle kaybetti\u011fim sa\u00e7lar\u0131m\u0131 ekim yapt\u0131rarak veya telafi ettirerek geri kazanmay\u0131 d\u00fc\u015f\u00fcn\u00fcyordum. Bir kad\u0131n i\u00e7in bu ger\u00e7ekten zor bir durum. Z\u00fcrih\u2019te de bir dan\u0131\u015fmanl\u0131\u011fa gitmi\u015ftim ama bunu maddi olarak kar\u015f\u0131lamam imk\u00e2ns\u0131zd\u0131. Sonra internetten daha uygun bir alternatif arad\u0131m ve MedicalTravel\u2019in sitesine rastlad\u0131m. H\u0131zla karar verdim; bu y\u0131l eksikli\u011fimi telafi ettirmek istiyordum. MedicalTravel\u2019in g\u00f6nderdi\u011fi bir e-posta \u00fczerine, seyrek olan sa\u00e7lar\u0131m\u0131n foto\u011fraflar\u0131n\u0131 g\u00f6nderdim ve \u0130stanbul\u2019daki bir hastanenin profes\u00f6r\u00fc taraf\u0131ndan yap\u0131lacak \u00f6n muayene i\u00e7in Zug\u2019a davet edildim. Sa\u00e7 d\u00f6k\u00fclmemin hormonlardan kaynaklanmad\u0131\u011f\u0131n\u0131 \u00f6\u011frenmek i\u00e7in aile hekimimde bir kan testi yapt\u0131rmam gerekti. E\u011fer hormon kaynakl\u0131 olsayd\u0131, hormon tedavisiyle sa\u00e7lar\u0131m tekrar g\u00fcrle\u015febilirdi. Ama durum \u00f6yle de\u011fildi. Kan testini \u0130stanbul\u2019daki hastaneye g\u00f6nderdikten sonra \u015fu yan\u0131t\u0131 ald\u0131m: Test sonu\u00e7lar\u0131n\u0131z doktorlar\u0131m\u0131z taraf\u0131ndan dikkatlice incelendi. Bu durumda sa\u00e7 ekimi sizin i\u00e7in faydal\u0131 olabilir. Vay, Ne \u015eans! Sa\u00e7 ekimi randevusunun benim istedi\u011fim \u015fekilde, ayr\u0131ca u\u00e7ak ve otel rezervasyonlar\u0131n\u0131n da MedicalTravel taraf\u0131ndan tamamen memnuniyetimi sa\u011flayacak \u015fekilde organize edilmesi. Sonunda, Cumartesi 13 A\u011fustos g\u00fcn\u00fc, g\u00fcn geldi \u00e7att\u0131. Saat 5\u2019te (gecenin ortas\u0131nda) o\u011flum beni havaalan\u0131na b\u0131rakt\u0131, \u00e7\u00fcnk\u00fc saat 7.40\u2019ta Turkish Airlines ile \u0130stanbul\u2019a u\u00e7uyordum. U\u00e7u\u015f 3 saat s\u00fcrd\u00fc ve pencere kenar\u0131ndan alt\u0131mdaki manzaray\u0131 izleyip lezzetli yeme\u011fin tad\u0131n\u0131 \u00e7\u0131karabildim. Televizyonu zaten evde de izleyebilirim. \u0130stanbul\u2019daki havaalan\u0131nda, kararla\u015ft\u0131r\u0131lan noktada hastanenin \u00e7ok nazik bir hostesi taraf\u0131ndan kar\u015f\u0131land\u0131m. K\u0131sa s\u00fcre sonra beni hastanenin \u015fof\u00f6r\u00fcn\u00fcn arabas\u0131na g\u00f6t\u00fcrd\u00fc ve \u015fof\u00f6r otelime kadar e\u015flik etti. Orada da \u00e7ok s\u0131cak bir \u015fekilde kar\u015f\u0131land\u0131m. Otel odas\u0131 sade ama i\u015flevsel bir \u015fekilde d\u00f6\u015fenmi\u015fti. Personel \u00e7ok nazik ve yard\u0131mseverdi. \u00dcstelik hepsi \u0130ngilizce biliyordu. Kalan Cumartesi ve Pazar g\u00fcn\u00fcn\u00fc, \u015fehri ve insanlar\u0131 ke\u015ffetmekle ge\u00e7irdim. \u0130lk izlenimim \u015fuydu: \u015eehir canl\u0131. \u00c7ok say\u0131da insan d\u0131\u015far\u0131da vakit ge\u00e7iriyor. \u015eehir \u00e7ok renkli, k\u00fc\u00e7\u00fck restoranlarla dolu ve insanlar \u00e7ok cana yak\u0131n. Y\u00fcr\u00fcmeyi \u00e7ok seviyorum ve saatlerce yan sokaklara dal\u0131p dola\u015ft\u0131m. Dik yoku\u015flar a\u015fa\u011f\u0131 ve yukar\u0131, bazen tamamen nefesim kesilene kadar. (\u0130stanbul\u2019daki insanlar kesin \u00e7ok fit) Sadece yerlilerin oldu\u011fu yerlerde bulundum. Hemen tek ba\u015f\u0131na gezen bir turist oldu\u011fum anla\u015f\u0131lmas\u0131n diye, reng\u00e2renk bir \u015fal\u0131 ba\u015f\u0131ma gev\u015fek\u00e7e sard\u0131m. Biz de yabanc\u0131lar\u0131n bize uyum sa\u011flamas\u0131n\u0131 seviyoruz, de\u011fil mi? Orada ben yabanc\u0131yd\u0131m. B\u00f6ylece k\u00fc\u00e7\u00fck pazarlardan, oyun oynayan \u00e7ocuklardan, piknik yapan ne\u015feli insanlardan ve yerel yiyeceklerden \u00f6zg\u00fcr ve rahat bir \u015fekilde keyif alabildim. Ben ger\u00e7ek ve otantik olan\u0131 \u00e7ok seviyorum. Pazartesi, 15 A\u011fustos 2016: \u00c7ok heyecanl\u0131 bir \u015fekilde beni almaya gelen hastanenin \u015fof\u00f6r\u00fcn\u00fc bekledim. Hemen hastaneye g\u00f6t\u00fcr\u00fcld\u00fcm ve giri\u015fte, neredeyse t\u00fcm zaman boyunca yan\u0131mda kalan, Almanca konu\u015fan sevimli bir gen\u00e7 taraf\u0131ndan kar\u015f\u0131land\u0131m. Hastane inan\u0131lmaz g\u00fczeldi. Modern ve uyumlu bir \u015fekilde d\u00f6\u015fenmi\u015fti; hemen kendimi rahat ve g\u00fcvenli hissettim. \u00d6nce kan alma i\u015flemi yap\u0131ld\u0131, b\u00f6ylece sa\u00e7 ekiminden sonra daha h\u0131zl\u0131 yara iyile\u015fmesi ve sa\u00e7 b\u00fcy\u00fcmesini desteklemek i\u00e7in plazma (PRP, trombositten zengin plazma) haz\u0131rlanacakt\u0131. Sonras\u0131nda yak\u0131\u015f\u0131kl\u0131 ve sempatik bir doktor taraf\u0131ndan kar\u015f\u0131land\u0131m (siyah sa\u00e7l\u0131 ve mavi g\u00f6zl\u00fc, vay be) ve sa\u00e7 ekimi hakk\u0131nda en detayl\u0131 \u015fekilde bilgilendirildim. Her \u015feyi tam olarak anlayabilmem i\u00e7in, sevimli terc\u00fcman\u0131m her \u015feyi m\u00fckemmel Almancaya \u00e7evirdi. Tedavi odas\u0131nda ekip sa\u00e7lar\u0131m\u0131 haz\u0131rlad\u0131, ense k\u0131sm\u0131m\u0131 t\u0131ra\u015f etti ve\u2026 Aman tanr\u0131m, sa\u00e7lar\u0131m o kadar incedi ki (sa\u00e7 da\u011f\u0131l\u0131m\u0131nda sa\u00e7lar\u0131m sa\u00e7 kutusuna de\u011fil ipek kutusuna d\u00fc\u015fm\u00fc\u015ft\u00fc) doktor bu \u015fekilde sorunumda sadece %25\u2019lik bir iyile\u015fme sa\u011flayabilirdi. En iyi sonucu, t\u00fcm sa\u00e7lar t\u0131ra\u015f edildi\u011finde alabilirdim. Eh\u2026 Bunu \u00f6nce sindirmek gerekiyordu. Ama art\u0131k \u00f6zg\u00fcr olmak istiyordum, sa\u00e7lar\u0131m\u0131 gizlemek istememek, y\u00fczmeye gitmek, ya\u011fmurda y\u00fcr\u00fcy\u00fc\u015f yapmak, sa\u00e7\u0131m\u0131n t\u00fcm seyrek alanlar\u0131 kapat\u0131p kapatmad\u0131\u011f\u0131 konusunda endi\u015felenmemek ve evet, tekrar motosiklete binebilmek, kask\u0131 kamusal alanda ba\u015f\u0131ma takabilmek\u2026 Bir y\u0131l ne ki, 20 y\u0131ld\u0131r sa\u00e7lar\u0131mla hile yap\u0131yordum. Yani kesinlikle evet. Uzun sa\u00e7lar\u0131m t\u0131ra\u015f makinesinin kurban\u0131 oldu ve toplam 3500 k\u00f6k sa\u00e7 nakledildi. Harika bir karar \ud83d\ude42 \u00d6ncesinde kendi kan plazmam ba\u015f\u0131ma s\u00fcr\u00fcld\u00fc. Sonra t\u00fcm sa\u00e7l\u0131 deri b\u00f6lgesi \u00e7ok say\u0131da i\u011fne ile uyu\u015fturuldu. Bilin\u00e7li bir \u015fekilde rahatlayarak prosed\u00fcr\u00fc olduk\u00e7a iyi tolere edebildim. Zaten \u00e7abucak ge\u00e7ti. Ard\u0131ndan sa\u00e7 k\u00f6kleri ense ve yanlardan al\u0131nd\u0131 ve serumda sakland\u0131. Transplantasyon b\u00f6lgesine, ekipteki iki yorulmak bilmez gen\u00e7 kad\u0131n taraf\u0131ndan yap\u0131lan \u00e7ok say\u0131da (3500) i\u011fne ile sa\u00e7 k\u00f6kleri tek tek haz\u0131rlanan deliklere dikildi. Benim ellerim kopard\u0131 herhalde. 6 saat boyunca yorulmadan \u00e7al\u0131\u015fan bu iki gen\u00e7, \u00e7al\u0131\u015fkan peri gibiydi. Nihayet i\u015flem bitti. Ve kendi kel kafam\u0131 hayranl\u0131kla izleyebildim. Hi\u00e7 de fena de\u011fil. Art\u0131k neden seyrek sa\u00e7l\u0131 erkeklerin t\u00fcm sa\u00e7lar\u0131n\u0131 t\u0131ra\u015f ettiklerini anlayabiliyorum. Al\u0131ndaki biraz daha geride konumlanm\u0131\u015f sa\u00e7 \u00e7izgisi \u00e7ok dengeli ve \u015f\u0131k g\u00f6r\u00fcn\u00fcyor. Belki garip gelebilir ama kendimi be\u011fendim. Bu benim. Yine de\u2026 toplum \u2013 ve ben mesle\u011fimde olduk\u00e7a g\u00f6r\u00fcn\u00fcr biriyim. Otele d\u00f6nd\u00fc\u011f\u00fcmde hemen internetten ince k\u0131sa ger\u00e7ek sa\u00e7l\u0131 bir peruk sipari\u015f ettim. 10 g\u00fcn sonra bunu takabilece\u011fim. O zamana kadar kendimi \u00f6zenle drapelenmi\u015f \u015fallar ve k\u0131yafete uygun \u015fapkalarla g\u00f6steriyorum. Ve kimse sa\u00e7lar\u0131m\u0131n t\u0131ra\u015f edildi\u011fini fark etmiyor. Sokakta, \u015fapkamla bile tarz\u0131m nedeniyle yabanc\u0131lardan iltifat al\u0131yorum. \u015eimdi sa\u00e7 ekiminden sonraki g\u00fcne geri d\u00f6nelim. Sabah otelden \u00e7\u0131k\u0131\u015f yapabildim ve t\u00fcm bavullar\u0131m ile birlikte hastanenin \u015fof\u00f6r\u00fc taraf\u0131ndan kar\u015f\u0131land\u0131m. Sonra kontrol muayenesine gittik; her \u015fey genel olarak iyiydi. Biraz oksijen eksikli\u011fi vard\u0131 \u2013 bu nedenle bana burun yoluyla oksijen verildi. Ayr\u0131ca ila\u00e7, \u015fampuan ve losyon verildi; bunlar\u0131 tam talimatlara g\u00f6re kullanmam ve uygulamam gerekiyordu. Davran\u0131\u015f kurallar\u0131 anlat\u0131ld\u0131 ve eve giderken g\u00f6r\u00fcn\u00fcrl\u00fc\u011f\u00fcm\u00fc azaltmak i\u00e7in mavi bir \u015fapka verildi. Doktora ve terc\u00fcmana minnetle veda ettim ve bu kez hastanenin ba\u015fka bir \u015fof\u00f6r\u00fcyle havaalan\u0131na gittik. Eve geldim. \u0130lk g\u00fcnlerde, T\u00fcrkiye\u2019deki tedavi eden doktorla WhatsApp \u00fczerinden her g\u00fcn ileti\u015fim kurdum, kafam\u0131n foto\u011fraflar\u0131n\u0131 g\u00f6nderdim. Doktor, yetkin ve nazik bir \u015fekilde bunlar\u0131 kaydetti, bana sa\u00e7lar\u0131m\u0131 losyon ve \u015fampuan ile nas\u0131l bak\u0131m yapmam gerekti\u011fini g\u00f6steren tavsiyeler ve videolar g\u00f6nderdi. 10 g\u00fcn sonra tekrar foto\u011fraflar g\u00f6ndermem gerekiyordu ve bana kabuklu b\u00f6lgeleri nas\u0131l temizlemem gerekti\u011fini g\u00f6steren bir video talimat\u0131 g\u00f6nderildi. Bug\u00fcn, neredeyse 3 hafta sonra, ekim yap\u0131lan b\u00f6lgenin foto\u011fraflar\u0131n\u0131 g\u00f6ndermem i\u00e7in bir SMS ald\u0131m. T\u00fcm sorular\u0131ma hemen yan\u0131t verildi ve sa\u00e7 derimi nas\u0131l bak\u0131m yapmam gerekti\u011fine dair ek talimatlar g\u00f6nderildi. Belirli bir s\u00fcre sonra tekrar foto\u011fraf g\u00f6ndermem istendi. Ve\u2026 doktor sonu\u00e7tan \u00e7ok memnun. Ben ise daha da\u2026 Yani tam anlam\u0131yla eksiksiz bir bak\u0131m. \u00d6rnek al\u0131nacak d\u00fczeyde, ger\u00e7ekten. Asla beklemeyece\u011fim bir \u015feydi. T\u00fcrkiye\u2019deki profesyonel tedavi ve uyarlanm\u0131\u015f ya\u015fam tarz\u0131m sayesinde, yeni sa\u00e7 k\u00f6kleri ba\u015f\u0131m\u0131n derisinde yerlerini korudu. Al\u0131nan ve ekilen k\u00f6klerdeki kabuklar iyile\u015fti. Neredeyse 3 hafta sonra koyu, ipeksi bir t\u00fcy gibi sa\u00e7lar belirgin \u015fekilde yeniden \u00e7\u0131km\u0131\u015f<\/p>\n","protected":false},"author":4,"featured_media":0,"parent":4603,"menu_order":0,"comment_status":"closed","ping_status":"closed","template":"","meta":{"_joinchat":[],"footnotes":""},"class_list":["post-4688","page","type-page","status-publish","hentry"],"acf":[],"_links":{"self":[{"href":"https:\/\/medicaltravel.at\/tr\/wp-json\/wp\/v2\/pages\/4688","targetHints":{"allow":["GET"]}}],"collection":[{"href":"https:\/\/medicaltravel.at\/tr\/wp-json\/wp\/v2\/pages"}],"about":[{"href":"https:\/\/medicaltravel.at\/tr\/wp-json\/wp\/v2\/types\/page"}],"author":[{"embeddable":true,"href":"https:\/\/medicaltravel.at\/tr\/wp-json\/wp\/v2\/users\/4"}],"replies":[{"embeddable":true,"href":"https:\/\/medicaltravel.at\/tr\/wp-json\/wp\/v2\/comments?post=4688"}],"version-history":[{"count":3,"href":"https:\/\/medicaltravel.at\/tr\/wp-json\/wp\/v2\/pages\/4688\/revisions"}],"predecessor-version":[{"id":5476,"href":"https:\/\/medicaltravel.at\/tr\/wp-json\/wp\/v2\/pages\/4688\/revisions\/5476"}],"up":[{"embeddable":true,"href":"https:\/\/medicaltravel.at\/tr\/wp-json\/wp\/v2\/pages\/4603"}],"wp:attachment":[{"href":"https:\/\/medicaltravel.at\/tr\/wp-json\/wp\/v2\/media?parent=4688"}],"curies":[{"name":"wp","href":"https:\/\/api.w.org\/{rel}","templated":true}]}}