{"id":4686,"date":"2025-09-27T21:17:02","date_gmt":"2025-09-27T20:17:02","guid":{"rendered":"https:\/\/medicaltravel.at\/hasta-hikayeleri\/erfahrungsberichte-behandlungen-tuerkei\/yuez-tedavim-kendi-yagim-ve-peeling-ekim-2017-24-kasim-2017-cuma-tarihli-rapor\/"},"modified":"2026-01-13T14:24:52","modified_gmt":"2026-01-13T13:24:52","slug":"yuez-tedavim-kendi-yagim-ve-peeling-ekim-2017-24-kasim-2017-cuma-tarihli-rapor","status":"publish","type":"page","link":"https:\/\/medicaltravel.at\/tr\/hasta-hikayeleri\/erfahrungsberichte-behandlungen-tuerkei\/yuez-tedavim-kendi-yagim-ve-peeling-ekim-2017-24-kasim-2017-cuma-tarihli-rapor\/","title":{"rendered":"Y\u00fcz Tedavim (Kendi Ya\u011f\u0131m ve Peeling) Ekim 2017 \u2013 24 Kas\u0131m 2017 Cuma Tarihli Rapor"},"content":{"rendered":"\n<p><strong>Y\u00fcz Tedavim (Kendi Ya\u011f\u0131m ve Peeling) Ekim 2017<\/strong> \u2013 24 Kas\u0131m 2017 Cuma Tarihli Rapor<\/p>\n\n\n\n<p>Y\u00fcz Tedavim (Kendi Ya\u011f\u0131m ve Peeling) Ekim 2017<\/p>\n\n\n\n<p>Umar\u0131m deneyimimi anlatt\u0131\u011f\u0131m bu yaz\u0131, hastalar\u0131n do\u011fru karar\u0131 vermesine yard\u0131mc\u0131 olur. Zaten ben, daha \u00f6nce y\u00fcz tedavisi yapt\u0131rm\u0131\u015f birini tan\u0131sayd\u0131m \u00e7ok mutlu olurdum. <\/p>\n\n\n\n<p>Ben 74 ya\u015f\u0131nda bir kad\u0131n\u0131m. Uzun s\u00fcredir y\u00fcz\u00fcmdeki k\u0131r\u0131\u015f\u0131kl\u0131klar beni rahats\u0131z ediyordu. Bu y\u00fczden bir \u00e7\u00f6z\u00fcm aramaya ba\u015flad\u0131m. \u0130nternette ara\u015ft\u0131rma yapt\u0131m ve Medicaltravel gibi se\u00e7eneklerle kar\u015f\u0131la\u015ft\u0131m.   <\/p>\n\n\n\n<p>\u0130stanbul\u2019daki Acibadem Hastanesi\u2019nde kendi ya\u011f dokumla dolgu ve peeling yapt\u0131rmaya karar verdim. \u0130svi\u00e7re\u2019de bu t\u00fcr i\u015flemler \u00e7ok pahal\u0131. <\/p>\n\n\n\n<p>Her \u015fey \u0130svi\u00e7re\u2019deki dan\u0131\u015fmanl\u0131k ile ba\u015flad\u0131. Burada, ameliyat\u0131 ger\u00e7ekle\u015ftirecek olan Dr. Tatlidede ile konu\u015fma imk\u00e2n\u0131 vard\u0131. B\u00f6ylece kiminle muhatap olaca\u011f\u0131n\u0131z\u0131 \u00f6nceden biliyordunuz.  <\/p>\n\n\n\n<p>U\u00e7ak ve oteli Medicaltravel \u00fczerinden ayarlad\u0131m. Her \u015fey sorunsuz ilerledi ve t\u00fcm gerekli belgeleri detayl\u0131 a\u00e7\u0131klamalarla birlikte ald\u0131m. \u0130stanbul Havaliman\u0131\u2019nda Medicaltravel \u00e7al\u0131\u015fanlar\u0131 taraf\u0131ndan bilgi noktas\u0131nda kar\u015f\u0131land\u0131m. Tek ba\u015f\u0131ma seyahat ediyordum, bu y\u00fczden hemen bir muhatap bulmak beni \u00e7ok rahatlatt\u0131. Havaliman\u0131ndan taksiyle otele gittim.    <\/p>\n\n\n\n<p>Ertesi g\u00fcn sabah saatlerinde Dr. \u00d6zt\u00fcrk ile k\u00fc\u00e7\u00fck bir di\u015f onar\u0131m\u0131 yapt\u0131rd\u0131m.<\/p>\n\n\n\n<p>\u00d6\u011fleden sonra y\u00fcz tedavim i\u00e7in \u00f6n muayene yap\u0131ld\u0131. Ertesi g\u00fcn ise ameliyat oldum. Ameliyat s\u0131ras\u0131nda narkoz alt\u0131ndayd\u0131m, yani hi\u00e7bir \u015fey hissetmedim.  <\/p>\n\n\n\n<p>Kar\u0131n b\u00f6lgesinden ya\u011f al\u0131nd\u0131. Bu ya\u011f k\u0131r\u0131\u015f\u0131kl\u0131klara enjekte edildi. Ameliyattan \u00f6nce bulundu\u011fum g\u00fczel odada uyand\u0131m. Y\u00fcz\u00fcm biraz \u015fi\u015fmi\u015f g\u00f6r\u00fcn\u00fcyordu ve hafif bir gerginlik vard\u0131. K\u0131r\u0131\u015f\u0131kl\u0131klar\u0131n neredeyse hepsi kaybolmu\u015ftu. Enjekte edilen ya\u011fdan, s\u00f6ylendi\u011fine g\u00f6re, maalesef sadece bir k\u0131sm\u0131 kal\u0131c\u0131 oluyor. Bu y\u00fczden do\u011fal olarak bende zamanla baz\u0131 k\u0131r\u0131\u015f\u0131kl\u0131klar tekrar ortaya \u00e7\u0131kt\u0131.      <\/p>\n\n\n\n<p>Ameliyattan sonra kar\u0131n b\u00f6lgesine bir sarg\u0131 kondu. \u00c7ok k\u00fc\u00e7\u00fck kesiler \u00f6zenle dikilmi\u015fti. Baz\u0131 hareketlerde kar\u0131nda hafif bir \u00e7ekilme hissediyordum. K\u0131sa s\u00fcre sonra kar\u0131n ka\u015f\u0131nmaya ba\u015flad\u0131. Yakla\u015f\u0131k 2 hafta i\u00e7inde bu sorunlar tamamen ge\u00e7ti.    <\/p>\n\n\n\n<p>Ameliyattan sonra y\u00fcz\u00fcm biraz yara alm\u0131\u015f gibi g\u00f6r\u00fcn\u00fcyordu. Baz\u0131 i\u011fne izlerini kapatmak i\u00e7in \u015feffaf bantlar yap\u0131\u015ft\u0131r\u0131lm\u0131\u015ft\u0131. Ayr\u0131ca baz\u0131 b\u00f6lgelerde morarmalar vard\u0131. Bu y\u00fczden neredeyse insan i\u00e7ine \u00e7\u0131kmaya cesaret edemedim.   <\/p>\n\n\n\n<p>Sabah hastanede ameliyat edildim ve ak\u015fam otele geri g\u00f6t\u00fcr\u00fcld\u00fcm. Ke\u015fke en az bir gece hastanede kalmay\u0131 tercih ederdim. Kendimi g\u00fcvensiz hissettim \u00e7\u00fcnk\u00fc sonu\u00e7ta bu bir ameliyatt\u0131. Bir sorun \u00e7\u0131karsa diye korktum. Hastanede olsayd\u0131m hemen yard\u0131m alabilme \u015fans\u0131m olurdu.    <\/p>\n\n\n\n<p>Otelden memnundum. Ke\u015fke hastaneye daha yak\u0131n olsayd\u0131. \u00c7\u00fcnk\u00fc \u0130stanbul trafi\u011fi ger\u00e7ekten kabus gibi. Bu y\u00fczden taksiden indi\u011fimde hep rahatlad\u0131m. Taksiler benim i\u00e7in olduk\u00e7a korkutucuydu.    <\/p>\n\n\n\n<p>Taksi hizmetinin her zaman organize olmas\u0131 ve adeta bir kral gibi gidip gelmem sa\u011flanmas\u0131 tabii ki harikayd\u0131. Bu yolculuklar toplam fiyata dahildi. <\/p>\n\n\n\n<p>Ameliyattan bu yana 7 hafta ge\u00e7ti. Y\u00fcz\u00fcm daha iyi g\u00f6r\u00fcn\u00fcyor. Peeling sayesinde ciltteki lekelerim a\u00e7\u0131ld\u0131, baz\u0131lar\u0131 tamamen kayboldu. Yak\u0131n zamanda \u0130svi\u00e7re\u2019de, Zug\u2019da bir kontrol randevusuna gittim. Doktor, bu i\u015flemin tekrarlanmas\u0131n\u0131 \u00f6nerdi. Tekrar uyguland\u0131\u011f\u0131nda, yeni verilen ya\u011f\u0131n yakla\u015f\u0131k %30\u2019u kalacak ve y\u00fcz\u00fcn s\u0131k\u0131l\u0131\u011f\u0131 daha da artacak. Ba\u015fta fark etmedi\u011fim \u015fey, asl\u0131nda genellikle i\u015flemin bir kez daha yap\u0131lmas\u0131n\u0131n gerekti\u011fiydi. Bu, \u0130svi\u00e7re\u2019deki ilk g\u00f6r\u00fc\u015fmede daha net belirtilmeliydi.     <\/p>\n\n\n\n<p>Eve d\u00f6nd\u00fckten sonra \u2013 \u0130stanbul\u2019da 5 gece kald\u0131m \u2013 y\u00fcz\u00fcm\u00fcn farkl\u0131 b\u00f6lgelerinde deri soyulmaya ba\u015flad\u0131. Bunun peelingden kaynakland\u0131\u011f\u0131n\u0131 d\u00fc\u015f\u00fcn\u00fcyorum. G\u00f6r\u00fcnt\u00fc ger\u00e7ekten \u00e7ok k\u00f6t\u00fcyd\u00fc. G\u00fcne\u015f yan\u0131\u011f\u0131ndan sonra derinin soyulmas\u0131na benziyordu. Her \u015feyin tekrar normale d\u00f6nmesi 3 haftadan fazla s\u00fcrd\u00fc.    <\/p>\n\n\n\n<p>Hastane \u00e7ok g\u00fczel, temiz, modern ve son derece iyi donan\u0131ml\u0131yd\u0131. Doktorlar, hem\u015fireler yani t\u00fcm personel g\u00fcler y\u00fczl\u00fc ve yard\u0131mseverdi. \u00c7o\u011fu \u0130ngilizce konu\u015fabiliyordu. Buna ra\u011fmen Almanca terc\u00fcman\u0131m\u0131n olmas\u0131na \u00e7ok sevindim, \u00e7\u00fcnk\u00fc insan kendi ana dilinde kendini daha rahat ifade edebiliyor.   <\/p>\n\n\n\n<p>Eve d\u00f6nd\u00fc\u011f\u00fcmde tan\u0131d\u0131klar\u0131m\u0131n ve arkada\u015flar\u0131m\u0131n de\u011fi\u015fen d\u0131\u015f g\u00f6r\u00fcn\u00fc\u015f\u00fcmle ilgili soru soraca\u011f\u0131ndan endi\u015fe ediyordum. Neyse ki b\u00f6yle bir \u015fey olmad\u0131. Zaten yabanc\u0131 ya da farkl\u0131 g\u00f6r\u00fcnmek istemiyordum, do\u011fall\u0131\u011f\u0131m\u0131 korumak istiyordum. Beni daha \u00f6nce dikkatlice incelememi\u015f olan biri, cildimin art\u0131k daha p\u00fcr\u00fczs\u00fcz oldu\u011funu neredeyse fark etmez.   <\/p>\n\n\n\n<p>Bu arada, t\u00fcm organizasyon s\u00fcreci gerek \u0130svi\u00e7re\u2019de gerekse T\u00fcrkiye\u2019de kusursuz, hatta m\u00fckemmel \u015fekilde ilerledi.<\/p>\n\n\n\n<p>\u015eimdi ise bir sonraki tedaviye ba\u015fvurup ba\u015fvurmamay\u0131 ve bunun ne zaman olaca\u011f\u0131n\u0131 d\u00fc\u015f\u00fcn\u00fcyorum. E\u011fer buna karar verirsem, ayn\u0131 zamanda g\u00f6z kapa\u011f\u0131 esteti\u011fi de yapt\u0131rmak istiyorum. <\/p>\n\n\n\n<p>Hastane, doktorlar, hem\u015fireler, organizasyon ve di\u011fer her \u015fey bende o kadar iyi bir izlenim b\u0131rakt\u0131 ki, bir sonraki ameliyata ge\u00e7en seferkinden \u00e7ok daha fazla g\u00fcvenle girebilirim. <\/p>\n\n\n\n<p>E\u011fer biri benden ki\u015fisel bilgi almak isterse, elbette Medicaltravel \u00fczerinden benimle ileti\u015fime ge\u00e7ebilir.<\/p>\n\n\n\n<p>Monika B.<\/p>\n\n\n\n<div class=\"wp-block-group is-layout-grid wp-container-core-group-is-layout-baef362d wp-block-group-is-layout-grid\">\n<p><a href=\"https:\/\/medicaltravel.at\/home\/agb\/\" data-type=\"page\" data-id=\"2191\"><\/a><a href=\"https:\/\/medicaltravel.at\/tr\/hasta-hikayeleri\/erfahrungsberichte-behandlungen-tuerkei\/istanbulda-meme-ameliyatim-30-kasim-2017-persembe-tarihli-rapor\/\" data-type=\"link\" data-id=\"https:\/\/medicaltravel.at\/berichte-von-patienten\/erfahrungsberichte\/meine-brustoperation-in-istanbul-bericht-vom-donnerstag-30-november-2017\/\">\u00d6nceki Rapor<\/a><\/p>\n\n\n\n<p class=\"has-text-align-right wp-container-content-5e2576f9\"><a href=\"https:\/\/medicaltravel.at\/home\/impressum\/\" data-type=\"page\" data-id=\"2193\"><\/a><a href=\"https:\/\/medicaltravel.at\/home\/berichte-von-patienten\/erfahrungsberichte\/erfahrungsbericht-zahnbehandlung-in-istanbul\/\" data-type=\"page\" data-id=\"981\"><\/a><a href=\"https:\/\/medicaltravel.at\/tr\/hasta-hikayeleri\/erfahrungsberichte-behandlungen-tuerkei\/dis-korkusu-mu-istanbulda-bunu-unutun-07-kasim-2017-sali-tarihli-rapor\/\" data-type=\"link\" data-id=\"https:\/\/medicaltravel.at\/tr\/hasta-hikayeleri\/erfahrungsberichte-behandlungen-tuerkei\/dis-korkusu-mu-istanbulda-bunu-unutun-07-kasim-2017-sali-tarihli-rapor\/\">Sonraki Rapor<\/a><\/p>\n<\/div>\n","protected":false},"excerpt":{"rendered":"<p>Y\u00fcz Tedavim (Kendi Ya\u011f\u0131m ve Peeling) Ekim 2017 \u2013 24 Kas\u0131m 2017 Cuma Tarihli Rapor Y\u00fcz Tedavim (Kendi Ya\u011f\u0131m ve Peeling) Ekim 2017 Umar\u0131m deneyimimi anlatt\u0131\u011f\u0131m bu yaz\u0131, hastalar\u0131n do\u011fru karar\u0131 vermesine yard\u0131mc\u0131 olur. Zaten ben, daha \u00f6nce y\u00fcz tedavisi yapt\u0131rm\u0131\u015f birini tan\u0131sayd\u0131m \u00e7ok mutlu olurdum. Ben 74 ya\u015f\u0131nda bir kad\u0131n\u0131m. Uzun s\u00fcredir y\u00fcz\u00fcmdeki k\u0131r\u0131\u015f\u0131kl\u0131klar beni rahats\u0131z ediyordu. Bu y\u00fczden bir \u00e7\u00f6z\u00fcm aramaya ba\u015flad\u0131m. \u0130nternette ara\u015ft\u0131rma yapt\u0131m ve Medicaltravel gibi se\u00e7eneklerle kar\u015f\u0131la\u015ft\u0131m. \u0130stanbul\u2019daki Acibadem Hastanesi\u2019nde kendi ya\u011f dokumla dolgu ve peeling yapt\u0131rmaya karar verdim. \u0130svi\u00e7re\u2019de bu t\u00fcr i\u015flemler \u00e7ok pahal\u0131. Her \u015fey \u0130svi\u00e7re\u2019deki dan\u0131\u015fmanl\u0131k ile ba\u015flad\u0131. Burada, ameliyat\u0131 ger\u00e7ekle\u015ftirecek olan Dr. Tatlidede ile konu\u015fma imk\u00e2n\u0131 vard\u0131. B\u00f6ylece kiminle muhatap olaca\u011f\u0131n\u0131z\u0131 \u00f6nceden biliyordunuz. U\u00e7ak ve oteli Medicaltravel \u00fczerinden ayarlad\u0131m. Her \u015fey sorunsuz ilerledi ve t\u00fcm gerekli belgeleri detayl\u0131 a\u00e7\u0131klamalarla birlikte ald\u0131m. \u0130stanbul Havaliman\u0131\u2019nda Medicaltravel \u00e7al\u0131\u015fanlar\u0131 taraf\u0131ndan bilgi noktas\u0131nda kar\u015f\u0131land\u0131m. Tek ba\u015f\u0131ma seyahat ediyordum, bu y\u00fczden hemen bir muhatap bulmak beni \u00e7ok rahatlatt\u0131. Havaliman\u0131ndan taksiyle otele gittim. Ertesi g\u00fcn sabah saatlerinde Dr. \u00d6zt\u00fcrk ile k\u00fc\u00e7\u00fck bir di\u015f onar\u0131m\u0131 yapt\u0131rd\u0131m. \u00d6\u011fleden sonra y\u00fcz tedavim i\u00e7in \u00f6n muayene yap\u0131ld\u0131. Ertesi g\u00fcn ise ameliyat oldum. Ameliyat s\u0131ras\u0131nda narkoz alt\u0131ndayd\u0131m, yani hi\u00e7bir \u015fey hissetmedim. Kar\u0131n b\u00f6lgesinden ya\u011f al\u0131nd\u0131. Bu ya\u011f k\u0131r\u0131\u015f\u0131kl\u0131klara enjekte edildi. Ameliyattan \u00f6nce bulundu\u011fum g\u00fczel odada uyand\u0131m. Y\u00fcz\u00fcm biraz \u015fi\u015fmi\u015f g\u00f6r\u00fcn\u00fcyordu ve hafif bir gerginlik vard\u0131. K\u0131r\u0131\u015f\u0131kl\u0131klar\u0131n neredeyse hepsi kaybolmu\u015ftu. Enjekte edilen ya\u011fdan, s\u00f6ylendi\u011fine g\u00f6re, maalesef sadece bir k\u0131sm\u0131 kal\u0131c\u0131 oluyor. Bu y\u00fczden do\u011fal olarak bende zamanla baz\u0131 k\u0131r\u0131\u015f\u0131kl\u0131klar tekrar ortaya \u00e7\u0131kt\u0131. Ameliyattan sonra kar\u0131n b\u00f6lgesine bir sarg\u0131 kondu. \u00c7ok k\u00fc\u00e7\u00fck kesiler \u00f6zenle dikilmi\u015fti. Baz\u0131 hareketlerde kar\u0131nda hafif bir \u00e7ekilme hissediyordum. K\u0131sa s\u00fcre sonra kar\u0131n ka\u015f\u0131nmaya ba\u015flad\u0131. Yakla\u015f\u0131k 2 hafta i\u00e7inde bu sorunlar tamamen ge\u00e7ti. Ameliyattan sonra y\u00fcz\u00fcm biraz yara alm\u0131\u015f gibi g\u00f6r\u00fcn\u00fcyordu. Baz\u0131 i\u011fne izlerini kapatmak i\u00e7in \u015feffaf bantlar yap\u0131\u015ft\u0131r\u0131lm\u0131\u015ft\u0131. Ayr\u0131ca baz\u0131 b\u00f6lgelerde morarmalar vard\u0131. Bu y\u00fczden neredeyse insan i\u00e7ine \u00e7\u0131kmaya cesaret edemedim. Sabah hastanede ameliyat edildim ve ak\u015fam otele geri g\u00f6t\u00fcr\u00fcld\u00fcm. Ke\u015fke en az bir gece hastanede kalmay\u0131 tercih ederdim. Kendimi g\u00fcvensiz hissettim \u00e7\u00fcnk\u00fc sonu\u00e7ta bu bir ameliyatt\u0131. Bir sorun \u00e7\u0131karsa diye korktum. Hastanede olsayd\u0131m hemen yard\u0131m alabilme \u015fans\u0131m olurdu. Otelden memnundum. Ke\u015fke hastaneye daha yak\u0131n olsayd\u0131. \u00c7\u00fcnk\u00fc \u0130stanbul trafi\u011fi ger\u00e7ekten kabus gibi. Bu y\u00fczden taksiden indi\u011fimde hep rahatlad\u0131m. Taksiler benim i\u00e7in olduk\u00e7a korkutucuydu. Taksi hizmetinin her zaman organize olmas\u0131 ve adeta bir kral gibi gidip gelmem sa\u011flanmas\u0131 tabii ki harikayd\u0131. Bu yolculuklar toplam fiyata dahildi. Ameliyattan bu yana 7 hafta ge\u00e7ti. Y\u00fcz\u00fcm daha iyi g\u00f6r\u00fcn\u00fcyor. Peeling sayesinde ciltteki lekelerim a\u00e7\u0131ld\u0131, baz\u0131lar\u0131 tamamen kayboldu. Yak\u0131n zamanda \u0130svi\u00e7re\u2019de, Zug\u2019da bir kontrol randevusuna gittim. Doktor, bu i\u015flemin tekrarlanmas\u0131n\u0131 \u00f6nerdi. Tekrar uyguland\u0131\u011f\u0131nda, yeni verilen ya\u011f\u0131n yakla\u015f\u0131k %30\u2019u kalacak ve y\u00fcz\u00fcn s\u0131k\u0131l\u0131\u011f\u0131 daha da artacak. Ba\u015fta fark etmedi\u011fim \u015fey, asl\u0131nda genellikle i\u015flemin bir kez daha yap\u0131lmas\u0131n\u0131n gerekti\u011fiydi. Bu, \u0130svi\u00e7re\u2019deki ilk g\u00f6r\u00fc\u015fmede daha net belirtilmeliydi. Eve d\u00f6nd\u00fckten sonra \u2013 \u0130stanbul\u2019da 5 gece kald\u0131m \u2013 y\u00fcz\u00fcm\u00fcn farkl\u0131 b\u00f6lgelerinde deri soyulmaya ba\u015flad\u0131. Bunun peelingden kaynakland\u0131\u011f\u0131n\u0131 d\u00fc\u015f\u00fcn\u00fcyorum. G\u00f6r\u00fcnt\u00fc ger\u00e7ekten \u00e7ok k\u00f6t\u00fcyd\u00fc. G\u00fcne\u015f yan\u0131\u011f\u0131ndan sonra derinin soyulmas\u0131na benziyordu. Her \u015feyin tekrar normale d\u00f6nmesi 3 haftadan fazla s\u00fcrd\u00fc. Hastane \u00e7ok g\u00fczel, temiz, modern ve son derece iyi donan\u0131ml\u0131yd\u0131. Doktorlar, hem\u015fireler yani t\u00fcm personel g\u00fcler y\u00fczl\u00fc ve yard\u0131mseverdi. \u00c7o\u011fu \u0130ngilizce konu\u015fabiliyordu. Buna ra\u011fmen Almanca terc\u00fcman\u0131m\u0131n olmas\u0131na \u00e7ok sevindim, \u00e7\u00fcnk\u00fc insan kendi ana dilinde kendini daha rahat ifade edebiliyor. Eve d\u00f6nd\u00fc\u011f\u00fcmde tan\u0131d\u0131klar\u0131m\u0131n ve arkada\u015flar\u0131m\u0131n de\u011fi\u015fen d\u0131\u015f g\u00f6r\u00fcn\u00fc\u015f\u00fcmle ilgili soru soraca\u011f\u0131ndan endi\u015fe ediyordum. Neyse ki b\u00f6yle bir \u015fey olmad\u0131. Zaten yabanc\u0131 ya da farkl\u0131 g\u00f6r\u00fcnmek istemiyordum, do\u011fall\u0131\u011f\u0131m\u0131 korumak istiyordum. Beni daha \u00f6nce dikkatlice incelememi\u015f olan biri, cildimin art\u0131k daha p\u00fcr\u00fczs\u00fcz oldu\u011funu neredeyse fark etmez. Bu arada, t\u00fcm organizasyon s\u00fcreci gerek \u0130svi\u00e7re\u2019de gerekse T\u00fcrkiye\u2019de kusursuz, hatta m\u00fckemmel \u015fekilde ilerledi. \u015eimdi ise bir sonraki tedaviye ba\u015fvurup ba\u015fvurmamay\u0131 ve bunun ne zaman olaca\u011f\u0131n\u0131 d\u00fc\u015f\u00fcn\u00fcyorum. E\u011fer buna karar verirsem, ayn\u0131 zamanda g\u00f6z kapa\u011f\u0131 esteti\u011fi de yapt\u0131rmak istiyorum. Hastane, doktorlar, hem\u015fireler, organizasyon ve di\u011fer her \u015fey bende o kadar iyi bir izlenim b\u0131rakt\u0131 ki, bir sonraki ameliyata ge\u00e7en seferkinden \u00e7ok daha fazla g\u00fcvenle girebilirim. E\u011fer biri benden ki\u015fisel bilgi almak isterse, elbette Medicaltravel \u00fczerinden benimle ileti\u015fime ge\u00e7ebilir. Monika B. \u00d6nceki Rapor Sonraki Rapor<\/p>\n","protected":false},"author":4,"featured_media":0,"parent":4603,"menu_order":0,"comment_status":"closed","ping_status":"closed","template":"","meta":{"_joinchat":[],"footnotes":""},"class_list":["post-4686","page","type-page","status-publish","hentry"],"acf":[],"_links":{"self":[{"href":"https:\/\/medicaltravel.at\/tr\/wp-json\/wp\/v2\/pages\/4686","targetHints":{"allow":["GET"]}}],"collection":[{"href":"https:\/\/medicaltravel.at\/tr\/wp-json\/wp\/v2\/pages"}],"about":[{"href":"https:\/\/medicaltravel.at\/tr\/wp-json\/wp\/v2\/types\/page"}],"author":[{"embeddable":true,"href":"https:\/\/medicaltravel.at\/tr\/wp-json\/wp\/v2\/users\/4"}],"replies":[{"embeddable":true,"href":"https:\/\/medicaltravel.at\/tr\/wp-json\/wp\/v2\/comments?post=4686"}],"version-history":[{"count":2,"href":"https:\/\/medicaltravel.at\/tr\/wp-json\/wp\/v2\/pages\/4686\/revisions"}],"predecessor-version":[{"id":5759,"href":"https:\/\/medicaltravel.at\/tr\/wp-json\/wp\/v2\/pages\/4686\/revisions\/5759"}],"up":[{"embeddable":true,"href":"https:\/\/medicaltravel.at\/tr\/wp-json\/wp\/v2\/pages\/4603"}],"wp:attachment":[{"href":"https:\/\/medicaltravel.at\/tr\/wp-json\/wp\/v2\/media?parent=4686"}],"curies":[{"name":"wp","href":"https:\/\/api.w.org\/{rel}","templated":true}]}}