{"id":4684,"date":"2025-09-27T21:13:18","date_gmt":"2025-09-27T20:13:18","guid":{"rendered":"https:\/\/medicaltravel.at\/hasta-hikayeleri\/erfahrungsberichte-behandlungen-tuerkei\/sac-ekimi-deneyimim-istanbul-09-subat-2018-cuma-guenue-raporu\/"},"modified":"2026-01-13T14:21:16","modified_gmt":"2026-01-13T13:21:16","slug":"sac-ekimi-deneyimim-istanbul-09-subat-2018-cuma-guenue-raporu","status":"publish","type":"page","link":"https:\/\/medicaltravel.at\/tr\/hasta-hikayeleri\/erfahrungsberichte-behandlungen-tuerkei\/sac-ekimi-deneyimim-istanbul-09-subat-2018-cuma-guenue-raporu\/","title":{"rendered":"Sa\u00e7 ekimi deneyimim \u0130stanbul \u2013 09 \u015eubat 2018 Cuma g\u00fcn\u00fc raporu"},"content":{"rendered":"\n<p><strong>Sa\u00e7 ekimi deneyimim \u0130stanbul <\/strong>\u2013 09 \u015eubat 2018 Cuma g\u00fcn\u00fc raporu<\/p>\n\n<p>Yakla\u015f\u0131k 3\u20134 y\u0131ld\u0131r sa\u00e7 ekimi ile ilgileniyorum. \u0130nternet \u00fczerinden \u00e7ok \u015fey okudum ve iyi bir \u015fekilde bilgi edindim. <\/p>\n\n<p>Yakla\u015f\u0131k 2 y\u0131l \u00f6nce ad\u0131m\u0131 att\u0131m ve Z\u00fcrih\u2019te bir klinikte dan\u0131\u015fma g\u00f6r\u00fc\u015fmesine gittim. Bana 3000 greft i\u00e7in 13.000 CHF teklif edildi, bu da beni biraz \u015fok etti. \u0130svi\u00e7re\u2019deki di\u011fer sa\u011flay\u0131c\u0131lara da sa\u00e7lar\u0131m\u0131n foto\u011fraflar\u0131n\u0131 g\u00f6nderip teklif ald\u0131m, ancak burada fiyatlar 18.000\u2019e kadar \u00e7\u0131k\u0131yordu. Art\u0131k benim i\u00e7in \u0130svi\u00e7re\u2019de sa\u00e7 ekimi yapt\u0131rmak s\u00f6z konusu de\u011fildi.   <\/p>\n\n<p>Tabii ki T\u00fcrkiye\u2019de sa\u00e7 ekimi hakk\u0131nda internetten de \u00e7ok \u015fey okudum ama hep biraz \u015f\u00fcpheliydim. Hep, T\u00fcrkiye\u2019de sa\u00e7 ekimi yapt\u0131rm\u0131\u015f ve bana bir klinik \u00f6nerebilecek bir ki\u015fiyi bekledim. <\/p>\n\n<p>Bir g\u00fcn i\u015f yerimde gazetede 20 Minuten\u2019de Medical Travel\u2019in ilan\u0131n\u0131 g\u00f6rd\u00fcm. Hemen ilgimi \u00e7ekti \u00e7\u00fcnk\u00fc arkas\u0131nda bir \u0130svi\u00e7re firmas\u0131 oldu\u011funu biliyordum. \u0130ki i\u015f arkada\u015f\u0131m ile birlikte hemen Medical Travel ile ileti\u015fime ge\u00e7tik. Sa\u00e7lar\u0131m\u0131z\u0131n foto\u011fraflar\u0131n\u0131 g\u00f6nderdik ve \u00e7ok h\u0131zl\u0131 bir \u015fekilde geri d\u00f6n\u00fc\u015f ald\u0131k; hem tavsiye hem de fiyat teklifi (\u0130svi\u00e7re\u2019ye g\u00f6re 5 kat daha ucuz) verildi. G\u00fcvenlik i\u00e7in \u00fccretsiz bir dan\u0131\u015fma randevusu i\u00e7in Zug\u2019a gittik; burada T\u00fcrkiye\u2019deki klinikten bir doktorla da tan\u0131\u015fma f\u0131rsat\u0131m\u0131z oldu. \u0130\u015fte o andan itibaren sa\u00e7 ekimini kesinlikle yapt\u0131rmaya karar verdim.     <\/p>\n\n<p>2018 y\u0131l\u0131n\u0131n 22 Ocak Pazar g\u00fcn\u00fc i\u015f arkada\u015f\u0131m ile birlikte T\u00fcrk Hava Yollar\u0131 ile \u0130stanbul\u2019a u\u00e7tum. Havaalan\u0131na vard\u0131\u011f\u0131m\u0131zda, havaalan\u0131nda kendi stand\u0131 olan Ac\u0131badem ekibi taraf\u0131ndan hemen kar\u015f\u0131land\u0131k. Oradan direkt Levent Otel\u2019e g\u00f6t\u00fcr\u00fcld\u00fck. Ertesi g\u00fcn bir \u015fof\u00f6r bizi al\u0131p klini\u011fe getirdi. Klinik \u00e7ok temiz ve son derece modern g\u00f6r\u00fcn\u00fcyordu. Burada Almanca konu\u015fan bir terc\u00fcman taraf\u0131ndan \u00e7ok nazik bir \u015fekilde kar\u015f\u0131land\u0131k. Bu terc\u00fcman t\u00fcm tedavi boyunca bize e\u015flik etti ve \u00e7ok samimi ve bilgilendirici tav\u0131rlar\u0131 sayesinde her zaman \u00e7ok g\u00fcvende hissettim.      <\/p>\n\n<p>\u0130lk g\u00fcn PRP tedavisi uyguland\u0131; doktor, \u0130svi\u00e7re\u2019deki dan\u0131\u015fma g\u00f6r\u00fc\u015fmesinde de bulunan ayn\u0131 doktordu. Ertesi g\u00fcn ise sa\u00e7 ekimi yap\u0131ld\u0131. Yakla\u015f\u0131k 5 saat s\u00fcren i\u015flem \u00e7ok iyi ve \u00f6zellikle tamamen a\u011fr\u0131s\u0131z \u015fekilde tamamland\u0131. Bana toplam 3600 greft nakledildi. \u0130\u015flem s\u0131ras\u0131nda neredeyse uyuyakald\u0131m \u00e7\u00fcnk\u00fc hi\u00e7 bir \u015fey hissetmedim. Operasyon tamamland\u0131\u011f\u0131nda kendimi \u00e7ok iyi hissettim. \u00dc\u00e7\u00fcnc\u00fc g\u00fcn tekrar kontrole gittik ve bandaj\u0131m\u0131z de\u011fi\u015ftirildi. Ak\u015fam ise geri u\u00e7tuk.       <\/p>\n\n<p>Evde 10 g\u00fcn boyunca dinlendim ve sonras\u0131nda hi\u00e7 a\u011fr\u0131 hissetmedim. O zamandan beri Alman rehberimle s\u00fcrekli WhatsApp \u00fczerinden ileti\u015fim halindeyim; sa\u00e7lar\u0131m\u0131n foto\u011fraflar\u0131n\u0131 g\u00f6nderiyorum, o da bana ipu\u00e7lar\u0131 ve sonraki ad\u0131mlar\u0131 bildiriyor. Operasyondan bu yana 2 hafta ge\u00e7ti ve kendimi \u00e7ok iyi hissediyorum. Art\u0131k insan i\u00e7ine \u00e7\u0131karken hi\u00e7bir endi\u015fem yok; operasyonun etkilerinden sadece hafif bir k\u0131zar\u0131kl\u0131k kald\u0131. Sonucun nas\u0131l g\u00f6r\u00fcnece\u011fini hen\u00fcz tam olarak s\u00f6yleyemem \u00e7\u00fcnk\u00fc birka\u00e7 ay i\u00e7inde ortaya \u00e7\u0131kacak, ama iyi bir hisse sahibim ve kesinlikle harika g\u00f6r\u00fcnece\u011fine %100 eminim.   <\/p>\n\n<p>K\u0131saca \u00f6zetlemek gerekirse t\u00fcm seyahatten ger\u00e7ekten \u00e7ok memnun kald\u0131m ve g\u00f6n\u00fcl rahatl\u0131\u011f\u0131yla tavsiye edebilirim. Hem klinik hem de otel m\u00fckemmeldi ve t\u00fcm organizasyon, havaalan\u0131 kar\u015f\u0131lama ve seyahat e\u015fli\u011fini de kapsayan hizmet harikayd\u0131. <\/p>\n\n<p>Hen\u00fcz karar verememi\u015f olanlar i\u00e7in tavsiyem: \u00d6nce ba\u011flay\u0131c\u0131 olmayan bir teklif almak, ard\u0131ndan doktorla bir dan\u0131\u015fma g\u00f6r\u00fc\u015fmesine kat\u0131lmak en iyisi. Bundan sonra hi\u00e7bir \u015f\u00fcphe kalmamal\u0131. \u0130stanbul\u2019da 3 gece yeterli, ancak sonras\u0131nda evde 1 hafta daha kalmay\u0131 tavsiye ediyorum. Benim gibi t\u00fcm i\u015flemleri MedicalTravel \u00fczerinden ayarlay\u0131p \u00f6derseniz, \u0130stanbul\u2019da 3-4 g\u00fcn boyunca yiyecek ve i\u00e7ecek i\u00e7in yakla\u015f\u0131k 100 Euro yeterli oluyor.  <\/p>\n\n<p>Pascal B. 07.02.2018<\/p>\n\n<div class=\"wp-block-group is-layout-grid wp-container-core-group-is-layout-baef362d wp-block-group-is-layout-grid\">\n<p><a href=\"https:\/\/medicaltravel.at\/home\/agb\/\" data-type=\"page\" data-id=\"2191\"><\/a><a href=\"https:\/\/medicaltravel.at\/tr\/hasta-hikayeleri\/erfahrungsberichte-behandlungen-tuerkei\/agrilar-gecer-sonuc-kalir-carsamba-28-subat-2018-tarihli-deneyim-yazisi\/\" data-type=\"link\" data-id=\"https:\/\/medicaltravel.at\/berichte-von-patienten\/erfahrungsberichte\/die-schmerzen-vergehen-das-ergebnis-bleibt-bericht-vom-mittwoch-28-februar-2018\/\">\u00d6nceki Rapor<\/a><\/p>\n\n\n\n<p class=\"has-text-align-right wp-container-content-5e2576f9\"><a href=\"https:\/\/medicaltravel.at\/home\/impressum\/\" data-type=\"page\" data-id=\"2193\"><\/a><a href=\"https:\/\/medicaltravel.at\/home\/berichte-von-patienten\/erfahrungsberichte\/erfahrungsbericht-zahnbehandlung-in-istanbul\/\" data-type=\"page\" data-id=\"981\"><\/a><a href=\"https:\/\/medicaltravel.at\/tr\/hasta-hikayeleri\/erfahrungsberichte-behandlungen-tuerkei\/istanbuldaki-kaplama-disler-sayesinde-sonunda-yeniden-gueluemsueyorum-7-subat-2018-carsamba-tarihli-rapor\/\" data-type=\"link\" data-id=\"https:\/\/medicaltravel.at\/berichte-von-patienten\/erfahrungsberichte\/endlich-wieder-laecheln-dank-veneers-in-istanbul-bericht-vom-mittwoch-07-februar-2018\/\">Sonraki Rapor<\/a><\/p>\n<\/div>\n","protected":false},"excerpt":{"rendered":"<p>Sa\u00e7 ekimi deneyimim \u0130stanbul \u2013 09 \u015eubat 2018 Cuma g\u00fcn\u00fc raporu Yakla\u015f\u0131k 3\u20134 y\u0131ld\u0131r sa\u00e7 ekimi ile ilgileniyorum. \u0130nternet \u00fczerinden \u00e7ok \u015fey okudum ve iyi bir \u015fekilde bilgi edindim. Yakla\u015f\u0131k 2 y\u0131l \u00f6nce ad\u0131m\u0131 att\u0131m ve Z\u00fcrih\u2019te bir klinikte dan\u0131\u015fma g\u00f6r\u00fc\u015fmesine gittim. Bana 3000 greft i\u00e7in 13.000 CHF teklif edildi, bu da beni biraz \u015fok etti. \u0130svi\u00e7re\u2019deki di\u011fer sa\u011flay\u0131c\u0131lara da sa\u00e7lar\u0131m\u0131n foto\u011fraflar\u0131n\u0131 g\u00f6nderip teklif ald\u0131m, ancak burada fiyatlar 18.000\u2019e kadar \u00e7\u0131k\u0131yordu. Art\u0131k benim i\u00e7in \u0130svi\u00e7re\u2019de sa\u00e7 ekimi yapt\u0131rmak s\u00f6z konusu de\u011fildi. Tabii ki T\u00fcrkiye\u2019de sa\u00e7 ekimi hakk\u0131nda internetten de \u00e7ok \u015fey okudum ama hep biraz \u015f\u00fcpheliydim. Hep, T\u00fcrkiye\u2019de sa\u00e7 ekimi yapt\u0131rm\u0131\u015f ve bana bir klinik \u00f6nerebilecek bir ki\u015fiyi bekledim. Bir g\u00fcn i\u015f yerimde gazetede 20 Minuten\u2019de Medical Travel\u2019in ilan\u0131n\u0131 g\u00f6rd\u00fcm. Hemen ilgimi \u00e7ekti \u00e7\u00fcnk\u00fc arkas\u0131nda bir \u0130svi\u00e7re firmas\u0131 oldu\u011funu biliyordum. \u0130ki i\u015f arkada\u015f\u0131m ile birlikte hemen Medical Travel ile ileti\u015fime ge\u00e7tik. Sa\u00e7lar\u0131m\u0131z\u0131n foto\u011fraflar\u0131n\u0131 g\u00f6nderdik ve \u00e7ok h\u0131zl\u0131 bir \u015fekilde geri d\u00f6n\u00fc\u015f ald\u0131k; hem tavsiye hem de fiyat teklifi (\u0130svi\u00e7re\u2019ye g\u00f6re 5 kat daha ucuz) verildi. G\u00fcvenlik i\u00e7in \u00fccretsiz bir dan\u0131\u015fma randevusu i\u00e7in Zug\u2019a gittik; burada T\u00fcrkiye\u2019deki klinikten bir doktorla da tan\u0131\u015fma f\u0131rsat\u0131m\u0131z oldu. \u0130\u015fte o andan itibaren sa\u00e7 ekimini kesinlikle yapt\u0131rmaya karar verdim. 2018 y\u0131l\u0131n\u0131n 22 Ocak Pazar g\u00fcn\u00fc i\u015f arkada\u015f\u0131m ile birlikte T\u00fcrk Hava Yollar\u0131 ile \u0130stanbul\u2019a u\u00e7tum. Havaalan\u0131na vard\u0131\u011f\u0131m\u0131zda, havaalan\u0131nda kendi stand\u0131 olan Ac\u0131badem ekibi taraf\u0131ndan hemen kar\u015f\u0131land\u0131k. Oradan direkt Levent Otel\u2019e g\u00f6t\u00fcr\u00fcld\u00fck. Ertesi g\u00fcn bir \u015fof\u00f6r bizi al\u0131p klini\u011fe getirdi. Klinik \u00e7ok temiz ve son derece modern g\u00f6r\u00fcn\u00fcyordu. Burada Almanca konu\u015fan bir terc\u00fcman taraf\u0131ndan \u00e7ok nazik bir \u015fekilde kar\u015f\u0131land\u0131k. Bu terc\u00fcman t\u00fcm tedavi boyunca bize e\u015flik etti ve \u00e7ok samimi ve bilgilendirici tav\u0131rlar\u0131 sayesinde her zaman \u00e7ok g\u00fcvende hissettim. \u0130lk g\u00fcn PRP tedavisi uyguland\u0131; doktor, \u0130svi\u00e7re\u2019deki dan\u0131\u015fma g\u00f6r\u00fc\u015fmesinde de bulunan ayn\u0131 doktordu. Ertesi g\u00fcn ise sa\u00e7 ekimi yap\u0131ld\u0131. Yakla\u015f\u0131k 5 saat s\u00fcren i\u015flem \u00e7ok iyi ve \u00f6zellikle tamamen a\u011fr\u0131s\u0131z \u015fekilde tamamland\u0131. Bana toplam 3600 greft nakledildi. \u0130\u015flem s\u0131ras\u0131nda neredeyse uyuyakald\u0131m \u00e7\u00fcnk\u00fc hi\u00e7 bir \u015fey hissetmedim. Operasyon tamamland\u0131\u011f\u0131nda kendimi \u00e7ok iyi hissettim. \u00dc\u00e7\u00fcnc\u00fc g\u00fcn tekrar kontrole gittik ve bandaj\u0131m\u0131z de\u011fi\u015ftirildi. Ak\u015fam ise geri u\u00e7tuk. Evde 10 g\u00fcn boyunca dinlendim ve sonras\u0131nda hi\u00e7 a\u011fr\u0131 hissetmedim. O zamandan beri Alman rehberimle s\u00fcrekli WhatsApp \u00fczerinden ileti\u015fim halindeyim; sa\u00e7lar\u0131m\u0131n foto\u011fraflar\u0131n\u0131 g\u00f6nderiyorum, o da bana ipu\u00e7lar\u0131 ve sonraki ad\u0131mlar\u0131 bildiriyor. Operasyondan bu yana 2 hafta ge\u00e7ti ve kendimi \u00e7ok iyi hissediyorum. Art\u0131k insan i\u00e7ine \u00e7\u0131karken hi\u00e7bir endi\u015fem yok; operasyonun etkilerinden sadece hafif bir k\u0131zar\u0131kl\u0131k kald\u0131. Sonucun nas\u0131l g\u00f6r\u00fcnece\u011fini hen\u00fcz tam olarak s\u00f6yleyemem \u00e7\u00fcnk\u00fc birka\u00e7 ay i\u00e7inde ortaya \u00e7\u0131kacak, ama iyi bir hisse sahibim ve kesinlikle harika g\u00f6r\u00fcnece\u011fine %100 eminim. K\u0131saca \u00f6zetlemek gerekirse t\u00fcm seyahatten ger\u00e7ekten \u00e7ok memnun kald\u0131m ve g\u00f6n\u00fcl rahatl\u0131\u011f\u0131yla tavsiye edebilirim. Hem klinik hem de otel m\u00fckemmeldi ve t\u00fcm organizasyon, havaalan\u0131 kar\u015f\u0131lama ve seyahat e\u015fli\u011fini de kapsayan hizmet harikayd\u0131. Hen\u00fcz karar verememi\u015f olanlar i\u00e7in tavsiyem: \u00d6nce ba\u011flay\u0131c\u0131 olmayan bir teklif almak, ard\u0131ndan doktorla bir dan\u0131\u015fma g\u00f6r\u00fc\u015fmesine kat\u0131lmak en iyisi. Bundan sonra hi\u00e7bir \u015f\u00fcphe kalmamal\u0131. \u0130stanbul\u2019da 3 gece yeterli, ancak sonras\u0131nda evde 1 hafta daha kalmay\u0131 tavsiye ediyorum. Benim gibi t\u00fcm i\u015flemleri MedicalTravel \u00fczerinden ayarlay\u0131p \u00f6derseniz, \u0130stanbul\u2019da 3-4 g\u00fcn boyunca yiyecek ve i\u00e7ecek i\u00e7in yakla\u015f\u0131k 100 Euro yeterli oluyor. Pascal B. 07.02.2018 \u00d6nceki Rapor Sonraki Rapor<\/p>\n","protected":false},"author":4,"featured_media":0,"parent":4603,"menu_order":0,"comment_status":"closed","ping_status":"closed","template":"","meta":{"_joinchat":[],"footnotes":""},"class_list":["post-4684","page","type-page","status-publish","hentry"],"acf":[],"_links":{"self":[{"href":"https:\/\/medicaltravel.at\/tr\/wp-json\/wp\/v2\/pages\/4684","targetHints":{"allow":["GET"]}}],"collection":[{"href":"https:\/\/medicaltravel.at\/tr\/wp-json\/wp\/v2\/pages"}],"about":[{"href":"https:\/\/medicaltravel.at\/tr\/wp-json\/wp\/v2\/types\/page"}],"author":[{"embeddable":true,"href":"https:\/\/medicaltravel.at\/tr\/wp-json\/wp\/v2\/users\/4"}],"replies":[{"embeddable":true,"href":"https:\/\/medicaltravel.at\/tr\/wp-json\/wp\/v2\/comments?post=4684"}],"version-history":[{"count":1,"href":"https:\/\/medicaltravel.at\/tr\/wp-json\/wp\/v2\/pages\/4684\/revisions"}],"predecessor-version":[{"id":4685,"href":"https:\/\/medicaltravel.at\/tr\/wp-json\/wp\/v2\/pages\/4684\/revisions\/4685"}],"up":[{"embeddable":true,"href":"https:\/\/medicaltravel.at\/tr\/wp-json\/wp\/v2\/pages\/4603"}],"wp:attachment":[{"href":"https:\/\/medicaltravel.at\/tr\/wp-json\/wp\/v2\/media?parent=4684"}],"curies":[{"name":"wp","href":"https:\/\/api.w.org\/{rel}","templated":true}]}}