{"id":4682,"date":"2025-09-27T21:47:01","date_gmt":"2025-09-27T20:47:01","guid":{"rendered":"https:\/\/medicaltravel.at\/hasta-hikayeleri\/erfahrungsberichte-behandlungen-tuerkei\/istanbulda-meme-diklestirme-ameliyatim-nisan-2015-27-agustos-2015-persembe-tarihli-rapor\/"},"modified":"2026-01-13T14:47:14","modified_gmt":"2026-01-13T13:47:14","slug":"istanbulda-meme-diklestirme-ameliyatim-nisan-2015-27-agustos-2015-persembe-tarihli-rapor","status":"publish","type":"page","link":"https:\/\/medicaltravel.at\/tr\/hasta-hikayeleri\/erfahrungsberichte-behandlungen-tuerkei\/istanbulda-meme-diklestirme-ameliyatim-nisan-2015-27-agustos-2015-persembe-tarihli-rapor\/","title":{"rendered":"\u0130stanbul\u2019da Meme Dikle\u015ftirme Ameliyat\u0131m Nisan 2015 \u2013 27 A\u011fustos 2015 Per\u015fembe tarihli rapor"},"content":{"rendered":"\n<p><strong>\u0130stanbul\u2019da meme dikle\u015ftirme ameliyat\u0131m Nisan 2015<\/strong> \u2013 27 A\u011fustos 2015 Per\u015fembe raporu<\/p>\n\n<p>Uzun s\u00fcredir g\u00fczel g\u00f6\u011f\u00fcslere sahip olmay\u0131 istiyordum. Bu y\u00fczden internette ara\u015ft\u0131rma yapmaya ba\u015flad\u0131m ve MedicalTravel ile kar\u015f\u0131la\u015ft\u0131m. <\/p>\n\n<p>K\u0131sa bir s\u00fcre sonra e-posta ile ileti\u015fime ge\u00e7tim ve \u00e7ok h\u0131zl\u0131 bir \u015fekilde Z\u00fcrih\u2019te bir dan\u0131\u015fma randevusu i\u00e7in cevap ald\u0131m. Bu \u00e7ok yard\u0131mc\u0131 oldu. Nazik kar\u015f\u0131lama, iyi organizasyon ve \u00f6zellikle bana t\u00fcm sorular\u0131m\u0131 cevaplayan doktor, bu i\u015flemi bu firma arac\u0131l\u0131\u011f\u0131yla yapt\u0131rmam ve hayalimi \u0130stanbul\u2019da ger\u00e7ekle\u015ftirmem i\u00e7in bana cesaret verdi.  <\/p>\n\n<p>K\u0131sa bir d\u00fc\u015f\u00fcnmeden sonra bu ameliyat\u0131 yapt\u0131rmak istedi\u011fimi onaylad\u0131m. Her \u015fey \u00e7ok h\u0131zl\u0131 bir \u015fekilde benim i\u00e7in organize edildi. U\u00e7aktan otele kadar her \u015fey m\u00fckemmel bir \u015fekilde planland\u0131, bana \u00f6zel haz\u0131rlanm\u0131\u015f bir randevu defteri de dahil, i\u00e7inde saat, yer, tarih ve \u0130stanbul\u2019un en g\u00fczel gezilecek yerleri vard\u0131.  <\/p>\n\n<p>Nisan ay\u0131 gelmi\u015fti ve g\u00fczel \u0130stanbul yolculu\u011fu ba\u015flam\u0131\u015ft\u0131. Havaalan\u0131na vard\u0131\u011f\u0131m\u0131zda (bir arkada\u015f\u0131m bana e\u015flik etti) bizi nazik\u00e7e kar\u015f\u0131lad\u0131lar ve otele g\u00f6t\u00fcrd\u00fcler. Orada da bizi aray\u0131p g\u00fcvenli bir \u015fekilde indi\u011fimizden emin oldular ve ertesi g\u00fcn i\u00e7in gerekli di\u011fer bilgileri konu\u015ftular.  <\/p>\n\n<p>Ertesi g\u00fcn (ameliyat g\u00fcn\u00fc) transfer ile do\u011frudan hastaneye g\u00f6t\u00fcr\u00fcld\u00fck. Orada da herkes \u00e7ok nazik ve profesyoneldi. Bize bir Almanca terc\u00fcman verildi. Kad\u0131n ger\u00e7ekten harikayd\u0131.   <\/p>\n\n<p>Ayn\u0131 doktor (Z\u00fcrih\u2019te tan\u0131\u015ft\u0131\u011f\u0131m doktor) taraf\u0131ndan tekrar muayene edildim. Ona tamamen g\u00fcvendim \u00e7\u00fcnk\u00fc profesyonel yakla\u015f\u0131m\u0131 bana bunun ilk kez yapt\u0131\u011f\u0131 bir i\u015flem olmad\u0131\u011f\u0131n\u0131 g\u00f6sterdi. <\/p>\n\n<p>Ameliyat tamamland\u0131 ve beni odam\u0131 g\u00f6t\u00fcrd\u00fcler. A\u011fr\u0131lar olduk\u00e7a yo\u011fundu ama hastane personeli \u00e7ok iyi ilgilendi. Yan\u0131mda olan ki\u015fi i\u00e7in de her \u015fey \u00e7ok iyi organize edilmi\u015fti. \u0130svi\u00e7re\u2019de muhtemelen b\u00f6yle bir durum olmazd\u0131.   <\/p>\n\n<p>\u0130ki g\u00fcn sonra tekrar aya\u011fa kalkt\u0131m ve g\u00fczel \u0130stanbul\u2019u gezmeye yetecek kadar da g\u00fc\u00e7l\u00fcyd\u00fcm. Bu kadar k\u0131sa s\u00fcrede iyile\u015febilece\u011fimi hi\u00e7 tahmin etmemi\u015ftim. <\/p>\n\n<p>Orada bir hafta kald\u0131k. Son g\u00fcn tekrar doktor kontrol\u00fc yap\u0131ld\u0131. Terc\u00fcman her zaman yan\u0131m\u0131zdayd\u0131. Doktor bana \u0130svi\u00e7re\u2019ye d\u00f6n\u00fc\u015f u\u00e7u\u015fu i\u00e7in onay verdi.   <\/p>\n\n<p>Eve d\u00f6nd\u00fc\u011f\u00fcmde h\u00e2l\u00e2 dinlenmem gerekiyordu. Operasyonumu yapan doktor daha sonra bana nas\u0131l oldu\u011fumu ve operasyonun sonucunun nas\u0131l g\u00f6r\u00fcnd\u00fc\u011f\u00fcn\u00fc yazd\u0131. Bu bana ger\u00e7ekten \u00e7ok etki etti \u00e7\u00fcnk\u00fc yakla\u015f\u0131k 2 ay sonra bile unutulmad\u0131\u011f\u0131m\u0131 g\u00f6rmek \u00e7ok ho\u015ftu.  <\/p>\n\n<p>Medical Travel, kendime olan g\u00fcvenimi yeniden kazanmamda bana yard\u0131mc\u0131 oldu. Her \u015fey m\u00fckemmel bir \u015fekilde organize edilmi\u015f ve planlanm\u0131\u015ft\u0131. B\u00f6yle bir ameliyat\u0131n getirdi\u011fi a\u011fr\u0131lara ra\u011fmen, bunu tekrar kesinlikle onlar\u0131n yan\u0131nda yapt\u0131r\u0131rd\u0131m ve kesinlikle tavsiye ederim.  <\/p>\n\n<p>Benim a\u00e7\u0131mdan s\u00f6ylemek gerekirse: M\u00dcKEMMEL B\u0130R \u015e\u0130RKET, MUTLAKA G\u00dcVENEB\u0130L\u0130RS\u0130N\u0130Z.<\/p>\n\n<p>Rica Ederim!<\/p>\n\n<p>Nicole, Anlad\u0131m.<\/p>\n\n<div class=\"wp-block-group is-layout-grid wp-container-core-group-is-layout-baef362d wp-block-group-is-layout-grid\">\n<p><a href=\"https:\/\/medicaltravel.at\/home\/agb\/\" data-type=\"page\" data-id=\"2191\"><\/a><a href=\"https:\/\/medicaltravel.at\/tr\/hasta-hikayeleri\/erfahrungsberichte-behandlungen-tuerkei\/hasta-raporu-tuerkiyede-meme-bueyuetme-ameliyatim-carsamba-16-eyluel-2015-tarihli-rapor\/\" data-type=\"link\" data-id=\"https:\/\/medicaltravel.at\/berichte-von-patienten\/erfahrungsberichte\/patientenbericht-meine-brustvergroesserung-in-der-tuerkei-bericht-vom-mittwoch-16-september-2015\/\">\u00d6nceki Rapor<\/a><\/p>\n\n\n\n<p class=\"has-text-align-right wp-container-content-5e2576f9\"><a href=\"https:\/\/medicaltravel.at\/home\/impressum\/\" data-type=\"page\" data-id=\"2193\"><\/a><a href=\"https:\/\/medicaltravel.at\/home\/berichte-von-patienten\/erfahrungsberichte\/erfahrungsbericht-zahnbehandlung-in-istanbul\/\" data-type=\"page\" data-id=\"981\"><\/a><a href=\"https:\/\/medicaltravel.at\/tr\/hasta-hikayeleri\/erfahrungsberichte-behandlungen-tuerkei\/istanbulda-sac-ekimi-deneyim-raporu-tuerkiye-10-agustos-2015-pazartesi-tarihli-rapor\/\" data-type=\"link\" data-id=\"https:\/\/medicaltravel.at\/berichte-von-patienten\/erfahrungsberichte\/erfahrungsbericht-eigenhaartransplantation-in-istanbul-tuerkei-bericht-vom-montag-10-august-2015\/\">Sonraki Rapor<\/a><\/p>\n<\/div>\n","protected":false},"excerpt":{"rendered":"<p>\u0130stanbul\u2019da meme dikle\u015ftirme ameliyat\u0131m Nisan 2015 \u2013 27 A\u011fustos 2015 Per\u015fembe raporu Uzun s\u00fcredir g\u00fczel g\u00f6\u011f\u00fcslere sahip olmay\u0131 istiyordum. Bu y\u00fczden internette ara\u015ft\u0131rma yapmaya ba\u015flad\u0131m ve MedicalTravel ile kar\u015f\u0131la\u015ft\u0131m. K\u0131sa bir s\u00fcre sonra e-posta ile ileti\u015fime ge\u00e7tim ve \u00e7ok h\u0131zl\u0131 bir \u015fekilde Z\u00fcrih\u2019te bir dan\u0131\u015fma randevusu i\u00e7in cevap ald\u0131m. Bu \u00e7ok yard\u0131mc\u0131 oldu. Nazik kar\u015f\u0131lama, iyi organizasyon ve \u00f6zellikle bana t\u00fcm sorular\u0131m\u0131 cevaplayan doktor, bu i\u015flemi bu firma arac\u0131l\u0131\u011f\u0131yla yapt\u0131rmam ve hayalimi \u0130stanbul\u2019da ger\u00e7ekle\u015ftirmem i\u00e7in bana cesaret verdi. K\u0131sa bir d\u00fc\u015f\u00fcnmeden sonra bu ameliyat\u0131 yapt\u0131rmak istedi\u011fimi onaylad\u0131m. Her \u015fey \u00e7ok h\u0131zl\u0131 bir \u015fekilde benim i\u00e7in organize edildi. U\u00e7aktan otele kadar her \u015fey m\u00fckemmel bir \u015fekilde planland\u0131, bana \u00f6zel haz\u0131rlanm\u0131\u015f bir randevu defteri de dahil, i\u00e7inde saat, yer, tarih ve \u0130stanbul\u2019un en g\u00fczel gezilecek yerleri vard\u0131. Nisan ay\u0131 gelmi\u015fti ve g\u00fczel \u0130stanbul yolculu\u011fu ba\u015flam\u0131\u015ft\u0131. Havaalan\u0131na vard\u0131\u011f\u0131m\u0131zda (bir arkada\u015f\u0131m bana e\u015flik etti) bizi nazik\u00e7e kar\u015f\u0131lad\u0131lar ve otele g\u00f6t\u00fcrd\u00fcler. Orada da bizi aray\u0131p g\u00fcvenli bir \u015fekilde indi\u011fimizden emin oldular ve ertesi g\u00fcn i\u00e7in gerekli di\u011fer bilgileri konu\u015ftular. Ertesi g\u00fcn (ameliyat g\u00fcn\u00fc) transfer ile do\u011frudan hastaneye g\u00f6t\u00fcr\u00fcld\u00fck. Orada da herkes \u00e7ok nazik ve profesyoneldi. Bize bir Almanca terc\u00fcman verildi. Kad\u0131n ger\u00e7ekten harikayd\u0131. Ayn\u0131 doktor (Z\u00fcrih\u2019te tan\u0131\u015ft\u0131\u011f\u0131m doktor) taraf\u0131ndan tekrar muayene edildim. Ona tamamen g\u00fcvendim \u00e7\u00fcnk\u00fc profesyonel yakla\u015f\u0131m\u0131 bana bunun ilk kez yapt\u0131\u011f\u0131 bir i\u015flem olmad\u0131\u011f\u0131n\u0131 g\u00f6sterdi. Ameliyat tamamland\u0131 ve beni odam\u0131 g\u00f6t\u00fcrd\u00fcler. A\u011fr\u0131lar olduk\u00e7a yo\u011fundu ama hastane personeli \u00e7ok iyi ilgilendi. Yan\u0131mda olan ki\u015fi i\u00e7in de her \u015fey \u00e7ok iyi organize edilmi\u015fti. \u0130svi\u00e7re\u2019de muhtemelen b\u00f6yle bir durum olmazd\u0131. \u0130ki g\u00fcn sonra tekrar aya\u011fa kalkt\u0131m ve g\u00fczel \u0130stanbul\u2019u gezmeye yetecek kadar da g\u00fc\u00e7l\u00fcyd\u00fcm. Bu kadar k\u0131sa s\u00fcrede iyile\u015febilece\u011fimi hi\u00e7 tahmin etmemi\u015ftim. Orada bir hafta kald\u0131k. Son g\u00fcn tekrar doktor kontrol\u00fc yap\u0131ld\u0131. Terc\u00fcman her zaman yan\u0131m\u0131zdayd\u0131. Doktor bana \u0130svi\u00e7re\u2019ye d\u00f6n\u00fc\u015f u\u00e7u\u015fu i\u00e7in onay verdi. Eve d\u00f6nd\u00fc\u011f\u00fcmde h\u00e2l\u00e2 dinlenmem gerekiyordu. Operasyonumu yapan doktor daha sonra bana nas\u0131l oldu\u011fumu ve operasyonun sonucunun nas\u0131l g\u00f6r\u00fcnd\u00fc\u011f\u00fcn\u00fc yazd\u0131. Bu bana ger\u00e7ekten \u00e7ok etki etti \u00e7\u00fcnk\u00fc yakla\u015f\u0131k 2 ay sonra bile unutulmad\u0131\u011f\u0131m\u0131 g\u00f6rmek \u00e7ok ho\u015ftu. Medical Travel, kendime olan g\u00fcvenimi yeniden kazanmamda bana yard\u0131mc\u0131 oldu. Her \u015fey m\u00fckemmel bir \u015fekilde organize edilmi\u015f ve planlanm\u0131\u015ft\u0131. B\u00f6yle bir ameliyat\u0131n getirdi\u011fi a\u011fr\u0131lara ra\u011fmen, bunu tekrar kesinlikle onlar\u0131n yan\u0131nda yapt\u0131r\u0131rd\u0131m ve kesinlikle tavsiye ederim. Benim a\u00e7\u0131mdan s\u00f6ylemek gerekirse: M\u00dcKEMMEL B\u0130R \u015e\u0130RKET, MUTLAKA G\u00dcVENEB\u0130L\u0130RS\u0130N\u0130Z. Rica Ederim! Nicole, Anlad\u0131m. \u00d6nceki Rapor Sonraki Rapor<\/p>\n","protected":false},"author":4,"featured_media":0,"parent":4603,"menu_order":0,"comment_status":"closed","ping_status":"closed","template":"","meta":{"_joinchat":[],"footnotes":""},"class_list":["post-4682","page","type-page","status-publish","hentry"],"acf":[],"_links":{"self":[{"href":"https:\/\/medicaltravel.at\/tr\/wp-json\/wp\/v2\/pages\/4682","targetHints":{"allow":["GET"]}}],"collection":[{"href":"https:\/\/medicaltravel.at\/tr\/wp-json\/wp\/v2\/pages"}],"about":[{"href":"https:\/\/medicaltravel.at\/tr\/wp-json\/wp\/v2\/types\/page"}],"author":[{"embeddable":true,"href":"https:\/\/medicaltravel.at\/tr\/wp-json\/wp\/v2\/users\/4"}],"replies":[{"embeddable":true,"href":"https:\/\/medicaltravel.at\/tr\/wp-json\/wp\/v2\/comments?post=4682"}],"version-history":[{"count":5,"href":"https:\/\/medicaltravel.at\/tr\/wp-json\/wp\/v2\/pages\/4682\/revisions"}],"predecessor-version":[{"id":5573,"href":"https:\/\/medicaltravel.at\/tr\/wp-json\/wp\/v2\/pages\/4682\/revisions\/5573"}],"up":[{"embeddable":true,"href":"https:\/\/medicaltravel.at\/tr\/wp-json\/wp\/v2\/pages\/4603"}],"wp:attachment":[{"href":"https:\/\/medicaltravel.at\/tr\/wp-json\/wp\/v2\/media?parent=4682"}],"curies":[{"name":"wp","href":"https:\/\/api.w.org\/{rel}","templated":true}]}}